{"id":955,"date":"2021-09-08T16:19:18","date_gmt":"2021-09-08T15:19:18","guid":{"rendered":"https:\/\/www.manheim-express.eu\/?page_id=955"},"modified":"2026-02-19T14:53:09","modified_gmt":"2026-02-19T14:53:09","slug":"impressum-manheim-express","status":"publish","type":"page","link":"https:\/\/www.manheim-express.eu\/de\/impressum-manheim-express\/","title":{"rendered":"IMPRESSUM"},"content":{"rendered":"\t\t<div data-elementor-type=\"wp-page\" data-elementor-id=\"955\" class=\"elementor elementor-955\" data-elementor-post-type=\"page\">\n\t\t\t\t\t\t<section class=\"elementor-section elementor-top-section elementor-element elementor-element-e89cf0c elementor-section-height-min-height elementor-section-boxed elementor-section-height-default elementor-section-items-middle\" data-id=\"e89cf0c\" data-element_type=\"section\" data-settings=\"{&quot;background_background&quot;:&quot;classic&quot;}\">\n\t\t\t\t\t\t\t<div class=\"elementor-background-overlay\"><\/div>\n\t\t\t\t\t\t\t<div class=\"elementor-container elementor-column-gap-default\">\n\t\t\t\t\t<div class=\"elementor-column elementor-col-100 elementor-top-column elementor-element elementor-element-ce307b8\" data-id=\"ce307b8\" data-element_type=\"column\">\n\t\t\t<div class=\"elementor-widget-wrap\">\n\t\t\t\t\t\t\t<\/div>\n\t\t<\/div>\n\t\t\t\t\t<\/div>\n\t\t<\/section>\n\t\t\t\t<section class=\"elementor-section elementor-top-section elementor-element elementor-element-c655ce9 elementor-section-boxed elementor-section-height-default elementor-section-height-default\" data-id=\"c655ce9\" data-element_type=\"section\">\n\t\t\t\t\t\t<div class=\"elementor-container elementor-column-gap-default\">\n\t\t\t\t\t<div class=\"elementor-column elementor-col-100 elementor-top-column elementor-element elementor-element-d679bd3\" data-id=\"d679bd3\" data-element_type=\"column\">\n\t\t\t<div class=\"elementor-widget-wrap elementor-element-populated\">\n\t\t\t\t\t\t<div class=\"elementor-element elementor-element-2aee127 elementor-widget elementor-widget-heading\" data-id=\"2aee127\" data-element_type=\"widget\" data-widget_type=\"heading.default\">\n\t\t\t\t<div class=\"elementor-widget-container\">\n\t\t\t\t\t<h1 class=\"elementor-heading-title elementor-size-default\">IMPRESSUM<\/h1>\t\t\t\t<\/div>\n\t\t\t\t<\/div>\n\t\t\t\t<div class=\"elementor-element elementor-element-38fa1cb elementor-widget elementor-widget-text-editor\" data-id=\"38fa1cb\" data-element_type=\"widget\" data-widget_type=\"text-editor.default\">\n\t\t\t\t<div class=\"elementor-widget-container\">\n\t\t\t\t\t\t\t\t\t<section><div><div><div><div><p>\u00a0<\/p><p>\u00a9 Cox Automotive Remarketing GmbH \u2013 Alle Marken geh\u00f6ren ihren jeweiligen Eigent\u00fcmern.<\/p><p>Alle Rechte vorbehalten. Alle abgebildeten Preise richten sich an Gewerbetreibende und sind somit Netto-Preise.<\/p><p>Auf dieser Website werden Daten zu Marketing- und Optimierungszwecken gesammelt und gespeichert. Aus diesen Daten k\u00f6nnen unter einem Pseudonym Nutzungsprofile erstellt werden. Hierzu k\u00f6nnen Cookies eingesetzt werden. Bei Cookies handelt es sich um kleine Textdateien, die lokal im Zwischenspeicher des Internetbrowsers des Seitenbesuchers gespeichert werden. Die Cookies erm\u00f6glichen die Wiedererkennung des Internetbrowsers. Die erhobenen Daten werden ohne die gesondert erteilte Zustimmung des Betroffenen nicht dazu benutzt, den Besucher dieser Website pers\u00f6nlich zu identifizieren und nicht mit personenbezogenen Daten \u00fcber den Tr\u00e4ger des Pseudonyms zusammengef\u00fchrt. Der Datenerhebung und \u2013 speicherung kann jederzeit mit Wirkung f\u00fcr die Zukunft widersprochen werden.<\/p><p><strong><em>Cox Automotive Remarketing GmbH<\/em><\/strong><em><br \/>Bubenheimer Bann 11<br \/>56070 Koblenz<br \/>Telefon: 02351 \/ 567 66 00<\/em><\/p><p><em>Handelsregisternr.: HRB <\/em>23172<em><br \/>Handelsregister und Registergericht: Amtsgericht Koblenz<br \/>Umsatzsteueridentifikationsnummer (gem\u00e4\u00df \u00a727a Umsatzsteuergesetz): DE253831477<\/em><em><br \/>Vertretungsberechtigte(r): Michael Mosier, Ryan Carson, Martin Leigh Forbes<\/em><\/p><p style=\"font-weight: 400;\">Bankverbindung:<br \/>Kontoinhaber: Cox Automotive Remarketing GmbH<\/p><p style=\"font-weight: 400;\"><strong>IBAN:<\/strong> DE14 5031 0400 0738 2124 01<\/p><\/div><div><p><a href=\"mailto:info@manheim-express.de\" target=\"_blank\" rel=\"noopener\">E-Mail: info@manheim-express.de<\/a><\/p><p>Alle Rechte vorbehalten. Texte, Bilder, Grafiken, Sound, Animationen und Videos unterliegen dem Schutz des Urheberrechts und anderer Schutzgesetze. Der Inhalt dieser Website darf nicht zu kommerziellen Zwecken verbreitet oder Dritten zug\u00e4nglich gemacht werden. Irrt\u00fcmer und \u00c4nderungen vorbehalten.<\/p><p>Sollten wir auf diesen Seiten Verkn\u00fcpfungen zu anderen Seiten im Internet angelegt haben, so haben wir auf s\u00e4mtliche Links keinerlei Einfluss. Deshalb distanzieren wir uns hiermit ausdr\u00fccklich von allen Inhalten der verkn\u00fcpften Seiten. Diese Erkl\u00e4rung gilt f\u00fcr alle auf dieser Seite ausgebrachten Links und f\u00fcr alle Inhalte der Seiten, zu denen ggf. Banner f\u00fchren.<\/p><\/div><\/div><\/div><\/div><\/section>\t\t\t\t\t\t\t\t<\/div>\n\t\t\t\t<\/div>\n\t\t\t\t\t<\/div>\n\t\t<\/div>\n\t\t\t\t\t<\/div>\n\t\t<\/section>\n\t\t\t\t<\/div>\n\t\t","protected":false},"excerpt":{"rendered":"<p>IMPRESSUM \u00a0 \u00a9 Cox Automotive Remarketing GmbH \u2013 Alle Marken geh\u00f6ren ihren jeweiligen Eigent\u00fcmern. Alle Rechte vorbehalten. Alle abgebildeten Preise richten sich an Gewerbetreibende und sind somit Netto-Preise. Auf dieser Website werden Daten zu Marketing- und Optimierungszwecken gesammelt und gespeichert. Aus diesen Daten k\u00f6nnen unter einem Pseudonym Nutzungsprofile erstellt werden. Hierzu k\u00f6nnen Cookies eingesetzt werden. [&hellip;]<\/p>\n","protected":false},"author":1,"featured_media":0,"parent":0,"menu_order":0,"comment_status":"closed","ping_status":"closed","template":"elementor_header_footer","meta":{"_acf_changed":false,"footnotes":""},"wf_page_folders":[],"class_list":["post-955","page","type-page","status-publish","hentry"],"acf":[],"yoast_head":"<!-- This site is optimized with the Yoast SEO plugin v25.8 - https:\/\/yoast.com\/wordpress\/plugins\/seo\/ -->\n<title>Impressum - Manheim Express<\/title>\n<meta name=\"description\" content=\"Manheim Express ist Ihre Auktionsplattform f\u00fcr den gewerblichen Gebrauchtwagenhandel.\" \/>\n<meta name=\"robots\" content=\"index, follow, max-snippet:-1, max-image-preview:large, max-video-preview:-1\" \/>\n<link rel=\"canonical\" href=\"https:\/\/www.manheim-express.eu\/de\/impressum-manheim-express\/\" \/>\n<meta property=\"og:locale\" content=\"de_DE\" \/>\n<meta property=\"og:type\" content=\"article\" \/>\n<meta property=\"og:title\" content=\"Impressum - Manheim Express\" \/>\n<meta property=\"og:description\" content=\"Manheim Express ist Ihre Auktionsplattform f\u00fcr den gewerblichen Gebrauchtwagenhandel.\" \/>\n<meta property=\"og:url\" content=\"https:\/\/www.manheim-express.eu\/de\/impressum-manheim-express\/\" \/>\n<meta property=\"og:site_name\" content=\"Manheim Express\" \/>\n<meta property=\"article:publisher\" content=\"https:\/\/www.facebook.com\/manheimexpresseurope\/\" \/>\n<meta property=\"article:modified_time\" content=\"2026-02-19T14:53:09+00:00\" \/>\n<meta name=\"twitter:card\" content=\"summary_large_image\" \/>\n<meta name=\"twitter:label1\" content=\"Gesch\u00e4tzte Lesezeit\" \/>\n\t<meta name=\"twitter:data1\" content=\"2\u00a0Minuten\" \/>\n<script type=\"application\/ld+json\" class=\"yoast-schema-graph\">{\"@context\":\"https:\/\/schema.org\",\"@graph\":[{\"@type\":\"WebPage\",\"@id\":\"https:\/\/www.manheim-express.eu\/de\/impressum-manheim-express\/\",\"url\":\"https:\/\/www.manheim-express.eu\/de\/impressum-manheim-express\/\",\"name\":\"Impressum - Manheim Express\",\"isPartOf\":{\"@id\":\"https:\/\/www.manheim-express.eu\/de\/#website\"},\"datePublished\":\"2021-09-08T15:19:18+00:00\",\"dateModified\":\"2026-02-19T14:53:09+00:00\",\"description\":\"Manheim Express ist Ihre Auktionsplattform f\u00fcr den gewerblichen Gebrauchtwagenhandel.\",\"breadcrumb\":{\"@id\":\"https:\/\/www.manheim-express.eu\/de\/impressum-manheim-express\/#breadcrumb\"},\"inLanguage\":\"de\",\"potentialAction\":[{\"@type\":\"ReadAction\",\"target\":[\"https:\/\/www.manheim-express.eu\/de\/impressum-manheim-express\/\"]}]},{\"@type\":\"BreadcrumbList\",\"@id\":\"https:\/\/www.manheim-express.eu\/de\/impressum-manheim-express\/#breadcrumb\",\"itemListElement\":[{\"@type\":\"ListItem\",\"position\":1,\"name\":\"Home\",\"item\":\"https:\/\/www.manheim-express.eu\/de\/\"},{\"@type\":\"ListItem\",\"position\":2,\"name\":\"IMPRESSUM\"}]},{\"@type\":\"WebSite\",\"@id\":\"https:\/\/www.manheim-express.eu\/de\/#website\",\"url\":\"https:\/\/www.manheim-express.eu\/de\/\",\"name\":\"Manheim Express\",\"description\":\"\",\"publisher\":{\"@id\":\"https:\/\/www.manheim-express.eu\/de\/#organization\"},\"potentialAction\":[{\"@type\":\"SearchAction\",\"target\":{\"@type\":\"EntryPoint\",\"urlTemplate\":\"https:\/\/www.manheim-express.eu\/de\/?s={search_term_string}\"},\"query-input\":{\"@type\":\"PropertyValueSpecification\",\"valueRequired\":true,\"valueName\":\"search_term_string\"}}],\"inLanguage\":\"de\"},{\"@type\":\"Organization\",\"@id\":\"https:\/\/www.manheim-express.eu\/de\/#organization\",\"name\":\"Manheim Express\",\"url\":\"https:\/\/www.manheim-express.eu\/de\/\",\"logo\":{\"@type\":\"ImageObject\",\"inLanguage\":\"de\",\"@id\":\"https:\/\/www.manheim-express.eu\/de\/#\/schema\/logo\/image\/\",\"url\":\"https:\/\/www.manheim-express.eu\/wp-content\/uploads\/2021\/07\/manheim-express-logo-light.png\",\"contentUrl\":\"https:\/\/www.manheim-express.eu\/wp-content\/uploads\/2021\/07\/manheim-express-logo-light.png\",\"width\":1163,\"height\":392,\"caption\":\"Manheim Express\"},\"image\":{\"@id\":\"https:\/\/www.manheim-express.eu\/de\/#\/schema\/logo\/image\/\"},\"sameAs\":[\"https:\/\/www.facebook.com\/manheimexpresseurope\/\",\"https:\/\/www.instagram.com\/manheim.express\",\"https:\/\/www.linkedin.com\/company\/manheim-express\/\",\"https:\/\/www.youtube.com\/channel\/UCRKJajJPvJv-ao7Tk7qra5Q\/\"]}]}<\/script>\n<!-- \/ Yoast SEO plugin. -->","yoast_head_json":{"title":"Impressum - Manheim Express","description":"Manheim Express ist Ihre Auktionsplattform f\u00fcr den gewerblichen Gebrauchtwagenhandel.","robots":{"index":"index","follow":"follow","max-snippet":"max-snippet:-1","max-image-preview":"max-image-preview:large","max-video-preview":"max-video-preview:-1"},"canonical":"https:\/\/www.manheim-express.eu\/de\/impressum-manheim-express\/","og_locale":"de_DE","og_type":"article","og_title":"Impressum - Manheim Express","og_description":"Manheim Express ist Ihre Auktionsplattform f\u00fcr den gewerblichen Gebrauchtwagenhandel.","og_url":"https:\/\/www.manheim-express.eu\/de\/impressum-manheim-express\/","og_site_name":"Manheim Express","article_publisher":"https:\/\/www.facebook.com\/manheimexpresseurope\/","article_modified_time":"2026-02-19T14:53:09+00:00","twitter_card":"summary_large_image","twitter_misc":{"Gesch\u00e4tzte Lesezeit":"2\u00a0Minuten"},"schema":{"@context":"https:\/\/schema.org","@graph":[{"@type":"WebPage","@id":"https:\/\/www.manheim-express.eu\/de\/impressum-manheim-express\/","url":"https:\/\/www.manheim-express.eu\/de\/impressum-manheim-express\/","name":"Impressum - Manheim Express","isPartOf":{"@id":"https:\/\/www.manheim-express.eu\/de\/#website"},"datePublished":"2021-09-08T15:19:18+00:00","dateModified":"2026-02-19T14:53:09+00:00","description":"Manheim Express ist Ihre Auktionsplattform f\u00fcr den gewerblichen Gebrauchtwagenhandel.","breadcrumb":{"@id":"https:\/\/www.manheim-express.eu\/de\/impressum-manheim-express\/#breadcrumb"},"inLanguage":"de","potentialAction":[{"@type":"ReadAction","target":["https:\/\/www.manheim-express.eu\/de\/impressum-manheim-express\/"]}]},{"@type":"BreadcrumbList","@id":"https:\/\/www.manheim-express.eu\/de\/impressum-manheim-express\/#breadcrumb","itemListElement":[{"@type":"ListItem","position":1,"name":"Home","item":"https:\/\/www.manheim-express.eu\/de\/"},{"@type":"ListItem","position":2,"name":"IMPRESSUM"}]},{"@type":"WebSite","@id":"https:\/\/www.manheim-express.eu\/de\/#website","url":"https:\/\/www.manheim-express.eu\/de\/","name":"Manheim Express","description":"","publisher":{"@id":"https:\/\/www.manheim-express.eu\/de\/#organization"},"potentialAction":[{"@type":"SearchAction","target":{"@type":"EntryPoint","urlTemplate":"https:\/\/www.manheim-express.eu\/de\/?s={search_term_string}"},"query-input":{"@type":"PropertyValueSpecification","valueRequired":true,"valueName":"search_term_string"}}],"inLanguage":"de"},{"@type":"Organization","@id":"https:\/\/www.manheim-express.eu\/de\/#organization","name":"Manheim Express","url":"https:\/\/www.manheim-express.eu\/de\/","logo":{"@type":"ImageObject","inLanguage":"de","@id":"https:\/\/www.manheim-express.eu\/de\/#\/schema\/logo\/image\/","url":"https:\/\/www.manheim-express.eu\/wp-content\/uploads\/2021\/07\/manheim-express-logo-light.png","contentUrl":"https:\/\/www.manheim-express.eu\/wp-content\/uploads\/2021\/07\/manheim-express-logo-light.png","width":1163,"height":392,"caption":"Manheim Express"},"image":{"@id":"https:\/\/www.manheim-express.eu\/de\/#\/schema\/logo\/image\/"},"sameAs":["https:\/\/www.facebook.com\/manheimexpresseurope\/","https:\/\/www.instagram.com\/manheim.express","https:\/\/www.linkedin.com\/company\/manheim-express\/","https:\/\/www.youtube.com\/channel\/UCRKJajJPvJv-ao7Tk7qra5Q\/"]}]}},"_links":{"self":[{"href":"https:\/\/www.manheim-express.eu\/de\/wp-json\/wp\/v2\/pages\/955","targetHints":{"allow":["GET"]}}],"collection":[{"href":"https:\/\/www.manheim-express.eu\/de\/wp-json\/wp\/v2\/pages"}],"about":[{"href":"https:\/\/www.manheim-express.eu\/de\/wp-json\/wp\/v2\/types\/page"}],"author":[{"embeddable":true,"href":"https:\/\/www.manheim-express.eu\/de\/wp-json\/wp\/v2\/users\/1"}],"replies":[{"embeddable":true,"href":"https:\/\/www.manheim-express.eu\/de\/wp-json\/wp\/v2\/comments?post=955"}],"version-history":[{"count":51,"href":"https:\/\/www.manheim-express.eu\/de\/wp-json\/wp\/v2\/pages\/955\/revisions"}],"predecessor-version":[{"id":21357,"href":"https:\/\/www.manheim-express.eu\/de\/wp-json\/wp\/v2\/pages\/955\/revisions\/21357"}],"wp:attachment":[{"href":"https:\/\/www.manheim-express.eu\/de\/wp-json\/wp\/v2\/media?parent=955"}],"wp:term":[{"taxonomy":"wf_page_folders","embeddable":true,"href":"https:\/\/www.manheim-express.eu\/de\/wp-json\/wp\/v2\/wf_page_folders?post=955"}],"curies":[{"name":"wp","href":"https:\/\/api.w.org\/{rel}","templated":true}]}}