{"id":723,"date":"2021-08-10T13:29:46","date_gmt":"2021-08-10T12:29:46","guid":{"rendered":"https:\/\/www.manheim-express.eu\/?page_id=723"},"modified":"2024-10-10T07:52:22","modified_gmt":"2024-10-10T06:52:22","slug":"jetzt-umsatz-mit-gebrauchtwagen-steigern","status":"publish","type":"page","link":"https:\/\/www.manheim-express.eu\/de\/jetzt-umsatz-mit-gebrauchtwagen-steigern\/","title":{"rendered":"registration-eu"},"content":{"rendered":"\t\t<div data-elementor-type=\"wp-page\" data-elementor-id=\"723\" class=\"elementor elementor-723\" data-elementor-post-type=\"page\">\n\t\t\t\t\t\t<section class=\"elementor-section elementor-top-section elementor-element elementor-element-e89cf0c elementor-section-height-min-height elementor-section-boxed elementor-section-height-default elementor-section-items-middle\" data-id=\"e89cf0c\" data-element_type=\"section\" data-settings=\"{&quot;background_background&quot;:&quot;classic&quot;}\">\n\t\t\t\t\t\t\t<div class=\"elementor-background-overlay\"><\/div>\n\t\t\t\t\t\t\t<div class=\"elementor-container elementor-column-gap-default\">\n\t\t\t\t\t<div class=\"elementor-column elementor-col-100 elementor-top-column elementor-element elementor-element-ce307b8\" data-id=\"ce307b8\" data-element_type=\"column\">\n\t\t\t<div class=\"elementor-widget-wrap\">\n\t\t\t\t\t\t\t<\/div>\n\t\t<\/div>\n\t\t\t\t\t<\/div>\n\t\t<\/section>\n\t\t\t\t<section class=\"elementor-section elementor-top-section elementor-element elementor-element-c655ce9 elementor-section-boxed elementor-section-height-default elementor-section-height-default\" data-id=\"c655ce9\" data-element_type=\"section\">\n\t\t\t\t\t\t<div class=\"elementor-container elementor-column-gap-default\">\n\t\t\t\t\t<div class=\"elementor-column elementor-col-100 elementor-top-column elementor-element elementor-element-d679bd3\" data-id=\"d679bd3\" data-element_type=\"column\">\n\t\t\t<div class=\"elementor-widget-wrap elementor-element-populated\">\n\t\t\t\t\t\t<div class=\"elementor-element elementor-element-82d6b87 elementor-widget elementor-widget-heading\" data-id=\"82d6b87\" data-element_type=\"widget\" data-widget_type=\"heading.default\">\n\t\t\t\t<div class=\"elementor-widget-container\">\n\t\t\t\t\t<p class=\"elementor-heading-title elementor-size-default\">EINFACH, SICHER, SCHNELL<\/p>\t\t\t\t<\/div>\n\t\t\t\t<\/div>\n\t\t\t\t<div class=\"elementor-element elementor-element-2aee127 elementor-widget elementor-widget-heading\" data-id=\"2aee127\" data-element_type=\"widget\" data-widget_type=\"heading.default\">\n\t\t\t\t<div class=\"elementor-widget-container\">\n\t\t\t\t\t<h1 class=\"elementor-heading-title elementor-size-default\">STEIGERE JETZT DEINEN UMSATZ MIT GEBRAUCHTWAGEN<\/h1>\t\t\t\t<\/div>\n\t\t\t\t<\/div>\n\t\t\t\t<div class=\"elementor-element elementor-element-38fa1cb elementor-widget elementor-widget-text-editor\" data-id=\"38fa1cb\" data-element_type=\"widget\" data-widget_type=\"text-editor.default\">\n\t\t\t\t<div class=\"elementor-widget-container\">\n\t\t\t\t\t\t\t\t\t<p>Die innovative Auktionsplattform bietet Features und Funktionen, die das Gebrauchtwagengesch\u00e4ft schneller, einfacher und profitabler machen. Registriere dich jetzt und profitiere von viele Vorteilen.<br \/>Wir bieten attraktive Konditionen f\u00fcr jeden Anspruch:\u00a0<strong>Keine Startgeb\u00fchr<\/strong>, keine Geb\u00fchr f\u00fcr Fahrzeuglistung,\u00a0<strong>keine\u00a0monatliche Grundgeb\u00fchr<\/strong>\u00a0&#8211; monatlich k\u00fcndbar &#8211; sowie eine\u00a0<strong>attraktive Auktionsgeb\u00fchr<\/strong>, die\u00a0<strong>nur bei erfolgreichem Abschluss<\/strong>\u00a0f\u00e4llig ist.<\/p>\t\t\t\t\t\t\t\t<\/div>\n\t\t\t\t<\/div>\n\t\t\t\t<div class=\"elementor-element elementor-element-1f121ad elementor-widget elementor-widget-heading\" data-id=\"1f121ad\" data-element_type=\"widget\" data-widget_type=\"heading.default\">\n\t\t\t\t<div class=\"elementor-widget-container\">\n\t\t\t\t\t<p class=\"elementor-heading-title elementor-size-default\">Ohne Risiko testen:\n<\/p>\t\t\t\t<\/div>\n\t\t\t\t<\/div>\n\t\t\t\t<div class=\"elementor-element elementor-element-f9ff69d elementor-widget elementor-widget-heading\" data-id=\"f9ff69d\" data-element_type=\"widget\" data-widget_type=\"heading.default\">\n\t\t\t\t<div class=\"elementor-widget-container\">\n\t\t\t\t\t<p class=\"elementor-heading-title elementor-size-default\">Melde Dich vorab unverbindlich an und sichere Dir zum Start ein EINMALIGES ANGEBOT* f\u00fcr die ersten 3 Monate: KEINE Grundgeb\u00fchr und jedes 3. Auto OHNE Auktionsgeb\u00fchr. <\/p>\t\t\t\t<\/div>\n\t\t\t\t<\/div>\n\t\t\t\t<div class=\"elementor-element elementor-element-77da6f4 elementor-widget elementor-widget-heading\" data-id=\"77da6f4\" data-element_type=\"widget\" data-widget_type=\"heading.default\">\n\t\t\t\t<div class=\"elementor-widget-container\">\n\t\t\t\t\t<p class=\"elementor-heading-title elementor-size-default\">* 3 Monate kein Mitgliedsbeitrag und nur f\u00fcr Pre-registration jedes 3. Auto ohne Auktionsgeb\u00fchren<\/p>\t\t\t\t<\/div>\n\t\t\t\t<\/div>\n\t\t\t\t<div class=\"elementor-element elementor-element-61fcd00 elementor-widget elementor-widget-html\" data-id=\"61fcd00\" data-element_type=\"widget\" data-widget_type=\"html.default\">\n\t\t\t\t<div class=\"elementor-widget-container\">\n\t\t\t\t\t<p><iframe src=\"https:\/\/manheimexpress.powerappsportals.com\/de-DE\/me_registration_eu\/\" width=\"100%\" height=\"2000\"><\/iframe><\/p>\t\t\t\t<\/div>\n\t\t\t\t<\/div>\n\t\t\t\t\t<\/div>\n\t\t<\/div>\n\t\t\t\t\t<\/div>\n\t\t<\/section>\n\t\t\t\t<\/div>\n\t\t","protected":false},"excerpt":{"rendered":"<p>EINFACH, SICHER, SCHNELL STEIGERE JETZT DEINEN UMSATZ MIT GEBRAUCHTWAGEN Die innovative Auktionsplattform bietet Features und Funktionen, die das Gebrauchtwagengesch\u00e4ft schneller, einfacher und profitabler machen. Registriere dich jetzt und profitiere von viele Vorteilen.Wir bieten attraktive Konditionen f\u00fcr jeden Anspruch:\u00a0Keine Startgeb\u00fchr, keine Geb\u00fchr f\u00fcr Fahrzeuglistung,\u00a0keine\u00a0monatliche Grundgeb\u00fchr\u00a0&#8211; monatlich k\u00fcndbar &#8211; sowie eine\u00a0attraktive Auktionsgeb\u00fchr, die\u00a0nur bei erfolgreichem Abschluss\u00a0f\u00e4llig ist. [&hellip;]<\/p>\n","protected":false},"author":1,"featured_media":0,"parent":0,"menu_order":0,"comment_status":"closed","ping_status":"closed","template":"elementor_header_footer","meta":{"_acf_changed":false,"footnotes":""},"wf_page_folders":[],"class_list":["post-723","page","type-page","status-publish","hentry"],"acf":[],"yoast_head":"<!-- This site is optimized with the Yoast SEO plugin v25.8 - https:\/\/yoast.com\/wordpress\/plugins\/seo\/ -->\n<title>registration-eu - Manheim Express<\/title>\n<meta name=\"description\" content=\"Wir bieten Konditionen f\u00fcr jeden Anspruch: Keine Startgeb\u00fchr, keine Geb\u00fchr f\u00fcr Fahrzeuglistung, keine monatliche Grundgeb\u00fchr \u2013 monatlich k\u00fcndbar.\" \/>\n<meta name=\"robots\" content=\"index, follow, max-snippet:-1, max-image-preview:large, max-video-preview:-1\" \/>\n<link rel=\"canonical\" href=\"https:\/\/www.manheim-express.eu\/de\/jetzt-umsatz-mit-gebrauchtwagen-steigern\/\" \/>\n<meta property=\"og:locale\" content=\"de_DE\" \/>\n<meta property=\"og:type\" content=\"article\" \/>\n<meta property=\"og:title\" content=\"registration-eu - Manheim Express\" \/>\n<meta property=\"og:description\" content=\"Wir bieten Konditionen f\u00fcr jeden Anspruch: Keine Startgeb\u00fchr, keine Geb\u00fchr f\u00fcr Fahrzeuglistung, keine monatliche Grundgeb\u00fchr \u2013 monatlich k\u00fcndbar.\" \/>\n<meta property=\"og:url\" content=\"https:\/\/www.manheim-express.eu\/de\/jetzt-umsatz-mit-gebrauchtwagen-steigern\/\" \/>\n<meta property=\"og:site_name\" content=\"Manheim Express\" \/>\n<meta property=\"article:publisher\" content=\"https:\/\/www.facebook.com\/manheimexpresseurope\/\" \/>\n<meta property=\"article:modified_time\" content=\"2024-10-10T06:52:22+00:00\" \/>\n<meta name=\"twitter:card\" content=\"summary_large_image\" \/>\n<meta name=\"twitter:label1\" content=\"Gesch\u00e4tzte Lesezeit\" \/>\n\t<meta name=\"twitter:data1\" content=\"1\u00a0Minute\" \/>\n<script type=\"application\/ld+json\" class=\"yoast-schema-graph\">{\"@context\":\"https:\/\/schema.org\",\"@graph\":[{\"@type\":\"WebPage\",\"@id\":\"https:\/\/www.manheim-express.eu\/de\/jetzt-umsatz-mit-gebrauchtwagen-steigern\/\",\"url\":\"https:\/\/www.manheim-express.eu\/de\/jetzt-umsatz-mit-gebrauchtwagen-steigern\/\",\"name\":\"registration-eu - Manheim Express\",\"isPartOf\":{\"@id\":\"https:\/\/www.manheim-express.eu\/de\/#website\"},\"datePublished\":\"2021-08-10T12:29:46+00:00\",\"dateModified\":\"2024-10-10T06:52:22+00:00\",\"description\":\"Wir bieten Konditionen f\u00fcr jeden Anspruch: Keine Startgeb\u00fchr, keine Geb\u00fchr f\u00fcr Fahrzeuglistung, keine monatliche Grundgeb\u00fchr \u2013 monatlich k\u00fcndbar.\",\"breadcrumb\":{\"@id\":\"https:\/\/www.manheim-express.eu\/de\/jetzt-umsatz-mit-gebrauchtwagen-steigern\/#breadcrumb\"},\"inLanguage\":\"de\",\"potentialAction\":[{\"@type\":\"ReadAction\",\"target\":[\"https:\/\/www.manheim-express.eu\/de\/jetzt-umsatz-mit-gebrauchtwagen-steigern\/\"]}]},{\"@type\":\"BreadcrumbList\",\"@id\":\"https:\/\/www.manheim-express.eu\/de\/jetzt-umsatz-mit-gebrauchtwagen-steigern\/#breadcrumb\",\"itemListElement\":[{\"@type\":\"ListItem\",\"position\":1,\"name\":\"Home\",\"item\":\"https:\/\/www.manheim-express.eu\/de\/\"},{\"@type\":\"ListItem\",\"position\":2,\"name\":\"registration-eu\"}]},{\"@type\":\"WebSite\",\"@id\":\"https:\/\/www.manheim-express.eu\/de\/#website\",\"url\":\"https:\/\/www.manheim-express.eu\/de\/\",\"name\":\"Manheim Express\",\"description\":\"\",\"publisher\":{\"@id\":\"https:\/\/www.manheim-express.eu\/de\/#organization\"},\"potentialAction\":[{\"@type\":\"SearchAction\",\"target\":{\"@type\":\"EntryPoint\",\"urlTemplate\":\"https:\/\/www.manheim-express.eu\/de\/?s={search_term_string}\"},\"query-input\":{\"@type\":\"PropertyValueSpecification\",\"valueRequired\":true,\"valueName\":\"search_term_string\"}}],\"inLanguage\":\"de\"},{\"@type\":\"Organization\",\"@id\":\"https:\/\/www.manheim-express.eu\/de\/#organization\",\"name\":\"Manheim Express\",\"url\":\"https:\/\/www.manheim-express.eu\/de\/\",\"logo\":{\"@type\":\"ImageObject\",\"inLanguage\":\"de\",\"@id\":\"https:\/\/www.manheim-express.eu\/de\/#\/schema\/logo\/image\/\",\"url\":\"https:\/\/www.manheim-express.eu\/wp-content\/uploads\/2021\/07\/manheim-express-logo-light.png\",\"contentUrl\":\"https:\/\/www.manheim-express.eu\/wp-content\/uploads\/2021\/07\/manheim-express-logo-light.png\",\"width\":1163,\"height\":392,\"caption\":\"Manheim Express\"},\"image\":{\"@id\":\"https:\/\/www.manheim-express.eu\/de\/#\/schema\/logo\/image\/\"},\"sameAs\":[\"https:\/\/www.facebook.com\/manheimexpresseurope\/\",\"https:\/\/www.instagram.com\/manheim.express\",\"https:\/\/www.linkedin.com\/company\/manheim-express\/\",\"https:\/\/www.youtube.com\/channel\/UCRKJajJPvJv-ao7Tk7qra5Q\/\"]}]}<\/script>\n<!-- \/ Yoast SEO plugin. -->","yoast_head_json":{"title":"registration-eu - Manheim Express","description":"Wir bieten Konditionen f\u00fcr jeden Anspruch: Keine Startgeb\u00fchr, keine Geb\u00fchr f\u00fcr Fahrzeuglistung, keine monatliche Grundgeb\u00fchr \u2013 monatlich k\u00fcndbar.","robots":{"index":"index","follow":"follow","max-snippet":"max-snippet:-1","max-image-preview":"max-image-preview:large","max-video-preview":"max-video-preview:-1"},"canonical":"https:\/\/www.manheim-express.eu\/de\/jetzt-umsatz-mit-gebrauchtwagen-steigern\/","og_locale":"de_DE","og_type":"article","og_title":"registration-eu - Manheim Express","og_description":"Wir bieten Konditionen f\u00fcr jeden Anspruch: Keine Startgeb\u00fchr, keine Geb\u00fchr f\u00fcr Fahrzeuglistung, keine monatliche Grundgeb\u00fchr \u2013 monatlich k\u00fcndbar.","og_url":"https:\/\/www.manheim-express.eu\/de\/jetzt-umsatz-mit-gebrauchtwagen-steigern\/","og_site_name":"Manheim Express","article_publisher":"https:\/\/www.facebook.com\/manheimexpresseurope\/","article_modified_time":"2024-10-10T06:52:22+00:00","twitter_card":"summary_large_image","twitter_misc":{"Gesch\u00e4tzte Lesezeit":"1\u00a0Minute"},"schema":{"@context":"https:\/\/schema.org","@graph":[{"@type":"WebPage","@id":"https:\/\/www.manheim-express.eu\/de\/jetzt-umsatz-mit-gebrauchtwagen-steigern\/","url":"https:\/\/www.manheim-express.eu\/de\/jetzt-umsatz-mit-gebrauchtwagen-steigern\/","name":"registration-eu - Manheim Express","isPartOf":{"@id":"https:\/\/www.manheim-express.eu\/de\/#website"},"datePublished":"2021-08-10T12:29:46+00:00","dateModified":"2024-10-10T06:52:22+00:00","description":"Wir bieten Konditionen f\u00fcr jeden Anspruch: Keine Startgeb\u00fchr, keine Geb\u00fchr f\u00fcr Fahrzeuglistung, keine monatliche Grundgeb\u00fchr \u2013 monatlich k\u00fcndbar.","breadcrumb":{"@id":"https:\/\/www.manheim-express.eu\/de\/jetzt-umsatz-mit-gebrauchtwagen-steigern\/#breadcrumb"},"inLanguage":"de","potentialAction":[{"@type":"ReadAction","target":["https:\/\/www.manheim-express.eu\/de\/jetzt-umsatz-mit-gebrauchtwagen-steigern\/"]}]},{"@type":"BreadcrumbList","@id":"https:\/\/www.manheim-express.eu\/de\/jetzt-umsatz-mit-gebrauchtwagen-steigern\/#breadcrumb","itemListElement":[{"@type":"ListItem","position":1,"name":"Home","item":"https:\/\/www.manheim-express.eu\/de\/"},{"@type":"ListItem","position":2,"name":"registration-eu"}]},{"@type":"WebSite","@id":"https:\/\/www.manheim-express.eu\/de\/#website","url":"https:\/\/www.manheim-express.eu\/de\/","name":"Manheim Express","description":"","publisher":{"@id":"https:\/\/www.manheim-express.eu\/de\/#organization"},"potentialAction":[{"@type":"SearchAction","target":{"@type":"EntryPoint","urlTemplate":"https:\/\/www.manheim-express.eu\/de\/?s={search_term_string}"},"query-input":{"@type":"PropertyValueSpecification","valueRequired":true,"valueName":"search_term_string"}}],"inLanguage":"de"},{"@type":"Organization","@id":"https:\/\/www.manheim-express.eu\/de\/#organization","name":"Manheim Express","url":"https:\/\/www.manheim-express.eu\/de\/","logo":{"@type":"ImageObject","inLanguage":"de","@id":"https:\/\/www.manheim-express.eu\/de\/#\/schema\/logo\/image\/","url":"https:\/\/www.manheim-express.eu\/wp-content\/uploads\/2021\/07\/manheim-express-logo-light.png","contentUrl":"https:\/\/www.manheim-express.eu\/wp-content\/uploads\/2021\/07\/manheim-express-logo-light.png","width":1163,"height":392,"caption":"Manheim Express"},"image":{"@id":"https:\/\/www.manheim-express.eu\/de\/#\/schema\/logo\/image\/"},"sameAs":["https:\/\/www.facebook.com\/manheimexpresseurope\/","https:\/\/www.instagram.com\/manheim.express","https:\/\/www.linkedin.com\/company\/manheim-express\/","https:\/\/www.youtube.com\/channel\/UCRKJajJPvJv-ao7Tk7qra5Q\/"]}]}},"_links":{"self":[{"href":"https:\/\/www.manheim-express.eu\/de\/wp-json\/wp\/v2\/pages\/723","targetHints":{"allow":["GET"]}}],"collection":[{"href":"https:\/\/www.manheim-express.eu\/de\/wp-json\/wp\/v2\/pages"}],"about":[{"href":"https:\/\/www.manheim-express.eu\/de\/wp-json\/wp\/v2\/types\/page"}],"author":[{"embeddable":true,"href":"https:\/\/www.manheim-express.eu\/de\/wp-json\/wp\/v2\/users\/1"}],"replies":[{"embeddable":true,"href":"https:\/\/www.manheim-express.eu\/de\/wp-json\/wp\/v2\/comments?post=723"}],"version-history":[{"count":16,"href":"https:\/\/www.manheim-express.eu\/de\/wp-json\/wp\/v2\/pages\/723\/revisions"}],"predecessor-version":[{"id":6679,"href":"https:\/\/www.manheim-express.eu\/de\/wp-json\/wp\/v2\/pages\/723\/revisions\/6679"}],"wp:attachment":[{"href":"https:\/\/www.manheim-express.eu\/de\/wp-json\/wp\/v2\/media?parent=723"}],"wp:term":[{"taxonomy":"wf_page_folders","embeddable":true,"href":"https:\/\/www.manheim-express.eu\/de\/wp-json\/wp\/v2\/wf_page_folders?post=723"}],"curies":[{"name":"wp","href":"https:\/\/api.w.org\/{rel}","templated":true}]}}