{"id":665,"date":"2021-08-10T10:17:54","date_gmt":"2021-08-10T09:17:54","guid":{"rendered":"https:\/\/www.manheim-express.eu\/?page_id=665"},"modified":"2022-10-27T10:08:15","modified_gmt":"2022-10-27T09:08:15","slug":"tell-a-friend","status":"publish","type":"page","link":"https:\/\/www.manheim-express.eu\/de\/tell-a-friend\/","title":{"rendered":"Tell A Friend"},"content":{"rendered":"\t\t<div data-elementor-type=\"wp-page\" data-elementor-id=\"665\" class=\"elementor elementor-665\" data-elementor-post-type=\"page\">\n\t\t\t\t\t\t<section class=\"elementor-section elementor-top-section elementor-element elementor-element-e89cf0c elementor-section-height-min-height elementor-section-boxed elementor-section-height-default elementor-section-items-middle\" data-id=\"e89cf0c\" data-element_type=\"section\" data-settings=\"{&quot;background_background&quot;:&quot;classic&quot;}\">\n\t\t\t\t\t\t\t<div class=\"elementor-background-overlay\"><\/div>\n\t\t\t\t\t\t\t<div class=\"elementor-container elementor-column-gap-default\">\n\t\t\t\t\t<div class=\"elementor-column elementor-col-100 elementor-top-column elementor-element elementor-element-ce307b8\" data-id=\"ce307b8\" data-element_type=\"column\">\n\t\t\t<div class=\"elementor-widget-wrap\">\n\t\t\t\t\t\t\t<\/div>\n\t\t<\/div>\n\t\t\t\t\t<\/div>\n\t\t<\/section>\n\t\t\t\t<section class=\"elementor-section elementor-top-section elementor-element elementor-element-c655ce9 elementor-section-boxed elementor-section-height-default elementor-section-height-default\" data-id=\"c655ce9\" data-element_type=\"section\">\n\t\t\t\t\t\t<div class=\"elementor-container elementor-column-gap-default\">\n\t\t\t\t\t<div class=\"elementor-column elementor-col-100 elementor-top-column elementor-element elementor-element-d679bd3\" data-id=\"d679bd3\" data-element_type=\"column\">\n\t\t\t<div class=\"elementor-widget-wrap elementor-element-populated\">\n\t\t\t\t\t\t<div class=\"elementor-element elementor-element-2aee127 elementor-widget elementor-widget-heading\" data-id=\"2aee127\" data-element_type=\"widget\" data-widget_type=\"heading.default\">\n\t\t\t\t<div class=\"elementor-widget-container\">\n\t\t\t\t\t<h1 class=\"elementor-heading-title elementor-size-default\">TELL A FRIEND<\/h1>\t\t\t\t<\/div>\n\t\t\t\t<\/div>\n\t\t\t\t<div class=\"elementor-element elementor-element-82d6b87 elementor-widget elementor-widget-heading\" data-id=\"82d6b87\" data-element_type=\"widget\" data-widget_type=\"heading.default\">\n\t\t\t\t<div class=\"elementor-widget-container\">\n\t\t\t\t\t<h2 class=\"elementor-heading-title elementor-size-default\">EMPFEHLEN UND PROFITIEREN!<\/h2>\t\t\t\t<\/div>\n\t\t\t\t<\/div>\n\t\t\t\t<div class=\"elementor-element elementor-element-38fa1cb elementor-widget elementor-widget-text-editor\" data-id=\"38fa1cb\" data-element_type=\"widget\" data-widget_type=\"text-editor.default\">\n\t\t\t\t<div class=\"elementor-widget-container\">\n\t\t\t\t\t\t\t\t\t<p>Du bist zufrieden mit Manheim Express? Dann sag es weiter und du erh\u00e4ltst f\u00fcr jede erfolgreiche Empfehlung einen Bonago Gutschein in H\u00f6he von 29 \u20ac!*<\/p><p>Schau gleich nach wof\u00fcr Du den Gutschein verwenden kannst.<\/p>\t\t\t\t\t\t\t\t<\/div>\n\t\t\t\t<\/div>\n\t\t\t\t<section class=\"elementor-section elementor-inner-section elementor-element elementor-element-6e7cc72 elementor-section-full_width elementor-section-height-default elementor-section-height-default\" data-id=\"6e7cc72\" data-element_type=\"section\">\n\t\t\t\t\t\t<div class=\"elementor-container elementor-column-gap-default\">\n\t\t\t\t\t<div class=\"elementor-column elementor-col-25 elementor-inner-column elementor-element elementor-element-55b5b90\" data-id=\"55b5b90\" data-element_type=\"column\">\n\t\t\t<div class=\"elementor-widget-wrap elementor-element-populated\">\n\t\t\t\t\t\t<div class=\"elementor-element elementor-element-2e01014 elementor-position-top elementor-widget elementor-widget-image-box\" data-id=\"2e01014\" data-element_type=\"widget\" data-widget_type=\"image-box.default\">\n\t\t\t\t<div class=\"elementor-widget-container\">\n\t\t\t\t\t<div class=\"elementor-image-box-wrapper\"><figure class=\"elementor-image-box-img\"><img fetchpriority=\"high\" decoding=\"async\" width=\"304\" height=\"304\" src=\"https:\/\/www.manheim-express.eu\/wp-content\/uploads\/2021\/08\/manheim-express-taf-icon-1.png\" class=\"attachment-full size-full wp-image-668\" alt=\"\" srcset=\"https:\/\/www.manheim-express.eu\/wp-content\/uploads\/2021\/08\/manheim-express-taf-icon-1.png 304w, https:\/\/www.manheim-express.eu\/wp-content\/uploads\/2021\/08\/manheim-express-taf-icon-1-300x300.png 300w, https:\/\/www.manheim-express.eu\/wp-content\/uploads\/2021\/08\/manheim-express-taf-icon-1-150x150.png 150w\" sizes=\"(max-width: 304px) 100vw, 304px\" \/><\/figure><div class=\"elementor-image-box-content\"><p class=\"elementor-image-box-description\">1) Gib Deine Email Adresse ein<\/p><\/div><\/div>\t\t\t\t<\/div>\n\t\t\t\t<\/div>\n\t\t\t\t\t<\/div>\n\t\t<\/div>\n\t\t\t\t<div class=\"elementor-column elementor-col-25 elementor-inner-column elementor-element elementor-element-8822fde\" data-id=\"8822fde\" data-element_type=\"column\">\n\t\t\t<div class=\"elementor-widget-wrap elementor-element-populated\">\n\t\t\t\t\t\t<div class=\"elementor-element elementor-element-00920d4 elementor-position-top elementor-widget elementor-widget-image-box\" data-id=\"00920d4\" data-element_type=\"widget\" data-widget_type=\"image-box.default\">\n\t\t\t\t<div class=\"elementor-widget-container\">\n\t\t\t\t\t<div class=\"elementor-image-box-wrapper\"><figure class=\"elementor-image-box-img\"><img decoding=\"async\" width=\"304\" height=\"304\" src=\"https:\/\/www.manheim-express.eu\/wp-content\/uploads\/2021\/08\/manheim-express-taf-icon-2.png\" class=\"attachment-full size-full wp-image-669\" alt=\"\" srcset=\"https:\/\/www.manheim-express.eu\/wp-content\/uploads\/2021\/08\/manheim-express-taf-icon-2.png 304w, https:\/\/www.manheim-express.eu\/wp-content\/uploads\/2021\/08\/manheim-express-taf-icon-2-300x300.png 300w, https:\/\/www.manheim-express.eu\/wp-content\/uploads\/2021\/08\/manheim-express-taf-icon-2-150x150.png 150w\" sizes=\"(max-width: 304px) 100vw, 304px\" \/><\/figure><div class=\"elementor-image-box-content\"><p class=\"elementor-image-box-description\">2) Empfehle Manheim Express weiter und teile den per Email erhaltenen Link<\/p><\/div><\/div>\t\t\t\t<\/div>\n\t\t\t\t<\/div>\n\t\t\t\t\t<\/div>\n\t\t<\/div>\n\t\t\t\t<div class=\"elementor-column elementor-col-25 elementor-inner-column elementor-element elementor-element-3331537\" data-id=\"3331537\" data-element_type=\"column\">\n\t\t\t<div class=\"elementor-widget-wrap elementor-element-populated\">\n\t\t\t\t\t\t<div class=\"elementor-element elementor-element-b9bb511 elementor-position-top elementor-widget elementor-widget-image-box\" data-id=\"b9bb511\" data-element_type=\"widget\" data-widget_type=\"image-box.default\">\n\t\t\t\t<div class=\"elementor-widget-container\">\n\t\t\t\t\t<div class=\"elementor-image-box-wrapper\"><figure class=\"elementor-image-box-img\"><img decoding=\"async\" width=\"304\" height=\"304\" src=\"https:\/\/www.manheim-express.eu\/wp-content\/uploads\/2021\/08\/manheim-express-taf-icon-3.png\" class=\"attachment-full size-full wp-image-670\" alt=\"\" srcset=\"https:\/\/www.manheim-express.eu\/wp-content\/uploads\/2021\/08\/manheim-express-taf-icon-3.png 304w, https:\/\/www.manheim-express.eu\/wp-content\/uploads\/2021\/08\/manheim-express-taf-icon-3-300x300.png 300w, https:\/\/www.manheim-express.eu\/wp-content\/uploads\/2021\/08\/manheim-express-taf-icon-3-150x150.png 150w\" sizes=\"(max-width: 304px) 100vw, 304px\" \/><\/figure><div class=\"elementor-image-box-content\"><p class=\"elementor-image-box-description\">3) H\u00e4ndler registriert sich durch deinen Link<\/p><\/div><\/div>\t\t\t\t<\/div>\n\t\t\t\t<\/div>\n\t\t\t\t\t<\/div>\n\t\t<\/div>\n\t\t\t\t<div class=\"elementor-column elementor-col-25 elementor-inner-column elementor-element elementor-element-427d5a4\" data-id=\"427d5a4\" data-element_type=\"column\">\n\t\t\t<div class=\"elementor-widget-wrap elementor-element-populated\">\n\t\t\t\t\t\t<div class=\"elementor-element elementor-element-5a24f8a elementor-position-top elementor-widget elementor-widget-image-box\" data-id=\"5a24f8a\" data-element_type=\"widget\" data-widget_type=\"image-box.default\">\n\t\t\t\t<div class=\"elementor-widget-container\">\n\t\t\t\t\t<div class=\"elementor-image-box-wrapper\"><figure class=\"elementor-image-box-img\"><img loading=\"lazy\" decoding=\"async\" width=\"304\" height=\"304\" src=\"https:\/\/www.manheim-express.eu\/wp-content\/uploads\/2021\/08\/manheim-express-taf-icon-4.png\" class=\"attachment-full size-full wp-image-671\" alt=\"\" srcset=\"https:\/\/www.manheim-express.eu\/wp-content\/uploads\/2021\/08\/manheim-express-taf-icon-4.png 304w, https:\/\/www.manheim-express.eu\/wp-content\/uploads\/2021\/08\/manheim-express-taf-icon-4-300x300.png 300w, https:\/\/www.manheim-express.eu\/wp-content\/uploads\/2021\/08\/manheim-express-taf-icon-4-150x150.png 150w\" sizes=\"(max-width: 304px) 100vw, 304px\" \/><\/figure><div class=\"elementor-image-box-content\"><p class=\"elementor-image-box-description\">4) Du erh\u00e4ltst Deinen Gutschein<\/p><\/div><\/div>\t\t\t\t<\/div>\n\t\t\t\t<\/div>\n\t\t\t\t\t<\/div>\n\t\t<\/div>\n\t\t\t\t\t<\/div>\n\t\t<\/section>\n\t\t\t\t<div class=\"elementor-element elementor-element-61fcd00 elementor-widget elementor-widget-html\" data-id=\"61fcd00\" data-element_type=\"widget\" data-widget_type=\"html.default\">\n\t\t\t\t<div class=\"elementor-widget-container\">\n\t\t\t\t\t<div data-form-block-id=\"3158776e-8b60-eb11-a812-000d3a2071fb\"><\/div> <script src=\"https:\/\/mktdplp102cdn.azureedge.net\/public\/latest\/js\/form-loader.js?v=1.69.1065.0\"><\/script><div id=\"de7c1j3KgUZngbnFb2w-IfirhMFnsCwGbvKbxwgXezGc\"><\/div><script src=\"https:\/\/mktdplp102cdn.azureedge.net\/public\/latest\/js\/ws-tracking.js?v=1.69.1065.0\"><\/script><div class=\"d365-mkt-config\" style=\"display:none\" data-website-id=\"e7c1j3KgUZngbnFb2w-IfirhMFnsCwGbvKbxwgXezGc\" data-hostname=\"cbca5c3bae924f0682808025d99dff22.svc.dynamics.com\"><\/div>\t\t\t\t<\/div>\n\t\t\t\t<\/div>\n\t\t\t\t<div class=\"elementor-element elementor-element-d7f45a9 elementor-widget elementor-widget-text-editor\" data-id=\"d7f45a9\" data-element_type=\"widget\" data-widget_type=\"text-editor.default\">\n\t\t\t\t<div class=\"elementor-widget-container\">\n\t\t\t\t\t\t\t\t\t<p>* Die Mindestlaufzeit des geworbenen Kunden setzt eine Migliedschaft von 2 Monaten voraus. Nach Ablauf dieser 2 Monate wird der Gutschein ausgestellt.<\/p>\t\t\t\t\t\t\t\t<\/div>\n\t\t\t\t<\/div>\n\t\t\t\t\t<\/div>\n\t\t<\/div>\n\t\t\t\t\t<\/div>\n\t\t<\/section>\n\t\t\t\t<\/div>\n\t\t","protected":false},"excerpt":{"rendered":"<p>TELL A FRIEND EMPFEHLEN UND PROFITIEREN! Du bist zufrieden mit Manheim Express? Dann sag es weiter und du erh\u00e4ltst f\u00fcr jede erfolgreiche Empfehlung einen Bonago Gutschein in H\u00f6he von 29 \u20ac!* Schau gleich nach wof\u00fcr Du den Gutschein verwenden kannst. 1) Gib Deine Email Adresse ein 2) Empfehle Manheim Express weiter und teile den per [&hellip;]<\/p>\n","protected":false},"author":1,"featured_media":0,"parent":0,"menu_order":0,"comment_status":"closed","ping_status":"closed","template":"elementor_header_footer","meta":{"_acf_changed":false,"footnotes":""},"wf_page_folders":[],"class_list":["post-665","page","type-page","status-publish","hentry"],"acf":[],"yoast_head":"<!-- This site is optimized with the Yoast SEO plugin v25.8 - https:\/\/yoast.com\/wordpress\/plugins\/seo\/ -->\n<title>Tell A Friend - Manheim Express<\/title>\n<meta name=\"description\" content=\"Sind Sie mit Ihrem Manheim Express zufrieden? Empfehlen Sie uns weiter und profitieren Sie von jeder erfolgreichen Empfehlung.\" \/>\n<meta name=\"robots\" content=\"index, follow, max-snippet:-1, max-image-preview:large, max-video-preview:-1\" \/>\n<link rel=\"canonical\" href=\"https:\/\/www.manheim-express.eu\/de\/tell-a-friend\/\" \/>\n<meta property=\"og:locale\" content=\"de_DE\" \/>\n<meta property=\"og:type\" content=\"article\" \/>\n<meta property=\"og:title\" content=\"Tell A Friend - Manheim Express\" \/>\n<meta property=\"og:description\" content=\"Sind Sie mit Ihrem Manheim Express zufrieden? Empfehlen Sie uns weiter und profitieren Sie von jeder erfolgreichen Empfehlung.\" \/>\n<meta property=\"og:url\" content=\"https:\/\/www.manheim-express.eu\/de\/tell-a-friend\/\" \/>\n<meta property=\"og:site_name\" content=\"Manheim Express\" \/>\n<meta property=\"article:publisher\" content=\"https:\/\/www.facebook.com\/manheimexpresseurope\/\" \/>\n<meta property=\"article:modified_time\" content=\"2022-10-27T09:08:15+00:00\" \/>\n<meta property=\"og:image\" content=\"https:\/\/www.manheim-express.eu\/wp-content\/uploads\/2021\/08\/manheim-express-taf-icon-1.png\" \/>\n<meta name=\"twitter:card\" content=\"summary_large_image\" \/>\n<meta name=\"twitter:label1\" content=\"Gesch\u00e4tzte Lesezeit\" \/>\n\t<meta name=\"twitter:data1\" content=\"2\u00a0Minuten\" \/>\n<script type=\"application\/ld+json\" class=\"yoast-schema-graph\">{\"@context\":\"https:\/\/schema.org\",\"@graph\":[{\"@type\":\"WebPage\",\"@id\":\"https:\/\/www.manheim-express.eu\/de\/tell-a-friend\/\",\"url\":\"https:\/\/www.manheim-express.eu\/de\/tell-a-friend\/\",\"name\":\"Tell A Friend - Manheim Express\",\"isPartOf\":{\"@id\":\"https:\/\/www.manheim-express.eu\/de\/#website\"},\"primaryImageOfPage\":{\"@id\":\"https:\/\/www.manheim-express.eu\/de\/tell-a-friend\/#primaryimage\"},\"image\":{\"@id\":\"https:\/\/www.manheim-express.eu\/de\/tell-a-friend\/#primaryimage\"},\"thumbnailUrl\":\"https:\/\/www.manheim-express.eu\/wp-content\/uploads\/2021\/08\/manheim-express-taf-icon-1.png\",\"datePublished\":\"2021-08-10T09:17:54+00:00\",\"dateModified\":\"2022-10-27T09:08:15+00:00\",\"description\":\"Sind Sie mit Ihrem Manheim Express zufrieden? Empfehlen Sie uns weiter und profitieren Sie von jeder erfolgreichen Empfehlung.\",\"breadcrumb\":{\"@id\":\"https:\/\/www.manheim-express.eu\/de\/tell-a-friend\/#breadcrumb\"},\"inLanguage\":\"de\",\"potentialAction\":[{\"@type\":\"ReadAction\",\"target\":[\"https:\/\/www.manheim-express.eu\/de\/tell-a-friend\/\"]}]},{\"@type\":\"ImageObject\",\"inLanguage\":\"de\",\"@id\":\"https:\/\/www.manheim-express.eu\/de\/tell-a-friend\/#primaryimage\",\"url\":\"https:\/\/www.manheim-express.eu\/wp-content\/uploads\/2021\/08\/manheim-express-taf-icon-1.png\",\"contentUrl\":\"https:\/\/www.manheim-express.eu\/wp-content\/uploads\/2021\/08\/manheim-express-taf-icon-1.png\"},{\"@type\":\"BreadcrumbList\",\"@id\":\"https:\/\/www.manheim-express.eu\/de\/tell-a-friend\/#breadcrumb\",\"itemListElement\":[{\"@type\":\"ListItem\",\"position\":1,\"name\":\"Home\",\"item\":\"https:\/\/www.manheim-express.eu\/de\/\"},{\"@type\":\"ListItem\",\"position\":2,\"name\":\"Tell A Friend\"}]},{\"@type\":\"WebSite\",\"@id\":\"https:\/\/www.manheim-express.eu\/de\/#website\",\"url\":\"https:\/\/www.manheim-express.eu\/de\/\",\"name\":\"Manheim Express\",\"description\":\"\",\"publisher\":{\"@id\":\"https:\/\/www.manheim-express.eu\/de\/#organization\"},\"potentialAction\":[{\"@type\":\"SearchAction\",\"target\":{\"@type\":\"EntryPoint\",\"urlTemplate\":\"https:\/\/www.manheim-express.eu\/de\/?s={search_term_string}\"},\"query-input\":{\"@type\":\"PropertyValueSpecification\",\"valueRequired\":true,\"valueName\":\"search_term_string\"}}],\"inLanguage\":\"de\"},{\"@type\":\"Organization\",\"@id\":\"https:\/\/www.manheim-express.eu\/de\/#organization\",\"name\":\"Manheim Express\",\"url\":\"https:\/\/www.manheim-express.eu\/de\/\",\"logo\":{\"@type\":\"ImageObject\",\"inLanguage\":\"de\",\"@id\":\"https:\/\/www.manheim-express.eu\/de\/#\/schema\/logo\/image\/\",\"url\":\"https:\/\/www.manheim-express.eu\/wp-content\/uploads\/2021\/07\/manheim-express-logo-light.png\",\"contentUrl\":\"https:\/\/www.manheim-express.eu\/wp-content\/uploads\/2021\/07\/manheim-express-logo-light.png\",\"width\":1163,\"height\":392,\"caption\":\"Manheim Express\"},\"image\":{\"@id\":\"https:\/\/www.manheim-express.eu\/de\/#\/schema\/logo\/image\/\"},\"sameAs\":[\"https:\/\/www.facebook.com\/manheimexpresseurope\/\",\"https:\/\/www.instagram.com\/manheim.express\",\"https:\/\/www.linkedin.com\/company\/manheim-express\/\",\"https:\/\/www.youtube.com\/channel\/UCRKJajJPvJv-ao7Tk7qra5Q\/\"]}]}<\/script>\n<!-- \/ Yoast SEO plugin. -->","yoast_head_json":{"title":"Tell A Friend - Manheim Express","description":"Sind Sie mit Ihrem Manheim Express zufrieden? Empfehlen Sie uns weiter und profitieren Sie von jeder erfolgreichen Empfehlung.","robots":{"index":"index","follow":"follow","max-snippet":"max-snippet:-1","max-image-preview":"max-image-preview:large","max-video-preview":"max-video-preview:-1"},"canonical":"https:\/\/www.manheim-express.eu\/de\/tell-a-friend\/","og_locale":"de_DE","og_type":"article","og_title":"Tell A Friend - Manheim Express","og_description":"Sind Sie mit Ihrem Manheim Express zufrieden? Empfehlen Sie uns weiter und profitieren Sie von jeder erfolgreichen Empfehlung.","og_url":"https:\/\/www.manheim-express.eu\/de\/tell-a-friend\/","og_site_name":"Manheim Express","article_publisher":"https:\/\/www.facebook.com\/manheimexpresseurope\/","article_modified_time":"2022-10-27T09:08:15+00:00","og_image":[{"url":"https:\/\/www.manheim-express.eu\/wp-content\/uploads\/2021\/08\/manheim-express-taf-icon-1.png","type":"","width":"","height":""}],"twitter_card":"summary_large_image","twitter_misc":{"Gesch\u00e4tzte Lesezeit":"2\u00a0Minuten"},"schema":{"@context":"https:\/\/schema.org","@graph":[{"@type":"WebPage","@id":"https:\/\/www.manheim-express.eu\/de\/tell-a-friend\/","url":"https:\/\/www.manheim-express.eu\/de\/tell-a-friend\/","name":"Tell A Friend - Manheim Express","isPartOf":{"@id":"https:\/\/www.manheim-express.eu\/de\/#website"},"primaryImageOfPage":{"@id":"https:\/\/www.manheim-express.eu\/de\/tell-a-friend\/#primaryimage"},"image":{"@id":"https:\/\/www.manheim-express.eu\/de\/tell-a-friend\/#primaryimage"},"thumbnailUrl":"https:\/\/www.manheim-express.eu\/wp-content\/uploads\/2021\/08\/manheim-express-taf-icon-1.png","datePublished":"2021-08-10T09:17:54+00:00","dateModified":"2022-10-27T09:08:15+00:00","description":"Sind Sie mit Ihrem Manheim Express zufrieden? Empfehlen Sie uns weiter und profitieren Sie von jeder erfolgreichen Empfehlung.","breadcrumb":{"@id":"https:\/\/www.manheim-express.eu\/de\/tell-a-friend\/#breadcrumb"},"inLanguage":"de","potentialAction":[{"@type":"ReadAction","target":["https:\/\/www.manheim-express.eu\/de\/tell-a-friend\/"]}]},{"@type":"ImageObject","inLanguage":"de","@id":"https:\/\/www.manheim-express.eu\/de\/tell-a-friend\/#primaryimage","url":"https:\/\/www.manheim-express.eu\/wp-content\/uploads\/2021\/08\/manheim-express-taf-icon-1.png","contentUrl":"https:\/\/www.manheim-express.eu\/wp-content\/uploads\/2021\/08\/manheim-express-taf-icon-1.png"},{"@type":"BreadcrumbList","@id":"https:\/\/www.manheim-express.eu\/de\/tell-a-friend\/#breadcrumb","itemListElement":[{"@type":"ListItem","position":1,"name":"Home","item":"https:\/\/www.manheim-express.eu\/de\/"},{"@type":"ListItem","position":2,"name":"Tell A Friend"}]},{"@type":"WebSite","@id":"https:\/\/www.manheim-express.eu\/de\/#website","url":"https:\/\/www.manheim-express.eu\/de\/","name":"Manheim Express","description":"","publisher":{"@id":"https:\/\/www.manheim-express.eu\/de\/#organization"},"potentialAction":[{"@type":"SearchAction","target":{"@type":"EntryPoint","urlTemplate":"https:\/\/www.manheim-express.eu\/de\/?s={search_term_string}"},"query-input":{"@type":"PropertyValueSpecification","valueRequired":true,"valueName":"search_term_string"}}],"inLanguage":"de"},{"@type":"Organization","@id":"https:\/\/www.manheim-express.eu\/de\/#organization","name":"Manheim Express","url":"https:\/\/www.manheim-express.eu\/de\/","logo":{"@type":"ImageObject","inLanguage":"de","@id":"https:\/\/www.manheim-express.eu\/de\/#\/schema\/logo\/image\/","url":"https:\/\/www.manheim-express.eu\/wp-content\/uploads\/2021\/07\/manheim-express-logo-light.png","contentUrl":"https:\/\/www.manheim-express.eu\/wp-content\/uploads\/2021\/07\/manheim-express-logo-light.png","width":1163,"height":392,"caption":"Manheim Express"},"image":{"@id":"https:\/\/www.manheim-express.eu\/de\/#\/schema\/logo\/image\/"},"sameAs":["https:\/\/www.facebook.com\/manheimexpresseurope\/","https:\/\/www.instagram.com\/manheim.express","https:\/\/www.linkedin.com\/company\/manheim-express\/","https:\/\/www.youtube.com\/channel\/UCRKJajJPvJv-ao7Tk7qra5Q\/"]}]}},"_links":{"self":[{"href":"https:\/\/www.manheim-express.eu\/de\/wp-json\/wp\/v2\/pages\/665","targetHints":{"allow":["GET"]}}],"collection":[{"href":"https:\/\/www.manheim-express.eu\/de\/wp-json\/wp\/v2\/pages"}],"about":[{"href":"https:\/\/www.manheim-express.eu\/de\/wp-json\/wp\/v2\/types\/page"}],"author":[{"embeddable":true,"href":"https:\/\/www.manheim-express.eu\/de\/wp-json\/wp\/v2\/users\/1"}],"replies":[{"embeddable":true,"href":"https:\/\/www.manheim-express.eu\/de\/wp-json\/wp\/v2\/comments?post=665"}],"version-history":[{"count":16,"href":"https:\/\/www.manheim-express.eu\/de\/wp-json\/wp\/v2\/pages\/665\/revisions"}],"predecessor-version":[{"id":14567,"href":"https:\/\/www.manheim-express.eu\/de\/wp-json\/wp\/v2\/pages\/665\/revisions\/14567"}],"wp:attachment":[{"href":"https:\/\/www.manheim-express.eu\/de\/wp-json\/wp\/v2\/media?parent=665"}],"wp:term":[{"taxonomy":"wf_page_folders","embeddable":true,"href":"https:\/\/www.manheim-express.eu\/de\/wp-json\/wp\/v2\/wf_page_folders?post=665"}],"curies":[{"name":"wp","href":"https:\/\/api.w.org\/{rel}","templated":true}]}}