{"id":18029,"date":"2024-04-30T15:59:56","date_gmt":"2024-04-30T14:59:56","guid":{"rendered":"https:\/\/www.manheim-express.eu\/?page_id=18029"},"modified":"2024-11-15T10:13:15","modified_gmt":"2024-11-15T10:13:15","slug":"gebrauchtwagen-schnell-und-einfach-kaufen-und-verkaufen","status":"publish","type":"page","link":"https:\/\/www.manheim-express.eu\/de\/gebrauchtwagen-schnell-und-einfach-kaufen-und-verkaufen\/","title":{"rendered":"Sneak Peek Verk\u00e4ufer\/K\u00e4ufer"},"content":{"rendered":"<p><img loading=\"lazy\" decoding=\"async\" width=\"2048\" height=\"711\" src=\"https:\/\/www.manheim-express.eu\/wp-content\/uploads\/2024\/10\/LANDINGPAGE_HEADER-2.png\" alt=\"\" loading=\"lazy\" srcset=\"https:\/\/www.manheim-express.eu\/wp-content\/uploads\/2024\/10\/LANDINGPAGE_HEADER-2.png 2048w, https:\/\/www.manheim-express.eu\/wp-content\/uploads\/2024\/10\/LANDINGPAGE_HEADER-2-300x104.png 300w, https:\/\/www.manheim-express.eu\/wp-content\/uploads\/2024\/10\/LANDINGPAGE_HEADER-2-1024x356.png 1024w, https:\/\/www.manheim-express.eu\/wp-content\/uploads\/2024\/10\/LANDINGPAGE_HEADER-2-768x267.png 768w, https:\/\/www.manheim-express.eu\/wp-content\/uploads\/2024\/10\/LANDINGPAGE_HEADER-2-1536x533.png 1536w\" sizes=\"auto, (max-width: 2048px) 100vw, 2048px\" \/>\t\t\t\t\t\t\t\t\t\t\t\t\t\t<\/p>\n<h2><strong>Deine digitale Auktionsplattform f\u00fcr den gewerblichen Gebrauchtwagenhandel<\/strong><\/h2>\n<p><strong>Kau<\/strong><b>fe und verkaufe Gebrauchtwagen so schnell und einfach wie noch nie!<\/b> Bei Manheim Express hast du Zugriff auf ein gro\u00dfes Netzwerk gepr\u00fcfter Gebrauchtwagenh\u00e4ndler und die M\u00f6glichkeit, Fahrzeuge volldigital zu kaufen oder zu verkaufen \u2013 ganz ohne Abstriche und stattdessen mit reichlich Vorteilen!<\/p>\n<p>\t\t\t\t\t\t\t\t\t\t\t\t<img loading=\"lazy\" decoding=\"async\" width=\"150\" height=\"150\" src=\"https:\/\/www.manheim-express.eu\/wp-content\/uploads\/2021\/07\/benefit-stimmung-1-150x150.png\" alt=\"\" loading=\"lazy\" srcset=\"https:\/\/www.manheim-express.eu\/wp-content\/uploads\/2021\/07\/benefit-stimmung-1-150x150.png 150w, https:\/\/www.manheim-express.eu\/wp-content\/uploads\/2021\/07\/benefit-stimmung-1-300x300.png 300w, https:\/\/www.manheim-express.eu\/wp-content\/uploads\/2021\/07\/benefit-stimmung-1.png 304w\" sizes=\"auto, (max-width: 150px) 100vw, 150px\" \/>\t\t\t\t\t\t\t\t\t\t\t\t\t\t<\/p>\n<h5 style=\"font-family: Montserrat, sans-serif; color: #212529; text-align: center;\"><strong>SICHER<\/strong><\/h5>\n<p style=\"text-align: center;\">Gro\u00dfes Netzwerk aus gepr\u00fcften B2B-H\u00e4ndlern &amp; H\u00e4ndlerbewertungen f\u00fcr 100% Transparenz<\/p>\n<p>\t\t\t\t\t\t\t\t\t\t\t\t<img loading=\"lazy\" decoding=\"async\" width=\"150\" height=\"150\" src=\"https:\/\/www.manheim-express.eu\/wp-content\/uploads\/2021\/07\/wertbestimmung2x-150x150.png\" alt=\"\" loading=\"lazy\" srcset=\"https:\/\/www.manheim-express.eu\/wp-content\/uploads\/2021\/07\/wertbestimmung2x-150x150.png 150w, https:\/\/www.manheim-express.eu\/wp-content\/uploads\/2021\/07\/wertbestimmung2x-300x300.png 300w, https:\/\/www.manheim-express.eu\/wp-content\/uploads\/2021\/07\/wertbestimmung2x.png 304w\" sizes=\"auto, (max-width: 150px) 100vw, 150px\" \/>\t\t\t\t\t\t\t\t\t\t\t\t\t\t<\/p>\n<h5><strong>RENTABEL<\/strong><\/h5>\n<p>Umsatzboost durch signifikante Zeitersparnis dank digitaler Nachverhandlung auf der Plattform<\/p>\n<p>\t\t\t\t\t\t\t\t\t\t\t\t<img loading=\"lazy\" decoding=\"async\" width=\"150\" height=\"150\" src=\"https:\/\/www.manheim-express.eu\/wp-content\/uploads\/2021\/07\/Icon_TL_sammellieferung-150x150.png\" alt=\"\" loading=\"lazy\" srcset=\"https:\/\/www.manheim-express.eu\/wp-content\/uploads\/2021\/07\/Icon_TL_sammellieferung-150x150.png 150w, https:\/\/www.manheim-express.eu\/wp-content\/uploads\/2021\/07\/Icon_TL_sammellieferung-300x300.png 300w, https:\/\/www.manheim-express.eu\/wp-content\/uploads\/2021\/07\/Icon_TL_sammellieferung.png 304w\" sizes=\"auto, (max-width: 150px) 100vw, 150px\" \/>\t\t\t\t\t\t\t\t\t\t\t\t\t\t<\/p>\n<h5 style=\"font-family: Montserrat, sans-serif; color: #212529; text-align: center;\"><strong>KOMFORTABEL<\/strong><\/h5>\n<p style=\"text-align: center;\">Fahrzeugerfassung durch eigene Gutachter, Vertragsmanagement und Transportl\u00f6sung direkt im Anschluss an die Transaktion<\/p>\n<p>\t\t\t\t\t\t\t\t\t\t\t\t<img loading=\"lazy\" decoding=\"async\" width=\"150\" height=\"150\" src=\"https:\/\/www.manheim-express.eu\/wp-content\/uploads\/2021\/07\/sicher-verkaufsoptimierung_V1-150x150.png\" alt=\"\" loading=\"lazy\" srcset=\"https:\/\/www.manheim-express.eu\/wp-content\/uploads\/2021\/07\/sicher-verkaufsoptimierung_V1-150x150.png 150w, https:\/\/www.manheim-express.eu\/wp-content\/uploads\/2021\/07\/sicher-verkaufsoptimierung_V1-300x300.png 300w, https:\/\/www.manheim-express.eu\/wp-content\/uploads\/2021\/07\/sicher-verkaufsoptimierung_V1.png 304w\" sizes=\"auto, (max-width: 150px) 100vw, 150px\" \/>\t\t\t\t\t\t\t\t\t\t\t\t\t\t<\/p>\n<h5><strong>TRANSPARENT<\/strong><\/h5>\n<h5>Trade Desk Team zur <font size=\"3\">Unterst\u00fctzung bei Nachverhandlungen&nbsp;und allgemeinen Fragen<\/font><\/h5>\n<h3>\n\t\t\t\t\t\t\t\tF\u00fcr K\u00e4ufer\t\t\t\t\t\t\t<\/h3>\n<h3>\n\t\t\t\t\t\t\tNext Level Zukauf\t\t\t\t\t\t<\/h3>\n<p>\t\t\t\t\t\t\tBei Manheim Express profitierst Du von einer gro\u00dfen Auswahl an Gebrauchtwagen von Top-H\u00e4ndlern. Beim Kauf erh\u00e4ltst Du alle wichtigen Informationen, die Du brauchst, und kannst durch die Auktionsdynamik auch noch so richtig sparen! Wir sorgen dabei f\u00fcr 100% Sicherheit bei Deinen Transaktionen.<br \/>\n\t\t\t\t\t\t\t\t\t\t\t<a href=\"https:\/\/www.manheim-express.eu\/de\/autos-kaufen\/\"><br \/>\n\t\t\t\t\t\t\tHier klicken\t\t\t\t\t\t<\/a><\/p>\n<h3>\n\t\t\t\t\t\t\t\tF\u00fcr Verk\u00e4ufer\t\t\t\t\t\t\t<\/h3>\n<h3>\n\t\t\t\t\t\t\tDein Umsatzboost\t\t\t\t\t\t<\/h3>\n<p>\t\t\t\t\t\t\tFinde eine Vielzahl neuer K\u00e4ufer \u00fcber unser gepr\u00fcftes H\u00e4ndlernetzwerk und steigere Deine Verkaufszahlen! Mit wenigen Klicks stellen wir Deine Fahrzeuge auf die Plattform, und nehmen Dir die gesamte B\u00fcrokratie ab, sodass Du Dich voll und ganz auf das Wichtigste konzentrieren kannst: Dein Tagesgesch\u00e4ft!<br \/>\n\t\t\t\t\t\t\t\t\t\t\t<a href=\"https:\/\/www.manheim-express.eu\/de\/autos-verkaufen\/\" target=\"_blank\"><br \/>\n\t\t\t\t\t\t\tMehr Infos\t\t\t\t\t\t<\/a><br \/>\n\t\t\t\t\t\t\t\t\t\t\t\t<img loading=\"lazy\" decoding=\"async\" width=\"1326\" height=\"1383\" src=\"https:\/\/www.manheim-express.eu\/wp-content\/uploads\/2024\/04\/Web-1920-\u2013-1-1.png\" alt=\"\" loading=\"lazy\" srcset=\"https:\/\/www.manheim-express.eu\/wp-content\/uploads\/2024\/04\/Web-1920-\u2013-1-1.png 1326w, https:\/\/www.manheim-express.eu\/wp-content\/uploads\/2024\/04\/Web-1920-\u2013-1-1-288x300.png 288w, https:\/\/www.manheim-express.eu\/wp-content\/uploads\/2024\/04\/Web-1920-\u2013-1-1-982x1024.png 982w, https:\/\/www.manheim-express.eu\/wp-content\/uploads\/2024\/04\/Web-1920-\u2013-1-1-768x801.png 768w\" sizes=\"auto, (max-width: 1326px) 100vw, 1326px\" \/>\t\t\t\t\t\t\t\t\t\t\t\t\t\t<\/p>\n<h4><b>Du willst mehr vom Portal sehen?<br \/><\/b><\/h4>\n<p>\u00a0<\/p>\n<h2>Jetzt kostenlos Zugang\u00a0 anfordern:<\/h2>\n<p>\t\t\t\t\t\t\t\t\t\t\t\t<img loading=\"lazy\" decoding=\"async\" width=\"2560\" height=\"1239\" src=\"https:\/\/www.manheim-express.eu\/wp-content\/uploads\/2024\/01\/AdobeStock_328768383-5-scaled.jpg\" alt=\"\" loading=\"lazy\" srcset=\"https:\/\/www.manheim-express.eu\/wp-content\/uploads\/2024\/01\/AdobeStock_328768383-5-scaled.jpg 2560w, https:\/\/www.manheim-express.eu\/wp-content\/uploads\/2024\/01\/AdobeStock_328768383-5-300x145.jpg 300w, https:\/\/www.manheim-express.eu\/wp-content\/uploads\/2024\/01\/AdobeStock_328768383-5-1024x495.jpg 1024w, https:\/\/www.manheim-express.eu\/wp-content\/uploads\/2024\/01\/AdobeStock_328768383-5-768x372.jpg 768w, https:\/\/www.manheim-express.eu\/wp-content\/uploads\/2024\/01\/AdobeStock_328768383-5-1536x743.jpg 1536w, https:\/\/www.manheim-express.eu\/wp-content\/uploads\/2024\/01\/AdobeStock_328768383-5-2048x991.jpg 2048w\" sizes=\"auto, (max-width: 2560px) 100vw, 2560px\" \/>\t\t\t\t\t\t\t\t\t\t\t\t\t\t<\/p>\n<h3><strong>Google Bewertungen<\/strong><\/h3>\n<h2>4,4<\/h2>\n<p>\t\t\t\t\t\tSuper Plattform f\u00fcr den gezielten Ver- und Ankauf von H\u00e4ndlerware und auch Privatkundenfahrzeugen. Insbesondere die Betreuung nach dem Kauf und die Abwicklung klappt reibungslos. Weiter so!<br \/>\n\t\t\t\t\t\t\t\t<cite>Lars H\u00e4ger<\/cite><br \/>\n\t\t\t\t\t\tAlles super, schnelle Abwicklung vom Verkauf bis zur Abholung !!!<br \/>\n\t\t\t\t\t\t\t\t<cite>Wieslaw Paschenda<\/cite><br \/>\n\t\t\t\t\t\tSchnelle Abwicklung vom Kauf bis Abholung von Auktionsfahrzeugen. Gut beschriebene Fahrzeuge. Freundlicher Kundenservice !<br \/>\n\t\t\t\t\t\t\t\t<cite>Lars Kramarz<\/cite><br \/>\n\t\t\t\t\t\t\t\t\t\t\t\t\t\tVoriger<br \/>\n\t\t\t\t\t\t\t\t\t\t\t\t\t\tN\u00e4chster<br \/>\n\t\t\t\t\t\tFragen Zur Registrierung? Unser Kundenservice beantwortet sie Dir gerne!<br \/>\n\t\t\t\t\t<a><br \/>\n\t\t\t\t\t\tJetzt anrufen\t\t\t\t\t<\/a><\/p>\n","protected":false},"excerpt":{"rendered":"<p>Deine digitale Auktionsplattform f\u00fcr den gewerblichen Gebrauchtwagenhandel Kaufe und verkaufe Gebrauchtwagen so schnell und einfach wie noch nie! Bei Manheim Express hast du Zugriff auf ein gro\u00dfes Netzwerk gepr\u00fcfter Gebrauchtwagenh\u00e4ndler und die M\u00f6glichkeit, Fahrzeuge volldigital zu kaufen oder zu verkaufen \u2013 ganz ohne Abstriche und stattdessen mit reichlich Vorteilen! SICHER Gro\u00dfes Netzwerk aus gepr\u00fcften B2B-H\u00e4ndlern [&hellip;]<\/p>\n","protected":false},"author":8,"featured_media":0,"parent":0,"menu_order":0,"comment_status":"closed","ping_status":"closed","template":"","meta":{"_acf_changed":false,"footnotes":""},"wf_page_folders":[],"class_list":["post-18029","page","type-page","status-publish","hentry"],"acf":[],"yoast_head":"<!-- This site is optimized with the Yoast SEO plugin v25.8 - https:\/\/yoast.com\/wordpress\/plugins\/seo\/ -->\n<title>Sneak Peek Verk\u00e4ufer\/K\u00e4ufer - Manheim Express<\/title>\n<meta name=\"description\" content=\"Bei Manheim Express hast du Zugriff auf ein Netzwerk gepr\u00fcfter Gebrauchtwagenh\u00e4ndler &amp; die M\u00f6glichkeit, Fahrzeuge volldigital zu kaufen oder zu verkaufen.\" \/>\n<meta name=\"robots\" content=\"index, follow, max-snippet:-1, max-image-preview:large, max-video-preview:-1\" \/>\n<link rel=\"canonical\" href=\"https:\/\/www.manheim-express.eu\/de\/gebrauchtwagen-schnell-und-einfach-kaufen-und-verkaufen\/\" \/>\n<meta property=\"og:locale\" content=\"de_DE\" \/>\n<meta property=\"og:type\" content=\"article\" \/>\n<meta property=\"og:title\" content=\"Sneak Peek Verk\u00e4ufer\/K\u00e4ufer - Manheim Express\" \/>\n<meta property=\"og:description\" content=\"Bei Manheim Express hast du Zugriff auf ein Netzwerk gepr\u00fcfter Gebrauchtwagenh\u00e4ndler &amp; die M\u00f6glichkeit, Fahrzeuge volldigital zu kaufen oder zu verkaufen.\" \/>\n<meta property=\"og:url\" content=\"https:\/\/www.manheim-express.eu\/de\/gebrauchtwagen-schnell-und-einfach-kaufen-und-verkaufen\/\" \/>\n<meta property=\"og:site_name\" content=\"Manheim Express\" \/>\n<meta property=\"article:publisher\" content=\"https:\/\/www.facebook.com\/manheimexpresseurope\/\" \/>\n<meta property=\"article:modified_time\" content=\"2024-11-15T10:13:15+00:00\" \/>\n<meta property=\"og:image\" content=\"https:\/\/www.manheim-express.eu\/wp-content\/uploads\/2024\/10\/LANDINGPAGE_HEADER-2.png\" \/>\n<meta name=\"twitter:card\" content=\"summary_large_image\" \/>\n<meta name=\"twitter:label1\" content=\"Gesch\u00e4tzte Lesezeit\" \/>\n\t<meta name=\"twitter:data1\" content=\"1\u00a0Minute\" \/>\n<script type=\"application\/ld+json\" class=\"yoast-schema-graph\">{\"@context\":\"https:\/\/schema.org\",\"@graph\":[{\"@type\":\"WebPage\",\"@id\":\"https:\/\/www.manheim-express.eu\/de\/gebrauchtwagen-schnell-und-einfach-kaufen-und-verkaufen\/\",\"url\":\"https:\/\/www.manheim-express.eu\/de\/gebrauchtwagen-schnell-und-einfach-kaufen-und-verkaufen\/\",\"name\":\"Sneak Peek Verk\u00e4ufer\/K\u00e4ufer - Manheim Express\",\"isPartOf\":{\"@id\":\"https:\/\/www.manheim-express.eu\/de\/#website\"},\"primaryImageOfPage\":{\"@id\":\"https:\/\/www.manheim-express.eu\/de\/gebrauchtwagen-schnell-und-einfach-kaufen-und-verkaufen\/#primaryimage\"},\"image\":{\"@id\":\"https:\/\/www.manheim-express.eu\/de\/gebrauchtwagen-schnell-und-einfach-kaufen-und-verkaufen\/#primaryimage\"},\"thumbnailUrl\":\"https:\/\/www.manheim-express.eu\/wp-content\/uploads\/2024\/10\/LANDINGPAGE_HEADER-2.png\",\"datePublished\":\"2024-04-30T14:59:56+00:00\",\"dateModified\":\"2024-11-15T10:13:15+00:00\",\"description\":\"Bei Manheim Express hast du Zugriff auf ein Netzwerk gepr\u00fcfter Gebrauchtwagenh\u00e4ndler & die M\u00f6glichkeit, Fahrzeuge volldigital zu kaufen oder zu verkaufen.\",\"breadcrumb\":{\"@id\":\"https:\/\/www.manheim-express.eu\/de\/gebrauchtwagen-schnell-und-einfach-kaufen-und-verkaufen\/#breadcrumb\"},\"inLanguage\":\"de\",\"potentialAction\":[{\"@type\":\"ReadAction\",\"target\":[\"https:\/\/www.manheim-express.eu\/de\/gebrauchtwagen-schnell-und-einfach-kaufen-und-verkaufen\/\"]}]},{\"@type\":\"ImageObject\",\"inLanguage\":\"de\",\"@id\":\"https:\/\/www.manheim-express.eu\/de\/gebrauchtwagen-schnell-und-einfach-kaufen-und-verkaufen\/#primaryimage\",\"url\":\"https:\/\/www.manheim-express.eu\/wp-content\/uploads\/2024\/10\/LANDINGPAGE_HEADER-2.png\",\"contentUrl\":\"https:\/\/www.manheim-express.eu\/wp-content\/uploads\/2024\/10\/LANDINGPAGE_HEADER-2.png\"},{\"@type\":\"BreadcrumbList\",\"@id\":\"https:\/\/www.manheim-express.eu\/de\/gebrauchtwagen-schnell-und-einfach-kaufen-und-verkaufen\/#breadcrumb\",\"itemListElement\":[{\"@type\":\"ListItem\",\"position\":1,\"name\":\"Home\",\"item\":\"https:\/\/www.manheim-express.eu\/de\/\"},{\"@type\":\"ListItem\",\"position\":2,\"name\":\"Sneak Peek Verk\u00e4ufer\/K\u00e4ufer\"}]},{\"@type\":\"WebSite\",\"@id\":\"https:\/\/www.manheim-express.eu\/de\/#website\",\"url\":\"https:\/\/www.manheim-express.eu\/de\/\",\"name\":\"Manheim Express\",\"description\":\"\",\"publisher\":{\"@id\":\"https:\/\/www.manheim-express.eu\/de\/#organization\"},\"potentialAction\":[{\"@type\":\"SearchAction\",\"target\":{\"@type\":\"EntryPoint\",\"urlTemplate\":\"https:\/\/www.manheim-express.eu\/de\/?s={search_term_string}\"},\"query-input\":{\"@type\":\"PropertyValueSpecification\",\"valueRequired\":true,\"valueName\":\"search_term_string\"}}],\"inLanguage\":\"de\"},{\"@type\":\"Organization\",\"@id\":\"https:\/\/www.manheim-express.eu\/de\/#organization\",\"name\":\"Manheim Express\",\"url\":\"https:\/\/www.manheim-express.eu\/de\/\",\"logo\":{\"@type\":\"ImageObject\",\"inLanguage\":\"de\",\"@id\":\"https:\/\/www.manheim-express.eu\/de\/#\/schema\/logo\/image\/\",\"url\":\"https:\/\/www.manheim-express.eu\/wp-content\/uploads\/2021\/07\/manheim-express-logo-light.png\",\"contentUrl\":\"https:\/\/www.manheim-express.eu\/wp-content\/uploads\/2021\/07\/manheim-express-logo-light.png\",\"width\":1163,\"height\":392,\"caption\":\"Manheim Express\"},\"image\":{\"@id\":\"https:\/\/www.manheim-express.eu\/de\/#\/schema\/logo\/image\/\"},\"sameAs\":[\"https:\/\/www.facebook.com\/manheimexpresseurope\/\",\"https:\/\/www.instagram.com\/manheim.express\",\"https:\/\/www.linkedin.com\/company\/manheim-express\/\",\"https:\/\/www.youtube.com\/channel\/UCRKJajJPvJv-ao7Tk7qra5Q\/\"]}]}<\/script>\n<!-- \/ Yoast SEO plugin. -->","yoast_head_json":{"title":"Sneak Peek Verk\u00e4ufer\/K\u00e4ufer - Manheim Express","description":"Bei Manheim Express hast du Zugriff auf ein Netzwerk gepr\u00fcfter Gebrauchtwagenh\u00e4ndler & die M\u00f6glichkeit, Fahrzeuge volldigital zu kaufen oder zu verkaufen.","robots":{"index":"index","follow":"follow","max-snippet":"max-snippet:-1","max-image-preview":"max-image-preview:large","max-video-preview":"max-video-preview:-1"},"canonical":"https:\/\/www.manheim-express.eu\/de\/gebrauchtwagen-schnell-und-einfach-kaufen-und-verkaufen\/","og_locale":"de_DE","og_type":"article","og_title":"Sneak Peek Verk\u00e4ufer\/K\u00e4ufer - Manheim Express","og_description":"Bei Manheim Express hast du Zugriff auf ein Netzwerk gepr\u00fcfter Gebrauchtwagenh\u00e4ndler & die M\u00f6glichkeit, Fahrzeuge volldigital zu kaufen oder zu verkaufen.","og_url":"https:\/\/www.manheim-express.eu\/de\/gebrauchtwagen-schnell-und-einfach-kaufen-und-verkaufen\/","og_site_name":"Manheim Express","article_publisher":"https:\/\/www.facebook.com\/manheimexpresseurope\/","article_modified_time":"2024-11-15T10:13:15+00:00","og_image":[{"url":"https:\/\/www.manheim-express.eu\/wp-content\/uploads\/2024\/10\/LANDINGPAGE_HEADER-2.png","type":"","width":"","height":""}],"twitter_card":"summary_large_image","twitter_misc":{"Gesch\u00e4tzte Lesezeit":"1\u00a0Minute"},"schema":{"@context":"https:\/\/schema.org","@graph":[{"@type":"WebPage","@id":"https:\/\/www.manheim-express.eu\/de\/gebrauchtwagen-schnell-und-einfach-kaufen-und-verkaufen\/","url":"https:\/\/www.manheim-express.eu\/de\/gebrauchtwagen-schnell-und-einfach-kaufen-und-verkaufen\/","name":"Sneak Peek Verk\u00e4ufer\/K\u00e4ufer - Manheim Express","isPartOf":{"@id":"https:\/\/www.manheim-express.eu\/de\/#website"},"primaryImageOfPage":{"@id":"https:\/\/www.manheim-express.eu\/de\/gebrauchtwagen-schnell-und-einfach-kaufen-und-verkaufen\/#primaryimage"},"image":{"@id":"https:\/\/www.manheim-express.eu\/de\/gebrauchtwagen-schnell-und-einfach-kaufen-und-verkaufen\/#primaryimage"},"thumbnailUrl":"https:\/\/www.manheim-express.eu\/wp-content\/uploads\/2024\/10\/LANDINGPAGE_HEADER-2.png","datePublished":"2024-04-30T14:59:56+00:00","dateModified":"2024-11-15T10:13:15+00:00","description":"Bei Manheim Express hast du Zugriff auf ein Netzwerk gepr\u00fcfter Gebrauchtwagenh\u00e4ndler & die M\u00f6glichkeit, Fahrzeuge volldigital zu kaufen oder zu verkaufen.","breadcrumb":{"@id":"https:\/\/www.manheim-express.eu\/de\/gebrauchtwagen-schnell-und-einfach-kaufen-und-verkaufen\/#breadcrumb"},"inLanguage":"de","potentialAction":[{"@type":"ReadAction","target":["https:\/\/www.manheim-express.eu\/de\/gebrauchtwagen-schnell-und-einfach-kaufen-und-verkaufen\/"]}]},{"@type":"ImageObject","inLanguage":"de","@id":"https:\/\/www.manheim-express.eu\/de\/gebrauchtwagen-schnell-und-einfach-kaufen-und-verkaufen\/#primaryimage","url":"https:\/\/www.manheim-express.eu\/wp-content\/uploads\/2024\/10\/LANDINGPAGE_HEADER-2.png","contentUrl":"https:\/\/www.manheim-express.eu\/wp-content\/uploads\/2024\/10\/LANDINGPAGE_HEADER-2.png"},{"@type":"BreadcrumbList","@id":"https:\/\/www.manheim-express.eu\/de\/gebrauchtwagen-schnell-und-einfach-kaufen-und-verkaufen\/#breadcrumb","itemListElement":[{"@type":"ListItem","position":1,"name":"Home","item":"https:\/\/www.manheim-express.eu\/de\/"},{"@type":"ListItem","position":2,"name":"Sneak Peek Verk\u00e4ufer\/K\u00e4ufer"}]},{"@type":"WebSite","@id":"https:\/\/www.manheim-express.eu\/de\/#website","url":"https:\/\/www.manheim-express.eu\/de\/","name":"Manheim Express","description":"","publisher":{"@id":"https:\/\/www.manheim-express.eu\/de\/#organization"},"potentialAction":[{"@type":"SearchAction","target":{"@type":"EntryPoint","urlTemplate":"https:\/\/www.manheim-express.eu\/de\/?s={search_term_string}"},"query-input":{"@type":"PropertyValueSpecification","valueRequired":true,"valueName":"search_term_string"}}],"inLanguage":"de"},{"@type":"Organization","@id":"https:\/\/www.manheim-express.eu\/de\/#organization","name":"Manheim Express","url":"https:\/\/www.manheim-express.eu\/de\/","logo":{"@type":"ImageObject","inLanguage":"de","@id":"https:\/\/www.manheim-express.eu\/de\/#\/schema\/logo\/image\/","url":"https:\/\/www.manheim-express.eu\/wp-content\/uploads\/2021\/07\/manheim-express-logo-light.png","contentUrl":"https:\/\/www.manheim-express.eu\/wp-content\/uploads\/2021\/07\/manheim-express-logo-light.png","width":1163,"height":392,"caption":"Manheim Express"},"image":{"@id":"https:\/\/www.manheim-express.eu\/de\/#\/schema\/logo\/image\/"},"sameAs":["https:\/\/www.facebook.com\/manheimexpresseurope\/","https:\/\/www.instagram.com\/manheim.express","https:\/\/www.linkedin.com\/company\/manheim-express\/","https:\/\/www.youtube.com\/channel\/UCRKJajJPvJv-ao7Tk7qra5Q\/"]}]}},"_links":{"self":[{"href":"https:\/\/www.manheim-express.eu\/de\/wp-json\/wp\/v2\/pages\/18029","targetHints":{"allow":["GET"]}}],"collection":[{"href":"https:\/\/www.manheim-express.eu\/de\/wp-json\/wp\/v2\/pages"}],"about":[{"href":"https:\/\/www.manheim-express.eu\/de\/wp-json\/wp\/v2\/types\/page"}],"author":[{"embeddable":true,"href":"https:\/\/www.manheim-express.eu\/de\/wp-json\/wp\/v2\/users\/8"}],"replies":[{"embeddable":true,"href":"https:\/\/www.manheim-express.eu\/de\/wp-json\/wp\/v2\/comments?post=18029"}],"version-history":[{"count":51,"href":"https:\/\/www.manheim-express.eu\/de\/wp-json\/wp\/v2\/pages\/18029\/revisions"}],"predecessor-version":[{"id":19155,"href":"https:\/\/www.manheim-express.eu\/de\/wp-json\/wp\/v2\/pages\/18029\/revisions\/19155"}],"wp:attachment":[{"href":"https:\/\/www.manheim-express.eu\/de\/wp-json\/wp\/v2\/media?parent=18029"}],"wp:term":[{"taxonomy":"wf_page_folders","embeddable":true,"href":"https:\/\/www.manheim-express.eu\/de\/wp-json\/wp\/v2\/wf_page_folders?post=18029"}],"curies":[{"name":"wp","href":"https:\/\/api.w.org\/{rel}","templated":true}]}}