{"id":16648,"date":"2024-01-15T17:00:09","date_gmt":"2024-01-15T17:00:09","guid":{"rendered":"https:\/\/www.manheim-express.eu\/?page_id=16648"},"modified":"2024-01-15T17:00:11","modified_gmt":"2024-01-15T17:00:11","slug":"versteigerung-fur-handler","status":"publish","type":"page","link":"https:\/\/www.manheim-express.eu\/de\/glossar\/versteigerung-fur-handler\/","title":{"rendered":"Versteigerung f\u00fcr H\u00e4ndler"},"content":{"rendered":"\t\t<div data-elementor-type=\"wp-page\" data-elementor-id=\"16648\" class=\"elementor elementor-16648\" data-elementor-post-type=\"page\">\n\t\t\t\t\t\t<section class=\"elementor-section elementor-top-section elementor-element elementor-element-5ad223c elementor-section-full_width elementor-section-stretched elementor-section-height-default elementor-section-height-default\" data-id=\"5ad223c\" data-element_type=\"section\" data-settings=\"{&quot;stretch_section&quot;:&quot;section-stretched&quot;}\">\n\t\t\t\t\t\t<div class=\"elementor-container elementor-column-gap-default\">\n\t\t\t\t\t<div class=\"elementor-column elementor-col-50 elementor-top-column elementor-element elementor-element-d3b519c\" data-id=\"d3b519c\" data-element_type=\"column\" data-settings=\"{&quot;background_background&quot;:&quot;classic&quot;}\">\n\t\t\t<div class=\"elementor-widget-wrap elementor-element-populated\">\n\t\t\t\t\t\t<div class=\"elementor-element elementor-element-036dc3a elementor-widget elementor-widget-text-editor\" data-id=\"036dc3a\" data-element_type=\"widget\" data-widget_type=\"text-editor.default\">\n\t\t\t\t<div class=\"elementor-widget-container\">\n\t\t\t\t\t\t\t\t\t<h2>Als H\u00e4ndler Autos im Handumdrehen versteigern?<\/h2>\t\t\t\t\t\t\t\t<\/div>\n\t\t\t\t<\/div>\n\t\t\t\t<div class=\"elementor-element elementor-element-21c3353 elementor-widget elementor-widget-text-editor\" data-id=\"21c3353\" data-element_type=\"widget\" data-widget_type=\"text-editor.default\">\n\t\t\t\t<div class=\"elementor-widget-container\">\n\t\t\t\t\t\t\t\t\t<h3 class=\"\">Lernen Sie die B2B-Tools von Manheim Express kennen!<\/h3>\t\t\t\t\t\t\t\t<\/div>\n\t\t\t\t<\/div>\n\t\t\t\t<div class=\"elementor-element elementor-element-c37119d elementor-widget elementor-widget-text-editor\" data-id=\"c37119d\" data-element_type=\"widget\" data-widget_type=\"text-editor.default\">\n\t\t\t\t<div class=\"elementor-widget-container\">\n\t\t\t\t\t\t\t\t\t<p>Wer als H\u00e4ndler heute erfolgreich auf dem Markt mitspielen will, kann es sich nicht mehr erlauben, nach Schema F auf die immer gleichen Verkaufsstrategien zu setzen. Die Dynamik des Online-Tradings hat sich auf die gesamte Branche ausgewirkt und sie geh\u00f6rig durchgewirbelt \u2013 mit Chancen und Risiken f\u00fcr H\u00e4ndler und Kunden. Wenn es darum geht, Autos schnell und mit wenig Aufwand an den Mann oder die Frau zu bringen, hat sich die Versteigerung via Online-Auktion als effektive Methode f\u00fcr H\u00e4ndler etabliert. Die Plattform\u00a0<span style=\"font-weight: bolder;\">Manheim Express<\/span>\u00a0hat sich auf den Autohandel im B2B-Sektor spezialisiert. Das Ziel: es H\u00e4ndlern so einfach wie m\u00f6glich zu machen, mit Autos jeglicher Art schnell und nach Bedarf zu handeln.<\/p>\t\t\t\t\t\t\t\t<\/div>\n\t\t\t\t<\/div>\n\t\t\t\t<div class=\"elementor-element elementor-element-76774e4 elementor-widget elementor-widget-button\" data-id=\"76774e4\" data-element_type=\"widget\" data-widget_type=\"button.default\">\n\t\t\t\t<div class=\"elementor-widget-container\">\n\t\t\t\t\t\t\t\t\t<div class=\"elementor-button-wrapper\">\n\t\t\t\t\t<a class=\"elementor-button elementor-button-link elementor-size-lg\" href=\"#\">\n\t\t\t\t\t\t<span class=\"elementor-button-content-wrapper\">\n\t\t\t\t\t\t\t\t\t<span class=\"elementor-button-text\">Mehr Infos finden Sie hier<\/span>\n\t\t\t\t\t<\/span>\n\t\t\t\t\t<\/a>\n\t\t\t\t<\/div>\n\t\t\t\t\t\t\t\t<\/div>\n\t\t\t\t<\/div>\n\t\t\t\t<div class=\"elementor-element elementor-element-93513c7 elementor-widget elementor-widget-image\" data-id=\"93513c7\" data-element_type=\"widget\" data-widget_type=\"image.default\">\n\t\t\t\t<div class=\"elementor-widget-container\">\n\t\t\t\t\t\t\t\t\t\t\t\t\t\t\t<img fetchpriority=\"high\" decoding=\"async\" width=\"800\" height=\"389\" src=\"https:\/\/www.manheim-express.eu\/wp-content\/uploads\/2022\/11\/Manheim-Express-Estate-car.png\" class=\"attachment-large size-large wp-image-14639\" alt=\"\" srcset=\"https:\/\/www.manheim-express.eu\/wp-content\/uploads\/2022\/11\/Manheim-Express-Estate-car.png 1024w, https:\/\/www.manheim-express.eu\/wp-content\/uploads\/2022\/11\/Manheim-Express-Estate-car-300x146.png 300w, https:\/\/www.manheim-express.eu\/wp-content\/uploads\/2022\/11\/Manheim-Express-Estate-car-768x374.png 768w\" sizes=\"(max-width: 800px) 100vw, 800px\" \/>\t\t\t\t\t\t\t\t\t\t\t\t\t\t\t<\/div>\n\t\t\t\t<\/div>\n\t\t\t\t\t<\/div>\n\t\t<\/div>\n\t\t\t\t<div class=\"elementor-column elementor-col-50 elementor-top-column elementor-element elementor-element-213236b\" data-id=\"213236b\" data-element_type=\"column\" data-settings=\"{&quot;background_background&quot;:&quot;classic&quot;}\">\n\t\t\t<div class=\"elementor-widget-wrap elementor-element-populated\">\n\t\t\t\t\t\t<div class=\"elementor-element elementor-element-e50b614 elementor-widget elementor-widget-text-editor\" data-id=\"e50b614\" data-element_type=\"widget\" data-widget_type=\"text-editor.default\">\n\t\t\t\t<div class=\"elementor-widget-container\">\n\t\t\t\t\t\t\t\t\t<h2 class=\"\">Was H\u00e4ndler bei der Versteigerung von Autos beachten sollten<\/h2>\t\t\t\t\t\t\t\t<\/div>\n\t\t\t\t<\/div>\n\t\t\t\t<div class=\"elementor-element elementor-element-8d896a4 elementor-widget elementor-widget-text-editor\" data-id=\"8d896a4\" data-element_type=\"widget\" data-widget_type=\"text-editor.default\">\n\t\t\t\t<div class=\"elementor-widget-container\">\n\t\t\t\t\t\t\t\t\t<p>F\u00fcr immer mehr H\u00e4ndler ist die Er- und Versteigerung von Autos im Internet nicht nur zur Selbstverst\u00e4ndlichkeit, sondern auch unverzichtbar geworden. Der Online-Markt ist mittlerweile schlicht zu gro\u00df und einflussreich, um im t\u00e4glichen Handelsgesch\u00e4ft ignoriert zu werden. Die Frage hei\u00dft f\u00fcr H\u00e4ndler daher oft nicht mehr: Soll ich am Online-Trading teilnehmen? Sondern: Wo und wie kann ich effektiv, nach meinen Bed\u00fcrfnissen und m\u00f6glichst g\u00fcnstig handeln? Doch wer sich als H\u00e4ndler auf dem Markt umsieht und auf die Suche nach der optimalen Plattform zur Versteigerung seiner Autos macht, stellt schnell fest, dass der Markt in wenigen Jahren un\u00fcbersichtlich geworden ist. Verwunderlich ist das nicht: Die Vorteile, die H\u00e4ndler durch die Versteigerung ihrer Autos im Internet haben, liegen auf der Hand. Anstatt langwierige Anfahrten und Preisverhandlungen in Kauf zu nehmen, lassen sich \u00fcber eine Versteigerung im Internet Gesch\u00e4ftsabschl\u00fcsse in wenigen Minuten generieren und auch der Zukauf von Fahrzeugen gestaltet sich online deutlich einfacher. Dennoch sind H\u00e4ndler gut beraten, sich vor der Nutzung einer Versteigerung ausf\u00fchrlich \u00fcber das jeweilige Angebot der Plattform und m\u00f6gliche Alternativen zu informieren. Denn mitunter bestehen deutliche Unterschiede zwischen den Online-Portalen in Sachen Service, Verkaufsoptionen und Geb\u00fchren. Auch ein kritischer Blick auf das eigene Gesch\u00e4ftsmodell kann helfen, die passende Trading-Plattform zu finden.<\/p>\t\t\t\t\t\t\t\t<\/div>\n\t\t\t\t<\/div>\n\t\t\t\t<div class=\"elementor-element elementor-element-e9c050a elementor-widget elementor-widget-text-editor\" data-id=\"e9c050a\" data-element_type=\"widget\" data-widget_type=\"text-editor.default\">\n\t\t\t\t<div class=\"elementor-widget-container\">\n\t\t\t\t\t\t\t\t\t<h2 class=\"\">Wie Sie als H\u00e4ndler mit Manheim Express effektiv handeln<\/h2>\t\t\t\t\t\t\t\t<\/div>\n\t\t\t\t<\/div>\n\t\t\t\t<div class=\"elementor-element elementor-element-572a03f elementor-widget elementor-widget-text-editor\" data-id=\"572a03f\" data-element_type=\"widget\" data-widget_type=\"text-editor.default\">\n\t\t\t\t<div class=\"elementor-widget-container\">\n\t\t\t\t\t\t\t\t\t<p>Im Verlauf weniger Jahre hat sich der B2B-Bereich f\u00fcr die Versteigerung gebrauchter Autos im Internet in eine Vielzahl an Plattformen, Portalen und Auktionsangeboten f\u00fcr H\u00e4ndler ausdifferenziert. Nicht nur f\u00fcr Neulinge im Bereich der Versteigerung von Autos stellt sich die Frage, welcher Anbieter den eigenen Bed\u00fcrfnissen am n\u00e4chsten kommt. Als H\u00e4ndler k\u00f6nnen Sie von der Ausrichtung von\u00a0<span style=\"font-weight: bolder;\">Manheim Express<\/span>\u00a0auf das B2B-Business profitieren. W\u00e4hrend bei der Versteigerung an Endverbraucher ein Ausschluss der Gew\u00e4hrleistung nicht m\u00f6glich ist, k\u00f6nnen Autos im B2B-Sektor auf der Plattform gew\u00e4hrleistungsfrei gehandelt werden. Hinzu kommen spezifische Faktoren und Anforderungen im B2B-Bereich, die bei der Entwicklung\u00a0<span style=\"font-weight: bolder;\">Manheim Express<\/span>\u00a0gezielt ber\u00fccksichtigt worden sind. So sind f\u00fcr fast jeden H\u00e4ndler Inzahlungnahmen beim Verkauf von Autos an \u00a0Endkunden an der Tagesordnung. F\u00fcr H\u00e4ndler sind sie oft ein zweischneidiges Gesch\u00e4ft: einerseits macht die Inzahlungnahme einen lukrativen Verkaufsabschluss m\u00f6glich, anderseits in der in Zahlung genommen Wagen oft schwer weiterzuverkaufen und droht zum Langsteher zu werden. Hier kommt\u00a0<span style=\"font-weight: bolder;\">Manheim Express<\/span>\u00a0ins Spiel: mit dem Inzahlungnahme-Tool lassen sich Autos deutlich schneller und zuverl\u00e4ssiger weiterverkaufen. Das schafft Platz f\u00fcr neue Fahrzeuge auf dem Hof und bringt Schwung in den eigenen Handel. Zus\u00e4tzlich bietet\u00a0<span style=\"font-weight: bolder;\">Manheim Express<\/span>\u00a0H\u00e4ndlern eine Vielzahl an Optionen f\u00fcr die Versteigerung und den Verkauf von Autos sowie Service nach individuellen Anforderungen. Durch innovative und effektive Tools k\u00f6nnen Gesch\u00e4ftsmodelle auch kurzfristig variiert und flexibel an sich ver\u00e4ndernde Marktlagen angepasst werden.<\/p>\t\t\t\t\t\t\t\t<\/div>\n\t\t\t\t<\/div>\n\t\t\t\t\t<\/div>\n\t\t<\/div>\n\t\t\t\t\t<\/div>\n\t\t<\/section>\n\t\t\t\t<\/div>\n\t\t","protected":false},"excerpt":{"rendered":"<p>Als H\u00e4ndler Autos im Handumdrehen versteigern? Lernen Sie die B2B-Tools von Manheim Express kennen! Wer als H\u00e4ndler heute erfolgreich auf dem Markt mitspielen will, kann es sich nicht mehr erlauben, nach Schema F auf die immer gleichen Verkaufsstrategien zu setzen. Die Dynamik des Online-Tradings hat sich auf die gesamte Branche ausgewirkt und sie geh\u00f6rig durchgewirbelt [&hellip;]<\/p>\n","protected":false},"author":12,"featured_media":0,"parent":11571,"menu_order":0,"comment_status":"closed","ping_status":"closed","template":"","meta":{"_acf_changed":false,"footnotes":""},"wf_page_folders":[156],"class_list":["post-16648","page","type-page","status-publish","hentry"],"acf":[],"yoast_head":"<!-- This site is optimized with the Yoast SEO plugin v25.8 - https:\/\/yoast.com\/wordpress\/plugins\/seo\/ -->\n<title>Versteigerung f\u00fcr H\u00e4ndler - Manheim Express die neue Auktionsplattform f\u00fcr den KFZ Handel<\/title>\n<meta name=\"description\" content=\"F\u00fcr immer mehr H\u00e4ndler ist die Er- und Versteigerung von Autos im Internet nicht nur zur Selbstverst\u00e4ndlichkeit, sondern auch unverzichtbar geworden.\" \/>\n<meta name=\"robots\" content=\"index, follow, max-snippet:-1, max-image-preview:large, max-video-preview:-1\" \/>\n<link rel=\"canonical\" href=\"https:\/\/www.manheim-express.eu\/de\/glossar\/versteigerung-fur-handler\/\" \/>\n<meta property=\"og:locale\" content=\"de_DE\" \/>\n<meta property=\"og:type\" content=\"article\" \/>\n<meta property=\"og:title\" content=\"Versteigerung f\u00fcr H\u00e4ndler - Manheim Express die neue Auktionsplattform f\u00fcr den KFZ Handel\" \/>\n<meta property=\"og:description\" content=\"F\u00fcr immer mehr H\u00e4ndler ist die Er- und Versteigerung von Autos im Internet nicht nur zur Selbstverst\u00e4ndlichkeit, sondern auch unverzichtbar geworden.\" \/>\n<meta property=\"og:url\" content=\"https:\/\/www.manheim-express.eu\/de\/glossar\/versteigerung-fur-handler\/\" \/>\n<meta property=\"og:site_name\" content=\"Manheim Express\" \/>\n<meta property=\"article:publisher\" content=\"https:\/\/www.facebook.com\/manheimexpresseurope\/\" \/>\n<meta property=\"article:modified_time\" content=\"2024-01-15T17:00:11+00:00\" \/>\n<meta property=\"og:image\" content=\"https:\/\/www.manheim-express.eu\/wp-content\/uploads\/2022\/11\/Manheim-Express-Estate-car.png\" \/>\n<meta name=\"twitter:card\" content=\"summary_large_image\" \/>\n<meta name=\"twitter:label1\" content=\"Gesch\u00e4tzte Lesezeit\" \/>\n\t<meta name=\"twitter:data1\" content=\"3\u00a0Minuten\" \/>\n<script type=\"application\/ld+json\" class=\"yoast-schema-graph\">{\"@context\":\"https:\/\/schema.org\",\"@graph\":[{\"@type\":\"WebPage\",\"@id\":\"https:\/\/www.manheim-express.eu\/de\/glossar\/versteigerung-fur-handler\/\",\"url\":\"https:\/\/www.manheim-express.eu\/de\/glossar\/versteigerung-fur-handler\/\",\"name\":\"Versteigerung f\u00fcr H\u00e4ndler - Manheim Express die neue Auktionsplattform f\u00fcr den KFZ Handel\",\"isPartOf\":{\"@id\":\"https:\/\/www.manheim-express.eu\/de\/#website\"},\"primaryImageOfPage\":{\"@id\":\"https:\/\/www.manheim-express.eu\/de\/glossar\/versteigerung-fur-handler\/#primaryimage\"},\"image\":{\"@id\":\"https:\/\/www.manheim-express.eu\/de\/glossar\/versteigerung-fur-handler\/#primaryimage\"},\"thumbnailUrl\":\"https:\/\/www.manheim-express.eu\/wp-content\/uploads\/2022\/11\/Manheim-Express-Estate-car.png\",\"datePublished\":\"2024-01-15T17:00:09+00:00\",\"dateModified\":\"2024-01-15T17:00:11+00:00\",\"description\":\"F\u00fcr immer mehr H\u00e4ndler ist die Er- und Versteigerung von Autos im Internet nicht nur zur Selbstverst\u00e4ndlichkeit, sondern auch unverzichtbar geworden.\",\"breadcrumb\":{\"@id\":\"https:\/\/www.manheim-express.eu\/de\/glossar\/versteigerung-fur-handler\/#breadcrumb\"},\"inLanguage\":\"de\",\"potentialAction\":[{\"@type\":\"ReadAction\",\"target\":[\"https:\/\/www.manheim-express.eu\/de\/glossar\/versteigerung-fur-handler\/\"]}]},{\"@type\":\"ImageObject\",\"inLanguage\":\"de\",\"@id\":\"https:\/\/www.manheim-express.eu\/de\/glossar\/versteigerung-fur-handler\/#primaryimage\",\"url\":\"https:\/\/www.manheim-express.eu\/wp-content\/uploads\/2022\/11\/Manheim-Express-Estate-car.png\",\"contentUrl\":\"https:\/\/www.manheim-express.eu\/wp-content\/uploads\/2022\/11\/Manheim-Express-Estate-car.png\"},{\"@type\":\"BreadcrumbList\",\"@id\":\"https:\/\/www.manheim-express.eu\/de\/glossar\/versteigerung-fur-handler\/#breadcrumb\",\"itemListElement\":[{\"@type\":\"ListItem\",\"position\":1,\"name\":\"Home\",\"item\":\"https:\/\/www.manheim-express.eu\/de\/\"},{\"@type\":\"ListItem\",\"position\":2,\"name\":\"Glossar\",\"item\":\"https:\/\/www.manheim-express.eu\/de\/glossar\/\"},{\"@type\":\"ListItem\",\"position\":3,\"name\":\"Versteigerung f\u00fcr H\u00e4ndler\"}]},{\"@type\":\"WebSite\",\"@id\":\"https:\/\/www.manheim-express.eu\/de\/#website\",\"url\":\"https:\/\/www.manheim-express.eu\/de\/\",\"name\":\"Manheim Express\",\"description\":\"\",\"publisher\":{\"@id\":\"https:\/\/www.manheim-express.eu\/de\/#organization\"},\"potentialAction\":[{\"@type\":\"SearchAction\",\"target\":{\"@type\":\"EntryPoint\",\"urlTemplate\":\"https:\/\/www.manheim-express.eu\/de\/?s={search_term_string}\"},\"query-input\":{\"@type\":\"PropertyValueSpecification\",\"valueRequired\":true,\"valueName\":\"search_term_string\"}}],\"inLanguage\":\"de\"},{\"@type\":\"Organization\",\"@id\":\"https:\/\/www.manheim-express.eu\/de\/#organization\",\"name\":\"Manheim Express\",\"url\":\"https:\/\/www.manheim-express.eu\/de\/\",\"logo\":{\"@type\":\"ImageObject\",\"inLanguage\":\"de\",\"@id\":\"https:\/\/www.manheim-express.eu\/de\/#\/schema\/logo\/image\/\",\"url\":\"https:\/\/www.manheim-express.eu\/wp-content\/uploads\/2021\/07\/manheim-express-logo-light.png\",\"contentUrl\":\"https:\/\/www.manheim-express.eu\/wp-content\/uploads\/2021\/07\/manheim-express-logo-light.png\",\"width\":1163,\"height\":392,\"caption\":\"Manheim Express\"},\"image\":{\"@id\":\"https:\/\/www.manheim-express.eu\/de\/#\/schema\/logo\/image\/\"},\"sameAs\":[\"https:\/\/www.facebook.com\/manheimexpresseurope\/\",\"https:\/\/www.instagram.com\/manheim.express\",\"https:\/\/www.linkedin.com\/company\/manheim-express\/\",\"https:\/\/www.youtube.com\/channel\/UCRKJajJPvJv-ao7Tk7qra5Q\/\"]}]}<\/script>\n<!-- \/ Yoast SEO plugin. -->","yoast_head_json":{"title":"Versteigerung f\u00fcr H\u00e4ndler - Manheim Express die neue Auktionsplattform f\u00fcr den KFZ Handel","description":"F\u00fcr immer mehr H\u00e4ndler ist die Er- und Versteigerung von Autos im Internet nicht nur zur Selbstverst\u00e4ndlichkeit, sondern auch unverzichtbar geworden.","robots":{"index":"index","follow":"follow","max-snippet":"max-snippet:-1","max-image-preview":"max-image-preview:large","max-video-preview":"max-video-preview:-1"},"canonical":"https:\/\/www.manheim-express.eu\/de\/glossar\/versteigerung-fur-handler\/","og_locale":"de_DE","og_type":"article","og_title":"Versteigerung f\u00fcr H\u00e4ndler - Manheim Express die neue Auktionsplattform f\u00fcr den KFZ Handel","og_description":"F\u00fcr immer mehr H\u00e4ndler ist die Er- und Versteigerung von Autos im Internet nicht nur zur Selbstverst\u00e4ndlichkeit, sondern auch unverzichtbar geworden.","og_url":"https:\/\/www.manheim-express.eu\/de\/glossar\/versteigerung-fur-handler\/","og_site_name":"Manheim Express","article_publisher":"https:\/\/www.facebook.com\/manheimexpresseurope\/","article_modified_time":"2024-01-15T17:00:11+00:00","og_image":[{"url":"https:\/\/www.manheim-express.eu\/wp-content\/uploads\/2022\/11\/Manheim-Express-Estate-car.png","type":"","width":"","height":""}],"twitter_card":"summary_large_image","twitter_misc":{"Gesch\u00e4tzte Lesezeit":"3\u00a0Minuten"},"schema":{"@context":"https:\/\/schema.org","@graph":[{"@type":"WebPage","@id":"https:\/\/www.manheim-express.eu\/de\/glossar\/versteigerung-fur-handler\/","url":"https:\/\/www.manheim-express.eu\/de\/glossar\/versteigerung-fur-handler\/","name":"Versteigerung f\u00fcr H\u00e4ndler - Manheim Express die neue Auktionsplattform f\u00fcr den KFZ Handel","isPartOf":{"@id":"https:\/\/www.manheim-express.eu\/de\/#website"},"primaryImageOfPage":{"@id":"https:\/\/www.manheim-express.eu\/de\/glossar\/versteigerung-fur-handler\/#primaryimage"},"image":{"@id":"https:\/\/www.manheim-express.eu\/de\/glossar\/versteigerung-fur-handler\/#primaryimage"},"thumbnailUrl":"https:\/\/www.manheim-express.eu\/wp-content\/uploads\/2022\/11\/Manheim-Express-Estate-car.png","datePublished":"2024-01-15T17:00:09+00:00","dateModified":"2024-01-15T17:00:11+00:00","description":"F\u00fcr immer mehr H\u00e4ndler ist die Er- und Versteigerung von Autos im Internet nicht nur zur Selbstverst\u00e4ndlichkeit, sondern auch unverzichtbar geworden.","breadcrumb":{"@id":"https:\/\/www.manheim-express.eu\/de\/glossar\/versteigerung-fur-handler\/#breadcrumb"},"inLanguage":"de","potentialAction":[{"@type":"ReadAction","target":["https:\/\/www.manheim-express.eu\/de\/glossar\/versteigerung-fur-handler\/"]}]},{"@type":"ImageObject","inLanguage":"de","@id":"https:\/\/www.manheim-express.eu\/de\/glossar\/versteigerung-fur-handler\/#primaryimage","url":"https:\/\/www.manheim-express.eu\/wp-content\/uploads\/2022\/11\/Manheim-Express-Estate-car.png","contentUrl":"https:\/\/www.manheim-express.eu\/wp-content\/uploads\/2022\/11\/Manheim-Express-Estate-car.png"},{"@type":"BreadcrumbList","@id":"https:\/\/www.manheim-express.eu\/de\/glossar\/versteigerung-fur-handler\/#breadcrumb","itemListElement":[{"@type":"ListItem","position":1,"name":"Home","item":"https:\/\/www.manheim-express.eu\/de\/"},{"@type":"ListItem","position":2,"name":"Glossar","item":"https:\/\/www.manheim-express.eu\/de\/glossar\/"},{"@type":"ListItem","position":3,"name":"Versteigerung f\u00fcr H\u00e4ndler"}]},{"@type":"WebSite","@id":"https:\/\/www.manheim-express.eu\/de\/#website","url":"https:\/\/www.manheim-express.eu\/de\/","name":"Manheim Express","description":"","publisher":{"@id":"https:\/\/www.manheim-express.eu\/de\/#organization"},"potentialAction":[{"@type":"SearchAction","target":{"@type":"EntryPoint","urlTemplate":"https:\/\/www.manheim-express.eu\/de\/?s={search_term_string}"},"query-input":{"@type":"PropertyValueSpecification","valueRequired":true,"valueName":"search_term_string"}}],"inLanguage":"de"},{"@type":"Organization","@id":"https:\/\/www.manheim-express.eu\/de\/#organization","name":"Manheim Express","url":"https:\/\/www.manheim-express.eu\/de\/","logo":{"@type":"ImageObject","inLanguage":"de","@id":"https:\/\/www.manheim-express.eu\/de\/#\/schema\/logo\/image\/","url":"https:\/\/www.manheim-express.eu\/wp-content\/uploads\/2021\/07\/manheim-express-logo-light.png","contentUrl":"https:\/\/www.manheim-express.eu\/wp-content\/uploads\/2021\/07\/manheim-express-logo-light.png","width":1163,"height":392,"caption":"Manheim Express"},"image":{"@id":"https:\/\/www.manheim-express.eu\/de\/#\/schema\/logo\/image\/"},"sameAs":["https:\/\/www.facebook.com\/manheimexpresseurope\/","https:\/\/www.instagram.com\/manheim.express","https:\/\/www.linkedin.com\/company\/manheim-express\/","https:\/\/www.youtube.com\/channel\/UCRKJajJPvJv-ao7Tk7qra5Q\/"]}]}},"_links":{"self":[{"href":"https:\/\/www.manheim-express.eu\/de\/wp-json\/wp\/v2\/pages\/16648","targetHints":{"allow":["GET"]}}],"collection":[{"href":"https:\/\/www.manheim-express.eu\/de\/wp-json\/wp\/v2\/pages"}],"about":[{"href":"https:\/\/www.manheim-express.eu\/de\/wp-json\/wp\/v2\/types\/page"}],"author":[{"embeddable":true,"href":"https:\/\/www.manheim-express.eu\/de\/wp-json\/wp\/v2\/users\/12"}],"replies":[{"embeddable":true,"href":"https:\/\/www.manheim-express.eu\/de\/wp-json\/wp\/v2\/comments?post=16648"}],"version-history":[{"count":10,"href":"https:\/\/www.manheim-express.eu\/de\/wp-json\/wp\/v2\/pages\/16648\/revisions"}],"predecessor-version":[{"id":16925,"href":"https:\/\/www.manheim-express.eu\/de\/wp-json\/wp\/v2\/pages\/16648\/revisions\/16925"}],"up":[{"embeddable":true,"href":"https:\/\/www.manheim-express.eu\/de\/wp-json\/wp\/v2\/pages\/11571"}],"wp:attachment":[{"href":"https:\/\/www.manheim-express.eu\/de\/wp-json\/wp\/v2\/media?parent=16648"}],"wp:term":[{"taxonomy":"wf_page_folders","embeddable":true,"href":"https:\/\/www.manheim-express.eu\/de\/wp-json\/wp\/v2\/wf_page_folders?post=16648"}],"curies":[{"name":"wp","href":"https:\/\/api.w.org\/{rel}","templated":true}]}}