{"id":16640,"date":"2024-01-15T16:59:08","date_gmt":"2024-01-15T16:59:08","guid":{"rendered":"https:\/\/www.manheim-express.eu\/?page_id=16640"},"modified":"2024-01-15T16:59:10","modified_gmt":"2024-01-15T16:59:10","slug":"versteigerungen-von-autos","status":"publish","type":"page","link":"https:\/\/www.manheim-express.eu\/de\/glossar\/versteigerungen-von-autos\/","title":{"rendered":"Versteigerungen von Autos"},"content":{"rendered":"\t\t<div data-elementor-type=\"wp-page\" data-elementor-id=\"16640\" class=\"elementor elementor-16640\" data-elementor-post-type=\"page\">\n\t\t\t\t\t\t<section class=\"elementor-section elementor-top-section elementor-element elementor-element-5ad223c elementor-section-full_width elementor-section-stretched elementor-section-height-default elementor-section-height-default\" data-id=\"5ad223c\" data-element_type=\"section\" data-settings=\"{&quot;stretch_section&quot;:&quot;section-stretched&quot;}\">\n\t\t\t\t\t\t<div class=\"elementor-container elementor-column-gap-default\">\n\t\t\t\t\t<div class=\"elementor-column elementor-col-50 elementor-top-column elementor-element elementor-element-d3b519c\" data-id=\"d3b519c\" data-element_type=\"column\" data-settings=\"{&quot;background_background&quot;:&quot;classic&quot;}\">\n\t\t\t<div class=\"elementor-widget-wrap elementor-element-populated\">\n\t\t\t\t\t\t<div class=\"elementor-element elementor-element-036dc3a elementor-widget elementor-widget-text-editor\" data-id=\"036dc3a\" data-element_type=\"widget\" data-widget_type=\"text-editor.default\">\n\t\t\t\t<div class=\"elementor-widget-container\">\n\t\t\t\t\t\t\t\t\t<h2>Was Versteigerungen von Autos so faszinierend macht:<\/h2>\t\t\t\t\t\t\t\t<\/div>\n\t\t\t\t<\/div>\n\t\t\t\t<div class=\"elementor-element elementor-element-21c3353 elementor-widget elementor-widget-text-editor\" data-id=\"21c3353\" data-element_type=\"widget\" data-widget_type=\"text-editor.default\">\n\t\t\t\t<div class=\"elementor-widget-container\">\n\t\t\t\t\t\t\t\t\t<h3 class=\"\">Lernen Sie die Welt von Manheim Express kennen!<\/h3>\t\t\t\t\t\t\t\t<\/div>\n\t\t\t\t<\/div>\n\t\t\t\t<div class=\"elementor-element elementor-element-c37119d elementor-widget elementor-widget-text-editor\" data-id=\"c37119d\" data-element_type=\"widget\" data-widget_type=\"text-editor.default\">\n\t\t\t\t<div class=\"elementor-widget-container\">\n\t\t\t\t\t\t\t\t\t<p>Wenn Sie sich f\u00fcr\u00a0<strong>Versteigerungen von Autos\u00a0<\/strong>interessieren, sind Sie bei uns genau richtig!\u00a0<span style=\"font-weight: bolder;\">Manheim Express<\/span>\u00a0bietet H\u00e4ndlern die M\u00f6glichkeit,<strong>\u00a0Versteigerungen von Autos<\/strong>\u00a0auf vollkommen neue und einfache Weise durchzuf\u00fchren!\u00a0Unser Portal ist auf die Anforderungen professioneller<strong>\u00a0Versteigerungen von Autos<\/strong>\u00a0zugeschnitten und \u00fcberzeugt mit innovativen Tools \u2013 speziell f\u00fcr H\u00e4ndler. Wie sich die<strong>\u00a0<\/strong><span style=\"font-weight: bolder;\">Manheim Express<\/span>-Plattform Ihnen Bed\u00fcrfnissen anpasst, erfahren Sie hier.<\/p>\t\t\t\t\t\t\t\t<\/div>\n\t\t\t\t<\/div>\n\t\t\t\t<div class=\"elementor-element elementor-element-76774e4 elementor-widget elementor-widget-button\" data-id=\"76774e4\" data-element_type=\"widget\" data-widget_type=\"button.default\">\n\t\t\t\t<div class=\"elementor-widget-container\">\n\t\t\t\t\t\t\t\t\t<div class=\"elementor-button-wrapper\">\n\t\t\t\t\t<a class=\"elementor-button elementor-button-link elementor-size-lg\" href=\"#\">\n\t\t\t\t\t\t<span class=\"elementor-button-content-wrapper\">\n\t\t\t\t\t\t\t\t\t<span class=\"elementor-button-text\">Mehr Infos finden Sie hier<\/span>\n\t\t\t\t\t<\/span>\n\t\t\t\t\t<\/a>\n\t\t\t\t<\/div>\n\t\t\t\t\t\t\t\t<\/div>\n\t\t\t\t<\/div>\n\t\t\t\t<div class=\"elementor-element elementor-element-93513c7 elementor-widget elementor-widget-image\" data-id=\"93513c7\" data-element_type=\"widget\" data-widget_type=\"image.default\">\n\t\t\t\t<div class=\"elementor-widget-container\">\n\t\t\t\t\t\t\t\t\t\t\t\t\t\t\t<img fetchpriority=\"high\" decoding=\"async\" width=\"800\" height=\"389\" src=\"https:\/\/www.manheim-express.eu\/wp-content\/uploads\/2022\/11\/Manheim-Express-Estate-car.png\" class=\"attachment-large size-large wp-image-14639\" alt=\"\" srcset=\"https:\/\/www.manheim-express.eu\/wp-content\/uploads\/2022\/11\/Manheim-Express-Estate-car.png 1024w, https:\/\/www.manheim-express.eu\/wp-content\/uploads\/2022\/11\/Manheim-Express-Estate-car-300x146.png 300w, https:\/\/www.manheim-express.eu\/wp-content\/uploads\/2022\/11\/Manheim-Express-Estate-car-768x374.png 768w\" sizes=\"(max-width: 800px) 100vw, 800px\" \/>\t\t\t\t\t\t\t\t\t\t\t\t\t\t\t<\/div>\n\t\t\t\t<\/div>\n\t\t\t\t\t<\/div>\n\t\t<\/div>\n\t\t\t\t<div class=\"elementor-column elementor-col-50 elementor-top-column elementor-element elementor-element-213236b\" data-id=\"213236b\" data-element_type=\"column\" data-settings=\"{&quot;background_background&quot;:&quot;classic&quot;}\">\n\t\t\t<div class=\"elementor-widget-wrap elementor-element-populated\">\n\t\t\t\t\t\t<div class=\"elementor-element elementor-element-e50b614 elementor-widget elementor-widget-text-editor\" data-id=\"e50b614\" data-element_type=\"widget\" data-widget_type=\"text-editor.default\">\n\t\t\t\t<div class=\"elementor-widget-container\">\n\t\t\t\t\t\t\t\t\t<h2 class=\"\">Versteigerungen von Autos im Internet<\/h2>\t\t\t\t\t\t\t\t<\/div>\n\t\t\t\t<\/div>\n\t\t\t\t<div class=\"elementor-element elementor-element-8d896a4 elementor-widget elementor-widget-text-editor\" data-id=\"8d896a4\" data-element_type=\"widget\" data-widget_type=\"text-editor.default\">\n\t\t\t\t<div class=\"elementor-widget-container\">\n\t\t\t\t\t\t\t\t\t<p><strong>Versteigerungen von Autos<\/strong>\u00a0\u00fcber Online-Portale erfreuen sich im privaten als auch kommerziellen Bereich steigender Beliebtheit.\u00a0 Versteigert wird von Kleinwagen bis zur Luxuslimousine oder Lkw alles, wof\u00fcr eine Nachfrage besteht. Die breite Auswahl von ganz unterschiedlichen Anbietern f\u00fcr\u00a0<strong>Versteigerungen von Autos<\/strong>\u00a0bietet f\u00fcr K\u00e4ufer und Verk\u00e4ufer ein hohes Potenzial an M\u00f6glichkeiten und stellt gleichzeitig eine Herausforderung dar. Denn das nahezu un\u00fcberschaubare Angebot an Anbietern wirft die Frage auf, welches Portal f\u00fcr die jeweiligen Anforderungen am besten geeignet ist. Hier lassen sich allerdings nur wenig pauschale Ratschl\u00e4ge geben, da letztlich die jeweiligen Nutzeranforderungen den Ausschlag f\u00fcr die geeignete Plattform f\u00fcr\u00a0<strong>Versteigerungen von Autos<\/strong>\u00a0geben. Hinsichtlich der Seriosit\u00e4t der Anbieter f\u00fcr\u00a0<strong>Versteigerungen von Autos<\/strong>\u00a0l\u00e4sst sich feststellen: die zunehmende Professionalisierung der gesamten Branche und das stetige Anwachsen der Umsatzzahlen bei Versteigerungen hat dazu gef\u00fchrt, dass Service, Zuverl\u00e4ssigkeit und das Dienstleistungsspektrum der Anbieter stetig verbessert geworden sind. Dennoch lohnt sich f\u00fcr regelm\u00e4\u00dfige Nutzer von<strong>\u00a0Versteigerungen von Autos<\/strong>\u00a0im Internet der Vergleich: die Preisgestaltung und Gesch\u00e4ftsbedingung\u00a0 der Anbieter unterscheidet sich mitunter erheblich voneinander.<\/p>\t\t\t\t\t\t\t\t<\/div>\n\t\t\t\t<\/div>\n\t\t\t\t<div class=\"elementor-element elementor-element-e9c050a elementor-widget elementor-widget-text-editor\" data-id=\"e9c050a\" data-element_type=\"widget\" data-widget_type=\"text-editor.default\">\n\t\t\t\t<div class=\"elementor-widget-container\">\n\t\t\t\t\t\t\t\t\t<h2 class=\"\">Welche M\u00f6glichkeiten bietet Manheim Express f\u00fcr Versteigerungen von Autos?<\/h2>\t\t\t\t\t\t\t\t<\/div>\n\t\t\t\t<\/div>\n\t\t\t\t<div class=\"elementor-element elementor-element-572a03f elementor-widget elementor-widget-text-editor\" data-id=\"572a03f\" data-element_type=\"widget\" data-widget_type=\"text-editor.default\">\n\t\t\t\t<div class=\"elementor-widget-container\">\n\t\t\t\t\t\t\t\t\t<p>Als professioneller Anbieter f\u00fcr den B2B-Handel mit gebrauchten Fahrzeugen bietet\u00a0<span style=\"font-weight: bolder;\">Manheim Express<\/span>\u00a0seinen Nutzern eine Vielzahl an Verkaufs- und Einstellm\u00f6glichkeiten. Die Plattform wurde auf die Anforderungen von Autoh\u00e4usern, Vertragsh\u00e4ndlern\u00a0 und gewerblichen Wiederverk\u00e4ufern hin entwickelt. Entsprechend wurde darauf geachtet, die Versteigerungen sowie den gesamten Einstellungs- und Abwicklungsprozess auch bei einer gr\u00f6\u00dferen Anzahl von Fahrzeugen \u00f6konomisch zu gestalten.\u00a0<strong>Versteigerungen von Autos<\/strong>\u00a0lassen sich \u00fcber das Portal schnell und nach individuellen Bed\u00fcrfnissen abwickeln. Um dies zu erm\u00f6glichen, wurden hauseigene Tools entwickelt, die den Einstellungs- und Verkaufsprozess erheblich beschleunigen. Hervorzuheben ist die M\u00f6glichkeit, per Drag &amp; Drop-Funktion Inserate aus dem Zustandsbericht zu erstellen. Damit lassen sich auch gr\u00f6\u00dfere Fahrzeugflotten schnell auf den Markt bringen.\u00a0<strong>Versteigerungen von\u00a0 Autos\u00a0<\/strong>k\u00f6nnen \u00fcber verschiedene Wege durchgef\u00fchrt werden. Dynamische und verdeckte Auktionen sind ebenso m\u00f6glich wie eine Sofort-Kaufen-Option. Flexibilit\u00e4t wird in allen Bereichen gro\u00dfgeschrieben.\u00a0<span style=\"font-weight: bolder;\">Manheim Express<\/span>\u00a0bietet seinen Kunden die M\u00f6glichkeit, den H\u00e4ndlerkreis individuell festzulegen. So k\u00f6nnen\u00a0<strong>Versteigerungen von Autos<\/strong>\u00a0bei Bedarf einem ausgew\u00e4hlten und bew\u00e4hrten Kundenstamm angeboten werden.<\/p>\t\t\t\t\t\t\t\t<\/div>\n\t\t\t\t<\/div>\n\t\t\t\t\t<\/div>\n\t\t<\/div>\n\t\t\t\t\t<\/div>\n\t\t<\/section>\n\t\t\t\t<\/div>\n\t\t","protected":false},"excerpt":{"rendered":"<p>Was Versteigerungen von Autos so faszinierend macht: Lernen Sie die Welt von Manheim Express kennen! Wenn Sie sich f\u00fcr\u00a0Versteigerungen von Autos\u00a0interessieren, sind Sie bei uns genau richtig!\u00a0Manheim Express\u00a0bietet H\u00e4ndlern die M\u00f6glichkeit,\u00a0Versteigerungen von Autos\u00a0auf vollkommen neue und einfache Weise durchzuf\u00fchren!\u00a0Unser Portal ist auf die Anforderungen professioneller\u00a0Versteigerungen von Autos\u00a0zugeschnitten und \u00fcberzeugt mit innovativen Tools \u2013 speziell f\u00fcr [&hellip;]<\/p>\n","protected":false},"author":12,"featured_media":0,"parent":11571,"menu_order":0,"comment_status":"closed","ping_status":"closed","template":"","meta":{"_acf_changed":false,"footnotes":""},"wf_page_folders":[156],"class_list":["post-16640","page","type-page","status-publish","hentry"],"acf":[],"yoast_head":"<!-- This site is optimized with the Yoast SEO plugin v25.8 - https:\/\/yoast.com\/wordpress\/plugins\/seo\/ -->\n<title>Versteigerungen von Autos - Manheim Express die neue Auktionsplattform f\u00fcr den KFZ Handel<\/title>\n<meta name=\"description\" content=\"Versteigerungen von Autos \u00fcber Online-Portale im Internet erfreuen sich im privaten als auch kommerziellen Bereich steigender Beliebtheit.\" \/>\n<meta name=\"robots\" content=\"index, follow, max-snippet:-1, max-image-preview:large, max-video-preview:-1\" \/>\n<link rel=\"canonical\" href=\"https:\/\/www.manheim-express.eu\/de\/glossar\/versteigerungen-von-autos\/\" \/>\n<meta property=\"og:locale\" content=\"de_DE\" \/>\n<meta property=\"og:type\" content=\"article\" \/>\n<meta property=\"og:title\" content=\"Versteigerungen von Autos - Manheim Express die neue Auktionsplattform f\u00fcr den KFZ Handel\" \/>\n<meta property=\"og:description\" content=\"Versteigerungen von Autos \u00fcber Online-Portale im Internet erfreuen sich im privaten als auch kommerziellen Bereich steigender Beliebtheit.\" \/>\n<meta property=\"og:url\" content=\"https:\/\/www.manheim-express.eu\/de\/glossar\/versteigerungen-von-autos\/\" \/>\n<meta property=\"og:site_name\" content=\"Manheim Express\" \/>\n<meta property=\"article:publisher\" content=\"https:\/\/www.facebook.com\/manheimexpresseurope\/\" \/>\n<meta property=\"article:modified_time\" content=\"2024-01-15T16:59:10+00:00\" \/>\n<meta property=\"og:image\" content=\"https:\/\/www.manheim-express.eu\/wp-content\/uploads\/2022\/11\/Manheim-Express-Estate-car.png\" \/>\n<meta name=\"twitter:card\" content=\"summary_large_image\" \/>\n<meta name=\"twitter:label1\" content=\"Gesch\u00e4tzte Lesezeit\" \/>\n\t<meta name=\"twitter:data1\" content=\"2\u00a0Minuten\" \/>\n<script type=\"application\/ld+json\" class=\"yoast-schema-graph\">{\"@context\":\"https:\/\/schema.org\",\"@graph\":[{\"@type\":\"WebPage\",\"@id\":\"https:\/\/www.manheim-express.eu\/de\/glossar\/versteigerungen-von-autos\/\",\"url\":\"https:\/\/www.manheim-express.eu\/de\/glossar\/versteigerungen-von-autos\/\",\"name\":\"Versteigerungen von Autos - Manheim Express die neue Auktionsplattform f\u00fcr den KFZ Handel\",\"isPartOf\":{\"@id\":\"https:\/\/www.manheim-express.eu\/de\/#website\"},\"primaryImageOfPage\":{\"@id\":\"https:\/\/www.manheim-express.eu\/de\/glossar\/versteigerungen-von-autos\/#primaryimage\"},\"image\":{\"@id\":\"https:\/\/www.manheim-express.eu\/de\/glossar\/versteigerungen-von-autos\/#primaryimage\"},\"thumbnailUrl\":\"https:\/\/www.manheim-express.eu\/wp-content\/uploads\/2022\/11\/Manheim-Express-Estate-car.png\",\"datePublished\":\"2024-01-15T16:59:08+00:00\",\"dateModified\":\"2024-01-15T16:59:10+00:00\",\"description\":\"Versteigerungen von Autos \u00fcber Online-Portale im Internet erfreuen sich im privaten als auch kommerziellen Bereich steigender Beliebtheit.\",\"breadcrumb\":{\"@id\":\"https:\/\/www.manheim-express.eu\/de\/glossar\/versteigerungen-von-autos\/#breadcrumb\"},\"inLanguage\":\"de\",\"potentialAction\":[{\"@type\":\"ReadAction\",\"target\":[\"https:\/\/www.manheim-express.eu\/de\/glossar\/versteigerungen-von-autos\/\"]}]},{\"@type\":\"ImageObject\",\"inLanguage\":\"de\",\"@id\":\"https:\/\/www.manheim-express.eu\/de\/glossar\/versteigerungen-von-autos\/#primaryimage\",\"url\":\"https:\/\/www.manheim-express.eu\/wp-content\/uploads\/2022\/11\/Manheim-Express-Estate-car.png\",\"contentUrl\":\"https:\/\/www.manheim-express.eu\/wp-content\/uploads\/2022\/11\/Manheim-Express-Estate-car.png\"},{\"@type\":\"BreadcrumbList\",\"@id\":\"https:\/\/www.manheim-express.eu\/de\/glossar\/versteigerungen-von-autos\/#breadcrumb\",\"itemListElement\":[{\"@type\":\"ListItem\",\"position\":1,\"name\":\"Home\",\"item\":\"https:\/\/www.manheim-express.eu\/de\/\"},{\"@type\":\"ListItem\",\"position\":2,\"name\":\"Glossar\",\"item\":\"https:\/\/www.manheim-express.eu\/de\/glossar\/\"},{\"@type\":\"ListItem\",\"position\":3,\"name\":\"Versteigerungen von Autos\"}]},{\"@type\":\"WebSite\",\"@id\":\"https:\/\/www.manheim-express.eu\/de\/#website\",\"url\":\"https:\/\/www.manheim-express.eu\/de\/\",\"name\":\"Manheim Express\",\"description\":\"\",\"publisher\":{\"@id\":\"https:\/\/www.manheim-express.eu\/de\/#organization\"},\"potentialAction\":[{\"@type\":\"SearchAction\",\"target\":{\"@type\":\"EntryPoint\",\"urlTemplate\":\"https:\/\/www.manheim-express.eu\/de\/?s={search_term_string}\"},\"query-input\":{\"@type\":\"PropertyValueSpecification\",\"valueRequired\":true,\"valueName\":\"search_term_string\"}}],\"inLanguage\":\"de\"},{\"@type\":\"Organization\",\"@id\":\"https:\/\/www.manheim-express.eu\/de\/#organization\",\"name\":\"Manheim Express\",\"url\":\"https:\/\/www.manheim-express.eu\/de\/\",\"logo\":{\"@type\":\"ImageObject\",\"inLanguage\":\"de\",\"@id\":\"https:\/\/www.manheim-express.eu\/de\/#\/schema\/logo\/image\/\",\"url\":\"https:\/\/www.manheim-express.eu\/wp-content\/uploads\/2021\/07\/manheim-express-logo-light.png\",\"contentUrl\":\"https:\/\/www.manheim-express.eu\/wp-content\/uploads\/2021\/07\/manheim-express-logo-light.png\",\"width\":1163,\"height\":392,\"caption\":\"Manheim Express\"},\"image\":{\"@id\":\"https:\/\/www.manheim-express.eu\/de\/#\/schema\/logo\/image\/\"},\"sameAs\":[\"https:\/\/www.facebook.com\/manheimexpresseurope\/\",\"https:\/\/www.instagram.com\/manheim.express\",\"https:\/\/www.linkedin.com\/company\/manheim-express\/\",\"https:\/\/www.youtube.com\/channel\/UCRKJajJPvJv-ao7Tk7qra5Q\/\"]}]}<\/script>\n<!-- \/ Yoast SEO plugin. -->","yoast_head_json":{"title":"Versteigerungen von Autos - Manheim Express die neue Auktionsplattform f\u00fcr den KFZ Handel","description":"Versteigerungen von Autos \u00fcber Online-Portale im Internet erfreuen sich im privaten als auch kommerziellen Bereich steigender Beliebtheit.","robots":{"index":"index","follow":"follow","max-snippet":"max-snippet:-1","max-image-preview":"max-image-preview:large","max-video-preview":"max-video-preview:-1"},"canonical":"https:\/\/www.manheim-express.eu\/de\/glossar\/versteigerungen-von-autos\/","og_locale":"de_DE","og_type":"article","og_title":"Versteigerungen von Autos - Manheim Express die neue Auktionsplattform f\u00fcr den KFZ Handel","og_description":"Versteigerungen von Autos \u00fcber Online-Portale im Internet erfreuen sich im privaten als auch kommerziellen Bereich steigender Beliebtheit.","og_url":"https:\/\/www.manheim-express.eu\/de\/glossar\/versteigerungen-von-autos\/","og_site_name":"Manheim Express","article_publisher":"https:\/\/www.facebook.com\/manheimexpresseurope\/","article_modified_time":"2024-01-15T16:59:10+00:00","og_image":[{"url":"https:\/\/www.manheim-express.eu\/wp-content\/uploads\/2022\/11\/Manheim-Express-Estate-car.png","type":"","width":"","height":""}],"twitter_card":"summary_large_image","twitter_misc":{"Gesch\u00e4tzte Lesezeit":"2\u00a0Minuten"},"schema":{"@context":"https:\/\/schema.org","@graph":[{"@type":"WebPage","@id":"https:\/\/www.manheim-express.eu\/de\/glossar\/versteigerungen-von-autos\/","url":"https:\/\/www.manheim-express.eu\/de\/glossar\/versteigerungen-von-autos\/","name":"Versteigerungen von Autos - Manheim Express die neue Auktionsplattform f\u00fcr den KFZ Handel","isPartOf":{"@id":"https:\/\/www.manheim-express.eu\/de\/#website"},"primaryImageOfPage":{"@id":"https:\/\/www.manheim-express.eu\/de\/glossar\/versteigerungen-von-autos\/#primaryimage"},"image":{"@id":"https:\/\/www.manheim-express.eu\/de\/glossar\/versteigerungen-von-autos\/#primaryimage"},"thumbnailUrl":"https:\/\/www.manheim-express.eu\/wp-content\/uploads\/2022\/11\/Manheim-Express-Estate-car.png","datePublished":"2024-01-15T16:59:08+00:00","dateModified":"2024-01-15T16:59:10+00:00","description":"Versteigerungen von Autos \u00fcber Online-Portale im Internet erfreuen sich im privaten als auch kommerziellen Bereich steigender Beliebtheit.","breadcrumb":{"@id":"https:\/\/www.manheim-express.eu\/de\/glossar\/versteigerungen-von-autos\/#breadcrumb"},"inLanguage":"de","potentialAction":[{"@type":"ReadAction","target":["https:\/\/www.manheim-express.eu\/de\/glossar\/versteigerungen-von-autos\/"]}]},{"@type":"ImageObject","inLanguage":"de","@id":"https:\/\/www.manheim-express.eu\/de\/glossar\/versteigerungen-von-autos\/#primaryimage","url":"https:\/\/www.manheim-express.eu\/wp-content\/uploads\/2022\/11\/Manheim-Express-Estate-car.png","contentUrl":"https:\/\/www.manheim-express.eu\/wp-content\/uploads\/2022\/11\/Manheim-Express-Estate-car.png"},{"@type":"BreadcrumbList","@id":"https:\/\/www.manheim-express.eu\/de\/glossar\/versteigerungen-von-autos\/#breadcrumb","itemListElement":[{"@type":"ListItem","position":1,"name":"Home","item":"https:\/\/www.manheim-express.eu\/de\/"},{"@type":"ListItem","position":2,"name":"Glossar","item":"https:\/\/www.manheim-express.eu\/de\/glossar\/"},{"@type":"ListItem","position":3,"name":"Versteigerungen von Autos"}]},{"@type":"WebSite","@id":"https:\/\/www.manheim-express.eu\/de\/#website","url":"https:\/\/www.manheim-express.eu\/de\/","name":"Manheim Express","description":"","publisher":{"@id":"https:\/\/www.manheim-express.eu\/de\/#organization"},"potentialAction":[{"@type":"SearchAction","target":{"@type":"EntryPoint","urlTemplate":"https:\/\/www.manheim-express.eu\/de\/?s={search_term_string}"},"query-input":{"@type":"PropertyValueSpecification","valueRequired":true,"valueName":"search_term_string"}}],"inLanguage":"de"},{"@type":"Organization","@id":"https:\/\/www.manheim-express.eu\/de\/#organization","name":"Manheim Express","url":"https:\/\/www.manheim-express.eu\/de\/","logo":{"@type":"ImageObject","inLanguage":"de","@id":"https:\/\/www.manheim-express.eu\/de\/#\/schema\/logo\/image\/","url":"https:\/\/www.manheim-express.eu\/wp-content\/uploads\/2021\/07\/manheim-express-logo-light.png","contentUrl":"https:\/\/www.manheim-express.eu\/wp-content\/uploads\/2021\/07\/manheim-express-logo-light.png","width":1163,"height":392,"caption":"Manheim Express"},"image":{"@id":"https:\/\/www.manheim-express.eu\/de\/#\/schema\/logo\/image\/"},"sameAs":["https:\/\/www.facebook.com\/manheimexpresseurope\/","https:\/\/www.instagram.com\/manheim.express","https:\/\/www.linkedin.com\/company\/manheim-express\/","https:\/\/www.youtube.com\/channel\/UCRKJajJPvJv-ao7Tk7qra5Q\/"]}]}},"_links":{"self":[{"href":"https:\/\/www.manheim-express.eu\/de\/wp-json\/wp\/v2\/pages\/16640","targetHints":{"allow":["GET"]}}],"collection":[{"href":"https:\/\/www.manheim-express.eu\/de\/wp-json\/wp\/v2\/pages"}],"about":[{"href":"https:\/\/www.manheim-express.eu\/de\/wp-json\/wp\/v2\/types\/page"}],"author":[{"embeddable":true,"href":"https:\/\/www.manheim-express.eu\/de\/wp-json\/wp\/v2\/users\/12"}],"replies":[{"embeddable":true,"href":"https:\/\/www.manheim-express.eu\/de\/wp-json\/wp\/v2\/comments?post=16640"}],"version-history":[{"count":10,"href":"https:\/\/www.manheim-express.eu\/de\/wp-json\/wp\/v2\/pages\/16640\/revisions"}],"predecessor-version":[{"id":16928,"href":"https:\/\/www.manheim-express.eu\/de\/wp-json\/wp\/v2\/pages\/16640\/revisions\/16928"}],"up":[{"embeddable":true,"href":"https:\/\/www.manheim-express.eu\/de\/wp-json\/wp\/v2\/pages\/11571"}],"wp:attachment":[{"href":"https:\/\/www.manheim-express.eu\/de\/wp-json\/wp\/v2\/media?parent=16640"}],"wp:term":[{"taxonomy":"wf_page_folders","embeddable":true,"href":"https:\/\/www.manheim-express.eu\/de\/wp-json\/wp\/v2\/wf_page_folders?post=16640"}],"curies":[{"name":"wp","href":"https:\/\/api.w.org\/{rel}","templated":true}]}}