{"id":16635,"date":"2024-01-15T16:57:09","date_gmt":"2024-01-15T16:57:09","guid":{"rendered":"https:\/\/www.manheim-express.eu\/?page_id=16635"},"modified":"2024-01-15T16:57:10","modified_gmt":"2024-01-15T16:57:10","slug":"unfallwagen-ersteigern","status":"publish","type":"page","link":"https:\/\/www.manheim-express.eu\/de\/glossar\/unfallwagen-ersteigern\/","title":{"rendered":"Unfallwagen ersteigern"},"content":{"rendered":"\t\t<div data-elementor-type=\"wp-page\" data-elementor-id=\"16635\" class=\"elementor elementor-16635\" data-elementor-post-type=\"page\">\n\t\t\t\t\t\t<section class=\"elementor-section elementor-top-section elementor-element elementor-element-5ad223c elementor-section-full_width elementor-section-stretched elementor-section-height-default elementor-section-height-default\" data-id=\"5ad223c\" data-element_type=\"section\" data-settings=\"{&quot;stretch_section&quot;:&quot;section-stretched&quot;}\">\n\t\t\t\t\t\t<div class=\"elementor-container elementor-column-gap-default\">\n\t\t\t\t\t<div class=\"elementor-column elementor-col-50 elementor-top-column elementor-element elementor-element-d3b519c\" data-id=\"d3b519c\" data-element_type=\"column\" data-settings=\"{&quot;background_background&quot;:&quot;classic&quot;}\">\n\t\t\t<div class=\"elementor-widget-wrap elementor-element-populated\">\n\t\t\t\t\t\t<div class=\"elementor-element elementor-element-036dc3a elementor-widget elementor-widget-text-editor\" data-id=\"036dc3a\" data-element_type=\"widget\" data-widget_type=\"text-editor.default\">\n\t\t\t\t<div class=\"elementor-widget-container\">\n\t\t\t\t\t\t\t\t\t<h2>Unfallwagen ersteigern mit Manheim Express<\/h2>\t\t\t\t\t\t\t\t<\/div>\n\t\t\t\t<\/div>\n\t\t\t\t<div class=\"elementor-element elementor-element-21c3353 elementor-widget elementor-widget-text-editor\" data-id=\"21c3353\" data-element_type=\"widget\" data-widget_type=\"text-editor.default\">\n\t\t\t\t<div class=\"elementor-widget-container\">\n\t\t\t\t\t\t\t\t\t<h3 class=\"\">Bringen Sie mit Manheim Express mehr Dynamik in Ihren Gebrauchtwagenhandel!<\/h3>\t\t\t\t\t\t\t\t<\/div>\n\t\t\t\t<\/div>\n\t\t\t\t<div class=\"elementor-element elementor-element-c37119d elementor-widget elementor-widget-text-editor\" data-id=\"c37119d\" data-element_type=\"widget\" data-widget_type=\"text-editor.default\">\n\t\t\t\t<div class=\"elementor-widget-container\">\n\t\t\t\t\t\t\t\t\t<p><strong>Versteigerungen von Unfallwagen<\/strong>\u00a0sind ein interessantes, aber auch heikles Handelssegment. Daher ist jedem H\u00e4ndler oder Privatk\u00e4ufer zu empfehlen, sich im Vorfeld \u00fcber das Thema und zuverl\u00e4ssige Zukaufquellen zu informieren.<\/p><p><span style=\"font-weight: bolder;\">Manheim Express<\/span>\u00a0stellt H\u00e4ndlern und anderen Interessenten hier wichtige Infos zu diesem Thema zur Verf\u00fcgung. Neben dem Ersteigern von\u00a0<strong>Unfallwagen<\/strong>\u00a0bietet der professionelle Handel mit gebrauchten Fahrzeugen eine Vielzahl an interessanten Optionen. Wie die Plattform\u00a0<span style=\"font-weight: bolder;\">Manheim Express<\/span>\u00a0den Handel mit Gebrauchtwagen revolutioniert hat und wie Sie spielerisch leicht Unfallwagen ersteigern, erfahren Sie hier.<\/p>\t\t\t\t\t\t\t\t<\/div>\n\t\t\t\t<\/div>\n\t\t\t\t<div class=\"elementor-element elementor-element-76774e4 elementor-widget elementor-widget-button\" data-id=\"76774e4\" data-element_type=\"widget\" data-widget_type=\"button.default\">\n\t\t\t\t<div class=\"elementor-widget-container\">\n\t\t\t\t\t\t\t\t\t<div class=\"elementor-button-wrapper\">\n\t\t\t\t\t<a class=\"elementor-button elementor-button-link elementor-size-lg\" href=\"#\">\n\t\t\t\t\t\t<span class=\"elementor-button-content-wrapper\">\n\t\t\t\t\t\t\t\t\t<span class=\"elementor-button-text\">Mehr Infos finden Sie hier<\/span>\n\t\t\t\t\t<\/span>\n\t\t\t\t\t<\/a>\n\t\t\t\t<\/div>\n\t\t\t\t\t\t\t\t<\/div>\n\t\t\t\t<\/div>\n\t\t\t\t<div class=\"elementor-element elementor-element-93513c7 elementor-widget elementor-widget-image\" data-id=\"93513c7\" data-element_type=\"widget\" data-widget_type=\"image.default\">\n\t\t\t\t<div class=\"elementor-widget-container\">\n\t\t\t\t\t\t\t\t\t\t\t\t\t\t\t<img fetchpriority=\"high\" decoding=\"async\" width=\"800\" height=\"389\" src=\"https:\/\/www.manheim-express.eu\/wp-content\/uploads\/2022\/11\/Manheim-Express-Estate-car.png\" class=\"attachment-large size-large wp-image-14639\" alt=\"\" srcset=\"https:\/\/www.manheim-express.eu\/wp-content\/uploads\/2022\/11\/Manheim-Express-Estate-car.png 1024w, https:\/\/www.manheim-express.eu\/wp-content\/uploads\/2022\/11\/Manheim-Express-Estate-car-300x146.png 300w, https:\/\/www.manheim-express.eu\/wp-content\/uploads\/2022\/11\/Manheim-Express-Estate-car-768x374.png 768w\" sizes=\"(max-width: 800px) 100vw, 800px\" \/>\t\t\t\t\t\t\t\t\t\t\t\t\t\t\t<\/div>\n\t\t\t\t<\/div>\n\t\t\t\t\t<\/div>\n\t\t<\/div>\n\t\t\t\t<div class=\"elementor-column elementor-col-50 elementor-top-column elementor-element elementor-element-213236b\" data-id=\"213236b\" data-element_type=\"column\" data-settings=\"{&quot;background_background&quot;:&quot;classic&quot;}\">\n\t\t\t<div class=\"elementor-widget-wrap elementor-element-populated\">\n\t\t\t\t\t\t<div class=\"elementor-element elementor-element-e50b614 elementor-widget elementor-widget-text-editor\" data-id=\"e50b614\" data-element_type=\"widget\" data-widget_type=\"text-editor.default\">\n\t\t\t\t<div class=\"elementor-widget-container\">\n\t\t\t\t\t\t\t\t\t<h2 class=\"\">Was muss man beim Ersteigern von Unfallwagen ber\u00fccksichtigen?<\/h2>\t\t\t\t\t\t\t\t<\/div>\n\t\t\t\t<\/div>\n\t\t\t\t<div class=\"elementor-element elementor-element-8d896a4 elementor-widget elementor-widget-text-editor\" data-id=\"8d896a4\" data-element_type=\"widget\" data-widget_type=\"text-editor.default\">\n\t\t\t\t<div class=\"elementor-widget-container\">\n\t\t\t\t\t\t\t\t\t<p>Will man bei einer\u00a0<strong>Versteigerung von Unfallwagen<\/strong>\u00a0im Internet teilnehmen, dann gelten zun\u00e4chst die gleichen Richtlinien wie beim Ersteigern von anderen Fahrzeugen. Es sollte ein seri\u00f6ser H\u00e4ndler mit transparenten Konditionen und gutem Service gew\u00e4hlt werden. Wer erstmalig an einer Versteigerung von Unfallwagen teilnimmt, sollte sich zudem zuvor mit einigen Aspekten zu diesem Thema besch\u00e4ftigen.<\/p>\t\t\t\t\t\t\t\t<\/div>\n\t\t\t\t<\/div>\n\t\t\t\t<div class=\"elementor-element elementor-element-e9c050a elementor-widget elementor-widget-text-editor\" data-id=\"e9c050a\" data-element_type=\"widget\" data-widget_type=\"text-editor.default\">\n\t\t\t\t<div class=\"elementor-widget-container\">\n\t\t\t\t\t\t\t\t\t<h2 class=\"\">Deklarationspflicht f\u00fcr besch\u00e4digte Fahrzeuge unbedingt beachten!<\/h2>\t\t\t\t\t\t\t\t<\/div>\n\t\t\t\t<\/div>\n\t\t\t\t<div class=\"elementor-element elementor-element-572a03f elementor-widget elementor-widget-text-editor\" data-id=\"572a03f\" data-element_type=\"widget\" data-widget_type=\"text-editor.default\">\n\t\t\t\t<div class=\"elementor-widget-container\">\n\t\t\t\t\t\t\t\t\t<p>Zun\u00e4chst muss sich ein potenzieller K\u00e4ufer klarmachen, dass ein Fahrzeug beim Ersteigern von Unfallwagen ganz unterschiedliche Arten von Besch\u00e4digungen aufweisen kann. Daher sollte bei einer\u00a0<strong>Versteigerung von Unfallwagen<\/strong>\u00a0im Internet immer eine m\u00f6glichst genaue Beschreibung der Sch\u00e4den vorliegen. Fehlt diese, sollte der Interessent auf eine genaue Beschreibung bestehen. Wir die Bezeichnung Unfallwagen von einem Verk\u00e4ufer nicht angegeben, obwohl sich das Fahrzeug eindeutig in einem solchen Zustand befindet, kann der K\u00e4ufer von Kauf zur\u00fccktreten oder Schadenersatz fordern. Die Verwendung der Bezeichnung \u201eUnfallwagen\u201c bei Versteigerungen sollte daher immer auf der Basis des objektiven und dokumentierten Fahrzeugzustandes stattfinden.<\/p>\t\t\t\t\t\t\t\t<\/div>\n\t\t\t\t<\/div>\n\t\t\t\t<div class=\"elementor-element elementor-element-81d67a8 elementor-widget elementor-widget-text-editor\" data-id=\"81d67a8\" data-element_type=\"widget\" data-widget_type=\"text-editor.default\">\n\t\t\t\t<div class=\"elementor-widget-container\">\n\t\t\t\t\t\t\t\t\t<h2 class=\"\">Wann muss ein Fahrzeug bei einer Versteigerung als Unfallwagen deklariert werden?<\/h2>\t\t\t\t\t\t\t\t<\/div>\n\t\t\t\t<\/div>\n\t\t\t\t<div class=\"elementor-element elementor-element-2cac10a elementor-widget elementor-widget-text-editor\" data-id=\"2cac10a\" data-element_type=\"widget\" data-widget_type=\"text-editor.default\">\n\t\t\t\t<div class=\"elementor-widget-container\">\n\t\t\t\t\t\t\t\t\t<p class=\"text-justify\">Die Frage, bei welchem Schaden bei Versteigerungen oder beim Verkauf ein Fahrzeug als Unfallwagen gekennzeichnet werden muss, ist sowohl f\u00fcr Verk\u00e4ufer als auch K\u00e4ufer von Interesse. Schlie\u00dflich besteht eine Pflicht f\u00fcr den Verk\u00e4ufer zu dieser Kennzeichnung. Die allgemeinste, aber auch ungenaueste\u00a0<strong>Definition f\u00fcr einen Unfallwagen<\/strong>\u00a0bei einer Versteigerung und anderen Verkaufsformen ist: Ein Unfallwagen ist ein Wagen, der mindestens einmal durch \u00e4u\u00dfere Einwirkung besch\u00e4digt worden ist. Da eine solche Definition von Unfallwagen aber auf alle Sch\u00e4den \u2013 von der zerkratzen Sto\u00dfstange bis zum Totalschaden \u2013 anwendbar ist, hat sich in der Praxis der Versteigerung von Unfallwagen der Begriff des \u201erelevanten Schadens\u201c etabliert.<\/p>\t\t\t\t\t\t\t\t<\/div>\n\t\t\t\t<\/div>\n\t\t\t\t<div class=\"elementor-element elementor-element-80ea184 elementor-widget elementor-widget-text-editor\" data-id=\"80ea184\" data-element_type=\"widget\" data-widget_type=\"text-editor.default\">\n\t\t\t\t<div class=\"elementor-widget-container\">\n\t\t\t\t\t\t\t\t\t<h2 class=\"\">Der Begriff des relevanten Schadens<\/h2>\t\t\t\t\t\t\t\t<\/div>\n\t\t\t\t<\/div>\n\t\t\t\t<div class=\"elementor-element elementor-element-e1a0ab1 elementor-widget elementor-widget-text-editor\" data-id=\"e1a0ab1\" data-element_type=\"widget\" data-widget_type=\"text-editor.default\">\n\t\t\t\t<div class=\"elementor-widget-container\">\n\t\t\t\t\t\t\t\t\t<p class=\"text-justify\">Mit dieser Bezeichnung werden beim Ersteigern von Unfallwagen Bagatellsch\u00e4den wie geringf\u00fcgige Kratzer oder leichte Lacksch\u00e4den ausgeklammert. Sie f\u00fchren nicht dazu, dass ein Fahrzeug als Unfallwagen gekennzeichnet werden muss. Hat das Fahrzeug allerdings Blechsch\u00e4den davongetragen, dann muss es auch bei einer\u00a0<strong>Versteigerung als Unfallwagen\u00a0<\/strong>gekennzeichnet werden. Aber auch bei dieser Bestimmung bestehen Grauzonen, die eine eindeutige Definition erschweren und strittig machen k\u00f6nnen. Wenn der Verk\u00e4ufer unsicher ist, ob er sein Fahrzeug als Unfallwagen in einer Versteigerung anbieten muss, empfiehlt sich daher die R\u00fccksprache mit einem Experten der Branche.<\/p>\t\t\t\t\t\t\t\t<\/div>\n\t\t\t\t<\/div>\n\t\t\t\t<div class=\"elementor-element elementor-element-63a30f0 elementor-widget elementor-widget-text-editor\" data-id=\"63a30f0\" data-element_type=\"widget\" data-widget_type=\"text-editor.default\">\n\t\t\t\t<div class=\"elementor-widget-container\">\n\t\t\t\t\t\t\t\t\t<h2 class=\"\">Welche Chancen und Risiken bestehen beim Ersteigern von Unfallwagen?<\/h2>\t\t\t\t\t\t\t\t<\/div>\n\t\t\t\t<\/div>\n\t\t\t\t<div class=\"elementor-element elementor-element-b61f5bf elementor-widget elementor-widget-text-editor\" data-id=\"b61f5bf\" data-element_type=\"widget\" data-widget_type=\"text-editor.default\">\n\t\t\t\t<div class=\"elementor-widget-container\">\n\t\t\t\t\t\t\t\t\t<p class=\"text-justify\">Beim Kauf und Verkauf von gebrauchten Fahrzeugen sollte grunds\u00e4tzlich mit Sorgfalt und einer gewissen Sachkenntnis vorgegangen werden. Das gilt umso mehr, wenn ein Unfallwagen per Versteigerung erworben oder verkauft werden soll. F\u00fcr Verk\u00e4ufer bietet sich durch die\u00a0<strong>Kennzeichnung Unfallwagen bei Versteigerungen<\/strong>, die M\u00f6glichkeit das Interesse von K\u00e4ufern zu wecken, die ein Fahrzeug unter dem g\u00e4ngigen Marktwert erstehen wollen.<\/p>\t\t\t\t\t\t\t\t<\/div>\n\t\t\t\t<\/div>\n\t\t\t\t<div class=\"elementor-element elementor-element-a50f335 elementor-widget elementor-widget-text-editor\" data-id=\"a50f335\" data-element_type=\"widget\" data-widget_type=\"text-editor.default\">\n\t\t\t\t<div class=\"elementor-widget-container\">\n\t\t\t\t\t\t\t\t\t<h2 class=\"\">Transparenz f\u00fcr K\u00e4ufer und Verk\u00e4ufer schaffen<\/h2>\t\t\t\t\t\t\t\t<\/div>\n\t\t\t\t<\/div>\n\t\t\t\t<div class=\"elementor-element elementor-element-24ca1ee elementor-widget elementor-widget-text-editor\" data-id=\"24ca1ee\" data-element_type=\"widget\" data-widget_type=\"text-editor.default\">\n\t\t\t\t<div class=\"elementor-widget-container\">\n\t\t\t\t\t\t\t\t\t<p class=\"text-justify\"><strong>K\u00e4ufer von Unfallwagen<\/strong>\u00a0spekulieren in der Regel darauf, dass der Schaden am Fahrzeug geringer ist als die Wertminderung, die der Unfallwagen bei der Versteigerung erfahren hat. In dieser Hinsicht kann die Versteigerung von Unfallwagen f\u00fcr K\u00e4ufer wie Verk\u00e4ufer interessant und lukrativ sein, wichtig ist in jedem Fall die sorgf\u00e4ltige und gewissenhafte Dokumentation und Begutachtung des Fahrzeuges und der transparente Austausch von Informationen zwischen Verk\u00e4ufer und Interessent.<\/p>\t\t\t\t\t\t\t\t<\/div>\n\t\t\t\t<\/div>\n\t\t\t\t\t<\/div>\n\t\t<\/div>\n\t\t\t\t\t<\/div>\n\t\t<\/section>\n\t\t\t\t<\/div>\n\t\t","protected":false},"excerpt":{"rendered":"<p>Unfallwagen ersteigern mit Manheim Express Bringen Sie mit Manheim Express mehr Dynamik in Ihren Gebrauchtwagenhandel! Versteigerungen von Unfallwagen\u00a0sind ein interessantes, aber auch heikles Handelssegment. Daher ist jedem H\u00e4ndler oder Privatk\u00e4ufer zu empfehlen, sich im Vorfeld \u00fcber das Thema und zuverl\u00e4ssige Zukaufquellen zu informieren. Manheim Express\u00a0stellt H\u00e4ndlern und anderen Interessenten hier wichtige Infos zu diesem Thema [&hellip;]<\/p>\n","protected":false},"author":12,"featured_media":0,"parent":11571,"menu_order":0,"comment_status":"closed","ping_status":"closed","template":"","meta":{"_acf_changed":false,"footnotes":""},"wf_page_folders":[156],"class_list":["post-16635","page","type-page","status-publish","hentry"],"acf":[],"yoast_head":"<!-- This site is optimized with the Yoast SEO plugin v25.8 - https:\/\/yoast.com\/wordpress\/plugins\/seo\/ -->\n<title>Unfallwagen ersteigern - Manheim Express die neue Auktionsplattform f\u00fcr den KFZ Handel<\/title>\n<meta name=\"description\" content=\"Unfallwagen ersteigern? Mit Manheim Express wird der Zukauf von besch\u00e4digten Fahrzeugen extrem beschleunigt und erleichtert.\" \/>\n<meta name=\"robots\" content=\"index, follow, max-snippet:-1, max-image-preview:large, max-video-preview:-1\" \/>\n<link rel=\"canonical\" href=\"https:\/\/www.manheim-express.eu\/de\/glossar\/unfallwagen-ersteigern\/\" \/>\n<meta property=\"og:locale\" content=\"de_DE\" \/>\n<meta property=\"og:type\" content=\"article\" \/>\n<meta property=\"og:title\" content=\"Unfallwagen ersteigern - Manheim Express die neue Auktionsplattform f\u00fcr den KFZ Handel\" \/>\n<meta property=\"og:description\" content=\"Unfallwagen ersteigern? Mit Manheim Express wird der Zukauf von besch\u00e4digten Fahrzeugen extrem beschleunigt und erleichtert.\" \/>\n<meta property=\"og:url\" content=\"https:\/\/www.manheim-express.eu\/de\/glossar\/unfallwagen-ersteigern\/\" \/>\n<meta property=\"og:site_name\" content=\"Manheim Express\" \/>\n<meta property=\"article:publisher\" content=\"https:\/\/www.facebook.com\/manheimexpresseurope\/\" \/>\n<meta property=\"article:modified_time\" content=\"2024-01-15T16:57:10+00:00\" \/>\n<meta property=\"og:image\" content=\"https:\/\/www.manheim-express.eu\/wp-content\/uploads\/2022\/11\/Manheim-Express-Estate-car.png\" \/>\n<meta name=\"twitter:card\" content=\"summary_large_image\" \/>\n<meta name=\"twitter:label1\" content=\"Gesch\u00e4tzte Lesezeit\" \/>\n\t<meta name=\"twitter:data1\" content=\"3\u00a0Minuten\" \/>\n<script type=\"application\/ld+json\" class=\"yoast-schema-graph\">{\"@context\":\"https:\/\/schema.org\",\"@graph\":[{\"@type\":\"WebPage\",\"@id\":\"https:\/\/www.manheim-express.eu\/de\/glossar\/unfallwagen-ersteigern\/\",\"url\":\"https:\/\/www.manheim-express.eu\/de\/glossar\/unfallwagen-ersteigern\/\",\"name\":\"Unfallwagen ersteigern - Manheim Express die neue Auktionsplattform f\u00fcr den KFZ Handel\",\"isPartOf\":{\"@id\":\"https:\/\/www.manheim-express.eu\/de\/#website\"},\"primaryImageOfPage\":{\"@id\":\"https:\/\/www.manheim-express.eu\/de\/glossar\/unfallwagen-ersteigern\/#primaryimage\"},\"image\":{\"@id\":\"https:\/\/www.manheim-express.eu\/de\/glossar\/unfallwagen-ersteigern\/#primaryimage\"},\"thumbnailUrl\":\"https:\/\/www.manheim-express.eu\/wp-content\/uploads\/2022\/11\/Manheim-Express-Estate-car.png\",\"datePublished\":\"2024-01-15T16:57:09+00:00\",\"dateModified\":\"2024-01-15T16:57:10+00:00\",\"description\":\"Unfallwagen ersteigern? Mit Manheim Express wird der Zukauf von besch\u00e4digten Fahrzeugen extrem beschleunigt und erleichtert.\",\"breadcrumb\":{\"@id\":\"https:\/\/www.manheim-express.eu\/de\/glossar\/unfallwagen-ersteigern\/#breadcrumb\"},\"inLanguage\":\"de\",\"potentialAction\":[{\"@type\":\"ReadAction\",\"target\":[\"https:\/\/www.manheim-express.eu\/de\/glossar\/unfallwagen-ersteigern\/\"]}]},{\"@type\":\"ImageObject\",\"inLanguage\":\"de\",\"@id\":\"https:\/\/www.manheim-express.eu\/de\/glossar\/unfallwagen-ersteigern\/#primaryimage\",\"url\":\"https:\/\/www.manheim-express.eu\/wp-content\/uploads\/2022\/11\/Manheim-Express-Estate-car.png\",\"contentUrl\":\"https:\/\/www.manheim-express.eu\/wp-content\/uploads\/2022\/11\/Manheim-Express-Estate-car.png\"},{\"@type\":\"BreadcrumbList\",\"@id\":\"https:\/\/www.manheim-express.eu\/de\/glossar\/unfallwagen-ersteigern\/#breadcrumb\",\"itemListElement\":[{\"@type\":\"ListItem\",\"position\":1,\"name\":\"Home\",\"item\":\"https:\/\/www.manheim-express.eu\/de\/\"},{\"@type\":\"ListItem\",\"position\":2,\"name\":\"Glossar\",\"item\":\"https:\/\/www.manheim-express.eu\/de\/glossar\/\"},{\"@type\":\"ListItem\",\"position\":3,\"name\":\"Unfallwagen ersteigern\"}]},{\"@type\":\"WebSite\",\"@id\":\"https:\/\/www.manheim-express.eu\/de\/#website\",\"url\":\"https:\/\/www.manheim-express.eu\/de\/\",\"name\":\"Manheim Express\",\"description\":\"\",\"publisher\":{\"@id\":\"https:\/\/www.manheim-express.eu\/de\/#organization\"},\"potentialAction\":[{\"@type\":\"SearchAction\",\"target\":{\"@type\":\"EntryPoint\",\"urlTemplate\":\"https:\/\/www.manheim-express.eu\/de\/?s={search_term_string}\"},\"query-input\":{\"@type\":\"PropertyValueSpecification\",\"valueRequired\":true,\"valueName\":\"search_term_string\"}}],\"inLanguage\":\"de\"},{\"@type\":\"Organization\",\"@id\":\"https:\/\/www.manheim-express.eu\/de\/#organization\",\"name\":\"Manheim Express\",\"url\":\"https:\/\/www.manheim-express.eu\/de\/\",\"logo\":{\"@type\":\"ImageObject\",\"inLanguage\":\"de\",\"@id\":\"https:\/\/www.manheim-express.eu\/de\/#\/schema\/logo\/image\/\",\"url\":\"https:\/\/www.manheim-express.eu\/wp-content\/uploads\/2021\/07\/manheim-express-logo-light.png\",\"contentUrl\":\"https:\/\/www.manheim-express.eu\/wp-content\/uploads\/2021\/07\/manheim-express-logo-light.png\",\"width\":1163,\"height\":392,\"caption\":\"Manheim Express\"},\"image\":{\"@id\":\"https:\/\/www.manheim-express.eu\/de\/#\/schema\/logo\/image\/\"},\"sameAs\":[\"https:\/\/www.facebook.com\/manheimexpresseurope\/\",\"https:\/\/www.instagram.com\/manheim.express\",\"https:\/\/www.linkedin.com\/company\/manheim-express\/\",\"https:\/\/www.youtube.com\/channel\/UCRKJajJPvJv-ao7Tk7qra5Q\/\"]}]}<\/script>\n<!-- \/ Yoast SEO plugin. -->","yoast_head_json":{"title":"Unfallwagen ersteigern - Manheim Express die neue Auktionsplattform f\u00fcr den KFZ Handel","description":"Unfallwagen ersteigern? Mit Manheim Express wird der Zukauf von besch\u00e4digten Fahrzeugen extrem beschleunigt und erleichtert.","robots":{"index":"index","follow":"follow","max-snippet":"max-snippet:-1","max-image-preview":"max-image-preview:large","max-video-preview":"max-video-preview:-1"},"canonical":"https:\/\/www.manheim-express.eu\/de\/glossar\/unfallwagen-ersteigern\/","og_locale":"de_DE","og_type":"article","og_title":"Unfallwagen ersteigern - Manheim Express die neue Auktionsplattform f\u00fcr den KFZ Handel","og_description":"Unfallwagen ersteigern? Mit Manheim Express wird der Zukauf von besch\u00e4digten Fahrzeugen extrem beschleunigt und erleichtert.","og_url":"https:\/\/www.manheim-express.eu\/de\/glossar\/unfallwagen-ersteigern\/","og_site_name":"Manheim Express","article_publisher":"https:\/\/www.facebook.com\/manheimexpresseurope\/","article_modified_time":"2024-01-15T16:57:10+00:00","og_image":[{"url":"https:\/\/www.manheim-express.eu\/wp-content\/uploads\/2022\/11\/Manheim-Express-Estate-car.png","type":"","width":"","height":""}],"twitter_card":"summary_large_image","twitter_misc":{"Gesch\u00e4tzte Lesezeit":"3\u00a0Minuten"},"schema":{"@context":"https:\/\/schema.org","@graph":[{"@type":"WebPage","@id":"https:\/\/www.manheim-express.eu\/de\/glossar\/unfallwagen-ersteigern\/","url":"https:\/\/www.manheim-express.eu\/de\/glossar\/unfallwagen-ersteigern\/","name":"Unfallwagen ersteigern - Manheim Express die neue Auktionsplattform f\u00fcr den KFZ Handel","isPartOf":{"@id":"https:\/\/www.manheim-express.eu\/de\/#website"},"primaryImageOfPage":{"@id":"https:\/\/www.manheim-express.eu\/de\/glossar\/unfallwagen-ersteigern\/#primaryimage"},"image":{"@id":"https:\/\/www.manheim-express.eu\/de\/glossar\/unfallwagen-ersteigern\/#primaryimage"},"thumbnailUrl":"https:\/\/www.manheim-express.eu\/wp-content\/uploads\/2022\/11\/Manheim-Express-Estate-car.png","datePublished":"2024-01-15T16:57:09+00:00","dateModified":"2024-01-15T16:57:10+00:00","description":"Unfallwagen ersteigern? Mit Manheim Express wird der Zukauf von besch\u00e4digten Fahrzeugen extrem beschleunigt und erleichtert.","breadcrumb":{"@id":"https:\/\/www.manheim-express.eu\/de\/glossar\/unfallwagen-ersteigern\/#breadcrumb"},"inLanguage":"de","potentialAction":[{"@type":"ReadAction","target":["https:\/\/www.manheim-express.eu\/de\/glossar\/unfallwagen-ersteigern\/"]}]},{"@type":"ImageObject","inLanguage":"de","@id":"https:\/\/www.manheim-express.eu\/de\/glossar\/unfallwagen-ersteigern\/#primaryimage","url":"https:\/\/www.manheim-express.eu\/wp-content\/uploads\/2022\/11\/Manheim-Express-Estate-car.png","contentUrl":"https:\/\/www.manheim-express.eu\/wp-content\/uploads\/2022\/11\/Manheim-Express-Estate-car.png"},{"@type":"BreadcrumbList","@id":"https:\/\/www.manheim-express.eu\/de\/glossar\/unfallwagen-ersteigern\/#breadcrumb","itemListElement":[{"@type":"ListItem","position":1,"name":"Home","item":"https:\/\/www.manheim-express.eu\/de\/"},{"@type":"ListItem","position":2,"name":"Glossar","item":"https:\/\/www.manheim-express.eu\/de\/glossar\/"},{"@type":"ListItem","position":3,"name":"Unfallwagen ersteigern"}]},{"@type":"WebSite","@id":"https:\/\/www.manheim-express.eu\/de\/#website","url":"https:\/\/www.manheim-express.eu\/de\/","name":"Manheim Express","description":"","publisher":{"@id":"https:\/\/www.manheim-express.eu\/de\/#organization"},"potentialAction":[{"@type":"SearchAction","target":{"@type":"EntryPoint","urlTemplate":"https:\/\/www.manheim-express.eu\/de\/?s={search_term_string}"},"query-input":{"@type":"PropertyValueSpecification","valueRequired":true,"valueName":"search_term_string"}}],"inLanguage":"de"},{"@type":"Organization","@id":"https:\/\/www.manheim-express.eu\/de\/#organization","name":"Manheim Express","url":"https:\/\/www.manheim-express.eu\/de\/","logo":{"@type":"ImageObject","inLanguage":"de","@id":"https:\/\/www.manheim-express.eu\/de\/#\/schema\/logo\/image\/","url":"https:\/\/www.manheim-express.eu\/wp-content\/uploads\/2021\/07\/manheim-express-logo-light.png","contentUrl":"https:\/\/www.manheim-express.eu\/wp-content\/uploads\/2021\/07\/manheim-express-logo-light.png","width":1163,"height":392,"caption":"Manheim Express"},"image":{"@id":"https:\/\/www.manheim-express.eu\/de\/#\/schema\/logo\/image\/"},"sameAs":["https:\/\/www.facebook.com\/manheimexpresseurope\/","https:\/\/www.instagram.com\/manheim.express","https:\/\/www.linkedin.com\/company\/manheim-express\/","https:\/\/www.youtube.com\/channel\/UCRKJajJPvJv-ao7Tk7qra5Q\/"]}]}},"_links":{"self":[{"href":"https:\/\/www.manheim-express.eu\/de\/wp-json\/wp\/v2\/pages\/16635","targetHints":{"allow":["GET"]}}],"collection":[{"href":"https:\/\/www.manheim-express.eu\/de\/wp-json\/wp\/v2\/pages"}],"about":[{"href":"https:\/\/www.manheim-express.eu\/de\/wp-json\/wp\/v2\/types\/page"}],"author":[{"embeddable":true,"href":"https:\/\/www.manheim-express.eu\/de\/wp-json\/wp\/v2\/users\/12"}],"replies":[{"embeddable":true,"href":"https:\/\/www.manheim-express.eu\/de\/wp-json\/wp\/v2\/comments?post=16635"}],"version-history":[{"count":7,"href":"https:\/\/www.manheim-express.eu\/de\/wp-json\/wp\/v2\/pages\/16635\/revisions"}],"predecessor-version":[{"id":16919,"href":"https:\/\/www.manheim-express.eu\/de\/wp-json\/wp\/v2\/pages\/16635\/revisions\/16919"}],"up":[{"embeddable":true,"href":"https:\/\/www.manheim-express.eu\/de\/wp-json\/wp\/v2\/pages\/11571"}],"wp:attachment":[{"href":"https:\/\/www.manheim-express.eu\/de\/wp-json\/wp\/v2\/media?parent=16635"}],"wp:term":[{"taxonomy":"wf_page_folders","embeddable":true,"href":"https:\/\/www.manheim-express.eu\/de\/wp-json\/wp\/v2\/wf_page_folders?post=16635"}],"curies":[{"name":"wp","href":"https:\/\/api.w.org\/{rel}","templated":true}]}}