{"id":16624,"date":"2024-01-15T16:56:19","date_gmt":"2024-01-15T16:56:19","guid":{"rendered":"https:\/\/www.manheim-express.eu\/?page_id=16624"},"modified":"2024-01-15T16:56:21","modified_gmt":"2024-01-15T16:56:21","slug":"unfallborse","status":"publish","type":"page","link":"https:\/\/www.manheim-express.eu\/de\/glossar\/unfallborse\/","title":{"rendered":"Unfallb\u00f6rse"},"content":{"rendered":"\t\t<div data-elementor-type=\"wp-page\" data-elementor-id=\"16624\" class=\"elementor elementor-16624\" data-elementor-post-type=\"page\">\n\t\t\t\t\t\t<section class=\"elementor-section elementor-top-section elementor-element elementor-element-5ad223c elementor-section-full_width elementor-section-stretched elementor-section-height-default elementor-section-height-default\" data-id=\"5ad223c\" data-element_type=\"section\" data-settings=\"{&quot;stretch_section&quot;:&quot;section-stretched&quot;}\">\n\t\t\t\t\t\t<div class=\"elementor-container elementor-column-gap-default\">\n\t\t\t\t\t<div class=\"elementor-column elementor-col-50 elementor-top-column elementor-element elementor-element-d3b519c\" data-id=\"d3b519c\" data-element_type=\"column\" data-settings=\"{&quot;background_background&quot;:&quot;classic&quot;}\">\n\t\t\t<div class=\"elementor-widget-wrap elementor-element-populated\">\n\t\t\t\t\t\t<div class=\"elementor-element elementor-element-036dc3a elementor-widget elementor-widget-text-editor\" data-id=\"036dc3a\" data-element_type=\"widget\" data-widget_type=\"text-editor.default\">\n\t\t\t\t<div class=\"elementor-widget-container\">\n\t\t\t\t\t\t\t\t\t<h2>Die interessante Alternative zur Unfallb\u00f6rse<\/h2>\t\t\t\t\t\t\t\t<\/div>\n\t\t\t\t<\/div>\n\t\t\t\t<div class=\"elementor-element elementor-element-21c3353 elementor-widget elementor-widget-text-editor\" data-id=\"21c3353\" data-element_type=\"widget\" data-widget_type=\"text-editor.default\">\n\t\t\t\t<div class=\"elementor-widget-container\">\n\t\t\t\t\t\t\t\t\t<h3 class=\"\">Bringen Sie mit Manheim Express mehr Dynamik in Ihren Gebrauchtwagenhandel!<\/h3>\t\t\t\t\t\t\t\t<\/div>\n\t\t\t\t<\/div>\n\t\t\t\t<div class=\"elementor-element elementor-element-c37119d elementor-widget elementor-widget-text-editor\" data-id=\"c37119d\" data-element_type=\"widget\" data-widget_type=\"text-editor.default\">\n\t\t\t\t<div class=\"elementor-widget-container\">\n\t\t\t\t\t\t\t\t\t<p>Viele H\u00e4ndler sind sich nicht im Klaren dar\u00fcber, welchen Einfluss die richtige\u00a0<strong>Unfallb\u00f6rse<\/strong>\u00a0oder andere Zukaufquellen auf Ihre Gesch\u00e4fte mit Gebrauchtwagen haben k\u00f6nnen. Mit dem geeigneten Handelspartner l\u00e4sst sich der Umsatz nicht nur deutlich steigern, das gesamte Portfolio wird attraktiver und abwechslungsreicher \u2013 nicht nur im Segment der besch\u00e4digten Fahrzeuge. Anstatt Langsteher zu h\u00fcten, kaufen Sie mit wenigen Klicks: vom Unfallwagen bis zum attraktive Fahrzeuge nach Bedarf. Zus\u00e4tzlich sparen Sie eine Menge Zeit, Nerven und Energie, die Sie in Ihre Kernkompetenz investieren k\u00f6nnen: Das erfolgreiche Verkaufen von Pkws.<\/p>\t\t\t\t\t\t\t\t<\/div>\n\t\t\t\t<\/div>\n\t\t\t\t<div class=\"elementor-element elementor-element-76774e4 elementor-widget elementor-widget-button\" data-id=\"76774e4\" data-element_type=\"widget\" data-widget_type=\"button.default\">\n\t\t\t\t<div class=\"elementor-widget-container\">\n\t\t\t\t\t\t\t\t\t<div class=\"elementor-button-wrapper\">\n\t\t\t\t\t<a class=\"elementor-button elementor-button-link elementor-size-lg\" href=\"#\">\n\t\t\t\t\t\t<span class=\"elementor-button-content-wrapper\">\n\t\t\t\t\t\t\t\t\t<span class=\"elementor-button-text\">Mehr Infos finden Sie hier<\/span>\n\t\t\t\t\t<\/span>\n\t\t\t\t\t<\/a>\n\t\t\t\t<\/div>\n\t\t\t\t\t\t\t\t<\/div>\n\t\t\t\t<\/div>\n\t\t\t\t<div class=\"elementor-element elementor-element-93513c7 elementor-widget elementor-widget-image\" data-id=\"93513c7\" data-element_type=\"widget\" data-widget_type=\"image.default\">\n\t\t\t\t<div class=\"elementor-widget-container\">\n\t\t\t\t\t\t\t\t\t\t\t\t\t\t\t<img fetchpriority=\"high\" decoding=\"async\" width=\"800\" height=\"389\" src=\"https:\/\/www.manheim-express.eu\/wp-content\/uploads\/2022\/11\/Manheim-Express-Estate-car.png\" class=\"attachment-large size-large wp-image-14639\" alt=\"\" srcset=\"https:\/\/www.manheim-express.eu\/wp-content\/uploads\/2022\/11\/Manheim-Express-Estate-car.png 1024w, https:\/\/www.manheim-express.eu\/wp-content\/uploads\/2022\/11\/Manheim-Express-Estate-car-300x146.png 300w, https:\/\/www.manheim-express.eu\/wp-content\/uploads\/2022\/11\/Manheim-Express-Estate-car-768x374.png 768w\" sizes=\"(max-width: 800px) 100vw, 800px\" \/>\t\t\t\t\t\t\t\t\t\t\t\t\t\t\t<\/div>\n\t\t\t\t<\/div>\n\t\t\t\t\t<\/div>\n\t\t<\/div>\n\t\t\t\t<div class=\"elementor-column elementor-col-50 elementor-top-column elementor-element elementor-element-213236b\" data-id=\"213236b\" data-element_type=\"column\" data-settings=\"{&quot;background_background&quot;:&quot;classic&quot;}\">\n\t\t\t<div class=\"elementor-widget-wrap elementor-element-populated\">\n\t\t\t\t\t\t<div class=\"elementor-element elementor-element-e50b614 elementor-widget elementor-widget-text-editor\" data-id=\"e50b614\" data-element_type=\"widget\" data-widget_type=\"text-editor.default\">\n\t\t\t\t<div class=\"elementor-widget-container\">\n\t\t\t\t\t\t\t\t\t<h2 class=\"\">Warum Manheim Express eine echte Alternative zur Unfallb\u00f6rse darstellt<\/h2>\t\t\t\t\t\t\t\t<\/div>\n\t\t\t\t<\/div>\n\t\t\t\t<div class=\"elementor-element elementor-element-8d896a4 elementor-widget elementor-widget-text-editor\" data-id=\"8d896a4\" data-element_type=\"widget\" data-widget_type=\"text-editor.default\">\n\t\t\t\t<div class=\"elementor-widget-container\">\n\t\t\t\t\t\t\t\t\t<p>Ein florierender Gebrauchtwagenhandel ist von einer Reihe von Faktoren abh\u00e4ngig. Zuverl\u00e4ssige und benutzerfreundliche\u00a0<strong>Einkaufsquellen, Unfallb\u00f6rsen und Portale<\/strong>\u00a0f\u00fcr gebrauchte Pkw nehmen dabei eine wichtige Stellung ein, denn mit den richtigen Partnern l\u00e4sst sich das Gesch\u00e4ft mit Gebrauchten entscheidend beleben. Leider wird dieser Faktor von vielen H\u00e4ndlern noch nicht ausreichend ber\u00fccksichtigt. W\u00e4hrend immer wieder Geld in Werbung und die Gesch\u00e4ftsausstattung flie\u00dft, wird dem gezielten Zukauf von Fahrzeugen zu wenig Beachtung geschenkt. Stattdessen werden vor allem Fahrzeuge zum Verkauf angeboten, die von Kunden in Zahlung genommen wurden. Dabei handelt es sich aber leider oft nicht um sonderlich attraktive Modelle. Da hilft nur aktiver und gezielter Zukauf.<\/p>\t\t\t\t\t\t\t\t<\/div>\n\t\t\t\t<\/div>\n\t\t\t\t<div class=\"elementor-element elementor-element-e9c050a elementor-widget elementor-widget-text-editor\" data-id=\"e9c050a\" data-element_type=\"widget\" data-widget_type=\"text-editor.default\">\n\t\t\t\t<div class=\"elementor-widget-container\">\n\t\t\t\t\t\t\t\t\t<h2 class=\"\">Deutlich mehr Auswahl und M\u00f6glichkeiten als bei einer Unfallb\u00f6rse<\/h2>\t\t\t\t\t\t\t\t<\/div>\n\t\t\t\t<\/div>\n\t\t\t\t<div class=\"elementor-element elementor-element-572a03f elementor-widget elementor-widget-text-editor\" data-id=\"572a03f\" data-element_type=\"widget\" data-widget_type=\"text-editor.default\">\n\t\t\t\t<div class=\"elementor-widget-container\">\n\t\t\t\t\t\t\t\t\t<p>Anders als bei\u00a0<strong>Unfallb\u00f6rse<\/strong><strong>n<\/strong>\u00a0und anderen Portalen kann der H\u00e4ndler bei\u00a0<span style=\"font-weight: bolder;\">Manheim Express<\/span>\u00a0nicht nur f\u00fcr den Zukauf von Unfallwagen oder besch\u00e4digten Fahrzeugen auf seinem Hof sorgen, er hat auch die M\u00f6glichkeit, Inzahlungnahmen schnell wieder an den Mann oder die Frau zu bringen. Entscheidend beim aktiven Zukauf von Pkws ist, dass der H\u00e4ndler gezielt nach attraktiven und begehrten Fahrzeugen suchen und zudem frei entscheiden kann, ob er den Preis akzeptiert oder nicht. Im Unterschied zu vielen\u00a0<strong>Unfallb\u00f6rsen<\/strong>sind Sie beim Zukauf frei \u00fcber Fahrzeugmodell, Preis und Zeitpunkt des Kaufes. Angebote, die nicht Ihren Vorstellungen entsprechen, ignorieren Sie einfach und warten auf eine bessere Gelegenheit. Sie w\u00e4hlen exakt und zum besten Preis die Fahrzeuge aus, die bei Ihnen am besten Laufen oder nach denen Kunden vermehrt fragen.<\/p>\t\t\t\t\t\t\t\t<\/div>\n\t\t\t\t<\/div>\n\t\t\t\t<div class=\"elementor-element elementor-element-81d67a8 elementor-widget elementor-widget-text-editor\" data-id=\"81d67a8\" data-element_type=\"widget\" data-widget_type=\"text-editor.default\">\n\t\t\t\t<div class=\"elementor-widget-container\">\n\t\t\t\t\t\t\t\t\t<h2 class=\"\">Wie Sie Manheim Express als H\u00e4ndler richtig nutzen<\/h2>\t\t\t\t\t\t\t\t<\/div>\n\t\t\t\t<\/div>\n\t\t\t\t<div class=\"elementor-element elementor-element-2cac10a elementor-widget elementor-widget-text-editor\" data-id=\"2cac10a\" data-element_type=\"widget\" data-widget_type=\"text-editor.default\">\n\t\t\t\t<div class=\"elementor-widget-container\">\n\t\t\t\t\t\t\t\t\t<p>Mit\u00a0<span style=\"font-weight: bolder;\">Manheim Express<\/span>\u00a0haben Sie eine Zukaufquelle gefunden, die sich Ihren Bed\u00fcrfnissen anpasst. Das Portal bietet \u2013 anders als eine reine\u00a0<strong>Unfallb\u00f6rsen<\/strong>\u00a0\u2013 eine gro\u00dfe und st\u00e4ndige wachsende Auswahl an Pkws und gebrauchten Fahrzeugen, als Verkaufs- und Einkaufsportal ausschlie\u00dflich f\u00fcr H\u00e4ndler. Besonderes Augenmerk wurde dabei auf die Benutzerfreundlichkeit und Offenheit f\u00fcr variierende Gesch\u00e4ftsmodelle gelegt. Denn der moderne Autohandel mit Gebrauchtwagen befindet sich in einem kontinuierlichen Umw\u00e4lzungsprozess. Die Zukauf- und Verkaufsm\u00f6glichkeiten des Internets haben die Branche in den letzten zwei Jahrzehnten radikal ver\u00e4ndert.<\/p>\t\t\t\t\t\t\t\t<\/div>\n\t\t\t\t<\/div>\n\t\t\t\t<div class=\"elementor-element elementor-element-80ea184 elementor-widget elementor-widget-text-editor\" data-id=\"80ea184\" data-element_type=\"widget\" data-widget_type=\"text-editor.default\">\n\t\t\t\t<div class=\"elementor-widget-container\">\n\t\t\t\t\t\t\t\t\t<h2 class=\"\">Unfallb\u00f6rse und attraktives B2B-Portal auf einer Website<\/h2>\t\t\t\t\t\t\t\t<\/div>\n\t\t\t\t<\/div>\n\t\t\t\t<div class=\"elementor-element elementor-element-e1a0ab1 elementor-widget elementor-widget-text-editor\" data-id=\"e1a0ab1\" data-element_type=\"widget\" data-widget_type=\"text-editor.default\">\n\t\t\t\t<div class=\"elementor-widget-container\">\n\t\t\t\t\t\t\t\t\t<p>W\u00e4hrend im klassischen Gebrauchtwagenhandel die Auswahl an Fahrzeugen klar begrenzt war, hat der digitale Markt einen riesigen Pool an Fahrzeugen geschaffen, auf den der H\u00e4ndler zugreifen kann. Spezielle und ausgefallene Kundenw\u00fcnsche, auf die der H\u00e4ndler fr\u00fcher nur mit einem Achselzucken antworten konnte, k\u00f6nnen heute, mit Hilfe der richtigen Zukaufquelle realisiert werden. Die Kunden wissen das und stellen entsprechend Anforderungen an den H\u00e4ndler. Von ihm wird erwartet, dass er als Insider die professionellen Kan\u00e4le kennt und produktiv als Zukaufquelle f\u00fcr seine Kunden nutzt. So kann der Verk\u00e4ufer durch die Nutzung von\u00a0<span style=\"font-weight: bolder;\">Manheim Express<\/span>\u00a0seinen Status als Profi klar herausstellen. Gleichzeitig bietet\u00a0<span style=\"font-weight: bolder;\">Manheim Express<\/span>\u00a0die schnelle und komfortable M\u00f6glichkeit, in Zahlung genommene Fahrzeuge zu verkaufen, bevor sie zu Langstehern werden.<\/p>\t\t\t\t\t\t\t\t<\/div>\n\t\t\t\t<\/div>\n\t\t\t\t\t<\/div>\n\t\t<\/div>\n\t\t\t\t\t<\/div>\n\t\t<\/section>\n\t\t\t\t<\/div>\n\t\t","protected":false},"excerpt":{"rendered":"<p>Die interessante Alternative zur Unfallb\u00f6rse Bringen Sie mit Manheim Express mehr Dynamik in Ihren Gebrauchtwagenhandel! Viele H\u00e4ndler sind sich nicht im Klaren dar\u00fcber, welchen Einfluss die richtige\u00a0Unfallb\u00f6rse\u00a0oder andere Zukaufquellen auf Ihre Gesch\u00e4fte mit Gebrauchtwagen haben k\u00f6nnen. Mit dem geeigneten Handelspartner l\u00e4sst sich der Umsatz nicht nur deutlich steigern, das gesamte Portfolio wird attraktiver und abwechslungsreicher [&hellip;]<\/p>\n","protected":false},"author":12,"featured_media":0,"parent":11571,"menu_order":0,"comment_status":"closed","ping_status":"closed","template":"","meta":{"_acf_changed":false,"footnotes":""},"wf_page_folders":[156],"class_list":["post-16624","page","type-page","status-publish","hentry"],"acf":[],"yoast_head":"<!-- This site is optimized with the Yoast SEO plugin v25.8 - https:\/\/yoast.com\/wordpress\/plugins\/seo\/ -->\n<title>Unfallb\u00f6rse - Manheim Express die neue Auktionsplattform f\u00fcr den KFZ Handel<\/title>\n<meta name=\"description\" content=\"Viel mehr als nur eine Unfallb\u00f6rse! Mit pkwNOW haben Sie Zugriff auf besch\u00e4digte Fahrzeuge, Nutzfahrzeuge und attraktive Gebrauchtwagen aller Fabrikate.\" \/>\n<meta name=\"robots\" content=\"index, follow, max-snippet:-1, max-image-preview:large, max-video-preview:-1\" \/>\n<link rel=\"canonical\" href=\"https:\/\/www.manheim-express.eu\/de\/glossar\/unfallborse\/\" \/>\n<meta property=\"og:locale\" content=\"de_DE\" \/>\n<meta property=\"og:type\" content=\"article\" \/>\n<meta property=\"og:title\" content=\"Unfallb\u00f6rse - Manheim Express die neue Auktionsplattform f\u00fcr den KFZ Handel\" \/>\n<meta property=\"og:description\" content=\"Viel mehr als nur eine Unfallb\u00f6rse! Mit pkwNOW haben Sie Zugriff auf besch\u00e4digte Fahrzeuge, Nutzfahrzeuge und attraktive Gebrauchtwagen aller Fabrikate.\" \/>\n<meta property=\"og:url\" content=\"https:\/\/www.manheim-express.eu\/de\/glossar\/unfallborse\/\" \/>\n<meta property=\"og:site_name\" content=\"Manheim Express\" \/>\n<meta property=\"article:publisher\" content=\"https:\/\/www.facebook.com\/manheimexpresseurope\/\" \/>\n<meta property=\"article:modified_time\" content=\"2024-01-15T16:56:21+00:00\" \/>\n<meta property=\"og:image\" content=\"https:\/\/www.manheim-express.eu\/wp-content\/uploads\/2022\/11\/Manheim-Express-Estate-car.png\" \/>\n<meta name=\"twitter:card\" content=\"summary_large_image\" \/>\n<meta name=\"twitter:label1\" content=\"Gesch\u00e4tzte Lesezeit\" \/>\n\t<meta name=\"twitter:data1\" content=\"3\u00a0Minuten\" \/>\n<script type=\"application\/ld+json\" class=\"yoast-schema-graph\">{\"@context\":\"https:\/\/schema.org\",\"@graph\":[{\"@type\":\"WebPage\",\"@id\":\"https:\/\/www.manheim-express.eu\/de\/glossar\/unfallborse\/\",\"url\":\"https:\/\/www.manheim-express.eu\/de\/glossar\/unfallborse\/\",\"name\":\"Unfallb\u00f6rse - Manheim Express die neue Auktionsplattform f\u00fcr den KFZ Handel\",\"isPartOf\":{\"@id\":\"https:\/\/www.manheim-express.eu\/de\/#website\"},\"primaryImageOfPage\":{\"@id\":\"https:\/\/www.manheim-express.eu\/de\/glossar\/unfallborse\/#primaryimage\"},\"image\":{\"@id\":\"https:\/\/www.manheim-express.eu\/de\/glossar\/unfallborse\/#primaryimage\"},\"thumbnailUrl\":\"https:\/\/www.manheim-express.eu\/wp-content\/uploads\/2022\/11\/Manheim-Express-Estate-car.png\",\"datePublished\":\"2024-01-15T16:56:19+00:00\",\"dateModified\":\"2024-01-15T16:56:21+00:00\",\"description\":\"Viel mehr als nur eine Unfallb\u00f6rse! Mit pkwNOW haben Sie Zugriff auf besch\u00e4digte Fahrzeuge, Nutzfahrzeuge und attraktive Gebrauchtwagen aller Fabrikate.\",\"breadcrumb\":{\"@id\":\"https:\/\/www.manheim-express.eu\/de\/glossar\/unfallborse\/#breadcrumb\"},\"inLanguage\":\"de\",\"potentialAction\":[{\"@type\":\"ReadAction\",\"target\":[\"https:\/\/www.manheim-express.eu\/de\/glossar\/unfallborse\/\"]}]},{\"@type\":\"ImageObject\",\"inLanguage\":\"de\",\"@id\":\"https:\/\/www.manheim-express.eu\/de\/glossar\/unfallborse\/#primaryimage\",\"url\":\"https:\/\/www.manheim-express.eu\/wp-content\/uploads\/2022\/11\/Manheim-Express-Estate-car.png\",\"contentUrl\":\"https:\/\/www.manheim-express.eu\/wp-content\/uploads\/2022\/11\/Manheim-Express-Estate-car.png\"},{\"@type\":\"BreadcrumbList\",\"@id\":\"https:\/\/www.manheim-express.eu\/de\/glossar\/unfallborse\/#breadcrumb\",\"itemListElement\":[{\"@type\":\"ListItem\",\"position\":1,\"name\":\"Home\",\"item\":\"https:\/\/www.manheim-express.eu\/de\/\"},{\"@type\":\"ListItem\",\"position\":2,\"name\":\"Glossar\",\"item\":\"https:\/\/www.manheim-express.eu\/de\/glossar\/\"},{\"@type\":\"ListItem\",\"position\":3,\"name\":\"Unfallb\u00f6rse\"}]},{\"@type\":\"WebSite\",\"@id\":\"https:\/\/www.manheim-express.eu\/de\/#website\",\"url\":\"https:\/\/www.manheim-express.eu\/de\/\",\"name\":\"Manheim Express\",\"description\":\"\",\"publisher\":{\"@id\":\"https:\/\/www.manheim-express.eu\/de\/#organization\"},\"potentialAction\":[{\"@type\":\"SearchAction\",\"target\":{\"@type\":\"EntryPoint\",\"urlTemplate\":\"https:\/\/www.manheim-express.eu\/de\/?s={search_term_string}\"},\"query-input\":{\"@type\":\"PropertyValueSpecification\",\"valueRequired\":true,\"valueName\":\"search_term_string\"}}],\"inLanguage\":\"de\"},{\"@type\":\"Organization\",\"@id\":\"https:\/\/www.manheim-express.eu\/de\/#organization\",\"name\":\"Manheim Express\",\"url\":\"https:\/\/www.manheim-express.eu\/de\/\",\"logo\":{\"@type\":\"ImageObject\",\"inLanguage\":\"de\",\"@id\":\"https:\/\/www.manheim-express.eu\/de\/#\/schema\/logo\/image\/\",\"url\":\"https:\/\/www.manheim-express.eu\/wp-content\/uploads\/2021\/07\/manheim-express-logo-light.png\",\"contentUrl\":\"https:\/\/www.manheim-express.eu\/wp-content\/uploads\/2021\/07\/manheim-express-logo-light.png\",\"width\":1163,\"height\":392,\"caption\":\"Manheim Express\"},\"image\":{\"@id\":\"https:\/\/www.manheim-express.eu\/de\/#\/schema\/logo\/image\/\"},\"sameAs\":[\"https:\/\/www.facebook.com\/manheimexpresseurope\/\",\"https:\/\/www.instagram.com\/manheim.express\",\"https:\/\/www.linkedin.com\/company\/manheim-express\/\",\"https:\/\/www.youtube.com\/channel\/UCRKJajJPvJv-ao7Tk7qra5Q\/\"]}]}<\/script>\n<!-- \/ Yoast SEO plugin. -->","yoast_head_json":{"title":"Unfallb\u00f6rse - Manheim Express die neue Auktionsplattform f\u00fcr den KFZ Handel","description":"Viel mehr als nur eine Unfallb\u00f6rse! Mit pkwNOW haben Sie Zugriff auf besch\u00e4digte Fahrzeuge, Nutzfahrzeuge und attraktive Gebrauchtwagen aller Fabrikate.","robots":{"index":"index","follow":"follow","max-snippet":"max-snippet:-1","max-image-preview":"max-image-preview:large","max-video-preview":"max-video-preview:-1"},"canonical":"https:\/\/www.manheim-express.eu\/de\/glossar\/unfallborse\/","og_locale":"de_DE","og_type":"article","og_title":"Unfallb\u00f6rse - Manheim Express die neue Auktionsplattform f\u00fcr den KFZ Handel","og_description":"Viel mehr als nur eine Unfallb\u00f6rse! Mit pkwNOW haben Sie Zugriff auf besch\u00e4digte Fahrzeuge, Nutzfahrzeuge und attraktive Gebrauchtwagen aller Fabrikate.","og_url":"https:\/\/www.manheim-express.eu\/de\/glossar\/unfallborse\/","og_site_name":"Manheim Express","article_publisher":"https:\/\/www.facebook.com\/manheimexpresseurope\/","article_modified_time":"2024-01-15T16:56:21+00:00","og_image":[{"url":"https:\/\/www.manheim-express.eu\/wp-content\/uploads\/2022\/11\/Manheim-Express-Estate-car.png","type":"","width":"","height":""}],"twitter_card":"summary_large_image","twitter_misc":{"Gesch\u00e4tzte Lesezeit":"3\u00a0Minuten"},"schema":{"@context":"https:\/\/schema.org","@graph":[{"@type":"WebPage","@id":"https:\/\/www.manheim-express.eu\/de\/glossar\/unfallborse\/","url":"https:\/\/www.manheim-express.eu\/de\/glossar\/unfallborse\/","name":"Unfallb\u00f6rse - Manheim Express die neue Auktionsplattform f\u00fcr den KFZ Handel","isPartOf":{"@id":"https:\/\/www.manheim-express.eu\/de\/#website"},"primaryImageOfPage":{"@id":"https:\/\/www.manheim-express.eu\/de\/glossar\/unfallborse\/#primaryimage"},"image":{"@id":"https:\/\/www.manheim-express.eu\/de\/glossar\/unfallborse\/#primaryimage"},"thumbnailUrl":"https:\/\/www.manheim-express.eu\/wp-content\/uploads\/2022\/11\/Manheim-Express-Estate-car.png","datePublished":"2024-01-15T16:56:19+00:00","dateModified":"2024-01-15T16:56:21+00:00","description":"Viel mehr als nur eine Unfallb\u00f6rse! Mit pkwNOW haben Sie Zugriff auf besch\u00e4digte Fahrzeuge, Nutzfahrzeuge und attraktive Gebrauchtwagen aller Fabrikate.","breadcrumb":{"@id":"https:\/\/www.manheim-express.eu\/de\/glossar\/unfallborse\/#breadcrumb"},"inLanguage":"de","potentialAction":[{"@type":"ReadAction","target":["https:\/\/www.manheim-express.eu\/de\/glossar\/unfallborse\/"]}]},{"@type":"ImageObject","inLanguage":"de","@id":"https:\/\/www.manheim-express.eu\/de\/glossar\/unfallborse\/#primaryimage","url":"https:\/\/www.manheim-express.eu\/wp-content\/uploads\/2022\/11\/Manheim-Express-Estate-car.png","contentUrl":"https:\/\/www.manheim-express.eu\/wp-content\/uploads\/2022\/11\/Manheim-Express-Estate-car.png"},{"@type":"BreadcrumbList","@id":"https:\/\/www.manheim-express.eu\/de\/glossar\/unfallborse\/#breadcrumb","itemListElement":[{"@type":"ListItem","position":1,"name":"Home","item":"https:\/\/www.manheim-express.eu\/de\/"},{"@type":"ListItem","position":2,"name":"Glossar","item":"https:\/\/www.manheim-express.eu\/de\/glossar\/"},{"@type":"ListItem","position":3,"name":"Unfallb\u00f6rse"}]},{"@type":"WebSite","@id":"https:\/\/www.manheim-express.eu\/de\/#website","url":"https:\/\/www.manheim-express.eu\/de\/","name":"Manheim Express","description":"","publisher":{"@id":"https:\/\/www.manheim-express.eu\/de\/#organization"},"potentialAction":[{"@type":"SearchAction","target":{"@type":"EntryPoint","urlTemplate":"https:\/\/www.manheim-express.eu\/de\/?s={search_term_string}"},"query-input":{"@type":"PropertyValueSpecification","valueRequired":true,"valueName":"search_term_string"}}],"inLanguage":"de"},{"@type":"Organization","@id":"https:\/\/www.manheim-express.eu\/de\/#organization","name":"Manheim Express","url":"https:\/\/www.manheim-express.eu\/de\/","logo":{"@type":"ImageObject","inLanguage":"de","@id":"https:\/\/www.manheim-express.eu\/de\/#\/schema\/logo\/image\/","url":"https:\/\/www.manheim-express.eu\/wp-content\/uploads\/2021\/07\/manheim-express-logo-light.png","contentUrl":"https:\/\/www.manheim-express.eu\/wp-content\/uploads\/2021\/07\/manheim-express-logo-light.png","width":1163,"height":392,"caption":"Manheim Express"},"image":{"@id":"https:\/\/www.manheim-express.eu\/de\/#\/schema\/logo\/image\/"},"sameAs":["https:\/\/www.facebook.com\/manheimexpresseurope\/","https:\/\/www.instagram.com\/manheim.express","https:\/\/www.linkedin.com\/company\/manheim-express\/","https:\/\/www.youtube.com\/channel\/UCRKJajJPvJv-ao7Tk7qra5Q\/"]}]}},"_links":{"self":[{"href":"https:\/\/www.manheim-express.eu\/de\/wp-json\/wp\/v2\/pages\/16624","targetHints":{"allow":["GET"]}}],"collection":[{"href":"https:\/\/www.manheim-express.eu\/de\/wp-json\/wp\/v2\/pages"}],"about":[{"href":"https:\/\/www.manheim-express.eu\/de\/wp-json\/wp\/v2\/types\/page"}],"author":[{"embeddable":true,"href":"https:\/\/www.manheim-express.eu\/de\/wp-json\/wp\/v2\/users\/12"}],"replies":[{"embeddable":true,"href":"https:\/\/www.manheim-express.eu\/de\/wp-json\/wp\/v2\/comments?post=16624"}],"version-history":[{"count":13,"href":"https:\/\/www.manheim-express.eu\/de\/wp-json\/wp\/v2\/pages\/16624\/revisions"}],"predecessor-version":[{"id":16916,"href":"https:\/\/www.manheim-express.eu\/de\/wp-json\/wp\/v2\/pages\/16624\/revisions\/16916"}],"up":[{"embeddable":true,"href":"https:\/\/www.manheim-express.eu\/de\/wp-json\/wp\/v2\/pages\/11571"}],"wp:attachment":[{"href":"https:\/\/www.manheim-express.eu\/de\/wp-json\/wp\/v2\/media?parent=16624"}],"wp:term":[{"taxonomy":"wf_page_folders","embeddable":true,"href":"https:\/\/www.manheim-express.eu\/de\/wp-json\/wp\/v2\/wf_page_folders?post=16624"}],"curies":[{"name":"wp","href":"https:\/\/api.w.org\/{rel}","templated":true}]}}