{"id":16616,"date":"2024-01-15T16:55:14","date_gmt":"2024-01-15T16:55:14","guid":{"rendered":"https:\/\/www.manheim-express.eu\/?page_id=16616"},"modified":"2024-01-15T16:55:15","modified_gmt":"2024-01-15T16:55:15","slug":"unfallautos-kaufen","status":"publish","type":"page","link":"https:\/\/www.manheim-express.eu\/de\/glossar\/unfallautos-kaufen\/","title":{"rendered":"Unfallautos kaufen"},"content":{"rendered":"\t\t<div data-elementor-type=\"wp-page\" data-elementor-id=\"16616\" class=\"elementor elementor-16616\" data-elementor-post-type=\"page\">\n\t\t\t\t\t\t<section class=\"elementor-section elementor-top-section elementor-element elementor-element-5ad223c elementor-section-full_width elementor-section-stretched elementor-section-height-default elementor-section-height-default\" data-id=\"5ad223c\" data-element_type=\"section\" data-settings=\"{&quot;stretch_section&quot;:&quot;section-stretched&quot;}\">\n\t\t\t\t\t\t<div class=\"elementor-container elementor-column-gap-default\">\n\t\t\t\t\t<div class=\"elementor-column elementor-col-50 elementor-top-column elementor-element elementor-element-d3b519c\" data-id=\"d3b519c\" data-element_type=\"column\" data-settings=\"{&quot;background_background&quot;:&quot;classic&quot;}\">\n\t\t\t<div class=\"elementor-widget-wrap elementor-element-populated\">\n\t\t\t\t\t\t<div class=\"elementor-element elementor-element-036dc3a elementor-widget elementor-widget-text-editor\" data-id=\"036dc3a\" data-element_type=\"widget\" data-widget_type=\"text-editor.default\">\n\t\t\t\t<div class=\"elementor-widget-container\">\n\t\t\t\t\t\t\t\t\t<h2>Sie haben Interesse Unfallautos zu kaufen?<\/h2>\t\t\t\t\t\t\t\t<\/div>\n\t\t\t\t<\/div>\n\t\t\t\t<div class=\"elementor-element elementor-element-21c3353 elementor-widget elementor-widget-text-editor\" data-id=\"21c3353\" data-element_type=\"widget\" data-widget_type=\"text-editor.default\">\n\t\t\t\t<div class=\"elementor-widget-container\">\n\t\t\t\t\t\t\t\t\t<h3 class=\"\">Mit Manheim Express kaufen und versteigern Sie besch\u00e4digte Fahrzeuge professionell im B2B-Sektor<\/h3>\t\t\t\t\t\t\t\t<\/div>\n\t\t\t\t<\/div>\n\t\t\t\t<div class=\"elementor-element elementor-element-c37119d elementor-widget elementor-widget-text-editor\" data-id=\"c37119d\" data-element_type=\"widget\" data-widget_type=\"text-editor.default\">\n\t\t\t\t<div class=\"elementor-widget-container\">\n\t\t\t\t\t\t\t\t\t<p>Der Handel mit Gebrauchtwagen ist ein ausgesprochen vielf\u00e4ltiges und abwechslungsreiches Gesch\u00e4ftsfeld, in dem oft ganz unterschiedliche Interessen, Charaktere und Lebenswelten aufeinandertreffen. Und letztlich ist es f\u00fcr viele H\u00e4ndler gerade diese Mischung, die den Reiz ihres Berufes ausmacht. Das\u00a0<strong>Kaufen von Unfallautos<\/strong>ist ein gutes Beispiel, wie unterschiedlich die Auffassungen und Strategien innerhalb der Branche sein k\u00f6nnen. W\u00e4hrend f\u00fcr manchen Privatk\u00e4ufer ein Unfallwagen grunds\u00e4tzlich ein rotes Tuch ist, kann f\u00fcr einen spezialisierten H\u00e4ndler ein Unfallwagen mitunter ein ausgesprochen interessantes Objekt sein. F\u00fcr den B2B-Sektor bietet\u00a0<span style=\"font-weight: bolder;\">Manheim Express<\/span>\u00a0zahlreiche Tools, um gebrauchte Fahrzeuge und Unfallwagen schnell und komfortabel zu kaufen.<\/p>\t\t\t\t\t\t\t\t<\/div>\n\t\t\t\t<\/div>\n\t\t\t\t<div class=\"elementor-element elementor-element-76774e4 elementor-widget elementor-widget-button\" data-id=\"76774e4\" data-element_type=\"widget\" data-widget_type=\"button.default\">\n\t\t\t\t<div class=\"elementor-widget-container\">\n\t\t\t\t\t\t\t\t\t<div class=\"elementor-button-wrapper\">\n\t\t\t\t\t<a class=\"elementor-button elementor-button-link elementor-size-lg\" href=\"#\">\n\t\t\t\t\t\t<span class=\"elementor-button-content-wrapper\">\n\t\t\t\t\t\t\t\t\t<span class=\"elementor-button-text\">Mehr Infos finden Sie hier<\/span>\n\t\t\t\t\t<\/span>\n\t\t\t\t\t<\/a>\n\t\t\t\t<\/div>\n\t\t\t\t\t\t\t\t<\/div>\n\t\t\t\t<\/div>\n\t\t\t\t<div class=\"elementor-element elementor-element-93513c7 elementor-widget elementor-widget-image\" data-id=\"93513c7\" data-element_type=\"widget\" data-widget_type=\"image.default\">\n\t\t\t\t<div class=\"elementor-widget-container\">\n\t\t\t\t\t\t\t\t\t\t\t\t\t\t\t<img fetchpriority=\"high\" decoding=\"async\" width=\"800\" height=\"389\" src=\"https:\/\/www.manheim-express.eu\/wp-content\/uploads\/2022\/11\/Manheim-Express-Estate-car.png\" class=\"attachment-large size-large wp-image-14639\" alt=\"\" srcset=\"https:\/\/www.manheim-express.eu\/wp-content\/uploads\/2022\/11\/Manheim-Express-Estate-car.png 1024w, https:\/\/www.manheim-express.eu\/wp-content\/uploads\/2022\/11\/Manheim-Express-Estate-car-300x146.png 300w, https:\/\/www.manheim-express.eu\/wp-content\/uploads\/2022\/11\/Manheim-Express-Estate-car-768x374.png 768w\" sizes=\"(max-width: 800px) 100vw, 800px\" \/>\t\t\t\t\t\t\t\t\t\t\t\t\t\t\t<\/div>\n\t\t\t\t<\/div>\n\t\t\t\t\t<\/div>\n\t\t<\/div>\n\t\t\t\t<div class=\"elementor-column elementor-col-50 elementor-top-column elementor-element elementor-element-213236b\" data-id=\"213236b\" data-element_type=\"column\" data-settings=\"{&quot;background_background&quot;:&quot;classic&quot;}\">\n\t\t\t<div class=\"elementor-widget-wrap elementor-element-populated\">\n\t\t\t\t\t\t<div class=\"elementor-element elementor-element-e50b614 elementor-widget elementor-widget-text-editor\" data-id=\"e50b614\" data-element_type=\"widget\" data-widget_type=\"text-editor.default\">\n\t\t\t\t<div class=\"elementor-widget-container\">\n\t\t\t\t\t\t\t\t\t<h2 class=\"\">Unsicherheit von Privatk\u00e4ufern beim Kaufen von Unfallautos<\/h2>\t\t\t\t\t\t\t\t<\/div>\n\t\t\t\t<\/div>\n\t\t\t\t<div class=\"elementor-element elementor-element-8d896a4 elementor-widget elementor-widget-text-editor\" data-id=\"8d896a4\" data-element_type=\"widget\" data-widget_type=\"text-editor.default\">\n\t\t\t\t<div class=\"elementor-widget-container\">\n\t\t\t\t\t\t\t\t\t<p>Die Bezeichnung\u00a0<strong>Unfallauto oder Unfallwagen<\/strong>\u00a0ist f\u00fcr viele Privatk\u00e4ufer mit Vorbehalten und Skepsis verbunden. Die Bef\u00fcrchtung, ein Fahrzeug zu kaufen, das durch einen Unfall Sch\u00e4den davongetragen hat und m\u00f6glicherweise Folgesch\u00e4den nach sich zieht, schreckt viele K\u00e4ufer ab. Tats\u00e4chlich ist es f\u00fcr die meisten Privatbesitzer nicht leicht, den objektiven Zustand eines\u00a0<strong>Unfall<\/strong><strong>autos<\/strong>\u00a0einzusch\u00e4tzen. Das gilt sowohl f\u00fcr das Kaufen im professionellen Handel als auch auf dem privaten Markt. Oft stellen sich folgenden Fragen: Handelt es sich wirklich lediglich um leichte, \u00e4u\u00dferliche Sch\u00e4den, wie im Gutachten angegeben? Oder gibt es weitere unsichtbare Sch\u00e4den, die erst nach dem Kauf entdeckt werden? Wer nach einem Unfall oder Schaden zum Besitzer eines Unfallwagens wird, ist ebenfalls mit Fragen konfrontiert: Welche Wertminderung muss ich einkalkulieren? Wie kann ich meinen Wagen nach einem Unfall noch bestm\u00f6glich weiterverkaufen? Hier sind Privatk\u00e4ufer oder Verk\u00e4ufer in der Regel auf die Beratung eines in der Branche erfahrenen H\u00e4ndlers angewiesen.<\/p>\t\t\t\t\t\t\t\t<\/div>\n\t\t\t\t<\/div>\n\t\t\t\t<div class=\"elementor-element elementor-element-e9c050a elementor-widget elementor-widget-text-editor\" data-id=\"e9c050a\" data-element_type=\"widget\" data-widget_type=\"text-editor.default\">\n\t\t\t\t<div class=\"elementor-widget-container\">\n\t\t\t\t\t\t\t\t\t<h2 class=\"\">Problem der Definition und rechtliche Bestimmungen zu Unfallwagen<\/h2>\t\t\t\t\t\t\t\t<\/div>\n\t\t\t\t<\/div>\n\t\t\t\t<div class=\"elementor-element elementor-element-572a03f elementor-widget elementor-widget-text-editor\" data-id=\"572a03f\" data-element_type=\"widget\" data-widget_type=\"text-editor.default\">\n\t\t\t\t<div class=\"elementor-widget-container\">\n\t\t\t\t\t\t\t\t\t<p>Beim Kaufen und Verkaufen von\u00a0<strong>besch\u00e4digten Fahrzeugen \/\u00a0<\/strong><strong>Unfallautos<\/strong>\u00a0ist es sowohl im Handel als auch privat zun\u00e4chst wichtig, sich klar zu machen, was \u00fcberhaupt mit der Bezeichnung Unfallwagen ausgesagt wird. Tats\u00e4chlich deckt die Bezeichnung ein ausgesprochen breites Spektrum von Sch\u00e4den an Fahrzeugen ab, so dass damit noch nicht viel \u00fcber den realen Wert des jeweiligen Autos ausgesagt wird. Das Spektrum der\u00a0<strong>Unfallautos<\/strong>\u00a0reicht vom leichten Blechschaden bis zum Totalschaden, daher muss immer das konkrete Fahrzeug und seine Besch\u00e4digungen betrachtet werden. Zudem ist es wichtig zu wissen, dass sowohl der Handel als auch Privatpersonen dazu verpflichtet sind, beim Verkauf Sch\u00e4den am Fahrzeug, die \u00fcber \u00e4u\u00dferliche Lackkratzer hinausgehen, anzugeben. Das Verschweigen von Sch\u00e4den kann dazu f\u00fchren, dass ein abgeschlossener Kauf ung\u00fcltig wird. Der K\u00e4ufer erh\u00e4lt dann das Recht, vom Kauf zur\u00fcckzutreten \u2013 auch dann, wenn zuvor vertraglich ein Ausschluss der Gew\u00e4hrleistung vereinbart worden ist. Ein sorgf\u00e4ltiges Vorgehen beim\u00a0<strong>Kaufen von Unfallautos<\/strong>\u00a0ist daher im Handel als auch im privaten Bereich ratsam.<\/p>\t\t\t\t\t\t\t\t<\/div>\n\t\t\t\t<\/div>\n\t\t\t\t<div class=\"elementor-element elementor-element-81d67a8 elementor-widget elementor-widget-text-editor\" data-id=\"81d67a8\" data-element_type=\"widget\" data-widget_type=\"text-editor.default\">\n\t\t\t\t<div class=\"elementor-widget-container\">\n\t\t\t\t\t\t\t\t\t<h2 class=\"\">Tipps f\u00fcr das Kaufen und Verkaufen von Unfallautos<\/h2>\t\t\t\t\t\t\t\t<\/div>\n\t\t\t\t<\/div>\n\t\t\t\t<div class=\"elementor-element elementor-element-2cac10a elementor-widget elementor-widget-text-editor\" data-id=\"2cac10a\" data-element_type=\"widget\" data-widget_type=\"text-editor.default\">\n\t\t\t\t<div class=\"elementor-widget-container\">\n\t\t\t\t\t\t\t\t\t<p class=\"text-justify\">Anders als f\u00fcr private K\u00e4ufer und Verk\u00e4ufer ist im Handel das\u00a0<strong>Kaufen von Unfallautos<\/strong>\u00a0an der Tagesordnung. H\u00e4ndler k\u00f6nnen in der Regel aufgrund ihrer Erfahrung sehr viel schneller und besser einsch\u00e4tzen, welche Wertminderung durch einen Unfall bzw. einen Schaden entstanden ist. Doch auch der Handel muss damit rechnen, dass ein Fahrzeug mit dem\u00a0<strong>Etikett Unfallwagen<\/strong>\u00a0mitunter schwieriger an Endkunden zu verkaufen ist, als ein Auto, das nie in einen Unfall verwickelt war. Das bedeutet jedoch nicht, dass der Handel mit Unfallwagen f\u00fcr H\u00e4ndler ein m\u00fchsames und uninteressantes Gesch\u00e4ft sein muss \u2014 im Gegenteil. Statt dessen hat sich geradezu eine eigene Branche etabliert, die auf das\u00a0<strong>Kaufen und Verkaufen von Unfallautos<\/strong>\u00a0spezialisiert ist und es versteht, die mit besch\u00e4digten Fahrzeugen verbundenen Preisschwankungen zu ihren Gunsten zu nutzen. Zudem kann ein H\u00e4ndler einem Privatkunden oft deutlich besser vermitteln, was genau am Fahrzeug besch\u00e4digt wurde und welche Reparaturen ausgef\u00fchrt worden sind. Ein solch transparentes Vorgehen kann, auch im Segment Unfallwagen, Kunden oft von einem Fahrzeug \u00fcberzeugen.<\/p><p>\u00a0<\/p>\t\t\t\t\t\t\t\t<\/div>\n\t\t\t\t<\/div>\n\t\t\t\t\t<\/div>\n\t\t<\/div>\n\t\t\t\t\t<\/div>\n\t\t<\/section>\n\t\t\t\t<\/div>\n\t\t","protected":false},"excerpt":{"rendered":"<p>Sie haben Interesse Unfallautos zu kaufen? Mit Manheim Express kaufen und versteigern Sie besch\u00e4digte Fahrzeuge professionell im B2B-Sektor Der Handel mit Gebrauchtwagen ist ein ausgesprochen vielf\u00e4ltiges und abwechslungsreiches Gesch\u00e4ftsfeld, in dem oft ganz unterschiedliche Interessen, Charaktere und Lebenswelten aufeinandertreffen. Und letztlich ist es f\u00fcr viele H\u00e4ndler gerade diese Mischung, die den Reiz ihres Berufes ausmacht. [&hellip;]<\/p>\n","protected":false},"author":12,"featured_media":0,"parent":11571,"menu_order":0,"comment_status":"closed","ping_status":"closed","template":"","meta":{"_acf_changed":false,"footnotes":""},"wf_page_folders":[156],"class_list":["post-16616","page","type-page","status-publish","hentry"],"acf":[],"yoast_head":"<!-- This site is optimized with the Yoast SEO plugin v25.8 - https:\/\/yoast.com\/wordpress\/plugins\/seo\/ -->\n<title>Unfallautos kaufen - Manheim Express die neue Auktionsplattform f\u00fcr den KFZ Handel<\/title>\n<meta name=\"description\" content=\"Mit Manheim Express verkaufen und kaufen Sie Unfallautos wenigen Klicks! Manheim Express - die H\u00e4ndlerplattform f\u00fcr B2B.\" \/>\n<meta name=\"robots\" content=\"index, follow, max-snippet:-1, max-image-preview:large, max-video-preview:-1\" \/>\n<link rel=\"canonical\" href=\"https:\/\/www.manheim-express.eu\/de\/glossar\/unfallautos-kaufen\/\" \/>\n<meta property=\"og:locale\" content=\"de_DE\" \/>\n<meta property=\"og:type\" content=\"article\" \/>\n<meta property=\"og:title\" content=\"Unfallautos kaufen - Manheim Express die neue Auktionsplattform f\u00fcr den KFZ Handel\" \/>\n<meta property=\"og:description\" content=\"Mit Manheim Express verkaufen und kaufen Sie Unfallautos wenigen Klicks! Manheim Express - die H\u00e4ndlerplattform f\u00fcr B2B.\" \/>\n<meta property=\"og:url\" content=\"https:\/\/www.manheim-express.eu\/de\/glossar\/unfallautos-kaufen\/\" \/>\n<meta property=\"og:site_name\" content=\"Manheim Express\" \/>\n<meta property=\"article:publisher\" content=\"https:\/\/www.facebook.com\/manheimexpresseurope\/\" \/>\n<meta property=\"article:modified_time\" content=\"2024-01-15T16:55:15+00:00\" \/>\n<meta property=\"og:image\" content=\"https:\/\/www.manheim-express.eu\/wp-content\/uploads\/2022\/11\/Manheim-Express-Estate-car.png\" \/>\n<meta name=\"twitter:card\" content=\"summary_large_image\" \/>\n<meta name=\"twitter:label1\" content=\"Gesch\u00e4tzte Lesezeit\" \/>\n\t<meta name=\"twitter:data1\" content=\"3\u00a0Minuten\" \/>\n<script type=\"application\/ld+json\" class=\"yoast-schema-graph\">{\"@context\":\"https:\/\/schema.org\",\"@graph\":[{\"@type\":\"WebPage\",\"@id\":\"https:\/\/www.manheim-express.eu\/de\/glossar\/unfallautos-kaufen\/\",\"url\":\"https:\/\/www.manheim-express.eu\/de\/glossar\/unfallautos-kaufen\/\",\"name\":\"Unfallautos kaufen - Manheim Express die neue Auktionsplattform f\u00fcr den KFZ Handel\",\"isPartOf\":{\"@id\":\"https:\/\/www.manheim-express.eu\/de\/#website\"},\"primaryImageOfPage\":{\"@id\":\"https:\/\/www.manheim-express.eu\/de\/glossar\/unfallautos-kaufen\/#primaryimage\"},\"image\":{\"@id\":\"https:\/\/www.manheim-express.eu\/de\/glossar\/unfallautos-kaufen\/#primaryimage\"},\"thumbnailUrl\":\"https:\/\/www.manheim-express.eu\/wp-content\/uploads\/2022\/11\/Manheim-Express-Estate-car.png\",\"datePublished\":\"2024-01-15T16:55:14+00:00\",\"dateModified\":\"2024-01-15T16:55:15+00:00\",\"description\":\"Mit Manheim Express verkaufen und kaufen Sie Unfallautos wenigen Klicks! Manheim Express - die H\u00e4ndlerplattform f\u00fcr B2B.\",\"breadcrumb\":{\"@id\":\"https:\/\/www.manheim-express.eu\/de\/glossar\/unfallautos-kaufen\/#breadcrumb\"},\"inLanguage\":\"de\",\"potentialAction\":[{\"@type\":\"ReadAction\",\"target\":[\"https:\/\/www.manheim-express.eu\/de\/glossar\/unfallautos-kaufen\/\"]}]},{\"@type\":\"ImageObject\",\"inLanguage\":\"de\",\"@id\":\"https:\/\/www.manheim-express.eu\/de\/glossar\/unfallautos-kaufen\/#primaryimage\",\"url\":\"https:\/\/www.manheim-express.eu\/wp-content\/uploads\/2022\/11\/Manheim-Express-Estate-car.png\",\"contentUrl\":\"https:\/\/www.manheim-express.eu\/wp-content\/uploads\/2022\/11\/Manheim-Express-Estate-car.png\"},{\"@type\":\"BreadcrumbList\",\"@id\":\"https:\/\/www.manheim-express.eu\/de\/glossar\/unfallautos-kaufen\/#breadcrumb\",\"itemListElement\":[{\"@type\":\"ListItem\",\"position\":1,\"name\":\"Home\",\"item\":\"https:\/\/www.manheim-express.eu\/de\/\"},{\"@type\":\"ListItem\",\"position\":2,\"name\":\"Glossar\",\"item\":\"https:\/\/www.manheim-express.eu\/de\/glossar\/\"},{\"@type\":\"ListItem\",\"position\":3,\"name\":\"Unfallautos kaufen\"}]},{\"@type\":\"WebSite\",\"@id\":\"https:\/\/www.manheim-express.eu\/de\/#website\",\"url\":\"https:\/\/www.manheim-express.eu\/de\/\",\"name\":\"Manheim Express\",\"description\":\"\",\"publisher\":{\"@id\":\"https:\/\/www.manheim-express.eu\/de\/#organization\"},\"potentialAction\":[{\"@type\":\"SearchAction\",\"target\":{\"@type\":\"EntryPoint\",\"urlTemplate\":\"https:\/\/www.manheim-express.eu\/de\/?s={search_term_string}\"},\"query-input\":{\"@type\":\"PropertyValueSpecification\",\"valueRequired\":true,\"valueName\":\"search_term_string\"}}],\"inLanguage\":\"de\"},{\"@type\":\"Organization\",\"@id\":\"https:\/\/www.manheim-express.eu\/de\/#organization\",\"name\":\"Manheim Express\",\"url\":\"https:\/\/www.manheim-express.eu\/de\/\",\"logo\":{\"@type\":\"ImageObject\",\"inLanguage\":\"de\",\"@id\":\"https:\/\/www.manheim-express.eu\/de\/#\/schema\/logo\/image\/\",\"url\":\"https:\/\/www.manheim-express.eu\/wp-content\/uploads\/2021\/07\/manheim-express-logo-light.png\",\"contentUrl\":\"https:\/\/www.manheim-express.eu\/wp-content\/uploads\/2021\/07\/manheim-express-logo-light.png\",\"width\":1163,\"height\":392,\"caption\":\"Manheim Express\"},\"image\":{\"@id\":\"https:\/\/www.manheim-express.eu\/de\/#\/schema\/logo\/image\/\"},\"sameAs\":[\"https:\/\/www.facebook.com\/manheimexpresseurope\/\",\"https:\/\/www.instagram.com\/manheim.express\",\"https:\/\/www.linkedin.com\/company\/manheim-express\/\",\"https:\/\/www.youtube.com\/channel\/UCRKJajJPvJv-ao7Tk7qra5Q\/\"]}]}<\/script>\n<!-- \/ Yoast SEO plugin. -->","yoast_head_json":{"title":"Unfallautos kaufen - Manheim Express die neue Auktionsplattform f\u00fcr den KFZ Handel","description":"Mit Manheim Express verkaufen und kaufen Sie Unfallautos wenigen Klicks! Manheim Express - die H\u00e4ndlerplattform f\u00fcr B2B.","robots":{"index":"index","follow":"follow","max-snippet":"max-snippet:-1","max-image-preview":"max-image-preview:large","max-video-preview":"max-video-preview:-1"},"canonical":"https:\/\/www.manheim-express.eu\/de\/glossar\/unfallautos-kaufen\/","og_locale":"de_DE","og_type":"article","og_title":"Unfallautos kaufen - Manheim Express die neue Auktionsplattform f\u00fcr den KFZ Handel","og_description":"Mit Manheim Express verkaufen und kaufen Sie Unfallautos wenigen Klicks! Manheim Express - die H\u00e4ndlerplattform f\u00fcr B2B.","og_url":"https:\/\/www.manheim-express.eu\/de\/glossar\/unfallautos-kaufen\/","og_site_name":"Manheim Express","article_publisher":"https:\/\/www.facebook.com\/manheimexpresseurope\/","article_modified_time":"2024-01-15T16:55:15+00:00","og_image":[{"url":"https:\/\/www.manheim-express.eu\/wp-content\/uploads\/2022\/11\/Manheim-Express-Estate-car.png","type":"","width":"","height":""}],"twitter_card":"summary_large_image","twitter_misc":{"Gesch\u00e4tzte Lesezeit":"3\u00a0Minuten"},"schema":{"@context":"https:\/\/schema.org","@graph":[{"@type":"WebPage","@id":"https:\/\/www.manheim-express.eu\/de\/glossar\/unfallautos-kaufen\/","url":"https:\/\/www.manheim-express.eu\/de\/glossar\/unfallautos-kaufen\/","name":"Unfallautos kaufen - Manheim Express die neue Auktionsplattform f\u00fcr den KFZ Handel","isPartOf":{"@id":"https:\/\/www.manheim-express.eu\/de\/#website"},"primaryImageOfPage":{"@id":"https:\/\/www.manheim-express.eu\/de\/glossar\/unfallautos-kaufen\/#primaryimage"},"image":{"@id":"https:\/\/www.manheim-express.eu\/de\/glossar\/unfallautos-kaufen\/#primaryimage"},"thumbnailUrl":"https:\/\/www.manheim-express.eu\/wp-content\/uploads\/2022\/11\/Manheim-Express-Estate-car.png","datePublished":"2024-01-15T16:55:14+00:00","dateModified":"2024-01-15T16:55:15+00:00","description":"Mit Manheim Express verkaufen und kaufen Sie Unfallautos wenigen Klicks! Manheim Express - die H\u00e4ndlerplattform f\u00fcr B2B.","breadcrumb":{"@id":"https:\/\/www.manheim-express.eu\/de\/glossar\/unfallautos-kaufen\/#breadcrumb"},"inLanguage":"de","potentialAction":[{"@type":"ReadAction","target":["https:\/\/www.manheim-express.eu\/de\/glossar\/unfallautos-kaufen\/"]}]},{"@type":"ImageObject","inLanguage":"de","@id":"https:\/\/www.manheim-express.eu\/de\/glossar\/unfallautos-kaufen\/#primaryimage","url":"https:\/\/www.manheim-express.eu\/wp-content\/uploads\/2022\/11\/Manheim-Express-Estate-car.png","contentUrl":"https:\/\/www.manheim-express.eu\/wp-content\/uploads\/2022\/11\/Manheim-Express-Estate-car.png"},{"@type":"BreadcrumbList","@id":"https:\/\/www.manheim-express.eu\/de\/glossar\/unfallautos-kaufen\/#breadcrumb","itemListElement":[{"@type":"ListItem","position":1,"name":"Home","item":"https:\/\/www.manheim-express.eu\/de\/"},{"@type":"ListItem","position":2,"name":"Glossar","item":"https:\/\/www.manheim-express.eu\/de\/glossar\/"},{"@type":"ListItem","position":3,"name":"Unfallautos kaufen"}]},{"@type":"WebSite","@id":"https:\/\/www.manheim-express.eu\/de\/#website","url":"https:\/\/www.manheim-express.eu\/de\/","name":"Manheim Express","description":"","publisher":{"@id":"https:\/\/www.manheim-express.eu\/de\/#organization"},"potentialAction":[{"@type":"SearchAction","target":{"@type":"EntryPoint","urlTemplate":"https:\/\/www.manheim-express.eu\/de\/?s={search_term_string}"},"query-input":{"@type":"PropertyValueSpecification","valueRequired":true,"valueName":"search_term_string"}}],"inLanguage":"de"},{"@type":"Organization","@id":"https:\/\/www.manheim-express.eu\/de\/#organization","name":"Manheim Express","url":"https:\/\/www.manheim-express.eu\/de\/","logo":{"@type":"ImageObject","inLanguage":"de","@id":"https:\/\/www.manheim-express.eu\/de\/#\/schema\/logo\/image\/","url":"https:\/\/www.manheim-express.eu\/wp-content\/uploads\/2021\/07\/manheim-express-logo-light.png","contentUrl":"https:\/\/www.manheim-express.eu\/wp-content\/uploads\/2021\/07\/manheim-express-logo-light.png","width":1163,"height":392,"caption":"Manheim Express"},"image":{"@id":"https:\/\/www.manheim-express.eu\/de\/#\/schema\/logo\/image\/"},"sameAs":["https:\/\/www.facebook.com\/manheimexpresseurope\/","https:\/\/www.instagram.com\/manheim.express","https:\/\/www.linkedin.com\/company\/manheim-express\/","https:\/\/www.youtube.com\/channel\/UCRKJajJPvJv-ao7Tk7qra5Q\/"]}]}},"_links":{"self":[{"href":"https:\/\/www.manheim-express.eu\/de\/wp-json\/wp\/v2\/pages\/16616","targetHints":{"allow":["GET"]}}],"collection":[{"href":"https:\/\/www.manheim-express.eu\/de\/wp-json\/wp\/v2\/pages"}],"about":[{"href":"https:\/\/www.manheim-express.eu\/de\/wp-json\/wp\/v2\/types\/page"}],"author":[{"embeddable":true,"href":"https:\/\/www.manheim-express.eu\/de\/wp-json\/wp\/v2\/users\/12"}],"replies":[{"embeddable":true,"href":"https:\/\/www.manheim-express.eu\/de\/wp-json\/wp\/v2\/comments?post=16616"}],"version-history":[{"count":10,"href":"https:\/\/www.manheim-express.eu\/de\/wp-json\/wp\/v2\/pages\/16616\/revisions"}],"predecessor-version":[{"id":16913,"href":"https:\/\/www.manheim-express.eu\/de\/wp-json\/wp\/v2\/pages\/16616\/revisions\/16913"}],"up":[{"embeddable":true,"href":"https:\/\/www.manheim-express.eu\/de\/wp-json\/wp\/v2\/pages\/11571"}],"wp:attachment":[{"href":"https:\/\/www.manheim-express.eu\/de\/wp-json\/wp\/v2\/media?parent=16616"}],"wp:term":[{"taxonomy":"wf_page_folders","embeddable":true,"href":"https:\/\/www.manheim-express.eu\/de\/wp-json\/wp\/v2\/wf_page_folders?post=16616"}],"curies":[{"name":"wp","href":"https:\/\/api.w.org\/{rel}","templated":true}]}}