{"id":16611,"date":"2024-01-15T16:52:17","date_gmt":"2024-01-15T16:52:17","guid":{"rendered":"https:\/\/www.manheim-express.eu\/?page_id=16611"},"modified":"2024-01-15T16:52:18","modified_gmt":"2024-01-15T16:52:18","slug":"truckstore","status":"publish","type":"page","link":"https:\/\/www.manheim-express.eu\/de\/glossar\/truckstore\/","title":{"rendered":"Truckstore"},"content":{"rendered":"\t\t<div data-elementor-type=\"wp-page\" data-elementor-id=\"16611\" class=\"elementor elementor-16611\" data-elementor-post-type=\"page\">\n\t\t\t\t\t\t<section class=\"elementor-section elementor-top-section elementor-element elementor-element-5ad223c elementor-section-full_width elementor-section-stretched elementor-section-height-default elementor-section-height-default\" data-id=\"5ad223c\" data-element_type=\"section\" data-settings=\"{&quot;stretch_section&quot;:&quot;section-stretched&quot;}\">\n\t\t\t\t\t\t<div class=\"elementor-container elementor-column-gap-default\">\n\t\t\t\t\t<div class=\"elementor-column elementor-col-50 elementor-top-column elementor-element elementor-element-d3b519c\" data-id=\"d3b519c\" data-element_type=\"column\" data-settings=\"{&quot;background_background&quot;:&quot;classic&quot;}\">\n\t\t\t<div class=\"elementor-widget-wrap elementor-element-populated\">\n\t\t\t\t\t\t<div class=\"elementor-element elementor-element-036dc3a elementor-widget elementor-widget-text-editor\" data-id=\"036dc3a\" data-element_type=\"widget\" data-widget_type=\"text-editor.default\">\n\t\t\t\t<div class=\"elementor-widget-container\">\n\t\t\t\t\t\t\t\t\t<h2>Nutzfahrzeuge \u00fcber Truckstore kaufen?<\/h2>\t\t\t\t\t\t\t\t<\/div>\n\t\t\t\t<\/div>\n\t\t\t\t<div class=\"elementor-element elementor-element-21c3353 elementor-widget elementor-widget-text-editor\" data-id=\"21c3353\" data-element_type=\"widget\" data-widget_type=\"text-editor.default\">\n\t\t\t\t<div class=\"elementor-widget-container\">\n\t\t\t\t\t\t\t\t\t<h3 class=\"\">Manheim Express stellt die Plattform vor und bietet interessante Alternativen<\/h3>\t\t\t\t\t\t\t\t<\/div>\n\t\t\t\t<\/div>\n\t\t\t\t<div class=\"elementor-element elementor-element-c37119d elementor-widget elementor-widget-text-editor\" data-id=\"c37119d\" data-element_type=\"widget\" data-widget_type=\"text-editor.default\">\n\t\t\t\t<div class=\"elementor-widget-container\">\n\t\t\t\t\t\t\t\t\t<p>Wer sich f\u00fcr den Handel mit gebrauchten Nutzfahrzeugen interessiert, st\u00f6\u00dft schnell auf den Namen Truckstore \u2013 schlie\u00dflich ist die Marke der Daimler AG europaweit vertreten und ein Platzhirsch der Branche. Der Schwerpunkt von Truckstore liegt dabei klar im Bereich Lkw und Sattelzugmaschinen f\u00fcr das Gewerbe. H\u00e4ndler, die ihr Gesch\u00e4ft mit gebrauchten Nutzfahrzeugen ausbauen wollen, haben allerdings oft den Wunsch, auch Zugriff auf Transporter bis 3,5 Tonnen zu haben, da mit diesen Fahrzeugen eine breite Zielgruppe angesprochen werden kann. Neben gebrauchten Pkw finden sich auf der Plattform\u00a0<span style=\"font-weight: bolder;\">Manheim Express<\/span>\u00a0daher ein breites Angebot an gebrauchten (Klein)-Transportern, Lkw und anderen Nutzfahrzeugen \u2013 ideal f\u00fcr H\u00e4ndler die flexibel und schnell agieren wollen. Leichte Nutzfahrzeuge haben sich zudem zu einem echten Verkaufsschlager auch f\u00fcr Privatk\u00e4ufer entwickelt \u2013 ein Grund mehr mit\u00a0<span style=\"font-weight: bolder;\">Manheim Express<\/span>\u00a0auch diesen Markt schnell und bequem bedienen zu k\u00f6nnen.<\/p>\t\t\t\t\t\t\t\t<\/div>\n\t\t\t\t<\/div>\n\t\t\t\t<div class=\"elementor-element elementor-element-76774e4 elementor-widget elementor-widget-button\" data-id=\"76774e4\" data-element_type=\"widget\" data-widget_type=\"button.default\">\n\t\t\t\t<div class=\"elementor-widget-container\">\n\t\t\t\t\t\t\t\t\t<div class=\"elementor-button-wrapper\">\n\t\t\t\t\t<a class=\"elementor-button elementor-button-link elementor-size-lg\" href=\"#\">\n\t\t\t\t\t\t<span class=\"elementor-button-content-wrapper\">\n\t\t\t\t\t\t\t\t\t<span class=\"elementor-button-text\">Mehr Infos finden Sie hier<\/span>\n\t\t\t\t\t<\/span>\n\t\t\t\t\t<\/a>\n\t\t\t\t<\/div>\n\t\t\t\t\t\t\t\t<\/div>\n\t\t\t\t<\/div>\n\t\t\t\t<div class=\"elementor-element elementor-element-93513c7 elementor-widget elementor-widget-image\" data-id=\"93513c7\" data-element_type=\"widget\" data-widget_type=\"image.default\">\n\t\t\t\t<div class=\"elementor-widget-container\">\n\t\t\t\t\t\t\t\t\t\t\t\t\t\t\t<img fetchpriority=\"high\" decoding=\"async\" width=\"800\" height=\"389\" src=\"https:\/\/www.manheim-express.eu\/wp-content\/uploads\/2022\/11\/Manheim-Express-Estate-car.png\" class=\"attachment-large size-large wp-image-14639\" alt=\"\" srcset=\"https:\/\/www.manheim-express.eu\/wp-content\/uploads\/2022\/11\/Manheim-Express-Estate-car.png 1024w, https:\/\/www.manheim-express.eu\/wp-content\/uploads\/2022\/11\/Manheim-Express-Estate-car-300x146.png 300w, https:\/\/www.manheim-express.eu\/wp-content\/uploads\/2022\/11\/Manheim-Express-Estate-car-768x374.png 768w\" sizes=\"(max-width: 800px) 100vw, 800px\" \/>\t\t\t\t\t\t\t\t\t\t\t\t\t\t\t<\/div>\n\t\t\t\t<\/div>\n\t\t\t\t\t<\/div>\n\t\t<\/div>\n\t\t\t\t<div class=\"elementor-column elementor-col-50 elementor-top-column elementor-element elementor-element-213236b\" data-id=\"213236b\" data-element_type=\"column\" data-settings=\"{&quot;background_background&quot;:&quot;classic&quot;}\">\n\t\t\t<div class=\"elementor-widget-wrap elementor-element-populated\">\n\t\t\t\t\t\t<div class=\"elementor-element elementor-element-e50b614 elementor-widget elementor-widget-text-editor\" data-id=\"e50b614\" data-element_type=\"widget\" data-widget_type=\"text-editor.default\">\n\t\t\t\t<div class=\"elementor-widget-container\">\n\t\t\t\t\t\t\t\t\t<h2 class=\"\">Truckstore \u2013 Das Unternehmen<\/h2>\t\t\t\t\t\t\t\t<\/div>\n\t\t\t\t<\/div>\n\t\t\t\t<div class=\"elementor-element elementor-element-8d896a4 elementor-widget elementor-widget-text-editor\" data-id=\"8d896a4\" data-element_type=\"widget\" data-widget_type=\"text-editor.default\">\n\t\t\t\t<div class=\"elementor-widget-container\">\n\t\t\t\t\t\t\t\t\t<p>Unter der Marke Truckstore vertreibt die Daimler AG seit 2001 gebrauchte Nutzfahrzeuge aller Marken und Bauweisen. H\u00e4ufige Hersteller der von Truckstore vertriebenen Nutzfahrzeuge sind DAF, FUSO, Iveco, MAN und Mercedes-Benz. Neben Lkw und Sattelzugmaschinen werden unterschiedliche Aufbauten wie Kipper, Betonmischer, Pritschen, Anh\u00e4nger u. A. vertrieben. Es sind insbesondere Fahrzeuge von 6 &#8211; 40 Tonnen im Angebot, Auktionen finden nicht statt. Das erste Truckstore-Center wurde 2001 in Pinto, Spanien er\u00f6ffnet. Der Hintergrund f\u00fcr die Gr\u00fcndung von Truckstore waren hohe R\u00fcckgabequoten bei gebrauchten Lkw, da durch die europ\u00e4ischen Abschreibungsgesetze die Fahrzeuge oft bereits nach zwei bis drei Jahren an die H\u00e4ndler zur\u00fcckgingen. Die Folge war ein \u00dcberangebot auf dem Markt und eine un\u00fcbersichtliche Marktsituation. Durch die Gr\u00fcndung der Marke Truckstore sollte versucht werden, Handel und Marktaktivit\u00e4ten bei gebrauchten Lkw besser steuern zu k\u00f6nnen. Truckstore betreibt gegenw\u00e4rtig europaweit 23 Filialen in 12 europ\u00e4ischen L\u00e4ndern, wobei die Standorte Deutschland und Spanien besonders dicht ausgebaut sind. Die Fahrzeuge der einzelnen Standorte werden online auf der Plattform zusammengefasst und k\u00f6nnen dort mit Suchmasken gefiltert werden. Truckstore kategorisiert seine Fahrzeuge in drei Klassen: Gold, Silber und Bronze. Lkws der Gold-Kategorie sind maximal vier Jahre alt und stellen optisch wie technisch den Premium-Bereich des Fuhrparks von Truckstore dar. In den Kategorien Silber und Bronze finden sich entsprechend \u00e4ltere Fahrzeuge mit erh\u00f6hten Laufleistungen und st\u00e4rkeren Abnutzungsspuren.<\/p>\t\t\t\t\t\t\t\t<\/div>\n\t\t\t\t<\/div>\n\t\t\t\t<div class=\"elementor-element elementor-element-e9c050a elementor-widget elementor-widget-text-editor\" data-id=\"e9c050a\" data-element_type=\"widget\" data-widget_type=\"text-editor.default\">\n\t\t\t\t<div class=\"elementor-widget-container\">\n\t\t\t\t\t\t\t\t\t<h2 class=\"\">Manheim Express als Alternative zu Truckstore?<\/h2>\t\t\t\t\t\t\t\t<\/div>\n\t\t\t\t<\/div>\n\t\t\t\t<div class=\"elementor-element elementor-element-572a03f elementor-widget elementor-widget-text-editor\" data-id=\"572a03f\" data-element_type=\"widget\" data-widget_type=\"text-editor.default\">\n\t\t\t\t<div class=\"elementor-widget-container\">\n\t\t\t\t\t\t\t\t\t<p>Truckstore gilt als Europas gr\u00f6\u00dfter H\u00e4ndler f\u00fcr gebrauchte Nutzfahrzeuge und verf\u00fcgt \u00fcber ein beachtliches Netzwerk von Filialen. Die Gr\u00fcndung der Marke durch die Daimler AG und die damit verbundene Infrastruktur haben sicher dazu beigetragen, dass Truckstore sich auf dem Markt schnell etabliert hat. Da allerdings der f\u00fcr H\u00e4ndler sehr interessante Markt mit Fahrzeugen bis 3,5 bzw. 7,5 Tonnen von Truckstore praktisch nicht bedient wird, fallen zahlreiche Fahrzeuge durchs Raster, die f\u00fcr Privatk\u00e4ufer mit einem F\u00fchrerschein Klasse B bzw 3 in Frage kommen. Im Gegensatz dazu umfasst das Angebot von\u00a0<span style=\"font-weight: bolder;\">Manheim Express<\/span>\u00a0heute, neben Pkw, auch Nutzfahrzeuge, Klein-Tranporter und Lkw unterschiedlichster Hersteller und Bauweisen. Anders als bei Truckstore k\u00f6nnen gewerbliche K\u00e4ufer mit\u00a0<span style=\"font-weight: bolder;\">Manheim Express<\/span>\u00a0damit Fahrzeuge jeglicher Art und Gr\u00f6\u00dfe ersteigern, kaufen und verkaufen. Das kommt vielen H\u00e4ndlern entgegen, die ein m\u00f6glichst breites Spektrum an Fahrzeugen in ihrem Fuhrpark abdecken wollen. Hier bietet\u00a0<span style=\"font-weight: bolder;\">Manheim Express<\/span>\u00a0H\u00e4ndlern deutlich mehr M\u00f6glichkeiten, Fahrzeuge unterschiedlicher Kategorien zu erwerben oder zu verkaufen.<\/p>\t\t\t\t\t\t\t\t<\/div>\n\t\t\t\t<\/div>\n\t\t\t\t\t<\/div>\n\t\t<\/div>\n\t\t\t\t\t<\/div>\n\t\t<\/section>\n\t\t\t\t<\/div>\n\t\t","protected":false},"excerpt":{"rendered":"<p>Nutzfahrzeuge \u00fcber Truckstore kaufen? Manheim Express stellt die Plattform vor und bietet interessante Alternativen Wer sich f\u00fcr den Handel mit gebrauchten Nutzfahrzeugen interessiert, st\u00f6\u00dft schnell auf den Namen Truckstore \u2013 schlie\u00dflich ist die Marke der Daimler AG europaweit vertreten und ein Platzhirsch der Branche. Der Schwerpunkt von Truckstore liegt dabei klar im Bereich Lkw und [&hellip;]<\/p>\n","protected":false},"author":12,"featured_media":0,"parent":11571,"menu_order":0,"comment_status":"closed","ping_status":"closed","template":"","meta":{"_acf_changed":false,"footnotes":""},"wf_page_folders":[156],"class_list":["post-16611","page","type-page","status-publish","hentry"],"acf":[],"yoast_head":"<!-- This site is optimized with the Yoast SEO plugin v25.8 - https:\/\/yoast.com\/wordpress\/plugins\/seo\/ -->\n<title>Truckstore - Manheim Express die neue Auktionsplattform f\u00fcr den KFZ Handel<\/title>\n<meta name=\"description\" content=\"Unter der Marke Truckstore vertreibt die Daimler AG seit 2001 gebrauchte Nutzfahrzeuge aller Marken und Bauweisen.\" \/>\n<meta name=\"robots\" content=\"index, follow, max-snippet:-1, max-image-preview:large, max-video-preview:-1\" \/>\n<link rel=\"canonical\" href=\"https:\/\/www.manheim-express.eu\/de\/glossar\/truckstore\/\" \/>\n<meta property=\"og:locale\" content=\"de_DE\" \/>\n<meta property=\"og:type\" content=\"article\" \/>\n<meta property=\"og:title\" content=\"Truckstore - Manheim Express die neue Auktionsplattform f\u00fcr den KFZ Handel\" \/>\n<meta property=\"og:description\" content=\"Unter der Marke Truckstore vertreibt die Daimler AG seit 2001 gebrauchte Nutzfahrzeuge aller Marken und Bauweisen.\" \/>\n<meta property=\"og:url\" content=\"https:\/\/www.manheim-express.eu\/de\/glossar\/truckstore\/\" \/>\n<meta property=\"og:site_name\" content=\"Manheim Express\" \/>\n<meta property=\"article:publisher\" content=\"https:\/\/www.facebook.com\/manheimexpresseurope\/\" \/>\n<meta property=\"article:modified_time\" content=\"2024-01-15T16:52:18+00:00\" \/>\n<meta property=\"og:image\" content=\"https:\/\/www.manheim-express.eu\/wp-content\/uploads\/2022\/11\/Manheim-Express-Estate-car.png\" \/>\n<meta name=\"twitter:card\" content=\"summary_large_image\" \/>\n<meta name=\"twitter:label1\" content=\"Gesch\u00e4tzte Lesezeit\" \/>\n\t<meta name=\"twitter:data1\" content=\"3\u00a0Minuten\" \/>\n<script type=\"application\/ld+json\" class=\"yoast-schema-graph\">{\"@context\":\"https:\/\/schema.org\",\"@graph\":[{\"@type\":\"WebPage\",\"@id\":\"https:\/\/www.manheim-express.eu\/de\/glossar\/truckstore\/\",\"url\":\"https:\/\/www.manheim-express.eu\/de\/glossar\/truckstore\/\",\"name\":\"Truckstore - Manheim Express die neue Auktionsplattform f\u00fcr den KFZ Handel\",\"isPartOf\":{\"@id\":\"https:\/\/www.manheim-express.eu\/de\/#website\"},\"primaryImageOfPage\":{\"@id\":\"https:\/\/www.manheim-express.eu\/de\/glossar\/truckstore\/#primaryimage\"},\"image\":{\"@id\":\"https:\/\/www.manheim-express.eu\/de\/glossar\/truckstore\/#primaryimage\"},\"thumbnailUrl\":\"https:\/\/www.manheim-express.eu\/wp-content\/uploads\/2022\/11\/Manheim-Express-Estate-car.png\",\"datePublished\":\"2024-01-15T16:52:17+00:00\",\"dateModified\":\"2024-01-15T16:52:18+00:00\",\"description\":\"Unter der Marke Truckstore vertreibt die Daimler AG seit 2001 gebrauchte Nutzfahrzeuge aller Marken und Bauweisen.\",\"breadcrumb\":{\"@id\":\"https:\/\/www.manheim-express.eu\/de\/glossar\/truckstore\/#breadcrumb\"},\"inLanguage\":\"de\",\"potentialAction\":[{\"@type\":\"ReadAction\",\"target\":[\"https:\/\/www.manheim-express.eu\/de\/glossar\/truckstore\/\"]}]},{\"@type\":\"ImageObject\",\"inLanguage\":\"de\",\"@id\":\"https:\/\/www.manheim-express.eu\/de\/glossar\/truckstore\/#primaryimage\",\"url\":\"https:\/\/www.manheim-express.eu\/wp-content\/uploads\/2022\/11\/Manheim-Express-Estate-car.png\",\"contentUrl\":\"https:\/\/www.manheim-express.eu\/wp-content\/uploads\/2022\/11\/Manheim-Express-Estate-car.png\"},{\"@type\":\"BreadcrumbList\",\"@id\":\"https:\/\/www.manheim-express.eu\/de\/glossar\/truckstore\/#breadcrumb\",\"itemListElement\":[{\"@type\":\"ListItem\",\"position\":1,\"name\":\"Home\",\"item\":\"https:\/\/www.manheim-express.eu\/de\/\"},{\"@type\":\"ListItem\",\"position\":2,\"name\":\"Glossar\",\"item\":\"https:\/\/www.manheim-express.eu\/de\/glossar\/\"},{\"@type\":\"ListItem\",\"position\":3,\"name\":\"Truckstore\"}]},{\"@type\":\"WebSite\",\"@id\":\"https:\/\/www.manheim-express.eu\/de\/#website\",\"url\":\"https:\/\/www.manheim-express.eu\/de\/\",\"name\":\"Manheim Express\",\"description\":\"\",\"publisher\":{\"@id\":\"https:\/\/www.manheim-express.eu\/de\/#organization\"},\"potentialAction\":[{\"@type\":\"SearchAction\",\"target\":{\"@type\":\"EntryPoint\",\"urlTemplate\":\"https:\/\/www.manheim-express.eu\/de\/?s={search_term_string}\"},\"query-input\":{\"@type\":\"PropertyValueSpecification\",\"valueRequired\":true,\"valueName\":\"search_term_string\"}}],\"inLanguage\":\"de\"},{\"@type\":\"Organization\",\"@id\":\"https:\/\/www.manheim-express.eu\/de\/#organization\",\"name\":\"Manheim Express\",\"url\":\"https:\/\/www.manheim-express.eu\/de\/\",\"logo\":{\"@type\":\"ImageObject\",\"inLanguage\":\"de\",\"@id\":\"https:\/\/www.manheim-express.eu\/de\/#\/schema\/logo\/image\/\",\"url\":\"https:\/\/www.manheim-express.eu\/wp-content\/uploads\/2021\/07\/manheim-express-logo-light.png\",\"contentUrl\":\"https:\/\/www.manheim-express.eu\/wp-content\/uploads\/2021\/07\/manheim-express-logo-light.png\",\"width\":1163,\"height\":392,\"caption\":\"Manheim Express\"},\"image\":{\"@id\":\"https:\/\/www.manheim-express.eu\/de\/#\/schema\/logo\/image\/\"},\"sameAs\":[\"https:\/\/www.facebook.com\/manheimexpresseurope\/\",\"https:\/\/www.instagram.com\/manheim.express\",\"https:\/\/www.linkedin.com\/company\/manheim-express\/\",\"https:\/\/www.youtube.com\/channel\/UCRKJajJPvJv-ao7Tk7qra5Q\/\"]}]}<\/script>\n<!-- \/ Yoast SEO plugin. -->","yoast_head_json":{"title":"Truckstore - Manheim Express die neue Auktionsplattform f\u00fcr den KFZ Handel","description":"Unter der Marke Truckstore vertreibt die Daimler AG seit 2001 gebrauchte Nutzfahrzeuge aller Marken und Bauweisen.","robots":{"index":"index","follow":"follow","max-snippet":"max-snippet:-1","max-image-preview":"max-image-preview:large","max-video-preview":"max-video-preview:-1"},"canonical":"https:\/\/www.manheim-express.eu\/de\/glossar\/truckstore\/","og_locale":"de_DE","og_type":"article","og_title":"Truckstore - Manheim Express die neue Auktionsplattform f\u00fcr den KFZ Handel","og_description":"Unter der Marke Truckstore vertreibt die Daimler AG seit 2001 gebrauchte Nutzfahrzeuge aller Marken und Bauweisen.","og_url":"https:\/\/www.manheim-express.eu\/de\/glossar\/truckstore\/","og_site_name":"Manheim Express","article_publisher":"https:\/\/www.facebook.com\/manheimexpresseurope\/","article_modified_time":"2024-01-15T16:52:18+00:00","og_image":[{"url":"https:\/\/www.manheim-express.eu\/wp-content\/uploads\/2022\/11\/Manheim-Express-Estate-car.png","type":"","width":"","height":""}],"twitter_card":"summary_large_image","twitter_misc":{"Gesch\u00e4tzte Lesezeit":"3\u00a0Minuten"},"schema":{"@context":"https:\/\/schema.org","@graph":[{"@type":"WebPage","@id":"https:\/\/www.manheim-express.eu\/de\/glossar\/truckstore\/","url":"https:\/\/www.manheim-express.eu\/de\/glossar\/truckstore\/","name":"Truckstore - Manheim Express die neue Auktionsplattform f\u00fcr den KFZ Handel","isPartOf":{"@id":"https:\/\/www.manheim-express.eu\/de\/#website"},"primaryImageOfPage":{"@id":"https:\/\/www.manheim-express.eu\/de\/glossar\/truckstore\/#primaryimage"},"image":{"@id":"https:\/\/www.manheim-express.eu\/de\/glossar\/truckstore\/#primaryimage"},"thumbnailUrl":"https:\/\/www.manheim-express.eu\/wp-content\/uploads\/2022\/11\/Manheim-Express-Estate-car.png","datePublished":"2024-01-15T16:52:17+00:00","dateModified":"2024-01-15T16:52:18+00:00","description":"Unter der Marke Truckstore vertreibt die Daimler AG seit 2001 gebrauchte Nutzfahrzeuge aller Marken und Bauweisen.","breadcrumb":{"@id":"https:\/\/www.manheim-express.eu\/de\/glossar\/truckstore\/#breadcrumb"},"inLanguage":"de","potentialAction":[{"@type":"ReadAction","target":["https:\/\/www.manheim-express.eu\/de\/glossar\/truckstore\/"]}]},{"@type":"ImageObject","inLanguage":"de","@id":"https:\/\/www.manheim-express.eu\/de\/glossar\/truckstore\/#primaryimage","url":"https:\/\/www.manheim-express.eu\/wp-content\/uploads\/2022\/11\/Manheim-Express-Estate-car.png","contentUrl":"https:\/\/www.manheim-express.eu\/wp-content\/uploads\/2022\/11\/Manheim-Express-Estate-car.png"},{"@type":"BreadcrumbList","@id":"https:\/\/www.manheim-express.eu\/de\/glossar\/truckstore\/#breadcrumb","itemListElement":[{"@type":"ListItem","position":1,"name":"Home","item":"https:\/\/www.manheim-express.eu\/de\/"},{"@type":"ListItem","position":2,"name":"Glossar","item":"https:\/\/www.manheim-express.eu\/de\/glossar\/"},{"@type":"ListItem","position":3,"name":"Truckstore"}]},{"@type":"WebSite","@id":"https:\/\/www.manheim-express.eu\/de\/#website","url":"https:\/\/www.manheim-express.eu\/de\/","name":"Manheim Express","description":"","publisher":{"@id":"https:\/\/www.manheim-express.eu\/de\/#organization"},"potentialAction":[{"@type":"SearchAction","target":{"@type":"EntryPoint","urlTemplate":"https:\/\/www.manheim-express.eu\/de\/?s={search_term_string}"},"query-input":{"@type":"PropertyValueSpecification","valueRequired":true,"valueName":"search_term_string"}}],"inLanguage":"de"},{"@type":"Organization","@id":"https:\/\/www.manheim-express.eu\/de\/#organization","name":"Manheim Express","url":"https:\/\/www.manheim-express.eu\/de\/","logo":{"@type":"ImageObject","inLanguage":"de","@id":"https:\/\/www.manheim-express.eu\/de\/#\/schema\/logo\/image\/","url":"https:\/\/www.manheim-express.eu\/wp-content\/uploads\/2021\/07\/manheim-express-logo-light.png","contentUrl":"https:\/\/www.manheim-express.eu\/wp-content\/uploads\/2021\/07\/manheim-express-logo-light.png","width":1163,"height":392,"caption":"Manheim Express"},"image":{"@id":"https:\/\/www.manheim-express.eu\/de\/#\/schema\/logo\/image\/"},"sameAs":["https:\/\/www.facebook.com\/manheimexpresseurope\/","https:\/\/www.instagram.com\/manheim.express","https:\/\/www.linkedin.com\/company\/manheim-express\/","https:\/\/www.youtube.com\/channel\/UCRKJajJPvJv-ao7Tk7qra5Q\/"]}]}},"_links":{"self":[{"href":"https:\/\/www.manheim-express.eu\/de\/wp-json\/wp\/v2\/pages\/16611","targetHints":{"allow":["GET"]}}],"collection":[{"href":"https:\/\/www.manheim-express.eu\/de\/wp-json\/wp\/v2\/pages"}],"about":[{"href":"https:\/\/www.manheim-express.eu\/de\/wp-json\/wp\/v2\/types\/page"}],"author":[{"embeddable":true,"href":"https:\/\/www.manheim-express.eu\/de\/wp-json\/wp\/v2\/users\/12"}],"replies":[{"embeddable":true,"href":"https:\/\/www.manheim-express.eu\/de\/wp-json\/wp\/v2\/comments?post=16611"}],"version-history":[{"count":7,"href":"https:\/\/www.manheim-express.eu\/de\/wp-json\/wp\/v2\/pages\/16611\/revisions"}],"predecessor-version":[{"id":16910,"href":"https:\/\/www.manheim-express.eu\/de\/wp-json\/wp\/v2\/pages\/16611\/revisions\/16910"}],"up":[{"embeddable":true,"href":"https:\/\/www.manheim-express.eu\/de\/wp-json\/wp\/v2\/pages\/11571"}],"wp:attachment":[{"href":"https:\/\/www.manheim-express.eu\/de\/wp-json\/wp\/v2\/media?parent=16611"}],"wp:term":[{"taxonomy":"wf_page_folders","embeddable":true,"href":"https:\/\/www.manheim-express.eu\/de\/wp-json\/wp\/v2\/wf_page_folders?post=16611"}],"curies":[{"name":"wp","href":"https:\/\/api.w.org\/{rel}","templated":true}]}}