{"id":16603,"date":"2024-01-15T16:51:26","date_gmt":"2024-01-15T16:51:26","guid":{"rendered":"https:\/\/www.manheim-express.eu\/?page_id=16603"},"modified":"2024-01-15T16:51:27","modified_gmt":"2024-01-15T16:51:27","slug":"transporter-gebraucht-kaufen","status":"publish","type":"page","link":"https:\/\/www.manheim-express.eu\/de\/glossar\/transporter-gebraucht-kaufen\/","title":{"rendered":"Transporter gebraucht kaufen"},"content":{"rendered":"\t\t<div data-elementor-type=\"wp-page\" data-elementor-id=\"16603\" class=\"elementor elementor-16603\" data-elementor-post-type=\"page\">\n\t\t\t\t\t\t<section class=\"elementor-section elementor-top-section elementor-element elementor-element-5ad223c elementor-section-full_width elementor-section-stretched elementor-section-height-default elementor-section-height-default\" data-id=\"5ad223c\" data-element_type=\"section\" data-settings=\"{&quot;stretch_section&quot;:&quot;section-stretched&quot;}\">\n\t\t\t\t\t\t<div class=\"elementor-container elementor-column-gap-default\">\n\t\t\t\t\t<div class=\"elementor-column elementor-col-50 elementor-top-column elementor-element elementor-element-d3b519c\" data-id=\"d3b519c\" data-element_type=\"column\" data-settings=\"{&quot;background_background&quot;:&quot;classic&quot;}\">\n\t\t\t<div class=\"elementor-widget-wrap elementor-element-populated\">\n\t\t\t\t\t\t<div class=\"elementor-element elementor-element-036dc3a elementor-widget elementor-widget-text-editor\" data-id=\"036dc3a\" data-element_type=\"widget\" data-widget_type=\"text-editor.default\">\n\t\t\t\t<div class=\"elementor-widget-container\">\n\t\t\t\t\t\t\t\t\t<h2>Sie wollen Transporter gebraucht kaufen und verkaufen?<\/h2>\t\t\t\t\t\t\t\t<\/div>\n\t\t\t\t<\/div>\n\t\t\t\t<div class=\"elementor-element elementor-element-21c3353 elementor-widget elementor-widget-text-editor\" data-id=\"21c3353\" data-element_type=\"widget\" data-widget_type=\"text-editor.default\">\n\t\t\t\t<div class=\"elementor-widget-container\">\n\t\t\t\t\t\t\t\t\t<h3 class=\"\">Mit Manheim Express finden Sie schnell zum Nutzfahrzeug Ihrer Wahl<\/h3>\t\t\t\t\t\t\t\t<\/div>\n\t\t\t\t<\/div>\n\t\t\t\t<div class=\"elementor-element elementor-element-c37119d elementor-widget elementor-widget-text-editor\" data-id=\"c37119d\" data-element_type=\"widget\" data-widget_type=\"text-editor.default\">\n\t\t\t\t<div class=\"elementor-widget-container\">\n\t\t\t\t\t\t\t\t\t<p>Gebrauchte Transporter sind beliebt und das Umsatzvolumen steigt kontinuierlich an. In vielen Bereichen haben die vielseitig nutzbaren Fahrzeuge einen echten Boom erlebt. Die Nachfrage nach Transportern nimmt insbesondere im privaten Bereich seit Jahren zu, weil immer mehr Haushalte erw\u00e4gen, einen gebrauchten Transporter zu kaufen. Die H\u00e4ndler, als Schnittstelle zwischen den verschiedenen Branchen und dem Privat- und Gewerbemarkt, profitieren entsprechend von guten Ums\u00e4tzen in diesem Segment.\u00a0<span style=\"font-weight: bolder;\">Manheim Express<\/span>\u00a0erm\u00f6glicht es H\u00e4ndlern, nach Bedarf Transporter einzukaufen oder weiterzuverkaufen. Die nutzerfreundliche Oberfl\u00e4che macht den Handel einfach und erlaubt es schnell und flexibel auf Kundenanfragen zu reagieren oder gebrauchte Transporter aus dem eigenen Fuhrpark problemlos zu verkaufen.<\/p>\t\t\t\t\t\t\t\t<\/div>\n\t\t\t\t<\/div>\n\t\t\t\t<div class=\"elementor-element elementor-element-76774e4 elementor-widget elementor-widget-button\" data-id=\"76774e4\" data-element_type=\"widget\" data-widget_type=\"button.default\">\n\t\t\t\t<div class=\"elementor-widget-container\">\n\t\t\t\t\t\t\t\t\t<div class=\"elementor-button-wrapper\">\n\t\t\t\t\t<a class=\"elementor-button elementor-button-link elementor-size-lg\" href=\"#\">\n\t\t\t\t\t\t<span class=\"elementor-button-content-wrapper\">\n\t\t\t\t\t\t\t\t\t<span class=\"elementor-button-text\">Mehr Infos finden Sie hier<\/span>\n\t\t\t\t\t<\/span>\n\t\t\t\t\t<\/a>\n\t\t\t\t<\/div>\n\t\t\t\t\t\t\t\t<\/div>\n\t\t\t\t<\/div>\n\t\t\t\t<div class=\"elementor-element elementor-element-93513c7 elementor-widget elementor-widget-image\" data-id=\"93513c7\" data-element_type=\"widget\" data-widget_type=\"image.default\">\n\t\t\t\t<div class=\"elementor-widget-container\">\n\t\t\t\t\t\t\t\t\t\t\t\t\t\t\t<img fetchpriority=\"high\" decoding=\"async\" width=\"800\" height=\"389\" src=\"https:\/\/www.manheim-express.eu\/wp-content\/uploads\/2022\/11\/Manheim-Express-Estate-car.png\" class=\"attachment-large size-large wp-image-14639\" alt=\"\" srcset=\"https:\/\/www.manheim-express.eu\/wp-content\/uploads\/2022\/11\/Manheim-Express-Estate-car.png 1024w, https:\/\/www.manheim-express.eu\/wp-content\/uploads\/2022\/11\/Manheim-Express-Estate-car-300x146.png 300w, https:\/\/www.manheim-express.eu\/wp-content\/uploads\/2022\/11\/Manheim-Express-Estate-car-768x374.png 768w\" sizes=\"(max-width: 800px) 100vw, 800px\" \/>\t\t\t\t\t\t\t\t\t\t\t\t\t\t\t<\/div>\n\t\t\t\t<\/div>\n\t\t\t\t\t<\/div>\n\t\t<\/div>\n\t\t\t\t<div class=\"elementor-column elementor-col-50 elementor-top-column elementor-element elementor-element-213236b\" data-id=\"213236b\" data-element_type=\"column\" data-settings=\"{&quot;background_background&quot;:&quot;classic&quot;}\">\n\t\t\t<div class=\"elementor-widget-wrap elementor-element-populated\">\n\t\t\t\t\t\t<div class=\"elementor-element elementor-element-e50b614 elementor-widget elementor-widget-text-editor\" data-id=\"e50b614\" data-element_type=\"widget\" data-widget_type=\"text-editor.default\">\n\t\t\t\t<div class=\"elementor-widget-container\">\n\t\t\t\t\t\t\t\t\t<h2 class=\"\">Transporter \u2013 Begriffsbestimmung und Marktsituation<\/h2>\t\t\t\t\t\t\t\t<\/div>\n\t\t\t\t<\/div>\n\t\t\t\t<div class=\"elementor-element elementor-element-8d896a4 elementor-widget elementor-widget-text-editor\" data-id=\"8d896a4\" data-element_type=\"widget\" data-widget_type=\"text-editor.default\">\n\t\t\t\t<div class=\"elementor-widget-container\">\n\t\t\t\t\t\t\t\t\t<p>Transporter sind aufgrund ihrer Vielseitigkeit und robusten Bauweise eine beliebte Fahrzeuggruppe, die sowohl im gewerblichen als auch privaten Bereich gerne eingesetzt wird. Transporter geh\u00f6ren auf dem Markt f\u00fcr gebrauchte Nutzfahrzeuge entsprechend zu den h\u00e4ufigsten Modellen. Die Bezeichnung bezieht sich meist auf sogenannte Kleintransporter mit einem zul\u00e4ssigen Gesamtgewicht bis 3,5 Tonnen, die mit einem F\u00fchrerschein der Klasse B gefahren werden k\u00f6nnen. Die Bezeichnung Transporter wird mitunter aber auch f\u00fcr Leichte Lkw verwendet, also f\u00fcr Fahrzeuge mit einem Gewicht bis zu 7,5 Tonnen, f\u00fcr die dann allerdings ein eigener F\u00fchrerschein notwendig ist. Welche Fahrzeugklasse mit dem Begriff Transporter bezeichnet wird, h\u00e4ngt davon ab, welche K\u00e4ufergruppe erw\u00e4gt, das Fahrzeug zu kaufen. Private Interessenten, die den Transporter f\u00fcr Freizeit, Hobby oder die Gro\u00dffamilie kaufen wollen, meinen mit einem Transporter in der Regel einen Kleintransporter bis 3,5 Tonnen, da in dieser K\u00e4ufergruppe normalerweise lediglich ein F\u00fchrerschein Klasse B vorhanden ist. Gewerbetreibende bezeichnen mit einem Transporter h\u00e4ufig alle Fahrzeuge mit einem Gewicht bis 7,5 Tonnen, da es in der Branche meist selbstverst\u00e4ndlich ist, auch gr\u00f6\u00dfere und schwerere Fahrzeuge zu kaufen und zu nutzen. Entsprechend der Beliebtheit sind die Zulassungszahlen f\u00fcr Transporter kontinuierlich hoch. So wurden im Jahr 2018 rund 300 000 Nutzfahrzeuge bis 7, 5 Tonnen in Deutschland neu zugelassen, darunter alleine 285 000 Fahrzeuge bis 3, 5 Tonnen.<\/p>\t\t\t\t\t\t\t\t<\/div>\n\t\t\t\t<\/div>\n\t\t\t\t<div class=\"elementor-element elementor-element-e9c050a elementor-widget elementor-widget-text-editor\" data-id=\"e9c050a\" data-element_type=\"widget\" data-widget_type=\"text-editor.default\">\n\t\t\t\t<div class=\"elementor-widget-container\">\n\t\t\t\t\t\t\t\t\t<h2 class=\"\">Transporter mit Manheim Express gebraucht kaufen und verkaufen<\/h2>\t\t\t\t\t\t\t\t<\/div>\n\t\t\t\t<\/div>\n\t\t\t\t<div class=\"elementor-element elementor-element-572a03f elementor-widget elementor-widget-text-editor\" data-id=\"572a03f\" data-element_type=\"widget\" data-widget_type=\"text-editor.default\">\n\t\t\t\t<div class=\"elementor-widget-container\">\n\t\t\t\t\t\t\t\t\t<p>Gebrauchte Transporter erleben in den letzten Jahren eine verst\u00e4rkte Aufmerksamkeit und Beliebtheit \u2013 sowohl im privaten auch im gewerblichen Einsatz. F\u00fcr private Interessenten sind gebrauchte Transporter zu beliebten Freizeit- und Familienfahrzeugen geworden, da sich mit ihnen flexibel Fahrr\u00e4der, Wassersport- oder Wintersportequipment transportiert l\u00e4sst. Hier kommt der verst\u00e4rkte Wunsch nach Freiheit und Individualit\u00e4t zum tragen und nat\u00fcrlich die M\u00f6glichkeit, auf dem Gebrauchtwagenmarkt immer wieder die Gelegenheit zu haben, einen g\u00fcnstigen Transporter aus dem Gewerbesektor zu kaufen. Aus dem gewerblichen Sektor ist der Transporter als beliebtes Arbeitstier seit Jahrzehnten ohnehin nicht mehr wegzudenken. Sein g\u00fcnstiges Verh\u00e4ltnis von Stellgr\u00f6\u00dfe zu Transportvolumen und die M\u00f6glichkeit, den Transporter auf die Anforderungen des Gewerbes anzupassen, machen ihn hier ausgesprochen beliebt. Die kr\u00e4ftige Wirtschaftslage mit einem starken Wachstum, gerade auch beim Transport von Waren und Pakten, hat in den letzten Jahren nochmals dazu beigetragen, dass gebrauchte Transporter verst\u00e4rkt auf dem Markt f\u00fcr gebrauchte Fahrzeuge landen. Die B2B-Plattform\u00a0<span style=\"font-weight: bolder;\">Manheim Express<\/span>\u00a0gibt Gewerbetreibenden die M\u00f6glichkeit, unabh\u00e4ngig von Marken und Branchen, gebrauchte Transporter zu kaufen und zu verkaufen. Der st\u00e4ndig wachsende Fahrzeugbestand von\u00a0<span style=\"font-weight: bolder;\">Manheim Express<\/span>\u00a0bietet t\u00e4glich neue Gelegenheiten, den Transporter der Wahl zu kaufen und eigene Fahrzeuge mit wenig Aufwand zu verkaufen.<\/p>\t\t\t\t\t\t\t\t<\/div>\n\t\t\t\t<\/div>\n\t\t\t\t\t<\/div>\n\t\t<\/div>\n\t\t\t\t\t<\/div>\n\t\t<\/section>\n\t\t\t\t<\/div>\n\t\t","protected":false},"excerpt":{"rendered":"<p>Sie wollen Transporter gebraucht kaufen und verkaufen? Mit Manheim Express finden Sie schnell zum Nutzfahrzeug Ihrer Wahl Gebrauchte Transporter sind beliebt und das Umsatzvolumen steigt kontinuierlich an. In vielen Bereichen haben die vielseitig nutzbaren Fahrzeuge einen echten Boom erlebt. Die Nachfrage nach Transportern nimmt insbesondere im privaten Bereich seit Jahren zu, weil immer mehr Haushalte [&hellip;]<\/p>\n","protected":false},"author":12,"featured_media":0,"parent":11571,"menu_order":0,"comment_status":"closed","ping_status":"closed","template":"","meta":{"_acf_changed":false,"footnotes":""},"wf_page_folders":[156],"class_list":["post-16603","page","type-page","status-publish","hentry"],"acf":[],"yoast_head":"<!-- This site is optimized with the Yoast SEO plugin v25.8 - https:\/\/yoast.com\/wordpress\/plugins\/seo\/ -->\n<title>Transporter gebraucht kaufen - Manheim Express die neue Auktionsplattform f\u00fcr den KFZ Handel<\/title>\n<meta name=\"description\" content=\"Gebrauchte Transporter sind beliebt und das Umsatzvolumen steigt kontinuierlich an. In vielen Bereichen haben die vielseitig nutzbaren Fahrzeuge einen echten Boom erlebt.\" \/>\n<meta name=\"robots\" content=\"index, follow, max-snippet:-1, max-image-preview:large, max-video-preview:-1\" \/>\n<link rel=\"canonical\" href=\"https:\/\/www.manheim-express.eu\/de\/glossar\/transporter-gebraucht-kaufen\/\" \/>\n<meta property=\"og:locale\" content=\"de_DE\" \/>\n<meta property=\"og:type\" content=\"article\" \/>\n<meta property=\"og:title\" content=\"Transporter gebraucht kaufen - Manheim Express die neue Auktionsplattform f\u00fcr den KFZ Handel\" \/>\n<meta property=\"og:description\" content=\"Gebrauchte Transporter sind beliebt und das Umsatzvolumen steigt kontinuierlich an. In vielen Bereichen haben die vielseitig nutzbaren Fahrzeuge einen echten Boom erlebt.\" \/>\n<meta property=\"og:url\" content=\"https:\/\/www.manheim-express.eu\/de\/glossar\/transporter-gebraucht-kaufen\/\" \/>\n<meta property=\"og:site_name\" content=\"Manheim Express\" \/>\n<meta property=\"article:publisher\" content=\"https:\/\/www.facebook.com\/manheimexpresseurope\/\" \/>\n<meta property=\"article:modified_time\" content=\"2024-01-15T16:51:27+00:00\" \/>\n<meta property=\"og:image\" content=\"https:\/\/www.manheim-express.eu\/wp-content\/uploads\/2022\/11\/Manheim-Express-Estate-car.png\" \/>\n<meta name=\"twitter:card\" content=\"summary_large_image\" \/>\n<meta name=\"twitter:label1\" content=\"Gesch\u00e4tzte Lesezeit\" \/>\n\t<meta name=\"twitter:data1\" content=\"3\u00a0Minuten\" \/>\n<script type=\"application\/ld+json\" class=\"yoast-schema-graph\">{\"@context\":\"https:\/\/schema.org\",\"@graph\":[{\"@type\":\"WebPage\",\"@id\":\"https:\/\/www.manheim-express.eu\/de\/glossar\/transporter-gebraucht-kaufen\/\",\"url\":\"https:\/\/www.manheim-express.eu\/de\/glossar\/transporter-gebraucht-kaufen\/\",\"name\":\"Transporter gebraucht kaufen - Manheim Express die neue Auktionsplattform f\u00fcr den KFZ Handel\",\"isPartOf\":{\"@id\":\"https:\/\/www.manheim-express.eu\/de\/#website\"},\"primaryImageOfPage\":{\"@id\":\"https:\/\/www.manheim-express.eu\/de\/glossar\/transporter-gebraucht-kaufen\/#primaryimage\"},\"image\":{\"@id\":\"https:\/\/www.manheim-express.eu\/de\/glossar\/transporter-gebraucht-kaufen\/#primaryimage\"},\"thumbnailUrl\":\"https:\/\/www.manheim-express.eu\/wp-content\/uploads\/2022\/11\/Manheim-Express-Estate-car.png\",\"datePublished\":\"2024-01-15T16:51:26+00:00\",\"dateModified\":\"2024-01-15T16:51:27+00:00\",\"description\":\"Gebrauchte Transporter sind beliebt und das Umsatzvolumen steigt kontinuierlich an. In vielen Bereichen haben die vielseitig nutzbaren Fahrzeuge einen echten Boom erlebt.\",\"breadcrumb\":{\"@id\":\"https:\/\/www.manheim-express.eu\/de\/glossar\/transporter-gebraucht-kaufen\/#breadcrumb\"},\"inLanguage\":\"de\",\"potentialAction\":[{\"@type\":\"ReadAction\",\"target\":[\"https:\/\/www.manheim-express.eu\/de\/glossar\/transporter-gebraucht-kaufen\/\"]}]},{\"@type\":\"ImageObject\",\"inLanguage\":\"de\",\"@id\":\"https:\/\/www.manheim-express.eu\/de\/glossar\/transporter-gebraucht-kaufen\/#primaryimage\",\"url\":\"https:\/\/www.manheim-express.eu\/wp-content\/uploads\/2022\/11\/Manheim-Express-Estate-car.png\",\"contentUrl\":\"https:\/\/www.manheim-express.eu\/wp-content\/uploads\/2022\/11\/Manheim-Express-Estate-car.png\"},{\"@type\":\"BreadcrumbList\",\"@id\":\"https:\/\/www.manheim-express.eu\/de\/glossar\/transporter-gebraucht-kaufen\/#breadcrumb\",\"itemListElement\":[{\"@type\":\"ListItem\",\"position\":1,\"name\":\"Home\",\"item\":\"https:\/\/www.manheim-express.eu\/de\/\"},{\"@type\":\"ListItem\",\"position\":2,\"name\":\"Glossar\",\"item\":\"https:\/\/www.manheim-express.eu\/de\/glossar\/\"},{\"@type\":\"ListItem\",\"position\":3,\"name\":\"Transporter gebraucht kaufen\"}]},{\"@type\":\"WebSite\",\"@id\":\"https:\/\/www.manheim-express.eu\/de\/#website\",\"url\":\"https:\/\/www.manheim-express.eu\/de\/\",\"name\":\"Manheim Express\",\"description\":\"\",\"publisher\":{\"@id\":\"https:\/\/www.manheim-express.eu\/de\/#organization\"},\"potentialAction\":[{\"@type\":\"SearchAction\",\"target\":{\"@type\":\"EntryPoint\",\"urlTemplate\":\"https:\/\/www.manheim-express.eu\/de\/?s={search_term_string}\"},\"query-input\":{\"@type\":\"PropertyValueSpecification\",\"valueRequired\":true,\"valueName\":\"search_term_string\"}}],\"inLanguage\":\"de\"},{\"@type\":\"Organization\",\"@id\":\"https:\/\/www.manheim-express.eu\/de\/#organization\",\"name\":\"Manheim Express\",\"url\":\"https:\/\/www.manheim-express.eu\/de\/\",\"logo\":{\"@type\":\"ImageObject\",\"inLanguage\":\"de\",\"@id\":\"https:\/\/www.manheim-express.eu\/de\/#\/schema\/logo\/image\/\",\"url\":\"https:\/\/www.manheim-express.eu\/wp-content\/uploads\/2021\/07\/manheim-express-logo-light.png\",\"contentUrl\":\"https:\/\/www.manheim-express.eu\/wp-content\/uploads\/2021\/07\/manheim-express-logo-light.png\",\"width\":1163,\"height\":392,\"caption\":\"Manheim Express\"},\"image\":{\"@id\":\"https:\/\/www.manheim-express.eu\/de\/#\/schema\/logo\/image\/\"},\"sameAs\":[\"https:\/\/www.facebook.com\/manheimexpresseurope\/\",\"https:\/\/www.instagram.com\/manheim.express\",\"https:\/\/www.linkedin.com\/company\/manheim-express\/\",\"https:\/\/www.youtube.com\/channel\/UCRKJajJPvJv-ao7Tk7qra5Q\/\"]}]}<\/script>\n<!-- \/ Yoast SEO plugin. -->","yoast_head_json":{"title":"Transporter gebraucht kaufen - Manheim Express die neue Auktionsplattform f\u00fcr den KFZ Handel","description":"Gebrauchte Transporter sind beliebt und das Umsatzvolumen steigt kontinuierlich an. In vielen Bereichen haben die vielseitig nutzbaren Fahrzeuge einen echten Boom erlebt.","robots":{"index":"index","follow":"follow","max-snippet":"max-snippet:-1","max-image-preview":"max-image-preview:large","max-video-preview":"max-video-preview:-1"},"canonical":"https:\/\/www.manheim-express.eu\/de\/glossar\/transporter-gebraucht-kaufen\/","og_locale":"de_DE","og_type":"article","og_title":"Transporter gebraucht kaufen - Manheim Express die neue Auktionsplattform f\u00fcr den KFZ Handel","og_description":"Gebrauchte Transporter sind beliebt und das Umsatzvolumen steigt kontinuierlich an. In vielen Bereichen haben die vielseitig nutzbaren Fahrzeuge einen echten Boom erlebt.","og_url":"https:\/\/www.manheim-express.eu\/de\/glossar\/transporter-gebraucht-kaufen\/","og_site_name":"Manheim Express","article_publisher":"https:\/\/www.facebook.com\/manheimexpresseurope\/","article_modified_time":"2024-01-15T16:51:27+00:00","og_image":[{"url":"https:\/\/www.manheim-express.eu\/wp-content\/uploads\/2022\/11\/Manheim-Express-Estate-car.png","type":"","width":"","height":""}],"twitter_card":"summary_large_image","twitter_misc":{"Gesch\u00e4tzte Lesezeit":"3\u00a0Minuten"},"schema":{"@context":"https:\/\/schema.org","@graph":[{"@type":"WebPage","@id":"https:\/\/www.manheim-express.eu\/de\/glossar\/transporter-gebraucht-kaufen\/","url":"https:\/\/www.manheim-express.eu\/de\/glossar\/transporter-gebraucht-kaufen\/","name":"Transporter gebraucht kaufen - Manheim Express die neue Auktionsplattform f\u00fcr den KFZ Handel","isPartOf":{"@id":"https:\/\/www.manheim-express.eu\/de\/#website"},"primaryImageOfPage":{"@id":"https:\/\/www.manheim-express.eu\/de\/glossar\/transporter-gebraucht-kaufen\/#primaryimage"},"image":{"@id":"https:\/\/www.manheim-express.eu\/de\/glossar\/transporter-gebraucht-kaufen\/#primaryimage"},"thumbnailUrl":"https:\/\/www.manheim-express.eu\/wp-content\/uploads\/2022\/11\/Manheim-Express-Estate-car.png","datePublished":"2024-01-15T16:51:26+00:00","dateModified":"2024-01-15T16:51:27+00:00","description":"Gebrauchte Transporter sind beliebt und das Umsatzvolumen steigt kontinuierlich an. In vielen Bereichen haben die vielseitig nutzbaren Fahrzeuge einen echten Boom erlebt.","breadcrumb":{"@id":"https:\/\/www.manheim-express.eu\/de\/glossar\/transporter-gebraucht-kaufen\/#breadcrumb"},"inLanguage":"de","potentialAction":[{"@type":"ReadAction","target":["https:\/\/www.manheim-express.eu\/de\/glossar\/transporter-gebraucht-kaufen\/"]}]},{"@type":"ImageObject","inLanguage":"de","@id":"https:\/\/www.manheim-express.eu\/de\/glossar\/transporter-gebraucht-kaufen\/#primaryimage","url":"https:\/\/www.manheim-express.eu\/wp-content\/uploads\/2022\/11\/Manheim-Express-Estate-car.png","contentUrl":"https:\/\/www.manheim-express.eu\/wp-content\/uploads\/2022\/11\/Manheim-Express-Estate-car.png"},{"@type":"BreadcrumbList","@id":"https:\/\/www.manheim-express.eu\/de\/glossar\/transporter-gebraucht-kaufen\/#breadcrumb","itemListElement":[{"@type":"ListItem","position":1,"name":"Home","item":"https:\/\/www.manheim-express.eu\/de\/"},{"@type":"ListItem","position":2,"name":"Glossar","item":"https:\/\/www.manheim-express.eu\/de\/glossar\/"},{"@type":"ListItem","position":3,"name":"Transporter gebraucht kaufen"}]},{"@type":"WebSite","@id":"https:\/\/www.manheim-express.eu\/de\/#website","url":"https:\/\/www.manheim-express.eu\/de\/","name":"Manheim Express","description":"","publisher":{"@id":"https:\/\/www.manheim-express.eu\/de\/#organization"},"potentialAction":[{"@type":"SearchAction","target":{"@type":"EntryPoint","urlTemplate":"https:\/\/www.manheim-express.eu\/de\/?s={search_term_string}"},"query-input":{"@type":"PropertyValueSpecification","valueRequired":true,"valueName":"search_term_string"}}],"inLanguage":"de"},{"@type":"Organization","@id":"https:\/\/www.manheim-express.eu\/de\/#organization","name":"Manheim Express","url":"https:\/\/www.manheim-express.eu\/de\/","logo":{"@type":"ImageObject","inLanguage":"de","@id":"https:\/\/www.manheim-express.eu\/de\/#\/schema\/logo\/image\/","url":"https:\/\/www.manheim-express.eu\/wp-content\/uploads\/2021\/07\/manheim-express-logo-light.png","contentUrl":"https:\/\/www.manheim-express.eu\/wp-content\/uploads\/2021\/07\/manheim-express-logo-light.png","width":1163,"height":392,"caption":"Manheim Express"},"image":{"@id":"https:\/\/www.manheim-express.eu\/de\/#\/schema\/logo\/image\/"},"sameAs":["https:\/\/www.facebook.com\/manheimexpresseurope\/","https:\/\/www.instagram.com\/manheim.express","https:\/\/www.linkedin.com\/company\/manheim-express\/","https:\/\/www.youtube.com\/channel\/UCRKJajJPvJv-ao7Tk7qra5Q\/"]}]}},"_links":{"self":[{"href":"https:\/\/www.manheim-express.eu\/de\/wp-json\/wp\/v2\/pages\/16603","targetHints":{"allow":["GET"]}}],"collection":[{"href":"https:\/\/www.manheim-express.eu\/de\/wp-json\/wp\/v2\/pages"}],"about":[{"href":"https:\/\/www.manheim-express.eu\/de\/wp-json\/wp\/v2\/types\/page"}],"author":[{"embeddable":true,"href":"https:\/\/www.manheim-express.eu\/de\/wp-json\/wp\/v2\/users\/12"}],"replies":[{"embeddable":true,"href":"https:\/\/www.manheim-express.eu\/de\/wp-json\/wp\/v2\/comments?post=16603"}],"version-history":[{"count":16,"href":"https:\/\/www.manheim-express.eu\/de\/wp-json\/wp\/v2\/pages\/16603\/revisions"}],"predecessor-version":[{"id":16907,"href":"https:\/\/www.manheim-express.eu\/de\/wp-json\/wp\/v2\/pages\/16603\/revisions\/16907"}],"up":[{"embeddable":true,"href":"https:\/\/www.manheim-express.eu\/de\/wp-json\/wp\/v2\/pages\/11571"}],"wp:attachment":[{"href":"https:\/\/www.manheim-express.eu\/de\/wp-json\/wp\/v2\/media?parent=16603"}],"wp:term":[{"taxonomy":"wf_page_folders","embeddable":true,"href":"https:\/\/www.manheim-express.eu\/de\/wp-json\/wp\/v2\/wf_page_folders?post=16603"}],"curies":[{"name":"wp","href":"https:\/\/api.w.org\/{rel}","templated":true}]}}