{"id":16598,"date":"2024-01-15T16:49:58","date_gmt":"2024-01-15T16:49:58","guid":{"rendered":"https:\/\/www.manheim-express.eu\/?page_id=16598"},"modified":"2024-10-10T09:21:12","modified_gmt":"2024-10-10T08:21:12","slug":"auto-versteigerung-stuttgart-manheim-express","status":"publish","type":"page","link":"https:\/\/www.manheim-express.eu\/de\/glossar\/auto-versteigerung-stuttgart-manheim-express\/","title":{"rendered":"Auto Versteigerung Stuttgart"},"content":{"rendered":"\t\t<div data-elementor-type=\"wp-page\" data-elementor-id=\"16598\" class=\"elementor elementor-16598\" data-elementor-post-type=\"page\">\n\t\t\t\t\t\t<section class=\"elementor-section elementor-top-section elementor-element elementor-element-5ad223c elementor-section-full_width elementor-section-stretched elementor-section-height-default elementor-section-height-default\" data-id=\"5ad223c\" data-element_type=\"section\" data-settings=\"{&quot;stretch_section&quot;:&quot;section-stretched&quot;}\">\n\t\t\t\t\t\t<div class=\"elementor-container elementor-column-gap-default\">\n\t\t\t\t\t<div class=\"elementor-column elementor-col-50 elementor-top-column elementor-element elementor-element-d3b519c\" data-id=\"d3b519c\" data-element_type=\"column\" data-settings=\"{&quot;background_background&quot;:&quot;classic&quot;}\">\n\t\t\t<div class=\"elementor-widget-wrap elementor-element-populated\">\n\t\t\t\t\t\t<div class=\"elementor-element elementor-element-036dc3a elementor-widget elementor-widget-text-editor\" data-id=\"036dc3a\" data-element_type=\"widget\" data-widget_type=\"text-editor.default\">\n\t\t\t\t<div class=\"elementor-widget-container\">\n\t\t\t\t\t\t\t\t\t<h2>Auf der Suche nach einer Auto Versteigerung in Stuttgart?<\/h2>\t\t\t\t\t\t\t\t<\/div>\n\t\t\t\t<\/div>\n\t\t\t\t<div class=\"elementor-element elementor-element-21c3353 elementor-widget elementor-widget-text-editor\" data-id=\"21c3353\" data-element_type=\"widget\" data-widget_type=\"text-editor.default\">\n\t\t\t\t<div class=\"elementor-widget-container\">\n\t\t\t\t\t\t\t\t\t<h3 class=\"\">Manheim Express hilft Ihnen weiter und bietet H\u00e4ndlern interessante Alternativen<\/h3>\t\t\t\t\t\t\t\t<\/div>\n\t\t\t\t<\/div>\n\t\t\t\t<div class=\"elementor-element elementor-element-c37119d elementor-widget elementor-widget-text-editor\" data-id=\"c37119d\" data-element_type=\"widget\" data-widget_type=\"text-editor.default\">\n\t\t\t\t<div class=\"elementor-widget-container\">\n\t\t\t\t\t\t\t\t\t<p>Bei der Suche nach einer Auto Versteigerung im Stadtgebiet von Stuttgart zeigt sich bald, dass die Auswahl an Auktionen begrenzt ist. Oft sind H\u00e4ndler oder Privatk\u00e4ufer gezwungen, das Stadtgebiet zu verlassen, um an einer Live-Auktion teilzunehmen. InStuttgartwie in vielen anderen Regionen Deutschlands macht sich damit die Verlagerung des gewerblichen Autohandels ins Internet bemerkbar.\u00a0<strong>Manheim Express<\/strong>\u00a0zeigt Ihnen, wo Sie in Stuttgart und Umgebung noch die M\u00f6glichkeit haben, an einer Auto Auktion vor Ort teilzunehmen und welche Alternativen es gibt.<\/p>\t\t\t\t\t\t\t\t<\/div>\n\t\t\t\t<\/div>\n\t\t\t\t<div class=\"elementor-element elementor-element-76774e4 elementor-widget elementor-widget-button\" data-id=\"76774e4\" data-element_type=\"widget\" data-widget_type=\"button.default\">\n\t\t\t\t<div class=\"elementor-widget-container\">\n\t\t\t\t\t\t\t\t\t<div class=\"elementor-button-wrapper\">\n\t\t\t\t\t<a class=\"elementor-button elementor-button-link elementor-size-lg\" href=\"#\">\n\t\t\t\t\t\t<span class=\"elementor-button-content-wrapper\">\n\t\t\t\t\t\t\t\t\t<span class=\"elementor-button-text\">Mehr Infos finden Sie hier<\/span>\n\t\t\t\t\t<\/span>\n\t\t\t\t\t<\/a>\n\t\t\t\t<\/div>\n\t\t\t\t\t\t\t\t<\/div>\n\t\t\t\t<\/div>\n\t\t\t\t<div class=\"elementor-element elementor-element-93513c7 elementor-widget elementor-widget-image\" data-id=\"93513c7\" data-element_type=\"widget\" data-widget_type=\"image.default\">\n\t\t\t\t<div class=\"elementor-widget-container\">\n\t\t\t\t\t\t\t\t\t\t\t\t\t\t\t<img fetchpriority=\"high\" decoding=\"async\" width=\"800\" height=\"389\" src=\"https:\/\/www.manheim-express.eu\/wp-content\/uploads\/2022\/11\/Manheim-Express-Estate-car.png\" class=\"attachment-large size-large wp-image-14639\" alt=\"\" srcset=\"https:\/\/www.manheim-express.eu\/wp-content\/uploads\/2022\/11\/Manheim-Express-Estate-car.png 1024w, https:\/\/www.manheim-express.eu\/wp-content\/uploads\/2022\/11\/Manheim-Express-Estate-car-300x146.png 300w, https:\/\/www.manheim-express.eu\/wp-content\/uploads\/2022\/11\/Manheim-Express-Estate-car-768x374.png 768w\" sizes=\"(max-width: 800px) 100vw, 800px\" \/>\t\t\t\t\t\t\t\t\t\t\t\t\t\t\t<\/div>\n\t\t\t\t<\/div>\n\t\t\t\t\t<\/div>\n\t\t<\/div>\n\t\t\t\t<div class=\"elementor-column elementor-col-50 elementor-top-column elementor-element elementor-element-213236b\" data-id=\"213236b\" data-element_type=\"column\" data-settings=\"{&quot;background_background&quot;:&quot;classic&quot;}\">\n\t\t\t<div class=\"elementor-widget-wrap elementor-element-populated\">\n\t\t\t\t\t\t<div class=\"elementor-element elementor-element-e50b614 elementor-widget elementor-widget-text-editor\" data-id=\"e50b614\" data-element_type=\"widget\" data-widget_type=\"text-editor.default\">\n\t\t\t\t<div class=\"elementor-widget-container\">\n\t\t\t\t\t\t\t\t\t<h2 class=\"\">Auto Versteigerung Stuttgart \u2013 ein \u00dcberblick<\/h2>\t\t\t\t\t\t\t\t<\/div>\n\t\t\t\t<\/div>\n\t\t\t\t<div class=\"elementor-element elementor-element-8d896a4 elementor-widget elementor-widget-text-editor\" data-id=\"8d896a4\" data-element_type=\"widget\" data-widget_type=\"text-editor.default\">\n\t\t\t\t<div class=\"elementor-widget-container\">\n\t\t\t\t\t\t\t\t\t<p>Die baden-w\u00fcrttembergische Landeshauptstadt blickt in Sachen Automobilbau und Fahrzeugentwicklung auf eine lange und erfolgreiche Tradition zur\u00fcck. Noch heute ist Stuttgart die Heimat der weltweit agierenden Konzerne Porsche und Daimler AG. Zahlreiche Autoh\u00e4ndler f\u00fcr Neu- und Gebrauchtwagen sind in der Stadt und im Umland ans\u00e4ssig. Begibt man sich auf die Suche nach einer\u00a0<strong>Auto Versteigerung in Stuttgart<\/strong>\u00a0st\u00f6\u00dft man auch hier auf die Marke Autobid, die in Stuttgart, wie in einer Reihe weiterer Gro\u00dfstadtregionen, ein Auktionszentrum betreibt. Hier finden mehrmals j\u00e4hrlich Auktionen f\u00fcr gewerbliche K\u00e4ufer statt. Bereits f\u00fcr den n\u00e4chsten gr\u00f6\u00dferen Anbieter von gewerblichen Auto Auktionen muss der interessierte H\u00e4ndler allerdings die Stadt verlassen. 90 Kilometer \u00f6stlich von Stuttgart in Heidenheim liegt das Auktionszentrum von BCA, das ebenfalls regelm\u00e4\u00dfig Auktionen durchf\u00fchrt. Etwa 60 Kilometer n\u00f6rdlich von Stuttgart befindet sich das Auktionszentrum von Auto &amp; Markt in Heilbronn. Das Auktionshaus f\u00fchrt ebenfalls Gebrauchtwagen-Auktionen f\u00fcr H\u00e4ndler durch. Schwierig wird die Suche, wenn man nach anderen M\u00f6glichkeiten f\u00fcr eine\u00a0<strong>Auto Versteigerung \u00a0in Stuttgart<\/strong>\u00a0Ausschau h\u00e4lt. Die Landeshauptstadt bietet hier wenig Alternativen, insbesondere private Interessenten an Autoversteigerungen haben in Stuttgart wenig Auswahl. Fazit: F\u00fcr H\u00e4ndler als auch Privatk\u00e4ufer ist die baden-w\u00fcrttembergische Landeshauptstadt in Sachen Auto Auktionen nicht sonderlich lukrativ. Lediglich ein gr\u00f6\u00dferer Anbieter f\u00fchrt Auto Versteigerungen direkt im Stadtgebiet durch, andere Gelegenheiten sind mit relativ weiten Anfahrten verbunden.<\/p>\t\t\t\t\t\t\t\t<\/div>\n\t\t\t\t<\/div>\n\t\t\t\t<div class=\"elementor-element elementor-element-e9c050a elementor-widget elementor-widget-text-editor\" data-id=\"e9c050a\" data-element_type=\"widget\" data-widget_type=\"text-editor.default\">\n\t\t\t\t<div class=\"elementor-widget-container\">\n\t\t\t\t\t\t\t\t\t<h2 class=\"\">Welche Alternativen zur Auto Versteigerung in Stuttgart gibt es?<\/h2>\t\t\t\t\t\t\t\t<\/div>\n\t\t\t\t<\/div>\n\t\t\t\t<div class=\"elementor-element elementor-element-572a03f elementor-widget elementor-widget-text-editor\" data-id=\"572a03f\" data-element_type=\"widget\" data-widget_type=\"text-editor.default\">\n\t\t\t\t<div class=\"elementor-widget-container\">\n\t\t\t\t\t\t\t\t\t<p>Bei der Suche nach Auto Auktionen st\u00f6\u00dft man in Stuttgart schnell an Grenzen. In Stuttgart wie auch in anderen Gegenden in Bayern und Baden-W\u00fcrttemberg wird ein Nord-S\u00fcd-Gef\u00e4lle in Sachen&nbsp;<strong>Auto Versteigerung<\/strong>&nbsp;in Deutschland deutlich. H\u00e4ndler und insbesondere Privatpersonen m\u00fcssen in diesen Gegenden immer wieder l\u00e4ngere Fahrten auf sich nehmen, um an einer&nbsp;<strong>Auto Versteigerung im Umland von Stuttgart&nbsp;<\/strong>teilnehmen zu k\u00f6nnen. Auch mit l\u00e4ngeren Wartezeiten zwischen den Auktionen im Stadtgebiet von Stuttgart ist zu rechnen. F\u00fcr Privatk\u00e4ufer, die Wert auf den Event-Charakter der Live-Versteigerung legen, mag ein solcher Aufwand noch gerechtfertigt sein; f\u00fcr die meisten H\u00e4ndler sind die langen Anfahrtszeiten und die Unsicherheit, ob die Auto Versteigerung tats\u00e4chlich erfolgreich ist, Gr\u00fcnde, warum immer h\u00e4ufiger auf die Teilnahme vor Ort verzichtet wird. Stattdessen nutzen immer mehr H\u00e4ndler die komfortablen Optionen, die sich durch die Teilnahme an einer Auto Versteigerung im Internet bieten. Gerade in Regionen wie Stuttgart oder anderen Gegenden, die keine oder nur wenige lokalen Auktionen in der N\u00e4he anbieten, werden die Vorteile der Online-Auktion evident. Im Internet lassen sich zu jeder Zeit Fahrzeuge aus einem riesigen Pool suchen und kaufen \u2013 mit wenigen Klicks und minimalem Zeitaufwand. Moderne Auktionsportale wie&nbsp;<strong>Manheim Express<\/strong>&nbsp;bieten Ihren Kunden eine enorme Auswahl an Fahrzeugen und Gesch\u00e4fts- und Serviceangebote nach Ma\u00df, die zudem flexibel an die unterschiedlichsten Gesch\u00e4ftsmodelle anpassbar sind.<\/p>\t\t\t\t\t\t\t\t<\/div>\n\t\t\t\t<\/div>\n\t\t\t\t\t<\/div>\n\t\t<\/div>\n\t\t\t\t\t<\/div>\n\t\t<\/section>\n\t\t\t\t<\/div>\n\t\t","protected":false},"excerpt":{"rendered":"<p>Auf der Suche nach einer Auto Versteigerung in Stuttgart? Manheim Express hilft Ihnen weiter und bietet H\u00e4ndlern interessante Alternativen Bei der Suche nach einer Auto Versteigerung im Stadtgebiet von Stuttgart zeigt sich bald, dass die Auswahl an Auktionen begrenzt ist. Oft sind H\u00e4ndler oder Privatk\u00e4ufer gezwungen, das Stadtgebiet zu verlassen, um an einer Live-Auktion teilzunehmen. [&hellip;]<\/p>\n","protected":false},"author":12,"featured_media":0,"parent":11571,"menu_order":0,"comment_status":"closed","ping_status":"closed","template":"","meta":{"_acf_changed":false,"footnotes":""},"wf_page_folders":[156],"class_list":["post-16598","page","type-page","status-publish","hentry"],"acf":[],"yoast_head":"<!-- This site is optimized with the Yoast SEO plugin v25.8 - https:\/\/yoast.com\/wordpress\/plugins\/seo\/ -->\n<title>Auto Versteigerung Stuttgart - Manheim Express die neue Auktionsplattform f\u00fcr den KFZ Handel<\/title>\n<meta name=\"description\" content=\"Sie sind auf der Suche nach einer Auto Versteigerung in Stuttgart? Manheim Express hilft Ihnen weiter und bietet H\u00e4ndlern interessante Alternativen.\" \/>\n<meta name=\"robots\" content=\"index, follow, max-snippet:-1, max-image-preview:large, max-video-preview:-1\" \/>\n<link rel=\"canonical\" href=\"https:\/\/www.manheim-express.eu\/de\/glossar\/auto-versteigerung-stuttgart-manheim-express\/\" \/>\n<meta property=\"og:locale\" content=\"de_DE\" \/>\n<meta property=\"og:type\" content=\"article\" \/>\n<meta property=\"og:title\" content=\"Auto Versteigerung Stuttgart - Manheim Express die neue Auktionsplattform f\u00fcr den KFZ Handel\" \/>\n<meta property=\"og:description\" content=\"Sie sind auf der Suche nach einer Auto Versteigerung in Stuttgart? Manheim Express hilft Ihnen weiter und bietet H\u00e4ndlern interessante Alternativen.\" \/>\n<meta property=\"og:url\" content=\"https:\/\/www.manheim-express.eu\/de\/glossar\/auto-versteigerung-stuttgart-manheim-express\/\" \/>\n<meta property=\"og:site_name\" content=\"Manheim Express\" \/>\n<meta property=\"article:publisher\" content=\"https:\/\/www.facebook.com\/manheimexpresseurope\/\" \/>\n<meta property=\"article:modified_time\" content=\"2024-10-10T08:21:12+00:00\" \/>\n<meta property=\"og:image\" content=\"https:\/\/www.manheim-express.eu\/wp-content\/uploads\/2022\/11\/Manheim-Express-Estate-car.png\" \/>\n<meta name=\"twitter:card\" content=\"summary_large_image\" \/>\n<meta name=\"twitter:label1\" content=\"Gesch\u00e4tzte Lesezeit\" \/>\n\t<meta name=\"twitter:data1\" content=\"3\u00a0Minuten\" \/>\n<script type=\"application\/ld+json\" class=\"yoast-schema-graph\">{\"@context\":\"https:\/\/schema.org\",\"@graph\":[{\"@type\":\"WebPage\",\"@id\":\"https:\/\/www.manheim-express.eu\/de\/glossar\/auto-versteigerung-stuttgart-manheim-express\/\",\"url\":\"https:\/\/www.manheim-express.eu\/de\/glossar\/auto-versteigerung-stuttgart-manheim-express\/\",\"name\":\"Auto Versteigerung Stuttgart - Manheim Express die neue Auktionsplattform f\u00fcr den KFZ Handel\",\"isPartOf\":{\"@id\":\"https:\/\/www.manheim-express.eu\/de\/#website\"},\"primaryImageOfPage\":{\"@id\":\"https:\/\/www.manheim-express.eu\/de\/glossar\/auto-versteigerung-stuttgart-manheim-express\/#primaryimage\"},\"image\":{\"@id\":\"https:\/\/www.manheim-express.eu\/de\/glossar\/auto-versteigerung-stuttgart-manheim-express\/#primaryimage\"},\"thumbnailUrl\":\"https:\/\/www.manheim-express.eu\/wp-content\/uploads\/2022\/11\/Manheim-Express-Estate-car.png\",\"datePublished\":\"2024-01-15T16:49:58+00:00\",\"dateModified\":\"2024-10-10T08:21:12+00:00\",\"description\":\"Sie sind auf der Suche nach einer Auto Versteigerung in Stuttgart? Manheim Express hilft Ihnen weiter und bietet H\u00e4ndlern interessante Alternativen.\",\"breadcrumb\":{\"@id\":\"https:\/\/www.manheim-express.eu\/de\/glossar\/auto-versteigerung-stuttgart-manheim-express\/#breadcrumb\"},\"inLanguage\":\"de\",\"potentialAction\":[{\"@type\":\"ReadAction\",\"target\":[\"https:\/\/www.manheim-express.eu\/de\/glossar\/auto-versteigerung-stuttgart-manheim-express\/\"]}]},{\"@type\":\"ImageObject\",\"inLanguage\":\"de\",\"@id\":\"https:\/\/www.manheim-express.eu\/de\/glossar\/auto-versteigerung-stuttgart-manheim-express\/#primaryimage\",\"url\":\"https:\/\/www.manheim-express.eu\/wp-content\/uploads\/2022\/11\/Manheim-Express-Estate-car.png\",\"contentUrl\":\"https:\/\/www.manheim-express.eu\/wp-content\/uploads\/2022\/11\/Manheim-Express-Estate-car.png\"},{\"@type\":\"BreadcrumbList\",\"@id\":\"https:\/\/www.manheim-express.eu\/de\/glossar\/auto-versteigerung-stuttgart-manheim-express\/#breadcrumb\",\"itemListElement\":[{\"@type\":\"ListItem\",\"position\":1,\"name\":\"Home\",\"item\":\"https:\/\/www.manheim-express.eu\/de\/\"},{\"@type\":\"ListItem\",\"position\":2,\"name\":\"Glossar\",\"item\":\"https:\/\/www.manheim-express.eu\/de\/glossar\/\"},{\"@type\":\"ListItem\",\"position\":3,\"name\":\"Auto Versteigerung Stuttgart\"}]},{\"@type\":\"WebSite\",\"@id\":\"https:\/\/www.manheim-express.eu\/de\/#website\",\"url\":\"https:\/\/www.manheim-express.eu\/de\/\",\"name\":\"Manheim Express\",\"description\":\"\",\"publisher\":{\"@id\":\"https:\/\/www.manheim-express.eu\/de\/#organization\"},\"potentialAction\":[{\"@type\":\"SearchAction\",\"target\":{\"@type\":\"EntryPoint\",\"urlTemplate\":\"https:\/\/www.manheim-express.eu\/de\/?s={search_term_string}\"},\"query-input\":{\"@type\":\"PropertyValueSpecification\",\"valueRequired\":true,\"valueName\":\"search_term_string\"}}],\"inLanguage\":\"de\"},{\"@type\":\"Organization\",\"@id\":\"https:\/\/www.manheim-express.eu\/de\/#organization\",\"name\":\"Manheim Express\",\"url\":\"https:\/\/www.manheim-express.eu\/de\/\",\"logo\":{\"@type\":\"ImageObject\",\"inLanguage\":\"de\",\"@id\":\"https:\/\/www.manheim-express.eu\/de\/#\/schema\/logo\/image\/\",\"url\":\"https:\/\/www.manheim-express.eu\/wp-content\/uploads\/2021\/07\/manheim-express-logo-light.png\",\"contentUrl\":\"https:\/\/www.manheim-express.eu\/wp-content\/uploads\/2021\/07\/manheim-express-logo-light.png\",\"width\":1163,\"height\":392,\"caption\":\"Manheim Express\"},\"image\":{\"@id\":\"https:\/\/www.manheim-express.eu\/de\/#\/schema\/logo\/image\/\"},\"sameAs\":[\"https:\/\/www.facebook.com\/manheimexpresseurope\/\",\"https:\/\/www.instagram.com\/manheim.express\",\"https:\/\/www.linkedin.com\/company\/manheim-express\/\",\"https:\/\/www.youtube.com\/channel\/UCRKJajJPvJv-ao7Tk7qra5Q\/\"]}]}<\/script>\n<!-- \/ Yoast SEO plugin. -->","yoast_head_json":{"title":"Auto Versteigerung Stuttgart - Manheim Express die neue Auktionsplattform f\u00fcr den KFZ Handel","description":"Sie sind auf der Suche nach einer Auto Versteigerung in Stuttgart? Manheim Express hilft Ihnen weiter und bietet H\u00e4ndlern interessante Alternativen.","robots":{"index":"index","follow":"follow","max-snippet":"max-snippet:-1","max-image-preview":"max-image-preview:large","max-video-preview":"max-video-preview:-1"},"canonical":"https:\/\/www.manheim-express.eu\/de\/glossar\/auto-versteigerung-stuttgart-manheim-express\/","og_locale":"de_DE","og_type":"article","og_title":"Auto Versteigerung Stuttgart - Manheim Express die neue Auktionsplattform f\u00fcr den KFZ Handel","og_description":"Sie sind auf der Suche nach einer Auto Versteigerung in Stuttgart? Manheim Express hilft Ihnen weiter und bietet H\u00e4ndlern interessante Alternativen.","og_url":"https:\/\/www.manheim-express.eu\/de\/glossar\/auto-versteigerung-stuttgart-manheim-express\/","og_site_name":"Manheim Express","article_publisher":"https:\/\/www.facebook.com\/manheimexpresseurope\/","article_modified_time":"2024-10-10T08:21:12+00:00","og_image":[{"url":"https:\/\/www.manheim-express.eu\/wp-content\/uploads\/2022\/11\/Manheim-Express-Estate-car.png","type":"","width":"","height":""}],"twitter_card":"summary_large_image","twitter_misc":{"Gesch\u00e4tzte Lesezeit":"3\u00a0Minuten"},"schema":{"@context":"https:\/\/schema.org","@graph":[{"@type":"WebPage","@id":"https:\/\/www.manheim-express.eu\/de\/glossar\/auto-versteigerung-stuttgart-manheim-express\/","url":"https:\/\/www.manheim-express.eu\/de\/glossar\/auto-versteigerung-stuttgart-manheim-express\/","name":"Auto Versteigerung Stuttgart - Manheim Express die neue Auktionsplattform f\u00fcr den KFZ Handel","isPartOf":{"@id":"https:\/\/www.manheim-express.eu\/de\/#website"},"primaryImageOfPage":{"@id":"https:\/\/www.manheim-express.eu\/de\/glossar\/auto-versteigerung-stuttgart-manheim-express\/#primaryimage"},"image":{"@id":"https:\/\/www.manheim-express.eu\/de\/glossar\/auto-versteigerung-stuttgart-manheim-express\/#primaryimage"},"thumbnailUrl":"https:\/\/www.manheim-express.eu\/wp-content\/uploads\/2022\/11\/Manheim-Express-Estate-car.png","datePublished":"2024-01-15T16:49:58+00:00","dateModified":"2024-10-10T08:21:12+00:00","description":"Sie sind auf der Suche nach einer Auto Versteigerung in Stuttgart? Manheim Express hilft Ihnen weiter und bietet H\u00e4ndlern interessante Alternativen.","breadcrumb":{"@id":"https:\/\/www.manheim-express.eu\/de\/glossar\/auto-versteigerung-stuttgart-manheim-express\/#breadcrumb"},"inLanguage":"de","potentialAction":[{"@type":"ReadAction","target":["https:\/\/www.manheim-express.eu\/de\/glossar\/auto-versteigerung-stuttgart-manheim-express\/"]}]},{"@type":"ImageObject","inLanguage":"de","@id":"https:\/\/www.manheim-express.eu\/de\/glossar\/auto-versteigerung-stuttgart-manheim-express\/#primaryimage","url":"https:\/\/www.manheim-express.eu\/wp-content\/uploads\/2022\/11\/Manheim-Express-Estate-car.png","contentUrl":"https:\/\/www.manheim-express.eu\/wp-content\/uploads\/2022\/11\/Manheim-Express-Estate-car.png"},{"@type":"BreadcrumbList","@id":"https:\/\/www.manheim-express.eu\/de\/glossar\/auto-versteigerung-stuttgart-manheim-express\/#breadcrumb","itemListElement":[{"@type":"ListItem","position":1,"name":"Home","item":"https:\/\/www.manheim-express.eu\/de\/"},{"@type":"ListItem","position":2,"name":"Glossar","item":"https:\/\/www.manheim-express.eu\/de\/glossar\/"},{"@type":"ListItem","position":3,"name":"Auto Versteigerung Stuttgart"}]},{"@type":"WebSite","@id":"https:\/\/www.manheim-express.eu\/de\/#website","url":"https:\/\/www.manheim-express.eu\/de\/","name":"Manheim Express","description":"","publisher":{"@id":"https:\/\/www.manheim-express.eu\/de\/#organization"},"potentialAction":[{"@type":"SearchAction","target":{"@type":"EntryPoint","urlTemplate":"https:\/\/www.manheim-express.eu\/de\/?s={search_term_string}"},"query-input":{"@type":"PropertyValueSpecification","valueRequired":true,"valueName":"search_term_string"}}],"inLanguage":"de"},{"@type":"Organization","@id":"https:\/\/www.manheim-express.eu\/de\/#organization","name":"Manheim Express","url":"https:\/\/www.manheim-express.eu\/de\/","logo":{"@type":"ImageObject","inLanguage":"de","@id":"https:\/\/www.manheim-express.eu\/de\/#\/schema\/logo\/image\/","url":"https:\/\/www.manheim-express.eu\/wp-content\/uploads\/2021\/07\/manheim-express-logo-light.png","contentUrl":"https:\/\/www.manheim-express.eu\/wp-content\/uploads\/2021\/07\/manheim-express-logo-light.png","width":1163,"height":392,"caption":"Manheim Express"},"image":{"@id":"https:\/\/www.manheim-express.eu\/de\/#\/schema\/logo\/image\/"},"sameAs":["https:\/\/www.facebook.com\/manheimexpresseurope\/","https:\/\/www.instagram.com\/manheim.express","https:\/\/www.linkedin.com\/company\/manheim-express\/","https:\/\/www.youtube.com\/channel\/UCRKJajJPvJv-ao7Tk7qra5Q\/"]}]}},"_links":{"self":[{"href":"https:\/\/www.manheim-express.eu\/de\/wp-json\/wp\/v2\/pages\/16598","targetHints":{"allow":["GET"]}}],"collection":[{"href":"https:\/\/www.manheim-express.eu\/de\/wp-json\/wp\/v2\/pages"}],"about":[{"href":"https:\/\/www.manheim-express.eu\/de\/wp-json\/wp\/v2\/types\/page"}],"author":[{"embeddable":true,"href":"https:\/\/www.manheim-express.eu\/de\/wp-json\/wp\/v2\/users\/12"}],"replies":[{"embeddable":true,"href":"https:\/\/www.manheim-express.eu\/de\/wp-json\/wp\/v2\/comments?post=16598"}],"version-history":[{"count":7,"href":"https:\/\/www.manheim-express.eu\/de\/wp-json\/wp\/v2\/pages\/16598\/revisions"}],"predecessor-version":[{"id":16732,"href":"https:\/\/www.manheim-express.eu\/de\/wp-json\/wp\/v2\/pages\/16598\/revisions\/16732"}],"up":[{"embeddable":true,"href":"https:\/\/www.manheim-express.eu\/de\/wp-json\/wp\/v2\/pages\/11571"}],"wp:attachment":[{"href":"https:\/\/www.manheim-express.eu\/de\/wp-json\/wp\/v2\/media?parent=16598"}],"wp:term":[{"taxonomy":"wf_page_folders","embeddable":true,"href":"https:\/\/www.manheim-express.eu\/de\/wp-json\/wp\/v2\/wf_page_folders?post=16598"}],"curies":[{"name":"wp","href":"https:\/\/api.w.org\/{rel}","templated":true}]}}