{"id":16590,"date":"2024-01-15T16:48:28","date_gmt":"2024-01-15T16:48:28","guid":{"rendered":"https:\/\/www.manheim-express.eu\/?page_id=16590"},"modified":"2024-01-15T16:48:30","modified_gmt":"2024-01-15T16:48:30","slug":"standtage-und-standkosten-berechnen","status":"publish","type":"page","link":"https:\/\/www.manheim-express.eu\/de\/glossar\/standtage-und-standkosten-berechnen\/","title":{"rendered":"Standtage und Standkosten berechnen"},"content":{"rendered":"\t\t<div data-elementor-type=\"wp-page\" data-elementor-id=\"16590\" class=\"elementor elementor-16590\" data-elementor-post-type=\"page\">\n\t\t\t\t\t\t<section class=\"elementor-section elementor-top-section elementor-element elementor-element-5ad223c elementor-section-full_width elementor-section-stretched elementor-section-height-default elementor-section-height-default\" data-id=\"5ad223c\" data-element_type=\"section\" data-settings=\"{&quot;stretch_section&quot;:&quot;section-stretched&quot;}\">\n\t\t\t\t\t\t<div class=\"elementor-container elementor-column-gap-default\">\n\t\t\t\t\t<div class=\"elementor-column elementor-col-50 elementor-top-column elementor-element elementor-element-d3b519c\" data-id=\"d3b519c\" data-element_type=\"column\" data-settings=\"{&quot;background_background&quot;:&quot;classic&quot;}\">\n\t\t\t<div class=\"elementor-widget-wrap elementor-element-populated\">\n\t\t\t\t\t\t<div class=\"elementor-element elementor-element-036dc3a elementor-widget elementor-widget-text-editor\" data-id=\"036dc3a\" data-element_type=\"widget\" data-widget_type=\"text-editor.default\">\n\t\t\t\t<div class=\"elementor-widget-container\">\n\t\t\t\t\t\t\t\t\t<h2>Sie wollen die Standtage und Standkosten Ihrer Gebrauchtwagen reduzieren?<\/h2>\t\t\t\t\t\t\t\t<\/div>\n\t\t\t\t<\/div>\n\t\t\t\t<div class=\"elementor-element elementor-element-21c3353 elementor-widget elementor-widget-text-editor\" data-id=\"21c3353\" data-element_type=\"widget\" data-widget_type=\"text-editor.default\">\n\t\t\t\t<div class=\"elementor-widget-container\">\n\t\t\t\t\t\t\t\t\t<h3 class=\"\">Erschlie\u00dfen Sie sich mit Manheim Express neue Verkaufskan\u00e4le!<\/h3>\t\t\t\t\t\t\t\t<\/div>\n\t\t\t\t<\/div>\n\t\t\t\t<div class=\"elementor-element elementor-element-c37119d elementor-widget elementor-widget-text-editor\" data-id=\"c37119d\" data-element_type=\"widget\" data-widget_type=\"text-editor.default\">\n\t\t\t\t<div class=\"elementor-widget-container\">\n\t\t\t\t\t\t\t\t\t<p><strong>Standtage\u00a0<\/strong><strong>und Standkosten zu berechnen<\/strong>\u00a0ist ein Dauerthema f\u00fcr viele Gebrauchtwagenh\u00e4ndler. Allerdings haben sich viele Tools und Strategien im klassischen Handel zum\u00a0<strong>Berechnen\u00a0<\/strong><strong>und Reduzieren\u00a0<\/strong><strong>der Standtage\u00a0<\/strong>als nicht sonderlich effektiv erwiesen. Neue Vermarktungsstrategien im Online-Handel stellen f\u00fcr H\u00e4ndler eine ausgezeichnete L\u00f6sung dar. Erfahren Sie hier mehr zum Thema und sehen Sie sich an, wie Sie die Standtage und Standkosten Ihrer Fahrzeuge mit den Tools von\u00a0<span style=\"font-weight: bolder;\">Manheim Express<\/span>\u00a0reduzieren k\u00f6nnen.<\/p>\t\t\t\t\t\t\t\t<\/div>\n\t\t\t\t<\/div>\n\t\t\t\t<div class=\"elementor-element elementor-element-76774e4 elementor-widget elementor-widget-button\" data-id=\"76774e4\" data-element_type=\"widget\" data-widget_type=\"button.default\">\n\t\t\t\t<div class=\"elementor-widget-container\">\n\t\t\t\t\t\t\t\t\t<div class=\"elementor-button-wrapper\">\n\t\t\t\t\t<a class=\"elementor-button elementor-button-link elementor-size-lg\" href=\"#\">\n\t\t\t\t\t\t<span class=\"elementor-button-content-wrapper\">\n\t\t\t\t\t\t\t\t\t<span class=\"elementor-button-text\">Mehr Infos finden Sie hier<\/span>\n\t\t\t\t\t<\/span>\n\t\t\t\t\t<\/a>\n\t\t\t\t<\/div>\n\t\t\t\t\t\t\t\t<\/div>\n\t\t\t\t<\/div>\n\t\t\t\t<div class=\"elementor-element elementor-element-93513c7 elementor-widget elementor-widget-image\" data-id=\"93513c7\" data-element_type=\"widget\" data-widget_type=\"image.default\">\n\t\t\t\t<div class=\"elementor-widget-container\">\n\t\t\t\t\t\t\t\t\t\t\t\t\t\t\t<img fetchpriority=\"high\" decoding=\"async\" width=\"800\" height=\"389\" src=\"https:\/\/www.manheim-express.eu\/wp-content\/uploads\/2022\/11\/Manheim-Express-Estate-car.png\" class=\"attachment-large size-large wp-image-14639\" alt=\"\" srcset=\"https:\/\/www.manheim-express.eu\/wp-content\/uploads\/2022\/11\/Manheim-Express-Estate-car.png 1024w, https:\/\/www.manheim-express.eu\/wp-content\/uploads\/2022\/11\/Manheim-Express-Estate-car-300x146.png 300w, https:\/\/www.manheim-express.eu\/wp-content\/uploads\/2022\/11\/Manheim-Express-Estate-car-768x374.png 768w\" sizes=\"(max-width: 800px) 100vw, 800px\" \/>\t\t\t\t\t\t\t\t\t\t\t\t\t\t\t<\/div>\n\t\t\t\t<\/div>\n\t\t\t\t\t<\/div>\n\t\t<\/div>\n\t\t\t\t<div class=\"elementor-column elementor-col-50 elementor-top-column elementor-element elementor-element-213236b\" data-id=\"213236b\" data-element_type=\"column\" data-settings=\"{&quot;background_background&quot;:&quot;classic&quot;}\">\n\t\t\t<div class=\"elementor-widget-wrap elementor-element-populated\">\n\t\t\t\t\t\t<div class=\"elementor-element elementor-element-e50b614 elementor-widget elementor-widget-text-editor\" data-id=\"e50b614\" data-element_type=\"widget\" data-widget_type=\"text-editor.default\">\n\t\t\t\t<div class=\"elementor-widget-container\">\n\t\t\t\t\t\t\t\t\t<h2 class=\"\">Standtage von Gebrauchtwagen als Kostenfaktor<\/h2>\t\t\t\t\t\t\t\t<\/div>\n\t\t\t\t<\/div>\n\t\t\t\t<div class=\"elementor-element elementor-element-8d896a4 elementor-widget elementor-widget-text-editor\" data-id=\"8d896a4\" data-element_type=\"widget\" data-widget_type=\"text-editor.default\">\n\t\t\t\t<div class=\"elementor-widget-container\">\n\t\t\t\t\t\t\t\t\t<p>Jeder H\u00e4ndler kennt das Problem der\u00a0<strong>erh\u00f6hten Standtage\u00a0<\/strong><strong>und Standkosten<\/strong>: denn im Handel geht es letztlich darum, gut zu rechnen und seine Gebrauchtwagen m\u00f6glichst zeitnah an den Mann oder die Frau zu bringen. \u00dcber 90 Tage stehen Gebrauchtwagen im Durchschnitt beim H\u00e4ndler \u2013 die individuellen Standzeiten der Wagen unterscheiden sich allerdings oft deutlich voneinander. W\u00e4hrend sich manche Fahrzeuge innerhalb weniger Tage mit gutem Gewinn weiterverkaufen lassen, stehen andere viel zu lange auf dem Hof und finden erst sp\u00e4t und zu einem schlechten Preis einen K\u00e4ufer. Das ist nicht nur \u00e4rgerlich, sondern auch schlecht f\u00fcrs Gesch\u00e4ft: denn jeder Standtag kostet den H\u00e4ndler Geld.<\/p>\t\t\t\t\t\t\t\t<\/div>\n\t\t\t\t<\/div>\n\t\t\t\t<div class=\"elementor-element elementor-element-e9c050a elementor-widget elementor-widget-text-editor\" data-id=\"e9c050a\" data-element_type=\"widget\" data-widget_type=\"text-editor.default\">\n\t\t\t\t<div class=\"elementor-widget-container\">\n\t\t\t\t\t\t\t\t\t<h2 class=\"\">Oft wird erst beim Berechnen der Standtage und Standkosten das Problem erkannt<\/h2>\t\t\t\t\t\t\t\t<\/div>\n\t\t\t\t<\/div>\n\t\t\t\t<div class=\"elementor-element elementor-element-572a03f elementor-widget elementor-widget-text-editor\" data-id=\"572a03f\" data-element_type=\"widget\" data-widget_type=\"text-editor.default\">\n\t\t\t\t<div class=\"elementor-widget-container\">\n\t\t\t\t\t\t\t\t\t<p>Ein Fahrzeug, das unverkauft im Laden steht, bringt keinen Gewinn, sondern bindet Kapital, das erst beim Verkauf in neue Investitionen flie\u00dfen kann. Zudem werden Fahrzeuge, die eine bestimmte\u00a0<strong>Anzahl an Standtagen\u00a0<\/strong>\u00fcberschreiten, in der Regel immer weiter im Preis reduziert, bis sie einen K\u00e4ufer finden. Je l\u00e4nger ein Fahrzeug unverkauft bleibt, desto geringer wird entsprechend der Gewinn, den es einbringt. Hinzu kommt, dass durch viele Standtage Sch\u00e4den am Auto, wie Standplatten oder festgerostete Bremsen entstehen k\u00f6nnen.<\/p>\t\t\t\t\t\t\t\t<\/div>\n\t\t\t\t<\/div>\n\t\t\t\t<div class=\"elementor-element elementor-element-812f301 elementor-widget elementor-widget-text-editor\" data-id=\"812f301\" data-element_type=\"widget\" data-widget_type=\"text-editor.default\">\n\t\t\t\t<div class=\"elementor-widget-container\">\n\t\t\t\t\t\t\t\t\t<h2 class=\"\">Wie H\u00e4ndler nach dem Berechnen mit hohen Standtagen umgehen<\/h2>\t\t\t\t\t\t\t\t<\/div>\n\t\t\t\t<\/div>\n\t\t\t\t<div class=\"elementor-element elementor-element-7a1d2f8 elementor-widget elementor-widget-text-editor\" data-id=\"7a1d2f8\" data-element_type=\"widget\" data-widget_type=\"text-editor.default\">\n\t\t\t\t<div class=\"elementor-widget-container\">\n\t\t\t\t\t\t\t\t\t<p>Es versteht sich von selbst, dass jeder H\u00e4ndler versucht, die Standtage seiner Gebrauchtwagen so gering wie m\u00f6glich zu halten. Die Strategien und der Erfolg fallen allerdings oft ganz unterschiedlich aus und der Verkauf l\u00e4sst mitunter zu lange auf sich warten. Zwar lassen sich f\u00fcr manche Fahrzeugtypen l<strong>\u00e4ngere oder k\u00fcrzere Standtage\u00a0<\/strong><strong>berechnen<\/strong>, in der Verkaufspraxis kann es dann aber schon wieder anders aussehen: ein vermeintlicher Langsteher verkauft sich schneller als erwartet, der erhoffte Schnelldreher entpuppt sich als Ladenh\u00fcter.<\/p>\t\t\t\t\t\t\t\t<\/div>\n\t\t\t\t<\/div>\n\t\t\t\t<div class=\"elementor-element elementor-element-d258115 elementor-widget elementor-widget-text-editor\" data-id=\"d258115\" data-element_type=\"widget\" data-widget_type=\"text-editor.default\">\n\t\t\t\t<div class=\"elementor-widget-container\">\n\t\t\t\t\t\t\t\t\t<h2 class=\"\">Oft hohe Standtage bei Inzahlungnahmen<\/h2>\t\t\t\t\t\t\t\t<\/div>\n\t\t\t\t<\/div>\n\t\t\t\t<div class=\"elementor-element elementor-element-f8f55f3 elementor-widget elementor-widget-text-editor\" data-id=\"f8f55f3\" data-element_type=\"widget\" data-widget_type=\"text-editor.default\">\n\t\t\t\t<div class=\"elementor-widget-container\">\n\t\t\t\t\t\t\t\t\t<p>Hinzu kommen F\u00e4lle wie Inzahlungnahmen, bei denen der H\u00e4ndler immer wieder mit Fahrzeugen konfrontiert wird, die objektiv schlechte Verkaufschancen haben. Das Thema Standtage und Standkosten ist somit f\u00fcr jeden H\u00e4ndler immer wieder neu von Relevanz. Fest steht: je geringer die Anzahl der durchschnittlichen Standtage ausf\u00e4llt, desto besser wirkt sich das auf das Gesch\u00e4ft aus. Wie aber lassen sich die Standtage im Gebrauchtwagenhandel m\u00f6glichst niedrig halten? W\u00e4hrend manche H\u00e4ndler nach festen Formeln der Preisgestaltung f\u00fcr ihre Fahrzeuge arbeiten, gehen andere eher nach dem Bauchgef\u00fchl vor. Entsprechend unberechenbar sind die Resultate.<\/p>\t\t\t\t\t\t\t\t<\/div>\n\t\t\t\t<\/div>\n\t\t\t\t<div class=\"elementor-element elementor-element-1bddc78 elementor-widget elementor-widget-text-editor\" data-id=\"1bddc78\" data-element_type=\"widget\" data-widget_type=\"text-editor.default\">\n\t\t\t\t<div class=\"elementor-widget-container\">\n\t\t\t\t\t\t\t\t\t<h2 class=\"\">Schneller Abverkauf von Gebrauchtwagen mit Manheim Express<\/h2>\t\t\t\t\t\t\t\t<\/div>\n\t\t\t\t<\/div>\n\t\t\t\t<div class=\"elementor-element elementor-element-c9975bd elementor-widget elementor-widget-text-editor\" data-id=\"c9975bd\" data-element_type=\"widget\" data-widget_type=\"text-editor.default\">\n\t\t\t\t<div class=\"elementor-widget-container\">\n\t\t\t\t\t\t\t\t\t<p>Der Einzug von Online-Vermarktungssystemen hat den Gebrauchtwagenmarkt in den letzten Jahren erheblich ver\u00e4ndert. Der Autoh\u00e4ndler um die Ecke, der alleine an seinem Gesch\u00e4ftsstandort Fahrzeuge anbietet und verkauft, \u2013 es mag ihn hin und wieder noch geben, das Gesch\u00e4ft der Zukunft sieht anders aus. Der Vorteil von Online-Portalen f\u00fcr Gebrauchtwagen wie\u00a0<span style=\"font-weight: bolder;\">Manheim Express<\/span>\u00a0wird auch beim Thema<strong>\u00a0Standtage\u00a0<\/strong><strong>und Standkosten<\/strong><strong>berechnen<\/strong>\u00a0offensichtlich: durch die enorme Vergr\u00f6\u00dferung des potenziellen Kundenkreises erh\u00f6ht sich die Wahrscheinlichkeit eines schnellen und lukrativen Verkaufs erheblich. Nach der problemlosen Einstellung des Fahrzeuges wird das Fahrzeug den Interessenten pr\u00e4sentiert, die hierf\u00fcr ihre Gebote abgeben k\u00f6nnen. Der H\u00f6chstbietende erh\u00e4lt den Zuschlag oder der Interessent zahlt einen Festpreis. Der Verkauf wir anschlie\u00dfend ebenfalls schnell und problemlos abgewickelt. Endlose Standtage mit den damit verbundenen Kosten geh\u00f6ren damit der Vergangenheit an.<\/p>\t\t\t\t\t\t\t\t<\/div>\n\t\t\t\t<\/div>\n\t\t\t\t\t<\/div>\n\t\t<\/div>\n\t\t\t\t\t<\/div>\n\t\t<\/section>\n\t\t\t\t<\/div>\n\t\t","protected":false},"excerpt":{"rendered":"<p>Sie wollen die Standtage und Standkosten Ihrer Gebrauchtwagen reduzieren? Erschlie\u00dfen Sie sich mit Manheim Express neue Verkaufskan\u00e4le! Standtage\u00a0und Standkosten zu berechnen\u00a0ist ein Dauerthema f\u00fcr viele Gebrauchtwagenh\u00e4ndler. Allerdings haben sich viele Tools und Strategien im klassischen Handel zum\u00a0Berechnen\u00a0und Reduzieren\u00a0der Standtage\u00a0als nicht sonderlich effektiv erwiesen. Neue Vermarktungsstrategien im Online-Handel stellen f\u00fcr H\u00e4ndler eine ausgezeichnete L\u00f6sung dar. Erfahren [&hellip;]<\/p>\n","protected":false},"author":12,"featured_media":0,"parent":11571,"menu_order":0,"comment_status":"closed","ping_status":"closed","template":"","meta":{"_acf_changed":false,"footnotes":""},"wf_page_folders":[156],"class_list":["post-16590","page","type-page","status-publish","hentry"],"acf":[],"yoast_head":"<!-- This site is optimized with the Yoast SEO plugin v25.8 - https:\/\/yoast.com\/wordpress\/plugins\/seo\/ -->\n<title>Standtage und Standkosten berechnen - Manheim Express die neue Auktionsplattform f\u00fcr den KFZ Handel<\/title>\n<meta name=\"description\" content=\"Mit Manheim Express reduzieren H\u00e4ndler Standtage und k\u00f6nnen Standkosten effektiver berechnen!\" \/>\n<meta name=\"robots\" content=\"index, follow, max-snippet:-1, max-image-preview:large, max-video-preview:-1\" \/>\n<link rel=\"canonical\" href=\"https:\/\/www.manheim-express.eu\/de\/glossar\/standtage-und-standkosten-berechnen\/\" \/>\n<meta property=\"og:locale\" content=\"de_DE\" \/>\n<meta property=\"og:type\" content=\"article\" \/>\n<meta property=\"og:title\" content=\"Standtage und Standkosten berechnen - Manheim Express die neue Auktionsplattform f\u00fcr den KFZ Handel\" \/>\n<meta property=\"og:description\" content=\"Mit Manheim Express reduzieren H\u00e4ndler Standtage und k\u00f6nnen Standkosten effektiver berechnen!\" \/>\n<meta property=\"og:url\" content=\"https:\/\/www.manheim-express.eu\/de\/glossar\/standtage-und-standkosten-berechnen\/\" \/>\n<meta property=\"og:site_name\" content=\"Manheim Express\" \/>\n<meta property=\"article:publisher\" content=\"https:\/\/www.facebook.com\/manheimexpresseurope\/\" \/>\n<meta property=\"article:modified_time\" content=\"2024-01-15T16:48:30+00:00\" \/>\n<meta property=\"og:image\" content=\"https:\/\/www.manheim-express.eu\/wp-content\/uploads\/2022\/11\/Manheim-Express-Estate-car.png\" \/>\n<meta name=\"twitter:card\" content=\"summary_large_image\" \/>\n<meta name=\"twitter:label1\" content=\"Gesch\u00e4tzte Lesezeit\" \/>\n\t<meta name=\"twitter:data1\" content=\"3\u00a0Minuten\" \/>\n<script type=\"application\/ld+json\" class=\"yoast-schema-graph\">{\"@context\":\"https:\/\/schema.org\",\"@graph\":[{\"@type\":\"WebPage\",\"@id\":\"https:\/\/www.manheim-express.eu\/de\/glossar\/standtage-und-standkosten-berechnen\/\",\"url\":\"https:\/\/www.manheim-express.eu\/de\/glossar\/standtage-und-standkosten-berechnen\/\",\"name\":\"Standtage und Standkosten berechnen - Manheim Express die neue Auktionsplattform f\u00fcr den KFZ Handel\",\"isPartOf\":{\"@id\":\"https:\/\/www.manheim-express.eu\/de\/#website\"},\"primaryImageOfPage\":{\"@id\":\"https:\/\/www.manheim-express.eu\/de\/glossar\/standtage-und-standkosten-berechnen\/#primaryimage\"},\"image\":{\"@id\":\"https:\/\/www.manheim-express.eu\/de\/glossar\/standtage-und-standkosten-berechnen\/#primaryimage\"},\"thumbnailUrl\":\"https:\/\/www.manheim-express.eu\/wp-content\/uploads\/2022\/11\/Manheim-Express-Estate-car.png\",\"datePublished\":\"2024-01-15T16:48:28+00:00\",\"dateModified\":\"2024-01-15T16:48:30+00:00\",\"description\":\"Mit Manheim Express reduzieren H\u00e4ndler Standtage und k\u00f6nnen Standkosten effektiver berechnen!\",\"breadcrumb\":{\"@id\":\"https:\/\/www.manheim-express.eu\/de\/glossar\/standtage-und-standkosten-berechnen\/#breadcrumb\"},\"inLanguage\":\"de\",\"potentialAction\":[{\"@type\":\"ReadAction\",\"target\":[\"https:\/\/www.manheim-express.eu\/de\/glossar\/standtage-und-standkosten-berechnen\/\"]}]},{\"@type\":\"ImageObject\",\"inLanguage\":\"de\",\"@id\":\"https:\/\/www.manheim-express.eu\/de\/glossar\/standtage-und-standkosten-berechnen\/#primaryimage\",\"url\":\"https:\/\/www.manheim-express.eu\/wp-content\/uploads\/2022\/11\/Manheim-Express-Estate-car.png\",\"contentUrl\":\"https:\/\/www.manheim-express.eu\/wp-content\/uploads\/2022\/11\/Manheim-Express-Estate-car.png\"},{\"@type\":\"BreadcrumbList\",\"@id\":\"https:\/\/www.manheim-express.eu\/de\/glossar\/standtage-und-standkosten-berechnen\/#breadcrumb\",\"itemListElement\":[{\"@type\":\"ListItem\",\"position\":1,\"name\":\"Home\",\"item\":\"https:\/\/www.manheim-express.eu\/de\/\"},{\"@type\":\"ListItem\",\"position\":2,\"name\":\"Glossar\",\"item\":\"https:\/\/www.manheim-express.eu\/de\/glossar\/\"},{\"@type\":\"ListItem\",\"position\":3,\"name\":\"Standtage und Standkosten berechnen\"}]},{\"@type\":\"WebSite\",\"@id\":\"https:\/\/www.manheim-express.eu\/de\/#website\",\"url\":\"https:\/\/www.manheim-express.eu\/de\/\",\"name\":\"Manheim Express\",\"description\":\"\",\"publisher\":{\"@id\":\"https:\/\/www.manheim-express.eu\/de\/#organization\"},\"potentialAction\":[{\"@type\":\"SearchAction\",\"target\":{\"@type\":\"EntryPoint\",\"urlTemplate\":\"https:\/\/www.manheim-express.eu\/de\/?s={search_term_string}\"},\"query-input\":{\"@type\":\"PropertyValueSpecification\",\"valueRequired\":true,\"valueName\":\"search_term_string\"}}],\"inLanguage\":\"de\"},{\"@type\":\"Organization\",\"@id\":\"https:\/\/www.manheim-express.eu\/de\/#organization\",\"name\":\"Manheim Express\",\"url\":\"https:\/\/www.manheim-express.eu\/de\/\",\"logo\":{\"@type\":\"ImageObject\",\"inLanguage\":\"de\",\"@id\":\"https:\/\/www.manheim-express.eu\/de\/#\/schema\/logo\/image\/\",\"url\":\"https:\/\/www.manheim-express.eu\/wp-content\/uploads\/2021\/07\/manheim-express-logo-light.png\",\"contentUrl\":\"https:\/\/www.manheim-express.eu\/wp-content\/uploads\/2021\/07\/manheim-express-logo-light.png\",\"width\":1163,\"height\":392,\"caption\":\"Manheim Express\"},\"image\":{\"@id\":\"https:\/\/www.manheim-express.eu\/de\/#\/schema\/logo\/image\/\"},\"sameAs\":[\"https:\/\/www.facebook.com\/manheimexpresseurope\/\",\"https:\/\/www.instagram.com\/manheim.express\",\"https:\/\/www.linkedin.com\/company\/manheim-express\/\",\"https:\/\/www.youtube.com\/channel\/UCRKJajJPvJv-ao7Tk7qra5Q\/\"]}]}<\/script>\n<!-- \/ Yoast SEO plugin. -->","yoast_head_json":{"title":"Standtage und Standkosten berechnen - Manheim Express die neue Auktionsplattform f\u00fcr den KFZ Handel","description":"Mit Manheim Express reduzieren H\u00e4ndler Standtage und k\u00f6nnen Standkosten effektiver berechnen!","robots":{"index":"index","follow":"follow","max-snippet":"max-snippet:-1","max-image-preview":"max-image-preview:large","max-video-preview":"max-video-preview:-1"},"canonical":"https:\/\/www.manheim-express.eu\/de\/glossar\/standtage-und-standkosten-berechnen\/","og_locale":"de_DE","og_type":"article","og_title":"Standtage und Standkosten berechnen - Manheim Express die neue Auktionsplattform f\u00fcr den KFZ Handel","og_description":"Mit Manheim Express reduzieren H\u00e4ndler Standtage und k\u00f6nnen Standkosten effektiver berechnen!","og_url":"https:\/\/www.manheim-express.eu\/de\/glossar\/standtage-und-standkosten-berechnen\/","og_site_name":"Manheim Express","article_publisher":"https:\/\/www.facebook.com\/manheimexpresseurope\/","article_modified_time":"2024-01-15T16:48:30+00:00","og_image":[{"url":"https:\/\/www.manheim-express.eu\/wp-content\/uploads\/2022\/11\/Manheim-Express-Estate-car.png","type":"","width":"","height":""}],"twitter_card":"summary_large_image","twitter_misc":{"Gesch\u00e4tzte Lesezeit":"3\u00a0Minuten"},"schema":{"@context":"https:\/\/schema.org","@graph":[{"@type":"WebPage","@id":"https:\/\/www.manheim-express.eu\/de\/glossar\/standtage-und-standkosten-berechnen\/","url":"https:\/\/www.manheim-express.eu\/de\/glossar\/standtage-und-standkosten-berechnen\/","name":"Standtage und Standkosten berechnen - Manheim Express die neue Auktionsplattform f\u00fcr den KFZ Handel","isPartOf":{"@id":"https:\/\/www.manheim-express.eu\/de\/#website"},"primaryImageOfPage":{"@id":"https:\/\/www.manheim-express.eu\/de\/glossar\/standtage-und-standkosten-berechnen\/#primaryimage"},"image":{"@id":"https:\/\/www.manheim-express.eu\/de\/glossar\/standtage-und-standkosten-berechnen\/#primaryimage"},"thumbnailUrl":"https:\/\/www.manheim-express.eu\/wp-content\/uploads\/2022\/11\/Manheim-Express-Estate-car.png","datePublished":"2024-01-15T16:48:28+00:00","dateModified":"2024-01-15T16:48:30+00:00","description":"Mit Manheim Express reduzieren H\u00e4ndler Standtage und k\u00f6nnen Standkosten effektiver berechnen!","breadcrumb":{"@id":"https:\/\/www.manheim-express.eu\/de\/glossar\/standtage-und-standkosten-berechnen\/#breadcrumb"},"inLanguage":"de","potentialAction":[{"@type":"ReadAction","target":["https:\/\/www.manheim-express.eu\/de\/glossar\/standtage-und-standkosten-berechnen\/"]}]},{"@type":"ImageObject","inLanguage":"de","@id":"https:\/\/www.manheim-express.eu\/de\/glossar\/standtage-und-standkosten-berechnen\/#primaryimage","url":"https:\/\/www.manheim-express.eu\/wp-content\/uploads\/2022\/11\/Manheim-Express-Estate-car.png","contentUrl":"https:\/\/www.manheim-express.eu\/wp-content\/uploads\/2022\/11\/Manheim-Express-Estate-car.png"},{"@type":"BreadcrumbList","@id":"https:\/\/www.manheim-express.eu\/de\/glossar\/standtage-und-standkosten-berechnen\/#breadcrumb","itemListElement":[{"@type":"ListItem","position":1,"name":"Home","item":"https:\/\/www.manheim-express.eu\/de\/"},{"@type":"ListItem","position":2,"name":"Glossar","item":"https:\/\/www.manheim-express.eu\/de\/glossar\/"},{"@type":"ListItem","position":3,"name":"Standtage und Standkosten berechnen"}]},{"@type":"WebSite","@id":"https:\/\/www.manheim-express.eu\/de\/#website","url":"https:\/\/www.manheim-express.eu\/de\/","name":"Manheim Express","description":"","publisher":{"@id":"https:\/\/www.manheim-express.eu\/de\/#organization"},"potentialAction":[{"@type":"SearchAction","target":{"@type":"EntryPoint","urlTemplate":"https:\/\/www.manheim-express.eu\/de\/?s={search_term_string}"},"query-input":{"@type":"PropertyValueSpecification","valueRequired":true,"valueName":"search_term_string"}}],"inLanguage":"de"},{"@type":"Organization","@id":"https:\/\/www.manheim-express.eu\/de\/#organization","name":"Manheim Express","url":"https:\/\/www.manheim-express.eu\/de\/","logo":{"@type":"ImageObject","inLanguage":"de","@id":"https:\/\/www.manheim-express.eu\/de\/#\/schema\/logo\/image\/","url":"https:\/\/www.manheim-express.eu\/wp-content\/uploads\/2021\/07\/manheim-express-logo-light.png","contentUrl":"https:\/\/www.manheim-express.eu\/wp-content\/uploads\/2021\/07\/manheim-express-logo-light.png","width":1163,"height":392,"caption":"Manheim Express"},"image":{"@id":"https:\/\/www.manheim-express.eu\/de\/#\/schema\/logo\/image\/"},"sameAs":["https:\/\/www.facebook.com\/manheimexpresseurope\/","https:\/\/www.instagram.com\/manheim.express","https:\/\/www.linkedin.com\/company\/manheim-express\/","https:\/\/www.youtube.com\/channel\/UCRKJajJPvJv-ao7Tk7qra5Q\/"]}]}},"_links":{"self":[{"href":"https:\/\/www.manheim-express.eu\/de\/wp-json\/wp\/v2\/pages\/16590","targetHints":{"allow":["GET"]}}],"collection":[{"href":"https:\/\/www.manheim-express.eu\/de\/wp-json\/wp\/v2\/pages"}],"about":[{"href":"https:\/\/www.manheim-express.eu\/de\/wp-json\/wp\/v2\/types\/page"}],"author":[{"embeddable":true,"href":"https:\/\/www.manheim-express.eu\/de\/wp-json\/wp\/v2\/users\/12"}],"replies":[{"embeddable":true,"href":"https:\/\/www.manheim-express.eu\/de\/wp-json\/wp\/v2\/comments?post=16590"}],"version-history":[{"count":10,"href":"https:\/\/www.manheim-express.eu\/de\/wp-json\/wp\/v2\/pages\/16590\/revisions"}],"predecessor-version":[{"id":16898,"href":"https:\/\/www.manheim-express.eu\/de\/wp-json\/wp\/v2\/pages\/16590\/revisions\/16898"}],"up":[{"embeddable":true,"href":"https:\/\/www.manheim-express.eu\/de\/wp-json\/wp\/v2\/pages\/11571"}],"wp:attachment":[{"href":"https:\/\/www.manheim-express.eu\/de\/wp-json\/wp\/v2\/media?parent=16590"}],"wp:term":[{"taxonomy":"wf_page_folders","embeddable":true,"href":"https:\/\/www.manheim-express.eu\/de\/wp-json\/wp\/v2\/wf_page_folders?post=16590"}],"curies":[{"name":"wp","href":"https:\/\/api.w.org\/{rel}","templated":true}]}}