{"id":16582,"date":"2024-01-15T16:47:39","date_gmt":"2024-01-15T16:47:39","guid":{"rendered":"https:\/\/www.manheim-express.eu\/?page_id=16582"},"modified":"2024-01-15T16:47:41","modified_gmt":"2024-01-15T16:47:41","slug":"restwertborse","status":"publish","type":"page","link":"https:\/\/www.manheim-express.eu\/de\/glossar\/restwertborse\/","title":{"rendered":"Restwertb\u00f6rse"},"content":{"rendered":"\t\t<div data-elementor-type=\"wp-page\" data-elementor-id=\"16582\" class=\"elementor elementor-16582\" data-elementor-post-type=\"page\">\n\t\t\t\t\t\t<section class=\"elementor-section elementor-top-section elementor-element elementor-element-5ad223c elementor-section-full_width elementor-section-stretched elementor-section-height-default elementor-section-height-default\" data-id=\"5ad223c\" data-element_type=\"section\" data-settings=\"{&quot;stretch_section&quot;:&quot;section-stretched&quot;}\">\n\t\t\t\t\t\t<div class=\"elementor-container elementor-column-gap-default\">\n\t\t\t\t\t<div class=\"elementor-column elementor-col-50 elementor-top-column elementor-element elementor-element-d3b519c\" data-id=\"d3b519c\" data-element_type=\"column\" data-settings=\"{&quot;background_background&quot;:&quot;classic&quot;}\">\n\t\t\t<div class=\"elementor-widget-wrap elementor-element-populated\">\n\t\t\t\t\t\t<div class=\"elementor-element elementor-element-036dc3a elementor-widget elementor-widget-text-editor\" data-id=\"036dc3a\" data-element_type=\"widget\" data-widget_type=\"text-editor.default\">\n\t\t\t\t<div class=\"elementor-widget-container\">\n\t\t\t\t\t\t\t\t\t<h2>Kennen Sie die Alternative zur Restwertb\u00f6rse?<\/h2>\t\t\t\t\t\t\t\t<\/div>\n\t\t\t\t<\/div>\n\t\t\t\t<div class=\"elementor-element elementor-element-21c3353 elementor-widget elementor-widget-text-editor\" data-id=\"21c3353\" data-element_type=\"widget\" data-widget_type=\"text-editor.default\">\n\t\t\t\t<div class=\"elementor-widget-container\">\n\t\t\t\t\t\t\t\t\t<h3 class=\"\">Finden Sie auf Manheim Express Ihren Unfallwagen!<\/h3>\t\t\t\t\t\t\t\t<\/div>\n\t\t\t\t<\/div>\n\t\t\t\t<div class=\"elementor-element elementor-element-c37119d elementor-widget elementor-widget-text-editor\" data-id=\"c37119d\" data-element_type=\"widget\" data-widget_type=\"text-editor.default\">\n\t\t\t\t<div class=\"elementor-widget-container\">\n\t\t\t\t\t\t\t\t\t<p>H\u00e4ndler und andere Gewerbetreibende wissen, welches Potenzial in so manchem Unfallwagen noch stecken kann.\u00a0<strong>Restwertb\u00f6rsen<\/strong>\u00a0k\u00f6nnen ausgesprochen lukrativ sein, wenn man wei\u00df, wonach man sucht.\u00a0<span style=\"font-weight: bolder;\">Manheim Express<\/span>\u00a0stellt seinen Kunden ein breites Spektrum an Fahrzeugen, darunter auch Unfallwagen zur Verf\u00fcgung. Durch die flexiblen Nutzungsm\u00f6glichkeiten der Plattform k\u00f6nnen ganz unterschiedliche Gesch\u00e4ftsmodelle auf\u00a0<span style=\"font-weight: bolder;\">Manheim Express<\/span><strong>\u00a0<\/strong>realisiert werden. Informieren Sie sich hier \u00fcber alle Vorz\u00fcge des Portals und melden Sie sich kostenlos und unverbindlich an.<\/p>\t\t\t\t\t\t\t\t<\/div>\n\t\t\t\t<\/div>\n\t\t\t\t<div class=\"elementor-element elementor-element-76774e4 elementor-widget elementor-widget-button\" data-id=\"76774e4\" data-element_type=\"widget\" data-widget_type=\"button.default\">\n\t\t\t\t<div class=\"elementor-widget-container\">\n\t\t\t\t\t\t\t\t\t<div class=\"elementor-button-wrapper\">\n\t\t\t\t\t<a class=\"elementor-button elementor-button-link elementor-size-lg\" href=\"#\">\n\t\t\t\t\t\t<span class=\"elementor-button-content-wrapper\">\n\t\t\t\t\t\t\t\t\t<span class=\"elementor-button-text\">Mehr Infos finden Sie hier<\/span>\n\t\t\t\t\t<\/span>\n\t\t\t\t\t<\/a>\n\t\t\t\t<\/div>\n\t\t\t\t\t\t\t\t<\/div>\n\t\t\t\t<\/div>\n\t\t\t\t<div class=\"elementor-element elementor-element-93513c7 elementor-widget elementor-widget-image\" data-id=\"93513c7\" data-element_type=\"widget\" data-widget_type=\"image.default\">\n\t\t\t\t<div class=\"elementor-widget-container\">\n\t\t\t\t\t\t\t\t\t\t\t\t\t\t\t<img fetchpriority=\"high\" decoding=\"async\" width=\"800\" height=\"389\" src=\"https:\/\/www.manheim-express.eu\/wp-content\/uploads\/2022\/11\/Manheim-Express-Estate-car.png\" class=\"attachment-large size-large wp-image-14639\" alt=\"\" srcset=\"https:\/\/www.manheim-express.eu\/wp-content\/uploads\/2022\/11\/Manheim-Express-Estate-car.png 1024w, https:\/\/www.manheim-express.eu\/wp-content\/uploads\/2022\/11\/Manheim-Express-Estate-car-300x146.png 300w, https:\/\/www.manheim-express.eu\/wp-content\/uploads\/2022\/11\/Manheim-Express-Estate-car-768x374.png 768w\" sizes=\"(max-width: 800px) 100vw, 800px\" \/>\t\t\t\t\t\t\t\t\t\t\t\t\t\t\t<\/div>\n\t\t\t\t<\/div>\n\t\t\t\t\t<\/div>\n\t\t<\/div>\n\t\t\t\t<div class=\"elementor-column elementor-col-50 elementor-top-column elementor-element elementor-element-213236b\" data-id=\"213236b\" data-element_type=\"column\" data-settings=\"{&quot;background_background&quot;:&quot;classic&quot;}\">\n\t\t\t<div class=\"elementor-widget-wrap elementor-element-populated\">\n\t\t\t\t\t\t<div class=\"elementor-element elementor-element-e50b614 elementor-widget elementor-widget-text-editor\" data-id=\"e50b614\" data-element_type=\"widget\" data-widget_type=\"text-editor.default\">\n\t\t\t\t<div class=\"elementor-widget-container\">\n\t\t\t\t\t\t\t\t\t<h2 class=\"\">Restwertb\u00f6rse<\/h2>\t\t\t\t\t\t\t\t<\/div>\n\t\t\t\t<\/div>\n\t\t\t\t<div class=\"elementor-element elementor-element-8d896a4 elementor-widget elementor-widget-text-editor\" data-id=\"8d896a4\" data-element_type=\"widget\" data-widget_type=\"text-editor.default\">\n\t\t\t\t<div class=\"elementor-widget-container\">\n\t\t\t\t\t\t\t\t\t<p>Nach einem Unfall mit erheblichem Schaden k\u00f6nnen die Reparaturkosten so hoch sein, dass eine Investition in das Fahrzeug nicht mehr lohnt \u2013 man spricht von einem wirtschaftlichen Totalschaden. Als technische Totalsch\u00e4den bezeichnet man F\u00e4lle, bei welchen die Reparatur des Fahrzeuges aus technischer Sicht nicht mehr m\u00f6glich ist. Treten solche F\u00e4lle ein, stellt sich die Frage, was mit dem Fahrzeug passieren soll. Besitzt es noch einen Restwert und lohnt sich daher der Verkauf oder kann es nur noch verschrottet werden? Eine\u00a0<strong>Restwertb\u00f6rse<\/strong>\u00a0dient dazu, den Wert von Unfallwagen oder Fahrzeuge mit Totalschaden zu ermitteln und ebensolche Fahrzeuge zu kaufen oder zu verkaufen. Die Gr\u00fcnde f\u00fcr die Etablierung von\u00a0<strong>Restwertb\u00f6sen<\/strong>\u00a0liegen in den speziellen Anforderungen an die Preisfindung, die mit Unfallwagen verbunden ist. Sachverst\u00e4ndige, Versicherungen, Abschleppunternehmen, Restwertaufk\u00e4ufer aber auch H\u00e4ndler und Privatpersonen nutzen\u00a0<strong>Restwertb\u00f6rsen<\/strong>, um Fahrzeuge mit Teil- oder Totalschaden zu kaufen oder zu verkaufen. Ank\u00e4ufer nutzen die\u00a0<strong>Restwertb\u00f6rse<\/strong>, um g\u00fcnstig und gezielt an bestimmte Fahrzeuge zu gelangen, die sie entsprechend weiterverwerten k\u00f6nnen. Wie andere Autob\u00f6rsen auch dienen\u00a0<strong>Restwertb\u00f6rsen<\/strong>\u00a0also dazu, Anbieter und Ank\u00e4ufer von Fahrzeugen \u2013 in diesem Fall mit erheblichen Sch\u00e4den \u2013 zusammenzubringen.<\/p>\t\t\t\t\t\t\t\t<\/div>\n\t\t\t\t<\/div>\n\t\t\t\t<div class=\"elementor-element elementor-element-e9c050a elementor-widget elementor-widget-text-editor\" data-id=\"e9c050a\" data-element_type=\"widget\" data-widget_type=\"text-editor.default\">\n\t\t\t\t<div class=\"elementor-widget-container\">\n\t\t\t\t\t\t\t\t\t<h2 class=\"\">Was ist bei der Nutzung einer Restwertb\u00f6rse zu beachten?<\/h2>\t\t\t\t\t\t\t\t<\/div>\n\t\t\t\t<\/div>\n\t\t\t\t<div class=\"elementor-element elementor-element-572a03f elementor-widget elementor-widget-text-editor\" data-id=\"572a03f\" data-element_type=\"widget\" data-widget_type=\"text-editor.default\">\n\t\t\t\t<div class=\"elementor-widget-container\">\n\t\t\t\t\t\t\t\t\t<p>Wie andere Autob\u00f6rsen auch unterscheiden sich\u00a0<strong>Restwertb\u00f6rsen<\/strong>\u00a0im Umfang ihres Angebotes, den AGBs und in Service und Preisgestaltung. Zwar ist der Markt f\u00fcr\u00a0<strong>Restwertb\u00f6rsen\u00a0<\/strong>naturgem\u00e4\u00df weniger umfangreich als der Markt f\u00fcr Gebrauchtwagen, dennoch bestehen zwischen den einzelnen Anbietern Unterschiede. M\u00f6chte man eine<strong>\u00a0Restwertb\u00f6rse<\/strong>\u00a0nutzen, lohnt es sich daher zuvor ein Blick in die Details der jeweiligen Verkaufs- und Kaufbedingungen zu werfen. Zun\u00e4chst ist zu beachten, f\u00fcr welche Verk\u00e4ufergruppen die\u00a0<strong>Restwertb\u00f6rse\u00a0<\/strong>zug\u00e4nglich ist. In der Regel sind die Nutzer Versicherer, deren Sachverst\u00e4ndige, gewerbliche H\u00e4ndler und Leasinggesellschaften etc. Mitunter werden auch Privatpersonen als Einsteller zugelassen. Bieter einer\u00a0<strong>Restwertb\u00f6rse<\/strong>\u00a0k\u00f6nnen Werkst\u00e4tten, H\u00e4ndler und Autoh\u00e4user oder sonstige Gewerbetreibende sein. Die Abl\u00e4ufe beim Autokauf und Verkauf \u00fcber eine\u00a0<strong>Restewertb\u00f6rse<\/strong>\u00a0\u00e4hneln dem Handel \u00fcber herk\u00f6mmliche Autoauktionen im Internet. Der Verk\u00e4ufer stellt die Fahrzeuginformationen und einige Fotos des Fahrzeuges online und die Bieter k\u00f6nnen \u00fcber verbindliche Gebote das Fahrzeug ersteigern.<\/p>\t\t\t\t\t\t\t\t<\/div>\n\t\t\t\t<\/div>\n\t\t\t\t<div class=\"elementor-element elementor-element-812f301 elementor-widget elementor-widget-text-editor\" data-id=\"812f301\" data-element_type=\"widget\" data-widget_type=\"text-editor.default\">\n\t\t\t\t<div class=\"elementor-widget-container\">\n\t\t\t\t\t\t\t\t\t<h2 class=\"\">Manheim Express als Alternative zur Restwertb\u00f6rse<\/h2>\t\t\t\t\t\t\t\t<\/div>\n\t\t\t\t<\/div>\n\t\t\t\t<div class=\"elementor-element elementor-element-7a1d2f8 elementor-widget elementor-widget-text-editor\" data-id=\"7a1d2f8\" data-element_type=\"widget\" data-widget_type=\"text-editor.default\">\n\t\t\t\t<div class=\"elementor-widget-container\">\n\t\t\t\t\t\t\t\t\t<p>Unfallfahrzeuge k\u00f6nnen, obgleich sie nicht mehr f\u00fcr die Zulassung auf dem deutschen Markt geeignet sind, k\u00f6nnen f\u00fcr H\u00e4ndler oder Werkst\u00e4tten von gro\u00dfem Interesse sein. Die\u00a0<strong>Restwertb\u00f6rse<\/strong>\u00a0ist allerdings nicht die einzige M\u00f6glichkeit, Unfallfahrzeuge zu kaufen und lukrativ weiterzuverwenden. Einsteller und Aufk\u00e4ufer von besch\u00e4digten Fahrzeugen k\u00f6nnen bei\u00a0<span style=\"font-weight: bolder;\">Manheim Express<\/span>\u00a0ebenfalls f\u00fcndig werden. Auf der Plattform\u00a0<span style=\"font-weight: bolder;\">Manheim Express<\/span>\u00a0finden gewerbliche H\u00e4ndler eine breite Auswahl an Fahrzeugen der unterschiedlichsten Preisklassen. Auch besch\u00e4digte Fahrzeuge und Unfallwagen werden hier zu interessanten Preisen gehandelt. Daher stellt\u00a0<span style=\"font-weight: bolder;\">Manheim Express<\/span>\u00a0eine echte Alternative zur\u00a0<strong>Restwertb\u00f6rse<\/strong>\u00a0dar. Die innovative Plattform f\u00fcr gewerblichen Autohandel bietet komfortable und schnelle Einstellm\u00f6glichkeiten und erlaubt ein problemloses Kaufen und Verkaufen von Unfallwagen und anderen Fahrzeugen.<\/p>\t\t\t\t\t\t\t\t<\/div>\n\t\t\t\t<\/div>\n\t\t\t\t\t<\/div>\n\t\t<\/div>\n\t\t\t\t\t<\/div>\n\t\t<\/section>\n\t\t\t\t<\/div>\n\t\t","protected":false},"excerpt":{"rendered":"<p>Kennen Sie die Alternative zur Restwertb\u00f6rse? Finden Sie auf Manheim Express Ihren Unfallwagen! H\u00e4ndler und andere Gewerbetreibende wissen, welches Potenzial in so manchem Unfallwagen noch stecken kann.\u00a0Restwertb\u00f6rsen\u00a0k\u00f6nnen ausgesprochen lukrativ sein, wenn man wei\u00df, wonach man sucht.\u00a0Manheim Express\u00a0stellt seinen Kunden ein breites Spektrum an Fahrzeugen, darunter auch Unfallwagen zur Verf\u00fcgung. Durch die flexiblen Nutzungsm\u00f6glichkeiten der Plattform [&hellip;]<\/p>\n","protected":false},"author":12,"featured_media":0,"parent":11571,"menu_order":0,"comment_status":"closed","ping_status":"closed","template":"","meta":{"_acf_changed":false,"footnotes":""},"wf_page_folders":[156],"class_list":["post-16582","page","type-page","status-publish","hentry"],"acf":[],"yoast_head":"<!-- This site is optimized with the Yoast SEO plugin v25.8 - https:\/\/yoast.com\/wordpress\/plugins\/seo\/ -->\n<title>Restwertb\u00f6rse - Manheim Express die neue Auktionsplattform f\u00fcr den KFZ Handel<\/title>\n<meta name=\"description\" content=\"Wie andere Autob\u00f6rsen auch unterscheiden sich Restwertb\u00f6rsen im Umfang ihres Angebotes, den AGBs und in Service und Preisgestaltung.\" \/>\n<meta name=\"robots\" content=\"index, follow, max-snippet:-1, max-image-preview:large, max-video-preview:-1\" \/>\n<link rel=\"canonical\" href=\"https:\/\/www.manheim-express.eu\/de\/glossar\/restwertborse\/\" \/>\n<meta property=\"og:locale\" content=\"de_DE\" \/>\n<meta property=\"og:type\" content=\"article\" \/>\n<meta property=\"og:title\" content=\"Restwertb\u00f6rse - Manheim Express die neue Auktionsplattform f\u00fcr den KFZ Handel\" \/>\n<meta property=\"og:description\" content=\"Wie andere Autob\u00f6rsen auch unterscheiden sich Restwertb\u00f6rsen im Umfang ihres Angebotes, den AGBs und in Service und Preisgestaltung.\" \/>\n<meta property=\"og:url\" content=\"https:\/\/www.manheim-express.eu\/de\/glossar\/restwertborse\/\" \/>\n<meta property=\"og:site_name\" content=\"Manheim Express\" \/>\n<meta property=\"article:publisher\" content=\"https:\/\/www.facebook.com\/manheimexpresseurope\/\" \/>\n<meta property=\"article:modified_time\" content=\"2024-01-15T16:47:41+00:00\" \/>\n<meta property=\"og:image\" content=\"https:\/\/www.manheim-express.eu\/wp-content\/uploads\/2022\/11\/Manheim-Express-Estate-car.png\" \/>\n<meta name=\"twitter:card\" content=\"summary_large_image\" \/>\n<meta name=\"twitter:label1\" content=\"Gesch\u00e4tzte Lesezeit\" \/>\n\t<meta name=\"twitter:data1\" content=\"3\u00a0Minuten\" \/>\n<script type=\"application\/ld+json\" class=\"yoast-schema-graph\">{\"@context\":\"https:\/\/schema.org\",\"@graph\":[{\"@type\":\"WebPage\",\"@id\":\"https:\/\/www.manheim-express.eu\/de\/glossar\/restwertborse\/\",\"url\":\"https:\/\/www.manheim-express.eu\/de\/glossar\/restwertborse\/\",\"name\":\"Restwertb\u00f6rse - Manheim Express die neue Auktionsplattform f\u00fcr den KFZ Handel\",\"isPartOf\":{\"@id\":\"https:\/\/www.manheim-express.eu\/de\/#website\"},\"primaryImageOfPage\":{\"@id\":\"https:\/\/www.manheim-express.eu\/de\/glossar\/restwertborse\/#primaryimage\"},\"image\":{\"@id\":\"https:\/\/www.manheim-express.eu\/de\/glossar\/restwertborse\/#primaryimage\"},\"thumbnailUrl\":\"https:\/\/www.manheim-express.eu\/wp-content\/uploads\/2022\/11\/Manheim-Express-Estate-car.png\",\"datePublished\":\"2024-01-15T16:47:39+00:00\",\"dateModified\":\"2024-01-15T16:47:41+00:00\",\"description\":\"Wie andere Autob\u00f6rsen auch unterscheiden sich Restwertb\u00f6rsen im Umfang ihres Angebotes, den AGBs und in Service und Preisgestaltung.\",\"breadcrumb\":{\"@id\":\"https:\/\/www.manheim-express.eu\/de\/glossar\/restwertborse\/#breadcrumb\"},\"inLanguage\":\"de\",\"potentialAction\":[{\"@type\":\"ReadAction\",\"target\":[\"https:\/\/www.manheim-express.eu\/de\/glossar\/restwertborse\/\"]}]},{\"@type\":\"ImageObject\",\"inLanguage\":\"de\",\"@id\":\"https:\/\/www.manheim-express.eu\/de\/glossar\/restwertborse\/#primaryimage\",\"url\":\"https:\/\/www.manheim-express.eu\/wp-content\/uploads\/2022\/11\/Manheim-Express-Estate-car.png\",\"contentUrl\":\"https:\/\/www.manheim-express.eu\/wp-content\/uploads\/2022\/11\/Manheim-Express-Estate-car.png\"},{\"@type\":\"BreadcrumbList\",\"@id\":\"https:\/\/www.manheim-express.eu\/de\/glossar\/restwertborse\/#breadcrumb\",\"itemListElement\":[{\"@type\":\"ListItem\",\"position\":1,\"name\":\"Home\",\"item\":\"https:\/\/www.manheim-express.eu\/de\/\"},{\"@type\":\"ListItem\",\"position\":2,\"name\":\"Glossar\",\"item\":\"https:\/\/www.manheim-express.eu\/de\/glossar\/\"},{\"@type\":\"ListItem\",\"position\":3,\"name\":\"Restwertb\u00f6rse\"}]},{\"@type\":\"WebSite\",\"@id\":\"https:\/\/www.manheim-express.eu\/de\/#website\",\"url\":\"https:\/\/www.manheim-express.eu\/de\/\",\"name\":\"Manheim Express\",\"description\":\"\",\"publisher\":{\"@id\":\"https:\/\/www.manheim-express.eu\/de\/#organization\"},\"potentialAction\":[{\"@type\":\"SearchAction\",\"target\":{\"@type\":\"EntryPoint\",\"urlTemplate\":\"https:\/\/www.manheim-express.eu\/de\/?s={search_term_string}\"},\"query-input\":{\"@type\":\"PropertyValueSpecification\",\"valueRequired\":true,\"valueName\":\"search_term_string\"}}],\"inLanguage\":\"de\"},{\"@type\":\"Organization\",\"@id\":\"https:\/\/www.manheim-express.eu\/de\/#organization\",\"name\":\"Manheim Express\",\"url\":\"https:\/\/www.manheim-express.eu\/de\/\",\"logo\":{\"@type\":\"ImageObject\",\"inLanguage\":\"de\",\"@id\":\"https:\/\/www.manheim-express.eu\/de\/#\/schema\/logo\/image\/\",\"url\":\"https:\/\/www.manheim-express.eu\/wp-content\/uploads\/2021\/07\/manheim-express-logo-light.png\",\"contentUrl\":\"https:\/\/www.manheim-express.eu\/wp-content\/uploads\/2021\/07\/manheim-express-logo-light.png\",\"width\":1163,\"height\":392,\"caption\":\"Manheim Express\"},\"image\":{\"@id\":\"https:\/\/www.manheim-express.eu\/de\/#\/schema\/logo\/image\/\"},\"sameAs\":[\"https:\/\/www.facebook.com\/manheimexpresseurope\/\",\"https:\/\/www.instagram.com\/manheim.express\",\"https:\/\/www.linkedin.com\/company\/manheim-express\/\",\"https:\/\/www.youtube.com\/channel\/UCRKJajJPvJv-ao7Tk7qra5Q\/\"]}]}<\/script>\n<!-- \/ Yoast SEO plugin. -->","yoast_head_json":{"title":"Restwertb\u00f6rse - Manheim Express die neue Auktionsplattform f\u00fcr den KFZ Handel","description":"Wie andere Autob\u00f6rsen auch unterscheiden sich Restwertb\u00f6rsen im Umfang ihres Angebotes, den AGBs und in Service und Preisgestaltung.","robots":{"index":"index","follow":"follow","max-snippet":"max-snippet:-1","max-image-preview":"max-image-preview:large","max-video-preview":"max-video-preview:-1"},"canonical":"https:\/\/www.manheim-express.eu\/de\/glossar\/restwertborse\/","og_locale":"de_DE","og_type":"article","og_title":"Restwertb\u00f6rse - Manheim Express die neue Auktionsplattform f\u00fcr den KFZ Handel","og_description":"Wie andere Autob\u00f6rsen auch unterscheiden sich Restwertb\u00f6rsen im Umfang ihres Angebotes, den AGBs und in Service und Preisgestaltung.","og_url":"https:\/\/www.manheim-express.eu\/de\/glossar\/restwertborse\/","og_site_name":"Manheim Express","article_publisher":"https:\/\/www.facebook.com\/manheimexpresseurope\/","article_modified_time":"2024-01-15T16:47:41+00:00","og_image":[{"url":"https:\/\/www.manheim-express.eu\/wp-content\/uploads\/2022\/11\/Manheim-Express-Estate-car.png","type":"","width":"","height":""}],"twitter_card":"summary_large_image","twitter_misc":{"Gesch\u00e4tzte Lesezeit":"3\u00a0Minuten"},"schema":{"@context":"https:\/\/schema.org","@graph":[{"@type":"WebPage","@id":"https:\/\/www.manheim-express.eu\/de\/glossar\/restwertborse\/","url":"https:\/\/www.manheim-express.eu\/de\/glossar\/restwertborse\/","name":"Restwertb\u00f6rse - Manheim Express die neue Auktionsplattform f\u00fcr den KFZ Handel","isPartOf":{"@id":"https:\/\/www.manheim-express.eu\/de\/#website"},"primaryImageOfPage":{"@id":"https:\/\/www.manheim-express.eu\/de\/glossar\/restwertborse\/#primaryimage"},"image":{"@id":"https:\/\/www.manheim-express.eu\/de\/glossar\/restwertborse\/#primaryimage"},"thumbnailUrl":"https:\/\/www.manheim-express.eu\/wp-content\/uploads\/2022\/11\/Manheim-Express-Estate-car.png","datePublished":"2024-01-15T16:47:39+00:00","dateModified":"2024-01-15T16:47:41+00:00","description":"Wie andere Autob\u00f6rsen auch unterscheiden sich Restwertb\u00f6rsen im Umfang ihres Angebotes, den AGBs und in Service und Preisgestaltung.","breadcrumb":{"@id":"https:\/\/www.manheim-express.eu\/de\/glossar\/restwertborse\/#breadcrumb"},"inLanguage":"de","potentialAction":[{"@type":"ReadAction","target":["https:\/\/www.manheim-express.eu\/de\/glossar\/restwertborse\/"]}]},{"@type":"ImageObject","inLanguage":"de","@id":"https:\/\/www.manheim-express.eu\/de\/glossar\/restwertborse\/#primaryimage","url":"https:\/\/www.manheim-express.eu\/wp-content\/uploads\/2022\/11\/Manheim-Express-Estate-car.png","contentUrl":"https:\/\/www.manheim-express.eu\/wp-content\/uploads\/2022\/11\/Manheim-Express-Estate-car.png"},{"@type":"BreadcrumbList","@id":"https:\/\/www.manheim-express.eu\/de\/glossar\/restwertborse\/#breadcrumb","itemListElement":[{"@type":"ListItem","position":1,"name":"Home","item":"https:\/\/www.manheim-express.eu\/de\/"},{"@type":"ListItem","position":2,"name":"Glossar","item":"https:\/\/www.manheim-express.eu\/de\/glossar\/"},{"@type":"ListItem","position":3,"name":"Restwertb\u00f6rse"}]},{"@type":"WebSite","@id":"https:\/\/www.manheim-express.eu\/de\/#website","url":"https:\/\/www.manheim-express.eu\/de\/","name":"Manheim Express","description":"","publisher":{"@id":"https:\/\/www.manheim-express.eu\/de\/#organization"},"potentialAction":[{"@type":"SearchAction","target":{"@type":"EntryPoint","urlTemplate":"https:\/\/www.manheim-express.eu\/de\/?s={search_term_string}"},"query-input":{"@type":"PropertyValueSpecification","valueRequired":true,"valueName":"search_term_string"}}],"inLanguage":"de"},{"@type":"Organization","@id":"https:\/\/www.manheim-express.eu\/de\/#organization","name":"Manheim Express","url":"https:\/\/www.manheim-express.eu\/de\/","logo":{"@type":"ImageObject","inLanguage":"de","@id":"https:\/\/www.manheim-express.eu\/de\/#\/schema\/logo\/image\/","url":"https:\/\/www.manheim-express.eu\/wp-content\/uploads\/2021\/07\/manheim-express-logo-light.png","contentUrl":"https:\/\/www.manheim-express.eu\/wp-content\/uploads\/2021\/07\/manheim-express-logo-light.png","width":1163,"height":392,"caption":"Manheim Express"},"image":{"@id":"https:\/\/www.manheim-express.eu\/de\/#\/schema\/logo\/image\/"},"sameAs":["https:\/\/www.facebook.com\/manheimexpresseurope\/","https:\/\/www.instagram.com\/manheim.express","https:\/\/www.linkedin.com\/company\/manheim-express\/","https:\/\/www.youtube.com\/channel\/UCRKJajJPvJv-ao7Tk7qra5Q\/"]}]}},"_links":{"self":[{"href":"https:\/\/www.manheim-express.eu\/de\/wp-json\/wp\/v2\/pages\/16582","targetHints":{"allow":["GET"]}}],"collection":[{"href":"https:\/\/www.manheim-express.eu\/de\/wp-json\/wp\/v2\/pages"}],"about":[{"href":"https:\/\/www.manheim-express.eu\/de\/wp-json\/wp\/v2\/types\/page"}],"author":[{"embeddable":true,"href":"https:\/\/www.manheim-express.eu\/de\/wp-json\/wp\/v2\/users\/12"}],"replies":[{"embeddable":true,"href":"https:\/\/www.manheim-express.eu\/de\/wp-json\/wp\/v2\/comments?post=16582"}],"version-history":[{"count":10,"href":"https:\/\/www.manheim-express.eu\/de\/wp-json\/wp\/v2\/pages\/16582\/revisions"}],"predecessor-version":[{"id":16895,"href":"https:\/\/www.manheim-express.eu\/de\/wp-json\/wp\/v2\/pages\/16582\/revisions\/16895"}],"up":[{"embeddable":true,"href":"https:\/\/www.manheim-express.eu\/de\/wp-json\/wp\/v2\/pages\/11571"}],"wp:attachment":[{"href":"https:\/\/www.manheim-express.eu\/de\/wp-json\/wp\/v2\/media?parent=16582"}],"wp:term":[{"taxonomy":"wf_page_folders","embeddable":true,"href":"https:\/\/www.manheim-express.eu\/de\/wp-json\/wp\/v2\/wf_page_folders?post=16582"}],"curies":[{"name":"wp","href":"https:\/\/api.w.org\/{rel}","templated":true}]}}