{"id":16577,"date":"2024-01-15T16:45:58","date_gmt":"2024-01-15T16:45:58","guid":{"rendered":"https:\/\/www.manheim-express.eu\/?page_id=16577"},"modified":"2024-01-15T16:45:59","modified_gmt":"2024-01-15T16:45:59","slug":"preisfindung-pkw","status":"publish","type":"page","link":"https:\/\/www.manheim-express.eu\/de\/glossar\/preisfindung-pkw\/","title":{"rendered":"Preisfindung Pkw"},"content":{"rendered":"\t\t<div data-elementor-type=\"wp-page\" data-elementor-id=\"16577\" class=\"elementor elementor-16577\" data-elementor-post-type=\"page\">\n\t\t\t\t\t\t<section class=\"elementor-section elementor-top-section elementor-element elementor-element-5ad223c elementor-section-full_width elementor-section-stretched elementor-section-height-default elementor-section-height-default\" data-id=\"5ad223c\" data-element_type=\"section\" data-settings=\"{&quot;stretch_section&quot;:&quot;section-stretched&quot;}\">\n\t\t\t\t\t\t<div class=\"elementor-container elementor-column-gap-default\">\n\t\t\t\t\t<div class=\"elementor-column elementor-col-50 elementor-top-column elementor-element elementor-element-d3b519c\" data-id=\"d3b519c\" data-element_type=\"column\" data-settings=\"{&quot;background_background&quot;:&quot;classic&quot;}\">\n\t\t\t<div class=\"elementor-widget-wrap elementor-element-populated\">\n\t\t\t\t\t\t<div class=\"elementor-element elementor-element-036dc3a elementor-widget elementor-widget-text-editor\" data-id=\"036dc3a\" data-element_type=\"widget\" data-widget_type=\"text-editor.default\">\n\t\t\t\t<div class=\"elementor-widget-container\">\n\t\t\t\t\t\t\t\t\t<h2>Wie geht es weiter nach der Preisfindung?<\/h2>\t\t\t\t\t\t\t\t<\/div>\n\t\t\t\t<\/div>\n\t\t\t\t<div class=\"elementor-element elementor-element-21c3353 elementor-widget elementor-widget-text-editor\" data-id=\"21c3353\" data-element_type=\"widget\" data-widget_type=\"text-editor.default\">\n\t\t\t\t<div class=\"elementor-widget-container\">\n\t\t\t\t\t\t\t\t\t<h3 class=\"\">Als H\u00e4ndler schnell und erfolgreich zum Kaufabschluss kommen \u2013 mit Manheim Express!<\/h3>\t\t\t\t\t\t\t\t<\/div>\n\t\t\t\t<\/div>\n\t\t\t\t<div class=\"elementor-element elementor-element-c37119d elementor-widget elementor-widget-text-editor\" data-id=\"c37119d\" data-element_type=\"widget\" data-widget_type=\"text-editor.default\">\n\t\t\t\t<div class=\"elementor-widget-container\">\n\t\t\t\t\t\t\t\t\t<p>F\u00fcr H\u00e4ndler als auch Privatverk\u00e4ufer ist eine zuverl\u00e4ssige Preisfindung f\u00fcr den jeweiligen Pkw die Voraussetzung f\u00fcr einen guten und schnellen Gesch\u00e4ftsabschluss. Die Herausforderung besteht bei diesem Vorgang darin, einen m\u00f6glichst realistischen Wert f\u00fcr ein Fahrzeug zu ermitteln und gleichzeitig die aktuelle Marktlage und die eigene Unternehmenssituation zu ber\u00fccksichtigen. Obgleich mittlerweile zahlreiche Tools und Plattformen im Internet damit werben, in wenigen Sekunden Preise f\u00fcr einen Pkw zu ermitteln, wei\u00df jeder erfahrene H\u00e4ndler, dass auch die beste Software die Erfahrung und das professionelle Auge des Fachmanns nicht ersetzen k\u00f6nnen.\u00a0<span style=\"font-weight: bolder;\">Manheim Express<\/span>\u00a0hilft H\u00e4ndlern, auch schwierige F\u00e4lle im H\u00e4ndlernetzwerk erfolgreich zu verkaufen.<\/p>\t\t\t\t\t\t\t\t<\/div>\n\t\t\t\t<\/div>\n\t\t\t\t<div class=\"elementor-element elementor-element-76774e4 elementor-widget elementor-widget-button\" data-id=\"76774e4\" data-element_type=\"widget\" data-widget_type=\"button.default\">\n\t\t\t\t<div class=\"elementor-widget-container\">\n\t\t\t\t\t\t\t\t\t<div class=\"elementor-button-wrapper\">\n\t\t\t\t\t<a class=\"elementor-button elementor-button-link elementor-size-lg\" href=\"#\">\n\t\t\t\t\t\t<span class=\"elementor-button-content-wrapper\">\n\t\t\t\t\t\t\t\t\t<span class=\"elementor-button-text\">Mehr Infos finden Sie hier<\/span>\n\t\t\t\t\t<\/span>\n\t\t\t\t\t<\/a>\n\t\t\t\t<\/div>\n\t\t\t\t\t\t\t\t<\/div>\n\t\t\t\t<\/div>\n\t\t\t\t<div class=\"elementor-element elementor-element-93513c7 elementor-widget elementor-widget-image\" data-id=\"93513c7\" data-element_type=\"widget\" data-widget_type=\"image.default\">\n\t\t\t\t<div class=\"elementor-widget-container\">\n\t\t\t\t\t\t\t\t\t\t\t\t\t\t\t<img fetchpriority=\"high\" decoding=\"async\" width=\"800\" height=\"389\" src=\"https:\/\/www.manheim-express.eu\/wp-content\/uploads\/2022\/11\/Manheim-Express-Estate-car.png\" class=\"attachment-large size-large wp-image-14639\" alt=\"\" srcset=\"https:\/\/www.manheim-express.eu\/wp-content\/uploads\/2022\/11\/Manheim-Express-Estate-car.png 1024w, https:\/\/www.manheim-express.eu\/wp-content\/uploads\/2022\/11\/Manheim-Express-Estate-car-300x146.png 300w, https:\/\/www.manheim-express.eu\/wp-content\/uploads\/2022\/11\/Manheim-Express-Estate-car-768x374.png 768w\" sizes=\"(max-width: 800px) 100vw, 800px\" \/>\t\t\t\t\t\t\t\t\t\t\t\t\t\t\t<\/div>\n\t\t\t\t<\/div>\n\t\t\t\t\t<\/div>\n\t\t<\/div>\n\t\t\t\t<div class=\"elementor-column elementor-col-50 elementor-top-column elementor-element elementor-element-213236b\" data-id=\"213236b\" data-element_type=\"column\" data-settings=\"{&quot;background_background&quot;:&quot;classic&quot;}\">\n\t\t\t<div class=\"elementor-widget-wrap elementor-element-populated\">\n\t\t\t\t\t\t<div class=\"elementor-element elementor-element-e50b614 elementor-widget elementor-widget-text-editor\" data-id=\"e50b614\" data-element_type=\"widget\" data-widget_type=\"text-editor.default\">\n\t\t\t\t<div class=\"elementor-widget-container\">\n\t\t\t\t\t\t\t\t\t<h2 class=\"\">Allgemeine Tipps f\u00fcr H\u00e4ndler zur Preisfindung beim Pkw<\/h2>\t\t\t\t\t\t\t\t<\/div>\n\t\t\t\t<\/div>\n\t\t\t\t<div class=\"elementor-element elementor-element-8d896a4 elementor-widget elementor-widget-text-editor\" data-id=\"8d896a4\" data-element_type=\"widget\" data-widget_type=\"text-editor.default\">\n\t\t\t\t<div class=\"elementor-widget-container\">\n\t\t\t\t\t\t\t\t\t<p>Es versteht sich von selbst, dass ein erfahrener H\u00e4ndler leichter einen realistischen Preis f\u00fcr ein Fahrzeug ermitteln kann als ein privater Verk\u00e4ufer mit wenig bis gar keinem Bezug zum Gebrauchtwagenmarkt. Aber auch so mancher H\u00e4ndler tut sich bei der Preisfindung f\u00fcr einen bestimmten Pkw mitunter schwer. Denn jedes Fahrzeug ist in seinem Zustand und seiner Ausstattung einzigartig. F\u00fcr seltene und ungew\u00f6hnlich ausgestattete Modelle ist es naturgem\u00e4\u00df nochmals schwieriger einen realistischen Preis zu ermitteln. Wer sich ein wenig auf dem Gebrauchtwagenmarkt umsieht oder einige Jahre Erfahrung in der Branche hat, stellt schnell fest, dass es die ultimative Methode zur Preisfindung nicht gibt. Denn es ist immer auch die individuelle Situation des Verk\u00e4ufers, die bei der Preisfindung eine Rolle spielt. F\u00fcr den H\u00e4ndler stellen sich beispielsweise Fragen wie: Was habe ich f\u00fcr ein Fahrzeug bezahlt und wie lange ist das her? War es eine Inzahlungnahme? Wie ist meine gegenw\u00e4rtige finanzielle Lage? Brauche ich Platz auf dem Hof? Wie wird der Preis f\u00fcr den Pkw in einigen Monaten aussehen? \u00dcberraschungen kann es immer wieder geben und es sind letztlich diese schwer vorhersehbaren Faktoren, die den Gebrauchtwagenmarkt so spannend machen. Mit\u00a0<span style=\"font-weight: bolder;\">Manheim Express<\/span>\u00a0haben Sie als H\u00e4ndler in jedem Fall eine innovative und zugleich absolut solide Plattform als Partner \u2013 f\u00fcr eine schnelle Kaufabwicklung im B2B-Sektor.<\/p>\t\t\t\t\t\t\t\t<\/div>\n\t\t\t\t<\/div>\n\t\t\t\t<div class=\"elementor-element elementor-element-e9c050a elementor-widget elementor-widget-text-editor\" data-id=\"e9c050a\" data-element_type=\"widget\" data-widget_type=\"text-editor.default\">\n\t\t\t\t<div class=\"elementor-widget-container\">\n\t\t\t\t\t\t\t\t\t<h2 class=\"\">Erfolgreich Verkaufen mit Manheim Express \u2014 so geht es nach der Preisfindung weiter<\/h2>\t\t\t\t\t\t\t\t<\/div>\n\t\t\t\t<\/div>\n\t\t\t\t<div class=\"elementor-element elementor-element-572a03f elementor-widget elementor-widget-text-editor\" data-id=\"572a03f\" data-element_type=\"widget\" data-widget_type=\"text-editor.default\">\n\t\t\t\t<div class=\"elementor-widget-container\">\n\t\t\t\t\t\t\t\t\t<p>Die Preisfindung ist ein hochkomplexes Thema, \u00fcber das sich keine pauschalen Urteile abgeben lassen. W\u00e4hrend Privatk\u00e4ufer und Verk\u00e4ufer mit wenig Markterfahrung deutlich st\u00e4rker auf Tools oder, bei hochpreisigen Fahrzeugen, auch auf Gutachter angewiesen sind, sind H\u00e4ndler h\u00e4ufig besser anhand ihrer Erfahrung in der Lage, einen realistischen Preis zu ermitteln. Bei Privatverk\u00e4ufern kommt zudem oft noch eine emotionale Bindung zum Fahrzeug hinzu, die ihre Preisfindung verzerrt. H\u00e4ndler gehen hier in der Regel deutlich sachlicher an einen Verkauf heran. Doch eine noch so gewissenhafte Preisfindung ist sinnlos, wenn der H\u00e4ndler keinen geeigneten Absatzmarkt f\u00fcr den Pkw findet. Nicht vergessen werden darf auch, dass H\u00e4ndler im t\u00e4glichen Handelsgesch\u00e4ft mit einer Vielzahl von Fahrzeugen konfrontiert werden, die keine gro\u00dfen Gewinnmargen versprechen. So geht es bei Inzahlungnahmen h\u00e4ufig darum, einen Kunden f\u00fcr einen lukrativen Verkauf zu gewinnen, w\u00e4hrend das in Zahlung genommene Fahrzeug kaum gewinnbringendes Potenzial besitzt. F\u00fcr den H\u00e4ndler ist es in solchen F\u00e4llen wichtig, den Pkw schnell und mit der bestm\u00f6glichen Gewinnabsch\u00f6pfung weiterzuverkaufen.\u00a0<span style=\"font-weight: bolder;\">Manheim Express<\/span>\u00a0ist hierf\u00fcr der ideale Partner, denn auf der Plattform lassen sich gebrauchte Pkw schnell im Netzwerk weiterverkaufen \u2014 gew\u00e4hrleistungsfrei von H\u00e4ndler zu H\u00e4ndler.<\/p>\t\t\t\t\t\t\t\t<\/div>\n\t\t\t\t<\/div>\n\t\t\t\t\t<\/div>\n\t\t<\/div>\n\t\t\t\t\t<\/div>\n\t\t<\/section>\n\t\t\t\t<\/div>\n\t\t","protected":false},"excerpt":{"rendered":"<p>Wie geht es weiter nach der Preisfindung? Als H\u00e4ndler schnell und erfolgreich zum Kaufabschluss kommen \u2013 mit Manheim Express! F\u00fcr H\u00e4ndler als auch Privatverk\u00e4ufer ist eine zuverl\u00e4ssige Preisfindung f\u00fcr den jeweiligen Pkw die Voraussetzung f\u00fcr einen guten und schnellen Gesch\u00e4ftsabschluss. Die Herausforderung besteht bei diesem Vorgang darin, einen m\u00f6glichst realistischen Wert f\u00fcr ein Fahrzeug zu [&hellip;]<\/p>\n","protected":false},"author":12,"featured_media":0,"parent":11571,"menu_order":0,"comment_status":"closed","ping_status":"closed","template":"","meta":{"_acf_changed":false,"footnotes":""},"wf_page_folders":[156],"class_list":["post-16577","page","type-page","status-publish","hentry"],"acf":[],"yoast_head":"<!-- This site is optimized with the Yoast SEO plugin v25.8 - https:\/\/yoast.com\/wordpress\/plugins\/seo\/ -->\n<title>Preisfindung Pkw - Manheim Express die neue Auktionsplattform f\u00fcr den KFZ Handel<\/title>\n<meta name=\"description\" content=\"F\u00fcr H\u00e4ndler als auch Privatverk\u00e4ufer ist eine zuverl\u00e4ssige Preisfindung f\u00fcr den jeweiligen Pkw die Voraussetzung f\u00fcr einen guten und schnellen Gesch\u00e4ftsabschluss.\" \/>\n<meta name=\"robots\" content=\"index, follow, max-snippet:-1, max-image-preview:large, max-video-preview:-1\" \/>\n<link rel=\"canonical\" href=\"https:\/\/www.manheim-express.eu\/de\/glossar\/preisfindung-pkw\/\" \/>\n<meta property=\"og:locale\" content=\"de_DE\" \/>\n<meta property=\"og:type\" content=\"article\" \/>\n<meta property=\"og:title\" content=\"Preisfindung Pkw - Manheim Express die neue Auktionsplattform f\u00fcr den KFZ Handel\" \/>\n<meta property=\"og:description\" content=\"F\u00fcr H\u00e4ndler als auch Privatverk\u00e4ufer ist eine zuverl\u00e4ssige Preisfindung f\u00fcr den jeweiligen Pkw die Voraussetzung f\u00fcr einen guten und schnellen Gesch\u00e4ftsabschluss.\" \/>\n<meta property=\"og:url\" content=\"https:\/\/www.manheim-express.eu\/de\/glossar\/preisfindung-pkw\/\" \/>\n<meta property=\"og:site_name\" content=\"Manheim Express\" \/>\n<meta property=\"article:publisher\" content=\"https:\/\/www.facebook.com\/manheimexpresseurope\/\" \/>\n<meta property=\"article:modified_time\" content=\"2024-01-15T16:45:59+00:00\" \/>\n<meta property=\"og:image\" content=\"https:\/\/www.manheim-express.eu\/wp-content\/uploads\/2022\/11\/Manheim-Express-Estate-car.png\" \/>\n<meta name=\"twitter:card\" content=\"summary_large_image\" \/>\n<meta name=\"twitter:label1\" content=\"Gesch\u00e4tzte Lesezeit\" \/>\n\t<meta name=\"twitter:data1\" content=\"3\u00a0Minuten\" \/>\n<script type=\"application\/ld+json\" class=\"yoast-schema-graph\">{\"@context\":\"https:\/\/schema.org\",\"@graph\":[{\"@type\":\"WebPage\",\"@id\":\"https:\/\/www.manheim-express.eu\/de\/glossar\/preisfindung-pkw\/\",\"url\":\"https:\/\/www.manheim-express.eu\/de\/glossar\/preisfindung-pkw\/\",\"name\":\"Preisfindung Pkw - Manheim Express die neue Auktionsplattform f\u00fcr den KFZ Handel\",\"isPartOf\":{\"@id\":\"https:\/\/www.manheim-express.eu\/de\/#website\"},\"primaryImageOfPage\":{\"@id\":\"https:\/\/www.manheim-express.eu\/de\/glossar\/preisfindung-pkw\/#primaryimage\"},\"image\":{\"@id\":\"https:\/\/www.manheim-express.eu\/de\/glossar\/preisfindung-pkw\/#primaryimage\"},\"thumbnailUrl\":\"https:\/\/www.manheim-express.eu\/wp-content\/uploads\/2022\/11\/Manheim-Express-Estate-car.png\",\"datePublished\":\"2024-01-15T16:45:58+00:00\",\"dateModified\":\"2024-01-15T16:45:59+00:00\",\"description\":\"F\u00fcr H\u00e4ndler als auch Privatverk\u00e4ufer ist eine zuverl\u00e4ssige Preisfindung f\u00fcr den jeweiligen Pkw die Voraussetzung f\u00fcr einen guten und schnellen Gesch\u00e4ftsabschluss.\",\"breadcrumb\":{\"@id\":\"https:\/\/www.manheim-express.eu\/de\/glossar\/preisfindung-pkw\/#breadcrumb\"},\"inLanguage\":\"de\",\"potentialAction\":[{\"@type\":\"ReadAction\",\"target\":[\"https:\/\/www.manheim-express.eu\/de\/glossar\/preisfindung-pkw\/\"]}]},{\"@type\":\"ImageObject\",\"inLanguage\":\"de\",\"@id\":\"https:\/\/www.manheim-express.eu\/de\/glossar\/preisfindung-pkw\/#primaryimage\",\"url\":\"https:\/\/www.manheim-express.eu\/wp-content\/uploads\/2022\/11\/Manheim-Express-Estate-car.png\",\"contentUrl\":\"https:\/\/www.manheim-express.eu\/wp-content\/uploads\/2022\/11\/Manheim-Express-Estate-car.png\"},{\"@type\":\"BreadcrumbList\",\"@id\":\"https:\/\/www.manheim-express.eu\/de\/glossar\/preisfindung-pkw\/#breadcrumb\",\"itemListElement\":[{\"@type\":\"ListItem\",\"position\":1,\"name\":\"Home\",\"item\":\"https:\/\/www.manheim-express.eu\/de\/\"},{\"@type\":\"ListItem\",\"position\":2,\"name\":\"Glossar\",\"item\":\"https:\/\/www.manheim-express.eu\/de\/glossar\/\"},{\"@type\":\"ListItem\",\"position\":3,\"name\":\"Preisfindung Pkw\"}]},{\"@type\":\"WebSite\",\"@id\":\"https:\/\/www.manheim-express.eu\/de\/#website\",\"url\":\"https:\/\/www.manheim-express.eu\/de\/\",\"name\":\"Manheim Express\",\"description\":\"\",\"publisher\":{\"@id\":\"https:\/\/www.manheim-express.eu\/de\/#organization\"},\"potentialAction\":[{\"@type\":\"SearchAction\",\"target\":{\"@type\":\"EntryPoint\",\"urlTemplate\":\"https:\/\/www.manheim-express.eu\/de\/?s={search_term_string}\"},\"query-input\":{\"@type\":\"PropertyValueSpecification\",\"valueRequired\":true,\"valueName\":\"search_term_string\"}}],\"inLanguage\":\"de\"},{\"@type\":\"Organization\",\"@id\":\"https:\/\/www.manheim-express.eu\/de\/#organization\",\"name\":\"Manheim Express\",\"url\":\"https:\/\/www.manheim-express.eu\/de\/\",\"logo\":{\"@type\":\"ImageObject\",\"inLanguage\":\"de\",\"@id\":\"https:\/\/www.manheim-express.eu\/de\/#\/schema\/logo\/image\/\",\"url\":\"https:\/\/www.manheim-express.eu\/wp-content\/uploads\/2021\/07\/manheim-express-logo-light.png\",\"contentUrl\":\"https:\/\/www.manheim-express.eu\/wp-content\/uploads\/2021\/07\/manheim-express-logo-light.png\",\"width\":1163,\"height\":392,\"caption\":\"Manheim Express\"},\"image\":{\"@id\":\"https:\/\/www.manheim-express.eu\/de\/#\/schema\/logo\/image\/\"},\"sameAs\":[\"https:\/\/www.facebook.com\/manheimexpresseurope\/\",\"https:\/\/www.instagram.com\/manheim.express\",\"https:\/\/www.linkedin.com\/company\/manheim-express\/\",\"https:\/\/www.youtube.com\/channel\/UCRKJajJPvJv-ao7Tk7qra5Q\/\"]}]}<\/script>\n<!-- \/ Yoast SEO plugin. -->","yoast_head_json":{"title":"Preisfindung Pkw - Manheim Express die neue Auktionsplattform f\u00fcr den KFZ Handel","description":"F\u00fcr H\u00e4ndler als auch Privatverk\u00e4ufer ist eine zuverl\u00e4ssige Preisfindung f\u00fcr den jeweiligen Pkw die Voraussetzung f\u00fcr einen guten und schnellen Gesch\u00e4ftsabschluss.","robots":{"index":"index","follow":"follow","max-snippet":"max-snippet:-1","max-image-preview":"max-image-preview:large","max-video-preview":"max-video-preview:-1"},"canonical":"https:\/\/www.manheim-express.eu\/de\/glossar\/preisfindung-pkw\/","og_locale":"de_DE","og_type":"article","og_title":"Preisfindung Pkw - Manheim Express die neue Auktionsplattform f\u00fcr den KFZ Handel","og_description":"F\u00fcr H\u00e4ndler als auch Privatverk\u00e4ufer ist eine zuverl\u00e4ssige Preisfindung f\u00fcr den jeweiligen Pkw die Voraussetzung f\u00fcr einen guten und schnellen Gesch\u00e4ftsabschluss.","og_url":"https:\/\/www.manheim-express.eu\/de\/glossar\/preisfindung-pkw\/","og_site_name":"Manheim Express","article_publisher":"https:\/\/www.facebook.com\/manheimexpresseurope\/","article_modified_time":"2024-01-15T16:45:59+00:00","og_image":[{"url":"https:\/\/www.manheim-express.eu\/wp-content\/uploads\/2022\/11\/Manheim-Express-Estate-car.png","type":"","width":"","height":""}],"twitter_card":"summary_large_image","twitter_misc":{"Gesch\u00e4tzte Lesezeit":"3\u00a0Minuten"},"schema":{"@context":"https:\/\/schema.org","@graph":[{"@type":"WebPage","@id":"https:\/\/www.manheim-express.eu\/de\/glossar\/preisfindung-pkw\/","url":"https:\/\/www.manheim-express.eu\/de\/glossar\/preisfindung-pkw\/","name":"Preisfindung Pkw - Manheim Express die neue Auktionsplattform f\u00fcr den KFZ Handel","isPartOf":{"@id":"https:\/\/www.manheim-express.eu\/de\/#website"},"primaryImageOfPage":{"@id":"https:\/\/www.manheim-express.eu\/de\/glossar\/preisfindung-pkw\/#primaryimage"},"image":{"@id":"https:\/\/www.manheim-express.eu\/de\/glossar\/preisfindung-pkw\/#primaryimage"},"thumbnailUrl":"https:\/\/www.manheim-express.eu\/wp-content\/uploads\/2022\/11\/Manheim-Express-Estate-car.png","datePublished":"2024-01-15T16:45:58+00:00","dateModified":"2024-01-15T16:45:59+00:00","description":"F\u00fcr H\u00e4ndler als auch Privatverk\u00e4ufer ist eine zuverl\u00e4ssige Preisfindung f\u00fcr den jeweiligen Pkw die Voraussetzung f\u00fcr einen guten und schnellen Gesch\u00e4ftsabschluss.","breadcrumb":{"@id":"https:\/\/www.manheim-express.eu\/de\/glossar\/preisfindung-pkw\/#breadcrumb"},"inLanguage":"de","potentialAction":[{"@type":"ReadAction","target":["https:\/\/www.manheim-express.eu\/de\/glossar\/preisfindung-pkw\/"]}]},{"@type":"ImageObject","inLanguage":"de","@id":"https:\/\/www.manheim-express.eu\/de\/glossar\/preisfindung-pkw\/#primaryimage","url":"https:\/\/www.manheim-express.eu\/wp-content\/uploads\/2022\/11\/Manheim-Express-Estate-car.png","contentUrl":"https:\/\/www.manheim-express.eu\/wp-content\/uploads\/2022\/11\/Manheim-Express-Estate-car.png"},{"@type":"BreadcrumbList","@id":"https:\/\/www.manheim-express.eu\/de\/glossar\/preisfindung-pkw\/#breadcrumb","itemListElement":[{"@type":"ListItem","position":1,"name":"Home","item":"https:\/\/www.manheim-express.eu\/de\/"},{"@type":"ListItem","position":2,"name":"Glossar","item":"https:\/\/www.manheim-express.eu\/de\/glossar\/"},{"@type":"ListItem","position":3,"name":"Preisfindung Pkw"}]},{"@type":"WebSite","@id":"https:\/\/www.manheim-express.eu\/de\/#website","url":"https:\/\/www.manheim-express.eu\/de\/","name":"Manheim Express","description":"","publisher":{"@id":"https:\/\/www.manheim-express.eu\/de\/#organization"},"potentialAction":[{"@type":"SearchAction","target":{"@type":"EntryPoint","urlTemplate":"https:\/\/www.manheim-express.eu\/de\/?s={search_term_string}"},"query-input":{"@type":"PropertyValueSpecification","valueRequired":true,"valueName":"search_term_string"}}],"inLanguage":"de"},{"@type":"Organization","@id":"https:\/\/www.manheim-express.eu\/de\/#organization","name":"Manheim Express","url":"https:\/\/www.manheim-express.eu\/de\/","logo":{"@type":"ImageObject","inLanguage":"de","@id":"https:\/\/www.manheim-express.eu\/de\/#\/schema\/logo\/image\/","url":"https:\/\/www.manheim-express.eu\/wp-content\/uploads\/2021\/07\/manheim-express-logo-light.png","contentUrl":"https:\/\/www.manheim-express.eu\/wp-content\/uploads\/2021\/07\/manheim-express-logo-light.png","width":1163,"height":392,"caption":"Manheim Express"},"image":{"@id":"https:\/\/www.manheim-express.eu\/de\/#\/schema\/logo\/image\/"},"sameAs":["https:\/\/www.facebook.com\/manheimexpresseurope\/","https:\/\/www.instagram.com\/manheim.express","https:\/\/www.linkedin.com\/company\/manheim-express\/","https:\/\/www.youtube.com\/channel\/UCRKJajJPvJv-ao7Tk7qra5Q\/"]}]}},"_links":{"self":[{"href":"https:\/\/www.manheim-express.eu\/de\/wp-json\/wp\/v2\/pages\/16577","targetHints":{"allow":["GET"]}}],"collection":[{"href":"https:\/\/www.manheim-express.eu\/de\/wp-json\/wp\/v2\/pages"}],"about":[{"href":"https:\/\/www.manheim-express.eu\/de\/wp-json\/wp\/v2\/types\/page"}],"author":[{"embeddable":true,"href":"https:\/\/www.manheim-express.eu\/de\/wp-json\/wp\/v2\/users\/12"}],"replies":[{"embeddable":true,"href":"https:\/\/www.manheim-express.eu\/de\/wp-json\/wp\/v2\/comments?post=16577"}],"version-history":[{"count":7,"href":"https:\/\/www.manheim-express.eu\/de\/wp-json\/wp\/v2\/pages\/16577\/revisions"}],"predecessor-version":[{"id":16892,"href":"https:\/\/www.manheim-express.eu\/de\/wp-json\/wp\/v2\/pages\/16577\/revisions\/16892"}],"up":[{"embeddable":true,"href":"https:\/\/www.manheim-express.eu\/de\/wp-json\/wp\/v2\/pages\/11571"}],"wp:attachment":[{"href":"https:\/\/www.manheim-express.eu\/de\/wp-json\/wp\/v2\/media?parent=16577"}],"wp:term":[{"taxonomy":"wf_page_folders","embeddable":true,"href":"https:\/\/www.manheim-express.eu\/de\/wp-json\/wp\/v2\/wf_page_folders?post=16577"}],"curies":[{"name":"wp","href":"https:\/\/api.w.org\/{rel}","templated":true}]}}