{"id":16569,"date":"2024-01-15T16:44:31","date_gmt":"2024-01-15T16:44:31","guid":{"rendered":"https:\/\/www.manheim-express.eu\/?page_id=16569"},"modified":"2024-01-15T16:44:33","modified_gmt":"2024-01-15T16:44:33","slug":"portal-fur-autohandler","status":"publish","type":"page","link":"https:\/\/www.manheim-express.eu\/de\/glossar\/portal-fur-autohandler\/","title":{"rendered":"Portal f\u00fcr Autoh\u00e4ndler"},"content":{"rendered":"\t\t<div data-elementor-type=\"wp-page\" data-elementor-id=\"16569\" class=\"elementor elementor-16569\" data-elementor-post-type=\"page\">\n\t\t\t\t\t\t<section class=\"elementor-section elementor-top-section elementor-element elementor-element-5ad223c elementor-section-full_width elementor-section-stretched elementor-section-height-default elementor-section-height-default\" data-id=\"5ad223c\" data-element_type=\"section\" data-settings=\"{&quot;stretch_section&quot;:&quot;section-stretched&quot;}\">\n\t\t\t\t\t\t<div class=\"elementor-container elementor-column-gap-default\">\n\t\t\t\t\t<div class=\"elementor-column elementor-col-50 elementor-top-column elementor-element elementor-element-d3b519c\" data-id=\"d3b519c\" data-element_type=\"column\" data-settings=\"{&quot;background_background&quot;:&quot;classic&quot;}\">\n\t\t\t<div class=\"elementor-widget-wrap elementor-element-populated\">\n\t\t\t\t\t\t<div class=\"elementor-element elementor-element-036dc3a elementor-widget elementor-widget-text-editor\" data-id=\"036dc3a\" data-element_type=\"widget\" data-widget_type=\"text-editor.default\">\n\t\t\t\t<div class=\"elementor-widget-container\">\n\t\t\t\t\t\t\t\t\t<h2>Welches Portal f\u00fcr H\u00e4ndler passt zu Ihnen?<\/h2>\t\t\t\t\t\t\t\t<\/div>\n\t\t\t\t<\/div>\n\t\t\t\t<div class=\"elementor-element elementor-element-21c3353 elementor-widget elementor-widget-text-editor\" data-id=\"21c3353\" data-element_type=\"widget\" data-widget_type=\"text-editor.default\">\n\t\t\t\t<div class=\"elementor-widget-container\">\n\t\t\t\t\t\t\t\t\t<h3 class=\"\">Manheim Express zeigt Ihnen, worauf es ankommt<\/h3>\t\t\t\t\t\t\t\t<\/div>\n\t\t\t\t<\/div>\n\t\t\t\t<div class=\"elementor-element elementor-element-c37119d elementor-widget elementor-widget-text-editor\" data-id=\"c37119d\" data-element_type=\"widget\" data-widget_type=\"text-editor.default\">\n\t\t\t\t<div class=\"elementor-widget-container\">\n\t\t\t\t\t\t\t\t\t<p>Viele\u00a0<strong>Autoh\u00e4ndler<\/strong>, die ihr Gebrauchtwagengesch\u00e4ft beleben und beschleunigen wollen, stehen vor der Frage, welches\u00a0<strong>Portal\u00a0<\/strong>sie nutzen sollen. L\u00e4sst sich die Auktionsplattform an unterschiedliche Verkaufsstrategien und Marktlagen anpassen? Wo stimmt der Service und sind die Geb\u00fchren transparent und fair geregelt? Ein sorgf\u00e4ltiges Vergleichen der Anbieter kann hier aufschlussreich sein, kostet\u00a0<strong>H\u00e4ndler und Autoh\u00e4user\u00a0<\/strong>aber viel Zeit. Im Folgenden zeigen wir Ihnen, warum Sie als Autoh\u00e4ndler bei\u00a0<span style=\"font-weight: bolder;\">Manheim Express<\/span>\u00a0gut aufgehoben sind und wie Sie unser\u00a0<strong>Einkaufsportal<\/strong>\u00a0optimal nutzen.<\/p>\t\t\t\t\t\t\t\t<\/div>\n\t\t\t\t<\/div>\n\t\t\t\t<div class=\"elementor-element elementor-element-76774e4 elementor-widget elementor-widget-button\" data-id=\"76774e4\" data-element_type=\"widget\" data-widget_type=\"button.default\">\n\t\t\t\t<div class=\"elementor-widget-container\">\n\t\t\t\t\t\t\t\t\t<div class=\"elementor-button-wrapper\">\n\t\t\t\t\t<a class=\"elementor-button elementor-button-link elementor-size-lg\" href=\"#\">\n\t\t\t\t\t\t<span class=\"elementor-button-content-wrapper\">\n\t\t\t\t\t\t\t\t\t<span class=\"elementor-button-text\">Mehr Infos finden Sie hier<\/span>\n\t\t\t\t\t<\/span>\n\t\t\t\t\t<\/a>\n\t\t\t\t<\/div>\n\t\t\t\t\t\t\t\t<\/div>\n\t\t\t\t<\/div>\n\t\t\t\t<div class=\"elementor-element elementor-element-93513c7 elementor-widget elementor-widget-image\" data-id=\"93513c7\" data-element_type=\"widget\" data-widget_type=\"image.default\">\n\t\t\t\t<div class=\"elementor-widget-container\">\n\t\t\t\t\t\t\t\t\t\t\t\t\t\t\t<img fetchpriority=\"high\" decoding=\"async\" width=\"800\" height=\"389\" src=\"https:\/\/www.manheim-express.eu\/wp-content\/uploads\/2022\/11\/Manheim-Express-Estate-car.png\" class=\"attachment-large size-large wp-image-14639\" alt=\"\" srcset=\"https:\/\/www.manheim-express.eu\/wp-content\/uploads\/2022\/11\/Manheim-Express-Estate-car.png 1024w, https:\/\/www.manheim-express.eu\/wp-content\/uploads\/2022\/11\/Manheim-Express-Estate-car-300x146.png 300w, https:\/\/www.manheim-express.eu\/wp-content\/uploads\/2022\/11\/Manheim-Express-Estate-car-768x374.png 768w\" sizes=\"(max-width: 800px) 100vw, 800px\" \/>\t\t\t\t\t\t\t\t\t\t\t\t\t\t\t<\/div>\n\t\t\t\t<\/div>\n\t\t\t\t\t<\/div>\n\t\t<\/div>\n\t\t\t\t<div class=\"elementor-column elementor-col-50 elementor-top-column elementor-element elementor-element-213236b\" data-id=\"213236b\" data-element_type=\"column\" data-settings=\"{&quot;background_background&quot;:&quot;classic&quot;}\">\n\t\t\t<div class=\"elementor-widget-wrap elementor-element-populated\">\n\t\t\t\t\t\t<div class=\"elementor-element elementor-element-e50b614 elementor-widget elementor-widget-text-editor\" data-id=\"e50b614\" data-element_type=\"widget\" data-widget_type=\"text-editor.default\">\n\t\t\t\t<div class=\"elementor-widget-container\">\n\t\t\t\t\t\t\t\t\t<h2 class=\"\">Worauf Sie als Autoh\u00e4ndler vor der Anmeldung bei einem Portal achten sollten<\/h2>\t\t\t\t\t\t\t\t<\/div>\n\t\t\t\t<\/div>\n\t\t\t\t<div class=\"elementor-element elementor-element-8d896a4 elementor-widget elementor-widget-text-editor\" data-id=\"8d896a4\" data-element_type=\"widget\" data-widget_type=\"text-editor.default\">\n\t\t\t\t<div class=\"elementor-widget-container\">\n\t\t\t\t\t\t\t\t\t<p><strong>Einkaufsportale f\u00fcr Autoh\u00e4ndler<\/strong>\u00a0sind aus dem professionellen Handel mit Gebrauchtwagen nicht mehr wegzudenken. Allerdings bestehen erhebliche Unterschiede zwischen den verschiedenen Anbietern hinsichtlich Service, Bedienkomfort und Geb\u00fchren.\u00a0<strong>H\u00e4ndler,<\/strong>\u00a0die ihr Gesch\u00e4ft mit dem gezielten Zukauf von Fahrzeugen in einem Einkaufsportal beleben wollen, oder in Erw\u00e4gung ziehen, die Plattform zu wechseln, sind daher gut beraten, bereits im Vorfeld die Konditionen des jeweiligen Anbieters genau unter die Lupe zu nehmen. Bereits bei den ersten Erkundigungen \u00fcber den Anbieter, auf dessen Website, kann der\u00a0<strong>Autoh\u00e4ndler<\/strong>\u00a0Schl\u00fcsse \u00fcber die zuk\u00fcnftige Zusammenarbeit mit dem Einkaufsportal ziehen.<\/p>\t\t\t\t\t\t\t\t<\/div>\n\t\t\t\t<\/div>\n\t\t\t\t<div class=\"elementor-element elementor-element-e9c050a elementor-widget elementor-widget-text-editor\" data-id=\"e9c050a\" data-element_type=\"widget\" data-widget_type=\"text-editor.default\">\n\t\t\t\t<div class=\"elementor-widget-container\">\n\t\t\t\t\t\t\t\t\t<h2 class=\"\">Transparenz und Benutzerfreundlichkeit<\/h2>\t\t\t\t\t\t\t\t<\/div>\n\t\t\t\t<\/div>\n\t\t\t\t<div class=\"elementor-element elementor-element-572a03f elementor-widget elementor-widget-text-editor\" data-id=\"572a03f\" data-element_type=\"widget\" data-widget_type=\"text-editor.default\">\n\t\t\t\t<div class=\"elementor-widget-container\">\n\t\t\t\t\t\t\t\t\t<p>So wird ein auf den ersten Blick un\u00fcbersichtliches und umst\u00e4ndlich zu navigierendes\u00a0<strong>Portal<\/strong>\u00a0dem\u00a0<strong>H\u00e4ndler<\/strong>vermutlich in der t\u00e4glichen Arbeit eher M\u00fche machen und Nerven kosten. Gut strukturierte und sauber aufgebaute Seiten mit einer klaren Men\u00fcf\u00fchrung versprechen dagegen ein fl\u00fcssiges und effektives Arbeiten. Nach diesem ersten Eindruck bez\u00fcglich der Benutzerfreundlichkeit solle der\u00a0<strong>Autoh\u00e4ndler<\/strong>\u00a0einen genauen Blick auf die Vollst\u00e4ndigkeit der zur Verf\u00fcgung stehenden Informationen werfen. Es lohnt sich in diesem Schritt einen genaueren Blick in die Allgemeinen Gesch\u00e4ftsbedingungen und alle zur Verf\u00fcgung stehenden Bestimmungen zu werfen. Seri\u00f6se und benutzerfreundliche Einkaufsportale wie\u00a0<span style=\"font-weight: bolder;\">Manheim Express<\/span>\u00a0werden immer transparente, vollst\u00e4ndige und klare Formulierungen und Bestimmungen liefern. Fehlen stattdessen wichtige Informationen oder finden sich nach wiederholtem Lesen verklausulierte Bestimmungen zuungunsten der Nutzer, sollte von der Anmeldung bei diesem Einkaufsportal Abstand genommen werden.<\/p>\t\t\t\t\t\t\t\t<\/div>\n\t\t\t\t<\/div>\n\t\t\t\t<div class=\"elementor-element elementor-element-79d9220 elementor-widget elementor-widget-text-editor\" data-id=\"79d9220\" data-element_type=\"widget\" data-widget_type=\"text-editor.default\">\n\t\t\t\t<div class=\"elementor-widget-container\">\n\t\t\t\t\t\t\t\t\t<h2 class=\"\">Was sollte ein professionelles Portal f\u00fcr Autoh\u00e4ndler leisten?<\/h2>\t\t\t\t\t\t\t\t<\/div>\n\t\t\t\t<\/div>\n\t\t\t\t<div class=\"elementor-element elementor-element-af470d2 elementor-widget elementor-widget-text-editor\" data-id=\"af470d2\" data-element_type=\"widget\" data-widget_type=\"text-editor.default\">\n\t\t\t\t<div class=\"elementor-widget-container\">\n\t\t\t\t\t\t\t\t\t<p>Wie Sie gesehen haben, kann bereits vor der Anmeldung bei einem&nbsp;<strong>Einkaufsportal&nbsp;<\/strong>durch den Autoh\u00e4ndler anhand von bestimmten Merkmalen auf die zuk\u00fcnftige Zusammenarbeit geschlossen werden. Hat sich der&nbsp;<strong>Autoh\u00e4ndler<\/strong>&nbsp;nach gr\u00fcndlicher Begutachtung f\u00fcr die Anmeldung bei einem&nbsp;<strong>Portal&nbsp;<\/strong>entschieden, beginnt die n\u00e4chste Phase der Pr\u00fcfung der Plattform f\u00fcr gebrauchte Pkw. Hier sollte unbedingt darauf geachtet werden, dass der Einstellungsprozess und das Erstellen der Auktionsinserate mit m\u00f6glichst wenig Aufwand verbunden ist.&nbsp;<span style=\"font-weight: bolder;\">Manheim Express<\/span>&nbsp;bietet seinen Kunden hier die sehr komfortable M\u00f6glichkeit der automatischen Erstellung der Auktionsinserate an. Die manuelle Erstellung oder die \u00dcbernahme dieser Arbeiten durch&nbsp;<span style=\"font-weight: bolder;\">Manheim Express<\/span>&nbsp;sind ebenfalls bei Bedarf m\u00f6glich. Hier zeigt sich ein weiterer Qualit\u00e4tspunkt, den<strong>&nbsp;Autoh\u00e4ndler&nbsp;<\/strong>bei der Suche nach dem passenden&nbsp;<strong>P<\/strong><strong>ortal<\/strong>&nbsp;beachten sollten: Dem Nutzer sollte m\u00f6glichst viel Freiheit gelassen werden, seine Gesch\u00e4ftst\u00e4tigkeiten so flexibel wie m\u00f6glich zu gestalten. Gesch\u00e4ftsmodelle und Verkaufsstrategien \u00e4ndern sich im Laufe der Zeit und das Einkaufsportal sollte daher in dieser Hinsicht anpassungsf\u00e4hig sein. Einen klaren Vorteil bieten hier Einkaufsportale wie&nbsp;<span style=\"font-weight: bolder;\">Manheim Express<\/span>, die dem H\u00e4ndler nicht nur Service, Beratung und zuverl\u00e4ssige Ansprechpartner bieten, sondern auch ausgesprochen flexible Einstellm\u00f6glichkeiten. Im Gegensatz zu vielen anderen Portalen haben Sie es hier mit einem Team echter Profis zu tun, deren Herz f\u00fcr professionellen und zeitgem\u00e4\u00dfen Autohandel schl\u00e4gt.<\/p>\t\t\t\t\t\t\t\t<\/div>\n\t\t\t\t<\/div>\n\t\t\t\t\t<\/div>\n\t\t<\/div>\n\t\t\t\t\t<\/div>\n\t\t<\/section>\n\t\t\t\t<\/div>\n\t\t","protected":false},"excerpt":{"rendered":"<p>Welches Portal f\u00fcr H\u00e4ndler passt zu Ihnen? Manheim Express zeigt Ihnen, worauf es ankommt Viele\u00a0Autoh\u00e4ndler, die ihr Gebrauchtwagengesch\u00e4ft beleben und beschleunigen wollen, stehen vor der Frage, welches\u00a0Portal\u00a0sie nutzen sollen. L\u00e4sst sich die Auktionsplattform an unterschiedliche Verkaufsstrategien und Marktlagen anpassen? Wo stimmt der Service und sind die Geb\u00fchren transparent und fair geregelt? Ein sorgf\u00e4ltiges Vergleichen der [&hellip;]<\/p>\n","protected":false},"author":12,"featured_media":0,"parent":11571,"menu_order":0,"comment_status":"closed","ping_status":"closed","template":"","meta":{"_acf_changed":false,"footnotes":""},"wf_page_folders":[156],"class_list":["post-16569","page","type-page","status-publish","hentry"],"acf":[],"yoast_head":"<!-- This site is optimized with the Yoast SEO plugin v25.8 - https:\/\/yoast.com\/wordpress\/plugins\/seo\/ -->\n<title>Portal f\u00fcr Autoh\u00e4ndler - Manheim Express die neue Auktionsplattform f\u00fcr den KFZ Handel<\/title>\n<meta name=\"description\" content=\"Manheim Express ist das B2B Portal f\u00fcr Autoh\u00e4ndler. F\u00fcr H\u00e4ndler zum professionellen Handel mit Gebrauchtwagen. Schnell, sicher und extrem benutzerfreundlich.\" \/>\n<meta name=\"robots\" content=\"index, follow, max-snippet:-1, max-image-preview:large, max-video-preview:-1\" \/>\n<link rel=\"canonical\" href=\"https:\/\/www.manheim-express.eu\/de\/glossar\/portal-fur-autohandler\/\" \/>\n<meta property=\"og:locale\" content=\"de_DE\" \/>\n<meta property=\"og:type\" content=\"article\" \/>\n<meta property=\"og:title\" content=\"Portal f\u00fcr Autoh\u00e4ndler - Manheim Express die neue Auktionsplattform f\u00fcr den KFZ Handel\" \/>\n<meta property=\"og:description\" content=\"Manheim Express ist das B2B Portal f\u00fcr Autoh\u00e4ndler. F\u00fcr H\u00e4ndler zum professionellen Handel mit Gebrauchtwagen. Schnell, sicher und extrem benutzerfreundlich.\" \/>\n<meta property=\"og:url\" content=\"https:\/\/www.manheim-express.eu\/de\/glossar\/portal-fur-autohandler\/\" \/>\n<meta property=\"og:site_name\" content=\"Manheim Express\" \/>\n<meta property=\"article:publisher\" content=\"https:\/\/www.facebook.com\/manheimexpresseurope\/\" \/>\n<meta property=\"article:modified_time\" content=\"2024-01-15T16:44:33+00:00\" \/>\n<meta property=\"og:image\" content=\"https:\/\/www.manheim-express.eu\/wp-content\/uploads\/2022\/11\/Manheim-Express-Estate-car.png\" \/>\n<meta name=\"twitter:card\" content=\"summary_large_image\" \/>\n<meta name=\"twitter:label1\" content=\"Gesch\u00e4tzte Lesezeit\" \/>\n\t<meta name=\"twitter:data1\" content=\"3\u00a0Minuten\" \/>\n<script type=\"application\/ld+json\" class=\"yoast-schema-graph\">{\"@context\":\"https:\/\/schema.org\",\"@graph\":[{\"@type\":\"WebPage\",\"@id\":\"https:\/\/www.manheim-express.eu\/de\/glossar\/portal-fur-autohandler\/\",\"url\":\"https:\/\/www.manheim-express.eu\/de\/glossar\/portal-fur-autohandler\/\",\"name\":\"Portal f\u00fcr Autoh\u00e4ndler - Manheim Express die neue Auktionsplattform f\u00fcr den KFZ Handel\",\"isPartOf\":{\"@id\":\"https:\/\/www.manheim-express.eu\/de\/#website\"},\"primaryImageOfPage\":{\"@id\":\"https:\/\/www.manheim-express.eu\/de\/glossar\/portal-fur-autohandler\/#primaryimage\"},\"image\":{\"@id\":\"https:\/\/www.manheim-express.eu\/de\/glossar\/portal-fur-autohandler\/#primaryimage\"},\"thumbnailUrl\":\"https:\/\/www.manheim-express.eu\/wp-content\/uploads\/2022\/11\/Manheim-Express-Estate-car.png\",\"datePublished\":\"2024-01-15T16:44:31+00:00\",\"dateModified\":\"2024-01-15T16:44:33+00:00\",\"description\":\"Manheim Express ist das B2B Portal f\u00fcr Autoh\u00e4ndler. F\u00fcr H\u00e4ndler zum professionellen Handel mit Gebrauchtwagen. Schnell, sicher und extrem benutzerfreundlich.\",\"breadcrumb\":{\"@id\":\"https:\/\/www.manheim-express.eu\/de\/glossar\/portal-fur-autohandler\/#breadcrumb\"},\"inLanguage\":\"de\",\"potentialAction\":[{\"@type\":\"ReadAction\",\"target\":[\"https:\/\/www.manheim-express.eu\/de\/glossar\/portal-fur-autohandler\/\"]}]},{\"@type\":\"ImageObject\",\"inLanguage\":\"de\",\"@id\":\"https:\/\/www.manheim-express.eu\/de\/glossar\/portal-fur-autohandler\/#primaryimage\",\"url\":\"https:\/\/www.manheim-express.eu\/wp-content\/uploads\/2022\/11\/Manheim-Express-Estate-car.png\",\"contentUrl\":\"https:\/\/www.manheim-express.eu\/wp-content\/uploads\/2022\/11\/Manheim-Express-Estate-car.png\"},{\"@type\":\"BreadcrumbList\",\"@id\":\"https:\/\/www.manheim-express.eu\/de\/glossar\/portal-fur-autohandler\/#breadcrumb\",\"itemListElement\":[{\"@type\":\"ListItem\",\"position\":1,\"name\":\"Home\",\"item\":\"https:\/\/www.manheim-express.eu\/de\/\"},{\"@type\":\"ListItem\",\"position\":2,\"name\":\"Glossar\",\"item\":\"https:\/\/www.manheim-express.eu\/de\/glossar\/\"},{\"@type\":\"ListItem\",\"position\":3,\"name\":\"Portal f\u00fcr Autoh\u00e4ndler\"}]},{\"@type\":\"WebSite\",\"@id\":\"https:\/\/www.manheim-express.eu\/de\/#website\",\"url\":\"https:\/\/www.manheim-express.eu\/de\/\",\"name\":\"Manheim Express\",\"description\":\"\",\"publisher\":{\"@id\":\"https:\/\/www.manheim-express.eu\/de\/#organization\"},\"potentialAction\":[{\"@type\":\"SearchAction\",\"target\":{\"@type\":\"EntryPoint\",\"urlTemplate\":\"https:\/\/www.manheim-express.eu\/de\/?s={search_term_string}\"},\"query-input\":{\"@type\":\"PropertyValueSpecification\",\"valueRequired\":true,\"valueName\":\"search_term_string\"}}],\"inLanguage\":\"de\"},{\"@type\":\"Organization\",\"@id\":\"https:\/\/www.manheim-express.eu\/de\/#organization\",\"name\":\"Manheim Express\",\"url\":\"https:\/\/www.manheim-express.eu\/de\/\",\"logo\":{\"@type\":\"ImageObject\",\"inLanguage\":\"de\",\"@id\":\"https:\/\/www.manheim-express.eu\/de\/#\/schema\/logo\/image\/\",\"url\":\"https:\/\/www.manheim-express.eu\/wp-content\/uploads\/2021\/07\/manheim-express-logo-light.png\",\"contentUrl\":\"https:\/\/www.manheim-express.eu\/wp-content\/uploads\/2021\/07\/manheim-express-logo-light.png\",\"width\":1163,\"height\":392,\"caption\":\"Manheim Express\"},\"image\":{\"@id\":\"https:\/\/www.manheim-express.eu\/de\/#\/schema\/logo\/image\/\"},\"sameAs\":[\"https:\/\/www.facebook.com\/manheimexpresseurope\/\",\"https:\/\/www.instagram.com\/manheim.express\",\"https:\/\/www.linkedin.com\/company\/manheim-express\/\",\"https:\/\/www.youtube.com\/channel\/UCRKJajJPvJv-ao7Tk7qra5Q\/\"]}]}<\/script>\n<!-- \/ Yoast SEO plugin. -->","yoast_head_json":{"title":"Portal f\u00fcr Autoh\u00e4ndler - Manheim Express die neue Auktionsplattform f\u00fcr den KFZ Handel","description":"Manheim Express ist das B2B Portal f\u00fcr Autoh\u00e4ndler. F\u00fcr H\u00e4ndler zum professionellen Handel mit Gebrauchtwagen. Schnell, sicher und extrem benutzerfreundlich.","robots":{"index":"index","follow":"follow","max-snippet":"max-snippet:-1","max-image-preview":"max-image-preview:large","max-video-preview":"max-video-preview:-1"},"canonical":"https:\/\/www.manheim-express.eu\/de\/glossar\/portal-fur-autohandler\/","og_locale":"de_DE","og_type":"article","og_title":"Portal f\u00fcr Autoh\u00e4ndler - Manheim Express die neue Auktionsplattform f\u00fcr den KFZ Handel","og_description":"Manheim Express ist das B2B Portal f\u00fcr Autoh\u00e4ndler. F\u00fcr H\u00e4ndler zum professionellen Handel mit Gebrauchtwagen. Schnell, sicher und extrem benutzerfreundlich.","og_url":"https:\/\/www.manheim-express.eu\/de\/glossar\/portal-fur-autohandler\/","og_site_name":"Manheim Express","article_publisher":"https:\/\/www.facebook.com\/manheimexpresseurope\/","article_modified_time":"2024-01-15T16:44:33+00:00","og_image":[{"url":"https:\/\/www.manheim-express.eu\/wp-content\/uploads\/2022\/11\/Manheim-Express-Estate-car.png","type":"","width":"","height":""}],"twitter_card":"summary_large_image","twitter_misc":{"Gesch\u00e4tzte Lesezeit":"3\u00a0Minuten"},"schema":{"@context":"https:\/\/schema.org","@graph":[{"@type":"WebPage","@id":"https:\/\/www.manheim-express.eu\/de\/glossar\/portal-fur-autohandler\/","url":"https:\/\/www.manheim-express.eu\/de\/glossar\/portal-fur-autohandler\/","name":"Portal f\u00fcr Autoh\u00e4ndler - Manheim Express die neue Auktionsplattform f\u00fcr den KFZ Handel","isPartOf":{"@id":"https:\/\/www.manheim-express.eu\/de\/#website"},"primaryImageOfPage":{"@id":"https:\/\/www.manheim-express.eu\/de\/glossar\/portal-fur-autohandler\/#primaryimage"},"image":{"@id":"https:\/\/www.manheim-express.eu\/de\/glossar\/portal-fur-autohandler\/#primaryimage"},"thumbnailUrl":"https:\/\/www.manheim-express.eu\/wp-content\/uploads\/2022\/11\/Manheim-Express-Estate-car.png","datePublished":"2024-01-15T16:44:31+00:00","dateModified":"2024-01-15T16:44:33+00:00","description":"Manheim Express ist das B2B Portal f\u00fcr Autoh\u00e4ndler. F\u00fcr H\u00e4ndler zum professionellen Handel mit Gebrauchtwagen. Schnell, sicher und extrem benutzerfreundlich.","breadcrumb":{"@id":"https:\/\/www.manheim-express.eu\/de\/glossar\/portal-fur-autohandler\/#breadcrumb"},"inLanguage":"de","potentialAction":[{"@type":"ReadAction","target":["https:\/\/www.manheim-express.eu\/de\/glossar\/portal-fur-autohandler\/"]}]},{"@type":"ImageObject","inLanguage":"de","@id":"https:\/\/www.manheim-express.eu\/de\/glossar\/portal-fur-autohandler\/#primaryimage","url":"https:\/\/www.manheim-express.eu\/wp-content\/uploads\/2022\/11\/Manheim-Express-Estate-car.png","contentUrl":"https:\/\/www.manheim-express.eu\/wp-content\/uploads\/2022\/11\/Manheim-Express-Estate-car.png"},{"@type":"BreadcrumbList","@id":"https:\/\/www.manheim-express.eu\/de\/glossar\/portal-fur-autohandler\/#breadcrumb","itemListElement":[{"@type":"ListItem","position":1,"name":"Home","item":"https:\/\/www.manheim-express.eu\/de\/"},{"@type":"ListItem","position":2,"name":"Glossar","item":"https:\/\/www.manheim-express.eu\/de\/glossar\/"},{"@type":"ListItem","position":3,"name":"Portal f\u00fcr Autoh\u00e4ndler"}]},{"@type":"WebSite","@id":"https:\/\/www.manheim-express.eu\/de\/#website","url":"https:\/\/www.manheim-express.eu\/de\/","name":"Manheim Express","description":"","publisher":{"@id":"https:\/\/www.manheim-express.eu\/de\/#organization"},"potentialAction":[{"@type":"SearchAction","target":{"@type":"EntryPoint","urlTemplate":"https:\/\/www.manheim-express.eu\/de\/?s={search_term_string}"},"query-input":{"@type":"PropertyValueSpecification","valueRequired":true,"valueName":"search_term_string"}}],"inLanguage":"de"},{"@type":"Organization","@id":"https:\/\/www.manheim-express.eu\/de\/#organization","name":"Manheim Express","url":"https:\/\/www.manheim-express.eu\/de\/","logo":{"@type":"ImageObject","inLanguage":"de","@id":"https:\/\/www.manheim-express.eu\/de\/#\/schema\/logo\/image\/","url":"https:\/\/www.manheim-express.eu\/wp-content\/uploads\/2021\/07\/manheim-express-logo-light.png","contentUrl":"https:\/\/www.manheim-express.eu\/wp-content\/uploads\/2021\/07\/manheim-express-logo-light.png","width":1163,"height":392,"caption":"Manheim Express"},"image":{"@id":"https:\/\/www.manheim-express.eu\/de\/#\/schema\/logo\/image\/"},"sameAs":["https:\/\/www.facebook.com\/manheimexpresseurope\/","https:\/\/www.instagram.com\/manheim.express","https:\/\/www.linkedin.com\/company\/manheim-express\/","https:\/\/www.youtube.com\/channel\/UCRKJajJPvJv-ao7Tk7qra5Q\/"]}]}},"_links":{"self":[{"href":"https:\/\/www.manheim-express.eu\/de\/wp-json\/wp\/v2\/pages\/16569","targetHints":{"allow":["GET"]}}],"collection":[{"href":"https:\/\/www.manheim-express.eu\/de\/wp-json\/wp\/v2\/pages"}],"about":[{"href":"https:\/\/www.manheim-express.eu\/de\/wp-json\/wp\/v2\/types\/page"}],"author":[{"embeddable":true,"href":"https:\/\/www.manheim-express.eu\/de\/wp-json\/wp\/v2\/users\/12"}],"replies":[{"embeddable":true,"href":"https:\/\/www.manheim-express.eu\/de\/wp-json\/wp\/v2\/comments?post=16569"}],"version-history":[{"count":10,"href":"https:\/\/www.manheim-express.eu\/de\/wp-json\/wp\/v2\/pages\/16569\/revisions"}],"predecessor-version":[{"id":16889,"href":"https:\/\/www.manheim-express.eu\/de\/wp-json\/wp\/v2\/pages\/16569\/revisions\/16889"}],"up":[{"embeddable":true,"href":"https:\/\/www.manheim-express.eu\/de\/wp-json\/wp\/v2\/pages\/11571"}],"wp:attachment":[{"href":"https:\/\/www.manheim-express.eu\/de\/wp-json\/wp\/v2\/media?parent=16569"}],"wp:term":[{"taxonomy":"wf_page_folders","embeddable":true,"href":"https:\/\/www.manheim-express.eu\/de\/wp-json\/wp\/v2\/wf_page_folders?post=16569"}],"curies":[{"name":"wp","href":"https:\/\/api.w.org\/{rel}","templated":true}]}}