{"id":16499,"date":"2024-01-15T16:43:27","date_gmt":"2024-01-15T16:43:27","guid":{"rendered":"https:\/\/www.manheim-express.eu\/?page_id=16499"},"modified":"2024-01-15T16:43:28","modified_gmt":"2024-01-15T16:43:28","slug":"polizei-auktion","status":"publish","type":"page","link":"https:\/\/www.manheim-express.eu\/de\/glossar\/polizei-auktion\/","title":{"rendered":"Polizei Auktion"},"content":{"rendered":"\t\t<div data-elementor-type=\"wp-page\" data-elementor-id=\"16499\" class=\"elementor elementor-16499\" data-elementor-post-type=\"page\">\n\t\t\t\t\t\t<section class=\"elementor-section elementor-top-section elementor-element elementor-element-5ad223c elementor-section-full_width elementor-section-stretched elementor-section-height-default elementor-section-height-default\" data-id=\"5ad223c\" data-element_type=\"section\" data-settings=\"{&quot;stretch_section&quot;:&quot;section-stretched&quot;}\">\n\t\t\t\t\t\t<div class=\"elementor-container elementor-column-gap-default\">\n\t\t\t\t\t<div class=\"elementor-column elementor-col-50 elementor-top-column elementor-element elementor-element-d3b519c\" data-id=\"d3b519c\" data-element_type=\"column\" data-settings=\"{&quot;background_background&quot;:&quot;classic&quot;}\">\n\t\t\t<div class=\"elementor-widget-wrap elementor-element-populated\">\n\t\t\t\t\t\t<div class=\"elementor-element elementor-element-036dc3a elementor-widget elementor-widget-text-editor\" data-id=\"036dc3a\" data-element_type=\"widget\" data-widget_type=\"text-editor.default\">\n\t\t\t\t<div class=\"elementor-widget-container\">\n\t\t\t\t\t\t\t\t\t<h2>Welche Alternativen zur Polizei Auktion gibt es?<\/h2>\t\t\t\t\t\t\t\t<\/div>\n\t\t\t\t<\/div>\n\t\t\t\t<div class=\"elementor-element elementor-element-21c3353 elementor-widget elementor-widget-text-editor\" data-id=\"21c3353\" data-element_type=\"widget\" data-widget_type=\"text-editor.default\">\n\t\t\t\t<div class=\"elementor-widget-container\">\n\t\t\t\t\t\t\t\t\t<h3 class=\"\">Lernen Sie mit Manheim Express mehr zu diesem Thema!<\/h3>\t\t\t\t\t\t\t\t<\/div>\n\t\t\t\t<\/div>\n\t\t\t\t<div class=\"elementor-element elementor-element-c37119d elementor-widget elementor-widget-text-editor\" data-id=\"c37119d\" data-element_type=\"widget\" data-widget_type=\"text-editor.default\">\n\t\t\t\t<div class=\"elementor-widget-container\">\n\t\t\t\t\t\t\t\t\t<p>Eine Polizei Auktion, auch Zoll-Auktion oder Justiz-Auktion genannt, kann eine spannende und interessante Art sein, an ein gebrauchtes Fahrzeug zu kommen. Professionelle Autoh\u00e4ndler werfen daher immer mal wieder einen Blick auf eine Polizei Auktion.<\/p>\n<p>F\u00fcr den B2B-Handel mit gebrauchten Fahrzeugen sind allerdings weitere Zukaufsportale notwendig, da durch eine Polizei Auktion der Bedarf an Fahrzeugen nicht gedeckt werden kann und der H\u00e4ndler selbst nicht verkaufen kann. Mit&nbsp;<span style=\"font-weight: bolder;\">Manheim Express<\/span>&nbsp;k\u00f6nnen sie bequem und sicher Ihr Handelsgesch\u00e4ft mit gebrauchten Fahrzeugen abwickeln.<\/p>\t\t\t\t\t\t\t\t<\/div>\n\t\t\t\t<\/div>\n\t\t\t\t<div class=\"elementor-element elementor-element-76774e4 elementor-widget elementor-widget-button\" data-id=\"76774e4\" data-element_type=\"widget\" data-widget_type=\"button.default\">\n\t\t\t\t<div class=\"elementor-widget-container\">\n\t\t\t\t\t\t\t\t\t<div class=\"elementor-button-wrapper\">\n\t\t\t\t\t<a class=\"elementor-button elementor-button-link elementor-size-lg\" href=\"#\">\n\t\t\t\t\t\t<span class=\"elementor-button-content-wrapper\">\n\t\t\t\t\t\t\t\t\t<span class=\"elementor-button-text\">Mehr Infos finden Sie hier<\/span>\n\t\t\t\t\t<\/span>\n\t\t\t\t\t<\/a>\n\t\t\t\t<\/div>\n\t\t\t\t\t\t\t\t<\/div>\n\t\t\t\t<\/div>\n\t\t\t\t<div class=\"elementor-element elementor-element-93513c7 elementor-widget elementor-widget-image\" data-id=\"93513c7\" data-element_type=\"widget\" data-widget_type=\"image.default\">\n\t\t\t\t<div class=\"elementor-widget-container\">\n\t\t\t\t\t\t\t\t\t\t\t\t\t\t\t<img fetchpriority=\"high\" decoding=\"async\" width=\"800\" height=\"389\" src=\"https:\/\/www.manheim-express.eu\/wp-content\/uploads\/2022\/11\/Manheim-Express-Estate-car.png\" class=\"attachment-large size-large wp-image-14639\" alt=\"\" srcset=\"https:\/\/www.manheim-express.eu\/wp-content\/uploads\/2022\/11\/Manheim-Express-Estate-car.png 1024w, https:\/\/www.manheim-express.eu\/wp-content\/uploads\/2022\/11\/Manheim-Express-Estate-car-300x146.png 300w, https:\/\/www.manheim-express.eu\/wp-content\/uploads\/2022\/11\/Manheim-Express-Estate-car-768x374.png 768w\" sizes=\"(max-width: 800px) 100vw, 800px\" \/>\t\t\t\t\t\t\t\t\t\t\t\t\t\t\t<\/div>\n\t\t\t\t<\/div>\n\t\t\t\t\t<\/div>\n\t\t<\/div>\n\t\t\t\t<div class=\"elementor-column elementor-col-50 elementor-top-column elementor-element elementor-element-213236b\" data-id=\"213236b\" data-element_type=\"column\" data-settings=\"{&quot;background_background&quot;:&quot;classic&quot;}\">\n\t\t\t<div class=\"elementor-widget-wrap elementor-element-populated\">\n\t\t\t\t\t\t<div class=\"elementor-element elementor-element-e50b614 elementor-widget elementor-widget-text-editor\" data-id=\"e50b614\" data-element_type=\"widget\" data-widget_type=\"text-editor.default\">\n\t\t\t\t<div class=\"elementor-widget-container\">\n\t\t\t\t\t\t\t\t\t<h2 class=\"\">Was versteht man unter einer Polizei Auktion?<\/h2>\t\t\t\t\t\t\t\t<\/div>\n\t\t\t\t<\/div>\n\t\t\t\t<div class=\"elementor-element elementor-element-8d896a4 elementor-widget elementor-widget-text-editor\" data-id=\"8d896a4\" data-element_type=\"widget\" data-widget_type=\"text-editor.default\">\n\t\t\t\t<div class=\"elementor-widget-container\">\n\t\t\t\t\t\t\t\t\t<p>Die Bezeichnung\u00a0<strong>Polizei Auktion\u00a0<\/strong>bezieht sich umgangssprachlich auf \u00f6ffentliche Versteigerungen, die durch Beh\u00f6rden durchgef\u00fchrt werden. Da es sich dabei h\u00e4ufig um beschlagnahmte Gegenst\u00e4nde handelt, wird die\u00a0<strong>Polizei Auktion<\/strong>\u00a0auch als Justiz-Auktion oder Zoll-Auktion bezeichnet. Das Angebot der staatlichen Auktionen beschr\u00e4nkt sich nicht nur auf gepf\u00e4ndete oder gefundene Ware. Auch ausrangiertes Verwaltungsgut wird angeboten, darunter befinden sich Computer, Schreibtische und anderen B\u00fcrom\u00f6bel, Kopierer etc. Auch in die Jahre gekommene Dienstfahrzeuge werden im Rahmen einer\u00a0<strong>Polizei Auktion<\/strong>\u00a0versteigert. Die Auktionsartikel stammen zudem aus Firmeninsolvenzen, Zwangsversteigerungen oder aus anderen Schuldverh\u00e4ltnissen gegen\u00fcber der \u00f6ffentlichen Hand. Durch die gro\u00dfe Bandbreite an versteigerten Gegenst\u00e4nden unterscheidet sich eine\u00a0<strong>Polizei Auktion<\/strong>\u00a0prinzipiell nicht von anderen \u00f6ffentlichen Auktionen. Der Hauptunterschied besteht darin, dass der Betreiber kein privates Auktionshaus, sondern der Staat ist. Grunds\u00e4tzlich ist die Teilnahme an einer\u00a0<strong>Polizei Auktion<\/strong>\u00a0f\u00fcr jeden vollj\u00e4hrigen und gesch\u00e4ftsf\u00e4higen B\u00fcrger m\u00f6glich. Bevor an einer\u00a0<strong>Polizei Auktion\u00a0<\/strong>teilgenommen werden kann, muss die Anmeldung auf dem Online-Portal der jeweiligen Beh\u00f6rde erfolgen.<\/p>\t\t\t\t\t\t\t\t<\/div>\n\t\t\t\t<\/div>\n\t\t\t\t<div class=\"elementor-element elementor-element-e9c050a elementor-widget elementor-widget-text-editor\" data-id=\"e9c050a\" data-element_type=\"widget\" data-widget_type=\"text-editor.default\">\n\t\t\t\t<div class=\"elementor-widget-container\">\n\t\t\t\t\t\t\t\t\t<h2 class=\"\">Was sind die Vor- und Nachteile einer Polizei Auktion?<\/h2>\t\t\t\t\t\t\t\t<\/div>\n\t\t\t\t<\/div>\n\t\t\t\t<div class=\"elementor-element elementor-element-572a03f elementor-widget elementor-widget-text-editor\" data-id=\"572a03f\" data-element_type=\"widget\" data-widget_type=\"text-editor.default\">\n\t\t\t\t<div class=\"elementor-widget-container\">\n\t\t\t\t\t\t\t\t\t<p>Eine Polizei Auktion ist eine beh\u00f6rdliche Versteigerung von beschlagnahmten oder nicht mehr ben\u00f6tigten Waren. Einsteller f\u00fcr die versteigerten Gegenst\u00e4nde sind staatliche Organe wie der Zoll, der Bundesrat, die Bundesl\u00e4nder, Gemeinden, L\u00e4nder und die Polizeibeh\u00f6rden. Damit verbunden ist der gr\u00f6\u00dfte Vorteil bei einer Polizei Auktion: der Auktionator ist der Staat und damit ist f\u00fcr die Bieter garantiert, dass es sich um einen seri\u00f6sen Anbieter handelt. F\u00fcr K\u00e4ufer, die schlechte Erfahrungen mit privaten oder gewerblichen Auktionen gemacht haben oder generell Auktionen skeptisch gegen\u00fcberstehen, k\u00f6nnte also eine Polizei Auktion interessant sein. Auf der anderen Seite haben sich in den vergangenen Jahren eine Reihe von gewerblichen Auktionsplattformen etabliert, bei denen K\u00e4ufer ebenfalls sicher sein k\u00f6nnen, ein seri\u00f6ses Gesch\u00e4ft zu machen. Daher kann die Polizei Auktion in Sachen Seriosit\u00e4t zwar gegen\u00fcber manchen Online-Portalen punkten, beim Ankauf von Fahrzeugen bieten viele gewerbliche Portale aber ebenfalls eine sehr hohe Sicherheit. Und ein Risiko bei der Teilnahme an einer Polizei Auktion muss unbedingt ber\u00fccksichtigt werden: Im Fall von gepf\u00e4ndeten Fahrzeugen kann der ehemalige Besitzer das Fahrzeug kurzfristig noch bezahlen und damit auch H\u00f6chstgebote hinf\u00e4llig werden lassen.<\/p>\t\t\t\t\t\t\t\t<\/div>\n\t\t\t\t<\/div>\n\t\t\t\t<div class=\"elementor-element elementor-element-79d9220 elementor-widget elementor-widget-text-editor\" data-id=\"79d9220\" data-element_type=\"widget\" data-widget_type=\"text-editor.default\">\n\t\t\t\t<div class=\"elementor-widget-container\">\n\t\t\t\t\t\t\t\t\t<h2 class=\"\">Wie l\u00e4uft eine Polizei Auktion ab?<\/h2>\t\t\t\t\t\t\t\t<\/div>\n\t\t\t\t<\/div>\n\t\t\t\t<div class=\"elementor-element elementor-element-af470d2 elementor-widget elementor-widget-text-editor\" data-id=\"af470d2\" data-element_type=\"widget\" data-widget_type=\"text-editor.default\">\n\t\t\t\t<div class=\"elementor-widget-container\">\n\t\t\t\t\t\t\t\t\t<p>Wie viele andere Auktionsformen ist eine\u00a0<strong>Polizei Auktion<\/strong>\u00a0(Zoll-Auktion) zeitlich begrenzt. Angezeigt wird den Teilnehmern zun\u00e4chst das voraussichtliche Auktionsende, welches sich aber nach hinten verschieben kann, wenn zum Ende der Auktion in kurzen Abst\u00e4nden neue, h\u00f6here Gebote eingehen. Die versteigerten Gegenst\u00e4nde einer\u00a0<strong>Polizei Auktion<\/strong>\u00a0sind in der Regel mit einem Mindestpreis ausgezeichnet (Mindestgebot). Gebote m\u00fcssen in Mindest-Steigerungsschritten abgegeben werden, die sich nach der H\u00f6he des jeweiligen Gebots richten. Je h\u00f6her das Gebot ist, desto gr\u00f6\u00dfer werden die Mindest-Steigerungsschritte. Abgegebene Gebote bei einer\u00a0<strong>Polizei Auktion<\/strong>\u00a0sind bindend, solange kein h\u00f6heres Gebot abgegeben wird. Wird ein Gebot als H\u00f6chstgebot nicht mehr \u00fcberboten, erh\u00e4lt der Bieter den Zuschlag und wird \u00fcber die jeweiligen Zahlungsmodalit\u00e4ten und Abholfristen per E-Mail unterrichtet. Bei Kraftfahrzeugen wird zudem eine Abholvollmacht per Einschreiben versandt. Weitere rechtliche Bestimmungen zur\u00a0<strong>Polizei Auktion<\/strong>\u00a0lassen sich den Versteigerungsbedingungen der Homepage des Zolls entnehmen.<\/p>\t\t\t\t\t\t\t\t<\/div>\n\t\t\t\t<\/div>\n\t\t\t\t\t<\/div>\n\t\t<\/div>\n\t\t\t\t\t<\/div>\n\t\t<\/section>\n\t\t\t\t<\/div>\n\t\t","protected":false},"excerpt":{"rendered":"<p>Welche Alternativen zur Polizei Auktion gibt es? Lernen Sie mit Manheim Express mehr zu diesem Thema! Eine Polizei Auktion, auch Zoll-Auktion oder Justiz-Auktion genannt, kann eine spannende und interessante Art sein, an ein gebrauchtes Fahrzeug zu kommen. Professionelle Autoh\u00e4ndler werfen daher immer mal wieder einen Blick auf eine Polizei Auktion. F\u00fcr den B2B-Handel mit gebrauchten [&hellip;]<\/p>\n","protected":false},"author":12,"featured_media":0,"parent":11571,"menu_order":0,"comment_status":"closed","ping_status":"closed","template":"","meta":{"_acf_changed":false,"footnotes":""},"wf_page_folders":[156],"class_list":["post-16499","page","type-page","status-publish","hentry"],"acf":[],"yoast_head":"<!-- This site is optimized with the Yoast SEO plugin v25.8 - https:\/\/yoast.com\/wordpress\/plugins\/seo\/ -->\n<title>Polizei Auktion - Manheim Express die neue Auktionsplattform f\u00fcr den KFZ Handel<\/title>\n<meta name=\"description\" content=\"In die Jahre gekommene Dienstfahrzeuge werden im Rahmen einer Polizei Auktion versteigert.\" \/>\n<meta name=\"robots\" content=\"index, follow, max-snippet:-1, max-image-preview:large, max-video-preview:-1\" \/>\n<link rel=\"canonical\" href=\"https:\/\/www.manheim-express.eu\/de\/glossar\/polizei-auktion\/\" \/>\n<meta property=\"og:locale\" content=\"de_DE\" \/>\n<meta property=\"og:type\" content=\"article\" \/>\n<meta property=\"og:title\" content=\"Polizei Auktion - Manheim Express die neue Auktionsplattform f\u00fcr den KFZ Handel\" \/>\n<meta property=\"og:description\" content=\"In die Jahre gekommene Dienstfahrzeuge werden im Rahmen einer Polizei Auktion versteigert.\" \/>\n<meta property=\"og:url\" content=\"https:\/\/www.manheim-express.eu\/de\/glossar\/polizei-auktion\/\" \/>\n<meta property=\"og:site_name\" content=\"Manheim Express\" \/>\n<meta property=\"article:publisher\" content=\"https:\/\/www.facebook.com\/manheimexpresseurope\/\" \/>\n<meta property=\"article:modified_time\" content=\"2024-01-15T16:43:28+00:00\" \/>\n<meta property=\"og:image\" content=\"https:\/\/www.manheim-express.eu\/wp-content\/uploads\/2022\/11\/Manheim-Express-Estate-car.png\" \/>\n<meta name=\"twitter:card\" content=\"summary_large_image\" \/>\n<meta name=\"twitter:label1\" content=\"Gesch\u00e4tzte Lesezeit\" \/>\n\t<meta name=\"twitter:data1\" content=\"3\u00a0Minuten\" \/>\n<script type=\"application\/ld+json\" class=\"yoast-schema-graph\">{\"@context\":\"https:\/\/schema.org\",\"@graph\":[{\"@type\":\"WebPage\",\"@id\":\"https:\/\/www.manheim-express.eu\/de\/glossar\/polizei-auktion\/\",\"url\":\"https:\/\/www.manheim-express.eu\/de\/glossar\/polizei-auktion\/\",\"name\":\"Polizei Auktion - Manheim Express die neue Auktionsplattform f\u00fcr den KFZ Handel\",\"isPartOf\":{\"@id\":\"https:\/\/www.manheim-express.eu\/de\/#website\"},\"primaryImageOfPage\":{\"@id\":\"https:\/\/www.manheim-express.eu\/de\/glossar\/polizei-auktion\/#primaryimage\"},\"image\":{\"@id\":\"https:\/\/www.manheim-express.eu\/de\/glossar\/polizei-auktion\/#primaryimage\"},\"thumbnailUrl\":\"https:\/\/www.manheim-express.eu\/wp-content\/uploads\/2022\/11\/Manheim-Express-Estate-car.png\",\"datePublished\":\"2024-01-15T16:43:27+00:00\",\"dateModified\":\"2024-01-15T16:43:28+00:00\",\"description\":\"In die Jahre gekommene Dienstfahrzeuge werden im Rahmen einer Polizei Auktion versteigert.\",\"breadcrumb\":{\"@id\":\"https:\/\/www.manheim-express.eu\/de\/glossar\/polizei-auktion\/#breadcrumb\"},\"inLanguage\":\"de\",\"potentialAction\":[{\"@type\":\"ReadAction\",\"target\":[\"https:\/\/www.manheim-express.eu\/de\/glossar\/polizei-auktion\/\"]}]},{\"@type\":\"ImageObject\",\"inLanguage\":\"de\",\"@id\":\"https:\/\/www.manheim-express.eu\/de\/glossar\/polizei-auktion\/#primaryimage\",\"url\":\"https:\/\/www.manheim-express.eu\/wp-content\/uploads\/2022\/11\/Manheim-Express-Estate-car.png\",\"contentUrl\":\"https:\/\/www.manheim-express.eu\/wp-content\/uploads\/2022\/11\/Manheim-Express-Estate-car.png\"},{\"@type\":\"BreadcrumbList\",\"@id\":\"https:\/\/www.manheim-express.eu\/de\/glossar\/polizei-auktion\/#breadcrumb\",\"itemListElement\":[{\"@type\":\"ListItem\",\"position\":1,\"name\":\"Home\",\"item\":\"https:\/\/www.manheim-express.eu\/de\/\"},{\"@type\":\"ListItem\",\"position\":2,\"name\":\"Glossar\",\"item\":\"https:\/\/www.manheim-express.eu\/de\/glossar\/\"},{\"@type\":\"ListItem\",\"position\":3,\"name\":\"Polizei Auktion\"}]},{\"@type\":\"WebSite\",\"@id\":\"https:\/\/www.manheim-express.eu\/de\/#website\",\"url\":\"https:\/\/www.manheim-express.eu\/de\/\",\"name\":\"Manheim Express\",\"description\":\"\",\"publisher\":{\"@id\":\"https:\/\/www.manheim-express.eu\/de\/#organization\"},\"potentialAction\":[{\"@type\":\"SearchAction\",\"target\":{\"@type\":\"EntryPoint\",\"urlTemplate\":\"https:\/\/www.manheim-express.eu\/de\/?s={search_term_string}\"},\"query-input\":{\"@type\":\"PropertyValueSpecification\",\"valueRequired\":true,\"valueName\":\"search_term_string\"}}],\"inLanguage\":\"de\"},{\"@type\":\"Organization\",\"@id\":\"https:\/\/www.manheim-express.eu\/de\/#organization\",\"name\":\"Manheim Express\",\"url\":\"https:\/\/www.manheim-express.eu\/de\/\",\"logo\":{\"@type\":\"ImageObject\",\"inLanguage\":\"de\",\"@id\":\"https:\/\/www.manheim-express.eu\/de\/#\/schema\/logo\/image\/\",\"url\":\"https:\/\/www.manheim-express.eu\/wp-content\/uploads\/2021\/07\/manheim-express-logo-light.png\",\"contentUrl\":\"https:\/\/www.manheim-express.eu\/wp-content\/uploads\/2021\/07\/manheim-express-logo-light.png\",\"width\":1163,\"height\":392,\"caption\":\"Manheim Express\"},\"image\":{\"@id\":\"https:\/\/www.manheim-express.eu\/de\/#\/schema\/logo\/image\/\"},\"sameAs\":[\"https:\/\/www.facebook.com\/manheimexpresseurope\/\",\"https:\/\/www.instagram.com\/manheim.express\",\"https:\/\/www.linkedin.com\/company\/manheim-express\/\",\"https:\/\/www.youtube.com\/channel\/UCRKJajJPvJv-ao7Tk7qra5Q\/\"]}]}<\/script>\n<!-- \/ Yoast SEO plugin. -->","yoast_head_json":{"title":"Polizei Auktion - Manheim Express die neue Auktionsplattform f\u00fcr den KFZ Handel","description":"In die Jahre gekommene Dienstfahrzeuge werden im Rahmen einer Polizei Auktion versteigert.","robots":{"index":"index","follow":"follow","max-snippet":"max-snippet:-1","max-image-preview":"max-image-preview:large","max-video-preview":"max-video-preview:-1"},"canonical":"https:\/\/www.manheim-express.eu\/de\/glossar\/polizei-auktion\/","og_locale":"de_DE","og_type":"article","og_title":"Polizei Auktion - Manheim Express die neue Auktionsplattform f\u00fcr den KFZ Handel","og_description":"In die Jahre gekommene Dienstfahrzeuge werden im Rahmen einer Polizei Auktion versteigert.","og_url":"https:\/\/www.manheim-express.eu\/de\/glossar\/polizei-auktion\/","og_site_name":"Manheim Express","article_publisher":"https:\/\/www.facebook.com\/manheimexpresseurope\/","article_modified_time":"2024-01-15T16:43:28+00:00","og_image":[{"url":"https:\/\/www.manheim-express.eu\/wp-content\/uploads\/2022\/11\/Manheim-Express-Estate-car.png","type":"","width":"","height":""}],"twitter_card":"summary_large_image","twitter_misc":{"Gesch\u00e4tzte Lesezeit":"3\u00a0Minuten"},"schema":{"@context":"https:\/\/schema.org","@graph":[{"@type":"WebPage","@id":"https:\/\/www.manheim-express.eu\/de\/glossar\/polizei-auktion\/","url":"https:\/\/www.manheim-express.eu\/de\/glossar\/polizei-auktion\/","name":"Polizei Auktion - Manheim Express die neue Auktionsplattform f\u00fcr den KFZ Handel","isPartOf":{"@id":"https:\/\/www.manheim-express.eu\/de\/#website"},"primaryImageOfPage":{"@id":"https:\/\/www.manheim-express.eu\/de\/glossar\/polizei-auktion\/#primaryimage"},"image":{"@id":"https:\/\/www.manheim-express.eu\/de\/glossar\/polizei-auktion\/#primaryimage"},"thumbnailUrl":"https:\/\/www.manheim-express.eu\/wp-content\/uploads\/2022\/11\/Manheim-Express-Estate-car.png","datePublished":"2024-01-15T16:43:27+00:00","dateModified":"2024-01-15T16:43:28+00:00","description":"In die Jahre gekommene Dienstfahrzeuge werden im Rahmen einer Polizei Auktion versteigert.","breadcrumb":{"@id":"https:\/\/www.manheim-express.eu\/de\/glossar\/polizei-auktion\/#breadcrumb"},"inLanguage":"de","potentialAction":[{"@type":"ReadAction","target":["https:\/\/www.manheim-express.eu\/de\/glossar\/polizei-auktion\/"]}]},{"@type":"ImageObject","inLanguage":"de","@id":"https:\/\/www.manheim-express.eu\/de\/glossar\/polizei-auktion\/#primaryimage","url":"https:\/\/www.manheim-express.eu\/wp-content\/uploads\/2022\/11\/Manheim-Express-Estate-car.png","contentUrl":"https:\/\/www.manheim-express.eu\/wp-content\/uploads\/2022\/11\/Manheim-Express-Estate-car.png"},{"@type":"BreadcrumbList","@id":"https:\/\/www.manheim-express.eu\/de\/glossar\/polizei-auktion\/#breadcrumb","itemListElement":[{"@type":"ListItem","position":1,"name":"Home","item":"https:\/\/www.manheim-express.eu\/de\/"},{"@type":"ListItem","position":2,"name":"Glossar","item":"https:\/\/www.manheim-express.eu\/de\/glossar\/"},{"@type":"ListItem","position":3,"name":"Polizei Auktion"}]},{"@type":"WebSite","@id":"https:\/\/www.manheim-express.eu\/de\/#website","url":"https:\/\/www.manheim-express.eu\/de\/","name":"Manheim Express","description":"","publisher":{"@id":"https:\/\/www.manheim-express.eu\/de\/#organization"},"potentialAction":[{"@type":"SearchAction","target":{"@type":"EntryPoint","urlTemplate":"https:\/\/www.manheim-express.eu\/de\/?s={search_term_string}"},"query-input":{"@type":"PropertyValueSpecification","valueRequired":true,"valueName":"search_term_string"}}],"inLanguage":"de"},{"@type":"Organization","@id":"https:\/\/www.manheim-express.eu\/de\/#organization","name":"Manheim Express","url":"https:\/\/www.manheim-express.eu\/de\/","logo":{"@type":"ImageObject","inLanguage":"de","@id":"https:\/\/www.manheim-express.eu\/de\/#\/schema\/logo\/image\/","url":"https:\/\/www.manheim-express.eu\/wp-content\/uploads\/2021\/07\/manheim-express-logo-light.png","contentUrl":"https:\/\/www.manheim-express.eu\/wp-content\/uploads\/2021\/07\/manheim-express-logo-light.png","width":1163,"height":392,"caption":"Manheim Express"},"image":{"@id":"https:\/\/www.manheim-express.eu\/de\/#\/schema\/logo\/image\/"},"sameAs":["https:\/\/www.facebook.com\/manheimexpresseurope\/","https:\/\/www.instagram.com\/manheim.express","https:\/\/www.linkedin.com\/company\/manheim-express\/","https:\/\/www.youtube.com\/channel\/UCRKJajJPvJv-ao7Tk7qra5Q\/"]}]}},"_links":{"self":[{"href":"https:\/\/www.manheim-express.eu\/de\/wp-json\/wp\/v2\/pages\/16499","targetHints":{"allow":["GET"]}}],"collection":[{"href":"https:\/\/www.manheim-express.eu\/de\/wp-json\/wp\/v2\/pages"}],"about":[{"href":"https:\/\/www.manheim-express.eu\/de\/wp-json\/wp\/v2\/types\/page"}],"author":[{"embeddable":true,"href":"https:\/\/www.manheim-express.eu\/de\/wp-json\/wp\/v2\/users\/12"}],"replies":[{"embeddable":true,"href":"https:\/\/www.manheim-express.eu\/de\/wp-json\/wp\/v2\/comments?post=16499"}],"version-history":[{"count":10,"href":"https:\/\/www.manheim-express.eu\/de\/wp-json\/wp\/v2\/pages\/16499\/revisions"}],"predecessor-version":[{"id":16886,"href":"https:\/\/www.manheim-express.eu\/de\/wp-json\/wp\/v2\/pages\/16499\/revisions\/16886"}],"up":[{"embeddable":true,"href":"https:\/\/www.manheim-express.eu\/de\/wp-json\/wp\/v2\/pages\/11571"}],"wp:attachment":[{"href":"https:\/\/www.manheim-express.eu\/de\/wp-json\/wp\/v2\/media?parent=16499"}],"wp:term":[{"taxonomy":"wf_page_folders","embeddable":true,"href":"https:\/\/www.manheim-express.eu\/de\/wp-json\/wp\/v2\/wf_page_folders?post=16499"}],"curies":[{"name":"wp","href":"https:\/\/api.w.org\/{rel}","templated":true}]}}