{"id":16483,"date":"2024-01-15T16:32:32","date_gmt":"2024-01-15T16:32:32","guid":{"rendered":"https:\/\/www.manheim-express.eu\/?page_id=16483"},"modified":"2024-10-10T09:27:08","modified_gmt":"2024-10-10T08:27:08","slug":"auto-versteigerung-muenchen-manheim-express","status":"publish","type":"page","link":"https:\/\/www.manheim-express.eu\/de\/glossar\/auto-versteigerung-muenchen-manheim-express\/","title":{"rendered":"Auto Versteigerung M\u00fcnchen"},"content":{"rendered":"\t\t<div data-elementor-type=\"wp-page\" data-elementor-id=\"16483\" class=\"elementor elementor-16483\" data-elementor-post-type=\"page\">\n\t\t\t\t\t\t<section class=\"elementor-section elementor-top-section elementor-element elementor-element-5ad223c elementor-section-full_width elementor-section-stretched elementor-section-height-default elementor-section-height-default\" data-id=\"5ad223c\" data-element_type=\"section\" data-settings=\"{&quot;stretch_section&quot;:&quot;section-stretched&quot;}\">\n\t\t\t\t\t\t<div class=\"elementor-container elementor-column-gap-default\">\n\t\t\t\t\t<div class=\"elementor-column elementor-col-50 elementor-top-column elementor-element elementor-element-d3b519c\" data-id=\"d3b519c\" data-element_type=\"column\" data-settings=\"{&quot;background_background&quot;:&quot;classic&quot;}\">\n\t\t\t<div class=\"elementor-widget-wrap elementor-element-populated\">\n\t\t\t\t\t\t<div class=\"elementor-element elementor-element-036dc3a elementor-widget elementor-widget-text-editor\" data-id=\"036dc3a\" data-element_type=\"widget\" data-widget_type=\"text-editor.default\">\n\t\t\t\t<div class=\"elementor-widget-container\">\n\t\t\t\t\t\t\t\t\t<h2>Auf der Suche nach einer Auto Versteigerung in M\u00fcnchen?<\/h2>\t\t\t\t\t\t\t\t<\/div>\n\t\t\t\t<\/div>\n\t\t\t\t<div class=\"elementor-element elementor-element-21c3353 elementor-widget elementor-widget-text-editor\" data-id=\"21c3353\" data-element_type=\"widget\" data-widget_type=\"text-editor.default\">\n\t\t\t\t<div class=\"elementor-widget-container\">\n\t\t\t\t\t\t\t\t\t<h3 class=\"\">Erfahren Sie hier mehr \u00fcber die Auktionsangebote in der Landeshauptstadt<\/h3>\t\t\t\t\t\t\t\t<\/div>\n\t\t\t\t<\/div>\n\t\t\t\t<div class=\"elementor-element elementor-element-c37119d elementor-widget elementor-widget-text-editor\" data-id=\"c37119d\" data-element_type=\"widget\" data-widget_type=\"text-editor.default\">\n\t\t\t\t<div class=\"elementor-widget-container\">\n\t\t\t\t\t\t\t\t\t<p class=\"western text-justify\"><strong>Manheim Express<\/strong>\u00a0ist eine Plattform f\u00fcr den gewerblichen Gebrauchtwagenhandel im Internet. Als professionelle H\u00e4ndler mit Leidenschaft f\u00fcr Automobile ist f\u00fcr uns immer auch die Marktsituation in ganz Deutschland und Europa von Interesse. Eine Versteigerung vor Ort hat in diesem Zusammenhang ganz zweifellos ihren eigenen Reiz. Im Folgenden stellen wir Ihnen die Situation der\u00a0<strong>Auto Versteigerungen in M\u00fcnchen<\/strong>\u00a0dar. Weitere interessante Angebote finden H\u00e4ndler in M\u00fcnchen und ganz Deutschland bei\u00a0<strong>Manheim Express<\/strong>.<\/p>\t\t\t\t\t\t\t\t<\/div>\n\t\t\t\t<\/div>\n\t\t\t\t<div class=\"elementor-element elementor-element-76774e4 elementor-widget elementor-widget-button\" data-id=\"76774e4\" data-element_type=\"widget\" data-widget_type=\"button.default\">\n\t\t\t\t<div class=\"elementor-widget-container\">\n\t\t\t\t\t\t\t\t\t<div class=\"elementor-button-wrapper\">\n\t\t\t\t\t<a class=\"elementor-button elementor-button-link elementor-size-lg\" href=\"#\">\n\t\t\t\t\t\t<span class=\"elementor-button-content-wrapper\">\n\t\t\t\t\t\t\t\t\t<span class=\"elementor-button-text\">Mehr Infos finden Sie hier<\/span>\n\t\t\t\t\t<\/span>\n\t\t\t\t\t<\/a>\n\t\t\t\t<\/div>\n\t\t\t\t\t\t\t\t<\/div>\n\t\t\t\t<\/div>\n\t\t\t\t<div class=\"elementor-element elementor-element-93513c7 elementor-widget elementor-widget-image\" data-id=\"93513c7\" data-element_type=\"widget\" data-widget_type=\"image.default\">\n\t\t\t\t<div class=\"elementor-widget-container\">\n\t\t\t\t\t\t\t\t\t\t\t\t\t\t\t<img fetchpriority=\"high\" decoding=\"async\" width=\"800\" height=\"389\" src=\"https:\/\/www.manheim-express.eu\/wp-content\/uploads\/2022\/11\/Manheim-Express-Estate-car.png\" class=\"attachment-large size-large wp-image-14639\" alt=\"\" srcset=\"https:\/\/www.manheim-express.eu\/wp-content\/uploads\/2022\/11\/Manheim-Express-Estate-car.png 1024w, https:\/\/www.manheim-express.eu\/wp-content\/uploads\/2022\/11\/Manheim-Express-Estate-car-300x146.png 300w, https:\/\/www.manheim-express.eu\/wp-content\/uploads\/2022\/11\/Manheim-Express-Estate-car-768x374.png 768w\" sizes=\"(max-width: 800px) 100vw, 800px\" \/>\t\t\t\t\t\t\t\t\t\t\t\t\t\t\t<\/div>\n\t\t\t\t<\/div>\n\t\t\t\t\t<\/div>\n\t\t<\/div>\n\t\t\t\t<div class=\"elementor-column elementor-col-50 elementor-top-column elementor-element elementor-element-213236b\" data-id=\"213236b\" data-element_type=\"column\" data-settings=\"{&quot;background_background&quot;:&quot;classic&quot;}\">\n\t\t\t<div class=\"elementor-widget-wrap elementor-element-populated\">\n\t\t\t\t\t\t<div class=\"elementor-element elementor-element-e50b614 elementor-widget elementor-widget-text-editor\" data-id=\"e50b614\" data-element_type=\"widget\" data-widget_type=\"text-editor.default\">\n\t\t\t\t<div class=\"elementor-widget-container\">\n\t\t\t\t\t\t\t\t\t<h2 class=\"\">Auto Versteigerung in M\u00fcnchen \u2013 ein \u00dcberblick<\/h2>\t\t\t\t\t\t\t\t<\/div>\n\t\t\t\t<\/div>\n\t\t\t\t<div class=\"elementor-element elementor-element-8d896a4 elementor-widget elementor-widget-text-editor\" data-id=\"8d896a4\" data-element_type=\"widget\" data-widget_type=\"text-editor.default\">\n\t\t\t\t<div class=\"elementor-widget-container\">\n\t\t\t\t\t\t\t\t\t<p>Die bayerische Landeshauptstadt blickt auf eine lange und erfolgreiche Tradition in Sachen Automobilbau und -handel zur\u00fcck. Neben zahlreichen Autoh\u00e4usern mit unterschiedlichsten Angeboten an Gebraucht- und Neuwagen hat auch die\u00a0<strong>Auto Versteigerung in M\u00fcnchen<\/strong>\u00a0nach wie vor f\u00fcr H\u00e4ndler und Privatk\u00e4ufer eine Bedeutung. Wir m\u00f6chten Ihnen daher hier einige M\u00f6glichkeiten vorstellen, wie Sie in M\u00fcnchen an einer Versteigerung von Autos teilnehmen k\u00f6nnen. Die wichtigste Versteigerung von Autos findet in M\u00fcnchen durch die Beh\u00f6rden statt. Das Finanzamt M\u00fcnchen f\u00fchrt regelm\u00e4\u00dfig \u00f6rtliche Versteigerungen von PKWs durch. Es handelt sich dabei um einen lokalen Ableger der Zoll-Auktion, des virtuellen Auktionshauses des Bundesministeriums f\u00fcr Finanzen. Im Gegensatz zur Zoll-Auktion, die sich vollst\u00e4ndig ins Internet verlagert hat, finden die Versteigerungen des Finanzamtes M\u00fcnchen noch in Form \u00f6rtlicher Versteigerungen statt. Neben allgemeinen Auktionen finden auch Versteigerungen ausschlie\u00dflich f\u00fcr Autos statt. Versteigert werden beschlagnahmte, gepf\u00e4ndete oder von den Beh\u00f6rden ausgemusterte Fahrzeuge. Der Hintergrund der Versteigerungen der Beh\u00f6rdenfahrzeuge ist, dass es f\u00fcr die Beh\u00f6rde unwirtschaftlich w\u00e4re, sie reparieren zu lassen. Ehemalige Dienstfahrzeuge der Polizei werden ebenfalls, nachdem Sirenen und Aufschrift entfernt wurden, zur\u00a0<strong>Versteigerung in M\u00fcnchen<\/strong>\u00a0zugelassen. Hinzu kommen beschlagnahmte und nicht vom Besitzer abgeholte Fahrzeuge. Zugelassen zu den Versteigerungen sind sowohl Privatk\u00e4ufer als auch H\u00e4ndler. Die Termine der jeweiligen Versteigerung sind auf der Internetseite des Finanzamtes M\u00fcnchen einsehbar. Auch ein gewerblicher H\u00e4ndler ist am Standort M\u00fcnchen mit regelm\u00e4\u00dfigen Versteigerungen vertreten: Die Marke Autobid betreibt im Auktionszentrum M\u00fcnchen in Emmering Versteigerungen von gebrauchten Autos f\u00fcr den gewerblichen Handel. Hier gelten, wie bei allen Versteigerungen der Marke, die jeweiligen Ersteigerungsbedingungen und Auktionsformen des Unternehmens.<\/p>\t\t\t\t\t\t\t\t<\/div>\n\t\t\t\t<\/div>\n\t\t\t\t<div class=\"elementor-element elementor-element-e9c050a elementor-widget elementor-widget-text-editor\" data-id=\"e9c050a\" data-element_type=\"widget\" data-widget_type=\"text-editor.default\">\n\t\t\t\t<div class=\"elementor-widget-container\">\n\t\t\t\t\t\t\t\t\t<h2 class=\"\">Fazit \u2013 Auto Versteigerungen in M\u00fcnchen<\/h2>\t\t\t\t\t\t\t\t<\/div>\n\t\t\t\t<\/div>\n\t\t\t\t<div class=\"elementor-element elementor-element-af470d2 elementor-widget elementor-widget-text-editor\" data-id=\"af470d2\" data-element_type=\"widget\" data-widget_type=\"text-editor.default\">\n\t\t\t\t<div class=\"elementor-widget-container\">\n\t\t\t\t\t\t\t\t\t<p>Obgleich M\u00fcnchen mit fast 1,5 Millionen Einwohnern eindeutig die Metropole im S\u00fcden Deutschlands und im wirtschaftlich starken Bundesland Bayern darstellt, ist die Auswahl an Auto Versteigerungen vergleichsweise gering. Neben wenigen gewerblichen Versteigerungen nehmen die Versteigerungen des Finanzamtes M\u00fcnchen die zentrale Stellung f\u00fcr Versteigerungen von Autos in M\u00fcnchen ein. Privatk\u00e4ufer als auch H\u00e4ndler haben hier regelm\u00e4\u00dfig die M\u00f6glichkeit, vor Ort in M\u00fcnchen oder Dachau Fahrzeuge zu ersteigern. Ber\u00fccksichtigt werden m\u00fcssen dabei die Versteigerungsbedingungen des beh\u00f6rdlichen Betreibers: Neben der obligatorischen sofortigen Bezahlung ist der Ausschluss jeglicher Gew\u00e4hrleistung auf die ersteigerten Fahrzeuge zu beachten. Probefahrten mit dem Auto vor der Versteigerung sind nicht m\u00f6glich und wurden auch nicht durch die Beh\u00f6rde durchgef\u00fchrt. Hinzu kommt das Risiko, dass noch w\u00e4hrend der Versteigerung der urspr\u00fcngliche Besitzer die M\u00f6glichkeit hat, sein Auto zur\u00fcckzufordern. Bereits abgegebene Gebote sind dann hinf\u00e4llig und das Fahrzeug steht nicht mehr f\u00fcr H\u00e4ndler und private Interessenten zur Verf\u00fcgung. Insgesamt zeigt sich in der Gro\u00dfstadtregion M\u00fcnchen ein Trend, der auch in anderen Ballungszentren zu beobachten ist. Die klassische Autoversteigerung vor Ort findet nach wie vor statt, die Verlagerung der Handelst\u00e4tigkeiten ins Internet ist allerdings auch hier sp\u00fcrbar und wird sich in Zukunft aller Voraussicht nach noch verst\u00e4rken. H\u00e4ndler und Privatk\u00e4ufer setzten auch in M\u00fcnchen vermehrt darauf, Zu- und Verkauf der Fahrzeuge schnell und unkompliziert im Internet abzuwickeln.<\/p>\t\t\t\t\t\t\t\t<\/div>\n\t\t\t\t<\/div>\n\t\t\t\t\t<\/div>\n\t\t<\/div>\n\t\t\t\t\t<\/div>\n\t\t<\/section>\n\t\t\t\t<\/div>\n\t\t","protected":false},"excerpt":{"rendered":"<p>Auf der Suche nach einer Auto Versteigerung in M\u00fcnchen? Erfahren Sie hier mehr \u00fcber die Auktionsangebote in der Landeshauptstadt Manheim Express\u00a0ist eine Plattform f\u00fcr den gewerblichen Gebrauchtwagenhandel im Internet. Als professionelle H\u00e4ndler mit Leidenschaft f\u00fcr Automobile ist f\u00fcr uns immer auch die Marktsituation in ganz Deutschland und Europa von Interesse. Eine Versteigerung vor Ort hat [&hellip;]<\/p>\n","protected":false},"author":12,"featured_media":0,"parent":11571,"menu_order":0,"comment_status":"closed","ping_status":"closed","template":"","meta":{"_acf_changed":false,"footnotes":""},"wf_page_folders":[156],"class_list":["post-16483","page","type-page","status-publish","hentry"],"acf":[],"yoast_head":"<!-- This site is optimized with the Yoast SEO plugin v25.8 - https:\/\/yoast.com\/wordpress\/plugins\/seo\/ -->\n<title>Auto Versteigerung M\u00fcnchen - Manheim Express<\/title>\n<meta name=\"description\" content=\"Auf der Suche nach einer Auto Versteigerung in M\u00fcnchen? Erfahren Sie hier mehr \u00fcber die Auktionsangebote in der Landeshauptstadt.\" \/>\n<meta name=\"robots\" content=\"index, follow, max-snippet:-1, max-image-preview:large, max-video-preview:-1\" \/>\n<link rel=\"canonical\" href=\"https:\/\/www.manheim-express.eu\/de\/glossar\/auto-versteigerung-muenchen-manheim-express\/\" \/>\n<meta property=\"og:locale\" content=\"de_DE\" \/>\n<meta property=\"og:type\" content=\"article\" \/>\n<meta property=\"og:title\" content=\"Auto Versteigerung M\u00fcnchen - Manheim Express\" \/>\n<meta property=\"og:description\" content=\"Auf der Suche nach einer Auto Versteigerung in M\u00fcnchen? Erfahren Sie hier mehr \u00fcber die Auktionsangebote in der Landeshauptstadt.\" \/>\n<meta property=\"og:url\" content=\"https:\/\/www.manheim-express.eu\/de\/glossar\/auto-versteigerung-muenchen-manheim-express\/\" \/>\n<meta property=\"og:site_name\" content=\"Manheim Express\" \/>\n<meta property=\"article:publisher\" content=\"https:\/\/www.facebook.com\/manheimexpresseurope\/\" \/>\n<meta property=\"article:modified_time\" content=\"2024-10-10T08:27:08+00:00\" \/>\n<meta property=\"og:image\" content=\"https:\/\/www.manheim-express.eu\/wp-content\/uploads\/2022\/11\/Manheim-Express-Estate-car.png\" \/>\n<meta name=\"twitter:card\" content=\"summary_large_image\" \/>\n<meta name=\"twitter:label1\" content=\"Gesch\u00e4tzte Lesezeit\" \/>\n\t<meta name=\"twitter:data1\" content=\"3\u00a0Minuten\" \/>\n<script type=\"application\/ld+json\" class=\"yoast-schema-graph\">{\"@context\":\"https:\/\/schema.org\",\"@graph\":[{\"@type\":\"WebPage\",\"@id\":\"https:\/\/www.manheim-express.eu\/de\/glossar\/auto-versteigerung-muenchen-manheim-express\/\",\"url\":\"https:\/\/www.manheim-express.eu\/de\/glossar\/auto-versteigerung-muenchen-manheim-express\/\",\"name\":\"Auto Versteigerung M\u00fcnchen - Manheim Express\",\"isPartOf\":{\"@id\":\"https:\/\/www.manheim-express.eu\/de\/#website\"},\"primaryImageOfPage\":{\"@id\":\"https:\/\/www.manheim-express.eu\/de\/glossar\/auto-versteigerung-muenchen-manheim-express\/#primaryimage\"},\"image\":{\"@id\":\"https:\/\/www.manheim-express.eu\/de\/glossar\/auto-versteigerung-muenchen-manheim-express\/#primaryimage\"},\"thumbnailUrl\":\"https:\/\/www.manheim-express.eu\/wp-content\/uploads\/2022\/11\/Manheim-Express-Estate-car.png\",\"datePublished\":\"2024-01-15T16:32:32+00:00\",\"dateModified\":\"2024-10-10T08:27:08+00:00\",\"description\":\"Auf der Suche nach einer Auto Versteigerung in M\u00fcnchen? Erfahren Sie hier mehr \u00fcber die Auktionsangebote in der Landeshauptstadt.\",\"breadcrumb\":{\"@id\":\"https:\/\/www.manheim-express.eu\/de\/glossar\/auto-versteigerung-muenchen-manheim-express\/#breadcrumb\"},\"inLanguage\":\"de\",\"potentialAction\":[{\"@type\":\"ReadAction\",\"target\":[\"https:\/\/www.manheim-express.eu\/de\/glossar\/auto-versteigerung-muenchen-manheim-express\/\"]}]},{\"@type\":\"ImageObject\",\"inLanguage\":\"de\",\"@id\":\"https:\/\/www.manheim-express.eu\/de\/glossar\/auto-versteigerung-muenchen-manheim-express\/#primaryimage\",\"url\":\"https:\/\/www.manheim-express.eu\/wp-content\/uploads\/2022\/11\/Manheim-Express-Estate-car.png\",\"contentUrl\":\"https:\/\/www.manheim-express.eu\/wp-content\/uploads\/2022\/11\/Manheim-Express-Estate-car.png\"},{\"@type\":\"BreadcrumbList\",\"@id\":\"https:\/\/www.manheim-express.eu\/de\/glossar\/auto-versteigerung-muenchen-manheim-express\/#breadcrumb\",\"itemListElement\":[{\"@type\":\"ListItem\",\"position\":1,\"name\":\"Home\",\"item\":\"https:\/\/www.manheim-express.eu\/de\/\"},{\"@type\":\"ListItem\",\"position\":2,\"name\":\"Glossar\",\"item\":\"https:\/\/www.manheim-express.eu\/de\/glossar\/\"},{\"@type\":\"ListItem\",\"position\":3,\"name\":\"Auto Versteigerung M\u00fcnchen\"}]},{\"@type\":\"WebSite\",\"@id\":\"https:\/\/www.manheim-express.eu\/de\/#website\",\"url\":\"https:\/\/www.manheim-express.eu\/de\/\",\"name\":\"Manheim Express\",\"description\":\"\",\"publisher\":{\"@id\":\"https:\/\/www.manheim-express.eu\/de\/#organization\"},\"potentialAction\":[{\"@type\":\"SearchAction\",\"target\":{\"@type\":\"EntryPoint\",\"urlTemplate\":\"https:\/\/www.manheim-express.eu\/de\/?s={search_term_string}\"},\"query-input\":{\"@type\":\"PropertyValueSpecification\",\"valueRequired\":true,\"valueName\":\"search_term_string\"}}],\"inLanguage\":\"de\"},{\"@type\":\"Organization\",\"@id\":\"https:\/\/www.manheim-express.eu\/de\/#organization\",\"name\":\"Manheim Express\",\"url\":\"https:\/\/www.manheim-express.eu\/de\/\",\"logo\":{\"@type\":\"ImageObject\",\"inLanguage\":\"de\",\"@id\":\"https:\/\/www.manheim-express.eu\/de\/#\/schema\/logo\/image\/\",\"url\":\"https:\/\/www.manheim-express.eu\/wp-content\/uploads\/2021\/07\/manheim-express-logo-light.png\",\"contentUrl\":\"https:\/\/www.manheim-express.eu\/wp-content\/uploads\/2021\/07\/manheim-express-logo-light.png\",\"width\":1163,\"height\":392,\"caption\":\"Manheim Express\"},\"image\":{\"@id\":\"https:\/\/www.manheim-express.eu\/de\/#\/schema\/logo\/image\/\"},\"sameAs\":[\"https:\/\/www.facebook.com\/manheimexpresseurope\/\",\"https:\/\/www.instagram.com\/manheim.express\",\"https:\/\/www.linkedin.com\/company\/manheim-express\/\",\"https:\/\/www.youtube.com\/channel\/UCRKJajJPvJv-ao7Tk7qra5Q\/\"]}]}<\/script>\n<!-- \/ Yoast SEO plugin. -->","yoast_head_json":{"title":"Auto Versteigerung M\u00fcnchen - Manheim Express","description":"Auf der Suche nach einer Auto Versteigerung in M\u00fcnchen? Erfahren Sie hier mehr \u00fcber die Auktionsangebote in der Landeshauptstadt.","robots":{"index":"index","follow":"follow","max-snippet":"max-snippet:-1","max-image-preview":"max-image-preview:large","max-video-preview":"max-video-preview:-1"},"canonical":"https:\/\/www.manheim-express.eu\/de\/glossar\/auto-versteigerung-muenchen-manheim-express\/","og_locale":"de_DE","og_type":"article","og_title":"Auto Versteigerung M\u00fcnchen - Manheim Express","og_description":"Auf der Suche nach einer Auto Versteigerung in M\u00fcnchen? Erfahren Sie hier mehr \u00fcber die Auktionsangebote in der Landeshauptstadt.","og_url":"https:\/\/www.manheim-express.eu\/de\/glossar\/auto-versteigerung-muenchen-manheim-express\/","og_site_name":"Manheim Express","article_publisher":"https:\/\/www.facebook.com\/manheimexpresseurope\/","article_modified_time":"2024-10-10T08:27:08+00:00","og_image":[{"url":"https:\/\/www.manheim-express.eu\/wp-content\/uploads\/2022\/11\/Manheim-Express-Estate-car.png","type":"","width":"","height":""}],"twitter_card":"summary_large_image","twitter_misc":{"Gesch\u00e4tzte Lesezeit":"3\u00a0Minuten"},"schema":{"@context":"https:\/\/schema.org","@graph":[{"@type":"WebPage","@id":"https:\/\/www.manheim-express.eu\/de\/glossar\/auto-versteigerung-muenchen-manheim-express\/","url":"https:\/\/www.manheim-express.eu\/de\/glossar\/auto-versteigerung-muenchen-manheim-express\/","name":"Auto Versteigerung M\u00fcnchen - Manheim Express","isPartOf":{"@id":"https:\/\/www.manheim-express.eu\/de\/#website"},"primaryImageOfPage":{"@id":"https:\/\/www.manheim-express.eu\/de\/glossar\/auto-versteigerung-muenchen-manheim-express\/#primaryimage"},"image":{"@id":"https:\/\/www.manheim-express.eu\/de\/glossar\/auto-versteigerung-muenchen-manheim-express\/#primaryimage"},"thumbnailUrl":"https:\/\/www.manheim-express.eu\/wp-content\/uploads\/2022\/11\/Manheim-Express-Estate-car.png","datePublished":"2024-01-15T16:32:32+00:00","dateModified":"2024-10-10T08:27:08+00:00","description":"Auf der Suche nach einer Auto Versteigerung in M\u00fcnchen? Erfahren Sie hier mehr \u00fcber die Auktionsangebote in der Landeshauptstadt.","breadcrumb":{"@id":"https:\/\/www.manheim-express.eu\/de\/glossar\/auto-versteigerung-muenchen-manheim-express\/#breadcrumb"},"inLanguage":"de","potentialAction":[{"@type":"ReadAction","target":["https:\/\/www.manheim-express.eu\/de\/glossar\/auto-versteigerung-muenchen-manheim-express\/"]}]},{"@type":"ImageObject","inLanguage":"de","@id":"https:\/\/www.manheim-express.eu\/de\/glossar\/auto-versteigerung-muenchen-manheim-express\/#primaryimage","url":"https:\/\/www.manheim-express.eu\/wp-content\/uploads\/2022\/11\/Manheim-Express-Estate-car.png","contentUrl":"https:\/\/www.manheim-express.eu\/wp-content\/uploads\/2022\/11\/Manheim-Express-Estate-car.png"},{"@type":"BreadcrumbList","@id":"https:\/\/www.manheim-express.eu\/de\/glossar\/auto-versteigerung-muenchen-manheim-express\/#breadcrumb","itemListElement":[{"@type":"ListItem","position":1,"name":"Home","item":"https:\/\/www.manheim-express.eu\/de\/"},{"@type":"ListItem","position":2,"name":"Glossar","item":"https:\/\/www.manheim-express.eu\/de\/glossar\/"},{"@type":"ListItem","position":3,"name":"Auto Versteigerung M\u00fcnchen"}]},{"@type":"WebSite","@id":"https:\/\/www.manheim-express.eu\/de\/#website","url":"https:\/\/www.manheim-express.eu\/de\/","name":"Manheim Express","description":"","publisher":{"@id":"https:\/\/www.manheim-express.eu\/de\/#organization"},"potentialAction":[{"@type":"SearchAction","target":{"@type":"EntryPoint","urlTemplate":"https:\/\/www.manheim-express.eu\/de\/?s={search_term_string}"},"query-input":{"@type":"PropertyValueSpecification","valueRequired":true,"valueName":"search_term_string"}}],"inLanguage":"de"},{"@type":"Organization","@id":"https:\/\/www.manheim-express.eu\/de\/#organization","name":"Manheim Express","url":"https:\/\/www.manheim-express.eu\/de\/","logo":{"@type":"ImageObject","inLanguage":"de","@id":"https:\/\/www.manheim-express.eu\/de\/#\/schema\/logo\/image\/","url":"https:\/\/www.manheim-express.eu\/wp-content\/uploads\/2021\/07\/manheim-express-logo-light.png","contentUrl":"https:\/\/www.manheim-express.eu\/wp-content\/uploads\/2021\/07\/manheim-express-logo-light.png","width":1163,"height":392,"caption":"Manheim Express"},"image":{"@id":"https:\/\/www.manheim-express.eu\/de\/#\/schema\/logo\/image\/"},"sameAs":["https:\/\/www.facebook.com\/manheimexpresseurope\/","https:\/\/www.instagram.com\/manheim.express","https:\/\/www.linkedin.com\/company\/manheim-express\/","https:\/\/www.youtube.com\/channel\/UCRKJajJPvJv-ao7Tk7qra5Q\/"]}]}},"_links":{"self":[{"href":"https:\/\/www.manheim-express.eu\/de\/wp-json\/wp\/v2\/pages\/16483","targetHints":{"allow":["GET"]}}],"collection":[{"href":"https:\/\/www.manheim-express.eu\/de\/wp-json\/wp\/v2\/pages"}],"about":[{"href":"https:\/\/www.manheim-express.eu\/de\/wp-json\/wp\/v2\/types\/page"}],"author":[{"embeddable":true,"href":"https:\/\/www.manheim-express.eu\/de\/wp-json\/wp\/v2\/users\/12"}],"replies":[{"embeddable":true,"href":"https:\/\/www.manheim-express.eu\/de\/wp-json\/wp\/v2\/comments?post=16483"}],"version-history":[{"count":10,"href":"https:\/\/www.manheim-express.eu\/de\/wp-json\/wp\/v2\/pages\/16483\/revisions"}],"predecessor-version":[{"id":16729,"href":"https:\/\/www.manheim-express.eu\/de\/wp-json\/wp\/v2\/pages\/16483\/revisions\/16729"}],"up":[{"embeddable":true,"href":"https:\/\/www.manheim-express.eu\/de\/wp-json\/wp\/v2\/pages\/11571"}],"wp:attachment":[{"href":"https:\/\/www.manheim-express.eu\/de\/wp-json\/wp\/v2\/media?parent=16483"}],"wp:term":[{"taxonomy":"wf_page_folders","embeddable":true,"href":"https:\/\/www.manheim-express.eu\/de\/wp-json\/wp\/v2\/wf_page_folders?post=16483"}],"curies":[{"name":"wp","href":"https:\/\/api.w.org\/{rel}","templated":true}]}}