{"id":16475,"date":"2024-01-15T16:23:03","date_gmt":"2024-01-15T16:23:03","guid":{"rendered":"https:\/\/www.manheim-express.eu\/?page_id=16475"},"modified":"2024-10-10T07:43:28","modified_gmt":"2024-10-10T06:43:28","slug":"auto-verkauf-in-luedenscheid-manheim-express","status":"publish","type":"page","link":"https:\/\/www.manheim-express.eu\/de\/glossar\/auto-verkauf-in-luedenscheid-manheim-express\/","title":{"rendered":"Auto-Verkauf in L\u00fcdenscheid"},"content":{"rendered":"\t\t<div data-elementor-type=\"wp-page\" data-elementor-id=\"16475\" class=\"elementor elementor-16475\" data-elementor-post-type=\"page\">\n\t\t\t\t\t\t<section class=\"elementor-section elementor-top-section elementor-element elementor-element-5ad223c elementor-section-full_width elementor-section-stretched elementor-section-height-default elementor-section-height-default\" data-id=\"5ad223c\" data-element_type=\"section\" data-settings=\"{&quot;stretch_section&quot;:&quot;section-stretched&quot;}\">\n\t\t\t\t\t\t<div class=\"elementor-container elementor-column-gap-default\">\n\t\t\t\t\t<div class=\"elementor-column elementor-col-50 elementor-top-column elementor-element elementor-element-d3b519c\" data-id=\"d3b519c\" data-element_type=\"column\" data-settings=\"{&quot;background_background&quot;:&quot;classic&quot;}\">\n\t\t\t<div class=\"elementor-widget-wrap elementor-element-populated\">\n\t\t\t\t\t\t<div class=\"elementor-element elementor-element-036dc3a elementor-widget elementor-widget-text-editor\" data-id=\"036dc3a\" data-element_type=\"widget\" data-widget_type=\"text-editor.default\">\n\t\t\t\t<div class=\"elementor-widget-container\">\n\t\t\t\t\t\t\t\t\t<h2>Sie m\u00f6chten Ihr Auto in L\u00fcdenscheid verkaufen?<\/h2>\t\t\t\t\t\t\t\t<\/div>\n\t\t\t\t<\/div>\n\t\t\t\t<div class=\"elementor-element elementor-element-21c3353 elementor-widget elementor-widget-text-editor\" data-id=\"21c3353\" data-element_type=\"widget\" data-widget_type=\"text-editor.default\">\n\t\t\t\t<div class=\"elementor-widget-container\">\n\t\t\t\t\t\t\t\t\t<h3 class=\"\">Manheim Express zeigt Ihnen, wie es am schnellsten geht.<\/h3>\t\t\t\t\t\t\t\t<\/div>\n\t\t\t\t<\/div>\n\t\t\t\t<div class=\"elementor-element elementor-element-c37119d elementor-widget elementor-widget-text-editor\" data-id=\"c37119d\" data-element_type=\"widget\" data-widget_type=\"text-editor.default\">\n\t\t\t\t<div class=\"elementor-widget-container\">\n\t\t\t\t\t\t\t\t\t<p class=\"western text-justify\">Die Stadt L\u00fcdenscheid im M\u00e4rkischen Kreis bietet privaten und gewerblichen Verk\u00e4ufern eine Vielzahl an Optionen, Ihr Auto zu verkaufen. Grunds\u00e4tzlich besteht f\u00fcr private Verk\u00e4ufer in L\u00fcdenscheid, wie im gesamten Bundesgebiet, die M\u00f6glichkeit, das Auto \u00fcber ein Privatinserat zu verkaufen. Wem dies zu viel Aufwand ist, der kann sich an einen kommerziellen Ank\u00e4ufer von Fahrzeugen oder einen H\u00e4ndler vor Ort wenden. Neben dem Autohandel in L\u00fcdenscheid besteht die M\u00f6glichkeit, den Verkauf online \u00fcber ein Verkaufsportal abzuwickeln. <b>Manheim Express<\/b>\u00a0zeigt Ihnen im Folgenden, welche Vor- und Nachteile die verschiedenen Wege ein Auto in L\u00fcdenscheid zu verkaufen bieten. Gewerblichen K\u00e4ufern und Verk\u00e4ufern empfehlen wir, direkt einmal bei uns vorbeizuschauen. Als Kunde von\u00a0<strong>Manheim Express<\/strong>\u00a0k\u00f6nnen Sie mit wenigen Klicks Ihr Fahrzeug in L\u00fcdenscheid und Umgebung kaufen und verkaufen.<\/p>\t\t\t\t\t\t\t\t<\/div>\n\t\t\t\t<\/div>\n\t\t\t\t<div class=\"elementor-element elementor-element-76774e4 elementor-widget elementor-widget-button\" data-id=\"76774e4\" data-element_type=\"widget\" data-widget_type=\"button.default\">\n\t\t\t\t<div class=\"elementor-widget-container\">\n\t\t\t\t\t\t\t\t\t<div class=\"elementor-button-wrapper\">\n\t\t\t\t\t<a class=\"elementor-button elementor-button-link elementor-size-lg\" href=\"#\">\n\t\t\t\t\t\t<span class=\"elementor-button-content-wrapper\">\n\t\t\t\t\t\t\t\t\t<span class=\"elementor-button-text\">Mehr Infos finden Sie hier<\/span>\n\t\t\t\t\t<\/span>\n\t\t\t\t\t<\/a>\n\t\t\t\t<\/div>\n\t\t\t\t\t\t\t\t<\/div>\n\t\t\t\t<\/div>\n\t\t\t\t<div class=\"elementor-element elementor-element-93513c7 elementor-widget elementor-widget-image\" data-id=\"93513c7\" data-element_type=\"widget\" data-widget_type=\"image.default\">\n\t\t\t\t<div class=\"elementor-widget-container\">\n\t\t\t\t\t\t\t\t\t\t\t\t\t\t\t<img fetchpriority=\"high\" decoding=\"async\" width=\"800\" height=\"389\" src=\"https:\/\/www.manheim-express.eu\/wp-content\/uploads\/2022\/11\/Manheim-Express-Estate-car.png\" class=\"attachment-large size-large wp-image-14639\" alt=\"\" srcset=\"https:\/\/www.manheim-express.eu\/wp-content\/uploads\/2022\/11\/Manheim-Express-Estate-car.png 1024w, https:\/\/www.manheim-express.eu\/wp-content\/uploads\/2022\/11\/Manheim-Express-Estate-car-300x146.png 300w, https:\/\/www.manheim-express.eu\/wp-content\/uploads\/2022\/11\/Manheim-Express-Estate-car-768x374.png 768w\" sizes=\"(max-width: 800px) 100vw, 800px\" \/>\t\t\t\t\t\t\t\t\t\t\t\t\t\t\t<\/div>\n\t\t\t\t<\/div>\n\t\t\t\t\t<\/div>\n\t\t<\/div>\n\t\t\t\t<div class=\"elementor-column elementor-col-50 elementor-top-column elementor-element elementor-element-213236b\" data-id=\"213236b\" data-element_type=\"column\" data-settings=\"{&quot;background_background&quot;:&quot;classic&quot;}\">\n\t\t\t<div class=\"elementor-widget-wrap elementor-element-populated\">\n\t\t\t\t\t\t<div class=\"elementor-element elementor-element-e50b614 elementor-widget elementor-widget-text-editor\" data-id=\"e50b614\" data-element_type=\"widget\" data-widget_type=\"text-editor.default\">\n\t\t\t\t<div class=\"elementor-widget-container\">\n\t\t\t\t\t\t\t\t\t<h2 class=\"\">Privat ein Auto in L\u00fcdenscheid verkaufen \u2013 einige Tipps<\/h2>\t\t\t\t\t\t\t\t<\/div>\n\t\t\t\t<\/div>\n\t\t\t\t<div class=\"elementor-element elementor-element-8d896a4 elementor-widget elementor-widget-text-editor\" data-id=\"8d896a4\" data-element_type=\"widget\" data-widget_type=\"text-editor.default\">\n\t\t\t\t<div class=\"elementor-widget-container\">\n\t\t\t\t\t\t\t\t\t<p>Wer vor der Aufgabe steht, sein\u00a0<strong>Auto privat in L\u00fcdenscheid zu verkaufen<\/strong>, dem bieten sich ganz unterschiedliche M\u00f6glichkeiten. Steht der Autoverkauf im Zusammenhang mit dem Kauf eines Neu- oder Gebrauchtwagens in L\u00fcdenscheid, dann wird h\u00e4ufig das Angebot gemacht, das alte Auto direkt beim H\u00e4ndler in Zahlung zu geben. Aber auch ohne vorherigen Autokauf ist der Autoh\u00e4ndler oft die erste Anlaufstelle um ein Auto zu verkaufen. Die Gr\u00fcnde hierf\u00fcr liegen auf der Hand: der H\u00e4ndler direkt in L\u00fcdenscheid stellte die schnellste und buchst\u00e4blich am n\u00e4chsten liegende Gelegenheit dar, ein Auto zu verkaufen. Zudem ist der H\u00e4ndler mit allen Formalit\u00e4ten rund um den Autokauf bestens vertraut. Das beschleunigt die Abwicklung und ist f\u00fcr den Verk\u00e4ufer entsprechend komfortabel. Gleichzeitig gilt f\u00fcr das Verkaufen beim H\u00e4ndler in L\u00fcdenscheid auch, dass dort der Verk\u00e4ufer in der Regel einen geringeren Preis f\u00fcr sein Auto erzielen wird, als beim privaten Verkaufen. Der\u00a0<strong>Privatverkauf in L\u00fcdenscheid<\/strong>\u00a0kann allerdings dazu f\u00fchren, dass sich der Verkaufsprozess in die L\u00e4nge zieht. Der Verk\u00e4ufer muss Probefahrten selbst organisieren und ist mitunter mit unzuverl\u00e4ssigen Interessenten und langwierigen Verhandlungen konfrontiert.<\/p>\t\t\t\t\t\t\t\t<\/div>\n\t\t\t\t<\/div>\n\t\t\t\t<div class=\"elementor-element elementor-element-e9c050a elementor-widget elementor-widget-text-editor\" data-id=\"e9c050a\" data-element_type=\"widget\" data-widget_type=\"text-editor.default\">\n\t\t\t\t<div class=\"elementor-widget-container\">\n\t\t\t\t\t\t\t\t\t<h2 class=\"\">Gewerblich ein Auto in L\u00fcdenscheid verkaufen<\/h2>\t\t\t\t\t\t\t\t<\/div>\n\t\t\t\t<\/div>\n\t\t\t\t<div class=\"elementor-element elementor-element-af470d2 elementor-widget elementor-widget-text-editor\" data-id=\"af470d2\" data-element_type=\"widget\" data-widget_type=\"text-editor.default\">\n\t\t\t\t<div class=\"elementor-widget-container\">\n\t\t\t\t\t\t\t\t\t<p>Das gewerbliche Verkaufen und Ankaufen von Autos unterliegt naturgem\u00e4\u00df etwas anderen Gesetzm\u00e4\u00dfigkeiten als der Privatverkauf. H\u00e4ndler in L\u00fcdenscheid und Umgebung sind in besonderem Ma\u00dfe daran interessiert, schnell, gew\u00e4hrleistungsfrei&nbsp;und mit einer optimalen Gewinnspanne zu verkaufen. Zudem werden h\u00e4ufig bestimmte Modelle oder Fahrzeugtypen gezielt gesucht. F\u00fcr kommerzielle H\u00e4ndler besteht in der Regel die M\u00f6glichkeit, das Auto im eigenen Autohaus anzubieten und dort zu verkaufen. F\u00fcr g\u00fcnstig erworbene, attraktive Fahrzeuge ist dies oft nach wie vor der beste Weg. Ein attraktiver Wagen zu einem guten Preis macht das eigene Gesch\u00e4ft in L\u00fcdenscheid attraktiv, zieht Kunden in den Laden und wird auch bald verkauft sein. F\u00fcr H\u00e4ndler in L\u00fcdenscheid und Umgebung gilt allerdings, was f\u00fcr das gewerbliche Verkaufen von Autos im gesamten Bundesgebiet gilt: nicht alle Fahrzeuge, die beim H\u00e4ndler landen, sind ohne weiteres vor Ort gut zu verkaufen. Wenn Fahrzeuge zu Langstehern werden, ist dies f\u00fcr H\u00e4ndler oft eine kostspielige Sache. Der gewerbliche Handel im Internet hat f\u00fcr H\u00e4ndler in L\u00fcdenscheid und Umgebung neue M\u00f6glichkeiten geschaffen, ein Auto an den Mann oder die Frau zu bringen, bevor es im Laden zum Langsteher wird. Die Plattform&nbsp;<strong>Manheim Express<\/strong>, direkt in L\u00fcdenscheid, erm\u00f6glicht es H\u00e4ndlern, online in Sekundenschnelle Fahrzeuge einzustellen, zu verkaufen und bei Bedarf einzukaufen. Zudem bietet sich der Vorteil des gew\u00e4hrleistungsfreien Verkaufs durch Ausschluss der Sachm\u00e4ngelhaftung im B2B-Handel.<\/p>\t\t\t\t\t\t\t\t<\/div>\n\t\t\t\t<\/div>\n\t\t\t\t\t<\/div>\n\t\t<\/div>\n\t\t\t\t\t<\/div>\n\t\t<\/section>\n\t\t\t\t<\/div>\n\t\t","protected":false},"excerpt":{"rendered":"<p>Sie m\u00f6chten Ihr Auto in L\u00fcdenscheid verkaufen? Manheim Express zeigt Ihnen, wie es am schnellsten geht. Die Stadt L\u00fcdenscheid im M\u00e4rkischen Kreis bietet privaten und gewerblichen Verk\u00e4ufern eine Vielzahl an Optionen, Ihr Auto zu verkaufen. Grunds\u00e4tzlich besteht f\u00fcr private Verk\u00e4ufer in L\u00fcdenscheid, wie im gesamten Bundesgebiet, die M\u00f6glichkeit, das Auto \u00fcber ein Privatinserat zu verkaufen. [&hellip;]<\/p>\n","protected":false},"author":12,"featured_media":0,"parent":11571,"menu_order":0,"comment_status":"closed","ping_status":"closed","template":"","meta":{"_acf_changed":false,"footnotes":""},"wf_page_folders":[156],"class_list":["post-16475","page","type-page","status-publish","hentry"],"acf":[],"yoast_head":"<!-- This site is optimized with the Yoast SEO plugin v25.8 - https:\/\/yoast.com\/wordpress\/plugins\/seo\/ -->\n<title>Auto-Verkauf in L\u00fcdenscheid - Manheim Express die neue Auktionsplattform f\u00fcr den KFZ Handel<\/title>\n<meta name=\"description\" content=\"Sie m\u00f6chten Ihr Auto in L\u00fcdenscheid verkaufen? Manheim Express zeigt Ihnen, wie es am schnellsten geht.\" \/>\n<meta name=\"robots\" content=\"index, follow, max-snippet:-1, max-image-preview:large, max-video-preview:-1\" \/>\n<link rel=\"canonical\" href=\"https:\/\/www.manheim-express.eu\/de\/glossar\/auto-verkauf-in-luedenscheid-manheim-express\/\" \/>\n<meta property=\"og:locale\" content=\"de_DE\" \/>\n<meta property=\"og:type\" content=\"article\" \/>\n<meta property=\"og:title\" content=\"Auto-Verkauf in L\u00fcdenscheid - Manheim Express die neue Auktionsplattform f\u00fcr den KFZ Handel\" \/>\n<meta property=\"og:description\" content=\"Sie m\u00f6chten Ihr Auto in L\u00fcdenscheid verkaufen? Manheim Express zeigt Ihnen, wie es am schnellsten geht.\" \/>\n<meta property=\"og:url\" content=\"https:\/\/www.manheim-express.eu\/de\/glossar\/auto-verkauf-in-luedenscheid-manheim-express\/\" \/>\n<meta property=\"og:site_name\" content=\"Manheim Express\" \/>\n<meta property=\"article:publisher\" content=\"https:\/\/www.facebook.com\/manheimexpresseurope\/\" \/>\n<meta property=\"article:modified_time\" content=\"2024-10-10T06:43:28+00:00\" \/>\n<meta property=\"og:image\" content=\"https:\/\/www.manheim-express.eu\/wp-content\/uploads\/2022\/11\/Manheim-Express-Estate-car.png\" \/>\n<meta name=\"twitter:card\" content=\"summary_large_image\" \/>\n<meta name=\"twitter:label1\" content=\"Gesch\u00e4tzte Lesezeit\" \/>\n\t<meta name=\"twitter:data1\" content=\"3\u00a0Minuten\" \/>\n<script type=\"application\/ld+json\" class=\"yoast-schema-graph\">{\"@context\":\"https:\/\/schema.org\",\"@graph\":[{\"@type\":\"WebPage\",\"@id\":\"https:\/\/www.manheim-express.eu\/de\/glossar\/auto-verkauf-in-luedenscheid-manheim-express\/\",\"url\":\"https:\/\/www.manheim-express.eu\/de\/glossar\/auto-verkauf-in-luedenscheid-manheim-express\/\",\"name\":\"Auto-Verkauf in L\u00fcdenscheid - Manheim Express die neue Auktionsplattform f\u00fcr den KFZ Handel\",\"isPartOf\":{\"@id\":\"https:\/\/www.manheim-express.eu\/de\/#website\"},\"primaryImageOfPage\":{\"@id\":\"https:\/\/www.manheim-express.eu\/de\/glossar\/auto-verkauf-in-luedenscheid-manheim-express\/#primaryimage\"},\"image\":{\"@id\":\"https:\/\/www.manheim-express.eu\/de\/glossar\/auto-verkauf-in-luedenscheid-manheim-express\/#primaryimage\"},\"thumbnailUrl\":\"https:\/\/www.manheim-express.eu\/wp-content\/uploads\/2022\/11\/Manheim-Express-Estate-car.png\",\"datePublished\":\"2024-01-15T16:23:03+00:00\",\"dateModified\":\"2024-10-10T06:43:28+00:00\",\"description\":\"Sie m\u00f6chten Ihr Auto in L\u00fcdenscheid verkaufen? Manheim Express zeigt Ihnen, wie es am schnellsten geht.\",\"breadcrumb\":{\"@id\":\"https:\/\/www.manheim-express.eu\/de\/glossar\/auto-verkauf-in-luedenscheid-manheim-express\/#breadcrumb\"},\"inLanguage\":\"de\",\"potentialAction\":[{\"@type\":\"ReadAction\",\"target\":[\"https:\/\/www.manheim-express.eu\/de\/glossar\/auto-verkauf-in-luedenscheid-manheim-express\/\"]}]},{\"@type\":\"ImageObject\",\"inLanguage\":\"de\",\"@id\":\"https:\/\/www.manheim-express.eu\/de\/glossar\/auto-verkauf-in-luedenscheid-manheim-express\/#primaryimage\",\"url\":\"https:\/\/www.manheim-express.eu\/wp-content\/uploads\/2022\/11\/Manheim-Express-Estate-car.png\",\"contentUrl\":\"https:\/\/www.manheim-express.eu\/wp-content\/uploads\/2022\/11\/Manheim-Express-Estate-car.png\"},{\"@type\":\"BreadcrumbList\",\"@id\":\"https:\/\/www.manheim-express.eu\/de\/glossar\/auto-verkauf-in-luedenscheid-manheim-express\/#breadcrumb\",\"itemListElement\":[{\"@type\":\"ListItem\",\"position\":1,\"name\":\"Home\",\"item\":\"https:\/\/www.manheim-express.eu\/de\/\"},{\"@type\":\"ListItem\",\"position\":2,\"name\":\"Glossar\",\"item\":\"https:\/\/www.manheim-express.eu\/de\/glossar\/\"},{\"@type\":\"ListItem\",\"position\":3,\"name\":\"Auto-Verkauf in L\u00fcdenscheid\"}]},{\"@type\":\"WebSite\",\"@id\":\"https:\/\/www.manheim-express.eu\/de\/#website\",\"url\":\"https:\/\/www.manheim-express.eu\/de\/\",\"name\":\"Manheim Express\",\"description\":\"\",\"publisher\":{\"@id\":\"https:\/\/www.manheim-express.eu\/de\/#organization\"},\"potentialAction\":[{\"@type\":\"SearchAction\",\"target\":{\"@type\":\"EntryPoint\",\"urlTemplate\":\"https:\/\/www.manheim-express.eu\/de\/?s={search_term_string}\"},\"query-input\":{\"@type\":\"PropertyValueSpecification\",\"valueRequired\":true,\"valueName\":\"search_term_string\"}}],\"inLanguage\":\"de\"},{\"@type\":\"Organization\",\"@id\":\"https:\/\/www.manheim-express.eu\/de\/#organization\",\"name\":\"Manheim Express\",\"url\":\"https:\/\/www.manheim-express.eu\/de\/\",\"logo\":{\"@type\":\"ImageObject\",\"inLanguage\":\"de\",\"@id\":\"https:\/\/www.manheim-express.eu\/de\/#\/schema\/logo\/image\/\",\"url\":\"https:\/\/www.manheim-express.eu\/wp-content\/uploads\/2021\/07\/manheim-express-logo-light.png\",\"contentUrl\":\"https:\/\/www.manheim-express.eu\/wp-content\/uploads\/2021\/07\/manheim-express-logo-light.png\",\"width\":1163,\"height\":392,\"caption\":\"Manheim Express\"},\"image\":{\"@id\":\"https:\/\/www.manheim-express.eu\/de\/#\/schema\/logo\/image\/\"},\"sameAs\":[\"https:\/\/www.facebook.com\/manheimexpresseurope\/\",\"https:\/\/www.instagram.com\/manheim.express\",\"https:\/\/www.linkedin.com\/company\/manheim-express\/\",\"https:\/\/www.youtube.com\/channel\/UCRKJajJPvJv-ao7Tk7qra5Q\/\"]}]}<\/script>\n<!-- \/ Yoast SEO plugin. -->","yoast_head_json":{"title":"Auto-Verkauf in L\u00fcdenscheid - Manheim Express die neue Auktionsplattform f\u00fcr den KFZ Handel","description":"Sie m\u00f6chten Ihr Auto in L\u00fcdenscheid verkaufen? Manheim Express zeigt Ihnen, wie es am schnellsten geht.","robots":{"index":"index","follow":"follow","max-snippet":"max-snippet:-1","max-image-preview":"max-image-preview:large","max-video-preview":"max-video-preview:-1"},"canonical":"https:\/\/www.manheim-express.eu\/de\/glossar\/auto-verkauf-in-luedenscheid-manheim-express\/","og_locale":"de_DE","og_type":"article","og_title":"Auto-Verkauf in L\u00fcdenscheid - Manheim Express die neue Auktionsplattform f\u00fcr den KFZ Handel","og_description":"Sie m\u00f6chten Ihr Auto in L\u00fcdenscheid verkaufen? Manheim Express zeigt Ihnen, wie es am schnellsten geht.","og_url":"https:\/\/www.manheim-express.eu\/de\/glossar\/auto-verkauf-in-luedenscheid-manheim-express\/","og_site_name":"Manheim Express","article_publisher":"https:\/\/www.facebook.com\/manheimexpresseurope\/","article_modified_time":"2024-10-10T06:43:28+00:00","og_image":[{"url":"https:\/\/www.manheim-express.eu\/wp-content\/uploads\/2022\/11\/Manheim-Express-Estate-car.png","type":"","width":"","height":""}],"twitter_card":"summary_large_image","twitter_misc":{"Gesch\u00e4tzte Lesezeit":"3\u00a0Minuten"},"schema":{"@context":"https:\/\/schema.org","@graph":[{"@type":"WebPage","@id":"https:\/\/www.manheim-express.eu\/de\/glossar\/auto-verkauf-in-luedenscheid-manheim-express\/","url":"https:\/\/www.manheim-express.eu\/de\/glossar\/auto-verkauf-in-luedenscheid-manheim-express\/","name":"Auto-Verkauf in L\u00fcdenscheid - Manheim Express die neue Auktionsplattform f\u00fcr den KFZ Handel","isPartOf":{"@id":"https:\/\/www.manheim-express.eu\/de\/#website"},"primaryImageOfPage":{"@id":"https:\/\/www.manheim-express.eu\/de\/glossar\/auto-verkauf-in-luedenscheid-manheim-express\/#primaryimage"},"image":{"@id":"https:\/\/www.manheim-express.eu\/de\/glossar\/auto-verkauf-in-luedenscheid-manheim-express\/#primaryimage"},"thumbnailUrl":"https:\/\/www.manheim-express.eu\/wp-content\/uploads\/2022\/11\/Manheim-Express-Estate-car.png","datePublished":"2024-01-15T16:23:03+00:00","dateModified":"2024-10-10T06:43:28+00:00","description":"Sie m\u00f6chten Ihr Auto in L\u00fcdenscheid verkaufen? Manheim Express zeigt Ihnen, wie es am schnellsten geht.","breadcrumb":{"@id":"https:\/\/www.manheim-express.eu\/de\/glossar\/auto-verkauf-in-luedenscheid-manheim-express\/#breadcrumb"},"inLanguage":"de","potentialAction":[{"@type":"ReadAction","target":["https:\/\/www.manheim-express.eu\/de\/glossar\/auto-verkauf-in-luedenscheid-manheim-express\/"]}]},{"@type":"ImageObject","inLanguage":"de","@id":"https:\/\/www.manheim-express.eu\/de\/glossar\/auto-verkauf-in-luedenscheid-manheim-express\/#primaryimage","url":"https:\/\/www.manheim-express.eu\/wp-content\/uploads\/2022\/11\/Manheim-Express-Estate-car.png","contentUrl":"https:\/\/www.manheim-express.eu\/wp-content\/uploads\/2022\/11\/Manheim-Express-Estate-car.png"},{"@type":"BreadcrumbList","@id":"https:\/\/www.manheim-express.eu\/de\/glossar\/auto-verkauf-in-luedenscheid-manheim-express\/#breadcrumb","itemListElement":[{"@type":"ListItem","position":1,"name":"Home","item":"https:\/\/www.manheim-express.eu\/de\/"},{"@type":"ListItem","position":2,"name":"Glossar","item":"https:\/\/www.manheim-express.eu\/de\/glossar\/"},{"@type":"ListItem","position":3,"name":"Auto-Verkauf in L\u00fcdenscheid"}]},{"@type":"WebSite","@id":"https:\/\/www.manheim-express.eu\/de\/#website","url":"https:\/\/www.manheim-express.eu\/de\/","name":"Manheim Express","description":"","publisher":{"@id":"https:\/\/www.manheim-express.eu\/de\/#organization"},"potentialAction":[{"@type":"SearchAction","target":{"@type":"EntryPoint","urlTemplate":"https:\/\/www.manheim-express.eu\/de\/?s={search_term_string}"},"query-input":{"@type":"PropertyValueSpecification","valueRequired":true,"valueName":"search_term_string"}}],"inLanguage":"de"},{"@type":"Organization","@id":"https:\/\/www.manheim-express.eu\/de\/#organization","name":"Manheim Express","url":"https:\/\/www.manheim-express.eu\/de\/","logo":{"@type":"ImageObject","inLanguage":"de","@id":"https:\/\/www.manheim-express.eu\/de\/#\/schema\/logo\/image\/","url":"https:\/\/www.manheim-express.eu\/wp-content\/uploads\/2021\/07\/manheim-express-logo-light.png","contentUrl":"https:\/\/www.manheim-express.eu\/wp-content\/uploads\/2021\/07\/manheim-express-logo-light.png","width":1163,"height":392,"caption":"Manheim Express"},"image":{"@id":"https:\/\/www.manheim-express.eu\/de\/#\/schema\/logo\/image\/"},"sameAs":["https:\/\/www.facebook.com\/manheimexpresseurope\/","https:\/\/www.instagram.com\/manheim.express","https:\/\/www.linkedin.com\/company\/manheim-express\/","https:\/\/www.youtube.com\/channel\/UCRKJajJPvJv-ao7Tk7qra5Q\/"]}]}},"_links":{"self":[{"href":"https:\/\/www.manheim-express.eu\/de\/wp-json\/wp\/v2\/pages\/16475","targetHints":{"allow":["GET"]}}],"collection":[{"href":"https:\/\/www.manheim-express.eu\/de\/wp-json\/wp\/v2\/pages"}],"about":[{"href":"https:\/\/www.manheim-express.eu\/de\/wp-json\/wp\/v2\/types\/page"}],"author":[{"embeddable":true,"href":"https:\/\/www.manheim-express.eu\/de\/wp-json\/wp\/v2\/users\/12"}],"replies":[{"embeddable":true,"href":"https:\/\/www.manheim-express.eu\/de\/wp-json\/wp\/v2\/comments?post=16475"}],"version-history":[{"count":7,"href":"https:\/\/www.manheim-express.eu\/de\/wp-json\/wp\/v2\/pages\/16475\/revisions"}],"predecessor-version":[{"id":16738,"href":"https:\/\/www.manheim-express.eu\/de\/wp-json\/wp\/v2\/pages\/16475\/revisions\/16738"}],"up":[{"embeddable":true,"href":"https:\/\/www.manheim-express.eu\/de\/wp-json\/wp\/v2\/pages\/11571"}],"wp:attachment":[{"href":"https:\/\/www.manheim-express.eu\/de\/wp-json\/wp\/v2\/media?parent=16475"}],"wp:term":[{"taxonomy":"wf_page_folders","embeddable":true,"href":"https:\/\/www.manheim-express.eu\/de\/wp-json\/wp\/v2\/wf_page_folders?post=16475"}],"curies":[{"name":"wp","href":"https:\/\/api.w.org\/{rel}","templated":true}]}}