{"id":16453,"date":"2024-01-15T16:21:40","date_gmt":"2024-01-15T16:21:40","guid":{"rendered":"https:\/\/www.manheim-express.eu\/?page_id=16453"},"modified":"2024-01-15T16:21:42","modified_gmt":"2024-01-15T16:21:42","slug":"leasingrucklaufer-kaufen","status":"publish","type":"page","link":"https:\/\/www.manheim-express.eu\/de\/glossar\/leasingrucklaufer-kaufen\/","title":{"rendered":"Leasingr\u00fcckl\u00e4ufer kaufen"},"content":{"rendered":"\t\t<div data-elementor-type=\"wp-page\" data-elementor-id=\"16453\" class=\"elementor elementor-16453\" data-elementor-post-type=\"page\">\n\t\t\t\t\t\t<section class=\"elementor-section elementor-top-section elementor-element elementor-element-5ad223c elementor-section-full_width elementor-section-stretched elementor-section-height-default elementor-section-height-default\" data-id=\"5ad223c\" data-element_type=\"section\" data-settings=\"{&quot;stretch_section&quot;:&quot;section-stretched&quot;}\">\n\t\t\t\t\t\t<div class=\"elementor-container elementor-column-gap-default\">\n\t\t\t\t\t<div class=\"elementor-column elementor-col-50 elementor-top-column elementor-element elementor-element-d3b519c\" data-id=\"d3b519c\" data-element_type=\"column\" data-settings=\"{&quot;background_background&quot;:&quot;classic&quot;}\">\n\t\t\t<div class=\"elementor-widget-wrap elementor-element-populated\">\n\t\t\t\t\t\t<div class=\"elementor-element elementor-element-036dc3a elementor-widget elementor-widget-text-editor\" data-id=\"036dc3a\" data-element_type=\"widget\" data-widget_type=\"text-editor.default\">\n\t\t\t\t<div class=\"elementor-widget-container\">\n\t\t\t\t\t\t\t\t\t<h2>Mit Manheim Express Leasingr\u00fcckl\u00e4ufer einfach kaufen und verkaufen<\/h2>\t\t\t\t\t\t\t\t<\/div>\n\t\t\t\t<\/div>\n\t\t\t\t<div class=\"elementor-element elementor-element-21c3353 elementor-widget elementor-widget-text-editor\" data-id=\"21c3353\" data-element_type=\"widget\" data-widget_type=\"text-editor.default\">\n\t\t\t\t<div class=\"elementor-widget-container\">\n\t\t\t\t\t\t\t\t\t<h3 class=\"\">Erfahren Sie hier, was Sie beim Kauf von Leasingr\u00fcckl\u00e4ufern ber\u00fccksichtigen m\u00fcssen.<\/h3>\t\t\t\t\t\t\t\t<\/div>\n\t\t\t\t<\/div>\n\t\t\t\t<div class=\"elementor-element elementor-element-c37119d elementor-widget elementor-widget-text-editor\" data-id=\"c37119d\" data-element_type=\"widget\" data-widget_type=\"text-editor.default\">\n\t\t\t\t<div class=\"elementor-widget-container\">\n\t\t\t\t\t\t\t\t\t<p>Wenn Sie sich f\u00fcr Leasingr\u00fcckl\u00e4ufer interessieren, sind Sie bei\u00a0<span style=\"font-weight: bolder;\">Manheim Express<\/span>\u00a0genau richtig. Unsere Handelsplattform erm\u00f6glicht es K\u00e4ufern und Verk\u00e4ufern von Leasingr\u00fcckl\u00e4ufern, schnell und einfach zum Gesch\u00e4ftsabschluss zu kommen. M\u00f6glich wird dies durch das umfangreiche und nutzerfreundliche Serviceangebot von\u00a0<span style=\"font-weight: bolder;\">Manheim Express<\/span>.\u00a0<\/p>\t\t\t\t\t\t\t\t<\/div>\n\t\t\t\t<\/div>\n\t\t\t\t<div class=\"elementor-element elementor-element-76774e4 elementor-widget elementor-widget-button\" data-id=\"76774e4\" data-element_type=\"widget\" data-widget_type=\"button.default\">\n\t\t\t\t<div class=\"elementor-widget-container\">\n\t\t\t\t\t\t\t\t\t<div class=\"elementor-button-wrapper\">\n\t\t\t\t\t<a class=\"elementor-button elementor-button-link elementor-size-lg\" href=\"#\">\n\t\t\t\t\t\t<span class=\"elementor-button-content-wrapper\">\n\t\t\t\t\t\t\t\t\t<span class=\"elementor-button-text\">Mehr Infos finden Sie hier<\/span>\n\t\t\t\t\t<\/span>\n\t\t\t\t\t<\/a>\n\t\t\t\t<\/div>\n\t\t\t\t\t\t\t\t<\/div>\n\t\t\t\t<\/div>\n\t\t\t\t<div class=\"elementor-element elementor-element-93513c7 elementor-widget elementor-widget-image\" data-id=\"93513c7\" data-element_type=\"widget\" data-widget_type=\"image.default\">\n\t\t\t\t<div class=\"elementor-widget-container\">\n\t\t\t\t\t\t\t\t\t\t\t\t\t\t\t<img fetchpriority=\"high\" decoding=\"async\" width=\"800\" height=\"389\" src=\"https:\/\/www.manheim-express.eu\/wp-content\/uploads\/2022\/11\/Manheim-Express-Estate-car.png\" class=\"attachment-large size-large wp-image-14639\" alt=\"\" srcset=\"https:\/\/www.manheim-express.eu\/wp-content\/uploads\/2022\/11\/Manheim-Express-Estate-car.png 1024w, https:\/\/www.manheim-express.eu\/wp-content\/uploads\/2022\/11\/Manheim-Express-Estate-car-300x146.png 300w, https:\/\/www.manheim-express.eu\/wp-content\/uploads\/2022\/11\/Manheim-Express-Estate-car-768x374.png 768w\" sizes=\"(max-width: 800px) 100vw, 800px\" \/>\t\t\t\t\t\t\t\t\t\t\t\t\t\t\t<\/div>\n\t\t\t\t<\/div>\n\t\t\t\t\t<\/div>\n\t\t<\/div>\n\t\t\t\t<div class=\"elementor-column elementor-col-50 elementor-top-column elementor-element elementor-element-213236b\" data-id=\"213236b\" data-element_type=\"column\" data-settings=\"{&quot;background_background&quot;:&quot;classic&quot;}\">\n\t\t\t<div class=\"elementor-widget-wrap elementor-element-populated\">\n\t\t\t\t\t\t<div class=\"elementor-element elementor-element-e50b614 elementor-widget elementor-widget-text-editor\" data-id=\"e50b614\" data-element_type=\"widget\" data-widget_type=\"text-editor.default\">\n\t\t\t\t<div class=\"elementor-widget-container\">\n\t\t\t\t\t\t\t\t\t<h2 class=\"\">Leasingr\u00fcckl\u00e4ufer effektiv kaufen und verkaufen.<\/h2>\t\t\t\t\t\t\t\t<\/div>\n\t\t\t\t<\/div>\n\t\t\t\t<div class=\"elementor-element elementor-element-8d896a4 elementor-widget elementor-widget-text-editor\" data-id=\"8d896a4\" data-element_type=\"widget\" data-widget_type=\"text-editor.default\">\n\t\t\t\t<div class=\"elementor-widget-container\">\n\t\t\t\t\t\t\t\t\t<p><strong>Leasingr\u00fcckl\u00e4ufer\u00a0<\/strong>sind Fahrzeuge, die vom Nutzer (=Leasingnehmer) nach einer bestimmten Laufzeit wieder an den Vertragspartner (=Leasinggeber) zur\u00fcckgegeben werden. Diese Situation tritt dann ein, wenn der Leasingnehmer das Fahrzeug nach Ende des Leasingvertrages nicht \u00fcbernehmen, also vollst\u00e4ndig\u00a0<strong>kaufen<\/strong>, m\u00f6chte. Die Leasinggesellschaften stehen nun vor der Aufgabe, das zur\u00fcckerhaltene Fahrzeug \u2013 den\u00a0<strong>Leasingr\u00fcckl\u00e4ufer<\/strong>\u00a0\u2013\u00a0<strong>weiterzuverkaufen<\/strong>, sofern es nicht noch einmal als Leasingfahrzeug angeboten werden soll. Solche Leasingr\u00fcckl\u00e4ufer werden in der Regel dem Gebrauchtwagenmarkt zugef\u00fchrt. G\u00e4ngige Leasingdauern belaufen zwischen 12 und 60 Monaten, daher handelt es sich bei\u00a0<strong>Leasingr\u00fcckl\u00e4ufern<\/strong>\u00a0in der Regel um Fahrzeuge neueren Baujahrs. Da die Laufzeiten und Nutzungsbedingungen von unterschiedlichen Leasingvertr\u00e4gen sich oft deutlich unterscheiden, k\u00f6nnen kaum pauschale Urteile \u00fcber den Zustand der\u00a0<strong>Leasingr\u00fcckl\u00e4ufer\u00a0<\/strong>gemacht werden. Hinzu kommt, wie bei jedem Gebrauchtwagen, das individuelle Nutzungsverhalten des vorherigen Fahrzeuginhabers. Wie alle Gebrauchtwagen unterscheiden sich\u00a0<strong>Leasingr\u00fcckl\u00e4ufer<\/strong>\u00a0beim K<strong>aufen und Verkaufen<\/strong>\u00a0daher je nach Nutzungsdauer und Intensit\u00e4t der Nutzung deutlich voneinander.<\/p>\t\t\t\t\t\t\t\t<\/div>\n\t\t\t\t<\/div>\n\t\t\t\t<div class=\"elementor-element elementor-element-e9c050a elementor-widget elementor-widget-text-editor\" data-id=\"e9c050a\" data-element_type=\"widget\" data-widget_type=\"text-editor.default\">\n\t\t\t\t<div class=\"elementor-widget-container\">\n\t\t\t\t\t\t\t\t\t<h2 class=\"\">Was Sie beim Kaufen von Leasingr\u00fcckl\u00e4ufern beachten sollten.<\/h2>\t\t\t\t\t\t\t\t<\/div>\n\t\t\t\t<\/div>\n\t\t\t\t<div class=\"elementor-element elementor-element-af470d2 elementor-widget elementor-widget-text-editor\" data-id=\"af470d2\" data-element_type=\"widget\" data-widget_type=\"text-editor.default\">\n\t\t\t\t<div class=\"elementor-widget-container\">\n\t\t\t\t\t\t\t\t\t<p><strong>Leasingr\u00fcckl\u00e4ufer<\/strong>\u00a0<strong>zu kaufen<\/strong>\u00a0kann eine interessante Kaufoption im Gebrauchtwagenmarkt darstellen. Bei Gesch\u00e4ftswagen, die als\u00a0 Leasingfahrzeuge betrieben wurden, sind oft namhafte Modelle mit\u00a0 einer Vielzahl an Extras zu finden. Was sollte beim\u00a0<strong>Kauf von Leasingr\u00fcckl\u00e4ufern<\/strong>\u00a0beachtet werden? Wie alle Gebrauchtfahrzeuge k\u00f6nnen auch Leasingfahrzeuge mehr oder weniger starke Abnutzungs- und Verschlei\u00dferscheinungen aufweisen. Je nach Laufzeit des Leasingvertrages kann es sich beim Leasingfahrzeug um ein neuwertiges Modell mit guter Ausstattung handeln. Der K\u00e4ufer kann sich darauf verlassen, dass Wartungs- und Inspektionsintervalle eingehalten wurden und l\u00fcckenlos dokumentiert worden sind und dass entsprechend Besch\u00e4digungen, die am Fahrzeug w\u00e4hrend der Leasingdauer entstanden sind, professionell behoben worden sind.\u00a0<strong>Leasingr\u00fcckl\u00e4ufer<\/strong><strong>sind beim Kaufen<\/strong>\u00a0in dieser Hinsicht h\u00e4ufig deutlich transparenter als Gebrauchtwagen, die aus der privaten Nutzung stammen. Auf der anderen Seite stammen Leasingfahrzeuge h\u00e4ufig aus der gewerblichen Nutzung, beispielsweise dem Au\u00dfendienst. Entsprechend hoch k\u00f6nnen die Kilometerleistung oder andere Abnutzungserscheinungen sein. Wie beim Kauf von Gebrauchtwagen allgemein, kann der Blick eines Fachmannes vor dem Kauf sehr hilfreich sein und den K\u00e4ufer vor b\u00f6sen \u00dcberraschungen bewahren.<\/p>\t\t\t\t\t\t\t\t<\/div>\n\t\t\t\t<\/div>\n\t\t\t\t<div class=\"elementor-element elementor-element-6958f40 elementor-widget elementor-widget-text-editor\" data-id=\"6958f40\" data-element_type=\"widget\" data-widget_type=\"text-editor.default\">\n\t\t\t\t<div class=\"elementor-widget-container\">\n\t\t\t\t\t\t\t\t\t<h2 class=\"\">Exkurs: Was bedeutet eigentlich \u201escheckheftgepflegt\u201c?<\/h2>\t\t\t\t\t\t\t\t<\/div>\n\t\t\t\t<\/div>\n\t\t\t\t<div class=\"elementor-element elementor-element-f169844 elementor-widget elementor-widget-text-editor\" data-id=\"f169844\" data-element_type=\"widget\" data-widget_type=\"text-editor.default\">\n\t\t\t\t<div class=\"elementor-widget-container\">\n\t\t\t\t\t\t\t\t\t<p><strong>Beim Kaufen und Verkaufen\u00a0<\/strong>werden\u00a0<strong>Leasingr\u00fcckl\u00e4ufer<\/strong>h\u00e4ufig mit dem Attribut \u201escheckheftgepflegt\u201c beworben. Bei Interessenten von\u00a0<strong>Leasingr\u00fcckl\u00e4ufern<\/strong>, aber auch beim Verk\u00e4ufer wird diese Bezeichnung leider mitunter etwas nachl\u00e4ssig, im Sinne von: \u201egut gepflegt\u201c oder \u201ees wurden Inspektionen durchgef\u00fchrt\u201c verstanden. Wichtig zu wissen ist: Die Bezeichnung \u201escheckheftgepflegt\u201c hat eine klar bestimmte und sogar rechtlich bindende Bedeutung. Sie gibt an, dass am Fahrzeug alle vom Hersteller empfohlenen Wartungen und Inspektionen in einer entsprechenden Vertragswerkstatt durchgef\u00fchrt worden sind. Alle diese Wartungsma\u00dfnahmen m\u00fcssen im Scheckheft eingetragen sein. Beim Kaufen eines\u00a0<strong>Leasingr\u00fcckl\u00e4ufers<\/strong>\u00a0wird Ihnen die Bezeichnung scheckheftgepflegt h\u00e4ufiger begegnen als im \u00fcbrigen Gebrauchtwagenhandel. Das liegt daran, dass die Leasingunternehmen von Ihren Kunden in der Regel eine solche Scheckheftpflege verlangen. Sie sollten sich das Scheckheft bei Gelegenheit allerdings genau ansehen und auf Vollst\u00e4ndigkeit pr\u00fcfen, bevor Sie ein Fahrzeug kaufen. Und bitte bedenken Sie, dass auch ein scheckheftgepflegter\u00a0<strong>Leasingr\u00fcckl\u00e4ufer<\/strong>\u00a0M\u00e4ngel und Verschlei\u00dferscheinungen aufweisen kann.<\/p>\t\t\t\t\t\t\t\t<\/div>\n\t\t\t\t<\/div>\n\t\t\t\t\t<\/div>\n\t\t<\/div>\n\t\t\t\t\t<\/div>\n\t\t<\/section>\n\t\t\t\t<\/div>\n\t\t","protected":false},"excerpt":{"rendered":"<p>Mit Manheim Express Leasingr\u00fcckl\u00e4ufer einfach kaufen und verkaufen Erfahren Sie hier, was Sie beim Kauf von Leasingr\u00fcckl\u00e4ufern ber\u00fccksichtigen m\u00fcssen. Wenn Sie sich f\u00fcr Leasingr\u00fcckl\u00e4ufer interessieren, sind Sie bei\u00a0Manheim Express\u00a0genau richtig. Unsere Handelsplattform erm\u00f6glicht es K\u00e4ufern und Verk\u00e4ufern von Leasingr\u00fcckl\u00e4ufern, schnell und einfach zum Gesch\u00e4ftsabschluss zu kommen. M\u00f6glich wird dies durch das umfangreiche und nutzerfreundliche Serviceangebot [&hellip;]<\/p>\n","protected":false},"author":12,"featured_media":0,"parent":11571,"menu_order":0,"comment_status":"closed","ping_status":"closed","template":"","meta":{"_acf_changed":false,"footnotes":""},"wf_page_folders":[156],"class_list":["post-16453","page","type-page","status-publish","hentry"],"acf":[],"yoast_head":"<!-- This site is optimized with the Yoast SEO plugin v25.8 - https:\/\/yoast.com\/wordpress\/plugins\/seo\/ -->\n<title>Leasingr\u00fcckl\u00e4ufer kaufen - Manheim Express die neue Auktionsplattform f\u00fcr den KFZ Handel<\/title>\n<meta name=\"description\" content=\"Mit Manheim Express Leasingr\u00fcckl\u00e4ufer ganz einfach kaufen und verkaufen. So profitieren Sie als H\u00e4ndler von unseren Online-Tools im B2B-Verkauf.\" \/>\n<meta name=\"robots\" content=\"index, follow, max-snippet:-1, max-image-preview:large, max-video-preview:-1\" \/>\n<link rel=\"canonical\" href=\"https:\/\/www.manheim-express.eu\/de\/glossar\/leasingrucklaufer-kaufen\/\" \/>\n<meta property=\"og:locale\" content=\"de_DE\" \/>\n<meta property=\"og:type\" content=\"article\" \/>\n<meta property=\"og:title\" content=\"Leasingr\u00fcckl\u00e4ufer kaufen - Manheim Express die neue Auktionsplattform f\u00fcr den KFZ Handel\" \/>\n<meta property=\"og:description\" content=\"Mit Manheim Express Leasingr\u00fcckl\u00e4ufer ganz einfach kaufen und verkaufen. So profitieren Sie als H\u00e4ndler von unseren Online-Tools im B2B-Verkauf.\" \/>\n<meta property=\"og:url\" content=\"https:\/\/www.manheim-express.eu\/de\/glossar\/leasingrucklaufer-kaufen\/\" \/>\n<meta property=\"og:site_name\" content=\"Manheim Express\" \/>\n<meta property=\"article:publisher\" content=\"https:\/\/www.facebook.com\/manheimexpresseurope\/\" \/>\n<meta property=\"article:modified_time\" content=\"2024-01-15T16:21:42+00:00\" \/>\n<meta property=\"og:image\" content=\"https:\/\/www.manheim-express.eu\/wp-content\/uploads\/2022\/11\/Manheim-Express-Estate-car.png\" \/>\n<meta name=\"twitter:card\" content=\"summary_large_image\" \/>\n<meta name=\"twitter:label1\" content=\"Gesch\u00e4tzte Lesezeit\" \/>\n\t<meta name=\"twitter:data1\" content=\"3\u00a0Minuten\" \/>\n<script type=\"application\/ld+json\" class=\"yoast-schema-graph\">{\"@context\":\"https:\/\/schema.org\",\"@graph\":[{\"@type\":\"WebPage\",\"@id\":\"https:\/\/www.manheim-express.eu\/de\/glossar\/leasingrucklaufer-kaufen\/\",\"url\":\"https:\/\/www.manheim-express.eu\/de\/glossar\/leasingrucklaufer-kaufen\/\",\"name\":\"Leasingr\u00fcckl\u00e4ufer kaufen - Manheim Express die neue Auktionsplattform f\u00fcr den KFZ Handel\",\"isPartOf\":{\"@id\":\"https:\/\/www.manheim-express.eu\/de\/#website\"},\"primaryImageOfPage\":{\"@id\":\"https:\/\/www.manheim-express.eu\/de\/glossar\/leasingrucklaufer-kaufen\/#primaryimage\"},\"image\":{\"@id\":\"https:\/\/www.manheim-express.eu\/de\/glossar\/leasingrucklaufer-kaufen\/#primaryimage\"},\"thumbnailUrl\":\"https:\/\/www.manheim-express.eu\/wp-content\/uploads\/2022\/11\/Manheim-Express-Estate-car.png\",\"datePublished\":\"2024-01-15T16:21:40+00:00\",\"dateModified\":\"2024-01-15T16:21:42+00:00\",\"description\":\"Mit Manheim Express Leasingr\u00fcckl\u00e4ufer ganz einfach kaufen und verkaufen. So profitieren Sie als H\u00e4ndler von unseren Online-Tools im B2B-Verkauf.\",\"breadcrumb\":{\"@id\":\"https:\/\/www.manheim-express.eu\/de\/glossar\/leasingrucklaufer-kaufen\/#breadcrumb\"},\"inLanguage\":\"de\",\"potentialAction\":[{\"@type\":\"ReadAction\",\"target\":[\"https:\/\/www.manheim-express.eu\/de\/glossar\/leasingrucklaufer-kaufen\/\"]}]},{\"@type\":\"ImageObject\",\"inLanguage\":\"de\",\"@id\":\"https:\/\/www.manheim-express.eu\/de\/glossar\/leasingrucklaufer-kaufen\/#primaryimage\",\"url\":\"https:\/\/www.manheim-express.eu\/wp-content\/uploads\/2022\/11\/Manheim-Express-Estate-car.png\",\"contentUrl\":\"https:\/\/www.manheim-express.eu\/wp-content\/uploads\/2022\/11\/Manheim-Express-Estate-car.png\"},{\"@type\":\"BreadcrumbList\",\"@id\":\"https:\/\/www.manheim-express.eu\/de\/glossar\/leasingrucklaufer-kaufen\/#breadcrumb\",\"itemListElement\":[{\"@type\":\"ListItem\",\"position\":1,\"name\":\"Home\",\"item\":\"https:\/\/www.manheim-express.eu\/de\/\"},{\"@type\":\"ListItem\",\"position\":2,\"name\":\"Glossar\",\"item\":\"https:\/\/www.manheim-express.eu\/de\/glossar\/\"},{\"@type\":\"ListItem\",\"position\":3,\"name\":\"Leasingr\u00fcckl\u00e4ufer kaufen\"}]},{\"@type\":\"WebSite\",\"@id\":\"https:\/\/www.manheim-express.eu\/de\/#website\",\"url\":\"https:\/\/www.manheim-express.eu\/de\/\",\"name\":\"Manheim Express\",\"description\":\"\",\"publisher\":{\"@id\":\"https:\/\/www.manheim-express.eu\/de\/#organization\"},\"potentialAction\":[{\"@type\":\"SearchAction\",\"target\":{\"@type\":\"EntryPoint\",\"urlTemplate\":\"https:\/\/www.manheim-express.eu\/de\/?s={search_term_string}\"},\"query-input\":{\"@type\":\"PropertyValueSpecification\",\"valueRequired\":true,\"valueName\":\"search_term_string\"}}],\"inLanguage\":\"de\"},{\"@type\":\"Organization\",\"@id\":\"https:\/\/www.manheim-express.eu\/de\/#organization\",\"name\":\"Manheim Express\",\"url\":\"https:\/\/www.manheim-express.eu\/de\/\",\"logo\":{\"@type\":\"ImageObject\",\"inLanguage\":\"de\",\"@id\":\"https:\/\/www.manheim-express.eu\/de\/#\/schema\/logo\/image\/\",\"url\":\"https:\/\/www.manheim-express.eu\/wp-content\/uploads\/2021\/07\/manheim-express-logo-light.png\",\"contentUrl\":\"https:\/\/www.manheim-express.eu\/wp-content\/uploads\/2021\/07\/manheim-express-logo-light.png\",\"width\":1163,\"height\":392,\"caption\":\"Manheim Express\"},\"image\":{\"@id\":\"https:\/\/www.manheim-express.eu\/de\/#\/schema\/logo\/image\/\"},\"sameAs\":[\"https:\/\/www.facebook.com\/manheimexpresseurope\/\",\"https:\/\/www.instagram.com\/manheim.express\",\"https:\/\/www.linkedin.com\/company\/manheim-express\/\",\"https:\/\/www.youtube.com\/channel\/UCRKJajJPvJv-ao7Tk7qra5Q\/\"]}]}<\/script>\n<!-- \/ Yoast SEO plugin. -->","yoast_head_json":{"title":"Leasingr\u00fcckl\u00e4ufer kaufen - Manheim Express die neue Auktionsplattform f\u00fcr den KFZ Handel","description":"Mit Manheim Express Leasingr\u00fcckl\u00e4ufer ganz einfach kaufen und verkaufen. So profitieren Sie als H\u00e4ndler von unseren Online-Tools im B2B-Verkauf.","robots":{"index":"index","follow":"follow","max-snippet":"max-snippet:-1","max-image-preview":"max-image-preview:large","max-video-preview":"max-video-preview:-1"},"canonical":"https:\/\/www.manheim-express.eu\/de\/glossar\/leasingrucklaufer-kaufen\/","og_locale":"de_DE","og_type":"article","og_title":"Leasingr\u00fcckl\u00e4ufer kaufen - Manheim Express die neue Auktionsplattform f\u00fcr den KFZ Handel","og_description":"Mit Manheim Express Leasingr\u00fcckl\u00e4ufer ganz einfach kaufen und verkaufen. So profitieren Sie als H\u00e4ndler von unseren Online-Tools im B2B-Verkauf.","og_url":"https:\/\/www.manheim-express.eu\/de\/glossar\/leasingrucklaufer-kaufen\/","og_site_name":"Manheim Express","article_publisher":"https:\/\/www.facebook.com\/manheimexpresseurope\/","article_modified_time":"2024-01-15T16:21:42+00:00","og_image":[{"url":"https:\/\/www.manheim-express.eu\/wp-content\/uploads\/2022\/11\/Manheim-Express-Estate-car.png","type":"","width":"","height":""}],"twitter_card":"summary_large_image","twitter_misc":{"Gesch\u00e4tzte Lesezeit":"3\u00a0Minuten"},"schema":{"@context":"https:\/\/schema.org","@graph":[{"@type":"WebPage","@id":"https:\/\/www.manheim-express.eu\/de\/glossar\/leasingrucklaufer-kaufen\/","url":"https:\/\/www.manheim-express.eu\/de\/glossar\/leasingrucklaufer-kaufen\/","name":"Leasingr\u00fcckl\u00e4ufer kaufen - Manheim Express die neue Auktionsplattform f\u00fcr den KFZ Handel","isPartOf":{"@id":"https:\/\/www.manheim-express.eu\/de\/#website"},"primaryImageOfPage":{"@id":"https:\/\/www.manheim-express.eu\/de\/glossar\/leasingrucklaufer-kaufen\/#primaryimage"},"image":{"@id":"https:\/\/www.manheim-express.eu\/de\/glossar\/leasingrucklaufer-kaufen\/#primaryimage"},"thumbnailUrl":"https:\/\/www.manheim-express.eu\/wp-content\/uploads\/2022\/11\/Manheim-Express-Estate-car.png","datePublished":"2024-01-15T16:21:40+00:00","dateModified":"2024-01-15T16:21:42+00:00","description":"Mit Manheim Express Leasingr\u00fcckl\u00e4ufer ganz einfach kaufen und verkaufen. So profitieren Sie als H\u00e4ndler von unseren Online-Tools im B2B-Verkauf.","breadcrumb":{"@id":"https:\/\/www.manheim-express.eu\/de\/glossar\/leasingrucklaufer-kaufen\/#breadcrumb"},"inLanguage":"de","potentialAction":[{"@type":"ReadAction","target":["https:\/\/www.manheim-express.eu\/de\/glossar\/leasingrucklaufer-kaufen\/"]}]},{"@type":"ImageObject","inLanguage":"de","@id":"https:\/\/www.manheim-express.eu\/de\/glossar\/leasingrucklaufer-kaufen\/#primaryimage","url":"https:\/\/www.manheim-express.eu\/wp-content\/uploads\/2022\/11\/Manheim-Express-Estate-car.png","contentUrl":"https:\/\/www.manheim-express.eu\/wp-content\/uploads\/2022\/11\/Manheim-Express-Estate-car.png"},{"@type":"BreadcrumbList","@id":"https:\/\/www.manheim-express.eu\/de\/glossar\/leasingrucklaufer-kaufen\/#breadcrumb","itemListElement":[{"@type":"ListItem","position":1,"name":"Home","item":"https:\/\/www.manheim-express.eu\/de\/"},{"@type":"ListItem","position":2,"name":"Glossar","item":"https:\/\/www.manheim-express.eu\/de\/glossar\/"},{"@type":"ListItem","position":3,"name":"Leasingr\u00fcckl\u00e4ufer kaufen"}]},{"@type":"WebSite","@id":"https:\/\/www.manheim-express.eu\/de\/#website","url":"https:\/\/www.manheim-express.eu\/de\/","name":"Manheim Express","description":"","publisher":{"@id":"https:\/\/www.manheim-express.eu\/de\/#organization"},"potentialAction":[{"@type":"SearchAction","target":{"@type":"EntryPoint","urlTemplate":"https:\/\/www.manheim-express.eu\/de\/?s={search_term_string}"},"query-input":{"@type":"PropertyValueSpecification","valueRequired":true,"valueName":"search_term_string"}}],"inLanguage":"de"},{"@type":"Organization","@id":"https:\/\/www.manheim-express.eu\/de\/#organization","name":"Manheim Express","url":"https:\/\/www.manheim-express.eu\/de\/","logo":{"@type":"ImageObject","inLanguage":"de","@id":"https:\/\/www.manheim-express.eu\/de\/#\/schema\/logo\/image\/","url":"https:\/\/www.manheim-express.eu\/wp-content\/uploads\/2021\/07\/manheim-express-logo-light.png","contentUrl":"https:\/\/www.manheim-express.eu\/wp-content\/uploads\/2021\/07\/manheim-express-logo-light.png","width":1163,"height":392,"caption":"Manheim Express"},"image":{"@id":"https:\/\/www.manheim-express.eu\/de\/#\/schema\/logo\/image\/"},"sameAs":["https:\/\/www.facebook.com\/manheimexpresseurope\/","https:\/\/www.instagram.com\/manheim.express","https:\/\/www.linkedin.com\/company\/manheim-express\/","https:\/\/www.youtube.com\/channel\/UCRKJajJPvJv-ao7Tk7qra5Q\/"]}]}},"_links":{"self":[{"href":"https:\/\/www.manheim-express.eu\/de\/wp-json\/wp\/v2\/pages\/16453","targetHints":{"allow":["GET"]}}],"collection":[{"href":"https:\/\/www.manheim-express.eu\/de\/wp-json\/wp\/v2\/pages"}],"about":[{"href":"https:\/\/www.manheim-express.eu\/de\/wp-json\/wp\/v2\/types\/page"}],"author":[{"embeddable":true,"href":"https:\/\/www.manheim-express.eu\/de\/wp-json\/wp\/v2\/users\/12"}],"replies":[{"embeddable":true,"href":"https:\/\/www.manheim-express.eu\/de\/wp-json\/wp\/v2\/comments?post=16453"}],"version-history":[{"count":10,"href":"https:\/\/www.manheim-express.eu\/de\/wp-json\/wp\/v2\/pages\/16453\/revisions"}],"predecessor-version":[{"id":16877,"href":"https:\/\/www.manheim-express.eu\/de\/wp-json\/wp\/v2\/pages\/16453\/revisions\/16877"}],"up":[{"embeddable":true,"href":"https:\/\/www.manheim-express.eu\/de\/wp-json\/wp\/v2\/pages\/11571"}],"wp:attachment":[{"href":"https:\/\/www.manheim-express.eu\/de\/wp-json\/wp\/v2\/media?parent=16453"}],"wp:term":[{"taxonomy":"wf_page_folders","embeddable":true,"href":"https:\/\/www.manheim-express.eu\/de\/wp-json\/wp\/v2\/wf_page_folders?post=16453"}],"curies":[{"name":"wp","href":"https:\/\/api.w.org\/{rel}","templated":true}]}}