{"id":16438,"date":"2024-01-15T16:19:53","date_gmt":"2024-01-15T16:19:53","guid":{"rendered":"https:\/\/www.manheim-express.eu\/?page_id=16438"},"modified":"2024-01-15T16:19:54","modified_gmt":"2024-01-15T16:19:54","slug":"langsteher","status":"publish","type":"page","link":"https:\/\/www.manheim-express.eu\/de\/glossar\/langsteher\/","title":{"rendered":"Langsteher"},"content":{"rendered":"\t\t<div data-elementor-type=\"wp-page\" data-elementor-id=\"16438\" class=\"elementor elementor-16438\" data-elementor-post-type=\"page\">\n\t\t\t\t\t\t<section class=\"elementor-section elementor-top-section elementor-element elementor-element-5ad223c elementor-section-full_width elementor-section-stretched elementor-section-height-default elementor-section-height-default\" data-id=\"5ad223c\" data-element_type=\"section\" data-settings=\"{&quot;stretch_section&quot;:&quot;section-stretched&quot;}\">\n\t\t\t\t\t\t<div class=\"elementor-container elementor-column-gap-default\">\n\t\t\t\t\t<div class=\"elementor-column elementor-col-50 elementor-top-column elementor-element elementor-element-d3b519c\" data-id=\"d3b519c\" data-element_type=\"column\" data-settings=\"{&quot;background_background&quot;:&quot;classic&quot;}\">\n\t\t\t<div class=\"elementor-widget-wrap elementor-element-populated\">\n\t\t\t\t\t\t<div class=\"elementor-element elementor-element-036dc3a elementor-widget elementor-widget-text-editor\" data-id=\"036dc3a\" data-element_type=\"widget\" data-widget_type=\"text-editor.default\">\n\t\t\t\t<div class=\"elementor-widget-container\">\n\t\t\t\t\t\t\t\t\t<h2>Zu viele Langsteher auf dem Hof?<\/h2>\t\t\t\t\t\t\t\t<\/div>\n\t\t\t\t<\/div>\n\t\t\t\t<div class=\"elementor-element elementor-element-21c3353 elementor-widget elementor-widget-text-editor\" data-id=\"21c3353\" data-element_type=\"widget\" data-widget_type=\"text-editor.default\">\n\t\t\t\t<div class=\"elementor-widget-container\">\n\t\t\t\t\t\t\t\t\t<h3 class=\"\">Mit Manheim Express verkaufen Sie Fahrzeuge, bevor sie Kapital vernichten<\/h3>\t\t\t\t\t\t\t\t<\/div>\n\t\t\t\t<\/div>\n\t\t\t\t<div class=\"elementor-element elementor-element-c37119d elementor-widget elementor-widget-text-editor\" data-id=\"c37119d\" data-element_type=\"widget\" data-widget_type=\"text-editor.default\">\n\t\t\t\t<div class=\"elementor-widget-container\">\n\t\t\t\t\t\t\t\t\t<p class=\"western text-justify\">Langsteher werden oft als unvermeidliches \u00dcbel angesehen. Doch vielen H\u00e4ndlern ist nicht klar, dass zu lange Standzeiten bei den Gebrauchten ein ganzes Gesch\u00e4ft in Mitleidenschaft ziehen k\u00f6nnen. Besser ist es, Langsteher gar nicht erst entstehen zu lassen und Fahrzeuge konsequent fr\u00fchzeitig abzuverkaufen. Wie das mit\u00a0<span style=\"font-weight: bolder;\">Manheim Express<\/span>\u00a0ganz einfach funktioniert?<\/p>\t\t\t\t\t\t\t\t<\/div>\n\t\t\t\t<\/div>\n\t\t\t\t<div class=\"elementor-element elementor-element-76774e4 elementor-widget elementor-widget-button\" data-id=\"76774e4\" data-element_type=\"widget\" data-widget_type=\"button.default\">\n\t\t\t\t<div class=\"elementor-widget-container\">\n\t\t\t\t\t\t\t\t\t<div class=\"elementor-button-wrapper\">\n\t\t\t\t\t<a class=\"elementor-button elementor-button-link elementor-size-lg\" href=\"#\">\n\t\t\t\t\t\t<span class=\"elementor-button-content-wrapper\">\n\t\t\t\t\t\t\t\t\t<span class=\"elementor-button-text\">Mehr Infos finden Sie hier<\/span>\n\t\t\t\t\t<\/span>\n\t\t\t\t\t<\/a>\n\t\t\t\t<\/div>\n\t\t\t\t\t\t\t\t<\/div>\n\t\t\t\t<\/div>\n\t\t\t\t<div class=\"elementor-element elementor-element-93513c7 elementor-widget elementor-widget-image\" data-id=\"93513c7\" data-element_type=\"widget\" data-widget_type=\"image.default\">\n\t\t\t\t<div class=\"elementor-widget-container\">\n\t\t\t\t\t\t\t\t\t\t\t\t\t\t\t<img fetchpriority=\"high\" decoding=\"async\" width=\"800\" height=\"389\" src=\"https:\/\/www.manheim-express.eu\/wp-content\/uploads\/2022\/11\/Manheim-Express-Estate-car.png\" class=\"attachment-large size-large wp-image-14639\" alt=\"\" srcset=\"https:\/\/www.manheim-express.eu\/wp-content\/uploads\/2022\/11\/Manheim-Express-Estate-car.png 1024w, https:\/\/www.manheim-express.eu\/wp-content\/uploads\/2022\/11\/Manheim-Express-Estate-car-300x146.png 300w, https:\/\/www.manheim-express.eu\/wp-content\/uploads\/2022\/11\/Manheim-Express-Estate-car-768x374.png 768w\" sizes=\"(max-width: 800px) 100vw, 800px\" \/>\t\t\t\t\t\t\t\t\t\t\t\t\t\t\t<\/div>\n\t\t\t\t<\/div>\n\t\t\t\t\t<\/div>\n\t\t<\/div>\n\t\t\t\t<div class=\"elementor-column elementor-col-50 elementor-top-column elementor-element elementor-element-213236b\" data-id=\"213236b\" data-element_type=\"column\" data-settings=\"{&quot;background_background&quot;:&quot;classic&quot;}\">\n\t\t\t<div class=\"elementor-widget-wrap elementor-element-populated\">\n\t\t\t\t\t\t<div class=\"elementor-element elementor-element-e50b614 elementor-widget elementor-widget-text-editor\" data-id=\"e50b614\" data-element_type=\"widget\" data-widget_type=\"text-editor.default\">\n\t\t\t\t<div class=\"elementor-widget-container\">\n\t\t\t\t\t\t\t\t\t<h2 class=\"\">Das Problem der Langsteher im Gebrauchtwagenmarkt<\/h2>\t\t\t\t\t\t\t\t<\/div>\n\t\t\t\t<\/div>\n\t\t\t\t<div class=\"elementor-element elementor-element-8d896a4 elementor-widget elementor-widget-text-editor\" data-id=\"8d896a4\" data-element_type=\"widget\" data-widget_type=\"text-editor.default\">\n\t\t\t\t<div class=\"elementor-widget-container\">\n\t\t\t\t\t\t\t\t\t<p>Es gibt wohl keinen Autoh\u00e4ndler, der sich nicht schon einmal mit\u00a0<strong>Langstehern<\/strong>\u00a0in seinem Fuhrpark auseinandersetzen musste. Denn manche Fahrzeuge gehen weg wie die sprichw\u00f6rtlichen warmen Semmeln, generieren schnell und lukrativ Kapital und machen Platz f\u00fcr neue Wagen. Und wieder andere stehen viel zu lange im Laden und finden einfach keinen K\u00e4ufer. Das liegt oft an den Modellen selbst, die zu wenige Kunden ansprechen oder auch an ung\u00fcnstigen Eckdaten. Mitunter kann auch eine neue Gesetzgebung, wie das Beispiel der Fahrverbote f\u00fcr bestimmte Dieselfahrzeuge zeigt, ein ganz neues Segment von\u00a0<strong>Langstehern<\/strong>\u00a0erzeugen. Doch bereits bei der Definition, was ein\u00a0<strong>Langsteher<\/strong>\u00a0ist, gehen die Meinungen auseinander. W\u00e4hrend manche H\u00e4ndler konsequent ab Standzeiten von 90 Tagen vom\u00a0<strong>Langsteher<\/strong>\u00a0sprechen, beginnt er f\u00fcr andere erst nach 180 Tagen. Doch verbindliche Bestimmungen f\u00fchren ohnehin nicht zur L\u00f6sung des Problems. Fest steht, dass manche Fahrzeuge zu lange keinen K\u00e4ufer finden, sukzessive an Wert und Marktchancen verlieren und letztlich dem Unternehmen mehr schaden als n\u00fctzen. Denn f\u00fcr jeden H\u00e4ndler gilt: je schneller ein Fahrzeug an den Kunden kommt umso besser. Was in der Theorie klar ist, kann in der Praxis allerdings m\u00fchsam und zeitraubend werden.<\/p>\t\t\t\t\t\t\t\t<\/div>\n\t\t\t\t<\/div>\n\t\t\t\t<div class=\"elementor-element elementor-element-e9c050a elementor-widget elementor-widget-text-editor\" data-id=\"e9c050a\" data-element_type=\"widget\" data-widget_type=\"text-editor.default\">\n\t\t\t\t<div class=\"elementor-widget-container\">\n\t\t\t\t\t\t\t\t\t<h2 class=\"\">Warum Sie ein Langsteher mehr Geld kostet, als Sie glauben<\/h2>\t\t\t\t\t\t\t\t<\/div>\n\t\t\t\t<\/div>\n\t\t\t\t<div class=\"elementor-element elementor-element-af470d2 elementor-widget elementor-widget-text-editor\" data-id=\"af470d2\" data-element_type=\"widget\" data-widget_type=\"text-editor.default\">\n\t\t\t\t<div class=\"elementor-widget-container\">\n\t\t\t\t\t\t\t\t\t<p>F\u00fcr eine Reihe von H\u00e4ndlern wird das Thema\u00a0<strong>Langsteher<\/strong>\u00a0immer noch als mehr oder weniger unvermeidlich angesehen. Nach dem Motto: manche Fahrzeuge gehen eben schnell weg, andere stehen l\u00e4nger, wird eine gewisse Quote an\u00a0<strong>Langstehern<\/strong>\u00a0hingenommen. Allerdings machen sich viele H\u00e4ndler nicht klar, wie ung\u00fcnstig sich ein oder mehrere\u00a0<strong>Langsteher<\/strong>\u00a0auf die Verkaufsperformance auswirken k\u00f6nnen. Dazu sollte man sich vergegenw\u00e4rtigen, dass ein Fahrzeug, das lange unverkauft im Laden steht, gleich in mehrfacher Hinsicht Kapital verbrennt. Dass ein\u00a0<strong>Langsteher<\/strong>\u00a0gebundenes Kapital bedeutet, ist den meisten H\u00e4ndler noch klar. Potenzielle Standsch\u00e4den, die am Fahrzeug entstehen k\u00f6nnen, werden schon ganz gerne ausgeblendet. Nicht ausreichend pr\u00e4sent ist oft auch, dass anstatt des\u00a0<strong>Langstehers<\/strong>\u00a0in der Zwischenzeit zwei oder drei Fahrzeuge lukrativ verkauft werden k\u00f6nnten. Und wenn der\u00a0<strong>Langsteher<\/strong>\u00a0dann doch noch weggeht, ist der Gewinn meist nicht mehr der Rede wert.<\/p>\t\t\t\t\t\t\t\t<\/div>\n\t\t\t\t<\/div>\n\t\t\t\t<div class=\"elementor-element elementor-element-6958f40 elementor-widget elementor-widget-text-editor\" data-id=\"6958f40\" data-element_type=\"widget\" data-widget_type=\"text-editor.default\">\n\t\t\t\t<div class=\"elementor-widget-container\">\n\t\t\t\t\t\t\t\t\t<h2 class=\"\">Wie Sie mit Manheim Express Langsteher vermeiden<\/h2>\t\t\t\t\t\t\t\t<\/div>\n\t\t\t\t<\/div>\n\t\t\t\t<div class=\"elementor-element elementor-element-f169844 elementor-widget elementor-widget-text-editor\" data-id=\"f169844\" data-element_type=\"widget\" data-widget_type=\"text-editor.default\">\n\t\t\t\t<div class=\"elementor-widget-container\">\n\t\t\t\t\t\t\t\t\t<p>Wie bei kaum einem anderen Thema sind Theorie und Praxis so weit voneinander entfernt wie bei Langstehern. Grunds\u00e4tzlich wei\u00df jeder H\u00e4ndler, dass ein Langsteher in der Flotte einer zu viel ist. Konsequente und vor allem effektive Ma\u00dfnahmen, um Langsteher zu vermeiden, ergreifen allerdings nur wenige. Dabei gibt es eine L\u00f6sung: Das Online-Portal\u00a0<span style=\"font-weight: bolder;\">Manheim Express<\/span>\u00a0er\u00f6ffnet H\u00e4ndlern vollkommen neue M\u00f6glichkeiten, ihre Fahrzeuge an den Mann oder die Frau zu bringen. Durch das Einstellen der Fahrzeuge bei\u00a0<span style=\"font-weight: bolder;\">Manheim Express<\/span>\u00a0vervielfachen sich die potenziellen Kunden und damit die Verkaufschancen. Blitzschnell sind revisionssichere Gesch\u00e4fte mit anderen Gebrauchtwagenh\u00e4ndlern abgewickelt, die genau nach Ihrem Fahrzeug suchen. Sie verkaufen Fahrzeuge, bevor sie sich zu Langstehern entwickeln, schaffen Platz f\u00fcr neue lukrative Modelle und haben die Gewissheit, dass in Ihrem Gesch\u00e4ft Bewegung und Dynamik sind. Mit\u00a0<span style=\"font-weight: bolder;\">Manheim Express<\/span>\u00a0bringen Sie mehr als frischen Wind in Ihr Gesch\u00e4ft: Sie vermeiden versteckte Kosten, die mit Langstehern einhergehen, und investieren dort, wo es sich lohnt.<\/p>\t\t\t\t\t\t\t\t<\/div>\n\t\t\t\t<\/div>\n\t\t\t\t\t<\/div>\n\t\t<\/div>\n\t\t\t\t\t<\/div>\n\t\t<\/section>\n\t\t\t\t<\/div>\n\t\t","protected":false},"excerpt":{"rendered":"<p>Zu viele Langsteher auf dem Hof? Mit Manheim Express verkaufen Sie Fahrzeuge, bevor sie Kapital vernichten Langsteher werden oft als unvermeidliches \u00dcbel angesehen. Doch vielen H\u00e4ndlern ist nicht klar, dass zu lange Standzeiten bei den Gebrauchten ein ganzes Gesch\u00e4ft in Mitleidenschaft ziehen k\u00f6nnen. Besser ist es, Langsteher gar nicht erst entstehen zu lassen und Fahrzeuge [&hellip;]<\/p>\n","protected":false},"author":12,"featured_media":0,"parent":11571,"menu_order":0,"comment_status":"closed","ping_status":"closed","template":"","meta":{"_acf_changed":false,"footnotes":""},"wf_page_folders":[156],"class_list":["post-16438","page","type-page","status-publish","hentry"],"acf":[],"yoast_head":"<!-- This site is optimized with the Yoast SEO plugin v25.8 - https:\/\/yoast.com\/wordpress\/plugins\/seo\/ -->\n<title>Langsteher - Manheim Express die neue Auktionsplattform f\u00fcr den KFZ Handel<\/title>\n<meta name=\"description\" content=\"Es gibt wohl keinen Autoh\u00e4ndler, der sich nicht schon einmal mit Langstehern in seinem Fuhrpark auseinandersetzen musste.\" \/>\n<meta name=\"robots\" content=\"index, follow, max-snippet:-1, max-image-preview:large, max-video-preview:-1\" \/>\n<link rel=\"canonical\" href=\"https:\/\/www.manheim-express.eu\/de\/glossar\/langsteher\/\" \/>\n<meta property=\"og:locale\" content=\"de_DE\" \/>\n<meta property=\"og:type\" content=\"article\" \/>\n<meta property=\"og:title\" content=\"Langsteher - Manheim Express die neue Auktionsplattform f\u00fcr den KFZ Handel\" \/>\n<meta property=\"og:description\" content=\"Es gibt wohl keinen Autoh\u00e4ndler, der sich nicht schon einmal mit Langstehern in seinem Fuhrpark auseinandersetzen musste.\" \/>\n<meta property=\"og:url\" content=\"https:\/\/www.manheim-express.eu\/de\/glossar\/langsteher\/\" \/>\n<meta property=\"og:site_name\" content=\"Manheim Express\" \/>\n<meta property=\"article:publisher\" content=\"https:\/\/www.facebook.com\/manheimexpresseurope\/\" \/>\n<meta property=\"article:modified_time\" content=\"2024-01-15T16:19:54+00:00\" \/>\n<meta property=\"og:image\" content=\"https:\/\/www.manheim-express.eu\/wp-content\/uploads\/2022\/11\/Manheim-Express-Estate-car.png\" \/>\n<meta name=\"twitter:card\" content=\"summary_large_image\" \/>\n<meta name=\"twitter:label1\" content=\"Gesch\u00e4tzte Lesezeit\" \/>\n\t<meta name=\"twitter:data1\" content=\"3\u00a0Minuten\" \/>\n<script type=\"application\/ld+json\" class=\"yoast-schema-graph\">{\"@context\":\"https:\/\/schema.org\",\"@graph\":[{\"@type\":\"WebPage\",\"@id\":\"https:\/\/www.manheim-express.eu\/de\/glossar\/langsteher\/\",\"url\":\"https:\/\/www.manheim-express.eu\/de\/glossar\/langsteher\/\",\"name\":\"Langsteher - Manheim Express die neue Auktionsplattform f\u00fcr den KFZ Handel\",\"isPartOf\":{\"@id\":\"https:\/\/www.manheim-express.eu\/de\/#website\"},\"primaryImageOfPage\":{\"@id\":\"https:\/\/www.manheim-express.eu\/de\/glossar\/langsteher\/#primaryimage\"},\"image\":{\"@id\":\"https:\/\/www.manheim-express.eu\/de\/glossar\/langsteher\/#primaryimage\"},\"thumbnailUrl\":\"https:\/\/www.manheim-express.eu\/wp-content\/uploads\/2022\/11\/Manheim-Express-Estate-car.png\",\"datePublished\":\"2024-01-15T16:19:53+00:00\",\"dateModified\":\"2024-01-15T16:19:54+00:00\",\"description\":\"Es gibt wohl keinen Autoh\u00e4ndler, der sich nicht schon einmal mit Langstehern in seinem Fuhrpark auseinandersetzen musste.\",\"breadcrumb\":{\"@id\":\"https:\/\/www.manheim-express.eu\/de\/glossar\/langsteher\/#breadcrumb\"},\"inLanguage\":\"de\",\"potentialAction\":[{\"@type\":\"ReadAction\",\"target\":[\"https:\/\/www.manheim-express.eu\/de\/glossar\/langsteher\/\"]}]},{\"@type\":\"ImageObject\",\"inLanguage\":\"de\",\"@id\":\"https:\/\/www.manheim-express.eu\/de\/glossar\/langsteher\/#primaryimage\",\"url\":\"https:\/\/www.manheim-express.eu\/wp-content\/uploads\/2022\/11\/Manheim-Express-Estate-car.png\",\"contentUrl\":\"https:\/\/www.manheim-express.eu\/wp-content\/uploads\/2022\/11\/Manheim-Express-Estate-car.png\"},{\"@type\":\"BreadcrumbList\",\"@id\":\"https:\/\/www.manheim-express.eu\/de\/glossar\/langsteher\/#breadcrumb\",\"itemListElement\":[{\"@type\":\"ListItem\",\"position\":1,\"name\":\"Home\",\"item\":\"https:\/\/www.manheim-express.eu\/de\/\"},{\"@type\":\"ListItem\",\"position\":2,\"name\":\"Glossar\",\"item\":\"https:\/\/www.manheim-express.eu\/de\/glossar\/\"},{\"@type\":\"ListItem\",\"position\":3,\"name\":\"Langsteher\"}]},{\"@type\":\"WebSite\",\"@id\":\"https:\/\/www.manheim-express.eu\/de\/#website\",\"url\":\"https:\/\/www.manheim-express.eu\/de\/\",\"name\":\"Manheim Express\",\"description\":\"\",\"publisher\":{\"@id\":\"https:\/\/www.manheim-express.eu\/de\/#organization\"},\"potentialAction\":[{\"@type\":\"SearchAction\",\"target\":{\"@type\":\"EntryPoint\",\"urlTemplate\":\"https:\/\/www.manheim-express.eu\/de\/?s={search_term_string}\"},\"query-input\":{\"@type\":\"PropertyValueSpecification\",\"valueRequired\":true,\"valueName\":\"search_term_string\"}}],\"inLanguage\":\"de\"},{\"@type\":\"Organization\",\"@id\":\"https:\/\/www.manheim-express.eu\/de\/#organization\",\"name\":\"Manheim Express\",\"url\":\"https:\/\/www.manheim-express.eu\/de\/\",\"logo\":{\"@type\":\"ImageObject\",\"inLanguage\":\"de\",\"@id\":\"https:\/\/www.manheim-express.eu\/de\/#\/schema\/logo\/image\/\",\"url\":\"https:\/\/www.manheim-express.eu\/wp-content\/uploads\/2021\/07\/manheim-express-logo-light.png\",\"contentUrl\":\"https:\/\/www.manheim-express.eu\/wp-content\/uploads\/2021\/07\/manheim-express-logo-light.png\",\"width\":1163,\"height\":392,\"caption\":\"Manheim Express\"},\"image\":{\"@id\":\"https:\/\/www.manheim-express.eu\/de\/#\/schema\/logo\/image\/\"},\"sameAs\":[\"https:\/\/www.facebook.com\/manheimexpresseurope\/\",\"https:\/\/www.instagram.com\/manheim.express\",\"https:\/\/www.linkedin.com\/company\/manheim-express\/\",\"https:\/\/www.youtube.com\/channel\/UCRKJajJPvJv-ao7Tk7qra5Q\/\"]}]}<\/script>\n<!-- \/ Yoast SEO plugin. -->","yoast_head_json":{"title":"Langsteher - Manheim Express die neue Auktionsplattform f\u00fcr den KFZ Handel","description":"Es gibt wohl keinen Autoh\u00e4ndler, der sich nicht schon einmal mit Langstehern in seinem Fuhrpark auseinandersetzen musste.","robots":{"index":"index","follow":"follow","max-snippet":"max-snippet:-1","max-image-preview":"max-image-preview:large","max-video-preview":"max-video-preview:-1"},"canonical":"https:\/\/www.manheim-express.eu\/de\/glossar\/langsteher\/","og_locale":"de_DE","og_type":"article","og_title":"Langsteher - Manheim Express die neue Auktionsplattform f\u00fcr den KFZ Handel","og_description":"Es gibt wohl keinen Autoh\u00e4ndler, der sich nicht schon einmal mit Langstehern in seinem Fuhrpark auseinandersetzen musste.","og_url":"https:\/\/www.manheim-express.eu\/de\/glossar\/langsteher\/","og_site_name":"Manheim Express","article_publisher":"https:\/\/www.facebook.com\/manheimexpresseurope\/","article_modified_time":"2024-01-15T16:19:54+00:00","og_image":[{"url":"https:\/\/www.manheim-express.eu\/wp-content\/uploads\/2022\/11\/Manheim-Express-Estate-car.png","type":"","width":"","height":""}],"twitter_card":"summary_large_image","twitter_misc":{"Gesch\u00e4tzte Lesezeit":"3\u00a0Minuten"},"schema":{"@context":"https:\/\/schema.org","@graph":[{"@type":"WebPage","@id":"https:\/\/www.manheim-express.eu\/de\/glossar\/langsteher\/","url":"https:\/\/www.manheim-express.eu\/de\/glossar\/langsteher\/","name":"Langsteher - Manheim Express die neue Auktionsplattform f\u00fcr den KFZ Handel","isPartOf":{"@id":"https:\/\/www.manheim-express.eu\/de\/#website"},"primaryImageOfPage":{"@id":"https:\/\/www.manheim-express.eu\/de\/glossar\/langsteher\/#primaryimage"},"image":{"@id":"https:\/\/www.manheim-express.eu\/de\/glossar\/langsteher\/#primaryimage"},"thumbnailUrl":"https:\/\/www.manheim-express.eu\/wp-content\/uploads\/2022\/11\/Manheim-Express-Estate-car.png","datePublished":"2024-01-15T16:19:53+00:00","dateModified":"2024-01-15T16:19:54+00:00","description":"Es gibt wohl keinen Autoh\u00e4ndler, der sich nicht schon einmal mit Langstehern in seinem Fuhrpark auseinandersetzen musste.","breadcrumb":{"@id":"https:\/\/www.manheim-express.eu\/de\/glossar\/langsteher\/#breadcrumb"},"inLanguage":"de","potentialAction":[{"@type":"ReadAction","target":["https:\/\/www.manheim-express.eu\/de\/glossar\/langsteher\/"]}]},{"@type":"ImageObject","inLanguage":"de","@id":"https:\/\/www.manheim-express.eu\/de\/glossar\/langsteher\/#primaryimage","url":"https:\/\/www.manheim-express.eu\/wp-content\/uploads\/2022\/11\/Manheim-Express-Estate-car.png","contentUrl":"https:\/\/www.manheim-express.eu\/wp-content\/uploads\/2022\/11\/Manheim-Express-Estate-car.png"},{"@type":"BreadcrumbList","@id":"https:\/\/www.manheim-express.eu\/de\/glossar\/langsteher\/#breadcrumb","itemListElement":[{"@type":"ListItem","position":1,"name":"Home","item":"https:\/\/www.manheim-express.eu\/de\/"},{"@type":"ListItem","position":2,"name":"Glossar","item":"https:\/\/www.manheim-express.eu\/de\/glossar\/"},{"@type":"ListItem","position":3,"name":"Langsteher"}]},{"@type":"WebSite","@id":"https:\/\/www.manheim-express.eu\/de\/#website","url":"https:\/\/www.manheim-express.eu\/de\/","name":"Manheim Express","description":"","publisher":{"@id":"https:\/\/www.manheim-express.eu\/de\/#organization"},"potentialAction":[{"@type":"SearchAction","target":{"@type":"EntryPoint","urlTemplate":"https:\/\/www.manheim-express.eu\/de\/?s={search_term_string}"},"query-input":{"@type":"PropertyValueSpecification","valueRequired":true,"valueName":"search_term_string"}}],"inLanguage":"de"},{"@type":"Organization","@id":"https:\/\/www.manheim-express.eu\/de\/#organization","name":"Manheim Express","url":"https:\/\/www.manheim-express.eu\/de\/","logo":{"@type":"ImageObject","inLanguage":"de","@id":"https:\/\/www.manheim-express.eu\/de\/#\/schema\/logo\/image\/","url":"https:\/\/www.manheim-express.eu\/wp-content\/uploads\/2021\/07\/manheim-express-logo-light.png","contentUrl":"https:\/\/www.manheim-express.eu\/wp-content\/uploads\/2021\/07\/manheim-express-logo-light.png","width":1163,"height":392,"caption":"Manheim Express"},"image":{"@id":"https:\/\/www.manheim-express.eu\/de\/#\/schema\/logo\/image\/"},"sameAs":["https:\/\/www.facebook.com\/manheimexpresseurope\/","https:\/\/www.instagram.com\/manheim.express","https:\/\/www.linkedin.com\/company\/manheim-express\/","https:\/\/www.youtube.com\/channel\/UCRKJajJPvJv-ao7Tk7qra5Q\/"]}]}},"_links":{"self":[{"href":"https:\/\/www.manheim-express.eu\/de\/wp-json\/wp\/v2\/pages\/16438","targetHints":{"allow":["GET"]}}],"collection":[{"href":"https:\/\/www.manheim-express.eu\/de\/wp-json\/wp\/v2\/pages"}],"about":[{"href":"https:\/\/www.manheim-express.eu\/de\/wp-json\/wp\/v2\/types\/page"}],"author":[{"embeddable":true,"href":"https:\/\/www.manheim-express.eu\/de\/wp-json\/wp\/v2\/users\/12"}],"replies":[{"embeddable":true,"href":"https:\/\/www.manheim-express.eu\/de\/wp-json\/wp\/v2\/comments?post=16438"}],"version-history":[{"count":13,"href":"https:\/\/www.manheim-express.eu\/de\/wp-json\/wp\/v2\/pages\/16438\/revisions"}],"predecessor-version":[{"id":16874,"href":"https:\/\/www.manheim-express.eu\/de\/wp-json\/wp\/v2\/pages\/16438\/revisions\/16874"}],"up":[{"embeddable":true,"href":"https:\/\/www.manheim-express.eu\/de\/wp-json\/wp\/v2\/pages\/11571"}],"wp:attachment":[{"href":"https:\/\/www.manheim-express.eu\/de\/wp-json\/wp\/v2\/media?parent=16438"}],"wp:term":[{"taxonomy":"wf_page_folders","embeddable":true,"href":"https:\/\/www.manheim-express.eu\/de\/wp-json\/wp\/v2\/wf_page_folders?post=16438"}],"curies":[{"name":"wp","href":"https:\/\/api.w.org\/{rel}","templated":true}]}}