{"id":16430,"date":"2024-01-15T16:04:16","date_gmt":"2024-01-15T16:04:16","guid":{"rendered":"https:\/\/www.manheim-express.eu\/?page_id=16430"},"modified":"2024-01-15T16:04:18","modified_gmt":"2024-01-15T16:04:18","slug":"kfz-zoll-auktion","status":"publish","type":"page","link":"https:\/\/www.manheim-express.eu\/de\/glossar\/kfz-zoll-auktion\/","title":{"rendered":"Kfz Zoll Auktion"},"content":{"rendered":"\t\t<div data-elementor-type=\"wp-page\" data-elementor-id=\"16430\" class=\"elementor elementor-16430\" data-elementor-post-type=\"page\">\n\t\t\t\t\t\t<section class=\"elementor-section elementor-top-section elementor-element elementor-element-5ad223c elementor-section-full_width elementor-section-stretched elementor-section-height-default elementor-section-height-default\" data-id=\"5ad223c\" data-element_type=\"section\" data-settings=\"{&quot;stretch_section&quot;:&quot;section-stretched&quot;}\">\n\t\t\t\t\t\t<div class=\"elementor-container elementor-column-gap-default\">\n\t\t\t\t\t<div class=\"elementor-column elementor-col-50 elementor-top-column elementor-element elementor-element-d3b519c\" data-id=\"d3b519c\" data-element_type=\"column\" data-settings=\"{&quot;background_background&quot;:&quot;classic&quot;}\">\n\t\t\t<div class=\"elementor-widget-wrap elementor-element-populated\">\n\t\t\t\t\t\t<div class=\"elementor-element elementor-element-036dc3a elementor-widget elementor-widget-text-editor\" data-id=\"036dc3a\" data-element_type=\"widget\" data-widget_type=\"text-editor.default\">\n\t\t\t\t<div class=\"elementor-widget-container\">\n\t\t\t\t\t\t\t\t\t<h2>Reiz und Risiken der Kfz Zoll Auktion<\/h2>\t\t\t\t\t\t\t\t<\/div>\n\t\t\t\t<\/div>\n\t\t\t\t<div class=\"elementor-element elementor-element-21c3353 elementor-widget elementor-widget-text-editor\" data-id=\"21c3353\" data-element_type=\"widget\" data-widget_type=\"text-editor.default\">\n\t\t\t\t<div class=\"elementor-widget-container\">\n\t\t\t\t\t\t\t\t\t<h3 class=\"\">Manheim Express erkl\u00e4rt die Grundlagen und bietet interessante Alternativen<\/h3>\t\t\t\t\t\t\t\t<\/div>\n\t\t\t\t<\/div>\n\t\t\t\t<div class=\"elementor-element elementor-element-c37119d elementor-widget elementor-widget-text-editor\" data-id=\"c37119d\" data-element_type=\"widget\" data-widget_type=\"text-editor.default\">\n\t\t\t\t<div class=\"elementor-widget-container\">\n\t\t\t\t\t\t\t\t\t<p class=\"western text-justify\">Kaum eine andere Auktionsform hat f\u00fcr lange Zeit eine solche Faszination auf das Publikum ausge\u00fcbt wie die\u00a0<strong>Zoll\u00a0<\/strong><strong>A<\/strong><strong>uktion\u00a0<\/strong><strong>im Kfz-Sektor<\/strong>. Autos, Nutzfahrzeuge und eine Reihe weiterer Fahrzeuge k\u00f6nnen bei dieser Auktionsform direkt von der \u00f6ffentlichen Hand \u2014 also den Beh\u00f6rden \u2014 ersteigert werden.\u00a0<\/p><p class=\"western text-justify\">Privatk\u00e4ufer und H\u00e4ndler suchen auf den Seiten der staatlichen Zollauktion im Internet nach Fahrzeugen und anderen Kfz-Gelegenheiten. Die Bieter hoffen auf besondere Angebote und ausgefallene Objekte. Aber sind\u00a0<strong>Kfz Zoll Auktionen<\/strong>\u00a0tats\u00e4chlich etwas Besonderes oder haben ihr andere Versteigerungsformen mittlerweile den Rang abgelaufen?<\/p>\t\t\t\t\t\t\t\t<\/div>\n\t\t\t\t<\/div>\n\t\t\t\t<div class=\"elementor-element elementor-element-76774e4 elementor-widget elementor-widget-button\" data-id=\"76774e4\" data-element_type=\"widget\" data-widget_type=\"button.default\">\n\t\t\t\t<div class=\"elementor-widget-container\">\n\t\t\t\t\t\t\t\t\t<div class=\"elementor-button-wrapper\">\n\t\t\t\t\t<a class=\"elementor-button elementor-button-link elementor-size-lg\" href=\"#\">\n\t\t\t\t\t\t<span class=\"elementor-button-content-wrapper\">\n\t\t\t\t\t\t\t\t\t<span class=\"elementor-button-text\">Mehr Infos finden Sie hier<\/span>\n\t\t\t\t\t<\/span>\n\t\t\t\t\t<\/a>\n\t\t\t\t<\/div>\n\t\t\t\t\t\t\t\t<\/div>\n\t\t\t\t<\/div>\n\t\t\t\t<div class=\"elementor-element elementor-element-93513c7 elementor-widget elementor-widget-image\" data-id=\"93513c7\" data-element_type=\"widget\" data-widget_type=\"image.default\">\n\t\t\t\t<div class=\"elementor-widget-container\">\n\t\t\t\t\t\t\t\t\t\t\t\t\t\t\t<img fetchpriority=\"high\" decoding=\"async\" width=\"800\" height=\"389\" src=\"https:\/\/www.manheim-express.eu\/wp-content\/uploads\/2022\/11\/Manheim-Express-Estate-car.png\" class=\"attachment-large size-large wp-image-14639\" alt=\"\" srcset=\"https:\/\/www.manheim-express.eu\/wp-content\/uploads\/2022\/11\/Manheim-Express-Estate-car.png 1024w, https:\/\/www.manheim-express.eu\/wp-content\/uploads\/2022\/11\/Manheim-Express-Estate-car-300x146.png 300w, https:\/\/www.manheim-express.eu\/wp-content\/uploads\/2022\/11\/Manheim-Express-Estate-car-768x374.png 768w\" sizes=\"(max-width: 800px) 100vw, 800px\" \/>\t\t\t\t\t\t\t\t\t\t\t\t\t\t\t<\/div>\n\t\t\t\t<\/div>\n\t\t\t\t\t<\/div>\n\t\t<\/div>\n\t\t\t\t<div class=\"elementor-column elementor-col-50 elementor-top-column elementor-element elementor-element-213236b\" data-id=\"213236b\" data-element_type=\"column\" data-settings=\"{&quot;background_background&quot;:&quot;classic&quot;}\">\n\t\t\t<div class=\"elementor-widget-wrap elementor-element-populated\">\n\t\t\t\t\t\t<div class=\"elementor-element elementor-element-ccef2aa elementor-widget elementor-widget-text-editor\" data-id=\"ccef2aa\" data-element_type=\"widget\" data-widget_type=\"text-editor.default\">\n\t\t\t\t<div class=\"elementor-widget-container\">\n\t\t\t\t\t\t\t\t\t<h2 class=\"\">Was ist das Besondere an der Zoll-Auktion f\u00fcr Fahrzeuge<\/h2>\t\t\t\t\t\t\t\t<\/div>\n\t\t\t\t<\/div>\n\t\t\t\t<div class=\"elementor-element elementor-element-8d896a4 elementor-widget elementor-widget-text-editor\" data-id=\"8d896a4\" data-element_type=\"widget\" data-widget_type=\"text-editor.default\">\n\t\t\t\t<div class=\"elementor-widget-container\">\n\t\t\t\t\t\t\t\t\t<p>Wenn man H\u00e4ndler oder auch Privatpersonen fragt, was f\u00fcr sie den Reiz ausmacht, Autos bei der Auktionen des Zoll zu ersteigern, erh\u00e4lt man die unterschiedlichsten Antworten. Noch vor einigen Jahren war sicher das Argument, es hier mit einem absolut seri\u00f6sen Anbieter \u2013 n\u00e4mlich dem Staat \u2013 zu tun zu haben, sicher eine h\u00e4ufige Antwort. Doch seit sich in den letzten Jahren ein breiter und seri\u00f6ser Markt an Online-Portalen f\u00fcr den Handel mit gebrauchten Fahrzeugen etabliert hat, ist die\u00a0<strong>Zollauktion\u00a0<\/strong><strong>im Kfz Markt<\/strong>\u00a0in dieser Hinsicht nichts Besonderes mehr. Dennoch scheint f\u00fcr manche K\u00e4ufer dieser Aspekt noch immer eine gewisse Rolle zu spielen. F\u00fcr andere Nutzer spielt die M\u00f6glichkeit, \u00fcber Kfz Zoll Auktionen au\u00dfergew\u00f6hnliche, auf dem normalen Automarkt nicht oder kaum verf\u00fcgbare Fahrzeuge zu ersteigern eine Rolle. Tats\u00e4chlich ver\u00e4u\u00dfern die Beh\u00f6rden immer wieder auch ausrangierte Polizeiwagen, L\u00f6schfahrzeuge, M\u00fcllwagen oder \u00e4hnliche Besonderheiten.\u00a0<\/p>\t\t\t\t\t\t\t\t<\/div>\n\t\t\t\t<\/div>\n\t\t\t\t<div class=\"elementor-element elementor-element-e9c050a elementor-widget elementor-widget-text-editor\" data-id=\"e9c050a\" data-element_type=\"widget\" data-widget_type=\"text-editor.default\">\n\t\t\t\t<div class=\"elementor-widget-container\">\n\t\t\t\t\t\t\t\t\t<h2 class=\"\">M\u00f6glicher Abbruch einer Kfz Auktion beim Zoll<\/h2>\t\t\t\t\t\t\t\t<\/div>\n\t\t\t\t<\/div>\n\t\t\t\t<div class=\"elementor-element elementor-element-af470d2 elementor-widget elementor-widget-text-editor\" data-id=\"af470d2\" data-element_type=\"widget\" data-widget_type=\"text-editor.default\">\n\t\t\t\t<div class=\"elementor-widget-container\">\n\t\t\t\t\t\t\t\t\t<p>Wer auf der Suche nach solchen Autos oder Spezialfahrzeugen ist, kann bei der Zollauktion Gl\u00fcck haben und ein au\u00dfergew\u00f6hnliches Fahrzeug ersteigern. Der Ablauf der Zollauktion unterscheidet sich grunds\u00e4tzlich nicht von anderen\u00a0<strong>Kfz-<\/strong><strong>Online-Versteigerungen.<\/strong>\u00a0Zwei Besonderheiten sollten jedem Teilnehmer, der dar\u00fcber nachdenkt ein Auto bei der Auktion des Zoll zu erwerben jedoch klar sein: Bei gepf\u00e4ndeten Fahrzeugen kann es passieren, dass der urspr\u00fcngliche Besitzer sich meldet und sein Fahrzeug wieder ausl\u00f6st. Die Versteigerung wird dann f\u00fcr die \u00d6ffentlichkeit abgebrochen. Zum Anderen hat der K\u00e4ufer keinerlei Anspruch auf Gew\u00e4hrleistung, ein Risiko, dessen sich H\u00e4ndler und private K\u00e4ufer bewusst sein sollten.<\/p>\t\t\t\t\t\t\t\t<\/div>\n\t\t\t\t<\/div>\n\t\t\t\t<div class=\"elementor-element elementor-element-6958f40 elementor-widget elementor-widget-text-editor\" data-id=\"6958f40\" data-element_type=\"widget\" data-widget_type=\"text-editor.default\">\n\t\t\t\t<div class=\"elementor-widget-container\">\n\t\t\t\t\t\t\t\t\t<h2 class=\"\">Ist die Kfz Auktion f\u00fcr H\u00e4ndler interessant?<\/h2>\t\t\t\t\t\t\t\t<\/div>\n\t\t\t\t<\/div>\n\t\t\t\t<div class=\"elementor-element elementor-element-f169844 elementor-widget elementor-widget-text-editor\" data-id=\"f169844\" data-element_type=\"widget\" data-widget_type=\"text-editor.default\">\n\t\t\t\t<div class=\"elementor-widget-container\">\n\t\t\t\t\t\t\t\t\t<p>Wie wir gesehen haben, sollten insbesondere K\u00e4ufer mit wenig Sachverstand bei der Zollauktion f\u00fcr Autos vorsichtig sein, denn anders als beim Privatkauf vom H\u00e4ndler fehlt der Anspruch auf jegliche R\u00fcckgabe. Wie aber ist die Situation f\u00fcr H\u00e4ndler, die bei der\u00a0<strong>Kfz\u00a0<\/strong><strong>Zoll\u00a0<\/strong><strong>A<\/strong><strong>uktion<\/strong>\u00a0mitbieten wollen? Lohnt sich die Suche nach Autos oder hat sich die Zollauktion auf dem gewerblichen Gebrauchtwagenmarkt \u00fcberlebt? Wie auch f\u00fcr den privaten K\u00e4ufer ist f\u00fcr den H\u00e4ndler das Argument der Seriosit\u00e4t weitgehend hinf\u00e4llig geworden. Die Online-Portale haben hier stark aufgeholt und zahlreiche Methoden entwickelt, den Kauf im Internet deutlich sicherer zu machen.<\/p>\t\t\t\t\t\t\t\t<\/div>\n\t\t\t\t<\/div>\n\t\t\t\t<div class=\"elementor-element elementor-element-6d1e18d elementor-widget elementor-widget-text-editor\" data-id=\"6d1e18d\" data-element_type=\"widget\" data-widget_type=\"text-editor.default\">\n\t\t\t\t<div class=\"elementor-widget-container\">\n\t\t\t\t\t\t\t\t\t<h2 class=\"\">Alternative zur Auktion des Zoll<\/h2>\t\t\t\t\t\t\t\t<\/div>\n\t\t\t\t<\/div>\n\t\t\t\t<div class=\"elementor-element elementor-element-30ec64e elementor-widget elementor-widget-text-editor\" data-id=\"30ec64e\" data-element_type=\"widget\" data-widget_type=\"text-editor.default\">\n\t\t\t\t<div class=\"elementor-widget-container\">\n\t\t\t\t\t\t\t\t\t<p>F\u00fcr H\u00e4ndler sollte sich daher die Frage stellen, ob durch die Teilnahme an Kfz Zoll Auktionen ein besonderer Vorteil f\u00fcr sein Gesch\u00e4ft entstehen kann. Hier finden sich jedoch wenig wirklich \u00fcberzeugende Argumente: Zwar kann das Auktionsportal der Beh\u00f6rden mitunter mit au\u00dfergew\u00f6hnlichen Fahrzeugen aufwarten, f\u00fcr das Alltagsgesch\u00e4ft der H\u00e4ndler ist die Zollauktion jedoch weniger geeignet. Ein Verkaufen von Autos ist nicht m\u00f6glich und in Sachen Service sind die Beh\u00f6rden auch wenig bewandert. Ein Entgegenkommen kann man hier als H\u00e4ndler nicht erwarten, man hat sich nach den Regeln zu richten, die vorgegeben sind. Als Nutzer der Plattform&nbsp;<span style=\"font-weight: bolder;\">Manheim Express<\/span>&nbsp;haben H\u00e4ndler dagegen deutlich mehr Spielraum, Auswahl und die M\u00f6glichkeit, Service und Dienstleistungen des Portals nach Bedarf zu nutzen \u2014 im Tagesgesch\u00e4ft ein gro\u00dfer Vorteil.<\/p>\t\t\t\t\t\t\t\t<\/div>\n\t\t\t\t<\/div>\n\t\t\t\t\t<\/div>\n\t\t<\/div>\n\t\t\t\t\t<\/div>\n\t\t<\/section>\n\t\t\t\t<\/div>\n\t\t","protected":false},"excerpt":{"rendered":"<p>Reiz und Risiken der Kfz Zoll Auktion Manheim Express erkl\u00e4rt die Grundlagen und bietet interessante Alternativen Kaum eine andere Auktionsform hat f\u00fcr lange Zeit eine solche Faszination auf das Publikum ausge\u00fcbt wie die\u00a0Zoll\u00a0Auktion\u00a0im Kfz-Sektor. Autos, Nutzfahrzeuge und eine Reihe weiterer Fahrzeuge k\u00f6nnen bei dieser Auktionsform direkt von der \u00f6ffentlichen Hand \u2014 also den Beh\u00f6rden \u2014 [&hellip;]<\/p>\n","protected":false},"author":12,"featured_media":0,"parent":11571,"menu_order":0,"comment_status":"closed","ping_status":"closed","template":"","meta":{"_acf_changed":false,"footnotes":""},"wf_page_folders":[156],"class_list":["post-16430","page","type-page","status-publish","hentry"],"acf":[],"yoast_head":"<!-- This site is optimized with the Yoast SEO plugin v25.8 - https:\/\/yoast.com\/wordpress\/plugins\/seo\/ -->\n<title>Kfz Zoll Auktion - Manheim Express die neue Auktionsplattform f\u00fcr den KFZ Handel<\/title>\n<meta name=\"description\" content=\"Die Top-Alternative zur Kfz Zoll Auktion f\u00fcr H\u00e4ndler. Einfach schneller und erfolgreicher Traden im B2B-Sektor mit Manheim Express.\" \/>\n<meta name=\"robots\" content=\"index, follow, max-snippet:-1, max-image-preview:large, max-video-preview:-1\" \/>\n<link rel=\"canonical\" href=\"https:\/\/www.manheim-express.eu\/de\/glossar\/kfz-zoll-auktion\/\" \/>\n<meta property=\"og:locale\" content=\"de_DE\" \/>\n<meta property=\"og:type\" content=\"article\" \/>\n<meta property=\"og:title\" content=\"Kfz Zoll Auktion - Manheim Express die neue Auktionsplattform f\u00fcr den KFZ Handel\" \/>\n<meta property=\"og:description\" content=\"Die Top-Alternative zur Kfz Zoll Auktion f\u00fcr H\u00e4ndler. Einfach schneller und erfolgreicher Traden im B2B-Sektor mit Manheim Express.\" \/>\n<meta property=\"og:url\" content=\"https:\/\/www.manheim-express.eu\/de\/glossar\/kfz-zoll-auktion\/\" \/>\n<meta property=\"og:site_name\" content=\"Manheim Express\" \/>\n<meta property=\"article:publisher\" content=\"https:\/\/www.facebook.com\/manheimexpresseurope\/\" \/>\n<meta property=\"article:modified_time\" content=\"2024-01-15T16:04:18+00:00\" \/>\n<meta property=\"og:image\" content=\"https:\/\/www.manheim-express.eu\/wp-content\/uploads\/2022\/11\/Manheim-Express-Estate-car.png\" \/>\n<meta name=\"twitter:card\" content=\"summary_large_image\" \/>\n<meta name=\"twitter:label1\" content=\"Gesch\u00e4tzte Lesezeit\" \/>\n\t<meta name=\"twitter:data1\" content=\"3\u00a0Minuten\" \/>\n<script type=\"application\/ld+json\" class=\"yoast-schema-graph\">{\"@context\":\"https:\/\/schema.org\",\"@graph\":[{\"@type\":\"WebPage\",\"@id\":\"https:\/\/www.manheim-express.eu\/de\/glossar\/kfz-zoll-auktion\/\",\"url\":\"https:\/\/www.manheim-express.eu\/de\/glossar\/kfz-zoll-auktion\/\",\"name\":\"Kfz Zoll Auktion - Manheim Express die neue Auktionsplattform f\u00fcr den KFZ Handel\",\"isPartOf\":{\"@id\":\"https:\/\/www.manheim-express.eu\/de\/#website\"},\"primaryImageOfPage\":{\"@id\":\"https:\/\/www.manheim-express.eu\/de\/glossar\/kfz-zoll-auktion\/#primaryimage\"},\"image\":{\"@id\":\"https:\/\/www.manheim-express.eu\/de\/glossar\/kfz-zoll-auktion\/#primaryimage\"},\"thumbnailUrl\":\"https:\/\/www.manheim-express.eu\/wp-content\/uploads\/2022\/11\/Manheim-Express-Estate-car.png\",\"datePublished\":\"2024-01-15T16:04:16+00:00\",\"dateModified\":\"2024-01-15T16:04:18+00:00\",\"description\":\"Die Top-Alternative zur Kfz Zoll Auktion f\u00fcr H\u00e4ndler. Einfach schneller und erfolgreicher Traden im B2B-Sektor mit Manheim Express.\",\"breadcrumb\":{\"@id\":\"https:\/\/www.manheim-express.eu\/de\/glossar\/kfz-zoll-auktion\/#breadcrumb\"},\"inLanguage\":\"de\",\"potentialAction\":[{\"@type\":\"ReadAction\",\"target\":[\"https:\/\/www.manheim-express.eu\/de\/glossar\/kfz-zoll-auktion\/\"]}]},{\"@type\":\"ImageObject\",\"inLanguage\":\"de\",\"@id\":\"https:\/\/www.manheim-express.eu\/de\/glossar\/kfz-zoll-auktion\/#primaryimage\",\"url\":\"https:\/\/www.manheim-express.eu\/wp-content\/uploads\/2022\/11\/Manheim-Express-Estate-car.png\",\"contentUrl\":\"https:\/\/www.manheim-express.eu\/wp-content\/uploads\/2022\/11\/Manheim-Express-Estate-car.png\"},{\"@type\":\"BreadcrumbList\",\"@id\":\"https:\/\/www.manheim-express.eu\/de\/glossar\/kfz-zoll-auktion\/#breadcrumb\",\"itemListElement\":[{\"@type\":\"ListItem\",\"position\":1,\"name\":\"Home\",\"item\":\"https:\/\/www.manheim-express.eu\/de\/\"},{\"@type\":\"ListItem\",\"position\":2,\"name\":\"Glossar\",\"item\":\"https:\/\/www.manheim-express.eu\/de\/glossar\/\"},{\"@type\":\"ListItem\",\"position\":3,\"name\":\"Kfz Zoll Auktion\"}]},{\"@type\":\"WebSite\",\"@id\":\"https:\/\/www.manheim-express.eu\/de\/#website\",\"url\":\"https:\/\/www.manheim-express.eu\/de\/\",\"name\":\"Manheim Express\",\"description\":\"\",\"publisher\":{\"@id\":\"https:\/\/www.manheim-express.eu\/de\/#organization\"},\"potentialAction\":[{\"@type\":\"SearchAction\",\"target\":{\"@type\":\"EntryPoint\",\"urlTemplate\":\"https:\/\/www.manheim-express.eu\/de\/?s={search_term_string}\"},\"query-input\":{\"@type\":\"PropertyValueSpecification\",\"valueRequired\":true,\"valueName\":\"search_term_string\"}}],\"inLanguage\":\"de\"},{\"@type\":\"Organization\",\"@id\":\"https:\/\/www.manheim-express.eu\/de\/#organization\",\"name\":\"Manheim Express\",\"url\":\"https:\/\/www.manheim-express.eu\/de\/\",\"logo\":{\"@type\":\"ImageObject\",\"inLanguage\":\"de\",\"@id\":\"https:\/\/www.manheim-express.eu\/de\/#\/schema\/logo\/image\/\",\"url\":\"https:\/\/www.manheim-express.eu\/wp-content\/uploads\/2021\/07\/manheim-express-logo-light.png\",\"contentUrl\":\"https:\/\/www.manheim-express.eu\/wp-content\/uploads\/2021\/07\/manheim-express-logo-light.png\",\"width\":1163,\"height\":392,\"caption\":\"Manheim Express\"},\"image\":{\"@id\":\"https:\/\/www.manheim-express.eu\/de\/#\/schema\/logo\/image\/\"},\"sameAs\":[\"https:\/\/www.facebook.com\/manheimexpresseurope\/\",\"https:\/\/www.instagram.com\/manheim.express\",\"https:\/\/www.linkedin.com\/company\/manheim-express\/\",\"https:\/\/www.youtube.com\/channel\/UCRKJajJPvJv-ao7Tk7qra5Q\/\"]}]}<\/script>\n<!-- \/ Yoast SEO plugin. -->","yoast_head_json":{"title":"Kfz Zoll Auktion - Manheim Express die neue Auktionsplattform f\u00fcr den KFZ Handel","description":"Die Top-Alternative zur Kfz Zoll Auktion f\u00fcr H\u00e4ndler. Einfach schneller und erfolgreicher Traden im B2B-Sektor mit Manheim Express.","robots":{"index":"index","follow":"follow","max-snippet":"max-snippet:-1","max-image-preview":"max-image-preview:large","max-video-preview":"max-video-preview:-1"},"canonical":"https:\/\/www.manheim-express.eu\/de\/glossar\/kfz-zoll-auktion\/","og_locale":"de_DE","og_type":"article","og_title":"Kfz Zoll Auktion - Manheim Express die neue Auktionsplattform f\u00fcr den KFZ Handel","og_description":"Die Top-Alternative zur Kfz Zoll Auktion f\u00fcr H\u00e4ndler. Einfach schneller und erfolgreicher Traden im B2B-Sektor mit Manheim Express.","og_url":"https:\/\/www.manheim-express.eu\/de\/glossar\/kfz-zoll-auktion\/","og_site_name":"Manheim Express","article_publisher":"https:\/\/www.facebook.com\/manheimexpresseurope\/","article_modified_time":"2024-01-15T16:04:18+00:00","og_image":[{"url":"https:\/\/www.manheim-express.eu\/wp-content\/uploads\/2022\/11\/Manheim-Express-Estate-car.png","type":"","width":"","height":""}],"twitter_card":"summary_large_image","twitter_misc":{"Gesch\u00e4tzte Lesezeit":"3\u00a0Minuten"},"schema":{"@context":"https:\/\/schema.org","@graph":[{"@type":"WebPage","@id":"https:\/\/www.manheim-express.eu\/de\/glossar\/kfz-zoll-auktion\/","url":"https:\/\/www.manheim-express.eu\/de\/glossar\/kfz-zoll-auktion\/","name":"Kfz Zoll Auktion - Manheim Express die neue Auktionsplattform f\u00fcr den KFZ Handel","isPartOf":{"@id":"https:\/\/www.manheim-express.eu\/de\/#website"},"primaryImageOfPage":{"@id":"https:\/\/www.manheim-express.eu\/de\/glossar\/kfz-zoll-auktion\/#primaryimage"},"image":{"@id":"https:\/\/www.manheim-express.eu\/de\/glossar\/kfz-zoll-auktion\/#primaryimage"},"thumbnailUrl":"https:\/\/www.manheim-express.eu\/wp-content\/uploads\/2022\/11\/Manheim-Express-Estate-car.png","datePublished":"2024-01-15T16:04:16+00:00","dateModified":"2024-01-15T16:04:18+00:00","description":"Die Top-Alternative zur Kfz Zoll Auktion f\u00fcr H\u00e4ndler. Einfach schneller und erfolgreicher Traden im B2B-Sektor mit Manheim Express.","breadcrumb":{"@id":"https:\/\/www.manheim-express.eu\/de\/glossar\/kfz-zoll-auktion\/#breadcrumb"},"inLanguage":"de","potentialAction":[{"@type":"ReadAction","target":["https:\/\/www.manheim-express.eu\/de\/glossar\/kfz-zoll-auktion\/"]}]},{"@type":"ImageObject","inLanguage":"de","@id":"https:\/\/www.manheim-express.eu\/de\/glossar\/kfz-zoll-auktion\/#primaryimage","url":"https:\/\/www.manheim-express.eu\/wp-content\/uploads\/2022\/11\/Manheim-Express-Estate-car.png","contentUrl":"https:\/\/www.manheim-express.eu\/wp-content\/uploads\/2022\/11\/Manheim-Express-Estate-car.png"},{"@type":"BreadcrumbList","@id":"https:\/\/www.manheim-express.eu\/de\/glossar\/kfz-zoll-auktion\/#breadcrumb","itemListElement":[{"@type":"ListItem","position":1,"name":"Home","item":"https:\/\/www.manheim-express.eu\/de\/"},{"@type":"ListItem","position":2,"name":"Glossar","item":"https:\/\/www.manheim-express.eu\/de\/glossar\/"},{"@type":"ListItem","position":3,"name":"Kfz Zoll Auktion"}]},{"@type":"WebSite","@id":"https:\/\/www.manheim-express.eu\/de\/#website","url":"https:\/\/www.manheim-express.eu\/de\/","name":"Manheim Express","description":"","publisher":{"@id":"https:\/\/www.manheim-express.eu\/de\/#organization"},"potentialAction":[{"@type":"SearchAction","target":{"@type":"EntryPoint","urlTemplate":"https:\/\/www.manheim-express.eu\/de\/?s={search_term_string}"},"query-input":{"@type":"PropertyValueSpecification","valueRequired":true,"valueName":"search_term_string"}}],"inLanguage":"de"},{"@type":"Organization","@id":"https:\/\/www.manheim-express.eu\/de\/#organization","name":"Manheim Express","url":"https:\/\/www.manheim-express.eu\/de\/","logo":{"@type":"ImageObject","inLanguage":"de","@id":"https:\/\/www.manheim-express.eu\/de\/#\/schema\/logo\/image\/","url":"https:\/\/www.manheim-express.eu\/wp-content\/uploads\/2021\/07\/manheim-express-logo-light.png","contentUrl":"https:\/\/www.manheim-express.eu\/wp-content\/uploads\/2021\/07\/manheim-express-logo-light.png","width":1163,"height":392,"caption":"Manheim Express"},"image":{"@id":"https:\/\/www.manheim-express.eu\/de\/#\/schema\/logo\/image\/"},"sameAs":["https:\/\/www.facebook.com\/manheimexpresseurope\/","https:\/\/www.instagram.com\/manheim.express","https:\/\/www.linkedin.com\/company\/manheim-express\/","https:\/\/www.youtube.com\/channel\/UCRKJajJPvJv-ao7Tk7qra5Q\/"]}]}},"_links":{"self":[{"href":"https:\/\/www.manheim-express.eu\/de\/wp-json\/wp\/v2\/pages\/16430","targetHints":{"allow":["GET"]}}],"collection":[{"href":"https:\/\/www.manheim-express.eu\/de\/wp-json\/wp\/v2\/pages"}],"about":[{"href":"https:\/\/www.manheim-express.eu\/de\/wp-json\/wp\/v2\/types\/page"}],"author":[{"embeddable":true,"href":"https:\/\/www.manheim-express.eu\/de\/wp-json\/wp\/v2\/users\/12"}],"replies":[{"embeddable":true,"href":"https:\/\/www.manheim-express.eu\/de\/wp-json\/wp\/v2\/comments?post=16430"}],"version-history":[{"count":13,"href":"https:\/\/www.manheim-express.eu\/de\/wp-json\/wp\/v2\/pages\/16430\/revisions"}],"predecessor-version":[{"id":16868,"href":"https:\/\/www.manheim-express.eu\/de\/wp-json\/wp\/v2\/pages\/16430\/revisions\/16868"}],"up":[{"embeddable":true,"href":"https:\/\/www.manheim-express.eu\/de\/wp-json\/wp\/v2\/pages\/11571"}],"wp:attachment":[{"href":"https:\/\/www.manheim-express.eu\/de\/wp-json\/wp\/v2\/media?parent=16430"}],"wp:term":[{"taxonomy":"wf_page_folders","embeddable":true,"href":"https:\/\/www.manheim-express.eu\/de\/wp-json\/wp\/v2\/wf_page_folders?post=16430"}],"curies":[{"name":"wp","href":"https:\/\/api.w.org\/{rel}","templated":true}]}}