{"id":16411,"date":"2024-01-15T16:04:57","date_gmt":"2024-01-15T16:04:57","guid":{"rendered":"https:\/\/www.manheim-express.eu\/?page_id=16411"},"modified":"2024-01-15T16:04:59","modified_gmt":"2024-01-15T16:04:59","slug":"kfz-versteigerung-nrw","status":"publish","type":"page","link":"https:\/\/www.manheim-express.eu\/de\/glossar\/kfz-versteigerung-nrw\/","title":{"rendered":"KFZ Versteigerung NRW"},"content":{"rendered":"\t\t<div data-elementor-type=\"wp-page\" data-elementor-id=\"16411\" class=\"elementor elementor-16411\" data-elementor-post-type=\"page\">\n\t\t\t\t\t\t<section class=\"elementor-section elementor-top-section elementor-element elementor-element-5ad223c elementor-section-full_width elementor-section-stretched elementor-section-height-default elementor-section-height-default\" data-id=\"5ad223c\" data-element_type=\"section\" data-settings=\"{&quot;stretch_section&quot;:&quot;section-stretched&quot;}\">\n\t\t\t\t\t\t<div class=\"elementor-container elementor-column-gap-default\">\n\t\t\t\t\t<div class=\"elementor-column elementor-col-50 elementor-top-column elementor-element elementor-element-d3b519c\" data-id=\"d3b519c\" data-element_type=\"column\" data-settings=\"{&quot;background_background&quot;:&quot;classic&quot;}\">\n\t\t\t<div class=\"elementor-widget-wrap elementor-element-populated\">\n\t\t\t\t\t\t<div class=\"elementor-element elementor-element-036dc3a elementor-widget elementor-widget-text-editor\" data-id=\"036dc3a\" data-element_type=\"widget\" data-widget_type=\"text-editor.default\">\n\t\t\t\t<div class=\"elementor-widget-container\">\n\t\t\t\t\t\t\t\t\t<h2>Bringen Sie mehr Dynamik in Ihren An- und Verkauf!<\/h2>\t\t\t\t\t\t\t\t<\/div>\n\t\t\t\t<\/div>\n\t\t\t\t<div class=\"elementor-element elementor-element-21c3353 elementor-widget elementor-widget-text-editor\" data-id=\"21c3353\" data-element_type=\"widget\" data-widget_type=\"text-editor.default\">\n\t\t\t\t<div class=\"elementor-widget-container\">\n\t\t\t\t\t\t\t\t\t<h3 class=\"\">Mit Manheim Express \u2013 der Kfz Versteigerung in NRW f\u00fcr Profis<\/h3>\t\t\t\t\t\t\t\t<\/div>\n\t\t\t\t<\/div>\n\t\t\t\t<div class=\"elementor-element elementor-element-c37119d elementor-widget elementor-widget-text-editor\" data-id=\"c37119d\" data-element_type=\"widget\" data-widget_type=\"text-editor.default\">\n\t\t\t\t<div class=\"elementor-widget-container\">\n\t\t\t\t\t\t\t\t\t<p>Wer einmal die Vorteile unserer professionellen Kfz\u00a0Versteigerung in NRW erlebt hat, fragt sich oft, wie er so lange darauf verzichten konnte \u2013 Das h\u00f6ren wir von unseren Kunden, nicht nur in NRW, immer wieder. Das Online-Portal\u00a0<span style=\"font-weight: bolder;\">Manheim Express<\/span>\u00a0bietet H\u00e4ndlern die M\u00f6glichkeit, Ihren An- und Verkauf von Gebrauchtwagen zu vereinfachen und erheblich zu beschleunigen. Die Anmeldung ist kostenlos und vollkommen unverbindlich!<\/p>\t\t\t\t\t\t\t\t<\/div>\n\t\t\t\t<\/div>\n\t\t\t\t<div class=\"elementor-element elementor-element-76774e4 elementor-widget elementor-widget-button\" data-id=\"76774e4\" data-element_type=\"widget\" data-widget_type=\"button.default\">\n\t\t\t\t<div class=\"elementor-widget-container\">\n\t\t\t\t\t\t\t\t\t<div class=\"elementor-button-wrapper\">\n\t\t\t\t\t<a class=\"elementor-button elementor-button-link elementor-size-lg\" href=\"#\">\n\t\t\t\t\t\t<span class=\"elementor-button-content-wrapper\">\n\t\t\t\t\t\t\t\t\t<span class=\"elementor-button-text\">Mehr Infos finden Sie hier<\/span>\n\t\t\t\t\t<\/span>\n\t\t\t\t\t<\/a>\n\t\t\t\t<\/div>\n\t\t\t\t\t\t\t\t<\/div>\n\t\t\t\t<\/div>\n\t\t\t\t<div class=\"elementor-element elementor-element-93513c7 elementor-widget elementor-widget-image\" data-id=\"93513c7\" data-element_type=\"widget\" data-widget_type=\"image.default\">\n\t\t\t\t<div class=\"elementor-widget-container\">\n\t\t\t\t\t\t\t\t\t\t\t\t\t\t\t<img fetchpriority=\"high\" decoding=\"async\" width=\"800\" height=\"389\" src=\"https:\/\/www.manheim-express.eu\/wp-content\/uploads\/2022\/11\/Manheim-Express-Estate-car.png\" class=\"attachment-large size-large wp-image-14639\" alt=\"\" srcset=\"https:\/\/www.manheim-express.eu\/wp-content\/uploads\/2022\/11\/Manheim-Express-Estate-car.png 1024w, https:\/\/www.manheim-express.eu\/wp-content\/uploads\/2022\/11\/Manheim-Express-Estate-car-300x146.png 300w, https:\/\/www.manheim-express.eu\/wp-content\/uploads\/2022\/11\/Manheim-Express-Estate-car-768x374.png 768w\" sizes=\"(max-width: 800px) 100vw, 800px\" \/>\t\t\t\t\t\t\t\t\t\t\t\t\t\t\t<\/div>\n\t\t\t\t<\/div>\n\t\t\t\t\t<\/div>\n\t\t<\/div>\n\t\t\t\t<div class=\"elementor-column elementor-col-50 elementor-top-column elementor-element elementor-element-213236b\" data-id=\"213236b\" data-element_type=\"column\" data-settings=\"{&quot;background_background&quot;:&quot;classic&quot;}\">\n\t\t\t<div class=\"elementor-widget-wrap elementor-element-populated\">\n\t\t\t\t\t\t<div class=\"elementor-element elementor-element-e9c050a elementor-widget elementor-widget-text-editor\" data-id=\"e9c050a\" data-element_type=\"widget\" data-widget_type=\"text-editor.default\">\n\t\t\t\t<div class=\"elementor-widget-container\">\n\t\t\t\t\t\t\t\t\t<h2 class=\"\">Die KFZ Versteigerung in NRW f\u00fcr gewerblichen Gebrauchtwagenhandel<\/h2>\t\t\t\t\t\t\t\t<\/div>\n\t\t\t\t<\/div>\n\t\t\t\t<div class=\"elementor-element elementor-element-8d896a4 elementor-widget elementor-widget-text-editor\" data-id=\"8d896a4\" data-element_type=\"widget\" data-widget_type=\"text-editor.default\">\n\t\t\t\t<div class=\"elementor-widget-container\">\n\t\t\t\t\t\t\t\t\t<p>F\u00fcr private K\u00e4ufer von Gebrauchtwagen ist die&nbsp;<strong>KFZ Versteigerung in&nbsp;NRW&nbsp;<\/strong>eine interessante Alternative zum Fahrzeugkauf beim H\u00e4ndler vor Ort. Und auch gewerbliche H\u00e4ndler im B2B-Bereich verlagern ihr Gesch\u00e4ft immer h\u00e4ufiger in Form von&nbsp;<strong>KFZ Versteigerungen<\/strong>&nbsp;ins Internet. Die Gr\u00fcnde f\u00fcr die Attraktivit\u00e4t der&nbsp;<strong>KFZ Versteigerung<\/strong>&nbsp;im Handelsgesch\u00e4ft sind vielf\u00e4ltig. Zun\u00e4chst folgt das Handelsgesch\u00e4ft zwischen H\u00e4ndlern einer anderen Dynamik und anderen Regeln als das Gesch\u00e4ft mit Privatkunden. Autoh\u00e4ndler auf der Suche nach Fahrzeugen gehen in der Regel deutlich zielgerichteter vor als private Interessenten. Beim Abverkauf von Fahrzeugen wird ebenfalls anders kalkuliert als bei Privatbesitzern eines Fahrzeugs. Ein zentraler Unterschied zwischen einer KFZ Auktion zwischen Privatk\u00e4ufern und solchen zwischen H\u00e4ndlern ist schlie\u00dflich, dass das H\u00e4ndlergesch\u00e4ft die M\u00f6glichkeit zum gew\u00e4hrleistungsfreien Verkauf bietet. Aus diesen Gr\u00fcnden haben sich Handelsplattformen wie&nbsp;<span style=\"font-weight: bolder;\">Manheim Express<\/span>&nbsp;<strong>in Nordrhein-Westfalen<\/strong>&nbsp;auf dem Markt etabliert, die ausschlie\u00dflich f\u00fcr H\u00e4ndler zugelassen sind, und den Anforderungen des professionellen Gebrauchtwagenhandels gerecht werden.<\/p>\t\t\t\t\t\t\t\t<\/div>\n\t\t\t\t<\/div>\n\t\t\t\t<div class=\"elementor-element elementor-element-b307ca6 elementor-widget elementor-widget-text-editor\" data-id=\"b307ca6\" data-element_type=\"widget\" data-widget_type=\"text-editor.default\">\n\t\t\t\t<div class=\"elementor-widget-container\">\n\t\t\t\t\t\t\t\t\t<h2 class=\"\">Professioneller Autoverkauf \u00fcber die KFZ Versteigerung<\/h2>\t\t\t\t\t\t\t\t<\/div>\n\t\t\t\t<\/div>\n\t\t\t\t<div class=\"elementor-element elementor-element-8b33fa8 elementor-widget elementor-widget-text-editor\" data-id=\"8b33fa8\" data-element_type=\"widget\" data-widget_type=\"text-editor.default\">\n\t\t\t\t<div class=\"elementor-widget-container\">\n\t\t\t\t\t\t\t\t\t<p>Gar keine Frage: Jeder H\u00e4ndler, nicht nur in NRW, will so viele Fahrzeuge verkaufen, wie m\u00f6glich. In der Praxis fallen aber immer wieder Fahrzeuge an, die sich schlecht verkaufen, zu lange auf dem Hof stehen und einfach keinen K\u00e4ufer finden wollen. H\u00e4ndler werden mitunter mit exotischen Modellen, Unfallwagen, Bastlerfahrzeugen und anderen Inzahlungnahmen konfrontiert \u2013 F\u00e4llen mit dem Potenzial, sich zu Langstehern zu entwickeln. Manche H\u00e4ndler packt dann der Ehrgeiz und sie versuchen, auf Biegen und Brechen den Wagen an den Mann zu bringen. Ein m\u00fchsames Unterfangen, das Zeit, Nerven und Geld kostet. Der Gewinn ist meistens nicht der Rede wert. Eine deutlich elegantere M\u00f6glichkeit ergibt sich durch die professionelle\u00a0<strong>KFZ Versteigerung in NRW<\/strong>. W\u00e4hrend die Wahrscheinlichkeit, im Gesch\u00e4ft vor Ort, ein sehr spezielles Fahrzeug zu verkaufen, gering ist, ergeben sich \u00fcber eine\u00a0<strong>KFZ Versteigerung<\/strong>\u00a0deutlich mehr Optionen. Das liegt schlicht daran, dass es im Grunde f\u00fcr jedes, noch so spezielles Fahrzeug einen H\u00e4ndler gibt, der sich daf\u00fcr interessiert \u2013 man muss ihn nur finden.<\/p>\t\t\t\t\t\t\t\t<\/div>\n\t\t\t\t<\/div>\n\t\t\t\t<div class=\"elementor-element elementor-element-d8e4e75 elementor-widget elementor-widget-text-editor\" data-id=\"d8e4e75\" data-element_type=\"widget\" data-widget_type=\"text-editor.default\">\n\t\t\t\t<div class=\"elementor-widget-container\">\n\t\t\t\t\t\t\t\t\t<h2 class=\"\">Autoankauf f\u00fcr H\u00e4ndler \u2013 die Vorteile der KFZ Versteigerung<\/h2>\t\t\t\t\t\t\t\t<\/div>\n\t\t\t\t<\/div>\n\t\t\t\t<div class=\"elementor-element elementor-element-ca7d994 elementor-widget elementor-widget-text-editor\" data-id=\"ca7d994\" data-element_type=\"widget\" data-widget_type=\"text-editor.default\">\n\t\t\t\t<div class=\"elementor-widget-container\">\n\t\t\t\t\t\t\t\t\t<p>Private K\u00e4ufer von Fahrzeugen lassen sich mitunter Zeit bei der Suche nach dem neuen Traumwagen. F\u00fcr viele geh\u00f6rt das St\u00f6bern im Handel und auf KFZ Versteigerungen in NRW oder bundesweit\u00a0einfach zum Autokauf dazu. H\u00e4ndler unterliegen naturgem\u00e4\u00df einem h\u00f6heren Zeit- und Umsatzdruck. Denn nat\u00fcrlich will jeder Verk\u00e4ufer gute und attraktive Modelle anbieten und seinen Kunden zielgerichtet Angebote machen. Allerdings steht ihm immer nur ein begrenzter Zeitrahmen zur Verf\u00fcgung. Das trifft insbesondere auf kleinere Betriebe in NRW zu, die nicht die personellen M\u00f6glichkeiten haben, eigene Aufk\u00e4ufer zu besch\u00e4ftigen. Hier bedeutet jede Fahrt und jeder Besuch einer Autoauktion eine Investition. Umso \u00e4rgerlicher ist es dann, wenn die gesuchten Fahrzeuge nicht dabei sind. Gebrauchtwagenh\u00e4ndler auf der Suche nach interessanten Fahrzeugen sind daher bei einer\u00a0<strong>KFZ Versteigerung<\/strong>\u00a0im Internet deutlich besser aufgehoben. Hier lassen sich bequem, vom eigenen Computer aus, auch ausgefallene Modelle finden und kaufen. Der H\u00e4ndler kann sich auf seine Arbeit vor Ort in NRW konzentrieren und profitiert von einem besseren Zeitmanagement: Die Recherche im Internet l\u00e4sst sich zudem deutlich effizienter in den Arbeitsalltag integrieren als zeitaufw\u00e4ndige Fahrten zu Autoauktionen.<\/p>\t\t\t\t\t\t\t\t<\/div>\n\t\t\t\t<\/div>\n\t\t\t\t\t<\/div>\n\t\t<\/div>\n\t\t\t\t\t<\/div>\n\t\t<\/section>\n\t\t\t\t<\/div>\n\t\t","protected":false},"excerpt":{"rendered":"<p>Bringen Sie mehr Dynamik in Ihren An- und Verkauf! Mit Manheim Express \u2013 der Kfz Versteigerung in NRW f\u00fcr Profis Wer einmal die Vorteile unserer professionellen Kfz\u00a0Versteigerung in NRW erlebt hat, fragt sich oft, wie er so lange darauf verzichten konnte \u2013 Das h\u00f6ren wir von unseren Kunden, nicht nur in NRW, immer wieder. Das [&hellip;]<\/p>\n","protected":false},"author":12,"featured_media":0,"parent":11571,"menu_order":0,"comment_status":"closed","ping_status":"closed","template":"","meta":{"_acf_changed":false,"footnotes":""},"wf_page_folders":[156],"class_list":["post-16411","page","type-page","status-publish","hentry"],"acf":[],"yoast_head":"<!-- This site is optimized with the Yoast SEO plugin v25.8 - https:\/\/yoast.com\/wordpress\/plugins\/seo\/ -->\n<title>KFZ Versteigerung NRW - Manheim Express die neue Auktionsplattform f\u00fcr den KFZ Handel<\/title>\n<meta name=\"description\" content=\"Die Kfz Versteigerung Manheim Express bietet H\u00e4ndlern nicht nur in NRW die M\u00f6glichkeit, Ihren An- und Verkauf von Gebrauchtwagen zu vereinfachen und erheblich zu beschleunigen.\" \/>\n<meta name=\"robots\" content=\"index, follow, max-snippet:-1, max-image-preview:large, max-video-preview:-1\" \/>\n<link rel=\"canonical\" href=\"https:\/\/www.manheim-express.eu\/de\/glossar\/kfz-versteigerung-nrw\/\" \/>\n<meta property=\"og:locale\" content=\"de_DE\" \/>\n<meta property=\"og:type\" content=\"article\" \/>\n<meta property=\"og:title\" content=\"KFZ Versteigerung NRW - Manheim Express die neue Auktionsplattform f\u00fcr den KFZ Handel\" \/>\n<meta property=\"og:description\" content=\"Die Kfz Versteigerung Manheim Express bietet H\u00e4ndlern nicht nur in NRW die M\u00f6glichkeit, Ihren An- und Verkauf von Gebrauchtwagen zu vereinfachen und erheblich zu beschleunigen.\" \/>\n<meta property=\"og:url\" content=\"https:\/\/www.manheim-express.eu\/de\/glossar\/kfz-versteigerung-nrw\/\" \/>\n<meta property=\"og:site_name\" content=\"Manheim Express\" \/>\n<meta property=\"article:publisher\" content=\"https:\/\/www.facebook.com\/manheimexpresseurope\/\" \/>\n<meta property=\"article:modified_time\" content=\"2024-01-15T16:04:59+00:00\" \/>\n<meta property=\"og:image\" content=\"https:\/\/www.manheim-express.eu\/wp-content\/uploads\/2022\/11\/Manheim-Express-Estate-car.png\" \/>\n<meta name=\"twitter:card\" content=\"summary_large_image\" \/>\n<meta name=\"twitter:label1\" content=\"Gesch\u00e4tzte Lesezeit\" \/>\n\t<meta name=\"twitter:data1\" content=\"3\u00a0Minuten\" \/>\n<script type=\"application\/ld+json\" class=\"yoast-schema-graph\">{\"@context\":\"https:\/\/schema.org\",\"@graph\":[{\"@type\":\"WebPage\",\"@id\":\"https:\/\/www.manheim-express.eu\/de\/glossar\/kfz-versteigerung-nrw\/\",\"url\":\"https:\/\/www.manheim-express.eu\/de\/glossar\/kfz-versteigerung-nrw\/\",\"name\":\"KFZ Versteigerung NRW - Manheim Express die neue Auktionsplattform f\u00fcr den KFZ Handel\",\"isPartOf\":{\"@id\":\"https:\/\/www.manheim-express.eu\/de\/#website\"},\"primaryImageOfPage\":{\"@id\":\"https:\/\/www.manheim-express.eu\/de\/glossar\/kfz-versteigerung-nrw\/#primaryimage\"},\"image\":{\"@id\":\"https:\/\/www.manheim-express.eu\/de\/glossar\/kfz-versteigerung-nrw\/#primaryimage\"},\"thumbnailUrl\":\"https:\/\/www.manheim-express.eu\/wp-content\/uploads\/2022\/11\/Manheim-Express-Estate-car.png\",\"datePublished\":\"2024-01-15T16:04:57+00:00\",\"dateModified\":\"2024-01-15T16:04:59+00:00\",\"description\":\"Die Kfz Versteigerung Manheim Express bietet H\u00e4ndlern nicht nur in NRW die M\u00f6glichkeit, Ihren An- und Verkauf von Gebrauchtwagen zu vereinfachen und erheblich zu beschleunigen.\",\"breadcrumb\":{\"@id\":\"https:\/\/www.manheim-express.eu\/de\/glossar\/kfz-versteigerung-nrw\/#breadcrumb\"},\"inLanguage\":\"de\",\"potentialAction\":[{\"@type\":\"ReadAction\",\"target\":[\"https:\/\/www.manheim-express.eu\/de\/glossar\/kfz-versteigerung-nrw\/\"]}]},{\"@type\":\"ImageObject\",\"inLanguage\":\"de\",\"@id\":\"https:\/\/www.manheim-express.eu\/de\/glossar\/kfz-versteigerung-nrw\/#primaryimage\",\"url\":\"https:\/\/www.manheim-express.eu\/wp-content\/uploads\/2022\/11\/Manheim-Express-Estate-car.png\",\"contentUrl\":\"https:\/\/www.manheim-express.eu\/wp-content\/uploads\/2022\/11\/Manheim-Express-Estate-car.png\"},{\"@type\":\"BreadcrumbList\",\"@id\":\"https:\/\/www.manheim-express.eu\/de\/glossar\/kfz-versteigerung-nrw\/#breadcrumb\",\"itemListElement\":[{\"@type\":\"ListItem\",\"position\":1,\"name\":\"Home\",\"item\":\"https:\/\/www.manheim-express.eu\/de\/\"},{\"@type\":\"ListItem\",\"position\":2,\"name\":\"Glossar\",\"item\":\"https:\/\/www.manheim-express.eu\/de\/glossar\/\"},{\"@type\":\"ListItem\",\"position\":3,\"name\":\"KFZ Versteigerung NRW\"}]},{\"@type\":\"WebSite\",\"@id\":\"https:\/\/www.manheim-express.eu\/de\/#website\",\"url\":\"https:\/\/www.manheim-express.eu\/de\/\",\"name\":\"Manheim Express\",\"description\":\"\",\"publisher\":{\"@id\":\"https:\/\/www.manheim-express.eu\/de\/#organization\"},\"potentialAction\":[{\"@type\":\"SearchAction\",\"target\":{\"@type\":\"EntryPoint\",\"urlTemplate\":\"https:\/\/www.manheim-express.eu\/de\/?s={search_term_string}\"},\"query-input\":{\"@type\":\"PropertyValueSpecification\",\"valueRequired\":true,\"valueName\":\"search_term_string\"}}],\"inLanguage\":\"de\"},{\"@type\":\"Organization\",\"@id\":\"https:\/\/www.manheim-express.eu\/de\/#organization\",\"name\":\"Manheim Express\",\"url\":\"https:\/\/www.manheim-express.eu\/de\/\",\"logo\":{\"@type\":\"ImageObject\",\"inLanguage\":\"de\",\"@id\":\"https:\/\/www.manheim-express.eu\/de\/#\/schema\/logo\/image\/\",\"url\":\"https:\/\/www.manheim-express.eu\/wp-content\/uploads\/2021\/07\/manheim-express-logo-light.png\",\"contentUrl\":\"https:\/\/www.manheim-express.eu\/wp-content\/uploads\/2021\/07\/manheim-express-logo-light.png\",\"width\":1163,\"height\":392,\"caption\":\"Manheim Express\"},\"image\":{\"@id\":\"https:\/\/www.manheim-express.eu\/de\/#\/schema\/logo\/image\/\"},\"sameAs\":[\"https:\/\/www.facebook.com\/manheimexpresseurope\/\",\"https:\/\/www.instagram.com\/manheim.express\",\"https:\/\/www.linkedin.com\/company\/manheim-express\/\",\"https:\/\/www.youtube.com\/channel\/UCRKJajJPvJv-ao7Tk7qra5Q\/\"]}]}<\/script>\n<!-- \/ Yoast SEO plugin. -->","yoast_head_json":{"title":"KFZ Versteigerung NRW - Manheim Express die neue Auktionsplattform f\u00fcr den KFZ Handel","description":"Die Kfz Versteigerung Manheim Express bietet H\u00e4ndlern nicht nur in NRW die M\u00f6glichkeit, Ihren An- und Verkauf von Gebrauchtwagen zu vereinfachen und erheblich zu beschleunigen.","robots":{"index":"index","follow":"follow","max-snippet":"max-snippet:-1","max-image-preview":"max-image-preview:large","max-video-preview":"max-video-preview:-1"},"canonical":"https:\/\/www.manheim-express.eu\/de\/glossar\/kfz-versteigerung-nrw\/","og_locale":"de_DE","og_type":"article","og_title":"KFZ Versteigerung NRW - Manheim Express die neue Auktionsplattform f\u00fcr den KFZ Handel","og_description":"Die Kfz Versteigerung Manheim Express bietet H\u00e4ndlern nicht nur in NRW die M\u00f6glichkeit, Ihren An- und Verkauf von Gebrauchtwagen zu vereinfachen und erheblich zu beschleunigen.","og_url":"https:\/\/www.manheim-express.eu\/de\/glossar\/kfz-versteigerung-nrw\/","og_site_name":"Manheim Express","article_publisher":"https:\/\/www.facebook.com\/manheimexpresseurope\/","article_modified_time":"2024-01-15T16:04:59+00:00","og_image":[{"url":"https:\/\/www.manheim-express.eu\/wp-content\/uploads\/2022\/11\/Manheim-Express-Estate-car.png","type":"","width":"","height":""}],"twitter_card":"summary_large_image","twitter_misc":{"Gesch\u00e4tzte Lesezeit":"3\u00a0Minuten"},"schema":{"@context":"https:\/\/schema.org","@graph":[{"@type":"WebPage","@id":"https:\/\/www.manheim-express.eu\/de\/glossar\/kfz-versteigerung-nrw\/","url":"https:\/\/www.manheim-express.eu\/de\/glossar\/kfz-versteigerung-nrw\/","name":"KFZ Versteigerung NRW - Manheim Express die neue Auktionsplattform f\u00fcr den KFZ Handel","isPartOf":{"@id":"https:\/\/www.manheim-express.eu\/de\/#website"},"primaryImageOfPage":{"@id":"https:\/\/www.manheim-express.eu\/de\/glossar\/kfz-versteigerung-nrw\/#primaryimage"},"image":{"@id":"https:\/\/www.manheim-express.eu\/de\/glossar\/kfz-versteigerung-nrw\/#primaryimage"},"thumbnailUrl":"https:\/\/www.manheim-express.eu\/wp-content\/uploads\/2022\/11\/Manheim-Express-Estate-car.png","datePublished":"2024-01-15T16:04:57+00:00","dateModified":"2024-01-15T16:04:59+00:00","description":"Die Kfz Versteigerung Manheim Express bietet H\u00e4ndlern nicht nur in NRW die M\u00f6glichkeit, Ihren An- und Verkauf von Gebrauchtwagen zu vereinfachen und erheblich zu beschleunigen.","breadcrumb":{"@id":"https:\/\/www.manheim-express.eu\/de\/glossar\/kfz-versteigerung-nrw\/#breadcrumb"},"inLanguage":"de","potentialAction":[{"@type":"ReadAction","target":["https:\/\/www.manheim-express.eu\/de\/glossar\/kfz-versteigerung-nrw\/"]}]},{"@type":"ImageObject","inLanguage":"de","@id":"https:\/\/www.manheim-express.eu\/de\/glossar\/kfz-versteigerung-nrw\/#primaryimage","url":"https:\/\/www.manheim-express.eu\/wp-content\/uploads\/2022\/11\/Manheim-Express-Estate-car.png","contentUrl":"https:\/\/www.manheim-express.eu\/wp-content\/uploads\/2022\/11\/Manheim-Express-Estate-car.png"},{"@type":"BreadcrumbList","@id":"https:\/\/www.manheim-express.eu\/de\/glossar\/kfz-versteigerung-nrw\/#breadcrumb","itemListElement":[{"@type":"ListItem","position":1,"name":"Home","item":"https:\/\/www.manheim-express.eu\/de\/"},{"@type":"ListItem","position":2,"name":"Glossar","item":"https:\/\/www.manheim-express.eu\/de\/glossar\/"},{"@type":"ListItem","position":3,"name":"KFZ Versteigerung NRW"}]},{"@type":"WebSite","@id":"https:\/\/www.manheim-express.eu\/de\/#website","url":"https:\/\/www.manheim-express.eu\/de\/","name":"Manheim Express","description":"","publisher":{"@id":"https:\/\/www.manheim-express.eu\/de\/#organization"},"potentialAction":[{"@type":"SearchAction","target":{"@type":"EntryPoint","urlTemplate":"https:\/\/www.manheim-express.eu\/de\/?s={search_term_string}"},"query-input":{"@type":"PropertyValueSpecification","valueRequired":true,"valueName":"search_term_string"}}],"inLanguage":"de"},{"@type":"Organization","@id":"https:\/\/www.manheim-express.eu\/de\/#organization","name":"Manheim Express","url":"https:\/\/www.manheim-express.eu\/de\/","logo":{"@type":"ImageObject","inLanguage":"de","@id":"https:\/\/www.manheim-express.eu\/de\/#\/schema\/logo\/image\/","url":"https:\/\/www.manheim-express.eu\/wp-content\/uploads\/2021\/07\/manheim-express-logo-light.png","contentUrl":"https:\/\/www.manheim-express.eu\/wp-content\/uploads\/2021\/07\/manheim-express-logo-light.png","width":1163,"height":392,"caption":"Manheim Express"},"image":{"@id":"https:\/\/www.manheim-express.eu\/de\/#\/schema\/logo\/image\/"},"sameAs":["https:\/\/www.facebook.com\/manheimexpresseurope\/","https:\/\/www.instagram.com\/manheim.express","https:\/\/www.linkedin.com\/company\/manheim-express\/","https:\/\/www.youtube.com\/channel\/UCRKJajJPvJv-ao7Tk7qra5Q\/"]}]}},"_links":{"self":[{"href":"https:\/\/www.manheim-express.eu\/de\/wp-json\/wp\/v2\/pages\/16411","targetHints":{"allow":["GET"]}}],"collection":[{"href":"https:\/\/www.manheim-express.eu\/de\/wp-json\/wp\/v2\/pages"}],"about":[{"href":"https:\/\/www.manheim-express.eu\/de\/wp-json\/wp\/v2\/types\/page"}],"author":[{"embeddable":true,"href":"https:\/\/www.manheim-express.eu\/de\/wp-json\/wp\/v2\/users\/12"}],"replies":[{"embeddable":true,"href":"https:\/\/www.manheim-express.eu\/de\/wp-json\/wp\/v2\/comments?post=16411"}],"version-history":[{"count":13,"href":"https:\/\/www.manheim-express.eu\/de\/wp-json\/wp\/v2\/pages\/16411\/revisions"}],"predecessor-version":[{"id":16859,"href":"https:\/\/www.manheim-express.eu\/de\/wp-json\/wp\/v2\/pages\/16411\/revisions\/16859"}],"up":[{"embeddable":true,"href":"https:\/\/www.manheim-express.eu\/de\/wp-json\/wp\/v2\/pages\/11571"}],"wp:attachment":[{"href":"https:\/\/www.manheim-express.eu\/de\/wp-json\/wp\/v2\/media?parent=16411"}],"wp:term":[{"taxonomy":"wf_page_folders","embeddable":true,"href":"https:\/\/www.manheim-express.eu\/de\/wp-json\/wp\/v2\/wf_page_folders?post=16411"}],"curies":[{"name":"wp","href":"https:\/\/api.w.org\/{rel}","templated":true}]}}