{"id":16396,"date":"2024-01-15T16:02:27","date_gmt":"2024-01-15T16:02:27","guid":{"rendered":"https:\/\/www.manheim-express.eu\/?page_id=16396"},"modified":"2024-10-09T14:40:56","modified_gmt":"2024-10-09T13:40:56","slug":"kauffuhrpark-schnell-und-gewaehrleistungsfrei-verkaufen","status":"publish","type":"page","link":"https:\/\/www.manheim-express.eu\/de\/glossar\/kauffuhrpark-schnell-und-gewaehrleistungsfrei-verkaufen\/","title":{"rendered":"Kauffuhrpark vermarkten"},"content":{"rendered":"\t\t<div data-elementor-type=\"wp-page\" data-elementor-id=\"16396\" class=\"elementor elementor-16396\" data-elementor-post-type=\"page\">\n\t\t\t\t\t\t<section class=\"elementor-section elementor-top-section elementor-element elementor-element-5ad223c elementor-section-full_width elementor-section-stretched elementor-section-height-default elementor-section-height-default\" data-id=\"5ad223c\" data-element_type=\"section\" data-settings=\"{&quot;stretch_section&quot;:&quot;section-stretched&quot;}\">\n\t\t\t\t\t\t<div class=\"elementor-container elementor-column-gap-default\">\n\t\t\t\t\t<div class=\"elementor-column elementor-col-50 elementor-top-column elementor-element elementor-element-d3b519c\" data-id=\"d3b519c\" data-element_type=\"column\" data-settings=\"{&quot;background_background&quot;:&quot;classic&quot;}\">\n\t\t\t<div class=\"elementor-widget-wrap elementor-element-populated\">\n\t\t\t\t\t\t<div class=\"elementor-element elementor-element-036dc3a elementor-widget elementor-widget-text-editor\" data-id=\"036dc3a\" data-element_type=\"widget\" data-widget_type=\"text-editor.default\">\n\t\t\t\t<div class=\"elementor-widget-container\">\n\t\t\t\t\t\t\t\t\t<h2>Sie wollen Ihren Kauffuhrpark m\u00f6glichst effizient vermarkten?<\/h2>\t\t\t\t\t\t\t\t<\/div>\n\t\t\t\t<\/div>\n\t\t\t\t<div class=\"elementor-element elementor-element-21c3353 elementor-widget elementor-widget-text-editor\" data-id=\"21c3353\" data-element_type=\"widget\" data-widget_type=\"text-editor.default\">\n\t\t\t\t<div class=\"elementor-widget-container\">\n\t\t\t\t\t\t\t\t\t<h3 class=\"\">Verkaufen Sie mit Manheim Express Ihre Fahrzeuge gew\u00e4hrleistungsfrei mit Profi-Tools!<\/h3>\t\t\t\t\t\t\t\t<\/div>\n\t\t\t\t<\/div>\n\t\t\t\t<div class=\"elementor-element elementor-element-c37119d elementor-widget elementor-widget-text-editor\" data-id=\"c37119d\" data-element_type=\"widget\" data-widget_type=\"text-editor.default\">\n\t\t\t\t<div class=\"elementor-widget-container\">\n\t\t\t\t\t\t\t\t\t<p class=\"text-justify\">Die Zusammenstellung, Ausstattung und die Wiedervermarktung eines\u00a0<strong>Kauffuhrparks<\/strong>\u00a0ist eine komplexe und anspruchsvolle Aufgabe, bei der m\u00f6glichst pr\u00e4zise Kalkulationen vor der Anschaffung erforderlich sind. Es kann zudem immer wieder zu au\u00dferplanm\u00e4\u00dfigen Situationen kommen, in denen einzelne Fahrzeuge oder gr\u00f6\u00dfere Best\u00e4nde kurzfristig verkauft werden m\u00fcssen. Steht schlie\u00dflich der Verkauf einer ganzen Flotte an, spielen die Faktoren Zeit, Effizienz und Rechtssicherheit zentrale Rollen. Die gewerbliche Trading-Plattform\u00a0<span style=\"font-weight: bolder;\">Manheim Express<\/span>\u00a0erm\u00f6glicht es in diesen F\u00e4llen, jederzeit in einem professionellen H\u00e4ndlernetzwerk Fahrzeuge schnell und gew\u00e4hrleistungsfrei zu vermarkten.<\/p>\t\t\t\t\t\t\t\t<\/div>\n\t\t\t\t<\/div>\n\t\t\t\t<div class=\"elementor-element elementor-element-76774e4 elementor-widget elementor-widget-button\" data-id=\"76774e4\" data-element_type=\"widget\" data-widget_type=\"button.default\">\n\t\t\t\t<div class=\"elementor-widget-container\">\n\t\t\t\t\t\t\t\t\t<div class=\"elementor-button-wrapper\">\n\t\t\t\t\t<a class=\"elementor-button elementor-button-link elementor-size-lg\" href=\"#\">\n\t\t\t\t\t\t<span class=\"elementor-button-content-wrapper\">\n\t\t\t\t\t\t\t\t\t<span class=\"elementor-button-text\">Mehr Infos finden Sie hier<\/span>\n\t\t\t\t\t<\/span>\n\t\t\t\t\t<\/a>\n\t\t\t\t<\/div>\n\t\t\t\t\t\t\t\t<\/div>\n\t\t\t\t<\/div>\n\t\t\t\t<div class=\"elementor-element elementor-element-93513c7 elementor-widget elementor-widget-image\" data-id=\"93513c7\" data-element_type=\"widget\" data-widget_type=\"image.default\">\n\t\t\t\t<div class=\"elementor-widget-container\">\n\t\t\t\t\t\t\t\t\t\t\t\t\t\t\t<img fetchpriority=\"high\" decoding=\"async\" width=\"800\" height=\"389\" src=\"https:\/\/www.manheim-express.eu\/wp-content\/uploads\/2022\/11\/Manheim-Express-Estate-car.png\" class=\"attachment-large size-large wp-image-14639\" alt=\"\" srcset=\"https:\/\/www.manheim-express.eu\/wp-content\/uploads\/2022\/11\/Manheim-Express-Estate-car.png 1024w, https:\/\/www.manheim-express.eu\/wp-content\/uploads\/2022\/11\/Manheim-Express-Estate-car-300x146.png 300w, https:\/\/www.manheim-express.eu\/wp-content\/uploads\/2022\/11\/Manheim-Express-Estate-car-768x374.png 768w\" sizes=\"(max-width: 800px) 100vw, 800px\" \/>\t\t\t\t\t\t\t\t\t\t\t\t\t\t\t<\/div>\n\t\t\t\t<\/div>\n\t\t\t\t\t<\/div>\n\t\t<\/div>\n\t\t\t\t<div class=\"elementor-column elementor-col-50 elementor-top-column elementor-element elementor-element-213236b\" data-id=\"213236b\" data-element_type=\"column\" data-settings=\"{&quot;background_background&quot;:&quot;classic&quot;}\">\n\t\t\t<div class=\"elementor-widget-wrap elementor-element-populated\">\n\t\t\t\t\t\t<div class=\"elementor-element elementor-element-e9c050a elementor-widget elementor-widget-text-editor\" data-id=\"e9c050a\" data-element_type=\"widget\" data-widget_type=\"text-editor.default\">\n\t\t\t\t<div class=\"elementor-widget-container\">\n\t\t\t\t\t\t\t\t\t<h2 class=\"\">Allgemeine Hinweise zum Zusammenstellen und Vermarkten eines Kauffuhrparks<\/h2>\t\t\t\t\t\t\t\t<\/div>\n\t\t\t\t<\/div>\n\t\t\t\t<div class=\"elementor-element elementor-element-8d896a4 elementor-widget elementor-widget-text-editor\" data-id=\"8d896a4\" data-element_type=\"widget\" data-widget_type=\"text-editor.default\">\n\t\t\t\t<div class=\"elementor-widget-container\">\n\t\t\t\t\t\t\t\t\t<p>Die Anschaffung und Unterhaltung eines\u00a0<strong>Kauffuhrparks<\/strong>\u00a0stellt f\u00fcr ein Unternehmen in der Regel eine signifikante finanzielle Belastung dar. Je gr\u00f6\u00dfer und hochwertiger der\u00a0<strong>Kauffuhrpark<\/strong>\u00a0zusammengesetzt ist, desto st\u00e4rker macht sich die Investition im Budget bemerkbar. Dennoch ist der\u00a0<strong>Kauffuhrpark<\/strong>, wenn er mit Umsicht angeschafft, betrieben und wieder vermarktet wird, oft die g\u00fcnstigste Variante um die erforderliche Mobilit\u00e4t in einem Unternehmen herzustellen. Grunds\u00e4tzlich ist es von Vorteil, wenn bereits vor der Anschaffung der Fahrzeuge m\u00f6glichst realistisch durchkalkuliert wird, welche Unterhaltskosten zu erwarten und mit welchem Wiederverkaufswert zu rechnen ist. Die Auswahl der Fahrzeugmodelle des\u00a0<strong>Kauffuhrparks<\/strong>\u00a0und deren Ausstattungsmerkmale sollte ebenfalls wohl\u00fcberlegt und m\u00f6glichst vorausschauend gew\u00e4hlt werden, da diese Faktoren einen gro\u00dfen Einfluss auf das sp\u00e4tere Vermarkten haben k\u00f6nnen. Auch die steuerrechtliche Situation sollte vor der Anschaffung m\u00f6glichst exakt und vorausschauend durchkalkuliert werden, um die Gesamtkosten der Anschaffung nach dem Verkauf m\u00f6glichst gering zu halten. Idealerweise wird der\u00a0<strong>Kauffuhrpark<\/strong>\u00a0aus Fahrzeugen zusammengestellt, die geringe Unterhaltskosten w\u00e4hrend der Nutzungsdauer mit einem hohen Wiederverkaufswert kombinieren. Ist der Zeitpunkt gekommen, den\u00a0<strong>Kauffuhrpark zu vermarkten<\/strong>, also die Fahrzeuge weiter zu verkaufen, stellt sich die Aufgabe, die Fahrzeuge m\u00f6glichst effizient und gewinnbringend zu vermarkten. Ein zentraler Aspekt ist hier zudem der Verkauf ohne Gew\u00e4hrleistungsanspr\u00fcche, um die damit verbundenen finanziellen Risiken auszuschlie\u00dfen.<\/p>\t\t\t\t\t\t\t\t<\/div>\n\t\t\t\t<\/div>\n\t\t\t\t<div class=\"elementor-element elementor-element-b3d2cf9 elementor-widget elementor-widget-text-editor\" data-id=\"b3d2cf9\" data-element_type=\"widget\" data-widget_type=\"text-editor.default\">\n\t\t\t\t<div class=\"elementor-widget-container\">\n\t\t\t\t\t\t\t\t\t<h2 class=\"text-center\">Wie Sie mit Manheim Express Ihren Kauffuhrpark schnell und gew\u00e4hrleistungsfrei verkaufen<\/h2>\t\t\t\t\t\t\t\t<\/div>\n\t\t\t\t<\/div>\n\t\t\t\t<div class=\"elementor-element elementor-element-76f2c0f elementor-widget elementor-widget-text-editor\" data-id=\"76f2c0f\" data-element_type=\"widget\" data-widget_type=\"text-editor.default\">\n\t\t\t\t<div class=\"elementor-widget-container\">\n\t\t\t\t\t\t\t\t\t<p>Wie oben erl\u00e4utert, m\u00fcssen zur erfolgreichen Anschaffung und\u00a0<strong>Vermarktung eines Kauffuhrparks<\/strong>\u00a0eine Reihe von Faktoren zusammenspielen. Sind die Fahrzeuge ans Ende ihrer Nutzungsdauer gelangt \u2013 h\u00e4ufig ist dies der Fall, wenn sie nach einigen Jahren steuerlich abgeschrieben sind \u2013 bevorzugen Fuhrparkmanager in der Regel den Verkauf im B2B-Handel. Der Flottenmanager steht bei der\u00a0<strong>Vermarktung des Kauffuhrparks<\/strong>\u00a0nun vor der Aufgabe, die Fahrzeuge m\u00f6glichst schnell und zu m\u00f6glichst hohen Ertr\u00e4gen zu vermarkten. Durch einen gewerblichen Verkauf kann zudem das unkalkulierbare Risiko von Folgekosten durch Gew\u00e4hrleistungsanspr\u00fcche, das beim Verkauf an Privatpersonen unweigerlich entsteht, vermieden werden. Au\u00dferdem sind im B2B-Markt die Chancen, ganze Flotten oder Serien von Fahrzeugen auf einmal zu verkaufen, deutlich gr\u00f6\u00dfer als auf dem Privatmarkt.\u00a0<span style=\"font-weight: bolder;\">Manheim Express<\/span>, die Handelsplattform ausschlie\u00dflich f\u00fcr registrierte Gebrauchtwagenh\u00e4ndler, stellt das optimale Umfeld f\u00fcr die\u00a0<strong>Vermarktung Ihres Kauffuhrparks<\/strong>\u00a0dar. In Sachen Service und\u00a0<strong>Vermarktung des Kauffuhrparks<\/strong>\u00a0kann der Fuhrparkmanager ganz nach Bedarf auf unterschiedlichste Service-Tools und Dienstleistungsangebote von\u00a0<span style=\"font-weight: bolder;\">Manheim Express<\/span>\u00a0zur\u00fcckgreifen. Neben unterschiedlichen Auktionsformen bzw. einer Sofort-Kaufen-Option ist die Plattform konsequent auf Benutzerfreundlichkeit und Effizienz ausgelegt. Auf Wunsch \u00fcbernimmt das Team von\u00a0<span style=\"font-weight: bolder;\">Manheim Express<\/span>\u00a0zudem die vollst\u00e4ndige Erfassung, Einstellung und den Verkauf der Fahrzeuge.<\/p>\t\t\t\t\t\t\t\t<\/div>\n\t\t\t\t<\/div>\n\t\t\t\t\t<\/div>\n\t\t<\/div>\n\t\t\t\t\t<\/div>\n\t\t<\/section>\n\t\t\t\t<\/div>\n\t\t","protected":false},"excerpt":{"rendered":"<p>Sie wollen Ihren Kauffuhrpark m\u00f6glichst effizient vermarkten? Verkaufen Sie mit Manheim Express Ihre Fahrzeuge gew\u00e4hrleistungsfrei mit Profi-Tools! Die Zusammenstellung, Ausstattung und die Wiedervermarktung eines\u00a0Kauffuhrparks\u00a0ist eine komplexe und anspruchsvolle Aufgabe, bei der m\u00f6glichst pr\u00e4zise Kalkulationen vor der Anschaffung erforderlich sind. Es kann zudem immer wieder zu au\u00dferplanm\u00e4\u00dfigen Situationen kommen, in denen einzelne Fahrzeuge oder gr\u00f6\u00dfere Best\u00e4nde [&hellip;]<\/p>\n","protected":false},"author":12,"featured_media":0,"parent":11571,"menu_order":0,"comment_status":"closed","ping_status":"closed","template":"","meta":{"_acf_changed":false,"footnotes":""},"wf_page_folders":[156],"class_list":["post-16396","page","type-page","status-publish","hentry"],"acf":[],"yoast_head":"<!-- This site is optimized with the Yoast SEO plugin v25.8 - https:\/\/yoast.com\/wordpress\/plugins\/seo\/ -->\n<title>Kauffuhrpark vermarkten - Manheim Express die neue Auktionsplattform f\u00fcr den KFZ Handel<\/title>\n<meta name=\"description\" content=\"Verkaufen Sie mit Manheim Express Ihre Fahrzeuge gew\u00e4hrleistungsfrei mit Profi-Tools \u2013jederzeit in einem professionellen H\u00e4ndlernetzwerk.\" \/>\n<meta name=\"robots\" content=\"index, follow, max-snippet:-1, max-image-preview:large, max-video-preview:-1\" \/>\n<link rel=\"canonical\" href=\"https:\/\/www.manheim-express.eu\/de\/glossar\/kauffuhrpark-schnell-und-gewaehrleistungsfrei-verkaufen\/\" \/>\n<meta property=\"og:locale\" content=\"de_DE\" \/>\n<meta property=\"og:type\" content=\"article\" \/>\n<meta property=\"og:title\" content=\"Kauffuhrpark vermarkten - Manheim Express die neue Auktionsplattform f\u00fcr den KFZ Handel\" \/>\n<meta property=\"og:description\" content=\"Verkaufen Sie mit Manheim Express Ihre Fahrzeuge gew\u00e4hrleistungsfrei mit Profi-Tools \u2013jederzeit in einem professionellen H\u00e4ndlernetzwerk.\" \/>\n<meta property=\"og:url\" content=\"https:\/\/www.manheim-express.eu\/de\/glossar\/kauffuhrpark-schnell-und-gewaehrleistungsfrei-verkaufen\/\" \/>\n<meta property=\"og:site_name\" content=\"Manheim Express\" \/>\n<meta property=\"article:publisher\" content=\"https:\/\/www.facebook.com\/manheimexpresseurope\/\" \/>\n<meta property=\"article:modified_time\" content=\"2024-10-09T13:40:56+00:00\" \/>\n<meta property=\"og:image\" content=\"https:\/\/www.manheim-express.eu\/wp-content\/uploads\/2022\/11\/Manheim-Express-Estate-car.png\" \/>\n<meta name=\"twitter:card\" content=\"summary_large_image\" \/>\n<meta name=\"twitter:label1\" content=\"Gesch\u00e4tzte Lesezeit\" \/>\n\t<meta name=\"twitter:data1\" content=\"3\u00a0Minuten\" \/>\n<script type=\"application\/ld+json\" class=\"yoast-schema-graph\">{\"@context\":\"https:\/\/schema.org\",\"@graph\":[{\"@type\":\"WebPage\",\"@id\":\"https:\/\/www.manheim-express.eu\/de\/glossar\/kauffuhrpark-schnell-und-gewaehrleistungsfrei-verkaufen\/\",\"url\":\"https:\/\/www.manheim-express.eu\/de\/glossar\/kauffuhrpark-schnell-und-gewaehrleistungsfrei-verkaufen\/\",\"name\":\"Kauffuhrpark vermarkten - Manheim Express die neue Auktionsplattform f\u00fcr den KFZ Handel\",\"isPartOf\":{\"@id\":\"https:\/\/www.manheim-express.eu\/de\/#website\"},\"primaryImageOfPage\":{\"@id\":\"https:\/\/www.manheim-express.eu\/de\/glossar\/kauffuhrpark-schnell-und-gewaehrleistungsfrei-verkaufen\/#primaryimage\"},\"image\":{\"@id\":\"https:\/\/www.manheim-express.eu\/de\/glossar\/kauffuhrpark-schnell-und-gewaehrleistungsfrei-verkaufen\/#primaryimage\"},\"thumbnailUrl\":\"https:\/\/www.manheim-express.eu\/wp-content\/uploads\/2022\/11\/Manheim-Express-Estate-car.png\",\"datePublished\":\"2024-01-15T16:02:27+00:00\",\"dateModified\":\"2024-10-09T13:40:56+00:00\",\"description\":\"Verkaufen Sie mit Manheim Express Ihre Fahrzeuge gew\u00e4hrleistungsfrei mit Profi-Tools \u2013jederzeit in einem professionellen H\u00e4ndlernetzwerk.\",\"breadcrumb\":{\"@id\":\"https:\/\/www.manheim-express.eu\/de\/glossar\/kauffuhrpark-schnell-und-gewaehrleistungsfrei-verkaufen\/#breadcrumb\"},\"inLanguage\":\"de\",\"potentialAction\":[{\"@type\":\"ReadAction\",\"target\":[\"https:\/\/www.manheim-express.eu\/de\/glossar\/kauffuhrpark-schnell-und-gewaehrleistungsfrei-verkaufen\/\"]}]},{\"@type\":\"ImageObject\",\"inLanguage\":\"de\",\"@id\":\"https:\/\/www.manheim-express.eu\/de\/glossar\/kauffuhrpark-schnell-und-gewaehrleistungsfrei-verkaufen\/#primaryimage\",\"url\":\"https:\/\/www.manheim-express.eu\/wp-content\/uploads\/2022\/11\/Manheim-Express-Estate-car.png\",\"contentUrl\":\"https:\/\/www.manheim-express.eu\/wp-content\/uploads\/2022\/11\/Manheim-Express-Estate-car.png\"},{\"@type\":\"BreadcrumbList\",\"@id\":\"https:\/\/www.manheim-express.eu\/de\/glossar\/kauffuhrpark-schnell-und-gewaehrleistungsfrei-verkaufen\/#breadcrumb\",\"itemListElement\":[{\"@type\":\"ListItem\",\"position\":1,\"name\":\"Home\",\"item\":\"https:\/\/www.manheim-express.eu\/de\/\"},{\"@type\":\"ListItem\",\"position\":2,\"name\":\"Glossar\",\"item\":\"https:\/\/www.manheim-express.eu\/de\/glossar\/\"},{\"@type\":\"ListItem\",\"position\":3,\"name\":\"Kauffuhrpark vermarkten\"}]},{\"@type\":\"WebSite\",\"@id\":\"https:\/\/www.manheim-express.eu\/de\/#website\",\"url\":\"https:\/\/www.manheim-express.eu\/de\/\",\"name\":\"Manheim Express\",\"description\":\"\",\"publisher\":{\"@id\":\"https:\/\/www.manheim-express.eu\/de\/#organization\"},\"potentialAction\":[{\"@type\":\"SearchAction\",\"target\":{\"@type\":\"EntryPoint\",\"urlTemplate\":\"https:\/\/www.manheim-express.eu\/de\/?s={search_term_string}\"},\"query-input\":{\"@type\":\"PropertyValueSpecification\",\"valueRequired\":true,\"valueName\":\"search_term_string\"}}],\"inLanguage\":\"de\"},{\"@type\":\"Organization\",\"@id\":\"https:\/\/www.manheim-express.eu\/de\/#organization\",\"name\":\"Manheim Express\",\"url\":\"https:\/\/www.manheim-express.eu\/de\/\",\"logo\":{\"@type\":\"ImageObject\",\"inLanguage\":\"de\",\"@id\":\"https:\/\/www.manheim-express.eu\/de\/#\/schema\/logo\/image\/\",\"url\":\"https:\/\/www.manheim-express.eu\/wp-content\/uploads\/2021\/07\/manheim-express-logo-light.png\",\"contentUrl\":\"https:\/\/www.manheim-express.eu\/wp-content\/uploads\/2021\/07\/manheim-express-logo-light.png\",\"width\":1163,\"height\":392,\"caption\":\"Manheim Express\"},\"image\":{\"@id\":\"https:\/\/www.manheim-express.eu\/de\/#\/schema\/logo\/image\/\"},\"sameAs\":[\"https:\/\/www.facebook.com\/manheimexpresseurope\/\",\"https:\/\/www.instagram.com\/manheim.express\",\"https:\/\/www.linkedin.com\/company\/manheim-express\/\",\"https:\/\/www.youtube.com\/channel\/UCRKJajJPvJv-ao7Tk7qra5Q\/\"]}]}<\/script>\n<!-- \/ Yoast SEO plugin. -->","yoast_head_json":{"title":"Kauffuhrpark vermarkten - Manheim Express die neue Auktionsplattform f\u00fcr den KFZ Handel","description":"Verkaufen Sie mit Manheim Express Ihre Fahrzeuge gew\u00e4hrleistungsfrei mit Profi-Tools \u2013jederzeit in einem professionellen H\u00e4ndlernetzwerk.","robots":{"index":"index","follow":"follow","max-snippet":"max-snippet:-1","max-image-preview":"max-image-preview:large","max-video-preview":"max-video-preview:-1"},"canonical":"https:\/\/www.manheim-express.eu\/de\/glossar\/kauffuhrpark-schnell-und-gewaehrleistungsfrei-verkaufen\/","og_locale":"de_DE","og_type":"article","og_title":"Kauffuhrpark vermarkten - Manheim Express die neue Auktionsplattform f\u00fcr den KFZ Handel","og_description":"Verkaufen Sie mit Manheim Express Ihre Fahrzeuge gew\u00e4hrleistungsfrei mit Profi-Tools \u2013jederzeit in einem professionellen H\u00e4ndlernetzwerk.","og_url":"https:\/\/www.manheim-express.eu\/de\/glossar\/kauffuhrpark-schnell-und-gewaehrleistungsfrei-verkaufen\/","og_site_name":"Manheim Express","article_publisher":"https:\/\/www.facebook.com\/manheimexpresseurope\/","article_modified_time":"2024-10-09T13:40:56+00:00","og_image":[{"url":"https:\/\/www.manheim-express.eu\/wp-content\/uploads\/2022\/11\/Manheim-Express-Estate-car.png","type":"","width":"","height":""}],"twitter_card":"summary_large_image","twitter_misc":{"Gesch\u00e4tzte Lesezeit":"3\u00a0Minuten"},"schema":{"@context":"https:\/\/schema.org","@graph":[{"@type":"WebPage","@id":"https:\/\/www.manheim-express.eu\/de\/glossar\/kauffuhrpark-schnell-und-gewaehrleistungsfrei-verkaufen\/","url":"https:\/\/www.manheim-express.eu\/de\/glossar\/kauffuhrpark-schnell-und-gewaehrleistungsfrei-verkaufen\/","name":"Kauffuhrpark vermarkten - Manheim Express die neue Auktionsplattform f\u00fcr den KFZ Handel","isPartOf":{"@id":"https:\/\/www.manheim-express.eu\/de\/#website"},"primaryImageOfPage":{"@id":"https:\/\/www.manheim-express.eu\/de\/glossar\/kauffuhrpark-schnell-und-gewaehrleistungsfrei-verkaufen\/#primaryimage"},"image":{"@id":"https:\/\/www.manheim-express.eu\/de\/glossar\/kauffuhrpark-schnell-und-gewaehrleistungsfrei-verkaufen\/#primaryimage"},"thumbnailUrl":"https:\/\/www.manheim-express.eu\/wp-content\/uploads\/2022\/11\/Manheim-Express-Estate-car.png","datePublished":"2024-01-15T16:02:27+00:00","dateModified":"2024-10-09T13:40:56+00:00","description":"Verkaufen Sie mit Manheim Express Ihre Fahrzeuge gew\u00e4hrleistungsfrei mit Profi-Tools \u2013jederzeit in einem professionellen H\u00e4ndlernetzwerk.","breadcrumb":{"@id":"https:\/\/www.manheim-express.eu\/de\/glossar\/kauffuhrpark-schnell-und-gewaehrleistungsfrei-verkaufen\/#breadcrumb"},"inLanguage":"de","potentialAction":[{"@type":"ReadAction","target":["https:\/\/www.manheim-express.eu\/de\/glossar\/kauffuhrpark-schnell-und-gewaehrleistungsfrei-verkaufen\/"]}]},{"@type":"ImageObject","inLanguage":"de","@id":"https:\/\/www.manheim-express.eu\/de\/glossar\/kauffuhrpark-schnell-und-gewaehrleistungsfrei-verkaufen\/#primaryimage","url":"https:\/\/www.manheim-express.eu\/wp-content\/uploads\/2022\/11\/Manheim-Express-Estate-car.png","contentUrl":"https:\/\/www.manheim-express.eu\/wp-content\/uploads\/2022\/11\/Manheim-Express-Estate-car.png"},{"@type":"BreadcrumbList","@id":"https:\/\/www.manheim-express.eu\/de\/glossar\/kauffuhrpark-schnell-und-gewaehrleistungsfrei-verkaufen\/#breadcrumb","itemListElement":[{"@type":"ListItem","position":1,"name":"Home","item":"https:\/\/www.manheim-express.eu\/de\/"},{"@type":"ListItem","position":2,"name":"Glossar","item":"https:\/\/www.manheim-express.eu\/de\/glossar\/"},{"@type":"ListItem","position":3,"name":"Kauffuhrpark vermarkten"}]},{"@type":"WebSite","@id":"https:\/\/www.manheim-express.eu\/de\/#website","url":"https:\/\/www.manheim-express.eu\/de\/","name":"Manheim Express","description":"","publisher":{"@id":"https:\/\/www.manheim-express.eu\/de\/#organization"},"potentialAction":[{"@type":"SearchAction","target":{"@type":"EntryPoint","urlTemplate":"https:\/\/www.manheim-express.eu\/de\/?s={search_term_string}"},"query-input":{"@type":"PropertyValueSpecification","valueRequired":true,"valueName":"search_term_string"}}],"inLanguage":"de"},{"@type":"Organization","@id":"https:\/\/www.manheim-express.eu\/de\/#organization","name":"Manheim Express","url":"https:\/\/www.manheim-express.eu\/de\/","logo":{"@type":"ImageObject","inLanguage":"de","@id":"https:\/\/www.manheim-express.eu\/de\/#\/schema\/logo\/image\/","url":"https:\/\/www.manheim-express.eu\/wp-content\/uploads\/2021\/07\/manheim-express-logo-light.png","contentUrl":"https:\/\/www.manheim-express.eu\/wp-content\/uploads\/2021\/07\/manheim-express-logo-light.png","width":1163,"height":392,"caption":"Manheim Express"},"image":{"@id":"https:\/\/www.manheim-express.eu\/de\/#\/schema\/logo\/image\/"},"sameAs":["https:\/\/www.facebook.com\/manheimexpresseurope\/","https:\/\/www.instagram.com\/manheim.express","https:\/\/www.linkedin.com\/company\/manheim-express\/","https:\/\/www.youtube.com\/channel\/UCRKJajJPvJv-ao7Tk7qra5Q\/"]}]}},"_links":{"self":[{"href":"https:\/\/www.manheim-express.eu\/de\/wp-json\/wp\/v2\/pages\/16396","targetHints":{"allow":["GET"]}}],"collection":[{"href":"https:\/\/www.manheim-express.eu\/de\/wp-json\/wp\/v2\/pages"}],"about":[{"href":"https:\/\/www.manheim-express.eu\/de\/wp-json\/wp\/v2\/types\/page"}],"author":[{"embeddable":true,"href":"https:\/\/www.manheim-express.eu\/de\/wp-json\/wp\/v2\/users\/12"}],"replies":[{"embeddable":true,"href":"https:\/\/www.manheim-express.eu\/de\/wp-json\/wp\/v2\/comments?post=16396"}],"version-history":[{"count":10,"href":"https:\/\/www.manheim-express.eu\/de\/wp-json\/wp\/v2\/pages\/16396\/revisions"}],"predecessor-version":[{"id":16850,"href":"https:\/\/www.manheim-express.eu\/de\/wp-json\/wp\/v2\/pages\/16396\/revisions\/16850"}],"up":[{"embeddable":true,"href":"https:\/\/www.manheim-express.eu\/de\/wp-json\/wp\/v2\/pages\/11571"}],"wp:attachment":[{"href":"https:\/\/www.manheim-express.eu\/de\/wp-json\/wp\/v2\/media?parent=16396"}],"wp:term":[{"taxonomy":"wf_page_folders","embeddable":true,"href":"https:\/\/www.manheim-express.eu\/de\/wp-json\/wp\/v2\/wf_page_folders?post=16396"}],"curies":[{"name":"wp","href":"https:\/\/api.w.org\/{rel}","templated":true}]}}