{"id":16385,"date":"2024-01-15T16:01:04","date_gmt":"2024-01-15T16:01:04","guid":{"rendered":"https:\/\/www.manheim-express.eu\/?page_id=16385"},"modified":"2024-01-15T16:01:05","modified_gmt":"2024-01-15T16:01:05","slug":"kfz-borse","status":"publish","type":"page","link":"https:\/\/www.manheim-express.eu\/de\/glossar\/kfz-borse\/","title":{"rendered":"KFZ B\u00f6rse"},"content":{"rendered":"\t\t<div data-elementor-type=\"wp-page\" data-elementor-id=\"16385\" class=\"elementor elementor-16385\" data-elementor-post-type=\"page\">\n\t\t\t\t\t\t<section class=\"elementor-section elementor-top-section elementor-element elementor-element-5ad223c elementor-section-full_width elementor-section-stretched elementor-section-height-default elementor-section-height-default\" data-id=\"5ad223c\" data-element_type=\"section\" data-settings=\"{&quot;stretch_section&quot;:&quot;section-stretched&quot;}\">\n\t\t\t\t\t\t<div class=\"elementor-container elementor-column-gap-default\">\n\t\t\t\t\t<div class=\"elementor-column elementor-col-50 elementor-top-column elementor-element elementor-element-d3b519c\" data-id=\"d3b519c\" data-element_type=\"column\" data-settings=\"{&quot;background_background&quot;:&quot;classic&quot;}\">\n\t\t\t<div class=\"elementor-widget-wrap elementor-element-populated\">\n\t\t\t\t\t\t<div class=\"elementor-element elementor-element-036dc3a elementor-widget elementor-widget-text-editor\" data-id=\"036dc3a\" data-element_type=\"widget\" data-widget_type=\"text-editor.default\">\n\t\t\t\t<div class=\"elementor-widget-container\">\n\t\t\t\t\t\t\t\t\t<h2>Sie sind auf der Suche nach einer Kfz B\u00f6rse f\u00fcr den gewerblichen Handel?<\/h2>\t\t\t\t\t\t\t\t<\/div>\n\t\t\t\t<\/div>\n\t\t\t\t<div class=\"elementor-element elementor-element-21c3353 elementor-widget elementor-widget-text-editor\" data-id=\"21c3353\" data-element_type=\"widget\" data-widget_type=\"text-editor.default\">\n\t\t\t\t<div class=\"elementor-widget-container\">\n\t\t\t\t\t\t\t\t\t<h3 class=\"\">Mit Manheim Express bringen Sie Ihr E-Commerce professionell in Fahrt<\/h3>\t\t\t\t\t\t\t\t<\/div>\n\t\t\t\t<\/div>\n\t\t\t\t<div class=\"elementor-element elementor-element-c37119d elementor-widget elementor-widget-text-editor\" data-id=\"c37119d\" data-element_type=\"widget\" data-widget_type=\"text-editor.default\">\n\t\t\t\t<div class=\"elementor-widget-container\">\n\t\t\t\t\t\t\t\t\t<p>Fast allen H\u00e4ndlern ist es vollkommen klar: dem Online-Handel mit Gebrauchtwagen geh\u00f6rt die Zukunft und wer mittel- und langfristig erfolgreich sein will, kann sich den vielf\u00e4ltigen M\u00f6glichkeiten des E-Commerce nicht mehr entziehen. Die allgemeine Tendenz aller Zielgruppen, \u00fcber eine Kfz B\u00f6rse ein Fahrzeug zu kaufen, kennt zudem nur eine Richtung: nach oben. Gleichzeitig sind die H\u00e4ndler in ihr Tagesgesch\u00e4ft eingebunden und haben oft weder Zeit noch das technische Know-how, um das eigene Unternehmen fit f\u00fcr den Online-Handel zu machen. Die L\u00f6sung: Professionelles Trading und Versteigern mit der B2B-Kfz B\u00f6rse\u00a0<span style=\"font-weight: bolder;\">Manheim Express<\/span>! Anmeldung und Bedienung der Plattform sind denkbar einfach und mit wenigen Klicks k\u00f6nnen Fahrzeuge nach Bedarf eingestellt und gehandelt werden. Serviceleistungen k\u00f6nnen nach Bedarf hinzugebucht werden. Das bedeutet: der H\u00e4ndler kann sich mit gutem Gewissen auf sein Tagesgesch\u00e4ft konzentrieren und gleichzeitig mit\u00a0<span style=\"font-weight: bolder;\">Manheim Express<\/span>\u00a0eine professionelle Vertriebsplattform flexibel und effektiv nutzen.<\/p>\t\t\t\t\t\t\t\t<\/div>\n\t\t\t\t<\/div>\n\t\t\t\t<div class=\"elementor-element elementor-element-76774e4 elementor-widget elementor-widget-button\" data-id=\"76774e4\" data-element_type=\"widget\" data-widget_type=\"button.default\">\n\t\t\t\t<div class=\"elementor-widget-container\">\n\t\t\t\t\t\t\t\t\t<div class=\"elementor-button-wrapper\">\n\t\t\t\t\t<a class=\"elementor-button elementor-button-link elementor-size-lg\" href=\"#\">\n\t\t\t\t\t\t<span class=\"elementor-button-content-wrapper\">\n\t\t\t\t\t\t\t\t\t<span class=\"elementor-button-text\">Mehr Infos finden Sie hier<\/span>\n\t\t\t\t\t<\/span>\n\t\t\t\t\t<\/a>\n\t\t\t\t<\/div>\n\t\t\t\t\t\t\t\t<\/div>\n\t\t\t\t<\/div>\n\t\t\t\t<div class=\"elementor-element elementor-element-93513c7 elementor-widget elementor-widget-image\" data-id=\"93513c7\" data-element_type=\"widget\" data-widget_type=\"image.default\">\n\t\t\t\t<div class=\"elementor-widget-container\">\n\t\t\t\t\t\t\t\t\t\t\t\t\t\t\t<img fetchpriority=\"high\" decoding=\"async\" width=\"800\" height=\"389\" src=\"https:\/\/www.manheim-express.eu\/wp-content\/uploads\/2022\/11\/Manheim-Express-Estate-car.png\" class=\"attachment-large size-large wp-image-14639\" alt=\"\" srcset=\"https:\/\/www.manheim-express.eu\/wp-content\/uploads\/2022\/11\/Manheim-Express-Estate-car.png 1024w, https:\/\/www.manheim-express.eu\/wp-content\/uploads\/2022\/11\/Manheim-Express-Estate-car-300x146.png 300w, https:\/\/www.manheim-express.eu\/wp-content\/uploads\/2022\/11\/Manheim-Express-Estate-car-768x374.png 768w\" sizes=\"(max-width: 800px) 100vw, 800px\" \/>\t\t\t\t\t\t\t\t\t\t\t\t\t\t\t<\/div>\n\t\t\t\t<\/div>\n\t\t\t\t\t<\/div>\n\t\t<\/div>\n\t\t\t\t<div class=\"elementor-column elementor-col-50 elementor-top-column elementor-element elementor-element-213236b\" data-id=\"213236b\" data-element_type=\"column\" data-settings=\"{&quot;background_background&quot;:&quot;classic&quot;}\">\n\t\t\t<div class=\"elementor-widget-wrap elementor-element-populated\">\n\t\t\t\t\t\t<div class=\"elementor-element elementor-element-e9c050a elementor-widget elementor-widget-text-editor\" data-id=\"e9c050a\" data-element_type=\"widget\" data-widget_type=\"text-editor.default\">\n\t\t\t\t<div class=\"elementor-widget-container\">\n\t\t\t\t\t\t\t\t\t<h2 class=\"\">Wie finde ich als H\u00e4ndler die perfekte Kfz B\u00f6rse f\u00fcr mein Unternehmen?<\/h2>\t\t\t\t\t\t\t\t<\/div>\n\t\t\t\t<\/div>\n\t\t\t\t<div class=\"elementor-element elementor-element-8d896a4 elementor-widget elementor-widget-text-editor\" data-id=\"8d896a4\" data-element_type=\"widget\" data-widget_type=\"text-editor.default\">\n\t\t\t\t<div class=\"elementor-widget-container\">\n\t\t\t\t\t\t\t\t\t<p>Die Kfz B\u00f6rse im Internet als Verkaufs- und Ankaufsplattform hat sich eindeutig etabliert; sie ist schlicht nicht mehr aus dem Gebrauchtwagenmarkt wegzudenken. Private K\u00e4ufer und H\u00e4ndler werfen mittlerweile vollkommen selbstverst\u00e4ndlich zun\u00e4chst einen Blick auf das Online-Angebot an Gebrauchtwagen, bevor es zum Kaufabschluss kommt. Und auch der Kauf selbst wird immer h\u00e4ufiger \u00fcber das Internet abgewickelt. \u00dcber den Status der Kfz B\u00f6rse bei H\u00e4ndlern und Privatk\u00e4ufern braucht daher nicht lange spekuliert zu werden: Das riesige Angebot und vielf\u00e4ltige Vergleichsm\u00f6glichkeiten stellen f\u00fcr alle Beteiligten ein enormes Potenzial dar \u2013 und das wird genutzt. Den Vorteilen, die Kfz B\u00f6rsen mit sich bringen, stehen allerdings auch einige Risiken bzw. Fallstricke gegen\u00fcber: Die Vielzahl der Anbieter kann problematisch werden, wenn es darum geht, aus dem immer breiter werdenden Angebot an Fahrzeugen und Anbietern die Plattform auszuw\u00e4hlen, die den eigenen Marketingstrategien entgegenkommt und sich m\u00f6glichst flexibel an unterschiedliche Vertriebs- und Einkaufsbed\u00fcrfnisse anpassen l\u00e4sst. Hinzu kommen unterschiedliche Preise und Geb\u00fchren \u2013 ein Faktor, der sich gerade im professionellen Ein- und Verkauf via Kfz B\u00f6rse schnell signifikant bemerkbar macht. Auch hier bestehen zwischen den einzelnen Portalen oft erhebliche Unterschiede. Nicht zu vernachl\u00e4ssigen ist schlie\u00dflich das jeweilige Service-Angebot der Portale. Auch dieser Aspekt kann sich deutlich auf die Eignung der Kfz B\u00f6rse f\u00fcr den jeweiligen H\u00e4ndler auswirken.<\/p>\t\t\t\t\t\t\t\t<\/div>\n\t\t\t\t<\/div>\n\t\t\t\t<div class=\"elementor-element elementor-element-b3d2cf9 elementor-widget elementor-widget-text-editor\" data-id=\"b3d2cf9\" data-element_type=\"widget\" data-widget_type=\"text-editor.default\">\n\t\t\t\t<div class=\"elementor-widget-container\">\n\t\t\t\t\t\t\t\t\t<h2 class=\"text-center\">Professionelles Car-Trading mit Manheim Express<\/h2>\t\t\t\t\t\t\t\t<\/div>\n\t\t\t\t<\/div>\n\t\t\t\t<div class=\"elementor-element elementor-element-76f2c0f elementor-widget elementor-widget-text-editor\" data-id=\"76f2c0f\" data-element_type=\"widget\" data-widget_type=\"text-editor.default\">\n\t\t\t\t<div class=\"elementor-widget-container\">\n\t\t\t\t\t\t\t\t\t<p>Seit der Gr\u00fcndung des Unternehmens im Jahr 2015 besteht das Konzept von\u00a0<span style=\"font-weight: bolder;\">Manheim Express<\/span>\u00a0darin, es Autoh\u00e4ndlern so einfach wie m\u00f6glich zu machen, Fahrzeuge schnell via Auktion oder andere Verkaufsformen im B2B-Sektor zu verkaufen und nach Bedarf einzukaufen. Dies bezieht sich ausdr\u00fccklich auch auf Fahrzeuge, die im Verkauf vor Ort einen schwierigen Stand haben und drohen, zu Langstehern zu werden. Hierzu wurden eine Vielzahl an Tools und Handelsoptionen innerhalb der Kfz B\u00f6rse geschaffen. Mit\u00a0<span style=\"font-weight: bolder;\">Manheim Express<\/span>\u00a0ist es H\u00e4ndlern m\u00f6glich, sich selbst und ihre Vertriebs- und Marketing-Strategie immer wieder neu zu erfinden bzw. an unterschiedliche Marktsituationen anzupassen. Das wird m\u00f6glich, indem das Unternehmen\u00a0<span style=\"font-weight: bolder;\">Manheim Express<\/span>\u00a0kontinuierlich selbst die eigenen Strukturen pr\u00fcft und verbessert. Diese Ausrichtung der Kfz B\u00f6rse ist eine bewusste Antwort auf die dynamische Struktur, die das Internet und seine Nutzer selbst erzeugen. Was heute funktioniert und Umsatz bringt, kann morgen schon zum alten Eisen geh\u00f6ren und so geh\u00f6rt es zum Selbstverst\u00e4ndnis von\u00a0<span style=\"font-weight: bolder;\">Manheim Express<\/span>, die kontinuierliche Ver\u00e4nderung der Branche in die eigene Unternehmensphilosophie zu integrieren. Davon profitieren alle Beteiligten, denn der Kunden kann damit sicher gehen, mit einer Kfz B\u00f6rse zu arbeiten, deren Software sowie Service- und Marketingstrategien auf dem neuesten Stand sind und die durch immer wieder neue, praxisnahe Tools \u00fcberzeugt.<\/p>\t\t\t\t\t\t\t\t<\/div>\n\t\t\t\t<\/div>\n\t\t\t\t\t<\/div>\n\t\t<\/div>\n\t\t\t\t\t<\/div>\n\t\t<\/section>\n\t\t\t\t<\/div>\n\t\t","protected":false},"excerpt":{"rendered":"<p>Sie sind auf der Suche nach einer Kfz B\u00f6rse f\u00fcr den gewerblichen Handel? Mit Manheim Express bringen Sie Ihr E-Commerce professionell in Fahrt Fast allen H\u00e4ndlern ist es vollkommen klar: dem Online-Handel mit Gebrauchtwagen geh\u00f6rt die Zukunft und wer mittel- und langfristig erfolgreich sein will, kann sich den vielf\u00e4ltigen M\u00f6glichkeiten des E-Commerce nicht mehr entziehen. [&hellip;]<\/p>\n","protected":false},"author":12,"featured_media":0,"parent":11571,"menu_order":0,"comment_status":"closed","ping_status":"closed","template":"","meta":{"_acf_changed":false,"footnotes":""},"wf_page_folders":[156],"class_list":["post-16385","page","type-page","status-publish","hentry"],"acf":[],"yoast_head":"<!-- This site is optimized with the Yoast SEO plugin v25.8 - https:\/\/yoast.com\/wordpress\/plugins\/seo\/ -->\n<title>KFZ B\u00f6rse - Manheim Express die neue Auktionsplattform f\u00fcr den KFZ Handel<\/title>\n<meta name=\"description\" content=\"Die allgemeine Tendenz aller Zielgruppen, \u00fcber eine Kfz B\u00f6rse ein Fahrzeug zu kaufen, kennt zudem nur eine Richtung: nach oben.\" \/>\n<meta name=\"robots\" content=\"index, follow, max-snippet:-1, max-image-preview:large, max-video-preview:-1\" \/>\n<link rel=\"canonical\" href=\"https:\/\/www.manheim-express.eu\/de\/glossar\/kfz-borse\/\" \/>\n<meta property=\"og:locale\" content=\"de_DE\" \/>\n<meta property=\"og:type\" content=\"article\" \/>\n<meta property=\"og:title\" content=\"KFZ B\u00f6rse - Manheim Express die neue Auktionsplattform f\u00fcr den KFZ Handel\" \/>\n<meta property=\"og:description\" content=\"Die allgemeine Tendenz aller Zielgruppen, \u00fcber eine Kfz B\u00f6rse ein Fahrzeug zu kaufen, kennt zudem nur eine Richtung: nach oben.\" \/>\n<meta property=\"og:url\" content=\"https:\/\/www.manheim-express.eu\/de\/glossar\/kfz-borse\/\" \/>\n<meta property=\"og:site_name\" content=\"Manheim Express\" \/>\n<meta property=\"article:publisher\" content=\"https:\/\/www.facebook.com\/manheimexpresseurope\/\" \/>\n<meta property=\"article:modified_time\" content=\"2024-01-15T16:01:05+00:00\" \/>\n<meta property=\"og:image\" content=\"https:\/\/www.manheim-express.eu\/wp-content\/uploads\/2022\/11\/Manheim-Express-Estate-car.png\" \/>\n<meta name=\"twitter:card\" content=\"summary_large_image\" \/>\n<meta name=\"twitter:label1\" content=\"Gesch\u00e4tzte Lesezeit\" \/>\n\t<meta name=\"twitter:data1\" content=\"3\u00a0Minuten\" \/>\n<script type=\"application\/ld+json\" class=\"yoast-schema-graph\">{\"@context\":\"https:\/\/schema.org\",\"@graph\":[{\"@type\":\"WebPage\",\"@id\":\"https:\/\/www.manheim-express.eu\/de\/glossar\/kfz-borse\/\",\"url\":\"https:\/\/www.manheim-express.eu\/de\/glossar\/kfz-borse\/\",\"name\":\"KFZ B\u00f6rse - Manheim Express die neue Auktionsplattform f\u00fcr den KFZ Handel\",\"isPartOf\":{\"@id\":\"https:\/\/www.manheim-express.eu\/de\/#website\"},\"primaryImageOfPage\":{\"@id\":\"https:\/\/www.manheim-express.eu\/de\/glossar\/kfz-borse\/#primaryimage\"},\"image\":{\"@id\":\"https:\/\/www.manheim-express.eu\/de\/glossar\/kfz-borse\/#primaryimage\"},\"thumbnailUrl\":\"https:\/\/www.manheim-express.eu\/wp-content\/uploads\/2022\/11\/Manheim-Express-Estate-car.png\",\"datePublished\":\"2024-01-15T16:01:04+00:00\",\"dateModified\":\"2024-01-15T16:01:05+00:00\",\"description\":\"Die allgemeine Tendenz aller Zielgruppen, \u00fcber eine Kfz B\u00f6rse ein Fahrzeug zu kaufen, kennt zudem nur eine Richtung: nach oben.\",\"breadcrumb\":{\"@id\":\"https:\/\/www.manheim-express.eu\/de\/glossar\/kfz-borse\/#breadcrumb\"},\"inLanguage\":\"de\",\"potentialAction\":[{\"@type\":\"ReadAction\",\"target\":[\"https:\/\/www.manheim-express.eu\/de\/glossar\/kfz-borse\/\"]}]},{\"@type\":\"ImageObject\",\"inLanguage\":\"de\",\"@id\":\"https:\/\/www.manheim-express.eu\/de\/glossar\/kfz-borse\/#primaryimage\",\"url\":\"https:\/\/www.manheim-express.eu\/wp-content\/uploads\/2022\/11\/Manheim-Express-Estate-car.png\",\"contentUrl\":\"https:\/\/www.manheim-express.eu\/wp-content\/uploads\/2022\/11\/Manheim-Express-Estate-car.png\"},{\"@type\":\"BreadcrumbList\",\"@id\":\"https:\/\/www.manheim-express.eu\/de\/glossar\/kfz-borse\/#breadcrumb\",\"itemListElement\":[{\"@type\":\"ListItem\",\"position\":1,\"name\":\"Home\",\"item\":\"https:\/\/www.manheim-express.eu\/de\/\"},{\"@type\":\"ListItem\",\"position\":2,\"name\":\"Glossar\",\"item\":\"https:\/\/www.manheim-express.eu\/de\/glossar\/\"},{\"@type\":\"ListItem\",\"position\":3,\"name\":\"KFZ B\u00f6rse\"}]},{\"@type\":\"WebSite\",\"@id\":\"https:\/\/www.manheim-express.eu\/de\/#website\",\"url\":\"https:\/\/www.manheim-express.eu\/de\/\",\"name\":\"Manheim Express\",\"description\":\"\",\"publisher\":{\"@id\":\"https:\/\/www.manheim-express.eu\/de\/#organization\"},\"potentialAction\":[{\"@type\":\"SearchAction\",\"target\":{\"@type\":\"EntryPoint\",\"urlTemplate\":\"https:\/\/www.manheim-express.eu\/de\/?s={search_term_string}\"},\"query-input\":{\"@type\":\"PropertyValueSpecification\",\"valueRequired\":true,\"valueName\":\"search_term_string\"}}],\"inLanguage\":\"de\"},{\"@type\":\"Organization\",\"@id\":\"https:\/\/www.manheim-express.eu\/de\/#organization\",\"name\":\"Manheim Express\",\"url\":\"https:\/\/www.manheim-express.eu\/de\/\",\"logo\":{\"@type\":\"ImageObject\",\"inLanguage\":\"de\",\"@id\":\"https:\/\/www.manheim-express.eu\/de\/#\/schema\/logo\/image\/\",\"url\":\"https:\/\/www.manheim-express.eu\/wp-content\/uploads\/2021\/07\/manheim-express-logo-light.png\",\"contentUrl\":\"https:\/\/www.manheim-express.eu\/wp-content\/uploads\/2021\/07\/manheim-express-logo-light.png\",\"width\":1163,\"height\":392,\"caption\":\"Manheim Express\"},\"image\":{\"@id\":\"https:\/\/www.manheim-express.eu\/de\/#\/schema\/logo\/image\/\"},\"sameAs\":[\"https:\/\/www.facebook.com\/manheimexpresseurope\/\",\"https:\/\/www.instagram.com\/manheim.express\",\"https:\/\/www.linkedin.com\/company\/manheim-express\/\",\"https:\/\/www.youtube.com\/channel\/UCRKJajJPvJv-ao7Tk7qra5Q\/\"]}]}<\/script>\n<!-- \/ Yoast SEO plugin. -->","yoast_head_json":{"title":"KFZ B\u00f6rse - Manheim Express die neue Auktionsplattform f\u00fcr den KFZ Handel","description":"Die allgemeine Tendenz aller Zielgruppen, \u00fcber eine Kfz B\u00f6rse ein Fahrzeug zu kaufen, kennt zudem nur eine Richtung: nach oben.","robots":{"index":"index","follow":"follow","max-snippet":"max-snippet:-1","max-image-preview":"max-image-preview:large","max-video-preview":"max-video-preview:-1"},"canonical":"https:\/\/www.manheim-express.eu\/de\/glossar\/kfz-borse\/","og_locale":"de_DE","og_type":"article","og_title":"KFZ B\u00f6rse - Manheim Express die neue Auktionsplattform f\u00fcr den KFZ Handel","og_description":"Die allgemeine Tendenz aller Zielgruppen, \u00fcber eine Kfz B\u00f6rse ein Fahrzeug zu kaufen, kennt zudem nur eine Richtung: nach oben.","og_url":"https:\/\/www.manheim-express.eu\/de\/glossar\/kfz-borse\/","og_site_name":"Manheim Express","article_publisher":"https:\/\/www.facebook.com\/manheimexpresseurope\/","article_modified_time":"2024-01-15T16:01:05+00:00","og_image":[{"url":"https:\/\/www.manheim-express.eu\/wp-content\/uploads\/2022\/11\/Manheim-Express-Estate-car.png","type":"","width":"","height":""}],"twitter_card":"summary_large_image","twitter_misc":{"Gesch\u00e4tzte Lesezeit":"3\u00a0Minuten"},"schema":{"@context":"https:\/\/schema.org","@graph":[{"@type":"WebPage","@id":"https:\/\/www.manheim-express.eu\/de\/glossar\/kfz-borse\/","url":"https:\/\/www.manheim-express.eu\/de\/glossar\/kfz-borse\/","name":"KFZ B\u00f6rse - Manheim Express die neue Auktionsplattform f\u00fcr den KFZ Handel","isPartOf":{"@id":"https:\/\/www.manheim-express.eu\/de\/#website"},"primaryImageOfPage":{"@id":"https:\/\/www.manheim-express.eu\/de\/glossar\/kfz-borse\/#primaryimage"},"image":{"@id":"https:\/\/www.manheim-express.eu\/de\/glossar\/kfz-borse\/#primaryimage"},"thumbnailUrl":"https:\/\/www.manheim-express.eu\/wp-content\/uploads\/2022\/11\/Manheim-Express-Estate-car.png","datePublished":"2024-01-15T16:01:04+00:00","dateModified":"2024-01-15T16:01:05+00:00","description":"Die allgemeine Tendenz aller Zielgruppen, \u00fcber eine Kfz B\u00f6rse ein Fahrzeug zu kaufen, kennt zudem nur eine Richtung: nach oben.","breadcrumb":{"@id":"https:\/\/www.manheim-express.eu\/de\/glossar\/kfz-borse\/#breadcrumb"},"inLanguage":"de","potentialAction":[{"@type":"ReadAction","target":["https:\/\/www.manheim-express.eu\/de\/glossar\/kfz-borse\/"]}]},{"@type":"ImageObject","inLanguage":"de","@id":"https:\/\/www.manheim-express.eu\/de\/glossar\/kfz-borse\/#primaryimage","url":"https:\/\/www.manheim-express.eu\/wp-content\/uploads\/2022\/11\/Manheim-Express-Estate-car.png","contentUrl":"https:\/\/www.manheim-express.eu\/wp-content\/uploads\/2022\/11\/Manheim-Express-Estate-car.png"},{"@type":"BreadcrumbList","@id":"https:\/\/www.manheim-express.eu\/de\/glossar\/kfz-borse\/#breadcrumb","itemListElement":[{"@type":"ListItem","position":1,"name":"Home","item":"https:\/\/www.manheim-express.eu\/de\/"},{"@type":"ListItem","position":2,"name":"Glossar","item":"https:\/\/www.manheim-express.eu\/de\/glossar\/"},{"@type":"ListItem","position":3,"name":"KFZ B\u00f6rse"}]},{"@type":"WebSite","@id":"https:\/\/www.manheim-express.eu\/de\/#website","url":"https:\/\/www.manheim-express.eu\/de\/","name":"Manheim Express","description":"","publisher":{"@id":"https:\/\/www.manheim-express.eu\/de\/#organization"},"potentialAction":[{"@type":"SearchAction","target":{"@type":"EntryPoint","urlTemplate":"https:\/\/www.manheim-express.eu\/de\/?s={search_term_string}"},"query-input":{"@type":"PropertyValueSpecification","valueRequired":true,"valueName":"search_term_string"}}],"inLanguage":"de"},{"@type":"Organization","@id":"https:\/\/www.manheim-express.eu\/de\/#organization","name":"Manheim Express","url":"https:\/\/www.manheim-express.eu\/de\/","logo":{"@type":"ImageObject","inLanguage":"de","@id":"https:\/\/www.manheim-express.eu\/de\/#\/schema\/logo\/image\/","url":"https:\/\/www.manheim-express.eu\/wp-content\/uploads\/2021\/07\/manheim-express-logo-light.png","contentUrl":"https:\/\/www.manheim-express.eu\/wp-content\/uploads\/2021\/07\/manheim-express-logo-light.png","width":1163,"height":392,"caption":"Manheim Express"},"image":{"@id":"https:\/\/www.manheim-express.eu\/de\/#\/schema\/logo\/image\/"},"sameAs":["https:\/\/www.facebook.com\/manheimexpresseurope\/","https:\/\/www.instagram.com\/manheim.express","https:\/\/www.linkedin.com\/company\/manheim-express\/","https:\/\/www.youtube.com\/channel\/UCRKJajJPvJv-ao7Tk7qra5Q\/"]}]}},"_links":{"self":[{"href":"https:\/\/www.manheim-express.eu\/de\/wp-json\/wp\/v2\/pages\/16385","targetHints":{"allow":["GET"]}}],"collection":[{"href":"https:\/\/www.manheim-express.eu\/de\/wp-json\/wp\/v2\/pages"}],"about":[{"href":"https:\/\/www.manheim-express.eu\/de\/wp-json\/wp\/v2\/types\/page"}],"author":[{"embeddable":true,"href":"https:\/\/www.manheim-express.eu\/de\/wp-json\/wp\/v2\/users\/12"}],"replies":[{"embeddable":true,"href":"https:\/\/www.manheim-express.eu\/de\/wp-json\/wp\/v2\/comments?post=16385"}],"version-history":[{"count":7,"href":"https:\/\/www.manheim-express.eu\/de\/wp-json\/wp\/v2\/pages\/16385\/revisions"}],"predecessor-version":[{"id":16853,"href":"https:\/\/www.manheim-express.eu\/de\/wp-json\/wp\/v2\/pages\/16385\/revisions\/16853"}],"up":[{"embeddable":true,"href":"https:\/\/www.manheim-express.eu\/de\/wp-json\/wp\/v2\/pages\/11571"}],"wp:attachment":[{"href":"https:\/\/www.manheim-express.eu\/de\/wp-json\/wp\/v2\/media?parent=16385"}],"wp:term":[{"taxonomy":"wf_page_folders","embeddable":true,"href":"https:\/\/www.manheim-express.eu\/de\/wp-json\/wp\/v2\/wf_page_folders?post=16385"}],"curies":[{"name":"wp","href":"https:\/\/api.w.org\/{rel}","templated":true}]}}