{"id":16377,"date":"2024-01-15T15:56:49","date_gmt":"2024-01-15T15:56:49","guid":{"rendered":"https:\/\/www.manheim-express.eu\/?page_id=16377"},"modified":"2024-01-15T15:56:50","modified_gmt":"2024-01-15T15:56:50","slug":"inzahlungnahmen","status":"publish","type":"page","link":"https:\/\/www.manheim-express.eu\/de\/glossar\/inzahlungnahmen\/","title":{"rendered":"Inzahlungnahmen"},"content":{"rendered":"\t\t<div data-elementor-type=\"wp-page\" data-elementor-id=\"16377\" class=\"elementor elementor-16377\" data-elementor-post-type=\"page\">\n\t\t\t\t\t\t<section class=\"elementor-section elementor-top-section elementor-element elementor-element-5ad223c elementor-section-full_width elementor-section-stretched elementor-section-height-default elementor-section-height-default\" data-id=\"5ad223c\" data-element_type=\"section\" data-settings=\"{&quot;stretch_section&quot;:&quot;section-stretched&quot;}\">\n\t\t\t\t\t\t<div class=\"elementor-container elementor-column-gap-default\">\n\t\t\t\t\t<div class=\"elementor-column elementor-col-50 elementor-top-column elementor-element elementor-element-d3b519c\" data-id=\"d3b519c\" data-element_type=\"column\" data-settings=\"{&quot;background_background&quot;:&quot;classic&quot;}\">\n\t\t\t<div class=\"elementor-widget-wrap elementor-element-populated\">\n\t\t\t\t\t\t<div class=\"elementor-element elementor-element-036dc3a elementor-widget elementor-widget-text-editor\" data-id=\"036dc3a\" data-element_type=\"widget\" data-widget_type=\"text-editor.default\">\n\t\t\t\t<div class=\"elementor-widget-container\">\n\t\t\t\t\t\t\t\t\t<h2>Ihre Inzahlungnahmen bringen Sie um den Schlaf?<\/h2>\t\t\t\t\t\t\t\t<\/div>\n\t\t\t\t<\/div>\n\t\t\t\t<div class=\"elementor-element elementor-element-21c3353 elementor-widget elementor-widget-text-editor\" data-id=\"21c3353\" data-element_type=\"widget\" data-widget_type=\"text-editor.default\">\n\t\t\t\t<div class=\"elementor-widget-container\">\n\t\t\t\t\t\t\t\t\t<h3 class=\"\">Behalten Sie mit Manheim Express einen k\u00fchlen Kopf!<\/h3>\t\t\t\t\t\t\t\t<\/div>\n\t\t\t\t<\/div>\n\t\t\t\t<div class=\"elementor-element elementor-element-c37119d elementor-widget elementor-widget-text-editor\" data-id=\"c37119d\" data-element_type=\"widget\" data-widget_type=\"text-editor.default\">\n\t\t\t\t<div class=\"elementor-widget-container\">\n\t\t\t\t\t\t\t\t\t<p class=\"text-justify\">F\u00fcr viele Autoh\u00e4user und H\u00e4ndler sind\u00a0<strong>Inzahlungnahmen<\/strong>\u00a0ein mehr oder weniger notwendiges \u00dcbel. Sie werden in Kauf genommen, um ein Gesch\u00e4ft abzuschlie\u00dfen, drohen aber dann zu Langstehern zu werden und Kapital zu fressen. Inzahlungnahmen, die sich schlecht verkaufen, sind aber kein Schicksal! Mit\u00a0<span style=\"font-weight: bolder;\">Manheim Express<\/span>\u00a0haben Sie die M\u00f6glichkeit, Ihre\u00a0<strong>Inzahlungnahmen<\/strong>\u00a0schnell und mit wenigen Klicks an den Mann oder die Frau zu bringen.<\/p>\t\t\t\t\t\t\t\t<\/div>\n\t\t\t\t<\/div>\n\t\t\t\t<div class=\"elementor-element elementor-element-76774e4 elementor-widget elementor-widget-button\" data-id=\"76774e4\" data-element_type=\"widget\" data-widget_type=\"button.default\">\n\t\t\t\t<div class=\"elementor-widget-container\">\n\t\t\t\t\t\t\t\t\t<div class=\"elementor-button-wrapper\">\n\t\t\t\t\t<a class=\"elementor-button elementor-button-link elementor-size-lg\" href=\"#\">\n\t\t\t\t\t\t<span class=\"elementor-button-content-wrapper\">\n\t\t\t\t\t\t\t\t\t<span class=\"elementor-button-text\">Mehr Infos finden Sie hier<\/span>\n\t\t\t\t\t<\/span>\n\t\t\t\t\t<\/a>\n\t\t\t\t<\/div>\n\t\t\t\t\t\t\t\t<\/div>\n\t\t\t\t<\/div>\n\t\t\t\t<div class=\"elementor-element elementor-element-93513c7 elementor-widget elementor-widget-image\" data-id=\"93513c7\" data-element_type=\"widget\" data-widget_type=\"image.default\">\n\t\t\t\t<div class=\"elementor-widget-container\">\n\t\t\t\t\t\t\t\t\t\t\t\t\t\t\t<img fetchpriority=\"high\" decoding=\"async\" width=\"800\" height=\"389\" src=\"https:\/\/www.manheim-express.eu\/wp-content\/uploads\/2022\/11\/Manheim-Express-Estate-car.png\" class=\"attachment-large size-large wp-image-14639\" alt=\"\" srcset=\"https:\/\/www.manheim-express.eu\/wp-content\/uploads\/2022\/11\/Manheim-Express-Estate-car.png 1024w, https:\/\/www.manheim-express.eu\/wp-content\/uploads\/2022\/11\/Manheim-Express-Estate-car-300x146.png 300w, https:\/\/www.manheim-express.eu\/wp-content\/uploads\/2022\/11\/Manheim-Express-Estate-car-768x374.png 768w\" sizes=\"(max-width: 800px) 100vw, 800px\" \/>\t\t\t\t\t\t\t\t\t\t\t\t\t\t\t<\/div>\n\t\t\t\t<\/div>\n\t\t\t\t\t<\/div>\n\t\t<\/div>\n\t\t\t\t<div class=\"elementor-column elementor-col-50 elementor-top-column elementor-element elementor-element-213236b\" data-id=\"213236b\" data-element_type=\"column\" data-settings=\"{&quot;background_background&quot;:&quot;classic&quot;}\">\n\t\t\t<div class=\"elementor-widget-wrap elementor-element-populated\">\n\t\t\t\t\t\t<div class=\"elementor-element elementor-element-e9c050a elementor-widget elementor-widget-text-editor\" data-id=\"e9c050a\" data-element_type=\"widget\" data-widget_type=\"text-editor.default\">\n\t\t\t\t<div class=\"elementor-widget-container\">\n\t\t\t\t\t\t\t\t\t<h2 class=\"\">Inzahlungnahmen im Gebrauchtwagenhandel<\/h2>\t\t\t\t\t\t\t\t<\/div>\n\t\t\t\t<\/div>\n\t\t\t\t<div class=\"elementor-element elementor-element-8d896a4 elementor-widget elementor-widget-text-editor\" data-id=\"8d896a4\" data-element_type=\"widget\" data-widget_type=\"text-editor.default\">\n\t\t\t\t<div class=\"elementor-widget-container\">\n\t\t\t\t\t\t\t\t\t<p>So mancher\u00a0<strong>H\u00e4ndler<\/strong>\u00a0kennt das Problem: im\u00a0Hinterhof stehen sich die Langsteher die Reifen platt\u00a0und fressen Platz und Kapital. Oft handelt es sich hier um Inzahlungnahmen, die sich schlecht weiterverkaufen lassen. F\u00fcr H\u00e4ndler und\u00a0\u00a0<strong>Autoh\u00e4user<\/strong>\u00a0geh\u00f6rt es zum Tagesgesch\u00e4ft, w\u00e4hrend Privatk\u00e4ufer in der Regel erst beim Kauf eines Neu- oder Gebrauchtwagens damit konfrontiert werden: Bei den Kaufverhandlungen \u00fcber ein neues oder gebrauchtes Fahrzeug wird dem K\u00e4ufer angeboten, sein altes Fahrzeug als Anzahlung beim H\u00e4ndler zu lassen \u2013 es also in Zahlung zu geben \u2013 , wenn er den Wagen kauft.<\/p>\t\t\t\t\t\t\t\t<\/div>\n\t\t\t\t<\/div>\n\t\t\t\t<div class=\"elementor-element elementor-element-b3d2cf9 elementor-widget elementor-widget-text-editor\" data-id=\"b3d2cf9\" data-element_type=\"widget\" data-widget_type=\"text-editor.default\">\n\t\t\t\t<div class=\"elementor-widget-container\">\n\t\t\t\t\t\t\t\t\t<h2 class=\"text-center\">F\u00fcr K\u00e4ufer sind Inzahlungnahmen praktisch<\/h2>\t\t\t\t\t\t\t\t<\/div>\n\t\t\t\t<\/div>\n\t\t\t\t<div class=\"elementor-element elementor-element-76f2c0f elementor-widget elementor-widget-text-editor\" data-id=\"76f2c0f\" data-element_type=\"widget\" data-widget_type=\"text-editor.default\">\n\t\t\t\t<div class=\"elementor-widget-container\">\n\t\t\t\t\t\t\t\t\t<p class=\"text-justify\">F\u00fcr den K\u00e4ufer ist diese M\u00f6glichkeit der\u00a0<strong>Inzahlungnahme<\/strong>\u00a0zun\u00e4chst einmal vorteilhaft: Sofern er das alte Auto nicht mehr braucht, kann sein Restwert gleich in das neue Fahrzeug investiert werden. Au\u00dferdem erspart sich der Kunde damit ein mitunter zeitaufw\u00e4ndiges Verkaufen des alten Fahrzeuges \u2013 alles geht sozusagen in einem Rutsch \u00fcber die B\u00fchne. Damit steigt f\u00fcr viele Kunden die Motivation, das Fahrzeug beim Autohaus\u00a0zu kaufen.<\/p>\t\t\t\t\t\t\t\t<\/div>\n\t\t\t\t<\/div>\n\t\t\t\t<div class=\"elementor-element elementor-element-45879d3 elementor-widget elementor-widget-text-editor\" data-id=\"45879d3\" data-element_type=\"widget\" data-widget_type=\"text-editor.default\">\n\t\t\t\t<div class=\"elementor-widget-container\">\n\t\t\t\t\t\t\t\t\t<h2 class=\"text-center\">Faire Angebote f\u00fcr den Vertragsabschluss<\/h2>\t\t\t\t\t\t\t\t<\/div>\n\t\t\t\t<\/div>\n\t\t\t\t<div class=\"elementor-element elementor-element-cbc8a61 elementor-widget elementor-widget-text-editor\" data-id=\"cbc8a61\" data-element_type=\"widget\" data-widget_type=\"text-editor.default\">\n\t\t\t\t<div class=\"elementor-widget-container\">\n\t\t\t\t\t\t\t\t\t<p class=\"text-justify\"><strong>Inzahlungnahmen<\/strong>\u00a0sind f\u00fcr\u00a0<strong>H\u00e4ndler und Autoh\u00e4user\u00a0<\/strong>eine mitunter ambivalente Angelegenheit. Aus ihrer Sicht muss immer eine Abw\u00e4gung zwischen dem Gewinn, den der Verkauf des Wagens erzeugt und der angebotenen Summe stattfinden. Idealerweise verspricht das in Zahlung genommene Fahrzeug beim Weiterverkauf ebenfalls einen schnellen und guten Gewinn. Dann hat der Verk\u00e4ufer mit dem Verkauf des ersten Fahrzeuges auch noch ein zweites gutes Gesch\u00e4ft gemacht.<\/p>\t\t\t\t\t\t\t\t<\/div>\n\t\t\t\t<\/div>\n\t\t\t\t<div class=\"elementor-element elementor-element-5d1d08e elementor-widget elementor-widget-text-editor\" data-id=\"5d1d08e\" data-element_type=\"widget\" data-widget_type=\"text-editor.default\">\n\t\t\t\t<div class=\"elementor-widget-container\">\n\t\t\t\t\t\t\t\t\t<h2 class=\"text-center\">Die bange Frage: Wie lange wird das Fahrzeug in meinem Hof stehen?<\/h2>\t\t\t\t\t\t\t\t<\/div>\n\t\t\t\t<\/div>\n\t\t\t\t<div class=\"elementor-element elementor-element-03789b5 elementor-widget elementor-widget-text-editor\" data-id=\"03789b5\" data-element_type=\"widget\" data-widget_type=\"text-editor.default\">\n\t\t\t\t<div class=\"elementor-widget-container\">\n\t\t\t\t\t\t\t\t\t<p class=\"text-justify\">Doch nicht alle\u00a0<strong>Inzahlungnahmen<\/strong>\u00a0versprechen einen lukrativen Weiterverkauf: so manches Fahrzeug droht stattdessen zum Langsteher zu werden. In der Praxis werden vom Autohaus immer wieder Fahrzeuge in Zahlung genommen, die das Risiko bergen, zu Langstehern zu werden, weil der H\u00e4ndler einen Verkauf abschlie\u00dfen will. Oft wird die Kalkulation f\u00fcr den H\u00e4ndler dann schwieriger, weil sich schlecht voraussagen l\u00e4sst, wie lange das Fahrzeug, das er als Inzahlungnahme angekauft hat, bei ihm im Laden stehen wird.<\/p>\t\t\t\t\t\t\t\t<\/div>\n\t\t\t\t<\/div>\n\t\t\t\t<div class=\"elementor-element elementor-element-f3e7699 elementor-widget elementor-widget-text-editor\" data-id=\"f3e7699\" data-element_type=\"widget\" data-widget_type=\"text-editor.default\">\n\t\t\t\t<div class=\"elementor-widget-container\">\n\t\t\t\t\t\t\t\t\t<h2 class=\"text-center\">Schneller Verkauf Ihrer Inzahlungnahmen mit Manheim express<\/h2>\t\t\t\t\t\t\t\t<\/div>\n\t\t\t\t<\/div>\n\t\t\t\t<div class=\"elementor-element elementor-element-8f9e9a3 elementor-widget elementor-widget-text-editor\" data-id=\"8f9e9a3\" data-element_type=\"widget\" data-widget_type=\"text-editor.default\">\n\t\t\t\t<div class=\"elementor-widget-container\">\n\t\t\t\t\t\t\t\t\t<p class=\"text-justify\">Wenn sich\u00a0<strong>Inzahlungnahmen<\/strong>\u00a0<strong>beim H\u00e4ndler\u00a0<\/strong>zu Langstehern entwickeln, kann das eine mehr als \u00e4rgerliche Sache sein. Denn der Gewinn aus dem Fahrzeugverkauf wird sukzessive durch den Wertverlust der Inzahlungnahme geschm\u00e4lert. Zudem beanspruchen schlecht verk\u00e4ufliche Inzahlungnahmen Platz und k\u00f6nnen sich auch optisch negativ auswirken. Das Ziel jedes H\u00e4ndlers besteht entsprechend darin, den Gebrauchtwagen m\u00f6glichst schnell und mit Gewinn zu verkaufen. Das l\u00e4sst sich allerdings mit einem reinen Verkauf vor Ort nicht umsetzen.<\/p>\t\t\t\t\t\t\t\t<\/div>\n\t\t\t\t<\/div>\n\t\t\t\t<div class=\"elementor-element elementor-element-bc113c2 elementor-widget elementor-widget-text-editor\" data-id=\"bc113c2\" data-element_type=\"widget\" data-widget_type=\"text-editor.default\">\n\t\t\t\t<div class=\"elementor-widget-container\">\n\t\t\t\t\t\t\t\t\t<h2 class=\"text-center\">So nutzen Sie den Online-Markt produktiv f\u00fcr sich aus<\/h2>\t\t\t\t\t\t\t\t<\/div>\n\t\t\t\t<\/div>\n\t\t\t\t<div class=\"elementor-element elementor-element-4a5363a elementor-widget elementor-widget-text-editor\" data-id=\"4a5363a\" data-element_type=\"widget\" data-widget_type=\"text-editor.default\">\n\t\t\t\t<div class=\"elementor-widget-container\">\n\t\t\t\t\t\t\t\t\t<p>Die Online-Plattform\u00a0<span style=\"font-weight: bolder;\">Manheim Express<\/span>\u00a0er\u00f6ffnet Autoh\u00e4usern durch eine enorme Vergr\u00f6\u00dferung ihres Kundenpools die M\u00f6glichkeit, als\u00a0<strong>H\u00e4ndler Inzahlungnahmen<\/strong>\u00a0schnell und einfach weiterzuverkaufen. Die gesamte Men\u00fcstruktur mit einem speziellen Inzahlungnahme-Tool, mit dem sich verbindliche Angebote f\u00fcr Fahrzeuge einholen lassen, ist auf ein schnelles und unkompliziertes Verkaufen ausgelegt. Mit\u00a0<span style=\"font-weight: bolder;\">Manheim Express<\/span>\u00a0bringen Sie auch schwierige F\u00e4lle schnell und einfach an den Mann oder die Frau und schaffen Platz f\u00fcr neue lukrative Fahrzeuge.<\/p>\t\t\t\t\t\t\t\t<\/div>\n\t\t\t\t<\/div>\n\t\t\t\t\t<\/div>\n\t\t<\/div>\n\t\t\t\t\t<\/div>\n\t\t<\/section>\n\t\t\t\t<\/div>\n\t\t","protected":false},"excerpt":{"rendered":"<p>Ihre Inzahlungnahmen bringen Sie um den Schlaf? Behalten Sie mit Manheim Express einen k\u00fchlen Kopf! F\u00fcr viele Autoh\u00e4user und H\u00e4ndler sind\u00a0Inzahlungnahmen\u00a0ein mehr oder weniger notwendiges \u00dcbel. Sie werden in Kauf genommen, um ein Gesch\u00e4ft abzuschlie\u00dfen, drohen aber dann zu Langstehern zu werden und Kapital zu fressen. Inzahlungnahmen, die sich schlecht verkaufen, sind aber kein Schicksal! [&hellip;]<\/p>\n","protected":false},"author":12,"featured_media":0,"parent":11571,"menu_order":0,"comment_status":"closed","ping_status":"closed","template":"","meta":{"_acf_changed":false,"footnotes":""},"wf_page_folders":[156],"class_list":["post-16377","page","type-page","status-publish","hentry"],"acf":[],"yoast_head":"<!-- This site is optimized with the Yoast SEO plugin v25.8 - https:\/\/yoast.com\/wordpress\/plugins\/seo\/ -->\n<title>Inzahlungnahmen - Manheim Express die neue Auktionsplattform f\u00fcr den KFZ Handel<\/title>\n<meta name=\"description\" content=\"Mit Manheim Express bringen Autoh\u00e4user und H\u00e4ndler Inzahlungnahmen schnell wieder an den Mann oder die Frau!\" \/>\n<meta name=\"robots\" content=\"index, follow, max-snippet:-1, max-image-preview:large, max-video-preview:-1\" \/>\n<link rel=\"canonical\" href=\"https:\/\/www.manheim-express.eu\/de\/glossar\/inzahlungnahmen\/\" \/>\n<meta property=\"og:locale\" content=\"de_DE\" \/>\n<meta property=\"og:type\" content=\"article\" \/>\n<meta property=\"og:title\" content=\"Inzahlungnahmen - Manheim Express die neue Auktionsplattform f\u00fcr den KFZ Handel\" \/>\n<meta property=\"og:description\" content=\"Mit Manheim Express bringen Autoh\u00e4user und H\u00e4ndler Inzahlungnahmen schnell wieder an den Mann oder die Frau!\" \/>\n<meta property=\"og:url\" content=\"https:\/\/www.manheim-express.eu\/de\/glossar\/inzahlungnahmen\/\" \/>\n<meta property=\"og:site_name\" content=\"Manheim Express\" \/>\n<meta property=\"article:publisher\" content=\"https:\/\/www.facebook.com\/manheimexpresseurope\/\" \/>\n<meta property=\"article:modified_time\" content=\"2024-01-15T15:56:50+00:00\" \/>\n<meta property=\"og:image\" content=\"https:\/\/www.manheim-express.eu\/wp-content\/uploads\/2022\/11\/Manheim-Express-Estate-car.png\" \/>\n<meta name=\"twitter:card\" content=\"summary_large_image\" \/>\n<meta name=\"twitter:label1\" content=\"Gesch\u00e4tzte Lesezeit\" \/>\n\t<meta name=\"twitter:data1\" content=\"3\u00a0Minuten\" \/>\n<script type=\"application\/ld+json\" class=\"yoast-schema-graph\">{\"@context\":\"https:\/\/schema.org\",\"@graph\":[{\"@type\":\"WebPage\",\"@id\":\"https:\/\/www.manheim-express.eu\/de\/glossar\/inzahlungnahmen\/\",\"url\":\"https:\/\/www.manheim-express.eu\/de\/glossar\/inzahlungnahmen\/\",\"name\":\"Inzahlungnahmen - Manheim Express die neue Auktionsplattform f\u00fcr den KFZ Handel\",\"isPartOf\":{\"@id\":\"https:\/\/www.manheim-express.eu\/de\/#website\"},\"primaryImageOfPage\":{\"@id\":\"https:\/\/www.manheim-express.eu\/de\/glossar\/inzahlungnahmen\/#primaryimage\"},\"image\":{\"@id\":\"https:\/\/www.manheim-express.eu\/de\/glossar\/inzahlungnahmen\/#primaryimage\"},\"thumbnailUrl\":\"https:\/\/www.manheim-express.eu\/wp-content\/uploads\/2022\/11\/Manheim-Express-Estate-car.png\",\"datePublished\":\"2024-01-15T15:56:49+00:00\",\"dateModified\":\"2024-01-15T15:56:50+00:00\",\"description\":\"Mit Manheim Express bringen Autoh\u00e4user und H\u00e4ndler Inzahlungnahmen schnell wieder an den Mann oder die Frau!\",\"breadcrumb\":{\"@id\":\"https:\/\/www.manheim-express.eu\/de\/glossar\/inzahlungnahmen\/#breadcrumb\"},\"inLanguage\":\"de\",\"potentialAction\":[{\"@type\":\"ReadAction\",\"target\":[\"https:\/\/www.manheim-express.eu\/de\/glossar\/inzahlungnahmen\/\"]}]},{\"@type\":\"ImageObject\",\"inLanguage\":\"de\",\"@id\":\"https:\/\/www.manheim-express.eu\/de\/glossar\/inzahlungnahmen\/#primaryimage\",\"url\":\"https:\/\/www.manheim-express.eu\/wp-content\/uploads\/2022\/11\/Manheim-Express-Estate-car.png\",\"contentUrl\":\"https:\/\/www.manheim-express.eu\/wp-content\/uploads\/2022\/11\/Manheim-Express-Estate-car.png\"},{\"@type\":\"BreadcrumbList\",\"@id\":\"https:\/\/www.manheim-express.eu\/de\/glossar\/inzahlungnahmen\/#breadcrumb\",\"itemListElement\":[{\"@type\":\"ListItem\",\"position\":1,\"name\":\"Home\",\"item\":\"https:\/\/www.manheim-express.eu\/de\/\"},{\"@type\":\"ListItem\",\"position\":2,\"name\":\"Glossar\",\"item\":\"https:\/\/www.manheim-express.eu\/de\/glossar\/\"},{\"@type\":\"ListItem\",\"position\":3,\"name\":\"Inzahlungnahmen\"}]},{\"@type\":\"WebSite\",\"@id\":\"https:\/\/www.manheim-express.eu\/de\/#website\",\"url\":\"https:\/\/www.manheim-express.eu\/de\/\",\"name\":\"Manheim Express\",\"description\":\"\",\"publisher\":{\"@id\":\"https:\/\/www.manheim-express.eu\/de\/#organization\"},\"potentialAction\":[{\"@type\":\"SearchAction\",\"target\":{\"@type\":\"EntryPoint\",\"urlTemplate\":\"https:\/\/www.manheim-express.eu\/de\/?s={search_term_string}\"},\"query-input\":{\"@type\":\"PropertyValueSpecification\",\"valueRequired\":true,\"valueName\":\"search_term_string\"}}],\"inLanguage\":\"de\"},{\"@type\":\"Organization\",\"@id\":\"https:\/\/www.manheim-express.eu\/de\/#organization\",\"name\":\"Manheim Express\",\"url\":\"https:\/\/www.manheim-express.eu\/de\/\",\"logo\":{\"@type\":\"ImageObject\",\"inLanguage\":\"de\",\"@id\":\"https:\/\/www.manheim-express.eu\/de\/#\/schema\/logo\/image\/\",\"url\":\"https:\/\/www.manheim-express.eu\/wp-content\/uploads\/2021\/07\/manheim-express-logo-light.png\",\"contentUrl\":\"https:\/\/www.manheim-express.eu\/wp-content\/uploads\/2021\/07\/manheim-express-logo-light.png\",\"width\":1163,\"height\":392,\"caption\":\"Manheim Express\"},\"image\":{\"@id\":\"https:\/\/www.manheim-express.eu\/de\/#\/schema\/logo\/image\/\"},\"sameAs\":[\"https:\/\/www.facebook.com\/manheimexpresseurope\/\",\"https:\/\/www.instagram.com\/manheim.express\",\"https:\/\/www.linkedin.com\/company\/manheim-express\/\",\"https:\/\/www.youtube.com\/channel\/UCRKJajJPvJv-ao7Tk7qra5Q\/\"]}]}<\/script>\n<!-- \/ Yoast SEO plugin. -->","yoast_head_json":{"title":"Inzahlungnahmen - Manheim Express die neue Auktionsplattform f\u00fcr den KFZ Handel","description":"Mit Manheim Express bringen Autoh\u00e4user und H\u00e4ndler Inzahlungnahmen schnell wieder an den Mann oder die Frau!","robots":{"index":"index","follow":"follow","max-snippet":"max-snippet:-1","max-image-preview":"max-image-preview:large","max-video-preview":"max-video-preview:-1"},"canonical":"https:\/\/www.manheim-express.eu\/de\/glossar\/inzahlungnahmen\/","og_locale":"de_DE","og_type":"article","og_title":"Inzahlungnahmen - Manheim Express die neue Auktionsplattform f\u00fcr den KFZ Handel","og_description":"Mit Manheim Express bringen Autoh\u00e4user und H\u00e4ndler Inzahlungnahmen schnell wieder an den Mann oder die Frau!","og_url":"https:\/\/www.manheim-express.eu\/de\/glossar\/inzahlungnahmen\/","og_site_name":"Manheim Express","article_publisher":"https:\/\/www.facebook.com\/manheimexpresseurope\/","article_modified_time":"2024-01-15T15:56:50+00:00","og_image":[{"url":"https:\/\/www.manheim-express.eu\/wp-content\/uploads\/2022\/11\/Manheim-Express-Estate-car.png","type":"","width":"","height":""}],"twitter_card":"summary_large_image","twitter_misc":{"Gesch\u00e4tzte Lesezeit":"3\u00a0Minuten"},"schema":{"@context":"https:\/\/schema.org","@graph":[{"@type":"WebPage","@id":"https:\/\/www.manheim-express.eu\/de\/glossar\/inzahlungnahmen\/","url":"https:\/\/www.manheim-express.eu\/de\/glossar\/inzahlungnahmen\/","name":"Inzahlungnahmen - Manheim Express die neue Auktionsplattform f\u00fcr den KFZ Handel","isPartOf":{"@id":"https:\/\/www.manheim-express.eu\/de\/#website"},"primaryImageOfPage":{"@id":"https:\/\/www.manheim-express.eu\/de\/glossar\/inzahlungnahmen\/#primaryimage"},"image":{"@id":"https:\/\/www.manheim-express.eu\/de\/glossar\/inzahlungnahmen\/#primaryimage"},"thumbnailUrl":"https:\/\/www.manheim-express.eu\/wp-content\/uploads\/2022\/11\/Manheim-Express-Estate-car.png","datePublished":"2024-01-15T15:56:49+00:00","dateModified":"2024-01-15T15:56:50+00:00","description":"Mit Manheim Express bringen Autoh\u00e4user und H\u00e4ndler Inzahlungnahmen schnell wieder an den Mann oder die Frau!","breadcrumb":{"@id":"https:\/\/www.manheim-express.eu\/de\/glossar\/inzahlungnahmen\/#breadcrumb"},"inLanguage":"de","potentialAction":[{"@type":"ReadAction","target":["https:\/\/www.manheim-express.eu\/de\/glossar\/inzahlungnahmen\/"]}]},{"@type":"ImageObject","inLanguage":"de","@id":"https:\/\/www.manheim-express.eu\/de\/glossar\/inzahlungnahmen\/#primaryimage","url":"https:\/\/www.manheim-express.eu\/wp-content\/uploads\/2022\/11\/Manheim-Express-Estate-car.png","contentUrl":"https:\/\/www.manheim-express.eu\/wp-content\/uploads\/2022\/11\/Manheim-Express-Estate-car.png"},{"@type":"BreadcrumbList","@id":"https:\/\/www.manheim-express.eu\/de\/glossar\/inzahlungnahmen\/#breadcrumb","itemListElement":[{"@type":"ListItem","position":1,"name":"Home","item":"https:\/\/www.manheim-express.eu\/de\/"},{"@type":"ListItem","position":2,"name":"Glossar","item":"https:\/\/www.manheim-express.eu\/de\/glossar\/"},{"@type":"ListItem","position":3,"name":"Inzahlungnahmen"}]},{"@type":"WebSite","@id":"https:\/\/www.manheim-express.eu\/de\/#website","url":"https:\/\/www.manheim-express.eu\/de\/","name":"Manheim Express","description":"","publisher":{"@id":"https:\/\/www.manheim-express.eu\/de\/#organization"},"potentialAction":[{"@type":"SearchAction","target":{"@type":"EntryPoint","urlTemplate":"https:\/\/www.manheim-express.eu\/de\/?s={search_term_string}"},"query-input":{"@type":"PropertyValueSpecification","valueRequired":true,"valueName":"search_term_string"}}],"inLanguage":"de"},{"@type":"Organization","@id":"https:\/\/www.manheim-express.eu\/de\/#organization","name":"Manheim Express","url":"https:\/\/www.manheim-express.eu\/de\/","logo":{"@type":"ImageObject","inLanguage":"de","@id":"https:\/\/www.manheim-express.eu\/de\/#\/schema\/logo\/image\/","url":"https:\/\/www.manheim-express.eu\/wp-content\/uploads\/2021\/07\/manheim-express-logo-light.png","contentUrl":"https:\/\/www.manheim-express.eu\/wp-content\/uploads\/2021\/07\/manheim-express-logo-light.png","width":1163,"height":392,"caption":"Manheim Express"},"image":{"@id":"https:\/\/www.manheim-express.eu\/de\/#\/schema\/logo\/image\/"},"sameAs":["https:\/\/www.facebook.com\/manheimexpresseurope\/","https:\/\/www.instagram.com\/manheim.express","https:\/\/www.linkedin.com\/company\/manheim-express\/","https:\/\/www.youtube.com\/channel\/UCRKJajJPvJv-ao7Tk7qra5Q\/"]}]}},"_links":{"self":[{"href":"https:\/\/www.manheim-express.eu\/de\/wp-json\/wp\/v2\/pages\/16377","targetHints":{"allow":["GET"]}}],"collection":[{"href":"https:\/\/www.manheim-express.eu\/de\/wp-json\/wp\/v2\/pages"}],"about":[{"href":"https:\/\/www.manheim-express.eu\/de\/wp-json\/wp\/v2\/types\/page"}],"author":[{"embeddable":true,"href":"https:\/\/www.manheim-express.eu\/de\/wp-json\/wp\/v2\/users\/12"}],"replies":[{"embeddable":true,"href":"https:\/\/www.manheim-express.eu\/de\/wp-json\/wp\/v2\/comments?post=16377"}],"version-history":[{"count":13,"href":"https:\/\/www.manheim-express.eu\/de\/wp-json\/wp\/v2\/pages\/16377\/revisions"}],"predecessor-version":[{"id":16847,"href":"https:\/\/www.manheim-express.eu\/de\/wp-json\/wp\/v2\/pages\/16377\/revisions\/16847"}],"up":[{"embeddable":true,"href":"https:\/\/www.manheim-express.eu\/de\/wp-json\/wp\/v2\/pages\/11571"}],"wp:attachment":[{"href":"https:\/\/www.manheim-express.eu\/de\/wp-json\/wp\/v2\/media?parent=16377"}],"wp:term":[{"taxonomy":"wf_page_folders","embeddable":true,"href":"https:\/\/www.manheim-express.eu\/de\/wp-json\/wp\/v2\/wf_page_folders?post=16377"}],"curies":[{"name":"wp","href":"https:\/\/api.w.org\/{rel}","templated":true}]}}