{"id":16369,"date":"2024-01-15T15:54:25","date_gmt":"2024-01-15T15:54:25","guid":{"rendered":"https:\/\/www.manheim-express.eu\/?page_id=16369"},"modified":"2024-01-15T15:54:26","modified_gmt":"2024-01-15T15:54:26","slug":"handlerfahrzeuge","status":"publish","type":"page","link":"https:\/\/www.manheim-express.eu\/de\/glossar\/handlerfahrzeuge\/","title":{"rendered":"H\u00e4ndlerfahrzeuge"},"content":{"rendered":"\t\t<div data-elementor-type=\"wp-page\" data-elementor-id=\"16369\" class=\"elementor elementor-16369\" data-elementor-post-type=\"page\">\n\t\t\t\t\t\t<section class=\"elementor-section elementor-top-section elementor-element elementor-element-5ad223c elementor-section-full_width elementor-section-stretched elementor-section-height-default elementor-section-height-default\" data-id=\"5ad223c\" data-element_type=\"section\" data-settings=\"{&quot;stretch_section&quot;:&quot;section-stretched&quot;}\">\n\t\t\t\t\t\t<div class=\"elementor-container elementor-column-gap-default\">\n\t\t\t\t\t<div class=\"elementor-column elementor-col-50 elementor-top-column elementor-element elementor-element-d3b519c\" data-id=\"d3b519c\" data-element_type=\"column\" data-settings=\"{&quot;background_background&quot;:&quot;classic&quot;}\">\n\t\t\t<div class=\"elementor-widget-wrap elementor-element-populated\">\n\t\t\t\t\t\t<div class=\"elementor-element elementor-element-036dc3a elementor-widget elementor-widget-text-editor\" data-id=\"036dc3a\" data-element_type=\"widget\" data-widget_type=\"text-editor.default\">\n\t\t\t\t<div class=\"elementor-widget-container\">\n\t\t\t\t\t\t\t\t\t<h2>Sie interessieren sich f\u00fcr H\u00e4ndlerfahrzeuge?<\/h2>\t\t\t\t\t\t\t\t<\/div>\n\t\t\t\t<\/div>\n\t\t\t\t<div class=\"elementor-element elementor-element-21c3353 elementor-widget elementor-widget-text-editor\" data-id=\"21c3353\" data-element_type=\"widget\" data-widget_type=\"text-editor.default\">\n\t\t\t\t<div class=\"elementor-widget-container\">\n\t\t\t\t\t\t\t\t\t<h3 class=\"\">Bei Manheim Express sind Sie goldrichtig!<\/h3>\t\t\t\t\t\t\t\t<\/div>\n\t\t\t\t<\/div>\n\t\t\t\t<div class=\"elementor-element elementor-element-c37119d elementor-widget elementor-widget-text-editor\" data-id=\"c37119d\" data-element_type=\"widget\" data-widget_type=\"text-editor.default\">\n\t\t\t\t<div class=\"elementor-widget-container\">\n\t\t\t\t\t\t\t\t\t<p>Das Unternehmen\u00a0<span style=\"font-weight: bolder;\">Manheim Express<\/span>\u00a0hat sich auf den Handel mit H\u00e4ndlerfahrzeugen spezialisiert. Wenn Sie unsicher sind, was genau unter einem H\u00e4ndlerfahrzeug zu verstehen ist, k\u00f6nnen Sie sich hier umfassend informieren.<\/p><p>Da der gesetzliche Rahmen sich f\u00fcr H\u00e4ndlerfahrzeuge von anderen Handelsformen unterscheidet, sollten H\u00e4ndler in diesem Marktsegment auf Online-Partner wie\u00a0<span style=\"font-weight: bolder;\">Manheim Express<\/span>\u00a0zur\u00fcckgreifen. Neben professionellem Service bieten professionelle Online-Tools umfassende M\u00f6glichkeiten.\u00a0<\/p>\t\t\t\t\t\t\t\t<\/div>\n\t\t\t\t<\/div>\n\t\t\t\t<div class=\"elementor-element elementor-element-76774e4 elementor-widget elementor-widget-button\" data-id=\"76774e4\" data-element_type=\"widget\" data-widget_type=\"button.default\">\n\t\t\t\t<div class=\"elementor-widget-container\">\n\t\t\t\t\t\t\t\t\t<div class=\"elementor-button-wrapper\">\n\t\t\t\t\t<a class=\"elementor-button elementor-button-link elementor-size-lg\" href=\"#\">\n\t\t\t\t\t\t<span class=\"elementor-button-content-wrapper\">\n\t\t\t\t\t\t\t\t\t<span class=\"elementor-button-text\">Mehr Infos finden Sie hier<\/span>\n\t\t\t\t\t<\/span>\n\t\t\t\t\t<\/a>\n\t\t\t\t<\/div>\n\t\t\t\t\t\t\t\t<\/div>\n\t\t\t\t<\/div>\n\t\t\t\t<div class=\"elementor-element elementor-element-93513c7 elementor-widget elementor-widget-image\" data-id=\"93513c7\" data-element_type=\"widget\" data-widget_type=\"image.default\">\n\t\t\t\t<div class=\"elementor-widget-container\">\n\t\t\t\t\t\t\t\t\t\t\t\t\t\t\t<img fetchpriority=\"high\" decoding=\"async\" width=\"800\" height=\"389\" src=\"https:\/\/www.manheim-express.eu\/wp-content\/uploads\/2022\/11\/Manheim-Express-Estate-car.png\" class=\"attachment-large size-large wp-image-14639\" alt=\"\" srcset=\"https:\/\/www.manheim-express.eu\/wp-content\/uploads\/2022\/11\/Manheim-Express-Estate-car.png 1024w, https:\/\/www.manheim-express.eu\/wp-content\/uploads\/2022\/11\/Manheim-Express-Estate-car-300x146.png 300w, https:\/\/www.manheim-express.eu\/wp-content\/uploads\/2022\/11\/Manheim-Express-Estate-car-768x374.png 768w\" sizes=\"(max-width: 800px) 100vw, 800px\" \/>\t\t\t\t\t\t\t\t\t\t\t\t\t\t\t<\/div>\n\t\t\t\t<\/div>\n\t\t\t\t\t<\/div>\n\t\t<\/div>\n\t\t\t\t<div class=\"elementor-column elementor-col-50 elementor-top-column elementor-element elementor-element-213236b\" data-id=\"213236b\" data-element_type=\"column\" data-settings=\"{&quot;background_background&quot;:&quot;classic&quot;}\">\n\t\t\t<div class=\"elementor-widget-wrap elementor-element-populated\">\n\t\t\t\t\t\t<div class=\"elementor-element elementor-element-e9c050a elementor-widget elementor-widget-text-editor\" data-id=\"e9c050a\" data-element_type=\"widget\" data-widget_type=\"text-editor.default\">\n\t\t\t\t<div class=\"elementor-widget-container\">\n\t\t\t\t\t\t\t\t\t<h2 class=\"\">Was versteht man unter H\u00e4ndlerfahrzeugen?<\/h2>\t\t\t\t\t\t\t\t<\/div>\n\t\t\t\t<\/div>\n\t\t\t\t<div class=\"elementor-element elementor-element-8d896a4 elementor-widget elementor-widget-text-editor\" data-id=\"8d896a4\" data-element_type=\"widget\" data-widget_type=\"text-editor.default\">\n\t\t\t\t<div class=\"elementor-widget-container\">\n\t\t\t\t\t\t\t\t\t<p>Die Bezeichnung\u00a0<strong>H\u00e4ndlerfahrzeuge<\/strong>\u00a0wird mitunter f\u00fcr unterschiedliche Typen von Fahrzeugen und Verkaufsformen verwendet. Um Missverst\u00e4ndnisse zu vermeiden, sollte daher vor dem Verkauf oder der Suche nach Fahrzeugen gekl\u00e4rt werden, was der Ausdruck\u00a0<strong>H\u00e4ndlerfahrzeuge<\/strong>\u00a0bezeichnet und in welchem Zusammenhang er nicht verwendet werden sollte. Diese Kl\u00e4rung ist insbesondere dann wichtig, wenn die Bezeichnung\u00a0<strong>H\u00e4ndlerfahrzeuge<\/strong>\u00a0in einem Verkaufsangebot ohne erkennbaren Zusammenhang verwendet wird. Zutreffend ist die Bezeichnung\u00a0<strong>H\u00e4ndlerfahrzeuge<\/strong>\u00a0ausschlie\u00dflich f\u00fcr Fahrzeuge, die von einem H\u00e4ndler an einen anderen verkauft werden. Privatpersonen sind aus dem Handel mit\u00a0<strong>H\u00e4ndlerfahrzeugen\u00a0<\/strong>ausgeschlossen. Doch diese Sprachregelung wird nicht konsequent eingehalten. Mitunter wird im bei Angeboten im Internet der Begriff\u00a0<strong>H\u00e4ndlerfahrzeuge<\/strong>\u00a0auf Automobile oder andere Fahrzeuge angewendet, die von einem H\u00e4ndler verkauft werden. Teilweise werden auch Vorf\u00fchrwagen oder Wagen die bereits lange in einem Autohaus stehen, hohe Laufleistungen oder Standtage aufweisen damit bezeichnet. Solche Verwendungen f\u00fcr den Begriff\u00a0<strong>H\u00e4ndlerfahrzeuge<\/strong>\u00a0sind aber unzutreffend und sollten vermieden werden. Ein Privatk\u00e4ufer, der ein Fahrzeug bei einem H\u00e4ndler ersteht, kauft kein\u00a0<strong>H\u00e4ndlerfahrzeug<\/strong>. Dieser Gebrauch ist im besonderen Ma\u00dfe irref\u00fchrend, da H\u00e4ndler beim Verkauf an Privatpersonen, im Gegensatz zum Verkauf an andere Gewerbetreibende, eine gesetzlich vorgeschriebene Gew\u00e4hrleistung geben m\u00fcssen.<\/p>\t\t\t\t\t\t\t\t<\/div>\n\t\t\t\t<\/div>\n\t\t\t\t<div class=\"elementor-element elementor-element-b3d2cf9 elementor-widget elementor-widget-text-editor\" data-id=\"b3d2cf9\" data-element_type=\"widget\" data-widget_type=\"text-editor.default\">\n\t\t\t\t<div class=\"elementor-widget-container\">\n\t\t\t\t\t\t\t\t\t<h2 class=\"text-center\">Welche Besonderheiten gelten f\u00fcr H\u00e4ndlerfahrzeuge im Verkauf?<\/h2>\t\t\t\t\t\t\t\t<\/div>\n\t\t\t\t<\/div>\n\t\t\t\t<div class=\"elementor-element elementor-element-76f2c0f elementor-widget elementor-widget-text-editor\" data-id=\"76f2c0f\" data-element_type=\"widget\" data-widget_type=\"text-editor.default\">\n\t\t\t\t<div class=\"elementor-widget-container\">\n\t\t\t\t\t\t\t\t\t<p class=\"text-justify\">Die Bezeichnung\u00a0<strong>H\u00e4ndlerfahrzeuge<\/strong>\u00a0sollte ausschlie\u00dflich auf Fahrzeuge angewendet werden, die von einem Autoh\u00e4ndler an einen anderen verkauft werden. Das H\u00e4ndlergesch\u00e4ft hat seine eigenen Regeln und gesetzlichen Vorgaben, die beim Handel mit\u00a0<strong>H\u00e4ndlerfahrzeugen<\/strong>\u00a0greifen und von beiden Parteien zu ber\u00fccksichtigen sind. Der zentrale Unterschied beim Handel mit\u00a0<strong>H\u00e4ndlerfahrzeugen<\/strong>\u00a0\u2013 im Gegensatz zu Verkauf von Fahrzeugen an Endverbraucher \u2013 ist die M\u00f6glichkeit, einen Wegfall der Gew\u00e4hrleistung zu vereinbaren. Das Verbraucherschutzrecht, das beim Verkauf von H\u00e4ndler zu Endverbraucher immer greift und nicht ausgeschlossen werden kann, wird bei Handel zwischen Unternehmen nicht zwangsl\u00e4ufig angewendet. Beim Verkauf von H\u00e4ndler zu Privatk\u00e4ufer ist ein Wegfall der Gew\u00e4hrleistung auch durch ausdr\u00fcckliche Vereinbarung nicht m\u00f6glich. Zwar kann die Gew\u00e4hrleistung auf ein Jahr gek\u00fcrzt werden, ein vollst\u00e4ndiger Ausschluss ist aber nicht m\u00f6glich. Der Wegfall der Gew\u00e4hrleistung beim\u00a0<strong>H\u00e4ndlerfahrzeug<\/strong>\u00a0befreit den Verk\u00e4ufer indes nicht von der Pflicht, M\u00e4ngel am Fahrzeug in der Beschreibung vollst\u00e4ndig anzugeben.<\/p>\t\t\t\t\t\t\t\t<\/div>\n\t\t\t\t<\/div>\n\t\t\t\t\t<\/div>\n\t\t<\/div>\n\t\t\t\t\t<\/div>\n\t\t<\/section>\n\t\t\t\t<\/div>\n\t\t","protected":false},"excerpt":{"rendered":"<p>Sie interessieren sich f\u00fcr H\u00e4ndlerfahrzeuge? Bei Manheim Express sind Sie goldrichtig! Das Unternehmen\u00a0Manheim Express\u00a0hat sich auf den Handel mit H\u00e4ndlerfahrzeugen spezialisiert. Wenn Sie unsicher sind, was genau unter einem H\u00e4ndlerfahrzeug zu verstehen ist, k\u00f6nnen Sie sich hier umfassend informieren. Da der gesetzliche Rahmen sich f\u00fcr H\u00e4ndlerfahrzeuge von anderen Handelsformen unterscheidet, sollten H\u00e4ndler in diesem Marktsegment [&hellip;]<\/p>\n","protected":false},"author":12,"featured_media":0,"parent":11571,"menu_order":0,"comment_status":"closed","ping_status":"closed","template":"","meta":{"_acf_changed":false,"footnotes":""},"wf_page_folders":[156],"class_list":["post-16369","page","type-page","status-publish","hentry"],"acf":[],"yoast_head":"<!-- This site is optimized with the Yoast SEO plugin v25.8 - https:\/\/yoast.com\/wordpress\/plugins\/seo\/ -->\n<title>H\u00e4ndlerfahrzeuge - Manheim Express die neue Auktionsplattform f\u00fcr den KFZ Handel<\/title>\n<meta name=\"description\" content=\"Die Bezeichnung H\u00e4ndlerfahrzeuge sollte ausschlie\u00dflich auf Fahrzeuge angewendet werden, die von einem Autoh\u00e4ndler an einen anderen verkauft werden.\" \/>\n<meta name=\"robots\" content=\"index, follow, max-snippet:-1, max-image-preview:large, max-video-preview:-1\" \/>\n<link rel=\"canonical\" href=\"https:\/\/www.manheim-express.eu\/de\/glossar\/handlerfahrzeuge\/\" \/>\n<meta property=\"og:locale\" content=\"de_DE\" \/>\n<meta property=\"og:type\" content=\"article\" \/>\n<meta property=\"og:title\" content=\"H\u00e4ndlerfahrzeuge - Manheim Express die neue Auktionsplattform f\u00fcr den KFZ Handel\" \/>\n<meta property=\"og:description\" content=\"Die Bezeichnung H\u00e4ndlerfahrzeuge sollte ausschlie\u00dflich auf Fahrzeuge angewendet werden, die von einem Autoh\u00e4ndler an einen anderen verkauft werden.\" \/>\n<meta property=\"og:url\" content=\"https:\/\/www.manheim-express.eu\/de\/glossar\/handlerfahrzeuge\/\" \/>\n<meta property=\"og:site_name\" content=\"Manheim Express\" \/>\n<meta property=\"article:publisher\" content=\"https:\/\/www.facebook.com\/manheimexpresseurope\/\" \/>\n<meta property=\"article:modified_time\" content=\"2024-01-15T15:54:26+00:00\" \/>\n<meta property=\"og:image\" content=\"https:\/\/www.manheim-express.eu\/wp-content\/uploads\/2022\/11\/Manheim-Express-Estate-car.png\" \/>\n<meta name=\"twitter:card\" content=\"summary_large_image\" \/>\n<meta name=\"twitter:label1\" content=\"Gesch\u00e4tzte Lesezeit\" \/>\n\t<meta name=\"twitter:data1\" content=\"2\u00a0Minuten\" \/>\n<script type=\"application\/ld+json\" class=\"yoast-schema-graph\">{\"@context\":\"https:\/\/schema.org\",\"@graph\":[{\"@type\":\"WebPage\",\"@id\":\"https:\/\/www.manheim-express.eu\/de\/glossar\/handlerfahrzeuge\/\",\"url\":\"https:\/\/www.manheim-express.eu\/de\/glossar\/handlerfahrzeuge\/\",\"name\":\"H\u00e4ndlerfahrzeuge - Manheim Express die neue Auktionsplattform f\u00fcr den KFZ Handel\",\"isPartOf\":{\"@id\":\"https:\/\/www.manheim-express.eu\/de\/#website\"},\"primaryImageOfPage\":{\"@id\":\"https:\/\/www.manheim-express.eu\/de\/glossar\/handlerfahrzeuge\/#primaryimage\"},\"image\":{\"@id\":\"https:\/\/www.manheim-express.eu\/de\/glossar\/handlerfahrzeuge\/#primaryimage\"},\"thumbnailUrl\":\"https:\/\/www.manheim-express.eu\/wp-content\/uploads\/2022\/11\/Manheim-Express-Estate-car.png\",\"datePublished\":\"2024-01-15T15:54:25+00:00\",\"dateModified\":\"2024-01-15T15:54:26+00:00\",\"description\":\"Die Bezeichnung H\u00e4ndlerfahrzeuge sollte ausschlie\u00dflich auf Fahrzeuge angewendet werden, die von einem Autoh\u00e4ndler an einen anderen verkauft werden.\",\"breadcrumb\":{\"@id\":\"https:\/\/www.manheim-express.eu\/de\/glossar\/handlerfahrzeuge\/#breadcrumb\"},\"inLanguage\":\"de\",\"potentialAction\":[{\"@type\":\"ReadAction\",\"target\":[\"https:\/\/www.manheim-express.eu\/de\/glossar\/handlerfahrzeuge\/\"]}]},{\"@type\":\"ImageObject\",\"inLanguage\":\"de\",\"@id\":\"https:\/\/www.manheim-express.eu\/de\/glossar\/handlerfahrzeuge\/#primaryimage\",\"url\":\"https:\/\/www.manheim-express.eu\/wp-content\/uploads\/2022\/11\/Manheim-Express-Estate-car.png\",\"contentUrl\":\"https:\/\/www.manheim-express.eu\/wp-content\/uploads\/2022\/11\/Manheim-Express-Estate-car.png\"},{\"@type\":\"BreadcrumbList\",\"@id\":\"https:\/\/www.manheim-express.eu\/de\/glossar\/handlerfahrzeuge\/#breadcrumb\",\"itemListElement\":[{\"@type\":\"ListItem\",\"position\":1,\"name\":\"Home\",\"item\":\"https:\/\/www.manheim-express.eu\/de\/\"},{\"@type\":\"ListItem\",\"position\":2,\"name\":\"Glossar\",\"item\":\"https:\/\/www.manheim-express.eu\/de\/glossar\/\"},{\"@type\":\"ListItem\",\"position\":3,\"name\":\"H\u00e4ndlerfahrzeuge\"}]},{\"@type\":\"WebSite\",\"@id\":\"https:\/\/www.manheim-express.eu\/de\/#website\",\"url\":\"https:\/\/www.manheim-express.eu\/de\/\",\"name\":\"Manheim Express\",\"description\":\"\",\"publisher\":{\"@id\":\"https:\/\/www.manheim-express.eu\/de\/#organization\"},\"potentialAction\":[{\"@type\":\"SearchAction\",\"target\":{\"@type\":\"EntryPoint\",\"urlTemplate\":\"https:\/\/www.manheim-express.eu\/de\/?s={search_term_string}\"},\"query-input\":{\"@type\":\"PropertyValueSpecification\",\"valueRequired\":true,\"valueName\":\"search_term_string\"}}],\"inLanguage\":\"de\"},{\"@type\":\"Organization\",\"@id\":\"https:\/\/www.manheim-express.eu\/de\/#organization\",\"name\":\"Manheim Express\",\"url\":\"https:\/\/www.manheim-express.eu\/de\/\",\"logo\":{\"@type\":\"ImageObject\",\"inLanguage\":\"de\",\"@id\":\"https:\/\/www.manheim-express.eu\/de\/#\/schema\/logo\/image\/\",\"url\":\"https:\/\/www.manheim-express.eu\/wp-content\/uploads\/2021\/07\/manheim-express-logo-light.png\",\"contentUrl\":\"https:\/\/www.manheim-express.eu\/wp-content\/uploads\/2021\/07\/manheim-express-logo-light.png\",\"width\":1163,\"height\":392,\"caption\":\"Manheim Express\"},\"image\":{\"@id\":\"https:\/\/www.manheim-express.eu\/de\/#\/schema\/logo\/image\/\"},\"sameAs\":[\"https:\/\/www.facebook.com\/manheimexpresseurope\/\",\"https:\/\/www.instagram.com\/manheim.express\",\"https:\/\/www.linkedin.com\/company\/manheim-express\/\",\"https:\/\/www.youtube.com\/channel\/UCRKJajJPvJv-ao7Tk7qra5Q\/\"]}]}<\/script>\n<!-- \/ Yoast SEO plugin. -->","yoast_head_json":{"title":"H\u00e4ndlerfahrzeuge - Manheim Express die neue Auktionsplattform f\u00fcr den KFZ Handel","description":"Die Bezeichnung H\u00e4ndlerfahrzeuge sollte ausschlie\u00dflich auf Fahrzeuge angewendet werden, die von einem Autoh\u00e4ndler an einen anderen verkauft werden.","robots":{"index":"index","follow":"follow","max-snippet":"max-snippet:-1","max-image-preview":"max-image-preview:large","max-video-preview":"max-video-preview:-1"},"canonical":"https:\/\/www.manheim-express.eu\/de\/glossar\/handlerfahrzeuge\/","og_locale":"de_DE","og_type":"article","og_title":"H\u00e4ndlerfahrzeuge - Manheim Express die neue Auktionsplattform f\u00fcr den KFZ Handel","og_description":"Die Bezeichnung H\u00e4ndlerfahrzeuge sollte ausschlie\u00dflich auf Fahrzeuge angewendet werden, die von einem Autoh\u00e4ndler an einen anderen verkauft werden.","og_url":"https:\/\/www.manheim-express.eu\/de\/glossar\/handlerfahrzeuge\/","og_site_name":"Manheim Express","article_publisher":"https:\/\/www.facebook.com\/manheimexpresseurope\/","article_modified_time":"2024-01-15T15:54:26+00:00","og_image":[{"url":"https:\/\/www.manheim-express.eu\/wp-content\/uploads\/2022\/11\/Manheim-Express-Estate-car.png","type":"","width":"","height":""}],"twitter_card":"summary_large_image","twitter_misc":{"Gesch\u00e4tzte Lesezeit":"2\u00a0Minuten"},"schema":{"@context":"https:\/\/schema.org","@graph":[{"@type":"WebPage","@id":"https:\/\/www.manheim-express.eu\/de\/glossar\/handlerfahrzeuge\/","url":"https:\/\/www.manheim-express.eu\/de\/glossar\/handlerfahrzeuge\/","name":"H\u00e4ndlerfahrzeuge - Manheim Express die neue Auktionsplattform f\u00fcr den KFZ Handel","isPartOf":{"@id":"https:\/\/www.manheim-express.eu\/de\/#website"},"primaryImageOfPage":{"@id":"https:\/\/www.manheim-express.eu\/de\/glossar\/handlerfahrzeuge\/#primaryimage"},"image":{"@id":"https:\/\/www.manheim-express.eu\/de\/glossar\/handlerfahrzeuge\/#primaryimage"},"thumbnailUrl":"https:\/\/www.manheim-express.eu\/wp-content\/uploads\/2022\/11\/Manheim-Express-Estate-car.png","datePublished":"2024-01-15T15:54:25+00:00","dateModified":"2024-01-15T15:54:26+00:00","description":"Die Bezeichnung H\u00e4ndlerfahrzeuge sollte ausschlie\u00dflich auf Fahrzeuge angewendet werden, die von einem Autoh\u00e4ndler an einen anderen verkauft werden.","breadcrumb":{"@id":"https:\/\/www.manheim-express.eu\/de\/glossar\/handlerfahrzeuge\/#breadcrumb"},"inLanguage":"de","potentialAction":[{"@type":"ReadAction","target":["https:\/\/www.manheim-express.eu\/de\/glossar\/handlerfahrzeuge\/"]}]},{"@type":"ImageObject","inLanguage":"de","@id":"https:\/\/www.manheim-express.eu\/de\/glossar\/handlerfahrzeuge\/#primaryimage","url":"https:\/\/www.manheim-express.eu\/wp-content\/uploads\/2022\/11\/Manheim-Express-Estate-car.png","contentUrl":"https:\/\/www.manheim-express.eu\/wp-content\/uploads\/2022\/11\/Manheim-Express-Estate-car.png"},{"@type":"BreadcrumbList","@id":"https:\/\/www.manheim-express.eu\/de\/glossar\/handlerfahrzeuge\/#breadcrumb","itemListElement":[{"@type":"ListItem","position":1,"name":"Home","item":"https:\/\/www.manheim-express.eu\/de\/"},{"@type":"ListItem","position":2,"name":"Glossar","item":"https:\/\/www.manheim-express.eu\/de\/glossar\/"},{"@type":"ListItem","position":3,"name":"H\u00e4ndlerfahrzeuge"}]},{"@type":"WebSite","@id":"https:\/\/www.manheim-express.eu\/de\/#website","url":"https:\/\/www.manheim-express.eu\/de\/","name":"Manheim Express","description":"","publisher":{"@id":"https:\/\/www.manheim-express.eu\/de\/#organization"},"potentialAction":[{"@type":"SearchAction","target":{"@type":"EntryPoint","urlTemplate":"https:\/\/www.manheim-express.eu\/de\/?s={search_term_string}"},"query-input":{"@type":"PropertyValueSpecification","valueRequired":true,"valueName":"search_term_string"}}],"inLanguage":"de"},{"@type":"Organization","@id":"https:\/\/www.manheim-express.eu\/de\/#organization","name":"Manheim Express","url":"https:\/\/www.manheim-express.eu\/de\/","logo":{"@type":"ImageObject","inLanguage":"de","@id":"https:\/\/www.manheim-express.eu\/de\/#\/schema\/logo\/image\/","url":"https:\/\/www.manheim-express.eu\/wp-content\/uploads\/2021\/07\/manheim-express-logo-light.png","contentUrl":"https:\/\/www.manheim-express.eu\/wp-content\/uploads\/2021\/07\/manheim-express-logo-light.png","width":1163,"height":392,"caption":"Manheim Express"},"image":{"@id":"https:\/\/www.manheim-express.eu\/de\/#\/schema\/logo\/image\/"},"sameAs":["https:\/\/www.facebook.com\/manheimexpresseurope\/","https:\/\/www.instagram.com\/manheim.express","https:\/\/www.linkedin.com\/company\/manheim-express\/","https:\/\/www.youtube.com\/channel\/UCRKJajJPvJv-ao7Tk7qra5Q\/"]}]}},"_links":{"self":[{"href":"https:\/\/www.manheim-express.eu\/de\/wp-json\/wp\/v2\/pages\/16369","targetHints":{"allow":["GET"]}}],"collection":[{"href":"https:\/\/www.manheim-express.eu\/de\/wp-json\/wp\/v2\/pages"}],"about":[{"href":"https:\/\/www.manheim-express.eu\/de\/wp-json\/wp\/v2\/types\/page"}],"author":[{"embeddable":true,"href":"https:\/\/www.manheim-express.eu\/de\/wp-json\/wp\/v2\/users\/12"}],"replies":[{"embeddable":true,"href":"https:\/\/www.manheim-express.eu\/de\/wp-json\/wp\/v2\/comments?post=16369"}],"version-history":[{"count":10,"href":"https:\/\/www.manheim-express.eu\/de\/wp-json\/wp\/v2\/pages\/16369\/revisions"}],"predecessor-version":[{"id":16841,"href":"https:\/\/www.manheim-express.eu\/de\/wp-json\/wp\/v2\/pages\/16369\/revisions\/16841"}],"up":[{"embeddable":true,"href":"https:\/\/www.manheim-express.eu\/de\/wp-json\/wp\/v2\/pages\/11571"}],"wp:attachment":[{"href":"https:\/\/www.manheim-express.eu\/de\/wp-json\/wp\/v2\/media?parent=16369"}],"wp:term":[{"taxonomy":"wf_page_folders","embeddable":true,"href":"https:\/\/www.manheim-express.eu\/de\/wp-json\/wp\/v2\/wf_page_folders?post=16369"}],"curies":[{"name":"wp","href":"https:\/\/api.w.org\/{rel}","templated":true}]}}