{"id":16364,"date":"2024-01-15T15:50:52","date_gmt":"2024-01-15T15:50:52","guid":{"rendered":"https:\/\/www.manheim-express.eu\/?page_id=16364"},"modified":"2024-01-15T15:50:53","modified_gmt":"2024-01-15T15:50:53","slug":"handlereinkauf-gebrauchtwagen","status":"publish","type":"page","link":"https:\/\/www.manheim-express.eu\/de\/glossar\/handlereinkauf-gebrauchtwagen\/","title":{"rendered":"H\u00e4ndlereinkauf Gebrauchtwagen"},"content":{"rendered":"\t\t<div data-elementor-type=\"wp-page\" data-elementor-id=\"16364\" class=\"elementor elementor-16364\" data-elementor-post-type=\"page\">\n\t\t\t\t\t\t<section class=\"elementor-section elementor-top-section elementor-element elementor-element-5ad223c elementor-section-full_width elementor-section-stretched elementor-section-height-default elementor-section-height-default\" data-id=\"5ad223c\" data-element_type=\"section\" data-settings=\"{&quot;stretch_section&quot;:&quot;section-stretched&quot;}\">\n\t\t\t\t\t\t<div class=\"elementor-container elementor-column-gap-default\">\n\t\t\t\t\t<div class=\"elementor-column elementor-col-50 elementor-top-column elementor-element elementor-element-d3b519c\" data-id=\"d3b519c\" data-element_type=\"column\" data-settings=\"{&quot;background_background&quot;:&quot;classic&quot;}\">\n\t\t\t<div class=\"elementor-widget-wrap elementor-element-populated\">\n\t\t\t\t\t\t<div class=\"elementor-element elementor-element-036dc3a elementor-widget elementor-widget-text-editor\" data-id=\"036dc3a\" data-element_type=\"widget\" data-widget_type=\"text-editor.default\">\n\t\t\t\t<div class=\"elementor-widget-container\">\n\t\t\t\t\t\t\t\t\t<h2>Zeit sparen und mit Gebrauchtwagen effektiv handeln<\/h2>\t\t\t\t\t\t\t\t<\/div>\n\t\t\t\t<\/div>\n\t\t\t\t<div class=\"elementor-element elementor-element-21c3353 elementor-widget elementor-widget-text-editor\" data-id=\"21c3353\" data-element_type=\"widget\" data-widget_type=\"text-editor.default\">\n\t\t\t\t<div class=\"elementor-widget-container\">\n\t\t\t\t\t\t\t\t\t<h3 class=\"\">Manheim Express \u2013 zeitgem\u00e4\u00dfer H\u00e4ndlereinkauf f\u00fcr Profis<\/h3>\t\t\t\t\t\t\t\t<\/div>\n\t\t\t\t<\/div>\n\t\t\t\t<div class=\"elementor-element elementor-element-c37119d elementor-widget elementor-widget-text-editor\" data-id=\"c37119d\" data-element_type=\"widget\" data-widget_type=\"text-editor.default\">\n\t\t\t\t<div class=\"elementor-widget-container\">\n\t\t\t\t\t\t\t\t\t<p class=\"text-justify\">Der\u00a0<strong>H\u00e4ndlereinkauf von Gebrauchtwagen\u00a0<\/strong>ist eine der vielen Branchen, die sich durch die Digitalisierung und die damit verbundene \u00d6ffnung und Beschleunigung der M\u00e4rkte deutlich ver\u00e4ndert haben. Und der Umw\u00e4lzungsprozess ist noch keineswegs abgeschlossen. Leider reagieren viele H\u00e4ndler jedoch noch immer zaghaft, wenn es darum geht, Gesch\u00e4ftsmodelle und Verkaufsstrategien an neue Marktsituationen anzupassen \u2013 mit mitunter fatalen Folgen f\u00fcr ihr Gesch\u00e4ft.\u00a0<span style=\"font-weight: bolder;\">Manheim Express<\/span>\u00a0hat es sich zur Aufgabe gemacht, den\u00a0<strong>H\u00e4ndlereinkauf von Gebrauchtwagen<\/strong>\u00a0so zeitgem\u00e4\u00df, einfach und flexibel zu gestalten, dass H\u00e4ndler davon bereits mit geringem Aufwand profitieren k\u00f6nnen.<\/p>\t\t\t\t\t\t\t\t<\/div>\n\t\t\t\t<\/div>\n\t\t\t\t<div class=\"elementor-element elementor-element-76774e4 elementor-widget elementor-widget-button\" data-id=\"76774e4\" data-element_type=\"widget\" data-widget_type=\"button.default\">\n\t\t\t\t<div class=\"elementor-widget-container\">\n\t\t\t\t\t\t\t\t\t<div class=\"elementor-button-wrapper\">\n\t\t\t\t\t<a class=\"elementor-button elementor-button-link elementor-size-lg\" href=\"#\">\n\t\t\t\t\t\t<span class=\"elementor-button-content-wrapper\">\n\t\t\t\t\t\t\t\t\t<span class=\"elementor-button-text\">Mehr Infos finden Sie hier<\/span>\n\t\t\t\t\t<\/span>\n\t\t\t\t\t<\/a>\n\t\t\t\t<\/div>\n\t\t\t\t\t\t\t\t<\/div>\n\t\t\t\t<\/div>\n\t\t\t\t<div class=\"elementor-element elementor-element-93513c7 elementor-widget elementor-widget-image\" data-id=\"93513c7\" data-element_type=\"widget\" data-widget_type=\"image.default\">\n\t\t\t\t<div class=\"elementor-widget-container\">\n\t\t\t\t\t\t\t\t\t\t\t\t\t\t\t<img fetchpriority=\"high\" decoding=\"async\" width=\"800\" height=\"389\" src=\"https:\/\/www.manheim-express.eu\/wp-content\/uploads\/2022\/11\/Manheim-Express-Estate-car.png\" class=\"attachment-large size-large wp-image-14639\" alt=\"\" srcset=\"https:\/\/www.manheim-express.eu\/wp-content\/uploads\/2022\/11\/Manheim-Express-Estate-car.png 1024w, https:\/\/www.manheim-express.eu\/wp-content\/uploads\/2022\/11\/Manheim-Express-Estate-car-300x146.png 300w, https:\/\/www.manheim-express.eu\/wp-content\/uploads\/2022\/11\/Manheim-Express-Estate-car-768x374.png 768w\" sizes=\"(max-width: 800px) 100vw, 800px\" \/>\t\t\t\t\t\t\t\t\t\t\t\t\t\t\t<\/div>\n\t\t\t\t<\/div>\n\t\t\t\t\t<\/div>\n\t\t<\/div>\n\t\t\t\t<div class=\"elementor-column elementor-col-50 elementor-top-column elementor-element elementor-element-213236b\" data-id=\"213236b\" data-element_type=\"column\" data-settings=\"{&quot;background_background&quot;:&quot;classic&quot;}\">\n\t\t\t<div class=\"elementor-widget-wrap elementor-element-populated\">\n\t\t\t\t\t\t<div class=\"elementor-element elementor-element-e9c050a elementor-widget elementor-widget-text-editor\" data-id=\"e9c050a\" data-element_type=\"widget\" data-widget_type=\"text-editor.default\">\n\t\t\t\t<div class=\"elementor-widget-container\">\n\t\t\t\t\t\t\t\t\t<h2 class=\"\">Zeitgem\u00e4\u00dfer H\u00e4ndlereinkauf von Gebrauchtwagen<\/h2>\t\t\t\t\t\t\t\t<\/div>\n\t\t\t\t<\/div>\n\t\t\t\t<div class=\"elementor-element elementor-element-8d896a4 elementor-widget elementor-widget-text-editor\" data-id=\"8d896a4\" data-element_type=\"widget\" data-widget_type=\"text-editor.default\">\n\t\t\t\t<div class=\"elementor-widget-container\">\n\t\t\t\t\t\t\t\t\t<p>Viele Autoh\u00e4ndler kennen das Problem: in Zahlung genommene Fahrzeuge entwickeln sich zu Langstehern und verlieren zusehends an Wert. Gleichzeitig blockieren sie wertvollen Stellplatz, bremsen das Gesch\u00e4ft und machen den Standort insgesamt unattraktiv. Doch anstatt schnell zu handeln und das Fahrzeug an den Mann oder die Frau zu bringen, warten viele H\u00e4ndler einfach ab. Ein fundamentaler Fehler, denn solche Langsteher binden \u00a0Kapital und bremsen das Gesch\u00e4ft ab! Tats\u00e4chlich gibt es im\u00a0<strong>H\u00e4ndlereinkauf<\/strong>\u00a0immer einen Kunden, der sich genau f\u00fcr Ihr Fahrzeug interessiert \u2013 Sie m\u00fcssen ihn nur finden. Das gleiche gilt f\u00fcr den umgekehrten Fall: Ihre Kunden interessieren sich f\u00fcr Fahrzeuge, die Sie nicht anbieten k\u00f6nnen und nun stehen Sie vor der Frage, was sie tun sollen. Den entt\u00e4uschten Kunden wegschicken, weil Sie ihm nicht helfen k\u00f6nnen? Oder das Wunschfahrzeug kurzfristig besorgen und mit dem Kunden ins Gesch\u00e4ft kommen? Auch hier fehlt es vielen H\u00e4ndlern noch am Bewusstsein f\u00fcr die M\u00f6glichkeiten, die ein gezielter\u00a0<strong>H\u00e4ndlereinkauf<\/strong>\u00a0bietet. Durch die richtige Vernetzung mit einem effektiven Portal erh\u00f6hen sich die Chancen, ein Fahrzeug zu verkaufen oder ein gew\u00fcnschtes Fahrzeug zu finden erheblich. H\u00e4ndler sollten daher unbedingt daf\u00fcr sorgen, dass sie mit einer zeitgem\u00e4\u00dfen \u00a0Plattform f\u00fcr den professionellen Handel mit Gebrauchtwagen zusammenarbeiten. Nur so lassen sich die Vertriebsm\u00f6glichkeiten des Internets optimal nutzen.<\/p>\t\t\t\t\t\t\t\t<\/div>\n\t\t\t\t<\/div>\n\t\t\t\t<div class=\"elementor-element elementor-element-b3d2cf9 elementor-widget elementor-widget-text-editor\" data-id=\"b3d2cf9\" data-element_type=\"widget\" data-widget_type=\"text-editor.default\">\n\t\t\t\t<div class=\"elementor-widget-container\">\n\t\t\t\t\t\t\t\t\t<h2 class=\"text-center\">Wie Sie Ihren H\u00e4ndlereinkauf mit Manheim Express neu strukturieren<\/h2>\t\t\t\t\t\t\t\t<\/div>\n\t\t\t\t<\/div>\n\t\t\t\t<div class=\"elementor-element elementor-element-76f2c0f elementor-widget elementor-widget-text-editor\" data-id=\"76f2c0f\" data-element_type=\"widget\" data-widget_type=\"text-editor.default\">\n\t\t\t\t<div class=\"elementor-widget-container\">\n\t\t\t\t\t\t\t\t\t<p class=\"text-justify\">Auf dem Markt f\u00fcr Gebrauchtwagen tummeln sich eine Vielzahl an B\u00f6rsen, Plattformen und Portalen f\u00fcr die unterschiedlichsten Ziel- und Nutzergruppen. So mancher H\u00e4ndler ist seit Jahren bei einer Plattform angemeldet, die ihm aber nicht den Verkaufserfolg bringt, den er sich w\u00fcnscht. Das liegt meistens an der Plattform und Ihren veralteten Vertriebsstrategien. Der Online-Markt f\u00fcr den\u00a0<strong>H\u00e4ndlereinkauf\u00a0<\/strong>von Gebrauchtwagen ist in kontinuierlichem Wandel begriffen. Eine erfolgreiche Plattform muss es dem H\u00e4ndler erm\u00f6glichen, kurzfristig und problemlos ins Onlinegesch\u00e4ft mit Gebrauchtwagen einzusteigen und den\u00a0<strong>H\u00e4ndlereinkauf<\/strong>\u00a0flexibel nutzen zu k\u00f6nnen. Kundenservice und Geb\u00fchren sollten ebenso stimmen wie die Bereitstellung effizienter und anpassungsf\u00e4higer Vertriebsstrukturen. Der Einstell- und Kaufprozess muss schnell und sicher von statten gehen. Bei\u00a0<span style=\"font-weight: bolder;\">Manheim Express<\/span>\u00a0ist daher alles auf ein effektives, einfaches und erfolgreiches Trading mit Gebrauchtwagen im\u00a0<strong>H\u00e4ndlereinkauf<\/strong>\u00a0ausgelegt. Als Nutzer der Plattform haben Sie die Gewissheit, mit einem professionellen Team zusammenzuarbeiten. Wir haben nicht nur die Zeichen der Zeit erkannt und dem\u00a0<strong>H\u00e4ndlereinkauf<\/strong>\u00a0ein zeitgem\u00e4\u00dfes Portal geschaffen \u2013 wir haben den Markt fest im Auge und sind st\u00e4ndig dabei, unseren Kunden neue und noch effektivere Features zur Verf\u00fcgung zu stellen.<\/p>\t\t\t\t\t\t\t\t<\/div>\n\t\t\t\t<\/div>\n\t\t\t\t\t<\/div>\n\t\t<\/div>\n\t\t\t\t\t<\/div>\n\t\t<\/section>\n\t\t\t\t<\/div>\n\t\t","protected":false},"excerpt":{"rendered":"<p>Zeit sparen und mit Gebrauchtwagen effektiv handeln Manheim Express \u2013 zeitgem\u00e4\u00dfer H\u00e4ndlereinkauf f\u00fcr Profis Der\u00a0H\u00e4ndlereinkauf von Gebrauchtwagen\u00a0ist eine der vielen Branchen, die sich durch die Digitalisierung und die damit verbundene \u00d6ffnung und Beschleunigung der M\u00e4rkte deutlich ver\u00e4ndert haben. Und der Umw\u00e4lzungsprozess ist noch keineswegs abgeschlossen. Leider reagieren viele H\u00e4ndler jedoch noch immer zaghaft, wenn es [&hellip;]<\/p>\n","protected":false},"author":12,"featured_media":0,"parent":11571,"menu_order":0,"comment_status":"closed","ping_status":"closed","template":"","meta":{"_acf_changed":false,"footnotes":""},"wf_page_folders":[156],"class_list":["post-16364","page","type-page","status-publish","hentry"],"acf":[],"yoast_head":"<!-- This site is optimized with the Yoast SEO plugin v25.8 - https:\/\/yoast.com\/wordpress\/plugins\/seo\/ -->\n<title>H\u00e4ndlereinkauf Gebrauchtwagen - Manheim Express die neue Auktionsplattform f\u00fcr den KFZ Handel<\/title>\n<meta name=\"description\" content=\"Der H\u00e4ndlereinkauf von Gebrauchtwagen ist eine der vielen Branchen, die sich durch die Digitalisierung und die damit verbundene \u00d6ffnung und Beschleunigung der M\u00e4rkte deutlich ver\u00e4ndert haben.\" \/>\n<meta name=\"robots\" content=\"index, follow, max-snippet:-1, max-image-preview:large, max-video-preview:-1\" \/>\n<link rel=\"canonical\" href=\"https:\/\/www.manheim-express.eu\/de\/glossar\/handlereinkauf-gebrauchtwagen\/\" \/>\n<meta property=\"og:locale\" content=\"de_DE\" \/>\n<meta property=\"og:type\" content=\"article\" \/>\n<meta property=\"og:title\" content=\"H\u00e4ndlereinkauf Gebrauchtwagen - Manheim Express die neue Auktionsplattform f\u00fcr den KFZ Handel\" \/>\n<meta property=\"og:description\" content=\"Der H\u00e4ndlereinkauf von Gebrauchtwagen ist eine der vielen Branchen, die sich durch die Digitalisierung und die damit verbundene \u00d6ffnung und Beschleunigung der M\u00e4rkte deutlich ver\u00e4ndert haben.\" \/>\n<meta property=\"og:url\" content=\"https:\/\/www.manheim-express.eu\/de\/glossar\/handlereinkauf-gebrauchtwagen\/\" \/>\n<meta property=\"og:site_name\" content=\"Manheim Express\" \/>\n<meta property=\"article:publisher\" content=\"https:\/\/www.facebook.com\/manheimexpresseurope\/\" \/>\n<meta property=\"article:modified_time\" content=\"2024-01-15T15:50:53+00:00\" \/>\n<meta property=\"og:image\" content=\"https:\/\/www.manheim-express.eu\/wp-content\/uploads\/2022\/11\/Manheim-Express-Estate-car.png\" \/>\n<meta name=\"twitter:card\" content=\"summary_large_image\" \/>\n<meta name=\"twitter:label1\" content=\"Gesch\u00e4tzte Lesezeit\" \/>\n\t<meta name=\"twitter:data1\" content=\"3\u00a0Minuten\" \/>\n<script type=\"application\/ld+json\" class=\"yoast-schema-graph\">{\"@context\":\"https:\/\/schema.org\",\"@graph\":[{\"@type\":\"WebPage\",\"@id\":\"https:\/\/www.manheim-express.eu\/de\/glossar\/handlereinkauf-gebrauchtwagen\/\",\"url\":\"https:\/\/www.manheim-express.eu\/de\/glossar\/handlereinkauf-gebrauchtwagen\/\",\"name\":\"H\u00e4ndlereinkauf Gebrauchtwagen - Manheim Express die neue Auktionsplattform f\u00fcr den KFZ Handel\",\"isPartOf\":{\"@id\":\"https:\/\/www.manheim-express.eu\/de\/#website\"},\"primaryImageOfPage\":{\"@id\":\"https:\/\/www.manheim-express.eu\/de\/glossar\/handlereinkauf-gebrauchtwagen\/#primaryimage\"},\"image\":{\"@id\":\"https:\/\/www.manheim-express.eu\/de\/glossar\/handlereinkauf-gebrauchtwagen\/#primaryimage\"},\"thumbnailUrl\":\"https:\/\/www.manheim-express.eu\/wp-content\/uploads\/2022\/11\/Manheim-Express-Estate-car.png\",\"datePublished\":\"2024-01-15T15:50:52+00:00\",\"dateModified\":\"2024-01-15T15:50:53+00:00\",\"description\":\"Der H\u00e4ndlereinkauf von Gebrauchtwagen ist eine der vielen Branchen, die sich durch die Digitalisierung und die damit verbundene \u00d6ffnung und Beschleunigung der M\u00e4rkte deutlich ver\u00e4ndert haben.\",\"breadcrumb\":{\"@id\":\"https:\/\/www.manheim-express.eu\/de\/glossar\/handlereinkauf-gebrauchtwagen\/#breadcrumb\"},\"inLanguage\":\"de\",\"potentialAction\":[{\"@type\":\"ReadAction\",\"target\":[\"https:\/\/www.manheim-express.eu\/de\/glossar\/handlereinkauf-gebrauchtwagen\/\"]}]},{\"@type\":\"ImageObject\",\"inLanguage\":\"de\",\"@id\":\"https:\/\/www.manheim-express.eu\/de\/glossar\/handlereinkauf-gebrauchtwagen\/#primaryimage\",\"url\":\"https:\/\/www.manheim-express.eu\/wp-content\/uploads\/2022\/11\/Manheim-Express-Estate-car.png\",\"contentUrl\":\"https:\/\/www.manheim-express.eu\/wp-content\/uploads\/2022\/11\/Manheim-Express-Estate-car.png\"},{\"@type\":\"BreadcrumbList\",\"@id\":\"https:\/\/www.manheim-express.eu\/de\/glossar\/handlereinkauf-gebrauchtwagen\/#breadcrumb\",\"itemListElement\":[{\"@type\":\"ListItem\",\"position\":1,\"name\":\"Home\",\"item\":\"https:\/\/www.manheim-express.eu\/de\/\"},{\"@type\":\"ListItem\",\"position\":2,\"name\":\"Glossar\",\"item\":\"https:\/\/www.manheim-express.eu\/de\/glossar\/\"},{\"@type\":\"ListItem\",\"position\":3,\"name\":\"H\u00e4ndlereinkauf Gebrauchtwagen\"}]},{\"@type\":\"WebSite\",\"@id\":\"https:\/\/www.manheim-express.eu\/de\/#website\",\"url\":\"https:\/\/www.manheim-express.eu\/de\/\",\"name\":\"Manheim Express\",\"description\":\"\",\"publisher\":{\"@id\":\"https:\/\/www.manheim-express.eu\/de\/#organization\"},\"potentialAction\":[{\"@type\":\"SearchAction\",\"target\":{\"@type\":\"EntryPoint\",\"urlTemplate\":\"https:\/\/www.manheim-express.eu\/de\/?s={search_term_string}\"},\"query-input\":{\"@type\":\"PropertyValueSpecification\",\"valueRequired\":true,\"valueName\":\"search_term_string\"}}],\"inLanguage\":\"de\"},{\"@type\":\"Organization\",\"@id\":\"https:\/\/www.manheim-express.eu\/de\/#organization\",\"name\":\"Manheim Express\",\"url\":\"https:\/\/www.manheim-express.eu\/de\/\",\"logo\":{\"@type\":\"ImageObject\",\"inLanguage\":\"de\",\"@id\":\"https:\/\/www.manheim-express.eu\/de\/#\/schema\/logo\/image\/\",\"url\":\"https:\/\/www.manheim-express.eu\/wp-content\/uploads\/2021\/07\/manheim-express-logo-light.png\",\"contentUrl\":\"https:\/\/www.manheim-express.eu\/wp-content\/uploads\/2021\/07\/manheim-express-logo-light.png\",\"width\":1163,\"height\":392,\"caption\":\"Manheim Express\"},\"image\":{\"@id\":\"https:\/\/www.manheim-express.eu\/de\/#\/schema\/logo\/image\/\"},\"sameAs\":[\"https:\/\/www.facebook.com\/manheimexpresseurope\/\",\"https:\/\/www.instagram.com\/manheim.express\",\"https:\/\/www.linkedin.com\/company\/manheim-express\/\",\"https:\/\/www.youtube.com\/channel\/UCRKJajJPvJv-ao7Tk7qra5Q\/\"]}]}<\/script>\n<!-- \/ Yoast SEO plugin. -->","yoast_head_json":{"title":"H\u00e4ndlereinkauf Gebrauchtwagen - Manheim Express die neue Auktionsplattform f\u00fcr den KFZ Handel","description":"Der H\u00e4ndlereinkauf von Gebrauchtwagen ist eine der vielen Branchen, die sich durch die Digitalisierung und die damit verbundene \u00d6ffnung und Beschleunigung der M\u00e4rkte deutlich ver\u00e4ndert haben.","robots":{"index":"index","follow":"follow","max-snippet":"max-snippet:-1","max-image-preview":"max-image-preview:large","max-video-preview":"max-video-preview:-1"},"canonical":"https:\/\/www.manheim-express.eu\/de\/glossar\/handlereinkauf-gebrauchtwagen\/","og_locale":"de_DE","og_type":"article","og_title":"H\u00e4ndlereinkauf Gebrauchtwagen - Manheim Express die neue Auktionsplattform f\u00fcr den KFZ Handel","og_description":"Der H\u00e4ndlereinkauf von Gebrauchtwagen ist eine der vielen Branchen, die sich durch die Digitalisierung und die damit verbundene \u00d6ffnung und Beschleunigung der M\u00e4rkte deutlich ver\u00e4ndert haben.","og_url":"https:\/\/www.manheim-express.eu\/de\/glossar\/handlereinkauf-gebrauchtwagen\/","og_site_name":"Manheim Express","article_publisher":"https:\/\/www.facebook.com\/manheimexpresseurope\/","article_modified_time":"2024-01-15T15:50:53+00:00","og_image":[{"url":"https:\/\/www.manheim-express.eu\/wp-content\/uploads\/2022\/11\/Manheim-Express-Estate-car.png","type":"","width":"","height":""}],"twitter_card":"summary_large_image","twitter_misc":{"Gesch\u00e4tzte Lesezeit":"3\u00a0Minuten"},"schema":{"@context":"https:\/\/schema.org","@graph":[{"@type":"WebPage","@id":"https:\/\/www.manheim-express.eu\/de\/glossar\/handlereinkauf-gebrauchtwagen\/","url":"https:\/\/www.manheim-express.eu\/de\/glossar\/handlereinkauf-gebrauchtwagen\/","name":"H\u00e4ndlereinkauf Gebrauchtwagen - Manheim Express die neue Auktionsplattform f\u00fcr den KFZ Handel","isPartOf":{"@id":"https:\/\/www.manheim-express.eu\/de\/#website"},"primaryImageOfPage":{"@id":"https:\/\/www.manheim-express.eu\/de\/glossar\/handlereinkauf-gebrauchtwagen\/#primaryimage"},"image":{"@id":"https:\/\/www.manheim-express.eu\/de\/glossar\/handlereinkauf-gebrauchtwagen\/#primaryimage"},"thumbnailUrl":"https:\/\/www.manheim-express.eu\/wp-content\/uploads\/2022\/11\/Manheim-Express-Estate-car.png","datePublished":"2024-01-15T15:50:52+00:00","dateModified":"2024-01-15T15:50:53+00:00","description":"Der H\u00e4ndlereinkauf von Gebrauchtwagen ist eine der vielen Branchen, die sich durch die Digitalisierung und die damit verbundene \u00d6ffnung und Beschleunigung der M\u00e4rkte deutlich ver\u00e4ndert haben.","breadcrumb":{"@id":"https:\/\/www.manheim-express.eu\/de\/glossar\/handlereinkauf-gebrauchtwagen\/#breadcrumb"},"inLanguage":"de","potentialAction":[{"@type":"ReadAction","target":["https:\/\/www.manheim-express.eu\/de\/glossar\/handlereinkauf-gebrauchtwagen\/"]}]},{"@type":"ImageObject","inLanguage":"de","@id":"https:\/\/www.manheim-express.eu\/de\/glossar\/handlereinkauf-gebrauchtwagen\/#primaryimage","url":"https:\/\/www.manheim-express.eu\/wp-content\/uploads\/2022\/11\/Manheim-Express-Estate-car.png","contentUrl":"https:\/\/www.manheim-express.eu\/wp-content\/uploads\/2022\/11\/Manheim-Express-Estate-car.png"},{"@type":"BreadcrumbList","@id":"https:\/\/www.manheim-express.eu\/de\/glossar\/handlereinkauf-gebrauchtwagen\/#breadcrumb","itemListElement":[{"@type":"ListItem","position":1,"name":"Home","item":"https:\/\/www.manheim-express.eu\/de\/"},{"@type":"ListItem","position":2,"name":"Glossar","item":"https:\/\/www.manheim-express.eu\/de\/glossar\/"},{"@type":"ListItem","position":3,"name":"H\u00e4ndlereinkauf Gebrauchtwagen"}]},{"@type":"WebSite","@id":"https:\/\/www.manheim-express.eu\/de\/#website","url":"https:\/\/www.manheim-express.eu\/de\/","name":"Manheim Express","description":"","publisher":{"@id":"https:\/\/www.manheim-express.eu\/de\/#organization"},"potentialAction":[{"@type":"SearchAction","target":{"@type":"EntryPoint","urlTemplate":"https:\/\/www.manheim-express.eu\/de\/?s={search_term_string}"},"query-input":{"@type":"PropertyValueSpecification","valueRequired":true,"valueName":"search_term_string"}}],"inLanguage":"de"},{"@type":"Organization","@id":"https:\/\/www.manheim-express.eu\/de\/#organization","name":"Manheim Express","url":"https:\/\/www.manheim-express.eu\/de\/","logo":{"@type":"ImageObject","inLanguage":"de","@id":"https:\/\/www.manheim-express.eu\/de\/#\/schema\/logo\/image\/","url":"https:\/\/www.manheim-express.eu\/wp-content\/uploads\/2021\/07\/manheim-express-logo-light.png","contentUrl":"https:\/\/www.manheim-express.eu\/wp-content\/uploads\/2021\/07\/manheim-express-logo-light.png","width":1163,"height":392,"caption":"Manheim Express"},"image":{"@id":"https:\/\/www.manheim-express.eu\/de\/#\/schema\/logo\/image\/"},"sameAs":["https:\/\/www.facebook.com\/manheimexpresseurope\/","https:\/\/www.instagram.com\/manheim.express","https:\/\/www.linkedin.com\/company\/manheim-express\/","https:\/\/www.youtube.com\/channel\/UCRKJajJPvJv-ao7Tk7qra5Q\/"]}]}},"_links":{"self":[{"href":"https:\/\/www.manheim-express.eu\/de\/wp-json\/wp\/v2\/pages\/16364","targetHints":{"allow":["GET"]}}],"collection":[{"href":"https:\/\/www.manheim-express.eu\/de\/wp-json\/wp\/v2\/pages"}],"about":[{"href":"https:\/\/www.manheim-express.eu\/de\/wp-json\/wp\/v2\/types\/page"}],"author":[{"embeddable":true,"href":"https:\/\/www.manheim-express.eu\/de\/wp-json\/wp\/v2\/users\/12"}],"replies":[{"embeddable":true,"href":"https:\/\/www.manheim-express.eu\/de\/wp-json\/wp\/v2\/comments?post=16364"}],"version-history":[{"count":7,"href":"https:\/\/www.manheim-express.eu\/de\/wp-json\/wp\/v2\/pages\/16364\/revisions"}],"predecessor-version":[{"id":16838,"href":"https:\/\/www.manheim-express.eu\/de\/wp-json\/wp\/v2\/pages\/16364\/revisions\/16838"}],"up":[{"embeddable":true,"href":"https:\/\/www.manheim-express.eu\/de\/wp-json\/wp\/v2\/pages\/11571"}],"wp:attachment":[{"href":"https:\/\/www.manheim-express.eu\/de\/wp-json\/wp\/v2\/media?parent=16364"}],"wp:term":[{"taxonomy":"wf_page_folders","embeddable":true,"href":"https:\/\/www.manheim-express.eu\/de\/wp-json\/wp\/v2\/wf_page_folders?post=16364"}],"curies":[{"name":"wp","href":"https:\/\/api.w.org\/{rel}","templated":true}]}}