{"id":16356,"date":"2024-01-15T15:48:59","date_gmt":"2024-01-15T15:48:59","guid":{"rendered":"https:\/\/www.manheim-express.eu\/?page_id=16356"},"modified":"2024-01-15T15:49:00","modified_gmt":"2024-01-15T15:49:00","slug":"auto-versteigerung-hamburg","status":"publish","type":"page","link":"https:\/\/www.manheim-express.eu\/de\/glossar\/auto-versteigerung-hamburg\/","title":{"rendered":"Auto Versteigerung Hamburg"},"content":{"rendered":"\t\t<div data-elementor-type=\"wp-page\" data-elementor-id=\"16356\" class=\"elementor elementor-16356\" data-elementor-post-type=\"page\">\n\t\t\t\t\t\t<section class=\"elementor-section elementor-top-section elementor-element elementor-element-5ad223c elementor-section-full_width elementor-section-stretched elementor-section-height-default elementor-section-height-default\" data-id=\"5ad223c\" data-element_type=\"section\" data-settings=\"{&quot;stretch_section&quot;:&quot;section-stretched&quot;}\">\n\t\t\t\t\t\t<div class=\"elementor-container elementor-column-gap-default\">\n\t\t\t\t\t<div class=\"elementor-column elementor-col-50 elementor-top-column elementor-element elementor-element-d3b519c\" data-id=\"d3b519c\" data-element_type=\"column\" data-settings=\"{&quot;background_background&quot;:&quot;classic&quot;}\">\n\t\t\t<div class=\"elementor-widget-wrap elementor-element-populated\">\n\t\t\t\t\t\t<div class=\"elementor-element elementor-element-036dc3a elementor-widget elementor-widget-text-editor\" data-id=\"036dc3a\" data-element_type=\"widget\" data-widget_type=\"text-editor.default\">\n\t\t\t\t<div class=\"elementor-widget-container\">\n\t\t\t\t\t\t\t\t\t<h2>Sie interessieren sich f\u00fcr Auto Versteigerungen in Hamburg?<\/h2>\t\t\t\t\t\t\t\t<\/div>\n\t\t\t\t<\/div>\n\t\t\t\t<div class=\"elementor-element elementor-element-21c3353 elementor-widget elementor-widget-text-editor\" data-id=\"21c3353\" data-element_type=\"widget\" data-widget_type=\"text-editor.default\">\n\t\t\t\t<div class=\"elementor-widget-container\">\n\t\t\t\t\t\t\t\t\t<h3 class=\"\">pkwNOW gibt Ihnen Tipps f\u00fcr einen erfolgreichen Autokauf in der Hansestadt<\/h3>\t\t\t\t\t\t\t\t<\/div>\n\t\t\t\t<\/div>\n\t\t\t\t<div class=\"elementor-element elementor-element-c37119d elementor-widget elementor-widget-text-editor\" data-id=\"c37119d\" data-element_type=\"widget\" data-widget_type=\"text-editor.default\">\n\t\t\t\t<div class=\"elementor-widget-container\">\n\t\t\t\t\t\t\t\t\t<p class=\"text-justify\">Auto Versteigerungen liegen im Trend. W\u00e4hrend immer mehr H\u00e4ndler und Privatk\u00e4ufer sich ganz auf Online-Auktionen konzentrieren und die M\u00f6glichkeit, mit wenigen Klicks zum gesuchten Fahrzeug zu kommen, nutzen, ist f\u00fcr andere Interessenten die Versteigerung vor Ort nach wie vor die bevorzugte Verkaufsform. Wer die Anreise und Wartezeiten nicht scheut, kann in der ganz besonderen Atmosph\u00e4re der Live-Auktion m\u00f6glicherweise sein Traumfahrzeug ersteigern. Wenn es aber im Handelsgesch\u00e4ft einmal schnell und unkompliziert gehen soll: schauen Sie \u00a0doch mal bei\u00a0<strong>pkwNOW<\/strong>\u00a0vorbei!<\/p>\t\t\t\t\t\t\t\t<\/div>\n\t\t\t\t<\/div>\n\t\t\t\t<div class=\"elementor-element elementor-element-76774e4 elementor-widget elementor-widget-button\" data-id=\"76774e4\" data-element_type=\"widget\" data-widget_type=\"button.default\">\n\t\t\t\t<div class=\"elementor-widget-container\">\n\t\t\t\t\t\t\t\t\t<div class=\"elementor-button-wrapper\">\n\t\t\t\t\t<a class=\"elementor-button elementor-button-link elementor-size-lg\" href=\"#\">\n\t\t\t\t\t\t<span class=\"elementor-button-content-wrapper\">\n\t\t\t\t\t\t\t\t\t<span class=\"elementor-button-text\">Mehr Infos finden Sie hier<\/span>\n\t\t\t\t\t<\/span>\n\t\t\t\t\t<\/a>\n\t\t\t\t<\/div>\n\t\t\t\t\t\t\t\t<\/div>\n\t\t\t\t<\/div>\n\t\t\t\t<div class=\"elementor-element elementor-element-93513c7 elementor-widget elementor-widget-image\" data-id=\"93513c7\" data-element_type=\"widget\" data-widget_type=\"image.default\">\n\t\t\t\t<div class=\"elementor-widget-container\">\n\t\t\t\t\t\t\t\t\t\t\t\t\t\t\t<img fetchpriority=\"high\" decoding=\"async\" width=\"800\" height=\"389\" src=\"https:\/\/www.manheim-express.eu\/wp-content\/uploads\/2022\/11\/Manheim-Express-Estate-car.png\" class=\"attachment-large size-large wp-image-14639\" alt=\"\" srcset=\"https:\/\/www.manheim-express.eu\/wp-content\/uploads\/2022\/11\/Manheim-Express-Estate-car.png 1024w, https:\/\/www.manheim-express.eu\/wp-content\/uploads\/2022\/11\/Manheim-Express-Estate-car-300x146.png 300w, https:\/\/www.manheim-express.eu\/wp-content\/uploads\/2022\/11\/Manheim-Express-Estate-car-768x374.png 768w\" sizes=\"(max-width: 800px) 100vw, 800px\" \/>\t\t\t\t\t\t\t\t\t\t\t\t\t\t\t<\/div>\n\t\t\t\t<\/div>\n\t\t\t\t\t<\/div>\n\t\t<\/div>\n\t\t\t\t<div class=\"elementor-column elementor-col-50 elementor-top-column elementor-element elementor-element-213236b\" data-id=\"213236b\" data-element_type=\"column\" data-settings=\"{&quot;background_background&quot;:&quot;classic&quot;}\">\n\t\t\t<div class=\"elementor-widget-wrap elementor-element-populated\">\n\t\t\t\t\t\t<div class=\"elementor-element elementor-element-e9c050a elementor-widget elementor-widget-text-editor\" data-id=\"e9c050a\" data-element_type=\"widget\" data-widget_type=\"text-editor.default\">\n\t\t\t\t<div class=\"elementor-widget-container\">\n\t\t\t\t\t\t\t\t\t<h2 class=\"\">Welche M\u00f6glichkeiten der Auto Versteigerung in Hamburg gibt es?<\/h2>\t\t\t\t\t\t\t\t<\/div>\n\t\t\t\t<\/div>\n\t\t\t\t<div class=\"elementor-element elementor-element-8d896a4 elementor-widget elementor-widget-text-editor\" data-id=\"8d896a4\" data-element_type=\"widget\" data-widget_type=\"text-editor.default\">\n\t\t\t\t<div class=\"elementor-widget-container\">\n\t\t\t\t\t\t\t\t\t<p>Falls Sie in Hamburg und Umgebung pers\u00f6nlich vor Ort ein Fahrzeug ersteigern m\u00f6chten, bieten sich Ihnen im Stadtgebiet und der n\u00e4heren Umgebung von Hamburg eine Reihe von M\u00f6glichkeiten. Im Folgenden m\u00f6chten wir Ihnen einige M\u00f6glichkeiten vorstellen, an einer\u00a0<strong>Auto Versteigerung in Hamburg<\/strong>\u00a0teilzunehmen. Der europaweit bekannte Gebrauchtwagenvermarkter Autobid bietet Interessenten die Gelegenheit, an Live-Versteigerungen im Auktionszentrum Hamburg teilzunehmen. Privatk\u00e4ufer sind hier allerdings nicht zugelassen: Ausschlie\u00dflich gewerbliche KFZ-H\u00e4ndler haben die M\u00f6glichkeit, die Fahrzeuge zwei Stunden vor der Versteigerung im Auktionszentrum in Hamburg zu begutachten und darauf folgend zu ersteigern. Die\u00a0<strong>Auto Versteigerungen vor Ort in Hamburg\u00a0<\/strong>stellen eine Erg\u00e4nzung zum Online-Angebot von Autobid dar und finden in unregelm\u00e4\u00dfigen Abst\u00e4nden statt. In Form der Netlive-Auktion kombiniert Autobid Online- und Live-Auktionen miteinander. Das Auktionshaus Walter H.F. Meyer GmbH bietet Auto Versteigerungen in Bad Oldesloe, in der N\u00e4he von Hamburg, an. Auch hier k\u00f6nnen die Fahrzeuge zwei Stunden vor der Versteigerung begutachtet werden. Eine Beschr\u00e4nkung auf gewerblichen Bieter findet nicht statt, die Auktionen sind f\u00fcr jedermann offen. Die Staatsanwaltschaft Hamburg f\u00fchrt im Rahmen der Zoll-Auktion \u00f6ffentliche Versteigerungen von Fahrzeugen durch. Gebote k\u00f6nnen ausschlie\u00dflich online abgegeben werden, Fahrzeuge k\u00f6nnen jedoch an den jeweiligen Standorten, darunter auch Hamburg, besichtigt werden. Ansonsten gelten hier die gleichen Regelungen wie in der bundesweit angebotenen Zoll-Auktion des Bundesministeriums f\u00fcr Finanzen. Die Polizei Hamburg bietet ebenfalls Auto Versteigerungen auf ihrem Betriebsgel\u00e4nde an. Auch hier sind Besichtigungen vor Beginn der Auto Versteigerung m\u00f6glich, Dienstfahrzeuge der Polizei werden in diesem Zusammenhang allerdings nicht versteigert.<\/p>\t\t\t\t\t\t\t\t<\/div>\n\t\t\t\t<\/div>\n\t\t\t\t<div class=\"elementor-element elementor-element-b3d2cf9 elementor-widget elementor-widget-text-editor\" data-id=\"b3d2cf9\" data-element_type=\"widget\" data-widget_type=\"text-editor.default\">\n\t\t\t\t<div class=\"elementor-widget-container\">\n\t\t\t\t\t\t\t\t\t<h2 class=\"text-center\">Auto Versteigerungen in Hamburg \u2013 was ist zu beachten?<\/h2>\t\t\t\t\t\t\t\t<\/div>\n\t\t\t\t<\/div>\n\t\t\t\t<div class=\"elementor-element elementor-element-76f2c0f elementor-widget elementor-widget-text-editor\" data-id=\"76f2c0f\" data-element_type=\"widget\" data-widget_type=\"text-editor.default\">\n\t\t\t\t<div class=\"elementor-widget-container\">\n\t\t\t\t\t\t\t\t\t<p class=\"text-justify\">Wie l\u00e4sst sich die Situation f\u00fcr Kunden, die eine\u00a0<strong>Auto Versteigerung vor Ort in Hamburg<\/strong>\u00a0besuchen m\u00f6chten, zusammenfassen? Hamburg bietet, durch seine relativ hohe Einwohnerzahl und die Vielzahl an Gewerbetreibenden im Stadtgebiet, die M\u00f6glichkeit einer Auto Versteigerung live beizuwohnen. Die Gro\u00dfstadt Hamburg, mit \u00fcber 1,7 Millionen Einwohnern, verf\u00fcgt \u00fcber zahlreicher Auto- und Auktionsh\u00e4user. Darunter befinden sich auch H\u00e4ndler und Beh\u00f6rden, die Versteigerungen vor Ort durchf\u00fchren oder eine Besichtigung der Fahrzeuge vor der Versteigerung erm\u00f6glichen. Interessenten, die Wert darauf legen, Fahrzeuge vor dem Kauf pers\u00f6nlich in Augenschein zu nehmen, k\u00f6nnen entsprechende Angebote in Hamburg nutzen. Im Vergleich zum Online-Angebot der Auktionsh\u00e4user ist die Auswahl an Fahrzeugen jedoch naturgem\u00e4\u00df begrenzt. Interessenten sollten sich vor der Teilnahme an einer\u00a0<strong>Auto Versteigerung in Hamburg<\/strong>\u00a0genau \u00fcber die jeweiligen Ersteigerungsbedingungen und Termine der Auktionen informieren. H\u00e4ndler, die mit geringem Zeitaufwand ein bestimmtes Fahrzeug suchen, sind mitunter in Online-Auktionen f\u00fcr den gewerblichen Handel besser aufgehoben. Die vielf\u00e4ltigen M\u00f6glichkeiten, die der Verkauf und Zukauf von Fahrzeugen im Internet bietet, haben dazu gef\u00fchrt, dass in diesem Fall der Online-Auktion immer h\u00e4ufiger der Vorzug gegeben wird.<\/p>\t\t\t\t\t\t\t\t<\/div>\n\t\t\t\t<\/div>\n\t\t\t\t\t<\/div>\n\t\t<\/div>\n\t\t\t\t\t<\/div>\n\t\t<\/section>\n\t\t\t\t<\/div>\n\t\t","protected":false},"excerpt":{"rendered":"<p>Sie interessieren sich f\u00fcr Auto Versteigerungen in Hamburg? pkwNOW gibt Ihnen Tipps f\u00fcr einen erfolgreichen Autokauf in der Hansestadt Auto Versteigerungen liegen im Trend. W\u00e4hrend immer mehr H\u00e4ndler und Privatk\u00e4ufer sich ganz auf Online-Auktionen konzentrieren und die M\u00f6glichkeit, mit wenigen Klicks zum gesuchten Fahrzeug zu kommen, nutzen, ist f\u00fcr andere Interessenten die Versteigerung vor Ort [&hellip;]<\/p>\n","protected":false},"author":12,"featured_media":0,"parent":11571,"menu_order":0,"comment_status":"closed","ping_status":"closed","template":"","meta":{"_acf_changed":false,"footnotes":""},"wf_page_folders":[156],"class_list":["post-16356","page","type-page","status-publish","hentry"],"acf":[],"yoast_head":"<!-- This site is optimized with the Yoast SEO plugin v25.8 - https:\/\/yoast.com\/wordpress\/plugins\/seo\/ -->\n<title>Auto Versteigerung Hamburg - Manheim Express die neue Auktionsplattform f\u00fcr den KFZ Handel<\/title>\n<meta name=\"description\" content=\"Falls Sie in Hamburg und Umgebung pers\u00f6nlich vor Ort ein Fahrzeug ersteigern m\u00f6chten, bieten sich Ihnen im Stadtgebiet und der n\u00e4heren Umgebung von Hamburg eine Reihe von M\u00f6glichkeiten\" \/>\n<meta name=\"robots\" content=\"index, follow, max-snippet:-1, max-image-preview:large, max-video-preview:-1\" \/>\n<link rel=\"canonical\" href=\"https:\/\/www.manheim-express.eu\/de\/glossar\/auto-versteigerung-hamburg\/\" \/>\n<meta property=\"og:locale\" content=\"de_DE\" \/>\n<meta property=\"og:type\" content=\"article\" \/>\n<meta property=\"og:title\" content=\"Auto Versteigerung Hamburg - Manheim Express die neue Auktionsplattform f\u00fcr den KFZ Handel\" \/>\n<meta property=\"og:description\" content=\"Falls Sie in Hamburg und Umgebung pers\u00f6nlich vor Ort ein Fahrzeug ersteigern m\u00f6chten, bieten sich Ihnen im Stadtgebiet und der n\u00e4heren Umgebung von Hamburg eine Reihe von M\u00f6glichkeiten\" \/>\n<meta property=\"og:url\" content=\"https:\/\/www.manheim-express.eu\/de\/glossar\/auto-versteigerung-hamburg\/\" \/>\n<meta property=\"og:site_name\" content=\"Manheim Express\" \/>\n<meta property=\"article:publisher\" content=\"https:\/\/www.facebook.com\/manheimexpresseurope\/\" \/>\n<meta property=\"article:modified_time\" content=\"2024-01-15T15:49:00+00:00\" \/>\n<meta property=\"og:image\" content=\"https:\/\/www.manheim-express.eu\/wp-content\/uploads\/2022\/11\/Manheim-Express-Estate-car.png\" \/>\n<meta name=\"twitter:card\" content=\"summary_large_image\" \/>\n<meta name=\"twitter:label1\" content=\"Gesch\u00e4tzte Lesezeit\" \/>\n\t<meta name=\"twitter:data1\" content=\"3\u00a0Minuten\" \/>\n<script type=\"application\/ld+json\" class=\"yoast-schema-graph\">{\"@context\":\"https:\/\/schema.org\",\"@graph\":[{\"@type\":\"WebPage\",\"@id\":\"https:\/\/www.manheim-express.eu\/de\/glossar\/auto-versteigerung-hamburg\/\",\"url\":\"https:\/\/www.manheim-express.eu\/de\/glossar\/auto-versteigerung-hamburg\/\",\"name\":\"Auto Versteigerung Hamburg - Manheim Express die neue Auktionsplattform f\u00fcr den KFZ Handel\",\"isPartOf\":{\"@id\":\"https:\/\/www.manheim-express.eu\/de\/#website\"},\"primaryImageOfPage\":{\"@id\":\"https:\/\/www.manheim-express.eu\/de\/glossar\/auto-versteigerung-hamburg\/#primaryimage\"},\"image\":{\"@id\":\"https:\/\/www.manheim-express.eu\/de\/glossar\/auto-versteigerung-hamburg\/#primaryimage\"},\"thumbnailUrl\":\"https:\/\/www.manheim-express.eu\/wp-content\/uploads\/2022\/11\/Manheim-Express-Estate-car.png\",\"datePublished\":\"2024-01-15T15:48:59+00:00\",\"dateModified\":\"2024-01-15T15:49:00+00:00\",\"description\":\"Falls Sie in Hamburg und Umgebung pers\u00f6nlich vor Ort ein Fahrzeug ersteigern m\u00f6chten, bieten sich Ihnen im Stadtgebiet und der n\u00e4heren Umgebung von Hamburg eine Reihe von M\u00f6glichkeiten\",\"breadcrumb\":{\"@id\":\"https:\/\/www.manheim-express.eu\/de\/glossar\/auto-versteigerung-hamburg\/#breadcrumb\"},\"inLanguage\":\"de\",\"potentialAction\":[{\"@type\":\"ReadAction\",\"target\":[\"https:\/\/www.manheim-express.eu\/de\/glossar\/auto-versteigerung-hamburg\/\"]}]},{\"@type\":\"ImageObject\",\"inLanguage\":\"de\",\"@id\":\"https:\/\/www.manheim-express.eu\/de\/glossar\/auto-versteigerung-hamburg\/#primaryimage\",\"url\":\"https:\/\/www.manheim-express.eu\/wp-content\/uploads\/2022\/11\/Manheim-Express-Estate-car.png\",\"contentUrl\":\"https:\/\/www.manheim-express.eu\/wp-content\/uploads\/2022\/11\/Manheim-Express-Estate-car.png\"},{\"@type\":\"BreadcrumbList\",\"@id\":\"https:\/\/www.manheim-express.eu\/de\/glossar\/auto-versteigerung-hamburg\/#breadcrumb\",\"itemListElement\":[{\"@type\":\"ListItem\",\"position\":1,\"name\":\"Home\",\"item\":\"https:\/\/www.manheim-express.eu\/de\/\"},{\"@type\":\"ListItem\",\"position\":2,\"name\":\"Glossar\",\"item\":\"https:\/\/www.manheim-express.eu\/de\/glossar\/\"},{\"@type\":\"ListItem\",\"position\":3,\"name\":\"Auto Versteigerung Hamburg\"}]},{\"@type\":\"WebSite\",\"@id\":\"https:\/\/www.manheim-express.eu\/de\/#website\",\"url\":\"https:\/\/www.manheim-express.eu\/de\/\",\"name\":\"Manheim Express\",\"description\":\"\",\"publisher\":{\"@id\":\"https:\/\/www.manheim-express.eu\/de\/#organization\"},\"potentialAction\":[{\"@type\":\"SearchAction\",\"target\":{\"@type\":\"EntryPoint\",\"urlTemplate\":\"https:\/\/www.manheim-express.eu\/de\/?s={search_term_string}\"},\"query-input\":{\"@type\":\"PropertyValueSpecification\",\"valueRequired\":true,\"valueName\":\"search_term_string\"}}],\"inLanguage\":\"de\"},{\"@type\":\"Organization\",\"@id\":\"https:\/\/www.manheim-express.eu\/de\/#organization\",\"name\":\"Manheim Express\",\"url\":\"https:\/\/www.manheim-express.eu\/de\/\",\"logo\":{\"@type\":\"ImageObject\",\"inLanguage\":\"de\",\"@id\":\"https:\/\/www.manheim-express.eu\/de\/#\/schema\/logo\/image\/\",\"url\":\"https:\/\/www.manheim-express.eu\/wp-content\/uploads\/2021\/07\/manheim-express-logo-light.png\",\"contentUrl\":\"https:\/\/www.manheim-express.eu\/wp-content\/uploads\/2021\/07\/manheim-express-logo-light.png\",\"width\":1163,\"height\":392,\"caption\":\"Manheim Express\"},\"image\":{\"@id\":\"https:\/\/www.manheim-express.eu\/de\/#\/schema\/logo\/image\/\"},\"sameAs\":[\"https:\/\/www.facebook.com\/manheimexpresseurope\/\",\"https:\/\/www.instagram.com\/manheim.express\",\"https:\/\/www.linkedin.com\/company\/manheim-express\/\",\"https:\/\/www.youtube.com\/channel\/UCRKJajJPvJv-ao7Tk7qra5Q\/\"]}]}<\/script>\n<!-- \/ Yoast SEO plugin. -->","yoast_head_json":{"title":"Auto Versteigerung Hamburg - Manheim Express die neue Auktionsplattform f\u00fcr den KFZ Handel","description":"Falls Sie in Hamburg und Umgebung pers\u00f6nlich vor Ort ein Fahrzeug ersteigern m\u00f6chten, bieten sich Ihnen im Stadtgebiet und der n\u00e4heren Umgebung von Hamburg eine Reihe von M\u00f6glichkeiten","robots":{"index":"index","follow":"follow","max-snippet":"max-snippet:-1","max-image-preview":"max-image-preview:large","max-video-preview":"max-video-preview:-1"},"canonical":"https:\/\/www.manheim-express.eu\/de\/glossar\/auto-versteigerung-hamburg\/","og_locale":"de_DE","og_type":"article","og_title":"Auto Versteigerung Hamburg - Manheim Express die neue Auktionsplattform f\u00fcr den KFZ Handel","og_description":"Falls Sie in Hamburg und Umgebung pers\u00f6nlich vor Ort ein Fahrzeug ersteigern m\u00f6chten, bieten sich Ihnen im Stadtgebiet und der n\u00e4heren Umgebung von Hamburg eine Reihe von M\u00f6glichkeiten","og_url":"https:\/\/www.manheim-express.eu\/de\/glossar\/auto-versteigerung-hamburg\/","og_site_name":"Manheim Express","article_publisher":"https:\/\/www.facebook.com\/manheimexpresseurope\/","article_modified_time":"2024-01-15T15:49:00+00:00","og_image":[{"url":"https:\/\/www.manheim-express.eu\/wp-content\/uploads\/2022\/11\/Manheim-Express-Estate-car.png","type":"","width":"","height":""}],"twitter_card":"summary_large_image","twitter_misc":{"Gesch\u00e4tzte Lesezeit":"3\u00a0Minuten"},"schema":{"@context":"https:\/\/schema.org","@graph":[{"@type":"WebPage","@id":"https:\/\/www.manheim-express.eu\/de\/glossar\/auto-versteigerung-hamburg\/","url":"https:\/\/www.manheim-express.eu\/de\/glossar\/auto-versteigerung-hamburg\/","name":"Auto Versteigerung Hamburg - Manheim Express die neue Auktionsplattform f\u00fcr den KFZ Handel","isPartOf":{"@id":"https:\/\/www.manheim-express.eu\/de\/#website"},"primaryImageOfPage":{"@id":"https:\/\/www.manheim-express.eu\/de\/glossar\/auto-versteigerung-hamburg\/#primaryimage"},"image":{"@id":"https:\/\/www.manheim-express.eu\/de\/glossar\/auto-versteigerung-hamburg\/#primaryimage"},"thumbnailUrl":"https:\/\/www.manheim-express.eu\/wp-content\/uploads\/2022\/11\/Manheim-Express-Estate-car.png","datePublished":"2024-01-15T15:48:59+00:00","dateModified":"2024-01-15T15:49:00+00:00","description":"Falls Sie in Hamburg und Umgebung pers\u00f6nlich vor Ort ein Fahrzeug ersteigern m\u00f6chten, bieten sich Ihnen im Stadtgebiet und der n\u00e4heren Umgebung von Hamburg eine Reihe von M\u00f6glichkeiten","breadcrumb":{"@id":"https:\/\/www.manheim-express.eu\/de\/glossar\/auto-versteigerung-hamburg\/#breadcrumb"},"inLanguage":"de","potentialAction":[{"@type":"ReadAction","target":["https:\/\/www.manheim-express.eu\/de\/glossar\/auto-versteigerung-hamburg\/"]}]},{"@type":"ImageObject","inLanguage":"de","@id":"https:\/\/www.manheim-express.eu\/de\/glossar\/auto-versteigerung-hamburg\/#primaryimage","url":"https:\/\/www.manheim-express.eu\/wp-content\/uploads\/2022\/11\/Manheim-Express-Estate-car.png","contentUrl":"https:\/\/www.manheim-express.eu\/wp-content\/uploads\/2022\/11\/Manheim-Express-Estate-car.png"},{"@type":"BreadcrumbList","@id":"https:\/\/www.manheim-express.eu\/de\/glossar\/auto-versteigerung-hamburg\/#breadcrumb","itemListElement":[{"@type":"ListItem","position":1,"name":"Home","item":"https:\/\/www.manheim-express.eu\/de\/"},{"@type":"ListItem","position":2,"name":"Glossar","item":"https:\/\/www.manheim-express.eu\/de\/glossar\/"},{"@type":"ListItem","position":3,"name":"Auto Versteigerung Hamburg"}]},{"@type":"WebSite","@id":"https:\/\/www.manheim-express.eu\/de\/#website","url":"https:\/\/www.manheim-express.eu\/de\/","name":"Manheim Express","description":"","publisher":{"@id":"https:\/\/www.manheim-express.eu\/de\/#organization"},"potentialAction":[{"@type":"SearchAction","target":{"@type":"EntryPoint","urlTemplate":"https:\/\/www.manheim-express.eu\/de\/?s={search_term_string}"},"query-input":{"@type":"PropertyValueSpecification","valueRequired":true,"valueName":"search_term_string"}}],"inLanguage":"de"},{"@type":"Organization","@id":"https:\/\/www.manheim-express.eu\/de\/#organization","name":"Manheim Express","url":"https:\/\/www.manheim-express.eu\/de\/","logo":{"@type":"ImageObject","inLanguage":"de","@id":"https:\/\/www.manheim-express.eu\/de\/#\/schema\/logo\/image\/","url":"https:\/\/www.manheim-express.eu\/wp-content\/uploads\/2021\/07\/manheim-express-logo-light.png","contentUrl":"https:\/\/www.manheim-express.eu\/wp-content\/uploads\/2021\/07\/manheim-express-logo-light.png","width":1163,"height":392,"caption":"Manheim Express"},"image":{"@id":"https:\/\/www.manheim-express.eu\/de\/#\/schema\/logo\/image\/"},"sameAs":["https:\/\/www.facebook.com\/manheimexpresseurope\/","https:\/\/www.instagram.com\/manheim.express","https:\/\/www.linkedin.com\/company\/manheim-express\/","https:\/\/www.youtube.com\/channel\/UCRKJajJPvJv-ao7Tk7qra5Q\/"]}]}},"_links":{"self":[{"href":"https:\/\/www.manheim-express.eu\/de\/wp-json\/wp\/v2\/pages\/16356","targetHints":{"allow":["GET"]}}],"collection":[{"href":"https:\/\/www.manheim-express.eu\/de\/wp-json\/wp\/v2\/pages"}],"about":[{"href":"https:\/\/www.manheim-express.eu\/de\/wp-json\/wp\/v2\/types\/page"}],"author":[{"embeddable":true,"href":"https:\/\/www.manheim-express.eu\/de\/wp-json\/wp\/v2\/users\/12"}],"replies":[{"embeddable":true,"href":"https:\/\/www.manheim-express.eu\/de\/wp-json\/wp\/v2\/comments?post=16356"}],"version-history":[{"count":7,"href":"https:\/\/www.manheim-express.eu\/de\/wp-json\/wp\/v2\/pages\/16356\/revisions"}],"predecessor-version":[{"id":16363,"href":"https:\/\/www.manheim-express.eu\/de\/wp-json\/wp\/v2\/pages\/16356\/revisions\/16363"}],"up":[{"embeddable":true,"href":"https:\/\/www.manheim-express.eu\/de\/wp-json\/wp\/v2\/pages\/11571"}],"wp:attachment":[{"href":"https:\/\/www.manheim-express.eu\/de\/wp-json\/wp\/v2\/media?parent=16356"}],"wp:term":[{"taxonomy":"wf_page_folders","embeddable":true,"href":"https:\/\/www.manheim-express.eu\/de\/wp-json\/wp\/v2\/wf_page_folders?post=16356"}],"curies":[{"name":"wp","href":"https:\/\/api.w.org\/{rel}","templated":true}]}}