{"id":16343,"date":"2024-01-15T15:44:45","date_gmt":"2024-01-15T15:44:45","guid":{"rendered":"https:\/\/www.manheim-express.eu\/?page_id=16343"},"modified":"2024-01-15T15:44:46","modified_gmt":"2024-01-15T15:44:46","slug":"gebrauchte-nutzfahrzeuge","status":"publish","type":"page","link":"https:\/\/www.manheim-express.eu\/de\/glossar\/gebrauchte-nutzfahrzeuge\/","title":{"rendered":"Gebrauchte Nutzfahrzeuge"},"content":{"rendered":"\t\t<div data-elementor-type=\"wp-page\" data-elementor-id=\"16343\" class=\"elementor elementor-16343\" data-elementor-post-type=\"page\">\n\t\t\t\t\t\t<section class=\"elementor-section elementor-top-section elementor-element elementor-element-5ad223c elementor-section-full_width elementor-section-stretched elementor-section-height-default elementor-section-height-default\" data-id=\"5ad223c\" data-element_type=\"section\" data-settings=\"{&quot;stretch_section&quot;:&quot;section-stretched&quot;}\">\n\t\t\t\t\t\t<div class=\"elementor-container elementor-column-gap-default\">\n\t\t\t\t\t<div class=\"elementor-column elementor-col-50 elementor-top-column elementor-element elementor-element-d3b519c\" data-id=\"d3b519c\" data-element_type=\"column\" data-settings=\"{&quot;background_background&quot;:&quot;classic&quot;}\">\n\t\t\t<div class=\"elementor-widget-wrap elementor-element-populated\">\n\t\t\t\t\t\t<div class=\"elementor-element elementor-element-036dc3a elementor-widget elementor-widget-text-editor\" data-id=\"036dc3a\" data-element_type=\"widget\" data-widget_type=\"text-editor.default\">\n\t\t\t\t<div class=\"elementor-widget-container\">\n\t\t\t\t\t\t\t\t\t<h2>Sie interessieren sich f\u00fcr gebrauchte Nutzfahrzeuge?<\/h2>\t\t\t\t\t\t\t\t<\/div>\n\t\t\t\t<\/div>\n\t\t\t\t<div class=\"elementor-element elementor-element-21c3353 elementor-widget elementor-widget-text-editor\" data-id=\"21c3353\" data-element_type=\"widget\" data-widget_type=\"text-editor.default\">\n\t\t\t\t<div class=\"elementor-widget-container\">\n\t\t\t\t\t\t\t\t\t<h3 class=\"\">Nutzen Sie die B2B-Plattform Manheim Express f\u00fcr Ihr Fuhrparkmanagement!<\/h3>\t\t\t\t\t\t\t\t<\/div>\n\t\t\t\t<\/div>\n\t\t\t\t<div class=\"elementor-element elementor-element-c37119d elementor-widget elementor-widget-text-editor\" data-id=\"c37119d\" data-element_type=\"widget\" data-widget_type=\"text-editor.default\">\n\t\t\t\t<div class=\"elementor-widget-container\">\n\t\t\t\t\t\t\t\t\t<p>Gebrauchte Nutzfahrzeuge sind in vielen Branchen unverzichtbar, da sich mit ihnen die Anschaffungskosten f\u00fcr den eigenen Fuhrpark deutlich senken lassen. Viele Unternehmer sind jedoch \u00fcberfordert, wenn es darum geht, Marktpreise zu bewerten oder den eigenen Fuhrpark m\u00f6glichst effizient zu vermarkten. Hier kann die Plattform\u00a0<span style=\"font-weight: bolder;\">Manheim Express<\/span>\u00a0Gewerbetreibenden eine erhebliche Erleichterung verschaffen. Durch die schnelle und einfache Einstellung der Nutzfahrzeuge in das H\u00e4ndlernetzwerk profitiert der Unternehmer von der professionellen Ausrichtung auf den B2B-Sektor und vom breiten Service-Angebot des Unternehmens. Der Einkauf und die Vermarktung gebrauchter Nutzfahrzeuge werden damit deutlich erleichtert.<\/p>\t\t\t\t\t\t\t\t<\/div>\n\t\t\t\t<\/div>\n\t\t\t\t<div class=\"elementor-element elementor-element-76774e4 elementor-widget elementor-widget-button\" data-id=\"76774e4\" data-element_type=\"widget\" data-widget_type=\"button.default\">\n\t\t\t\t<div class=\"elementor-widget-container\">\n\t\t\t\t\t\t\t\t\t<div class=\"elementor-button-wrapper\">\n\t\t\t\t\t<a class=\"elementor-button elementor-button-link elementor-size-lg\" href=\"#\">\n\t\t\t\t\t\t<span class=\"elementor-button-content-wrapper\">\n\t\t\t\t\t\t\t\t\t<span class=\"elementor-button-text\">Mehr Infos finden Sie hier<\/span>\n\t\t\t\t\t<\/span>\n\t\t\t\t\t<\/a>\n\t\t\t\t<\/div>\n\t\t\t\t\t\t\t\t<\/div>\n\t\t\t\t<\/div>\n\t\t\t\t<div class=\"elementor-element elementor-element-93513c7 elementor-widget elementor-widget-image\" data-id=\"93513c7\" data-element_type=\"widget\" data-widget_type=\"image.default\">\n\t\t\t\t<div class=\"elementor-widget-container\">\n\t\t\t\t\t\t\t\t\t\t\t\t\t\t\t<img fetchpriority=\"high\" decoding=\"async\" width=\"800\" height=\"389\" src=\"https:\/\/www.manheim-express.eu\/wp-content\/uploads\/2022\/11\/Manheim-Express-Estate-car.png\" class=\"attachment-large size-large wp-image-14639\" alt=\"\" srcset=\"https:\/\/www.manheim-express.eu\/wp-content\/uploads\/2022\/11\/Manheim-Express-Estate-car.png 1024w, https:\/\/www.manheim-express.eu\/wp-content\/uploads\/2022\/11\/Manheim-Express-Estate-car-300x146.png 300w, https:\/\/www.manheim-express.eu\/wp-content\/uploads\/2022\/11\/Manheim-Express-Estate-car-768x374.png 768w\" sizes=\"(max-width: 800px) 100vw, 800px\" \/>\t\t\t\t\t\t\t\t\t\t\t\t\t\t\t<\/div>\n\t\t\t\t<\/div>\n\t\t\t\t\t<\/div>\n\t\t<\/div>\n\t\t\t\t<div class=\"elementor-column elementor-col-50 elementor-top-column elementor-element elementor-element-213236b\" data-id=\"213236b\" data-element_type=\"column\" data-settings=\"{&quot;background_background&quot;:&quot;classic&quot;}\">\n\t\t\t<div class=\"elementor-widget-wrap elementor-element-populated\">\n\t\t\t\t\t\t<div class=\"elementor-element elementor-element-e9c050a elementor-widget elementor-widget-text-editor\" data-id=\"e9c050a\" data-element_type=\"widget\" data-widget_type=\"text-editor.default\">\n\t\t\t\t<div class=\"elementor-widget-container\">\n\t\t\t\t\t\t\t\t\t<h2 class=\"\">Gebrauchte Nutzfahrzeuge \u2014 ein \u00dcberblick \u00fcber die Marktsituation<\/h2>\t\t\t\t\t\t\t\t<\/div>\n\t\t\t\t<\/div>\n\t\t\t\t<div class=\"elementor-element elementor-element-8d896a4 elementor-widget elementor-widget-text-editor\" data-id=\"8d896a4\" data-element_type=\"widget\" data-widget_type=\"text-editor.default\">\n\t\t\t\t<div class=\"elementor-widget-container\">\n\t\t\t\t\t\t\t\t\t<p>Nutzfahrzeuge gibt es schon, seit es Fahrzeuge gibt \u2013 lange bevor motorisierte Pkw entwickelt worden sind, waren Nutzfahrzeuge weit verbreitet. Es ist davon auszugehen, dass die gesamte Entwicklung des Transport- und Verkehrswesens auf der Erfindung, Nutzung und Weiterentwicklung von Nutzfahrzeugen beruht. Die weltweite Motorisierung hat schlie\u00dflich dazu gef\u00fchrt, dass Nutzfahrzeuge global und f\u00fcr die unterschiedlichsten Aufgaben verwendet werden und zum allt\u00e4glichen Stra\u00dfenbild geh\u00f6ren. Private Fahrzeug-Nutzer, die ihren Pkw insbesondere f\u00fcr Fahrten zur Arbeit, zum Einkaufen und in der Freizeit verwenden, sind dennoch oft \u00fcberrascht, wie gro\u00df der Markt f\u00fcr gebrauchte Nutzfahrzeuge ist. Doch tats\u00e4chlich existiert \u2013 neben dem riesigen Markt f\u00fcr gebrauchte Pkw \u2013 auch ein ausgesprochen breiter Markt f\u00fcr Nutzfahrzeuge. Dass der Nutzfahrzeug-Markt deutlich weniger in der \u00f6ffentlichen Wahrnehmung steht, zeigt sich schon darin, dass \u2013 im Gegensatz zu der fast jedem gel\u00e4ufigen Abk\u00fcrzung Pkw \u2013 die Kurzformen Nkw (Nutzkraftwagen) und Nfz (Nutzfahrzeug) deutlich weniger bekannt sind. Um welch enormen Markt es sich dennoch handelt, l\u00e4sst sich schnell an einem Blick in die Neuzulassungen von Nutzfahrzeugen ablesen. So wurden in Deutschland im Jahr 2017 alleine in der Kategorie leichter Nutzfahrzeuge bis 3,5 Tonnen 270 000 Fahrzeuge neu zugelassen. Hinzu kommen nochmals 72 000 Neuzulassungen in der Gewichtsklasse \u00fcber 16 Tonnen. Am 1. Januar waren in Deutschland rund 3,1 Millionen Lkw zugelassen. Bereits anhand dieser Zahlen l\u00e4sst sich leicht ablesen, wie hoch das Marktvolumen f\u00fcr gebrauchte Nutzfahrzeuge alleine in Deutschland ist.<\/p>\t\t\t\t\t\t\t\t<\/div>\n\t\t\t\t<\/div>\n\t\t\t\t<div class=\"elementor-element elementor-element-b3d2cf9 elementor-widget elementor-widget-text-editor\" data-id=\"b3d2cf9\" data-element_type=\"widget\" data-widget_type=\"text-editor.default\">\n\t\t\t\t<div class=\"elementor-widget-container\">\n\t\t\t\t\t\t\t\t\t<h2 class=\"text-center\">Einige Tipps zum Handel mit Nutzfahrzeugen<\/h2>\t\t\t\t\t\t\t\t<\/div>\n\t\t\t\t<\/div>\n\t\t\t\t<div class=\"elementor-element elementor-element-76f2c0f elementor-widget elementor-widget-text-editor\" data-id=\"76f2c0f\" data-element_type=\"widget\" data-widget_type=\"text-editor.default\">\n\t\t\t\t<div class=\"elementor-widget-container\">\n\t\t\t\t\t\t\t\t\t<p class=\"text-justify\">Angesichts des vielf\u00e4ltigen Einsatzes von Nutzfahrzeugen ergibt sich zwangsl\u00e4ufig ein ebenfalls ausgesprochen breit gef\u00e4cherter und kapitalstarker Markt f\u00fcr gebrauchte Nutzfahrzeuge. Denn, wie beim Handel mit gebrauchten Pkw, stellt der Ankauf eines gebrauchten Nutzfahrzeuges f\u00fcr Unternehmen mitunter eine sehr interessante M\u00f6glichkeit dar, Kosten einzusparen. Zus\u00e4tzlich stellt sich f\u00fcr Unternehmer immer wieder die Aufgabe, Nutzfahrzeuge, die im eigenen Betrieb nicht mehr ben\u00f6tigt werden, zu Kapital zu machen. Bei der Anschaffung und dem Verkauf gebrauchter Nutzfahrzeuge stehen allerdings viele Unternehmen vor \u00e4hnlichen Fragen, wie private K\u00e4ufer und Verk\u00e4ufer: Welcher Preis ist f\u00fcr ein bestimmtes Nutzfahrzeug angemessen? Wurde der Zustand richtig bewertet? Ist mein Geld in diesem Nutzfahrzeug gut angelegt? W\u00e4hrend gro\u00dfe Unternehmen oft eigene Fachkr\u00e4fte besch\u00e4ftigen, die mit dem Einkauf und der Vermarktung der Nutzfahrzeug-Flotte betraut werden, liegt es bei kleinen und mittelst\u00e4ndischen Unternehmen meist in der Hand des Eigent\u00fcmers, den Kauf und Verkauf der Nutzfahrzeuge zu organisieren \u2013 oft ein zeitaufwendiges und m\u00fchsames Gesch\u00e4ft, da der Unternehmer kein Fachmann f\u00fcr gebrauchte Nutzfahrzeuge ist. Hier kann die Nutzung der Plattform&nbsp;<span style=\"font-weight: bolder;\">Manheim Express<\/span>&nbsp;erhebliche Erleichterungen und finanzielle Vorteile bringen. Das breite H\u00e4ndlernetzwerk und das umfangreiche Serviceangebot eignen sich ausgezeichnet f\u00fcr den komfortablen Einkauf und die Vermarktung von Nutzfahrzeugen \u2013 seien es ganze Flotten oder einzelne Fahrzeuge. So haben auch Unternehmer, die mit dem Nutzfahrzeuge-Markt wenig Erfahrung haben, die M\u00f6glichkeit, Fahrzeuge einfach und schnell einzukaufen oder zu vermarkten.<\/p>\t\t\t\t\t\t\t\t<\/div>\n\t\t\t\t<\/div>\n\t\t\t\t\t<\/div>\n\t\t<\/div>\n\t\t\t\t\t<\/div>\n\t\t<\/section>\n\t\t\t\t<\/div>\n\t\t","protected":false},"excerpt":{"rendered":"<p>Sie interessieren sich f\u00fcr gebrauchte Nutzfahrzeuge? Nutzen Sie die B2B-Plattform Manheim Express f\u00fcr Ihr Fuhrparkmanagement! Gebrauchte Nutzfahrzeuge sind in vielen Branchen unverzichtbar, da sich mit ihnen die Anschaffungskosten f\u00fcr den eigenen Fuhrpark deutlich senken lassen. Viele Unternehmer sind jedoch \u00fcberfordert, wenn es darum geht, Marktpreise zu bewerten oder den eigenen Fuhrpark m\u00f6glichst effizient zu vermarkten. [&hellip;]<\/p>\n","protected":false},"author":12,"featured_media":0,"parent":11571,"menu_order":0,"comment_status":"closed","ping_status":"closed","template":"","meta":{"_acf_changed":false,"footnotes":""},"wf_page_folders":[156],"class_list":["post-16343","page","type-page","status-publish","hentry"],"acf":[],"yoast_head":"<!-- This site is optimized with the Yoast SEO plugin v25.8 - https:\/\/yoast.com\/wordpress\/plugins\/seo\/ -->\n<title>Gebrauchte Nutzfahrzeuge - Manheim Express die neue Auktionsplattform f\u00fcr den KFZ Handel<\/title>\n<meta name=\"description\" content=\"Gebrauchte Nutzfahrzeuge sind in vielen Branchen unverzichtbar, da sich mit ihnen die Anschaffungskosten f\u00fcr den eigenen Fuhrpark deutlich senken lassen.\" \/>\n<meta name=\"robots\" content=\"index, follow, max-snippet:-1, max-image-preview:large, max-video-preview:-1\" \/>\n<link rel=\"canonical\" href=\"https:\/\/www.manheim-express.eu\/de\/glossar\/gebrauchte-nutzfahrzeuge\/\" \/>\n<meta property=\"og:locale\" content=\"de_DE\" \/>\n<meta property=\"og:type\" content=\"article\" \/>\n<meta property=\"og:title\" content=\"Gebrauchte Nutzfahrzeuge - Manheim Express die neue Auktionsplattform f\u00fcr den KFZ Handel\" \/>\n<meta property=\"og:description\" content=\"Gebrauchte Nutzfahrzeuge sind in vielen Branchen unverzichtbar, da sich mit ihnen die Anschaffungskosten f\u00fcr den eigenen Fuhrpark deutlich senken lassen.\" \/>\n<meta property=\"og:url\" content=\"https:\/\/www.manheim-express.eu\/de\/glossar\/gebrauchte-nutzfahrzeuge\/\" \/>\n<meta property=\"og:site_name\" content=\"Manheim Express\" \/>\n<meta property=\"article:publisher\" content=\"https:\/\/www.facebook.com\/manheimexpresseurope\/\" \/>\n<meta property=\"article:modified_time\" content=\"2024-01-15T15:44:46+00:00\" \/>\n<meta property=\"og:image\" content=\"https:\/\/www.manheim-express.eu\/wp-content\/uploads\/2022\/11\/Manheim-Express-Estate-car.png\" \/>\n<meta name=\"twitter:card\" content=\"summary_large_image\" \/>\n<meta name=\"twitter:label1\" content=\"Gesch\u00e4tzte Lesezeit\" \/>\n\t<meta name=\"twitter:data1\" content=\"3\u00a0Minuten\" \/>\n<script type=\"application\/ld+json\" class=\"yoast-schema-graph\">{\"@context\":\"https:\/\/schema.org\",\"@graph\":[{\"@type\":\"WebPage\",\"@id\":\"https:\/\/www.manheim-express.eu\/de\/glossar\/gebrauchte-nutzfahrzeuge\/\",\"url\":\"https:\/\/www.manheim-express.eu\/de\/glossar\/gebrauchte-nutzfahrzeuge\/\",\"name\":\"Gebrauchte Nutzfahrzeuge - Manheim Express die neue Auktionsplattform f\u00fcr den KFZ Handel\",\"isPartOf\":{\"@id\":\"https:\/\/www.manheim-express.eu\/de\/#website\"},\"primaryImageOfPage\":{\"@id\":\"https:\/\/www.manheim-express.eu\/de\/glossar\/gebrauchte-nutzfahrzeuge\/#primaryimage\"},\"image\":{\"@id\":\"https:\/\/www.manheim-express.eu\/de\/glossar\/gebrauchte-nutzfahrzeuge\/#primaryimage\"},\"thumbnailUrl\":\"https:\/\/www.manheim-express.eu\/wp-content\/uploads\/2022\/11\/Manheim-Express-Estate-car.png\",\"datePublished\":\"2024-01-15T15:44:45+00:00\",\"dateModified\":\"2024-01-15T15:44:46+00:00\",\"description\":\"Gebrauchte Nutzfahrzeuge sind in vielen Branchen unverzichtbar, da sich mit ihnen die Anschaffungskosten f\u00fcr den eigenen Fuhrpark deutlich senken lassen.\",\"breadcrumb\":{\"@id\":\"https:\/\/www.manheim-express.eu\/de\/glossar\/gebrauchte-nutzfahrzeuge\/#breadcrumb\"},\"inLanguage\":\"de\",\"potentialAction\":[{\"@type\":\"ReadAction\",\"target\":[\"https:\/\/www.manheim-express.eu\/de\/glossar\/gebrauchte-nutzfahrzeuge\/\"]}]},{\"@type\":\"ImageObject\",\"inLanguage\":\"de\",\"@id\":\"https:\/\/www.manheim-express.eu\/de\/glossar\/gebrauchte-nutzfahrzeuge\/#primaryimage\",\"url\":\"https:\/\/www.manheim-express.eu\/wp-content\/uploads\/2022\/11\/Manheim-Express-Estate-car.png\",\"contentUrl\":\"https:\/\/www.manheim-express.eu\/wp-content\/uploads\/2022\/11\/Manheim-Express-Estate-car.png\"},{\"@type\":\"BreadcrumbList\",\"@id\":\"https:\/\/www.manheim-express.eu\/de\/glossar\/gebrauchte-nutzfahrzeuge\/#breadcrumb\",\"itemListElement\":[{\"@type\":\"ListItem\",\"position\":1,\"name\":\"Home\",\"item\":\"https:\/\/www.manheim-express.eu\/de\/\"},{\"@type\":\"ListItem\",\"position\":2,\"name\":\"Glossar\",\"item\":\"https:\/\/www.manheim-express.eu\/de\/glossar\/\"},{\"@type\":\"ListItem\",\"position\":3,\"name\":\"Gebrauchte Nutzfahrzeuge\"}]},{\"@type\":\"WebSite\",\"@id\":\"https:\/\/www.manheim-express.eu\/de\/#website\",\"url\":\"https:\/\/www.manheim-express.eu\/de\/\",\"name\":\"Manheim Express\",\"description\":\"\",\"publisher\":{\"@id\":\"https:\/\/www.manheim-express.eu\/de\/#organization\"},\"potentialAction\":[{\"@type\":\"SearchAction\",\"target\":{\"@type\":\"EntryPoint\",\"urlTemplate\":\"https:\/\/www.manheim-express.eu\/de\/?s={search_term_string}\"},\"query-input\":{\"@type\":\"PropertyValueSpecification\",\"valueRequired\":true,\"valueName\":\"search_term_string\"}}],\"inLanguage\":\"de\"},{\"@type\":\"Organization\",\"@id\":\"https:\/\/www.manheim-express.eu\/de\/#organization\",\"name\":\"Manheim Express\",\"url\":\"https:\/\/www.manheim-express.eu\/de\/\",\"logo\":{\"@type\":\"ImageObject\",\"inLanguage\":\"de\",\"@id\":\"https:\/\/www.manheim-express.eu\/de\/#\/schema\/logo\/image\/\",\"url\":\"https:\/\/www.manheim-express.eu\/wp-content\/uploads\/2021\/07\/manheim-express-logo-light.png\",\"contentUrl\":\"https:\/\/www.manheim-express.eu\/wp-content\/uploads\/2021\/07\/manheim-express-logo-light.png\",\"width\":1163,\"height\":392,\"caption\":\"Manheim Express\"},\"image\":{\"@id\":\"https:\/\/www.manheim-express.eu\/de\/#\/schema\/logo\/image\/\"},\"sameAs\":[\"https:\/\/www.facebook.com\/manheimexpresseurope\/\",\"https:\/\/www.instagram.com\/manheim.express\",\"https:\/\/www.linkedin.com\/company\/manheim-express\/\",\"https:\/\/www.youtube.com\/channel\/UCRKJajJPvJv-ao7Tk7qra5Q\/\"]}]}<\/script>\n<!-- \/ Yoast SEO plugin. -->","yoast_head_json":{"title":"Gebrauchte Nutzfahrzeuge - Manheim Express die neue Auktionsplattform f\u00fcr den KFZ Handel","description":"Gebrauchte Nutzfahrzeuge sind in vielen Branchen unverzichtbar, da sich mit ihnen die Anschaffungskosten f\u00fcr den eigenen Fuhrpark deutlich senken lassen.","robots":{"index":"index","follow":"follow","max-snippet":"max-snippet:-1","max-image-preview":"max-image-preview:large","max-video-preview":"max-video-preview:-1"},"canonical":"https:\/\/www.manheim-express.eu\/de\/glossar\/gebrauchte-nutzfahrzeuge\/","og_locale":"de_DE","og_type":"article","og_title":"Gebrauchte Nutzfahrzeuge - Manheim Express die neue Auktionsplattform f\u00fcr den KFZ Handel","og_description":"Gebrauchte Nutzfahrzeuge sind in vielen Branchen unverzichtbar, da sich mit ihnen die Anschaffungskosten f\u00fcr den eigenen Fuhrpark deutlich senken lassen.","og_url":"https:\/\/www.manheim-express.eu\/de\/glossar\/gebrauchte-nutzfahrzeuge\/","og_site_name":"Manheim Express","article_publisher":"https:\/\/www.facebook.com\/manheimexpresseurope\/","article_modified_time":"2024-01-15T15:44:46+00:00","og_image":[{"url":"https:\/\/www.manheim-express.eu\/wp-content\/uploads\/2022\/11\/Manheim-Express-Estate-car.png","type":"","width":"","height":""}],"twitter_card":"summary_large_image","twitter_misc":{"Gesch\u00e4tzte Lesezeit":"3\u00a0Minuten"},"schema":{"@context":"https:\/\/schema.org","@graph":[{"@type":"WebPage","@id":"https:\/\/www.manheim-express.eu\/de\/glossar\/gebrauchte-nutzfahrzeuge\/","url":"https:\/\/www.manheim-express.eu\/de\/glossar\/gebrauchte-nutzfahrzeuge\/","name":"Gebrauchte Nutzfahrzeuge - Manheim Express die neue Auktionsplattform f\u00fcr den KFZ Handel","isPartOf":{"@id":"https:\/\/www.manheim-express.eu\/de\/#website"},"primaryImageOfPage":{"@id":"https:\/\/www.manheim-express.eu\/de\/glossar\/gebrauchte-nutzfahrzeuge\/#primaryimage"},"image":{"@id":"https:\/\/www.manheim-express.eu\/de\/glossar\/gebrauchte-nutzfahrzeuge\/#primaryimage"},"thumbnailUrl":"https:\/\/www.manheim-express.eu\/wp-content\/uploads\/2022\/11\/Manheim-Express-Estate-car.png","datePublished":"2024-01-15T15:44:45+00:00","dateModified":"2024-01-15T15:44:46+00:00","description":"Gebrauchte Nutzfahrzeuge sind in vielen Branchen unverzichtbar, da sich mit ihnen die Anschaffungskosten f\u00fcr den eigenen Fuhrpark deutlich senken lassen.","breadcrumb":{"@id":"https:\/\/www.manheim-express.eu\/de\/glossar\/gebrauchte-nutzfahrzeuge\/#breadcrumb"},"inLanguage":"de","potentialAction":[{"@type":"ReadAction","target":["https:\/\/www.manheim-express.eu\/de\/glossar\/gebrauchte-nutzfahrzeuge\/"]}]},{"@type":"ImageObject","inLanguage":"de","@id":"https:\/\/www.manheim-express.eu\/de\/glossar\/gebrauchte-nutzfahrzeuge\/#primaryimage","url":"https:\/\/www.manheim-express.eu\/wp-content\/uploads\/2022\/11\/Manheim-Express-Estate-car.png","contentUrl":"https:\/\/www.manheim-express.eu\/wp-content\/uploads\/2022\/11\/Manheim-Express-Estate-car.png"},{"@type":"BreadcrumbList","@id":"https:\/\/www.manheim-express.eu\/de\/glossar\/gebrauchte-nutzfahrzeuge\/#breadcrumb","itemListElement":[{"@type":"ListItem","position":1,"name":"Home","item":"https:\/\/www.manheim-express.eu\/de\/"},{"@type":"ListItem","position":2,"name":"Glossar","item":"https:\/\/www.manheim-express.eu\/de\/glossar\/"},{"@type":"ListItem","position":3,"name":"Gebrauchte Nutzfahrzeuge"}]},{"@type":"WebSite","@id":"https:\/\/www.manheim-express.eu\/de\/#website","url":"https:\/\/www.manheim-express.eu\/de\/","name":"Manheim Express","description":"","publisher":{"@id":"https:\/\/www.manheim-express.eu\/de\/#organization"},"potentialAction":[{"@type":"SearchAction","target":{"@type":"EntryPoint","urlTemplate":"https:\/\/www.manheim-express.eu\/de\/?s={search_term_string}"},"query-input":{"@type":"PropertyValueSpecification","valueRequired":true,"valueName":"search_term_string"}}],"inLanguage":"de"},{"@type":"Organization","@id":"https:\/\/www.manheim-express.eu\/de\/#organization","name":"Manheim Express","url":"https:\/\/www.manheim-express.eu\/de\/","logo":{"@type":"ImageObject","inLanguage":"de","@id":"https:\/\/www.manheim-express.eu\/de\/#\/schema\/logo\/image\/","url":"https:\/\/www.manheim-express.eu\/wp-content\/uploads\/2021\/07\/manheim-express-logo-light.png","contentUrl":"https:\/\/www.manheim-express.eu\/wp-content\/uploads\/2021\/07\/manheim-express-logo-light.png","width":1163,"height":392,"caption":"Manheim Express"},"image":{"@id":"https:\/\/www.manheim-express.eu\/de\/#\/schema\/logo\/image\/"},"sameAs":["https:\/\/www.facebook.com\/manheimexpresseurope\/","https:\/\/www.instagram.com\/manheim.express","https:\/\/www.linkedin.com\/company\/manheim-express\/","https:\/\/www.youtube.com\/channel\/UCRKJajJPvJv-ao7Tk7qra5Q\/"]}]}},"_links":{"self":[{"href":"https:\/\/www.manheim-express.eu\/de\/wp-json\/wp\/v2\/pages\/16343","targetHints":{"allow":["GET"]}}],"collection":[{"href":"https:\/\/www.manheim-express.eu\/de\/wp-json\/wp\/v2\/pages"}],"about":[{"href":"https:\/\/www.manheim-express.eu\/de\/wp-json\/wp\/v2\/types\/page"}],"author":[{"embeddable":true,"href":"https:\/\/www.manheim-express.eu\/de\/wp-json\/wp\/v2\/users\/12"}],"replies":[{"embeddable":true,"href":"https:\/\/www.manheim-express.eu\/de\/wp-json\/wp\/v2\/comments?post=16343"}],"version-history":[{"count":13,"href":"https:\/\/www.manheim-express.eu\/de\/wp-json\/wp\/v2\/pages\/16343\/revisions"}],"predecessor-version":[{"id":16832,"href":"https:\/\/www.manheim-express.eu\/de\/wp-json\/wp\/v2\/pages\/16343\/revisions\/16832"}],"up":[{"embeddable":true,"href":"https:\/\/www.manheim-express.eu\/de\/wp-json\/wp\/v2\/pages\/11571"}],"wp:attachment":[{"href":"https:\/\/www.manheim-express.eu\/de\/wp-json\/wp\/v2\/media?parent=16343"}],"wp:term":[{"taxonomy":"wf_page_folders","embeddable":true,"href":"https:\/\/www.manheim-express.eu\/de\/wp-json\/wp\/v2\/wf_page_folders?post=16343"}],"curies":[{"name":"wp","href":"https:\/\/api.w.org\/{rel}","templated":true}]}}