{"id":16335,"date":"2024-01-15T15:40:31","date_gmt":"2024-01-15T15:40:31","guid":{"rendered":"https:\/\/www.manheim-express.eu\/?page_id=16335"},"modified":"2024-01-15T15:40:32","modified_gmt":"2024-01-15T15:40:32","slug":"fahrzeuge-wiederverkaufer","status":"publish","type":"page","link":"https:\/\/www.manheim-express.eu\/de\/glossar\/fahrzeuge-wiederverkaufer\/","title":{"rendered":"Fahrzeuge Wiederverk\u00e4ufer"},"content":{"rendered":"\t\t<div data-elementor-type=\"wp-page\" data-elementor-id=\"16335\" class=\"elementor elementor-16335\" data-elementor-post-type=\"page\">\n\t\t\t\t\t\t<section class=\"elementor-section elementor-top-section elementor-element elementor-element-5ad223c elementor-section-full_width elementor-section-stretched elementor-section-height-default elementor-section-height-default\" data-id=\"5ad223c\" data-element_type=\"section\" data-settings=\"{&quot;stretch_section&quot;:&quot;section-stretched&quot;}\">\n\t\t\t\t\t\t<div class=\"elementor-container elementor-column-gap-default\">\n\t\t\t\t\t<div class=\"elementor-column elementor-col-50 elementor-top-column elementor-element elementor-element-d3b519c\" data-id=\"d3b519c\" data-element_type=\"column\" data-settings=\"{&quot;background_background&quot;:&quot;classic&quot;}\">\n\t\t\t<div class=\"elementor-widget-wrap elementor-element-populated\">\n\t\t\t\t\t\t<div class=\"elementor-element elementor-element-036dc3a elementor-widget elementor-widget-text-editor\" data-id=\"036dc3a\" data-element_type=\"widget\" data-widget_type=\"text-editor.default\">\n\t\t\t\t<div class=\"elementor-widget-container\">\n\t\t\t\t\t\t\t\t\t<h2>Fahrzeuge als Wiederverk\u00e4ufer ganz einfach inserieren<\/h2>\t\t\t\t\t\t\t\t<\/div>\n\t\t\t\t<\/div>\n\t\t\t\t<div class=\"elementor-element elementor-element-21c3353 elementor-widget elementor-widget-text-editor\" data-id=\"21c3353\" data-element_type=\"widget\" data-widget_type=\"text-editor.default\">\n\t\t\t\t<div class=\"elementor-widget-container\">\n\t\t\t\t\t\t\t\t\t<h3 class=\"\">Wie Sie mit Manheim Express viel Zeit und Geld sparen k\u00f6nnen<\/h3>\t\t\t\t\t\t\t\t<\/div>\n\t\t\t\t<\/div>\n\t\t\t\t<div class=\"elementor-element elementor-element-c37119d elementor-widget elementor-widget-text-editor\" data-id=\"c37119d\" data-element_type=\"widget\" data-widget_type=\"text-editor.default\">\n\t\t\t\t<div class=\"elementor-widget-container\">\n\t\t\t\t\t\t\t\t\t<p class=\"text-justify\">Im professionellen Gebrauchtwagenhandel gelten eigene Regeln und Gesetze. Wiederverk\u00e4ufer haben andere Pr\u00e4ferenzen und gehen in der Regel ausgesprochen zielgerichtet vor.\u00a0<strong>Manheim Express<\/strong>\u00a0bietet Wiederverk\u00e4ufern professionelle Tools, die sich an den Anforderungen der Branche orientieren.<\/p><p class=\"text-justify\">Sie erm\u00f6glichen es, den Ver- und Ankauf von Gebrauchtwagen deutlich \u00f6konomischer abzuwickeln.<\/p>\t\t\t\t\t\t\t\t<\/div>\n\t\t\t\t<\/div>\n\t\t\t\t<div class=\"elementor-element elementor-element-76774e4 elementor-widget elementor-widget-button\" data-id=\"76774e4\" data-element_type=\"widget\" data-widget_type=\"button.default\">\n\t\t\t\t<div class=\"elementor-widget-container\">\n\t\t\t\t\t\t\t\t\t<div class=\"elementor-button-wrapper\">\n\t\t\t\t\t<a class=\"elementor-button elementor-button-link elementor-size-lg\" href=\"#\">\n\t\t\t\t\t\t<span class=\"elementor-button-content-wrapper\">\n\t\t\t\t\t\t\t\t\t<span class=\"elementor-button-text\">Mehr Infos finden Sie hier<\/span>\n\t\t\t\t\t<\/span>\n\t\t\t\t\t<\/a>\n\t\t\t\t<\/div>\n\t\t\t\t\t\t\t\t<\/div>\n\t\t\t\t<\/div>\n\t\t\t\t<div class=\"elementor-element elementor-element-93513c7 elementor-widget elementor-widget-image\" data-id=\"93513c7\" data-element_type=\"widget\" data-widget_type=\"image.default\">\n\t\t\t\t<div class=\"elementor-widget-container\">\n\t\t\t\t\t\t\t\t\t\t\t\t\t\t\t<img fetchpriority=\"high\" decoding=\"async\" width=\"800\" height=\"389\" src=\"https:\/\/www.manheim-express.eu\/wp-content\/uploads\/2022\/11\/Manheim-Express-Estate-car.png\" class=\"attachment-large size-large wp-image-14639\" alt=\"\" srcset=\"https:\/\/www.manheim-express.eu\/wp-content\/uploads\/2022\/11\/Manheim-Express-Estate-car.png 1024w, https:\/\/www.manheim-express.eu\/wp-content\/uploads\/2022\/11\/Manheim-Express-Estate-car-300x146.png 300w, https:\/\/www.manheim-express.eu\/wp-content\/uploads\/2022\/11\/Manheim-Express-Estate-car-768x374.png 768w\" sizes=\"(max-width: 800px) 100vw, 800px\" \/>\t\t\t\t\t\t\t\t\t\t\t\t\t\t\t<\/div>\n\t\t\t\t<\/div>\n\t\t\t\t\t<\/div>\n\t\t<\/div>\n\t\t\t\t<div class=\"elementor-column elementor-col-50 elementor-top-column elementor-element elementor-element-213236b\" data-id=\"213236b\" data-element_type=\"column\" data-settings=\"{&quot;background_background&quot;:&quot;classic&quot;}\">\n\t\t\t<div class=\"elementor-widget-wrap elementor-element-populated\">\n\t\t\t\t\t\t<div class=\"elementor-element elementor-element-e9c050a elementor-widget elementor-widget-text-editor\" data-id=\"e9c050a\" data-element_type=\"widget\" data-widget_type=\"text-editor.default\">\n\t\t\t\t<div class=\"elementor-widget-container\">\n\t\t\t\t\t\t\t\t\t<h2 class=\"\">Verkauf von Fahrzeugen an Wiederverk\u00e4ufer \u2013 die Vorteile f\u00fcr H\u00e4ndler<\/h2>\t\t\t\t\t\t\t\t<\/div>\n\t\t\t\t<\/div>\n\t\t\t\t<div class=\"elementor-element elementor-element-8d896a4 elementor-widget elementor-widget-text-editor\" data-id=\"8d896a4\" data-element_type=\"widget\" data-widget_type=\"text-editor.default\">\n\t\t\t\t<div class=\"elementor-widget-container\">\n\t\t\t\t\t\t\t\t\t<p>In manchen F\u00e4llen ist der Verkauf eines Fahrzeugs an Privatkunden f\u00fcr H\u00e4ndler nicht rentabel. Insbesondere der Ausschluss der Sachm\u00e4ngelhaftung ist f\u00fcr H\u00e4ndler ein Grund, den Verkauf ihrer Fahrzeuge an\u00a0<strong>Wiederverk\u00e4ufer\u00a0<\/strong>vorzuziehen. Verk\u00e4ufe von Fahrzeugen an\u00a0<strong>Wiederverk\u00e4ufer<\/strong>\u00a0k\u00f6nnen gew\u00e4hrleistungsfrei abgeschlossen werden und sind damit f\u00fcr den H\u00e4ndler sicherer als ein Verkauf an Privatpersonen. W\u00e4hrend beim Verkauf an Privatpersonen zudem mitunter mit langen Stehzeiten des Fahrzeugs im Autohaus zu rechnen ist und bei jedem Kunden Zeiten f\u00fcr Besichtigung und Preisverhandlung anfallen, sind Gesch\u00e4fte mit\u00a0<strong>Wiederverk\u00e4ufern<\/strong>\u00a0in der Regel deutlich unkomplizierter abzuwickeln. Der Grund hierf\u00fcr liegt in der Sachkenntnis und Spezialisierung der\u00a0<strong>Wiederverk\u00e4ufer<\/strong>\u00a0auf bestimmte Fahrzeuge. Zudem sind\u00a0<strong>Wiederverk\u00e4ufer<\/strong>\u00a0in der Regel ebenfalls an einem schnellen und unkomplizierten Abschluss des Gesch\u00e4ftes interessiert. Professionelle Wiederverk\u00e4ufer von Fahrzeugen wissen in der Regel sehr genau, was sie suchen und kaufen wollen und haben konkrete Preisvorstellungen. Beim Verkauf von Fahrzeugen an\u00a0<strong>Wiederverk\u00e4ufer<\/strong>\u00a0\u00fcber eine Auktionsplattform kommt hinzu, dass die gro\u00dfe Auswahl an potenziellen Kunden, die sich auf der Plattform versammeln, die Chance f\u00fcr einen schnellen und vorteilhaften Abschluss des Gesch\u00e4ftes deutlich erh\u00f6ht.<\/p>\t\t\t\t\t\t\t\t<\/div>\n\t\t\t\t<\/div>\n\t\t\t\t<div class=\"elementor-element elementor-element-b3d2cf9 elementor-widget elementor-widget-text-editor\" data-id=\"b3d2cf9\" data-element_type=\"widget\" data-widget_type=\"text-editor.default\">\n\t\t\t\t<div class=\"elementor-widget-container\">\n\t\t\t\t\t\t\t\t\t<h2 class=\"text-center\">Wie Wiederverk\u00e4ufer von Manheim express profitieren<\/h2>\t\t\t\t\t\t\t\t<\/div>\n\t\t\t\t<\/div>\n\t\t\t\t<div class=\"elementor-element elementor-element-76f2c0f elementor-widget elementor-widget-text-editor\" data-id=\"76f2c0f\" data-element_type=\"widget\" data-widget_type=\"text-editor.default\">\n\t\t\t\t<div class=\"elementor-widget-container\">\n\t\t\t\t\t\t\t\t\t<p>Die Online-Auktionsplattform\u00a0<span style=\"font-weight: bolder;\">Manheim Express<\/span>\u00a0bietet<strong>\u00a0Wiederverk\u00e4ufern<\/strong>\u00a0zahlreiche Tools und Serviceangebote f\u00fcr die erfolgreiche Vermarktung ihrer Fahrzeuge. Als Plattform f\u00fcr professionelles Car-Trading ist\u00a0<span style=\"font-weight: bolder;\">Manheim Express<\/span>\u00a0speziell auf die Anforderungen von\u00a0<strong>Wiederverk\u00e4ufern<\/strong>\u00a0zugeschnitten. Hierzu wurden die Erstellungsm\u00f6glichkeiten f\u00fcr Inserate deutlich vereinfacht, so dass Auktionsinserate in Sekundenschnelle erstellt werden k\u00f6nnen. So kann beispielsweise per Drag &amp; Drop aus dem Zustandsbericht ein Inserat generiert werden. Nach der Einstellung der Fahrzeuge l\u00e4sst sich die\u00a0<span style=\"font-weight: bolder;\">Manheim Express<\/span>\u00a0Plattform individuell an die Bed\u00fcrfnisse anpassen.\u00a0<strong>Wiederverk\u00e4ufer<\/strong>\u00a0von Fahrzeugen k\u00f6nnen zielgerichtet suchen und den Zukauf deutlich \u00f6konomischer gestalten. Verk\u00e4ufer k\u00f6nnen\u00a0 ganz nach Wunsch einen festgelegten und bew\u00e4hrten Kundenstamm bedienen oder das gesamte Spektrum von\u00a0<span style=\"font-weight: bolder;\">Manheim Express<\/span>\u00a0nutzen. H\u00e4ufig in der Branche vorkommende Gesch\u00e4ftsabschl\u00fcsse wie Inzahlungnahmen k\u00f6nnen so von\u00a0<strong>Wiederverk\u00e4ufern<\/strong>\u00a0deutlich schneller abgewickelt werden.<\/p>\t\t\t\t\t\t\t\t<\/div>\n\t\t\t\t<\/div>\n\t\t\t\t\t<\/div>\n\t\t<\/div>\n\t\t\t\t\t<\/div>\n\t\t<\/section>\n\t\t\t\t<\/div>\n\t\t","protected":false},"excerpt":{"rendered":"<p>Fahrzeuge als Wiederverk\u00e4ufer ganz einfach inserieren Wie Sie mit Manheim Express viel Zeit und Geld sparen k\u00f6nnen Im professionellen Gebrauchtwagenhandel gelten eigene Regeln und Gesetze. Wiederverk\u00e4ufer haben andere Pr\u00e4ferenzen und gehen in der Regel ausgesprochen zielgerichtet vor.\u00a0Manheim Express\u00a0bietet Wiederverk\u00e4ufern professionelle Tools, die sich an den Anforderungen der Branche orientieren. Sie erm\u00f6glichen es, den Ver- und [&hellip;]<\/p>\n","protected":false},"author":12,"featured_media":0,"parent":11571,"menu_order":0,"comment_status":"closed","ping_status":"closed","template":"","meta":{"_acf_changed":false,"footnotes":""},"wf_page_folders":[156],"class_list":["post-16335","page","type-page","status-publish","hentry"],"acf":[],"yoast_head":"<!-- This site is optimized with the Yoast SEO plugin v25.8 - https:\/\/yoast.com\/wordpress\/plugins\/seo\/ -->\n<title>Fahrzeuge Wiederverk\u00e4ufer - Manheim Express Fahrzeuge Wiederverk\u00e4ufer - Manheim Express die neue Auktionsplattform f\u00fcr den KFZ Handel<\/title>\n<meta name=\"description\" content=\"Die Online-Auktionsplattform Manheim Express bietet Wiederverk\u00e4ufern zahlreiche Tools und Serviceangebote f\u00fcr die erfolgreiche Vermarktung ihrer Fahrzeuge.\" \/>\n<meta name=\"robots\" content=\"index, follow, max-snippet:-1, max-image-preview:large, max-video-preview:-1\" \/>\n<link rel=\"canonical\" href=\"https:\/\/www.manheim-express.eu\/de\/glossar\/fahrzeuge-wiederverkaufer\/\" \/>\n<meta property=\"og:locale\" content=\"de_DE\" \/>\n<meta property=\"og:type\" content=\"article\" \/>\n<meta property=\"og:title\" content=\"Fahrzeuge Wiederverk\u00e4ufer - Manheim Express Fahrzeuge Wiederverk\u00e4ufer - Manheim Express die neue Auktionsplattform f\u00fcr den KFZ Handel\" \/>\n<meta property=\"og:description\" content=\"Die Online-Auktionsplattform Manheim Express bietet Wiederverk\u00e4ufern zahlreiche Tools und Serviceangebote f\u00fcr die erfolgreiche Vermarktung ihrer Fahrzeuge.\" \/>\n<meta property=\"og:url\" content=\"https:\/\/www.manheim-express.eu\/de\/glossar\/fahrzeuge-wiederverkaufer\/\" \/>\n<meta property=\"og:site_name\" content=\"Manheim Express\" \/>\n<meta property=\"article:publisher\" content=\"https:\/\/www.facebook.com\/manheimexpresseurope\/\" \/>\n<meta property=\"article:modified_time\" content=\"2024-01-15T15:40:32+00:00\" \/>\n<meta property=\"og:image\" content=\"https:\/\/www.manheim-express.eu\/wp-content\/uploads\/2022\/11\/Manheim-Express-Estate-car.png\" \/>\n<meta name=\"twitter:card\" content=\"summary_large_image\" \/>\n<meta name=\"twitter:label1\" content=\"Gesch\u00e4tzte Lesezeit\" \/>\n\t<meta name=\"twitter:data1\" content=\"2\u00a0Minuten\" \/>\n<script type=\"application\/ld+json\" class=\"yoast-schema-graph\">{\"@context\":\"https:\/\/schema.org\",\"@graph\":[{\"@type\":\"WebPage\",\"@id\":\"https:\/\/www.manheim-express.eu\/de\/glossar\/fahrzeuge-wiederverkaufer\/\",\"url\":\"https:\/\/www.manheim-express.eu\/de\/glossar\/fahrzeuge-wiederverkaufer\/\",\"name\":\"Fahrzeuge Wiederverk\u00e4ufer - Manheim Express Fahrzeuge Wiederverk\u00e4ufer - Manheim Express die neue Auktionsplattform f\u00fcr den KFZ Handel\",\"isPartOf\":{\"@id\":\"https:\/\/www.manheim-express.eu\/de\/#website\"},\"primaryImageOfPage\":{\"@id\":\"https:\/\/www.manheim-express.eu\/de\/glossar\/fahrzeuge-wiederverkaufer\/#primaryimage\"},\"image\":{\"@id\":\"https:\/\/www.manheim-express.eu\/de\/glossar\/fahrzeuge-wiederverkaufer\/#primaryimage\"},\"thumbnailUrl\":\"https:\/\/www.manheim-express.eu\/wp-content\/uploads\/2022\/11\/Manheim-Express-Estate-car.png\",\"datePublished\":\"2024-01-15T15:40:31+00:00\",\"dateModified\":\"2024-01-15T15:40:32+00:00\",\"description\":\"Die Online-Auktionsplattform Manheim Express bietet Wiederverk\u00e4ufern zahlreiche Tools und Serviceangebote f\u00fcr die erfolgreiche Vermarktung ihrer Fahrzeuge.\",\"breadcrumb\":{\"@id\":\"https:\/\/www.manheim-express.eu\/de\/glossar\/fahrzeuge-wiederverkaufer\/#breadcrumb\"},\"inLanguage\":\"de\",\"potentialAction\":[{\"@type\":\"ReadAction\",\"target\":[\"https:\/\/www.manheim-express.eu\/de\/glossar\/fahrzeuge-wiederverkaufer\/\"]}]},{\"@type\":\"ImageObject\",\"inLanguage\":\"de\",\"@id\":\"https:\/\/www.manheim-express.eu\/de\/glossar\/fahrzeuge-wiederverkaufer\/#primaryimage\",\"url\":\"https:\/\/www.manheim-express.eu\/wp-content\/uploads\/2022\/11\/Manheim-Express-Estate-car.png\",\"contentUrl\":\"https:\/\/www.manheim-express.eu\/wp-content\/uploads\/2022\/11\/Manheim-Express-Estate-car.png\"},{\"@type\":\"BreadcrumbList\",\"@id\":\"https:\/\/www.manheim-express.eu\/de\/glossar\/fahrzeuge-wiederverkaufer\/#breadcrumb\",\"itemListElement\":[{\"@type\":\"ListItem\",\"position\":1,\"name\":\"Home\",\"item\":\"https:\/\/www.manheim-express.eu\/de\/\"},{\"@type\":\"ListItem\",\"position\":2,\"name\":\"Glossar\",\"item\":\"https:\/\/www.manheim-express.eu\/de\/glossar\/\"},{\"@type\":\"ListItem\",\"position\":3,\"name\":\"Fahrzeuge Wiederverk\u00e4ufer\"}]},{\"@type\":\"WebSite\",\"@id\":\"https:\/\/www.manheim-express.eu\/de\/#website\",\"url\":\"https:\/\/www.manheim-express.eu\/de\/\",\"name\":\"Manheim Express\",\"description\":\"\",\"publisher\":{\"@id\":\"https:\/\/www.manheim-express.eu\/de\/#organization\"},\"potentialAction\":[{\"@type\":\"SearchAction\",\"target\":{\"@type\":\"EntryPoint\",\"urlTemplate\":\"https:\/\/www.manheim-express.eu\/de\/?s={search_term_string}\"},\"query-input\":{\"@type\":\"PropertyValueSpecification\",\"valueRequired\":true,\"valueName\":\"search_term_string\"}}],\"inLanguage\":\"de\"},{\"@type\":\"Organization\",\"@id\":\"https:\/\/www.manheim-express.eu\/de\/#organization\",\"name\":\"Manheim Express\",\"url\":\"https:\/\/www.manheim-express.eu\/de\/\",\"logo\":{\"@type\":\"ImageObject\",\"inLanguage\":\"de\",\"@id\":\"https:\/\/www.manheim-express.eu\/de\/#\/schema\/logo\/image\/\",\"url\":\"https:\/\/www.manheim-express.eu\/wp-content\/uploads\/2021\/07\/manheim-express-logo-light.png\",\"contentUrl\":\"https:\/\/www.manheim-express.eu\/wp-content\/uploads\/2021\/07\/manheim-express-logo-light.png\",\"width\":1163,\"height\":392,\"caption\":\"Manheim Express\"},\"image\":{\"@id\":\"https:\/\/www.manheim-express.eu\/de\/#\/schema\/logo\/image\/\"},\"sameAs\":[\"https:\/\/www.facebook.com\/manheimexpresseurope\/\",\"https:\/\/www.instagram.com\/manheim.express\",\"https:\/\/www.linkedin.com\/company\/manheim-express\/\",\"https:\/\/www.youtube.com\/channel\/UCRKJajJPvJv-ao7Tk7qra5Q\/\"]}]}<\/script>\n<!-- \/ Yoast SEO plugin. -->","yoast_head_json":{"title":"Fahrzeuge Wiederverk\u00e4ufer - Manheim Express Fahrzeuge Wiederverk\u00e4ufer - Manheim Express die neue Auktionsplattform f\u00fcr den KFZ Handel","description":"Die Online-Auktionsplattform Manheim Express bietet Wiederverk\u00e4ufern zahlreiche Tools und Serviceangebote f\u00fcr die erfolgreiche Vermarktung ihrer Fahrzeuge.","robots":{"index":"index","follow":"follow","max-snippet":"max-snippet:-1","max-image-preview":"max-image-preview:large","max-video-preview":"max-video-preview:-1"},"canonical":"https:\/\/www.manheim-express.eu\/de\/glossar\/fahrzeuge-wiederverkaufer\/","og_locale":"de_DE","og_type":"article","og_title":"Fahrzeuge Wiederverk\u00e4ufer - Manheim Express Fahrzeuge Wiederverk\u00e4ufer - Manheim Express die neue Auktionsplattform f\u00fcr den KFZ Handel","og_description":"Die Online-Auktionsplattform Manheim Express bietet Wiederverk\u00e4ufern zahlreiche Tools und Serviceangebote f\u00fcr die erfolgreiche Vermarktung ihrer Fahrzeuge.","og_url":"https:\/\/www.manheim-express.eu\/de\/glossar\/fahrzeuge-wiederverkaufer\/","og_site_name":"Manheim Express","article_publisher":"https:\/\/www.facebook.com\/manheimexpresseurope\/","article_modified_time":"2024-01-15T15:40:32+00:00","og_image":[{"url":"https:\/\/www.manheim-express.eu\/wp-content\/uploads\/2022\/11\/Manheim-Express-Estate-car.png","type":"","width":"","height":""}],"twitter_card":"summary_large_image","twitter_misc":{"Gesch\u00e4tzte Lesezeit":"2\u00a0Minuten"},"schema":{"@context":"https:\/\/schema.org","@graph":[{"@type":"WebPage","@id":"https:\/\/www.manheim-express.eu\/de\/glossar\/fahrzeuge-wiederverkaufer\/","url":"https:\/\/www.manheim-express.eu\/de\/glossar\/fahrzeuge-wiederverkaufer\/","name":"Fahrzeuge Wiederverk\u00e4ufer - Manheim Express Fahrzeuge Wiederverk\u00e4ufer - Manheim Express die neue Auktionsplattform f\u00fcr den KFZ Handel","isPartOf":{"@id":"https:\/\/www.manheim-express.eu\/de\/#website"},"primaryImageOfPage":{"@id":"https:\/\/www.manheim-express.eu\/de\/glossar\/fahrzeuge-wiederverkaufer\/#primaryimage"},"image":{"@id":"https:\/\/www.manheim-express.eu\/de\/glossar\/fahrzeuge-wiederverkaufer\/#primaryimage"},"thumbnailUrl":"https:\/\/www.manheim-express.eu\/wp-content\/uploads\/2022\/11\/Manheim-Express-Estate-car.png","datePublished":"2024-01-15T15:40:31+00:00","dateModified":"2024-01-15T15:40:32+00:00","description":"Die Online-Auktionsplattform Manheim Express bietet Wiederverk\u00e4ufern zahlreiche Tools und Serviceangebote f\u00fcr die erfolgreiche Vermarktung ihrer Fahrzeuge.","breadcrumb":{"@id":"https:\/\/www.manheim-express.eu\/de\/glossar\/fahrzeuge-wiederverkaufer\/#breadcrumb"},"inLanguage":"de","potentialAction":[{"@type":"ReadAction","target":["https:\/\/www.manheim-express.eu\/de\/glossar\/fahrzeuge-wiederverkaufer\/"]}]},{"@type":"ImageObject","inLanguage":"de","@id":"https:\/\/www.manheim-express.eu\/de\/glossar\/fahrzeuge-wiederverkaufer\/#primaryimage","url":"https:\/\/www.manheim-express.eu\/wp-content\/uploads\/2022\/11\/Manheim-Express-Estate-car.png","contentUrl":"https:\/\/www.manheim-express.eu\/wp-content\/uploads\/2022\/11\/Manheim-Express-Estate-car.png"},{"@type":"BreadcrumbList","@id":"https:\/\/www.manheim-express.eu\/de\/glossar\/fahrzeuge-wiederverkaufer\/#breadcrumb","itemListElement":[{"@type":"ListItem","position":1,"name":"Home","item":"https:\/\/www.manheim-express.eu\/de\/"},{"@type":"ListItem","position":2,"name":"Glossar","item":"https:\/\/www.manheim-express.eu\/de\/glossar\/"},{"@type":"ListItem","position":3,"name":"Fahrzeuge Wiederverk\u00e4ufer"}]},{"@type":"WebSite","@id":"https:\/\/www.manheim-express.eu\/de\/#website","url":"https:\/\/www.manheim-express.eu\/de\/","name":"Manheim Express","description":"","publisher":{"@id":"https:\/\/www.manheim-express.eu\/de\/#organization"},"potentialAction":[{"@type":"SearchAction","target":{"@type":"EntryPoint","urlTemplate":"https:\/\/www.manheim-express.eu\/de\/?s={search_term_string}"},"query-input":{"@type":"PropertyValueSpecification","valueRequired":true,"valueName":"search_term_string"}}],"inLanguage":"de"},{"@type":"Organization","@id":"https:\/\/www.manheim-express.eu\/de\/#organization","name":"Manheim Express","url":"https:\/\/www.manheim-express.eu\/de\/","logo":{"@type":"ImageObject","inLanguage":"de","@id":"https:\/\/www.manheim-express.eu\/de\/#\/schema\/logo\/image\/","url":"https:\/\/www.manheim-express.eu\/wp-content\/uploads\/2021\/07\/manheim-express-logo-light.png","contentUrl":"https:\/\/www.manheim-express.eu\/wp-content\/uploads\/2021\/07\/manheim-express-logo-light.png","width":1163,"height":392,"caption":"Manheim Express"},"image":{"@id":"https:\/\/www.manheim-express.eu\/de\/#\/schema\/logo\/image\/"},"sameAs":["https:\/\/www.facebook.com\/manheimexpresseurope\/","https:\/\/www.instagram.com\/manheim.express","https:\/\/www.linkedin.com\/company\/manheim-express\/","https:\/\/www.youtube.com\/channel\/UCRKJajJPvJv-ao7Tk7qra5Q\/"]}]}},"_links":{"self":[{"href":"https:\/\/www.manheim-express.eu\/de\/wp-json\/wp\/v2\/pages\/16335","targetHints":{"allow":["GET"]}}],"collection":[{"href":"https:\/\/www.manheim-express.eu\/de\/wp-json\/wp\/v2\/pages"}],"about":[{"href":"https:\/\/www.manheim-express.eu\/de\/wp-json\/wp\/v2\/types\/page"}],"author":[{"embeddable":true,"href":"https:\/\/www.manheim-express.eu\/de\/wp-json\/wp\/v2\/users\/12"}],"replies":[{"embeddable":true,"href":"https:\/\/www.manheim-express.eu\/de\/wp-json\/wp\/v2\/comments?post=16335"}],"version-history":[{"count":10,"href":"https:\/\/www.manheim-express.eu\/de\/wp-json\/wp\/v2\/pages\/16335\/revisions"}],"predecessor-version":[{"id":16820,"href":"https:\/\/www.manheim-express.eu\/de\/wp-json\/wp\/v2\/pages\/16335\/revisions\/16820"}],"up":[{"embeddable":true,"href":"https:\/\/www.manheim-express.eu\/de\/wp-json\/wp\/v2\/pages\/11571"}],"wp:attachment":[{"href":"https:\/\/www.manheim-express.eu\/de\/wp-json\/wp\/v2\/media?parent=16335"}],"wp:term":[{"taxonomy":"wf_page_folders","embeddable":true,"href":"https:\/\/www.manheim-express.eu\/de\/wp-json\/wp\/v2\/wf_page_folders?post=16335"}],"curies":[{"name":"wp","href":"https:\/\/api.w.org\/{rel}","templated":true}]}}