{"id":16327,"date":"2024-01-15T15:39:55","date_gmt":"2024-01-15T15:39:55","guid":{"rendered":"https:\/\/www.manheim-express.eu\/?page_id=16327"},"modified":"2024-01-15T15:39:56","modified_gmt":"2024-01-15T15:39:56","slug":"fahrzeugversteigerungen-fur-handler","status":"publish","type":"page","link":"https:\/\/www.manheim-express.eu\/de\/glossar\/fahrzeugversteigerungen-fur-handler\/","title":{"rendered":"Fahrzeugversteigerungen f\u00fcr H\u00e4ndler"},"content":{"rendered":"\t\t<div data-elementor-type=\"wp-page\" data-elementor-id=\"16327\" class=\"elementor elementor-16327\" data-elementor-post-type=\"page\">\n\t\t\t\t\t\t<section class=\"elementor-section elementor-top-section elementor-element elementor-element-5ad223c elementor-section-full_width elementor-section-stretched elementor-section-height-default elementor-section-height-default\" data-id=\"5ad223c\" data-element_type=\"section\" data-settings=\"{&quot;stretch_section&quot;:&quot;section-stretched&quot;}\">\n\t\t\t\t\t\t<div class=\"elementor-container elementor-column-gap-default\">\n\t\t\t\t\t<div class=\"elementor-column elementor-col-50 elementor-top-column elementor-element elementor-element-d3b519c\" data-id=\"d3b519c\" data-element_type=\"column\" data-settings=\"{&quot;background_background&quot;:&quot;classic&quot;}\">\n\t\t\t<div class=\"elementor-widget-wrap elementor-element-populated\">\n\t\t\t\t\t\t<div class=\"elementor-element elementor-element-036dc3a elementor-widget elementor-widget-text-editor\" data-id=\"036dc3a\" data-element_type=\"widget\" data-widget_type=\"text-editor.default\">\n\t\t\t\t<div class=\"elementor-widget-container\">\n\t\t\t\t\t\t\t\t\t<h2>Fahrzeugversteigerungen f\u00fcr H\u00e4ndler<\/h2>\t\t\t\t\t\t\t\t<\/div>\n\t\t\t\t<\/div>\n\t\t\t\t<div class=\"elementor-element elementor-element-21c3353 elementor-widget elementor-widget-text-editor\" data-id=\"21c3353\" data-element_type=\"widget\" data-widget_type=\"text-editor.default\">\n\t\t\t\t<div class=\"elementor-widget-container\">\n\t\t\t\t\t\t\t\t\t<h3 class=\"\">Wie Sie mit Manheim Express schnell und effektiv handeln<\/h3>\t\t\t\t\t\t\t\t<\/div>\n\t\t\t\t<\/div>\n\t\t\t\t<div class=\"elementor-element elementor-element-c37119d elementor-widget elementor-widget-text-editor\" data-id=\"c37119d\" data-element_type=\"widget\" data-widget_type=\"text-editor.default\">\n\t\t\t\t<div class=\"elementor-widget-container\">\n\t\t\t\t\t\t\t\t\t<p>Als professioneller H\u00e4ndler wissen Sie genau, was Sie von einer Online-Plattform f\u00fcr\u00a0<strong>Fahrzeugversteigerungen<\/strong>\u00a0erwarten: Flexibilit\u00e4t, Top-Service und ein schnelles und problemloses Handling.\u00a0<span style=\"font-weight: bolder;\">Manheim Express<\/span>\u00a0bietet Ihnen Softwarel\u00f6sungen nach Ma\u00df, die so einfach und effektiv sind, dass Sie mit wenigen Klicks zum Ziel kommen. \u00dcberzeugen Sie sich von unserem Angebot und melden Sie sich kostenlos und unverbindlich an:<\/p>\t\t\t\t\t\t\t\t<\/div>\n\t\t\t\t<\/div>\n\t\t\t\t<div class=\"elementor-element elementor-element-76774e4 elementor-widget elementor-widget-button\" data-id=\"76774e4\" data-element_type=\"widget\" data-widget_type=\"button.default\">\n\t\t\t\t<div class=\"elementor-widget-container\">\n\t\t\t\t\t\t\t\t\t<div class=\"elementor-button-wrapper\">\n\t\t\t\t\t<a class=\"elementor-button elementor-button-link elementor-size-lg\" href=\"#\">\n\t\t\t\t\t\t<span class=\"elementor-button-content-wrapper\">\n\t\t\t\t\t\t\t\t\t<span class=\"elementor-button-text\">Mehr Infos finden Sie hier<\/span>\n\t\t\t\t\t<\/span>\n\t\t\t\t\t<\/a>\n\t\t\t\t<\/div>\n\t\t\t\t\t\t\t\t<\/div>\n\t\t\t\t<\/div>\n\t\t\t\t<div class=\"elementor-element elementor-element-93513c7 elementor-widget elementor-widget-image\" data-id=\"93513c7\" data-element_type=\"widget\" data-widget_type=\"image.default\">\n\t\t\t\t<div class=\"elementor-widget-container\">\n\t\t\t\t\t\t\t\t\t\t\t\t\t\t\t<img fetchpriority=\"high\" decoding=\"async\" width=\"800\" height=\"389\" src=\"https:\/\/www.manheim-express.eu\/wp-content\/uploads\/2022\/11\/Manheim-Express-Estate-car.png\" class=\"attachment-large size-large wp-image-14639\" alt=\"\" srcset=\"https:\/\/www.manheim-express.eu\/wp-content\/uploads\/2022\/11\/Manheim-Express-Estate-car.png 1024w, https:\/\/www.manheim-express.eu\/wp-content\/uploads\/2022\/11\/Manheim-Express-Estate-car-300x146.png 300w, https:\/\/www.manheim-express.eu\/wp-content\/uploads\/2022\/11\/Manheim-Express-Estate-car-768x374.png 768w\" sizes=\"(max-width: 800px) 100vw, 800px\" \/>\t\t\t\t\t\t\t\t\t\t\t\t\t\t\t<\/div>\n\t\t\t\t<\/div>\n\t\t\t\t\t<\/div>\n\t\t<\/div>\n\t\t\t\t<div class=\"elementor-column elementor-col-50 elementor-top-column elementor-element elementor-element-213236b\" data-id=\"213236b\" data-element_type=\"column\" data-settings=\"{&quot;background_background&quot;:&quot;classic&quot;}\">\n\t\t\t<div class=\"elementor-widget-wrap elementor-element-populated\">\n\t\t\t\t\t\t<div class=\"elementor-element elementor-element-e9c050a elementor-widget elementor-widget-text-editor\" data-id=\"e9c050a\" data-element_type=\"widget\" data-widget_type=\"text-editor.default\">\n\t\t\t\t<div class=\"elementor-widget-container\">\n\t\t\t\t\t\t\t\t\t<h2 class=\"\">Online-Fahrzeugversteigerungen vs. Auktionen vor Ort<\/h2>\t\t\t\t\t\t\t\t<\/div>\n\t\t\t\t<\/div>\n\t\t\t\t<div class=\"elementor-element elementor-element-8d896a4 elementor-widget elementor-widget-text-editor\" data-id=\"8d896a4\" data-element_type=\"widget\" data-widget_type=\"text-editor.default\">\n\t\t\t\t<div class=\"elementor-widget-container\">\n\t\t\t\t\t\t\t\t\t<p>Es besteht kein Zweifel, dass\u00a0<strong>Fahrzeugversteigerungen beim H\u00e4ndler vor Ort<\/strong>\u00a0einen eigenen Reiz aus\u00fcben und bestimmte Vorz\u00fcge haben. Neben der Atmosph\u00e4re und dem Zusammentreffen mit anderen H\u00e4ndlern und Autointeressierten biete die Versteigerung beim H\u00e4ndler den Vorteil, die Fahrzeuge pers\u00f6nlich begutachten zu k\u00f6nnen. Dieser Aspekt ist f\u00fcr manche K\u00e4ufer so wichtig, dass sie vollst\u00e4ndig auf Fahrzeugversteigerungen im Internet verzichten. Hinzu kommt, dass sich so mancher Fahrzeugk\u00e4ufer vom riesigen Angebot an Fahrzeugen im Internet erschlagen f\u00fchlt.<\/p>\t\t\t\t\t\t\t\t<\/div>\n\t\t\t\t<\/div>\n\t\t\t\t<div class=\"elementor-element elementor-element-b3d2cf9 elementor-widget elementor-widget-text-editor\" data-id=\"b3d2cf9\" data-element_type=\"widget\" data-widget_type=\"text-editor.default\">\n\t\t\t\t<div class=\"elementor-widget-container\">\n\t\t\t\t\t\t\t\t\t<h2 class=\"text-center\">Die Faktoren Zeit und Vielfalt bei Fahrzeugversteigerungen im Internet<\/h2>\t\t\t\t\t\t\t\t<\/div>\n\t\t\t\t<\/div>\n\t\t\t\t<div class=\"elementor-element elementor-element-76f2c0f elementor-widget elementor-widget-text-editor\" data-id=\"76f2c0f\" data-element_type=\"widget\" data-widget_type=\"text-editor.default\">\n\t\t\t\t<div class=\"elementor-widget-container\">\n\t\t\t\t\t\t\t\t\t<p class=\"text-justify\">Eine andere K\u00e4ufergruppe setzt wiederum gerade auf\u00a0<strong>Fahrzeugversteigerungen im Internet<\/strong>\u00a0und wei\u00df die damit verbundenen Vorteile zu sch\u00e4tzen. Zweifellos bietet der Handel von Fahrzeugen \u00fcber das Internet f\u00fcr K\u00e4ufer und Verk\u00e4ufer ein enormes Potenzial. W\u00e4hrend Fahrzeugversteigerungen vor Ort immer nur einen kleinen Ausschnitt des Marktes pr\u00e4sentieren, ergibt sich in der Weite des Internets ein ungleich gr\u00f6\u00dferes Angebot. Die Chancen, ein ausgefallenes, sehr spezielles oder besonders g\u00fcnstiges Fahrzeug zu finden, steigen bei der Suche in Online-<strong>Fahrzeugversteigerungen\u00a0<\/strong><strong>f\u00fcr H\u00e4ndler<\/strong>\u00a0deutlich. Hinzu kommen zeitliche Vorteile, die sich bei Fahrzeugversteigerungen im Internet ergeben. Anfahrten und der Aufenthalt vor Ort fallen ebenso weg wie Kundenberatungen und Verkaufsverhandlungen.<\/p>\t\t\t\t\t\t\t\t<\/div>\n\t\t\t\t<\/div>\n\t\t\t\t<div class=\"elementor-element elementor-element-7e2cba2 elementor-widget elementor-widget-text-editor\" data-id=\"7e2cba2\" data-element_type=\"widget\" data-widget_type=\"text-editor.default\">\n\t\t\t\t<div class=\"elementor-widget-container\">\n\t\t\t\t\t\t\t\t\t<h2 class=\"text-center\">Was macht Fahrzeugversteigerungen im Netz f\u00fcr H\u00e4ndler so interessant?<\/h2>\t\t\t\t\t\t\t\t<\/div>\n\t\t\t\t<\/div>\n\t\t\t\t<div class=\"elementor-element elementor-element-eaa2869 elementor-widget elementor-widget-text-editor\" data-id=\"eaa2869\" data-element_type=\"widget\" data-widget_type=\"text-editor.default\">\n\t\t\t\t<div class=\"elementor-widget-container\">\n\t\t\t\t\t\t\t\t\t<p class=\"text-justify\">W\u00e4hrend private Autoliebhaber mitunter gerne bewusst viel Zeit in die Besichtigung von Fahrzeugen investieren, geht es anderen K\u00e4ufern h\u00e4ufig gerade darum, den\u00a0<strong>Kauf- und Verkaufsprozess so schnell wie m\u00f6glich abzuwickeln<\/strong>. Gerade f\u00fcr H\u00e4ndler sind langwierige Verhandlungen mit K\u00e4ufern oft \u00e4rgerlich, wenn das Gesch\u00e4ft schlie\u00dflich doch nicht zustande kommt oder der Verkauf ohnehin kaum Gewinn bringt.\u00a0<strong>Fahrzeugversteigerungen im Internet<\/strong>\u00a0k\u00f6nnen dieses Problem l\u00f6sen, da hier die Fahrzeuge auf der Online-Plattform lediglich eingestellt werden m\u00fcssen. Interessenten erhalten alle Informationen \u00fcber die Versteigerungsplattform und k\u00f6nnen zielgerichtet nach ihrem Wunschfahrzeug suchen und auch den Kauf \u00fcber das Portal abschlie\u00dfen. Da in der Regel mehrere Interessenten f\u00fcr ein Fahrzeug bieten, hat der H\u00e4ndler zudem die Gew\u00e4hr, dass sein Fahrzeug zu einem guten Preis verkauft wird. Aus diesen Gr\u00fcnden ist gerade der Gebrauchtwagenmarkt ein Bereich, in dem sich Fahrzeugversteigerungen ausgesprochen belebend auf das Handelsgesch\u00e4ft auswirken k\u00f6nnen.<\/p>\t\t\t\t\t\t\t\t<\/div>\n\t\t\t\t<\/div>\n\t\t\t\t<div class=\"elementor-element elementor-element-bdbcfe1 elementor-widget elementor-widget-text-editor\" data-id=\"bdbcfe1\" data-element_type=\"widget\" data-widget_type=\"text-editor.default\">\n\t\t\t\t<div class=\"elementor-widget-container\">\n\t\t\t\t\t\t\t\t\t<h2>Wie Sie mit Manheim express frischen Wind in Ihr H\u00e4ndlergesch\u00e4ft bringen<\/h2>\t\t\t\t\t\t\t\t<\/div>\n\t\t\t\t<\/div>\n\t\t\t\t<div class=\"elementor-element elementor-element-d5f3acb elementor-widget elementor-widget-text-editor\" data-id=\"d5f3acb\" data-element_type=\"widget\" data-widget_type=\"text-editor.default\">\n\t\t\t\t<div class=\"elementor-widget-container\">\n\t\t\t\t\t\t\t\t\t<p>Mit der Plattform&nbsp;<span style=\"font-weight: bolder;\">Manheim Express<\/span>&nbsp;hat sich eine&nbsp;<strong>neue Form von Fahrzeugversteigerungen<\/strong>&nbsp;auf dem Markt etabliert. Als reine B2B-Plattform ist das Portal auf die Anforderungen von H\u00e4ndlern zugeschnitten.&nbsp;<span style=\"font-weight: bolder;\">Manheim Express<\/span>&nbsp;bietet professionellen Autoh\u00e4ndlern eine Vielzahl an Tools und Serviceangeboten, die den Fahrzeughandel gegen\u00fcber anderen Verkaufsformen deutlich beschleunigen. So wurde das Einstellen und Verkaufen von Fahrzeugen erheblich vereinfacht. Insbesondere Fahrzeuge, die im Handelsgesch\u00e4ft vor Ort kaum Gewinn abwerfen oder als Inzahlungnahmen angekauft werden, lassen sich durch das Portal schneller und effektiver weiterverkaufen. Dem H\u00e4ndler bieten sich damit deutlich flexiblere M\u00f6glichkeiten: Zeit, die sonst in den Verkauf oder die Suche nach Fahrzeugen verloren ging, kann zielgerichtet in das eigene Gesch\u00e4ft investiert werden. Unterschiedliche Gesch\u00e4ftsmodelle und Verkaufsstrategien lassen sich \u00fcber&nbsp;<span style=\"font-weight: bolder;\">Manheim Express<\/span>&nbsp;innerhalb k\u00fcrzester Zeit entwickeln und realisieren.&nbsp;<strong>Damit ergeben sich f\u00fcr H\u00e4ndler vollkommen neue Handels- und Wachstumsoptionen und gleichzeitig die M\u00f6glichkeit, Ressourcen effektiver zu nutzen.<\/strong><\/p>\t\t\t\t\t\t\t\t<\/div>\n\t\t\t\t<\/div>\n\t\t\t\t\t<\/div>\n\t\t<\/div>\n\t\t\t\t\t<\/div>\n\t\t<\/section>\n\t\t\t\t<\/div>\n\t\t","protected":false},"excerpt":{"rendered":"<p>Fahrzeugversteigerungen f\u00fcr H\u00e4ndler Wie Sie mit Manheim Express schnell und effektiv handeln Als professioneller H\u00e4ndler wissen Sie genau, was Sie von einer Online-Plattform f\u00fcr\u00a0Fahrzeugversteigerungen\u00a0erwarten: Flexibilit\u00e4t, Top-Service und ein schnelles und problemloses Handling.\u00a0Manheim Express\u00a0bietet Ihnen Softwarel\u00f6sungen nach Ma\u00df, die so einfach und effektiv sind, dass Sie mit wenigen Klicks zum Ziel kommen. \u00dcberzeugen Sie sich von [&hellip;]<\/p>\n","protected":false},"author":12,"featured_media":0,"parent":11571,"menu_order":0,"comment_status":"closed","ping_status":"closed","template":"","meta":{"_acf_changed":false,"footnotes":""},"wf_page_folders":[156],"class_list":["post-16327","page","type-page","status-publish","hentry"],"acf":[],"yoast_head":"<!-- This site is optimized with the Yoast SEO plugin v25.8 - https:\/\/yoast.com\/wordpress\/plugins\/seo\/ -->\n<title>Fahrzeugversteigerungen f\u00fcr H\u00e4ndler - Manheim Express die neue Auktionsplattform f\u00fcr den KFZ Handel<\/title>\n<meta name=\"description\" content=\"Mit der Plattform Manheim Express hat sich eine neue Form von Fahrzeugversteigerungen f\u00fcr H\u00e4ndler auf dem Markt etabliert.\" \/>\n<meta name=\"robots\" content=\"index, follow, max-snippet:-1, max-image-preview:large, max-video-preview:-1\" \/>\n<link rel=\"canonical\" href=\"https:\/\/www.manheim-express.eu\/de\/glossar\/fahrzeugversteigerungen-fur-handler\/\" \/>\n<meta property=\"og:locale\" content=\"de_DE\" \/>\n<meta property=\"og:type\" content=\"article\" \/>\n<meta property=\"og:title\" content=\"Fahrzeugversteigerungen f\u00fcr H\u00e4ndler - Manheim Express die neue Auktionsplattform f\u00fcr den KFZ Handel\" \/>\n<meta property=\"og:description\" content=\"Mit der Plattform Manheim Express hat sich eine neue Form von Fahrzeugversteigerungen f\u00fcr H\u00e4ndler auf dem Markt etabliert.\" \/>\n<meta property=\"og:url\" content=\"https:\/\/www.manheim-express.eu\/de\/glossar\/fahrzeugversteigerungen-fur-handler\/\" \/>\n<meta property=\"og:site_name\" content=\"Manheim Express\" \/>\n<meta property=\"article:publisher\" content=\"https:\/\/www.facebook.com\/manheimexpresseurope\/\" \/>\n<meta property=\"article:modified_time\" content=\"2024-01-15T15:39:56+00:00\" \/>\n<meta property=\"og:image\" content=\"https:\/\/www.manheim-express.eu\/wp-content\/uploads\/2022\/11\/Manheim-Express-Estate-car.png\" \/>\n<meta name=\"twitter:card\" content=\"summary_large_image\" \/>\n<meta name=\"twitter:label1\" content=\"Gesch\u00e4tzte Lesezeit\" \/>\n\t<meta name=\"twitter:data1\" content=\"3\u00a0Minuten\" \/>\n<script type=\"application\/ld+json\" class=\"yoast-schema-graph\">{\"@context\":\"https:\/\/schema.org\",\"@graph\":[{\"@type\":\"WebPage\",\"@id\":\"https:\/\/www.manheim-express.eu\/de\/glossar\/fahrzeugversteigerungen-fur-handler\/\",\"url\":\"https:\/\/www.manheim-express.eu\/de\/glossar\/fahrzeugversteigerungen-fur-handler\/\",\"name\":\"Fahrzeugversteigerungen f\u00fcr H\u00e4ndler - Manheim Express die neue Auktionsplattform f\u00fcr den KFZ Handel\",\"isPartOf\":{\"@id\":\"https:\/\/www.manheim-express.eu\/de\/#website\"},\"primaryImageOfPage\":{\"@id\":\"https:\/\/www.manheim-express.eu\/de\/glossar\/fahrzeugversteigerungen-fur-handler\/#primaryimage\"},\"image\":{\"@id\":\"https:\/\/www.manheim-express.eu\/de\/glossar\/fahrzeugversteigerungen-fur-handler\/#primaryimage\"},\"thumbnailUrl\":\"https:\/\/www.manheim-express.eu\/wp-content\/uploads\/2022\/11\/Manheim-Express-Estate-car.png\",\"datePublished\":\"2024-01-15T15:39:55+00:00\",\"dateModified\":\"2024-01-15T15:39:56+00:00\",\"description\":\"Mit der Plattform Manheim Express hat sich eine neue Form von Fahrzeugversteigerungen f\u00fcr H\u00e4ndler auf dem Markt etabliert.\",\"breadcrumb\":{\"@id\":\"https:\/\/www.manheim-express.eu\/de\/glossar\/fahrzeugversteigerungen-fur-handler\/#breadcrumb\"},\"inLanguage\":\"de\",\"potentialAction\":[{\"@type\":\"ReadAction\",\"target\":[\"https:\/\/www.manheim-express.eu\/de\/glossar\/fahrzeugversteigerungen-fur-handler\/\"]}]},{\"@type\":\"ImageObject\",\"inLanguage\":\"de\",\"@id\":\"https:\/\/www.manheim-express.eu\/de\/glossar\/fahrzeugversteigerungen-fur-handler\/#primaryimage\",\"url\":\"https:\/\/www.manheim-express.eu\/wp-content\/uploads\/2022\/11\/Manheim-Express-Estate-car.png\",\"contentUrl\":\"https:\/\/www.manheim-express.eu\/wp-content\/uploads\/2022\/11\/Manheim-Express-Estate-car.png\"},{\"@type\":\"BreadcrumbList\",\"@id\":\"https:\/\/www.manheim-express.eu\/de\/glossar\/fahrzeugversteigerungen-fur-handler\/#breadcrumb\",\"itemListElement\":[{\"@type\":\"ListItem\",\"position\":1,\"name\":\"Home\",\"item\":\"https:\/\/www.manheim-express.eu\/de\/\"},{\"@type\":\"ListItem\",\"position\":2,\"name\":\"Glossar\",\"item\":\"https:\/\/www.manheim-express.eu\/de\/glossar\/\"},{\"@type\":\"ListItem\",\"position\":3,\"name\":\"Fahrzeugversteigerungen f\u00fcr H\u00e4ndler\"}]},{\"@type\":\"WebSite\",\"@id\":\"https:\/\/www.manheim-express.eu\/de\/#website\",\"url\":\"https:\/\/www.manheim-express.eu\/de\/\",\"name\":\"Manheim Express\",\"description\":\"\",\"publisher\":{\"@id\":\"https:\/\/www.manheim-express.eu\/de\/#organization\"},\"potentialAction\":[{\"@type\":\"SearchAction\",\"target\":{\"@type\":\"EntryPoint\",\"urlTemplate\":\"https:\/\/www.manheim-express.eu\/de\/?s={search_term_string}\"},\"query-input\":{\"@type\":\"PropertyValueSpecification\",\"valueRequired\":true,\"valueName\":\"search_term_string\"}}],\"inLanguage\":\"de\"},{\"@type\":\"Organization\",\"@id\":\"https:\/\/www.manheim-express.eu\/de\/#organization\",\"name\":\"Manheim Express\",\"url\":\"https:\/\/www.manheim-express.eu\/de\/\",\"logo\":{\"@type\":\"ImageObject\",\"inLanguage\":\"de\",\"@id\":\"https:\/\/www.manheim-express.eu\/de\/#\/schema\/logo\/image\/\",\"url\":\"https:\/\/www.manheim-express.eu\/wp-content\/uploads\/2021\/07\/manheim-express-logo-light.png\",\"contentUrl\":\"https:\/\/www.manheim-express.eu\/wp-content\/uploads\/2021\/07\/manheim-express-logo-light.png\",\"width\":1163,\"height\":392,\"caption\":\"Manheim Express\"},\"image\":{\"@id\":\"https:\/\/www.manheim-express.eu\/de\/#\/schema\/logo\/image\/\"},\"sameAs\":[\"https:\/\/www.facebook.com\/manheimexpresseurope\/\",\"https:\/\/www.instagram.com\/manheim.express\",\"https:\/\/www.linkedin.com\/company\/manheim-express\/\",\"https:\/\/www.youtube.com\/channel\/UCRKJajJPvJv-ao7Tk7qra5Q\/\"]}]}<\/script>\n<!-- \/ Yoast SEO plugin. -->","yoast_head_json":{"title":"Fahrzeugversteigerungen f\u00fcr H\u00e4ndler - Manheim Express die neue Auktionsplattform f\u00fcr den KFZ Handel","description":"Mit der Plattform Manheim Express hat sich eine neue Form von Fahrzeugversteigerungen f\u00fcr H\u00e4ndler auf dem Markt etabliert.","robots":{"index":"index","follow":"follow","max-snippet":"max-snippet:-1","max-image-preview":"max-image-preview:large","max-video-preview":"max-video-preview:-1"},"canonical":"https:\/\/www.manheim-express.eu\/de\/glossar\/fahrzeugversteigerungen-fur-handler\/","og_locale":"de_DE","og_type":"article","og_title":"Fahrzeugversteigerungen f\u00fcr H\u00e4ndler - Manheim Express die neue Auktionsplattform f\u00fcr den KFZ Handel","og_description":"Mit der Plattform Manheim Express hat sich eine neue Form von Fahrzeugversteigerungen f\u00fcr H\u00e4ndler auf dem Markt etabliert.","og_url":"https:\/\/www.manheim-express.eu\/de\/glossar\/fahrzeugversteigerungen-fur-handler\/","og_site_name":"Manheim Express","article_publisher":"https:\/\/www.facebook.com\/manheimexpresseurope\/","article_modified_time":"2024-01-15T15:39:56+00:00","og_image":[{"url":"https:\/\/www.manheim-express.eu\/wp-content\/uploads\/2022\/11\/Manheim-Express-Estate-car.png","type":"","width":"","height":""}],"twitter_card":"summary_large_image","twitter_misc":{"Gesch\u00e4tzte Lesezeit":"3\u00a0Minuten"},"schema":{"@context":"https:\/\/schema.org","@graph":[{"@type":"WebPage","@id":"https:\/\/www.manheim-express.eu\/de\/glossar\/fahrzeugversteigerungen-fur-handler\/","url":"https:\/\/www.manheim-express.eu\/de\/glossar\/fahrzeugversteigerungen-fur-handler\/","name":"Fahrzeugversteigerungen f\u00fcr H\u00e4ndler - Manheim Express die neue Auktionsplattform f\u00fcr den KFZ Handel","isPartOf":{"@id":"https:\/\/www.manheim-express.eu\/de\/#website"},"primaryImageOfPage":{"@id":"https:\/\/www.manheim-express.eu\/de\/glossar\/fahrzeugversteigerungen-fur-handler\/#primaryimage"},"image":{"@id":"https:\/\/www.manheim-express.eu\/de\/glossar\/fahrzeugversteigerungen-fur-handler\/#primaryimage"},"thumbnailUrl":"https:\/\/www.manheim-express.eu\/wp-content\/uploads\/2022\/11\/Manheim-Express-Estate-car.png","datePublished":"2024-01-15T15:39:55+00:00","dateModified":"2024-01-15T15:39:56+00:00","description":"Mit der Plattform Manheim Express hat sich eine neue Form von Fahrzeugversteigerungen f\u00fcr H\u00e4ndler auf dem Markt etabliert.","breadcrumb":{"@id":"https:\/\/www.manheim-express.eu\/de\/glossar\/fahrzeugversteigerungen-fur-handler\/#breadcrumb"},"inLanguage":"de","potentialAction":[{"@type":"ReadAction","target":["https:\/\/www.manheim-express.eu\/de\/glossar\/fahrzeugversteigerungen-fur-handler\/"]}]},{"@type":"ImageObject","inLanguage":"de","@id":"https:\/\/www.manheim-express.eu\/de\/glossar\/fahrzeugversteigerungen-fur-handler\/#primaryimage","url":"https:\/\/www.manheim-express.eu\/wp-content\/uploads\/2022\/11\/Manheim-Express-Estate-car.png","contentUrl":"https:\/\/www.manheim-express.eu\/wp-content\/uploads\/2022\/11\/Manheim-Express-Estate-car.png"},{"@type":"BreadcrumbList","@id":"https:\/\/www.manheim-express.eu\/de\/glossar\/fahrzeugversteigerungen-fur-handler\/#breadcrumb","itemListElement":[{"@type":"ListItem","position":1,"name":"Home","item":"https:\/\/www.manheim-express.eu\/de\/"},{"@type":"ListItem","position":2,"name":"Glossar","item":"https:\/\/www.manheim-express.eu\/de\/glossar\/"},{"@type":"ListItem","position":3,"name":"Fahrzeugversteigerungen f\u00fcr H\u00e4ndler"}]},{"@type":"WebSite","@id":"https:\/\/www.manheim-express.eu\/de\/#website","url":"https:\/\/www.manheim-express.eu\/de\/","name":"Manheim Express","description":"","publisher":{"@id":"https:\/\/www.manheim-express.eu\/de\/#organization"},"potentialAction":[{"@type":"SearchAction","target":{"@type":"EntryPoint","urlTemplate":"https:\/\/www.manheim-express.eu\/de\/?s={search_term_string}"},"query-input":{"@type":"PropertyValueSpecification","valueRequired":true,"valueName":"search_term_string"}}],"inLanguage":"de"},{"@type":"Organization","@id":"https:\/\/www.manheim-express.eu\/de\/#organization","name":"Manheim Express","url":"https:\/\/www.manheim-express.eu\/de\/","logo":{"@type":"ImageObject","inLanguage":"de","@id":"https:\/\/www.manheim-express.eu\/de\/#\/schema\/logo\/image\/","url":"https:\/\/www.manheim-express.eu\/wp-content\/uploads\/2021\/07\/manheim-express-logo-light.png","contentUrl":"https:\/\/www.manheim-express.eu\/wp-content\/uploads\/2021\/07\/manheim-express-logo-light.png","width":1163,"height":392,"caption":"Manheim Express"},"image":{"@id":"https:\/\/www.manheim-express.eu\/de\/#\/schema\/logo\/image\/"},"sameAs":["https:\/\/www.facebook.com\/manheimexpresseurope\/","https:\/\/www.instagram.com\/manheim.express","https:\/\/www.linkedin.com\/company\/manheim-express\/","https:\/\/www.youtube.com\/channel\/UCRKJajJPvJv-ao7Tk7qra5Q\/"]}]}},"_links":{"self":[{"href":"https:\/\/www.manheim-express.eu\/de\/wp-json\/wp\/v2\/pages\/16327","targetHints":{"allow":["GET"]}}],"collection":[{"href":"https:\/\/www.manheim-express.eu\/de\/wp-json\/wp\/v2\/pages"}],"about":[{"href":"https:\/\/www.manheim-express.eu\/de\/wp-json\/wp\/v2\/types\/page"}],"author":[{"embeddable":true,"href":"https:\/\/www.manheim-express.eu\/de\/wp-json\/wp\/v2\/users\/12"}],"replies":[{"embeddable":true,"href":"https:\/\/www.manheim-express.eu\/de\/wp-json\/wp\/v2\/comments?post=16327"}],"version-history":[{"count":13,"href":"https:\/\/www.manheim-express.eu\/de\/wp-json\/wp\/v2\/pages\/16327\/revisions"}],"predecessor-version":[{"id":16826,"href":"https:\/\/www.manheim-express.eu\/de\/wp-json\/wp\/v2\/pages\/16327\/revisions\/16826"}],"up":[{"embeddable":true,"href":"https:\/\/www.manheim-express.eu\/de\/wp-json\/wp\/v2\/pages\/11571"}],"wp:attachment":[{"href":"https:\/\/www.manheim-express.eu\/de\/wp-json\/wp\/v2\/media?parent=16327"}],"wp:term":[{"taxonomy":"wf_page_folders","embeddable":true,"href":"https:\/\/www.manheim-express.eu\/de\/wp-json\/wp\/v2\/wf_page_folders?post=16327"}],"curies":[{"name":"wp","href":"https:\/\/api.w.org\/{rel}","templated":true}]}}