{"id":16322,"date":"2024-01-15T15:35:40","date_gmt":"2024-01-15T15:35:40","guid":{"rendered":"https:\/\/www.manheim-express.eu\/?page_id=16322"},"modified":"2024-01-15T15:35:41","modified_gmt":"2024-01-15T15:35:41","slug":"exportfahrzeuge","status":"publish","type":"page","link":"https:\/\/www.manheim-express.eu\/de\/glossar\/exportfahrzeuge\/","title":{"rendered":"Exportfahrzeuge"},"content":{"rendered":"\t\t<div data-elementor-type=\"wp-page\" data-elementor-id=\"16322\" class=\"elementor elementor-16322\" data-elementor-post-type=\"page\">\n\t\t\t\t\t\t<section class=\"elementor-section elementor-top-section elementor-element elementor-element-5ad223c elementor-section-full_width elementor-section-stretched elementor-section-height-default elementor-section-height-default\" data-id=\"5ad223c\" data-element_type=\"section\" data-settings=\"{&quot;stretch_section&quot;:&quot;section-stretched&quot;}\">\n\t\t\t\t\t\t<div class=\"elementor-container elementor-column-gap-default\">\n\t\t\t\t\t<div class=\"elementor-column elementor-col-50 elementor-top-column elementor-element elementor-element-d3b519c\" data-id=\"d3b519c\" data-element_type=\"column\" data-settings=\"{&quot;background_background&quot;:&quot;classic&quot;}\">\n\t\t\t<div class=\"elementor-widget-wrap elementor-element-populated\">\n\t\t\t\t\t\t<div class=\"elementor-element elementor-element-036dc3a elementor-widget elementor-widget-text-editor\" data-id=\"036dc3a\" data-element_type=\"widget\" data-widget_type=\"text-editor.default\">\n\t\t\t\t<div class=\"elementor-widget-container\">\n\t\t\t\t\t\t\t\t\t<h2>Sie interessieren sich f\u00fcr Exportfahrzeuge?<\/h2>\t\t\t\t\t\t\t\t<\/div>\n\t\t\t\t<\/div>\n\t\t\t\t<div class=\"elementor-element elementor-element-21c3353 elementor-widget elementor-widget-text-editor\" data-id=\"21c3353\" data-element_type=\"widget\" data-widget_type=\"text-editor.default\">\n\t\t\t\t<div class=\"elementor-widget-container\">\n\t\t\t\t\t\t\t\t\t<h3 class=\"\">Manheim Express zeigt Ihnen, was Sie beachten m\u00fcssen<\/h3>\t\t\t\t\t\t\t\t<\/div>\n\t\t\t\t<\/div>\n\t\t\t\t<div class=\"elementor-element elementor-element-c37119d elementor-widget elementor-widget-text-editor\" data-id=\"c37119d\" data-element_type=\"widget\" data-widget_type=\"text-editor.default\">\n\t\t\t\t<div class=\"elementor-widget-container\">\n\t\t\t\t\t\t\t\t\t<p>Um das Thema Exportfahrzeuge herrscht bei vielen Interessenten, aber auch bei manchen Verk\u00e4ufern Unklarheit. Der Ausdruck wird in verschiedenen Zusammenh\u00e4ngen verwendet und hat im Gebrauchtwagenmarkt keine klar definierte Bedeutung.&nbsp;<strong>Manheim Express<\/strong>&nbsp;hilft Ihnen, besser einsch\u00e4tzen zu k\u00f6nnen, was es damit auf sich hat, welche Zielgruppen damit angesprochen werden und wie es mit dem Thema Gew\u00e4hrleistung und Exportfahrzeuge aussieht.<\/p>\t\t\t\t\t\t\t\t<\/div>\n\t\t\t\t<\/div>\n\t\t\t\t<div class=\"elementor-element elementor-element-76774e4 elementor-widget elementor-widget-button\" data-id=\"76774e4\" data-element_type=\"widget\" data-widget_type=\"button.default\">\n\t\t\t\t<div class=\"elementor-widget-container\">\n\t\t\t\t\t\t\t\t\t<div class=\"elementor-button-wrapper\">\n\t\t\t\t\t<a class=\"elementor-button elementor-button-link elementor-size-lg\" href=\"#\">\n\t\t\t\t\t\t<span class=\"elementor-button-content-wrapper\">\n\t\t\t\t\t\t\t\t\t<span class=\"elementor-button-text\">Mehr Infos finden Sie hier<\/span>\n\t\t\t\t\t<\/span>\n\t\t\t\t\t<\/a>\n\t\t\t\t<\/div>\n\t\t\t\t\t\t\t\t<\/div>\n\t\t\t\t<\/div>\n\t\t\t\t<div class=\"elementor-element elementor-element-93513c7 elementor-widget elementor-widget-image\" data-id=\"93513c7\" data-element_type=\"widget\" data-widget_type=\"image.default\">\n\t\t\t\t<div class=\"elementor-widget-container\">\n\t\t\t\t\t\t\t\t\t\t\t\t\t\t\t<img fetchpriority=\"high\" decoding=\"async\" width=\"800\" height=\"389\" src=\"https:\/\/www.manheim-express.eu\/wp-content\/uploads\/2022\/11\/Manheim-Express-Estate-car.png\" class=\"attachment-large size-large wp-image-14639\" alt=\"\" srcset=\"https:\/\/www.manheim-express.eu\/wp-content\/uploads\/2022\/11\/Manheim-Express-Estate-car.png 1024w, https:\/\/www.manheim-express.eu\/wp-content\/uploads\/2022\/11\/Manheim-Express-Estate-car-300x146.png 300w, https:\/\/www.manheim-express.eu\/wp-content\/uploads\/2022\/11\/Manheim-Express-Estate-car-768x374.png 768w\" sizes=\"(max-width: 800px) 100vw, 800px\" \/>\t\t\t\t\t\t\t\t\t\t\t\t\t\t\t<\/div>\n\t\t\t\t<\/div>\n\t\t\t\t\t<\/div>\n\t\t<\/div>\n\t\t\t\t<div class=\"elementor-column elementor-col-50 elementor-top-column elementor-element elementor-element-213236b\" data-id=\"213236b\" data-element_type=\"column\" data-settings=\"{&quot;background_background&quot;:&quot;classic&quot;}\">\n\t\t\t<div class=\"elementor-widget-wrap elementor-element-populated\">\n\t\t\t\t\t\t<div class=\"elementor-element elementor-element-e9c050a elementor-widget elementor-widget-text-editor\" data-id=\"e9c050a\" data-element_type=\"widget\" data-widget_type=\"text-editor.default\">\n\t\t\t\t<div class=\"elementor-widget-container\">\n\t\t\t\t\t\t\t\t\t<h2 class=\"\">Was sind Exportfahrzeuge?<\/h2>\t\t\t\t\t\t\t\t<\/div>\n\t\t\t\t<\/div>\n\t\t\t\t<div class=\"elementor-element elementor-element-8d896a4 elementor-widget elementor-widget-text-editor\" data-id=\"8d896a4\" data-element_type=\"widget\" data-widget_type=\"text-editor.default\">\n\t\t\t\t<div class=\"elementor-widget-container\">\n\t\t\t\t\t\t\t\t\t<p>In der Automobilbranche wird der Begriff \u201e<strong>Exportfahrzeuge<\/strong>\u201c in unterschiedlichen Zusammenh\u00e4ngen verwendet. Das kann zu Verwechslungen und Fehlern beim Kauf f\u00fchren, weshalb hier Vorsicht geboten ist. Eine g\u00e4ngige Verwendung f\u00fcr den Begriff \u201e<strong>Exportfahrzeuge<\/strong>\u201c sind zun\u00e4chst solche Fahrzeuge, die von einem Hersteller f\u00fcr einen ausl\u00e4ndischen Markt produziert werden. Die Gr\u00fcnde f\u00fcr die Produktion solcher\u00a0<strong>Exportfahrzeuge<\/strong>\u00a0liegen in der Regel darin, dass es f\u00fcr den Hersteller g\u00fcnstiger ist, ein bestimmtes Modell mit spezifischen, f\u00fcr einen ausl\u00e4ndischen Markt geeigneten, Eigenschaften an einem bestimmten Standort zu produzieren. Die Fahrzeuge werden nach der Produktion also dem Markt des Herstellungslandes gar nicht erst zur Verf\u00fcgung gestellt, sondern in das entsprechende Land exportiert. Ein anschauliches Beispiel f\u00fcr<strong>\u00a0Exportfahrzeuge<\/strong>\u00a0dieses Typs sind Fahrzeuge mit Rechtslenker, die nach der Produktion in L\u00e4nder mit Linksverkehr exportiert werden. Aber auch weniger auff\u00e4llige Merkmale k\u00f6nnen ausreichen, um Fahrzeuge zu<strong>\u00a0Exportfahrzeugen<\/strong>\u00a0zu machen. Hierzu geh\u00f6ren technische Details (beispielsweise der Lichtanlage), nicht gesetzeskonforme Verbrauchswerte oder optische Details. Deutschland, als Exportweltmeister, produziert j\u00e4hrlich eine enorme St\u00fcckzahl solcher\u00a0<strong>Exportfahrzeuge<\/strong>\u00a0f\u00fcr ausl\u00e4ndische M\u00e4rkte.<\/p>\t\t\t\t\t\t\t\t<\/div>\n\t\t\t\t<\/div>\n\t\t\t\t<div class=\"elementor-element elementor-element-b3d2cf9 elementor-widget elementor-widget-text-editor\" data-id=\"b3d2cf9\" data-element_type=\"widget\" data-widget_type=\"text-editor.default\">\n\t\t\t\t<div class=\"elementor-widget-container\">\n\t\t\t\t\t\t\t\t\t<h2 class=\"text-center\">Exportfahrzeuge im Gebrauchtwagenhandel<\/h2>\t\t\t\t\t\t\t\t<\/div>\n\t\t\t\t<\/div>\n\t\t\t\t<div class=\"elementor-element elementor-element-76f2c0f elementor-widget elementor-widget-text-editor\" data-id=\"76f2c0f\" data-element_type=\"widget\" data-widget_type=\"text-editor.default\">\n\t\t\t\t<div class=\"elementor-widget-container\">\n\t\t\t\t\t\t\t\t\t<p class=\"text-justify\">Neben der oben genannten Definition f\u00fcr\u00a0<strong>Exportfahrzeuge<\/strong>\u00a0aus der Neuwagenproduktion haben sich im Gebrauchtwagenmarkt andere Bedeutungen f\u00fcr \u201e<strong>Exportfahrzeuge<\/strong>\u201c etabliert. Hier werden mit der Bezeichnung solche Fahrzeuge versehen, die nicht mehr f\u00fcr den deutschen Markt geeignet sind, weil sie die Anforderungen, die an in Deutschland zugelassene Fahrzeuge gestellt werden, nicht mehr erf\u00fcllen. Die Gr\u00fcnde hierf\u00fcr k\u00f6nnen beispielsweise ein Motorschaden oder zu hohe Schadstoffwerte sein.\u00a0<strong>Exportfahrzeug<\/strong>\u00a0bedeutet in diesem Zusammenhang nicht, dass der H\u00e4ndler keine Gew\u00e4hrleistung f\u00fcr das von ihm verkaufte Fahrzeug \u00fcbernimmt. Privatk\u00e4ufer aus Deutschland k\u00f6nnen also als\u00a0<strong>Exportfahrzeuge\u00a0<\/strong>gekennzeichnete Fahrzeuge ebenso erwerben wie Gewerbetreibende. Die Kennzeichnung\u00a0<strong>Exportfahrzeuge<\/strong>\u00a0deutet lediglich darauf hin, dass ein Fahrzeug aus bestimmten Gr\u00fcnden f\u00fcr den deutschen Markt nicht mehr geeignet erscheint oder die Zulassung zu kostspielig w\u00e4re. Beim Kauf solcher Fahrzeuge sollte mit Bedacht vorgegangen werden, da der Zustand und jeweilige Marktpreis solcher Fahrzeuge deutlich schwanken kann.<\/p>\t\t\t\t\t\t\t\t<\/div>\n\t\t\t\t<\/div>\n\t\t\t\t<div class=\"elementor-element elementor-element-7e2cba2 elementor-widget elementor-widget-text-editor\" data-id=\"7e2cba2\" data-element_type=\"widget\" data-widget_type=\"text-editor.default\">\n\t\t\t\t<div class=\"elementor-widget-container\">\n\t\t\t\t\t\t\t\t\t<h2 class=\"text-center\">Verkauf des eigenen Fahrzeugs als Exportfahrzeug<\/h2>\t\t\t\t\t\t\t\t<\/div>\n\t\t\t\t<\/div>\n\t\t\t\t<div class=\"elementor-element elementor-element-eaa2869 elementor-widget elementor-widget-text-editor\" data-id=\"eaa2869\" data-element_type=\"widget\" data-widget_type=\"text-editor.default\">\n\t\t\t\t<div class=\"elementor-widget-container\">\n\t\t\t\t\t\t\t\t\t<p class=\"text-justify\">Die begriffliche Verwirrung rund um das Thema \u201e<strong>Exportfahrzeuge<\/strong>\u201c wird noch verst\u00e4rkt durch H\u00e4ndler, die mit der Bezeichnung \u201eF\u00fcr den Export\u201c auf Kundenfang gehen. Damit soll dem potenziellen Verk\u00e4ufer eines Fahrzeuges angezeigt werden, dass er sein Fahrzeug \u2013 das m\u00f6glicherweise auf dem deutschen Markt nur noch einen geringen Wert besitzt \u2013 als\u00a0<strong>Exportfahrzeug<\/strong>\u00a0im Ausland noch mit Gewinn verkaufen kann. Autos mit hoher Laufleistung oder einem fr\u00fchen Baujahr werden besonders gerne in diesem Zusammenhang als\u00a0<strong>Exportfahrzeuge<\/strong>\u00a0bezeichnet. Sogenannte \u201eK\u00e4rtchenh\u00e4ndler\u201c aber auch andere Gebrauchtwagenh\u00e4ndler werben mitunter mit dem Argument, Fahrzeuge als\u00a0<strong>Exportfahrzeuge<\/strong>\u00a0weiterzuverkaufen. Als Verk\u00e4ufer sollte man hier vorsichtig sein. Oft sind die Preisvorschl\u00e4ge solcher H\u00e4ndler alles andere als seri\u00f6s und es besteht die Gefahr, sein Fahrzeug unter Wert zu verkaufen. Daher sollten nach M\u00f6glichkeit vorher Informationen \u00fcber einen realistischen Verkaufspreis des Fahrzeugs eingeholt werden. Der Ausdruck\u00a0<strong>Exportfahrzeug<\/strong>\u00a0sagt zun\u00e4chst also wenig \u00fcber ein Fahrzeug aus. Grunds\u00e4tzlich muss immer das Fahrzeug selbst, sein Zustand und die beabsichtigte Weiterverwendung ber\u00fccksichtigt werden. \u00a0<\/p>\t\t\t\t\t\t\t\t<\/div>\n\t\t\t\t<\/div>\n\t\t\t\t\t<\/div>\n\t\t<\/div>\n\t\t\t\t\t<\/div>\n\t\t<\/section>\n\t\t\t\t<\/div>\n\t\t","protected":false},"excerpt":{"rendered":"<p>Sie interessieren sich f\u00fcr Exportfahrzeuge? Manheim Express zeigt Ihnen, was Sie beachten m\u00fcssen Um das Thema Exportfahrzeuge herrscht bei vielen Interessenten, aber auch bei manchen Verk\u00e4ufern Unklarheit. Der Ausdruck wird in verschiedenen Zusammenh\u00e4ngen verwendet und hat im Gebrauchtwagenmarkt keine klar definierte Bedeutung.&nbsp;Manheim Express&nbsp;hilft Ihnen, besser einsch\u00e4tzen zu k\u00f6nnen, was es damit auf sich hat, welche [&hellip;]<\/p>\n","protected":false},"author":12,"featured_media":0,"parent":11571,"menu_order":0,"comment_status":"closed","ping_status":"closed","template":"","meta":{"_acf_changed":false,"footnotes":""},"wf_page_folders":[156],"class_list":["post-16322","page","type-page","status-publish","hentry"],"acf":[],"yoast_head":"<!-- This site is optimized with the Yoast SEO plugin v25.8 - https:\/\/yoast.com\/wordpress\/plugins\/seo\/ -->\n<title>Exportfahrzeuge - Manheim Express die neue Auktionsplattform f\u00fcr den KFZ Handel<\/title>\n<meta name=\"description\" content=\"Um das Thema Exportfahrzeuge herrscht bei vielen Interessenten, aber auch bei manchen Verk\u00e4ufern Unklarheit.\" \/>\n<meta name=\"robots\" content=\"index, follow, max-snippet:-1, max-image-preview:large, max-video-preview:-1\" \/>\n<link rel=\"canonical\" href=\"https:\/\/www.manheim-express.eu\/de\/glossar\/exportfahrzeuge\/\" \/>\n<meta property=\"og:locale\" content=\"de_DE\" \/>\n<meta property=\"og:type\" content=\"article\" \/>\n<meta property=\"og:title\" content=\"Exportfahrzeuge - Manheim Express die neue Auktionsplattform f\u00fcr den KFZ Handel\" \/>\n<meta property=\"og:description\" content=\"Um das Thema Exportfahrzeuge herrscht bei vielen Interessenten, aber auch bei manchen Verk\u00e4ufern Unklarheit.\" \/>\n<meta property=\"og:url\" content=\"https:\/\/www.manheim-express.eu\/de\/glossar\/exportfahrzeuge\/\" \/>\n<meta property=\"og:site_name\" content=\"Manheim Express\" \/>\n<meta property=\"article:publisher\" content=\"https:\/\/www.facebook.com\/manheimexpresseurope\/\" \/>\n<meta property=\"article:modified_time\" content=\"2024-01-15T15:35:41+00:00\" \/>\n<meta property=\"og:image\" content=\"https:\/\/www.manheim-express.eu\/wp-content\/uploads\/2022\/11\/Manheim-Express-Estate-car.png\" \/>\n<meta name=\"twitter:card\" content=\"summary_large_image\" \/>\n<meta name=\"twitter:label1\" content=\"Gesch\u00e4tzte Lesezeit\" \/>\n\t<meta name=\"twitter:data1\" content=\"3\u00a0Minuten\" \/>\n<script type=\"application\/ld+json\" class=\"yoast-schema-graph\">{\"@context\":\"https:\/\/schema.org\",\"@graph\":[{\"@type\":\"WebPage\",\"@id\":\"https:\/\/www.manheim-express.eu\/de\/glossar\/exportfahrzeuge\/\",\"url\":\"https:\/\/www.manheim-express.eu\/de\/glossar\/exportfahrzeuge\/\",\"name\":\"Exportfahrzeuge - Manheim Express die neue Auktionsplattform f\u00fcr den KFZ Handel\",\"isPartOf\":{\"@id\":\"https:\/\/www.manheim-express.eu\/de\/#website\"},\"primaryImageOfPage\":{\"@id\":\"https:\/\/www.manheim-express.eu\/de\/glossar\/exportfahrzeuge\/#primaryimage\"},\"image\":{\"@id\":\"https:\/\/www.manheim-express.eu\/de\/glossar\/exportfahrzeuge\/#primaryimage\"},\"thumbnailUrl\":\"https:\/\/www.manheim-express.eu\/wp-content\/uploads\/2022\/11\/Manheim-Express-Estate-car.png\",\"datePublished\":\"2024-01-15T15:35:40+00:00\",\"dateModified\":\"2024-01-15T15:35:41+00:00\",\"description\":\"Um das Thema Exportfahrzeuge herrscht bei vielen Interessenten, aber auch bei manchen Verk\u00e4ufern Unklarheit.\",\"breadcrumb\":{\"@id\":\"https:\/\/www.manheim-express.eu\/de\/glossar\/exportfahrzeuge\/#breadcrumb\"},\"inLanguage\":\"de\",\"potentialAction\":[{\"@type\":\"ReadAction\",\"target\":[\"https:\/\/www.manheim-express.eu\/de\/glossar\/exportfahrzeuge\/\"]}]},{\"@type\":\"ImageObject\",\"inLanguage\":\"de\",\"@id\":\"https:\/\/www.manheim-express.eu\/de\/glossar\/exportfahrzeuge\/#primaryimage\",\"url\":\"https:\/\/www.manheim-express.eu\/wp-content\/uploads\/2022\/11\/Manheim-Express-Estate-car.png\",\"contentUrl\":\"https:\/\/www.manheim-express.eu\/wp-content\/uploads\/2022\/11\/Manheim-Express-Estate-car.png\"},{\"@type\":\"BreadcrumbList\",\"@id\":\"https:\/\/www.manheim-express.eu\/de\/glossar\/exportfahrzeuge\/#breadcrumb\",\"itemListElement\":[{\"@type\":\"ListItem\",\"position\":1,\"name\":\"Home\",\"item\":\"https:\/\/www.manheim-express.eu\/de\/\"},{\"@type\":\"ListItem\",\"position\":2,\"name\":\"Glossar\",\"item\":\"https:\/\/www.manheim-express.eu\/de\/glossar\/\"},{\"@type\":\"ListItem\",\"position\":3,\"name\":\"Exportfahrzeuge\"}]},{\"@type\":\"WebSite\",\"@id\":\"https:\/\/www.manheim-express.eu\/de\/#website\",\"url\":\"https:\/\/www.manheim-express.eu\/de\/\",\"name\":\"Manheim Express\",\"description\":\"\",\"publisher\":{\"@id\":\"https:\/\/www.manheim-express.eu\/de\/#organization\"},\"potentialAction\":[{\"@type\":\"SearchAction\",\"target\":{\"@type\":\"EntryPoint\",\"urlTemplate\":\"https:\/\/www.manheim-express.eu\/de\/?s={search_term_string}\"},\"query-input\":{\"@type\":\"PropertyValueSpecification\",\"valueRequired\":true,\"valueName\":\"search_term_string\"}}],\"inLanguage\":\"de\"},{\"@type\":\"Organization\",\"@id\":\"https:\/\/www.manheim-express.eu\/de\/#organization\",\"name\":\"Manheim Express\",\"url\":\"https:\/\/www.manheim-express.eu\/de\/\",\"logo\":{\"@type\":\"ImageObject\",\"inLanguage\":\"de\",\"@id\":\"https:\/\/www.manheim-express.eu\/de\/#\/schema\/logo\/image\/\",\"url\":\"https:\/\/www.manheim-express.eu\/wp-content\/uploads\/2021\/07\/manheim-express-logo-light.png\",\"contentUrl\":\"https:\/\/www.manheim-express.eu\/wp-content\/uploads\/2021\/07\/manheim-express-logo-light.png\",\"width\":1163,\"height\":392,\"caption\":\"Manheim Express\"},\"image\":{\"@id\":\"https:\/\/www.manheim-express.eu\/de\/#\/schema\/logo\/image\/\"},\"sameAs\":[\"https:\/\/www.facebook.com\/manheimexpresseurope\/\",\"https:\/\/www.instagram.com\/manheim.express\",\"https:\/\/www.linkedin.com\/company\/manheim-express\/\",\"https:\/\/www.youtube.com\/channel\/UCRKJajJPvJv-ao7Tk7qra5Q\/\"]}]}<\/script>\n<!-- \/ Yoast SEO plugin. -->","yoast_head_json":{"title":"Exportfahrzeuge - Manheim Express die neue Auktionsplattform f\u00fcr den KFZ Handel","description":"Um das Thema Exportfahrzeuge herrscht bei vielen Interessenten, aber auch bei manchen Verk\u00e4ufern Unklarheit.","robots":{"index":"index","follow":"follow","max-snippet":"max-snippet:-1","max-image-preview":"max-image-preview:large","max-video-preview":"max-video-preview:-1"},"canonical":"https:\/\/www.manheim-express.eu\/de\/glossar\/exportfahrzeuge\/","og_locale":"de_DE","og_type":"article","og_title":"Exportfahrzeuge - Manheim Express die neue Auktionsplattform f\u00fcr den KFZ Handel","og_description":"Um das Thema Exportfahrzeuge herrscht bei vielen Interessenten, aber auch bei manchen Verk\u00e4ufern Unklarheit.","og_url":"https:\/\/www.manheim-express.eu\/de\/glossar\/exportfahrzeuge\/","og_site_name":"Manheim Express","article_publisher":"https:\/\/www.facebook.com\/manheimexpresseurope\/","article_modified_time":"2024-01-15T15:35:41+00:00","og_image":[{"url":"https:\/\/www.manheim-express.eu\/wp-content\/uploads\/2022\/11\/Manheim-Express-Estate-car.png","type":"","width":"","height":""}],"twitter_card":"summary_large_image","twitter_misc":{"Gesch\u00e4tzte Lesezeit":"3\u00a0Minuten"},"schema":{"@context":"https:\/\/schema.org","@graph":[{"@type":"WebPage","@id":"https:\/\/www.manheim-express.eu\/de\/glossar\/exportfahrzeuge\/","url":"https:\/\/www.manheim-express.eu\/de\/glossar\/exportfahrzeuge\/","name":"Exportfahrzeuge - Manheim Express die neue Auktionsplattform f\u00fcr den KFZ Handel","isPartOf":{"@id":"https:\/\/www.manheim-express.eu\/de\/#website"},"primaryImageOfPage":{"@id":"https:\/\/www.manheim-express.eu\/de\/glossar\/exportfahrzeuge\/#primaryimage"},"image":{"@id":"https:\/\/www.manheim-express.eu\/de\/glossar\/exportfahrzeuge\/#primaryimage"},"thumbnailUrl":"https:\/\/www.manheim-express.eu\/wp-content\/uploads\/2022\/11\/Manheim-Express-Estate-car.png","datePublished":"2024-01-15T15:35:40+00:00","dateModified":"2024-01-15T15:35:41+00:00","description":"Um das Thema Exportfahrzeuge herrscht bei vielen Interessenten, aber auch bei manchen Verk\u00e4ufern Unklarheit.","breadcrumb":{"@id":"https:\/\/www.manheim-express.eu\/de\/glossar\/exportfahrzeuge\/#breadcrumb"},"inLanguage":"de","potentialAction":[{"@type":"ReadAction","target":["https:\/\/www.manheim-express.eu\/de\/glossar\/exportfahrzeuge\/"]}]},{"@type":"ImageObject","inLanguage":"de","@id":"https:\/\/www.manheim-express.eu\/de\/glossar\/exportfahrzeuge\/#primaryimage","url":"https:\/\/www.manheim-express.eu\/wp-content\/uploads\/2022\/11\/Manheim-Express-Estate-car.png","contentUrl":"https:\/\/www.manheim-express.eu\/wp-content\/uploads\/2022\/11\/Manheim-Express-Estate-car.png"},{"@type":"BreadcrumbList","@id":"https:\/\/www.manheim-express.eu\/de\/glossar\/exportfahrzeuge\/#breadcrumb","itemListElement":[{"@type":"ListItem","position":1,"name":"Home","item":"https:\/\/www.manheim-express.eu\/de\/"},{"@type":"ListItem","position":2,"name":"Glossar","item":"https:\/\/www.manheim-express.eu\/de\/glossar\/"},{"@type":"ListItem","position":3,"name":"Exportfahrzeuge"}]},{"@type":"WebSite","@id":"https:\/\/www.manheim-express.eu\/de\/#website","url":"https:\/\/www.manheim-express.eu\/de\/","name":"Manheim Express","description":"","publisher":{"@id":"https:\/\/www.manheim-express.eu\/de\/#organization"},"potentialAction":[{"@type":"SearchAction","target":{"@type":"EntryPoint","urlTemplate":"https:\/\/www.manheim-express.eu\/de\/?s={search_term_string}"},"query-input":{"@type":"PropertyValueSpecification","valueRequired":true,"valueName":"search_term_string"}}],"inLanguage":"de"},{"@type":"Organization","@id":"https:\/\/www.manheim-express.eu\/de\/#organization","name":"Manheim Express","url":"https:\/\/www.manheim-express.eu\/de\/","logo":{"@type":"ImageObject","inLanguage":"de","@id":"https:\/\/www.manheim-express.eu\/de\/#\/schema\/logo\/image\/","url":"https:\/\/www.manheim-express.eu\/wp-content\/uploads\/2021\/07\/manheim-express-logo-light.png","contentUrl":"https:\/\/www.manheim-express.eu\/wp-content\/uploads\/2021\/07\/manheim-express-logo-light.png","width":1163,"height":392,"caption":"Manheim Express"},"image":{"@id":"https:\/\/www.manheim-express.eu\/de\/#\/schema\/logo\/image\/"},"sameAs":["https:\/\/www.facebook.com\/manheimexpresseurope\/","https:\/\/www.instagram.com\/manheim.express","https:\/\/www.linkedin.com\/company\/manheim-express\/","https:\/\/www.youtube.com\/channel\/UCRKJajJPvJv-ao7Tk7qra5Q\/"]}]}},"_links":{"self":[{"href":"https:\/\/www.manheim-express.eu\/de\/wp-json\/wp\/v2\/pages\/16322","targetHints":{"allow":["GET"]}}],"collection":[{"href":"https:\/\/www.manheim-express.eu\/de\/wp-json\/wp\/v2\/pages"}],"about":[{"href":"https:\/\/www.manheim-express.eu\/de\/wp-json\/wp\/v2\/types\/page"}],"author":[{"embeddable":true,"href":"https:\/\/www.manheim-express.eu\/de\/wp-json\/wp\/v2\/users\/12"}],"replies":[{"embeddable":true,"href":"https:\/\/www.manheim-express.eu\/de\/wp-json\/wp\/v2\/comments?post=16322"}],"version-history":[{"count":10,"href":"https:\/\/www.manheim-express.eu\/de\/wp-json\/wp\/v2\/pages\/16322\/revisions"}],"predecessor-version":[{"id":16817,"href":"https:\/\/www.manheim-express.eu\/de\/wp-json\/wp\/v2\/pages\/16322\/revisions\/16817"}],"up":[{"embeddable":true,"href":"https:\/\/www.manheim-express.eu\/de\/wp-json\/wp\/v2\/pages\/11571"}],"wp:attachment":[{"href":"https:\/\/www.manheim-express.eu\/de\/wp-json\/wp\/v2\/media?parent=16322"}],"wp:term":[{"taxonomy":"wf_page_folders","embeddable":true,"href":"https:\/\/www.manheim-express.eu\/de\/wp-json\/wp\/v2\/wf_page_folders?post=16322"}],"curies":[{"name":"wp","href":"https:\/\/api.w.org\/{rel}","templated":true}]}}