{"id":16314,"date":"2024-01-15T15:34:39","date_gmt":"2024-01-15T15:34:39","guid":{"rendered":"https:\/\/www.manheim-express.eu\/?page_id=16314"},"modified":"2024-01-15T15:34:40","modified_gmt":"2024-01-15T15:34:40","slug":"einkauf-fur-autohandler","status":"publish","type":"page","link":"https:\/\/www.manheim-express.eu\/de\/glossar\/einkauf-fur-autohandler\/","title":{"rendered":"Einkauf f\u00fcr Autoh\u00e4ndler"},"content":{"rendered":"\t\t<div data-elementor-type=\"wp-page\" data-elementor-id=\"16314\" class=\"elementor elementor-16314\" data-elementor-post-type=\"page\">\n\t\t\t\t\t\t<section class=\"elementor-section elementor-top-section elementor-element elementor-element-5ad223c elementor-section-full_width elementor-section-stretched elementor-section-height-default elementor-section-height-default\" data-id=\"5ad223c\" data-element_type=\"section\" data-settings=\"{&quot;stretch_section&quot;:&quot;section-stretched&quot;}\">\n\t\t\t\t\t\t<div class=\"elementor-container elementor-column-gap-default\">\n\t\t\t\t\t<div class=\"elementor-column elementor-col-50 elementor-top-column elementor-element elementor-element-d3b519c\" data-id=\"d3b519c\" data-element_type=\"column\" data-settings=\"{&quot;background_background&quot;:&quot;classic&quot;}\">\n\t\t\t<div class=\"elementor-widget-wrap elementor-element-populated\">\n\t\t\t\t\t\t<div class=\"elementor-element elementor-element-036dc3a elementor-widget elementor-widget-text-editor\" data-id=\"036dc3a\" data-element_type=\"widget\" data-widget_type=\"text-editor.default\">\n\t\t\t\t<div class=\"elementor-widget-container\">\n\t\t\t\t\t\t\t\t\t<h2>Einkauf f\u00fcr Autoh\u00e4ndler mit System<\/h2>\t\t\t\t\t\t\t\t<\/div>\n\t\t\t\t<\/div>\n\t\t\t\t<div class=\"elementor-element elementor-element-21c3353 elementor-widget elementor-widget-text-editor\" data-id=\"21c3353\" data-element_type=\"widget\" data-widget_type=\"text-editor.default\">\n\t\t\t\t<div class=\"elementor-widget-container\">\n\t\t\t\t\t\t\t\t\t<h3 class=\"\">Mit Manheim Express erfahren Sie, worauf es ankommt!<\/h3>\t\t\t\t\t\t\t\t<\/div>\n\t\t\t\t<\/div>\n\t\t\t\t<div class=\"elementor-element elementor-element-c37119d elementor-widget elementor-widget-text-editor\" data-id=\"c37119d\" data-element_type=\"widget\" data-widget_type=\"text-editor.default\">\n\t\t\t\t<div class=\"elementor-widget-container\">\n\t\t\t\t\t\t\t\t\t<p>B2B Plattformen k\u00f6nnen f\u00fcr H\u00e4ndler einen entscheidenden Impuls den erfolgreichen\u00a0<strong>Einkauf von\u00a0<\/strong><strong>Gebrauchtwagen<\/strong>\u00a0haben. Der Markt hat sich in diesem Segment allerdings breit aufgef\u00e4chert und so stellt sich f\u00fcr viele H\u00e4ndler die Frage, in welchem Portal sie ihr Gesch\u00e4ftsmodell am besten umsetzen k\u00f6nnen und ob ein Wechsel der Plattform anzuraten ist, um\u00a0<strong>den Einkauf zu verbessern<\/strong>. Mit den Hinweisen und Tipps von Manheim Express m\u00f6chten wir Autoh\u00e4ndlern helfen, Ihren\u00a0<strong>Einkauf von gebrauchten Pkw<\/strong>\u00a0optimal abzuwickeln<\/p>\t\t\t\t\t\t\t\t<\/div>\n\t\t\t\t<\/div>\n\t\t\t\t<div class=\"elementor-element elementor-element-76774e4 elementor-widget elementor-widget-button\" data-id=\"76774e4\" data-element_type=\"widget\" data-widget_type=\"button.default\">\n\t\t\t\t<div class=\"elementor-widget-container\">\n\t\t\t\t\t\t\t\t\t<div class=\"elementor-button-wrapper\">\n\t\t\t\t\t<a class=\"elementor-button elementor-button-link elementor-size-lg\" href=\"#\">\n\t\t\t\t\t\t<span class=\"elementor-button-content-wrapper\">\n\t\t\t\t\t\t\t\t\t<span class=\"elementor-button-text\">Mehr Infos finden Sie hier<\/span>\n\t\t\t\t\t<\/span>\n\t\t\t\t\t<\/a>\n\t\t\t\t<\/div>\n\t\t\t\t\t\t\t\t<\/div>\n\t\t\t\t<\/div>\n\t\t\t\t<div class=\"elementor-element elementor-element-93513c7 elementor-widget elementor-widget-image\" data-id=\"93513c7\" data-element_type=\"widget\" data-widget_type=\"image.default\">\n\t\t\t\t<div class=\"elementor-widget-container\">\n\t\t\t\t\t\t\t\t\t\t\t\t\t\t\t<img fetchpriority=\"high\" decoding=\"async\" width=\"800\" height=\"389\" src=\"https:\/\/www.manheim-express.eu\/wp-content\/uploads\/2022\/11\/Manheim-Express-Estate-car.png\" class=\"attachment-large size-large wp-image-14639\" alt=\"\" srcset=\"https:\/\/www.manheim-express.eu\/wp-content\/uploads\/2022\/11\/Manheim-Express-Estate-car.png 1024w, https:\/\/www.manheim-express.eu\/wp-content\/uploads\/2022\/11\/Manheim-Express-Estate-car-300x146.png 300w, https:\/\/www.manheim-express.eu\/wp-content\/uploads\/2022\/11\/Manheim-Express-Estate-car-768x374.png 768w\" sizes=\"(max-width: 800px) 100vw, 800px\" \/>\t\t\t\t\t\t\t\t\t\t\t\t\t\t\t<\/div>\n\t\t\t\t<\/div>\n\t\t\t\t\t<\/div>\n\t\t<\/div>\n\t\t\t\t<div class=\"elementor-column elementor-col-50 elementor-top-column elementor-element elementor-element-213236b\" data-id=\"213236b\" data-element_type=\"column\" data-settings=\"{&quot;background_background&quot;:&quot;classic&quot;}\">\n\t\t\t<div class=\"elementor-widget-wrap elementor-element-populated\">\n\t\t\t\t\t\t<div class=\"elementor-element elementor-element-e9c050a elementor-widget elementor-widget-text-editor\" data-id=\"e9c050a\" data-element_type=\"widget\" data-widget_type=\"text-editor.default\">\n\t\t\t\t<div class=\"elementor-widget-container\">\n\t\t\t\t\t\t\t\t\t<h2>Wichtige Hinweise f\u00fcr Einsteiger<\/h2>\t\t\t\t\t\t\t\t<\/div>\n\t\t\t\t<\/div>\n\t\t\t\t<div class=\"elementor-element elementor-element-8d896a4 elementor-widget elementor-widget-text-editor\" data-id=\"8d896a4\" data-element_type=\"widget\" data-widget_type=\"text-editor.default\">\n\t\t\t\t<div class=\"elementor-widget-container\">\n\t\t\t\t\t\t\t\t\t<p>Bevor<strong>\u00a0\u00a0<\/strong><strong>Autoh\u00e4ndler<\/strong>\u00a0beginnen, ihren\u00a0<strong>Einkauf\u00a0<\/strong>zu optimieren, sollten Sie jedoch selbst Ihre Kompetenz im Internet kritisch hinterfragen. Ist der aktive Umgang mit Online-Gesch\u00e4ften schon selbstverst\u00e4ndlich geworden und besteht Interesse, sich in neue Plattformen und Vertriebswege einzuarbeiten? Dann wird die Anmeldung und das Einstellen Ihrer Fahrzeuge auf einer neuen Plattform wahrscheinlich kein gro\u00dfes Problem darstellen. Wenn die Kenntnis im Umgang mit Autoauktionen und anderen\u00a0<strong>Plattformen\u00a0<\/strong><strong>f\u00fcr Autoh\u00e4ndler<\/strong>\u00a0rudiment\u00e4r ist, sollten Sie sich \u00fcberlegen, ob es nicht sinnvoll ist, sich in Form eines neuen Mitarbeiters Hilfe zu holen oder die Verwaltung des Portals auf Mitarbeiter zu verlagern, die sich gut im Internet auskennen. Und nicht zuletzt kann ein gut strukturiertes, benutzerfreundliches Portal wie\u00a0<strong>Manheim Express<\/strong>\u00a0mit gutem Kunden-Service eine erhebliche Erleichterung darstellen<\/p>\t\t\t\t\t\t\t\t<\/div>\n\t\t\t\t<\/div>\n\t\t\t\t<div class=\"elementor-element elementor-element-b3d2cf9 elementor-widget elementor-widget-text-editor\" data-id=\"b3d2cf9\" data-element_type=\"widget\" data-widget_type=\"text-editor.default\">\n\t\t\t\t<div class=\"elementor-widget-container\">\n\t\t\t\t\t\t\t\t\t<h2 class=\"text-center\">Gezielter Auto Einkauf f\u00fcr H\u00e4ndler als Umsatzmotor<\/h2>\t\t\t\t\t\t\t\t<\/div>\n\t\t\t\t<\/div>\n\t\t\t\t<div class=\"elementor-element elementor-element-76f2c0f elementor-widget elementor-widget-text-editor\" data-id=\"76f2c0f\" data-element_type=\"widget\" data-widget_type=\"text-editor.default\">\n\t\t\t\t<div class=\"elementor-widget-container\">\n\t\t\t\t\t\t\t\t\t<p class=\"text-justify\">Wenn Sie sich als Autoh\u00e4ndler dazu entschlossen haben, Ihren\u00a0<strong>Einkauf<\/strong>\u00a0\u00fcber ein Portal zu optimieren, haben Sie eine gute Entscheidung getroffen.\u00a0<strong>Autoauktionen und Autob\u00f6rsen<\/strong>\u00a0sind f\u00fcr die meisten H\u00e4ndler unverzichtbar geworden und werden in Zukunft eine noch gr\u00f6\u00dfere Rolle einnehmen. Autoh\u00e4ndler, die andererseits das Internet zum\u00a0<strong>Einkauf<\/strong>\u00a0zwar nutzen, aber sich nur ungern in neue Systeme und Programme einarbeiten, sollten Sie mit Bedacht vorgehen. Denn die Verlagerung und Erweiterung der Handelst\u00e4tigkeiten auf\u00a0<strong>professionelle\u00a0<\/strong><strong>Autoauktionen<\/strong>\u00a0ben\u00f6tigt ein gewisses Ma\u00df an Kompetenz in diesem Gebiet. Autoh\u00e4ndler, die bef\u00fcrchten, dass der Einstieg in die Welt der B2B Autoauktionen Sie \u00fcberfordern k\u00f6nnte, sollten allerdings nicht auf diesen Schritt verzichten \u2013 ganz im Gegenteil. Online Autoauktionen f\u00fcr den gezielten Einkauf werden in Zukunft noch an Bedeutung gewinnen und je l\u00e4nger ein Autoh\u00e4ndler damit wartet, umso gr\u00f6\u00dfer wird sein R\u00fcckstand auf die Konkurrenz.<\/p>\t\t\t\t\t\t\t\t<\/div>\n\t\t\t\t<\/div>\n\t\t\t\t<div class=\"elementor-element elementor-element-7e2cba2 elementor-widget elementor-widget-text-editor\" data-id=\"7e2cba2\" data-element_type=\"widget\" data-widget_type=\"text-editor.default\">\n\t\t\t\t<div class=\"elementor-widget-container\">\n\t\t\t\t\t\t\t\t\t<h2 class=\"text-center\">Wie Sie als Autoh\u00e4ndler mit Manheim express den Einkauf optimiern<\/h2>\t\t\t\t\t\t\t\t<\/div>\n\t\t\t\t<\/div>\n\t\t\t\t<div class=\"elementor-element elementor-element-eaa2869 elementor-widget elementor-widget-text-editor\" data-id=\"eaa2869\" data-element_type=\"widget\" data-widget_type=\"text-editor.default\">\n\t\t\t\t<div class=\"elementor-widget-container\">\n\t\t\t\t\t\t\t\t\t<p class=\"text-justify\">Sie sind bereits ein alter Hase im&nbsp;<strong>Einkauf von Gebrauchtwagen<\/strong>&nbsp;\u00fcber Autoauktionen? Sie haben die Vorteile des Verkaufs im Internet l\u00e4ngst kennengelernt, wissen, worauf es ankommt, und was Sie wollen. Aber mitunter fragen Sie sich, ob Ihr aktueller Vertriebsweg und Ihr Einkauf wirklich die optimale L\u00f6sung sind, oder ob Sie vielleicht bei einem anderen&nbsp;<strong>Einkauf f\u00fcr Autoh\u00e4ndler<\/strong>&nbsp;besser aufgehoben w\u00e4ren. Die Ver\u00e4nderungen, die das Internet mit sich bringt, vollziehen sich deutlich schneller als im Handel vor Ort. Daher ist es f\u00fcr&nbsp;<strong>Autoh\u00e4ndler<\/strong>&nbsp;empfehlenswert, sich immer mal wieder nach neuen Portalen mit besseren Einkaufs-M\u00f6glichkeiten und Konditionen umzusehen. So k\u00f6nnen Sie als Kunde der Plattform&nbsp;<strong>Manheim Express<\/strong>&nbsp;von einer Reihe von innovativen Tools und Serviceleistungen profitieren. Manheim Express ist ein reiner&nbsp;<strong>B2B-Handel<\/strong>, der sich ganz auf die Interessen von H\u00e4ndler und deren Gesch\u00e4ftsmodellen konzentriert. Einkauf und Verkauf lassen sich hier mit minimalem Aufwand und h\u00f6chster Sicherheit abwickeln. So wird der Einkauf und das schnelle, sichere und effektive Verkaufen, auch von Problemf\u00e4llen, wie Inzahlungnahmen und Langstehern durch die Plattform erheblich erleichtert. Auch die Erstellung von Auktionsinseraten ist mit wenigen Handgriffen erledigt, kann aber auch bei Bedarf ganz von Manheim Express \u00fcbernommen werden. Deutliche Vorteile f\u00fcr H\u00e4ndler ergeben sich auch beim gezielten Zukauf von Fahrzeugen \u00fcber das breit gestreute&nbsp;<strong>Manheim Express-Netzwerk<\/strong>.<\/p>\t\t\t\t\t\t\t\t<\/div>\n\t\t\t\t<\/div>\n\t\t\t\t\t<\/div>\n\t\t<\/div>\n\t\t\t\t\t<\/div>\n\t\t<\/section>\n\t\t\t\t<\/div>\n\t\t","protected":false},"excerpt":{"rendered":"<p>Einkauf f\u00fcr Autoh\u00e4ndler mit System Mit Manheim Express erfahren Sie, worauf es ankommt! B2B Plattformen k\u00f6nnen f\u00fcr H\u00e4ndler einen entscheidenden Impuls den erfolgreichen\u00a0Einkauf von\u00a0Gebrauchtwagen\u00a0haben. Der Markt hat sich in diesem Segment allerdings breit aufgef\u00e4chert und so stellt sich f\u00fcr viele H\u00e4ndler die Frage, in welchem Portal sie ihr Gesch\u00e4ftsmodell am besten umsetzen k\u00f6nnen und ob [&hellip;]<\/p>\n","protected":false},"author":12,"featured_media":0,"parent":11571,"menu_order":0,"comment_status":"closed","ping_status":"closed","template":"","meta":{"_acf_changed":false,"footnotes":""},"wf_page_folders":[156],"class_list":["post-16314","page","type-page","status-publish","hentry"],"acf":[],"yoast_head":"<!-- This site is optimized with the Yoast SEO plugin v25.8 - https:\/\/yoast.com\/wordpress\/plugins\/seo\/ -->\n<title>Einkauf f\u00fcr Autoh\u00e4ndler - Manheim Express die neue Auktionsplattform f\u00fcr den KFZ Handel<\/title>\n<meta name=\"description\" content=\"Gezielter Einkauf f\u00fcr Autoh\u00e4ndler! Mit Manheim Express k\u00f6nnen H\u00e4ndler einen entscheidenden Impuls auf ihr Gesch\u00e4ft mit Gebrauchtwagen aus\u00fcben.\" \/>\n<meta name=\"robots\" content=\"index, follow, max-snippet:-1, max-image-preview:large, max-video-preview:-1\" \/>\n<link rel=\"canonical\" href=\"https:\/\/www.manheim-express.eu\/de\/glossar\/einkauf-fur-autohandler\/\" \/>\n<meta property=\"og:locale\" content=\"de_DE\" \/>\n<meta property=\"og:type\" content=\"article\" \/>\n<meta property=\"og:title\" content=\"Einkauf f\u00fcr Autoh\u00e4ndler - Manheim Express die neue Auktionsplattform f\u00fcr den KFZ Handel\" \/>\n<meta property=\"og:description\" content=\"Gezielter Einkauf f\u00fcr Autoh\u00e4ndler! Mit Manheim Express k\u00f6nnen H\u00e4ndler einen entscheidenden Impuls auf ihr Gesch\u00e4ft mit Gebrauchtwagen aus\u00fcben.\" \/>\n<meta property=\"og:url\" content=\"https:\/\/www.manheim-express.eu\/de\/glossar\/einkauf-fur-autohandler\/\" \/>\n<meta property=\"og:site_name\" content=\"Manheim Express\" \/>\n<meta property=\"article:publisher\" content=\"https:\/\/www.facebook.com\/manheimexpresseurope\/\" \/>\n<meta property=\"article:modified_time\" content=\"2024-01-15T15:34:40+00:00\" \/>\n<meta property=\"og:image\" content=\"https:\/\/www.manheim-express.eu\/wp-content\/uploads\/2022\/11\/Manheim-Express-Estate-car.png\" \/>\n<meta name=\"twitter:card\" content=\"summary_large_image\" \/>\n<meta name=\"twitter:label1\" content=\"Gesch\u00e4tzte Lesezeit\" \/>\n\t<meta name=\"twitter:data1\" content=\"3\u00a0Minuten\" \/>\n<script type=\"application\/ld+json\" class=\"yoast-schema-graph\">{\"@context\":\"https:\/\/schema.org\",\"@graph\":[{\"@type\":\"WebPage\",\"@id\":\"https:\/\/www.manheim-express.eu\/de\/glossar\/einkauf-fur-autohandler\/\",\"url\":\"https:\/\/www.manheim-express.eu\/de\/glossar\/einkauf-fur-autohandler\/\",\"name\":\"Einkauf f\u00fcr Autoh\u00e4ndler - Manheim Express die neue Auktionsplattform f\u00fcr den KFZ Handel\",\"isPartOf\":{\"@id\":\"https:\/\/www.manheim-express.eu\/de\/#website\"},\"primaryImageOfPage\":{\"@id\":\"https:\/\/www.manheim-express.eu\/de\/glossar\/einkauf-fur-autohandler\/#primaryimage\"},\"image\":{\"@id\":\"https:\/\/www.manheim-express.eu\/de\/glossar\/einkauf-fur-autohandler\/#primaryimage\"},\"thumbnailUrl\":\"https:\/\/www.manheim-express.eu\/wp-content\/uploads\/2022\/11\/Manheim-Express-Estate-car.png\",\"datePublished\":\"2024-01-15T15:34:39+00:00\",\"dateModified\":\"2024-01-15T15:34:40+00:00\",\"description\":\"Gezielter Einkauf f\u00fcr Autoh\u00e4ndler! Mit Manheim Express k\u00f6nnen H\u00e4ndler einen entscheidenden Impuls auf ihr Gesch\u00e4ft mit Gebrauchtwagen aus\u00fcben.\",\"breadcrumb\":{\"@id\":\"https:\/\/www.manheim-express.eu\/de\/glossar\/einkauf-fur-autohandler\/#breadcrumb\"},\"inLanguage\":\"de\",\"potentialAction\":[{\"@type\":\"ReadAction\",\"target\":[\"https:\/\/www.manheim-express.eu\/de\/glossar\/einkauf-fur-autohandler\/\"]}]},{\"@type\":\"ImageObject\",\"inLanguage\":\"de\",\"@id\":\"https:\/\/www.manheim-express.eu\/de\/glossar\/einkauf-fur-autohandler\/#primaryimage\",\"url\":\"https:\/\/www.manheim-express.eu\/wp-content\/uploads\/2022\/11\/Manheim-Express-Estate-car.png\",\"contentUrl\":\"https:\/\/www.manheim-express.eu\/wp-content\/uploads\/2022\/11\/Manheim-Express-Estate-car.png\"},{\"@type\":\"BreadcrumbList\",\"@id\":\"https:\/\/www.manheim-express.eu\/de\/glossar\/einkauf-fur-autohandler\/#breadcrumb\",\"itemListElement\":[{\"@type\":\"ListItem\",\"position\":1,\"name\":\"Home\",\"item\":\"https:\/\/www.manheim-express.eu\/de\/\"},{\"@type\":\"ListItem\",\"position\":2,\"name\":\"Glossar\",\"item\":\"https:\/\/www.manheim-express.eu\/de\/glossar\/\"},{\"@type\":\"ListItem\",\"position\":3,\"name\":\"Einkauf f\u00fcr Autoh\u00e4ndler\"}]},{\"@type\":\"WebSite\",\"@id\":\"https:\/\/www.manheim-express.eu\/de\/#website\",\"url\":\"https:\/\/www.manheim-express.eu\/de\/\",\"name\":\"Manheim Express\",\"description\":\"\",\"publisher\":{\"@id\":\"https:\/\/www.manheim-express.eu\/de\/#organization\"},\"potentialAction\":[{\"@type\":\"SearchAction\",\"target\":{\"@type\":\"EntryPoint\",\"urlTemplate\":\"https:\/\/www.manheim-express.eu\/de\/?s={search_term_string}\"},\"query-input\":{\"@type\":\"PropertyValueSpecification\",\"valueRequired\":true,\"valueName\":\"search_term_string\"}}],\"inLanguage\":\"de\"},{\"@type\":\"Organization\",\"@id\":\"https:\/\/www.manheim-express.eu\/de\/#organization\",\"name\":\"Manheim Express\",\"url\":\"https:\/\/www.manheim-express.eu\/de\/\",\"logo\":{\"@type\":\"ImageObject\",\"inLanguage\":\"de\",\"@id\":\"https:\/\/www.manheim-express.eu\/de\/#\/schema\/logo\/image\/\",\"url\":\"https:\/\/www.manheim-express.eu\/wp-content\/uploads\/2021\/07\/manheim-express-logo-light.png\",\"contentUrl\":\"https:\/\/www.manheim-express.eu\/wp-content\/uploads\/2021\/07\/manheim-express-logo-light.png\",\"width\":1163,\"height\":392,\"caption\":\"Manheim Express\"},\"image\":{\"@id\":\"https:\/\/www.manheim-express.eu\/de\/#\/schema\/logo\/image\/\"},\"sameAs\":[\"https:\/\/www.facebook.com\/manheimexpresseurope\/\",\"https:\/\/www.instagram.com\/manheim.express\",\"https:\/\/www.linkedin.com\/company\/manheim-express\/\",\"https:\/\/www.youtube.com\/channel\/UCRKJajJPvJv-ao7Tk7qra5Q\/\"]}]}<\/script>\n<!-- \/ Yoast SEO plugin. -->","yoast_head_json":{"title":"Einkauf f\u00fcr Autoh\u00e4ndler - Manheim Express die neue Auktionsplattform f\u00fcr den KFZ Handel","description":"Gezielter Einkauf f\u00fcr Autoh\u00e4ndler! Mit Manheim Express k\u00f6nnen H\u00e4ndler einen entscheidenden Impuls auf ihr Gesch\u00e4ft mit Gebrauchtwagen aus\u00fcben.","robots":{"index":"index","follow":"follow","max-snippet":"max-snippet:-1","max-image-preview":"max-image-preview:large","max-video-preview":"max-video-preview:-1"},"canonical":"https:\/\/www.manheim-express.eu\/de\/glossar\/einkauf-fur-autohandler\/","og_locale":"de_DE","og_type":"article","og_title":"Einkauf f\u00fcr Autoh\u00e4ndler - Manheim Express die neue Auktionsplattform f\u00fcr den KFZ Handel","og_description":"Gezielter Einkauf f\u00fcr Autoh\u00e4ndler! Mit Manheim Express k\u00f6nnen H\u00e4ndler einen entscheidenden Impuls auf ihr Gesch\u00e4ft mit Gebrauchtwagen aus\u00fcben.","og_url":"https:\/\/www.manheim-express.eu\/de\/glossar\/einkauf-fur-autohandler\/","og_site_name":"Manheim Express","article_publisher":"https:\/\/www.facebook.com\/manheimexpresseurope\/","article_modified_time":"2024-01-15T15:34:40+00:00","og_image":[{"url":"https:\/\/www.manheim-express.eu\/wp-content\/uploads\/2022\/11\/Manheim-Express-Estate-car.png","type":"","width":"","height":""}],"twitter_card":"summary_large_image","twitter_misc":{"Gesch\u00e4tzte Lesezeit":"3\u00a0Minuten"},"schema":{"@context":"https:\/\/schema.org","@graph":[{"@type":"WebPage","@id":"https:\/\/www.manheim-express.eu\/de\/glossar\/einkauf-fur-autohandler\/","url":"https:\/\/www.manheim-express.eu\/de\/glossar\/einkauf-fur-autohandler\/","name":"Einkauf f\u00fcr Autoh\u00e4ndler - Manheim Express die neue Auktionsplattform f\u00fcr den KFZ Handel","isPartOf":{"@id":"https:\/\/www.manheim-express.eu\/de\/#website"},"primaryImageOfPage":{"@id":"https:\/\/www.manheim-express.eu\/de\/glossar\/einkauf-fur-autohandler\/#primaryimage"},"image":{"@id":"https:\/\/www.manheim-express.eu\/de\/glossar\/einkauf-fur-autohandler\/#primaryimage"},"thumbnailUrl":"https:\/\/www.manheim-express.eu\/wp-content\/uploads\/2022\/11\/Manheim-Express-Estate-car.png","datePublished":"2024-01-15T15:34:39+00:00","dateModified":"2024-01-15T15:34:40+00:00","description":"Gezielter Einkauf f\u00fcr Autoh\u00e4ndler! Mit Manheim Express k\u00f6nnen H\u00e4ndler einen entscheidenden Impuls auf ihr Gesch\u00e4ft mit Gebrauchtwagen aus\u00fcben.","breadcrumb":{"@id":"https:\/\/www.manheim-express.eu\/de\/glossar\/einkauf-fur-autohandler\/#breadcrumb"},"inLanguage":"de","potentialAction":[{"@type":"ReadAction","target":["https:\/\/www.manheim-express.eu\/de\/glossar\/einkauf-fur-autohandler\/"]}]},{"@type":"ImageObject","inLanguage":"de","@id":"https:\/\/www.manheim-express.eu\/de\/glossar\/einkauf-fur-autohandler\/#primaryimage","url":"https:\/\/www.manheim-express.eu\/wp-content\/uploads\/2022\/11\/Manheim-Express-Estate-car.png","contentUrl":"https:\/\/www.manheim-express.eu\/wp-content\/uploads\/2022\/11\/Manheim-Express-Estate-car.png"},{"@type":"BreadcrumbList","@id":"https:\/\/www.manheim-express.eu\/de\/glossar\/einkauf-fur-autohandler\/#breadcrumb","itemListElement":[{"@type":"ListItem","position":1,"name":"Home","item":"https:\/\/www.manheim-express.eu\/de\/"},{"@type":"ListItem","position":2,"name":"Glossar","item":"https:\/\/www.manheim-express.eu\/de\/glossar\/"},{"@type":"ListItem","position":3,"name":"Einkauf f\u00fcr Autoh\u00e4ndler"}]},{"@type":"WebSite","@id":"https:\/\/www.manheim-express.eu\/de\/#website","url":"https:\/\/www.manheim-express.eu\/de\/","name":"Manheim Express","description":"","publisher":{"@id":"https:\/\/www.manheim-express.eu\/de\/#organization"},"potentialAction":[{"@type":"SearchAction","target":{"@type":"EntryPoint","urlTemplate":"https:\/\/www.manheim-express.eu\/de\/?s={search_term_string}"},"query-input":{"@type":"PropertyValueSpecification","valueRequired":true,"valueName":"search_term_string"}}],"inLanguage":"de"},{"@type":"Organization","@id":"https:\/\/www.manheim-express.eu\/de\/#organization","name":"Manheim Express","url":"https:\/\/www.manheim-express.eu\/de\/","logo":{"@type":"ImageObject","inLanguage":"de","@id":"https:\/\/www.manheim-express.eu\/de\/#\/schema\/logo\/image\/","url":"https:\/\/www.manheim-express.eu\/wp-content\/uploads\/2021\/07\/manheim-express-logo-light.png","contentUrl":"https:\/\/www.manheim-express.eu\/wp-content\/uploads\/2021\/07\/manheim-express-logo-light.png","width":1163,"height":392,"caption":"Manheim Express"},"image":{"@id":"https:\/\/www.manheim-express.eu\/de\/#\/schema\/logo\/image\/"},"sameAs":["https:\/\/www.facebook.com\/manheimexpresseurope\/","https:\/\/www.instagram.com\/manheim.express","https:\/\/www.linkedin.com\/company\/manheim-express\/","https:\/\/www.youtube.com\/channel\/UCRKJajJPvJv-ao7Tk7qra5Q\/"]}]}},"_links":{"self":[{"href":"https:\/\/www.manheim-express.eu\/de\/wp-json\/wp\/v2\/pages\/16314","targetHints":{"allow":["GET"]}}],"collection":[{"href":"https:\/\/www.manheim-express.eu\/de\/wp-json\/wp\/v2\/pages"}],"about":[{"href":"https:\/\/www.manheim-express.eu\/de\/wp-json\/wp\/v2\/types\/page"}],"author":[{"embeddable":true,"href":"https:\/\/www.manheim-express.eu\/de\/wp-json\/wp\/v2\/users\/12"}],"replies":[{"embeddable":true,"href":"https:\/\/www.manheim-express.eu\/de\/wp-json\/wp\/v2\/comments?post=16314"}],"version-history":[{"count":13,"href":"https:\/\/www.manheim-express.eu\/de\/wp-json\/wp\/v2\/pages\/16314\/revisions"}],"predecessor-version":[{"id":16811,"href":"https:\/\/www.manheim-express.eu\/de\/wp-json\/wp\/v2\/pages\/16314\/revisions\/16811"}],"up":[{"embeddable":true,"href":"https:\/\/www.manheim-express.eu\/de\/wp-json\/wp\/v2\/pages\/11571"}],"wp:attachment":[{"href":"https:\/\/www.manheim-express.eu\/de\/wp-json\/wp\/v2\/media?parent=16314"}],"wp:term":[{"taxonomy":"wf_page_folders","embeddable":true,"href":"https:\/\/www.manheim-express.eu\/de\/wp-json\/wp\/v2\/wf_page_folders?post=16314"}],"curies":[{"name":"wp","href":"https:\/\/api.w.org\/{rel}","templated":true}]}}