{"id":16309,"date":"2024-01-15T15:21:16","date_gmt":"2024-01-15T15:21:16","guid":{"rendered":"https:\/\/www.manheim-express.eu\/?page_id=16309"},"modified":"2024-01-15T15:21:17","modified_gmt":"2024-01-15T15:21:17","slug":"diesel-verkaufen","status":"publish","type":"page","link":"https:\/\/www.manheim-express.eu\/de\/glossar\/diesel-verkaufen\/","title":{"rendered":"Diesel verkaufen"},"content":{"rendered":"\t\t<div data-elementor-type=\"wp-page\" data-elementor-id=\"16309\" class=\"elementor elementor-16309\" data-elementor-post-type=\"page\">\n\t\t\t\t\t\t<section class=\"elementor-section elementor-top-section elementor-element elementor-element-5ad223c elementor-section-full_width elementor-section-stretched elementor-section-height-default elementor-section-height-default\" data-id=\"5ad223c\" data-element_type=\"section\" data-settings=\"{&quot;stretch_section&quot;:&quot;section-stretched&quot;}\">\n\t\t\t\t\t\t<div class=\"elementor-container elementor-column-gap-default\">\n\t\t\t\t\t<div class=\"elementor-column elementor-col-50 elementor-top-column elementor-element elementor-element-d3b519c\" data-id=\"d3b519c\" data-element_type=\"column\" data-settings=\"{&quot;background_background&quot;:&quot;classic&quot;}\">\n\t\t\t<div class=\"elementor-widget-wrap elementor-element-populated\">\n\t\t\t\t\t\t<div class=\"elementor-element elementor-element-036dc3a elementor-widget elementor-widget-text-editor\" data-id=\"036dc3a\" data-element_type=\"widget\" data-widget_type=\"text-editor.default\">\n\t\t\t\t<div class=\"elementor-widget-container\">\n\t\t\t\t\t\t\t\t\t<h2>Gebrauchte Diesel gezielt verkaufen<\/h2>\t\t\t\t\t\t\t\t<\/div>\n\t\t\t\t<\/div>\n\t\t\t\t<div class=\"elementor-element elementor-element-21c3353 elementor-widget elementor-widget-text-editor\" data-id=\"21c3353\" data-element_type=\"widget\" data-widget_type=\"text-editor.default\">\n\t\t\t\t<div class=\"elementor-widget-container\">\n\t\t\t\t\t\t\t\t\t<h3 class=\"\">erschlie\u00dfen Sie sich mit Manheim Express neue Verkaufswege!<\/h3>\t\t\t\t\t\t\t\t<\/div>\n\t\t\t\t<\/div>\n\t\t\t\t<div class=\"elementor-element elementor-element-c37119d elementor-widget elementor-widget-text-editor\" data-id=\"c37119d\" data-element_type=\"widget\" data-widget_type=\"text-editor.default\">\n\t\t\t\t<div class=\"elementor-widget-container\">\n\t\t\t\t\t\t\t\t\t<p>Es hilft nichts, die Sache sch\u00f6nzureden: H\u00e4ndler und Besitzer von Autos mit Diesel-Motor leiden noch immer unter der Dieselkrise und deren Folgen. Die (drohenden) Konsequenzen: Fahrverbote, Nachr\u00fcstungen, Preisverluste, die der Skandal mit sich gebracht hat, haben zu nachhaltigen Verunsicherungen gef\u00fchrt. Nach einer Phase der Verwirrung hat sich die Branche allerdings mittlerweile stabilisiert, und auch die K\u00e4ufer beginnen, das Thema Diesel wieder differenzierter und sachlicher zu betrachten. Fest steht: Diesel-Fahrzeuge haben nach wie vor einen Markt und \u00fcber die richtigen Verkaufskan\u00e4le lassen sich die Autos auch verkaufen. So zeigt sich im Zusammenhang mit dem Diesel-Skandal einmal mehr, dass es sich f\u00fcr H\u00e4ndler lohnt, mit Manheim Express auf innovative Vermarktungswege und Verkaufsstrategien zu setzen.<\/p>\t\t\t\t\t\t\t\t<\/div>\n\t\t\t\t<\/div>\n\t\t\t\t<div class=\"elementor-element elementor-element-76774e4 elementor-widget elementor-widget-button\" data-id=\"76774e4\" data-element_type=\"widget\" data-widget_type=\"button.default\">\n\t\t\t\t<div class=\"elementor-widget-container\">\n\t\t\t\t\t\t\t\t\t<div class=\"elementor-button-wrapper\">\n\t\t\t\t\t<a class=\"elementor-button elementor-button-link elementor-size-lg\" href=\"#\">\n\t\t\t\t\t\t<span class=\"elementor-button-content-wrapper\">\n\t\t\t\t\t\t\t\t\t<span class=\"elementor-button-text\">Mehr Infos finden Sie hier<\/span>\n\t\t\t\t\t<\/span>\n\t\t\t\t\t<\/a>\n\t\t\t\t<\/div>\n\t\t\t\t\t\t\t\t<\/div>\n\t\t\t\t<\/div>\n\t\t\t\t<div class=\"elementor-element elementor-element-93513c7 elementor-widget elementor-widget-image\" data-id=\"93513c7\" data-element_type=\"widget\" data-widget_type=\"image.default\">\n\t\t\t\t<div class=\"elementor-widget-container\">\n\t\t\t\t\t\t\t\t\t\t\t\t\t\t\t<img fetchpriority=\"high\" decoding=\"async\" width=\"800\" height=\"389\" src=\"https:\/\/www.manheim-express.eu\/wp-content\/uploads\/2022\/11\/Manheim-Express-Estate-car.png\" class=\"attachment-large size-large wp-image-14639\" alt=\"\" srcset=\"https:\/\/www.manheim-express.eu\/wp-content\/uploads\/2022\/11\/Manheim-Express-Estate-car.png 1024w, https:\/\/www.manheim-express.eu\/wp-content\/uploads\/2022\/11\/Manheim-Express-Estate-car-300x146.png 300w, https:\/\/www.manheim-express.eu\/wp-content\/uploads\/2022\/11\/Manheim-Express-Estate-car-768x374.png 768w\" sizes=\"(max-width: 800px) 100vw, 800px\" \/>\t\t\t\t\t\t\t\t\t\t\t\t\t\t\t<\/div>\n\t\t\t\t<\/div>\n\t\t\t\t\t<\/div>\n\t\t<\/div>\n\t\t\t\t<div class=\"elementor-column elementor-col-50 elementor-top-column elementor-element elementor-element-213236b\" data-id=\"213236b\" data-element_type=\"column\" data-settings=\"{&quot;background_background&quot;:&quot;classic&quot;}\">\n\t\t\t<div class=\"elementor-widget-wrap elementor-element-populated\">\n\t\t\t\t\t\t<div class=\"elementor-element elementor-element-e9c050a elementor-widget elementor-widget-text-editor\" data-id=\"e9c050a\" data-element_type=\"widget\" data-widget_type=\"text-editor.default\">\n\t\t\t\t<div class=\"elementor-widget-container\">\n\t\t\t\t\t\t\t\t\t<h2>Nach dem Diesel-Abgasskandal: Die Autobranche im Wandel<\/h2>\t\t\t\t\t\t\t\t<\/div>\n\t\t\t\t<\/div>\n\t\t\t\t<div class=\"elementor-element elementor-element-8d896a4 elementor-widget elementor-widget-text-editor\" data-id=\"8d896a4\" data-element_type=\"widget\" data-widget_type=\"text-editor.default\">\n\t\t\t\t<div class=\"elementor-widget-container\">\n\t\t\t\t\t\t\t\t\t<p>Es ist ganz sicher keine \u00dcbertreibung zu sagen, dass im Herbst 2015 die deutsche Automobilindustrie in ihren Grundfesten ersch\u00fcttert wurde. Es war tats\u00e4chlich nichts anderes als ein Schock, als bekannt wurde, dass VW \u2013 der weltweit umsatzst\u00e4rkste Autohersteller \u2013 bei einer gro\u00dfen Menge ihrer verkauften Diesel-Fahrzeuge illegale Abschalteinrichtungen verbaut hatte, die bewirkten, dass bei Pr\u00fcfungen der Abgasemissionen die Autos weniger Stickoxide ausstie\u00dfen als im normalen Fahrbetrieb. Der Diesel war damit quasi \u00fcber Nacht vom umweltfreundlichen Vorzeigemotor zum Schmuddelkind der Auto-Branche geworden. Im Verlauf der Aufarbeitung und Ermittlungsverfahren des Skandals, der immer weitere Kreise zog, kam es zu einer Reihe von Ma\u00dfnahmen und Forderungen bez\u00fcglich der Hersteller und Besitzer von Diesel-Autos. Zwangsl\u00e4ufig sind auch die Gebrauchtwagenh\u00e4ndler in diese Vorg\u00e4nge involviert und bekommen die Konsequenzen beim Verkaufen ihrer Diesel deutlich zu sp\u00fcren.<\/p>\t\t\t\t\t\t\t\t<\/div>\n\t\t\t\t<\/div>\n\t\t\t\t<div class=\"elementor-element elementor-element-b3d2cf9 elementor-widget elementor-widget-text-editor\" data-id=\"b3d2cf9\" data-element_type=\"widget\" data-widget_type=\"text-editor.default\">\n\t\t\t\t<div class=\"elementor-widget-container\">\n\t\t\t\t\t\t\t\t\t<h2 class=\"text-center\">Diesel: Krise oder Neubeginn?<\/h2>\t\t\t\t\t\t\t\t<\/div>\n\t\t\t\t<\/div>\n\t\t\t\t<div class=\"elementor-element elementor-element-76f2c0f elementor-widget elementor-widget-text-editor\" data-id=\"76f2c0f\" data-element_type=\"widget\" data-widget_type=\"text-editor.default\">\n\t\t\t\t<div class=\"elementor-widget-container\">\n\t\t\t\t\t\t\t\t\t<p class=\"text-justify\">Die Zeit nach dem Skandal zeigt immer deutlicher, dass die Diesel-Krise weitreichende Ver\u00e4nderung mit sich bringt. Die Unternehmen haben mit den Folgen ihrer Betrugssoftware in Form von Klagewellen zu k\u00e4mpfen und H\u00e4ndler und Verbraucher sehen sich mit Wertverlusten ihrer Fahrzeuge, (drohenden) Fahrverboten und fallenden Ums\u00e4tzen konfrontiert. Ganz ohne Zweifel hat der Skandal einige Auto-H\u00e4ndler die Existenz gekostet, weil sie ihre Diesel einfach nicht mehr gewinnbringend verkaufen konnten. Viele Privatk\u00e4ufern, die in gutem Glauben und bester Absicht einen Diesel gekauft hatten, mussten hohe Wertverluste ihrer Fahrzeuge hinnehmen. W\u00e4hrend f\u00fcr die Zukunft zu hoffen ist, dass Umwelt und Atemluft von strengeren Richtlinien und sinkenden Emissionen profitieren werden, sind die Leidtragenden der Krise sicher noch eine Weile damit besch\u00e4ftigt, den pers\u00f6nlichen Schaden so gering wie m\u00f6glich zu halten. Doch wie sollen H\u00e4ndler gegenw\u00e4rtig mit den ver\u00e4nderten Bedingungen beim Verkaufen ihrer Diesel umgehen?<\/p>\t\t\t\t\t\t\t\t<\/div>\n\t\t\t\t<\/div>\n\t\t\t\t<div class=\"elementor-element elementor-element-7e2cba2 elementor-widget elementor-widget-text-editor\" data-id=\"7e2cba2\" data-element_type=\"widget\" data-widget_type=\"text-editor.default\">\n\t\t\t\t<div class=\"elementor-widget-container\">\n\t\t\t\t\t\t\t\t\t<h2 class=\"text-center\">Diesel jetzt verkaufen? Pro und Contra<\/h2>\t\t\t\t\t\t\t\t<\/div>\n\t\t\t\t<\/div>\n\t\t\t\t<div class=\"elementor-element elementor-element-eaa2869 elementor-widget elementor-widget-text-editor\" data-id=\"eaa2869\" data-element_type=\"widget\" data-widget_type=\"text-editor.default\">\n\t\t\t\t<div class=\"elementor-widget-container\">\n\t\t\t\t\t\t\t\t\t<p class=\"text-justify\">Obgleich die Debatte und Gesetzgebung um Fahrverbote und Nachr\u00fcstungen f\u00fcr Diesel noch l\u00e4ngst nicht abgeschlossen ist, hat der Diesel-Skandal zu einer enormen Verunsicherung der Fahrzeughalter und einer Verkaufswelle gef\u00fchrt. Die unvermeidlichen Folgen machen sich auf dem Markt bis heute bemerkbar: Das \u00dcberangebot an Autos mit Diesel-Motor und die gleichzeitig geringe Nachfrage hat zu einem signifikanten Preisverfall gef\u00fchrt, denn viele Besitzer eines Diesel wollen ihr Auto nun kurzfristig verkaufen. Die H\u00e4ndler sehen sich im Gegenzug oft gezwungen, gebrauchte Diesel in Zahlung zu nehmen, um das Gesch\u00e4ft abzuschlie\u00dfen. Grunds\u00e4tzlich scheint der Preisverfall allerdings gestoppt zu sein; der Wert gebrauchter Diesel-Pkws stabilisiert sich zusehends. Wer heute seinen Diesel verkaufen will, sollte allerdings immer abw\u00e4gen: Ist der Verkauf unbedingt notwendig, oder ist es besser, das Auto weiter zu nutzen? H\u00e4ndlern, die ihre Diesel verkaufen wollen, bietet Manheim Express ein ausgezeichnet vernetztes H\u00e4ndlerportal. Der Preisverfall hat den Diesel f\u00fcr manche K\u00e4ufer wiederum interessant gemacht. Gezielte Nachfragen nach g\u00fcnstigen Diesel-Fahrzeugen, wie sie nicht nur in Regionen ohne drohende Fahrverbote immer wieder aufkommen, k\u00f6nnen so zielgerichtet bedient werden.<\/p>\t\t\t\t\t\t\t\t<\/div>\n\t\t\t\t<\/div>\n\t\t\t\t\t<\/div>\n\t\t<\/div>\n\t\t\t\t\t<\/div>\n\t\t<\/section>\n\t\t\t\t<\/div>\n\t\t","protected":false},"excerpt":{"rendered":"<p>Gebrauchte Diesel gezielt verkaufen erschlie\u00dfen Sie sich mit Manheim Express neue Verkaufswege! Es hilft nichts, die Sache sch\u00f6nzureden: H\u00e4ndler und Besitzer von Autos mit Diesel-Motor leiden noch immer unter der Dieselkrise und deren Folgen. Die (drohenden) Konsequenzen: Fahrverbote, Nachr\u00fcstungen, Preisverluste, die der Skandal mit sich gebracht hat, haben zu nachhaltigen Verunsicherungen gef\u00fchrt. Nach einer Phase [&hellip;]<\/p>\n","protected":false},"author":12,"featured_media":0,"parent":11571,"menu_order":0,"comment_status":"closed","ping_status":"closed","template":"","meta":{"_acf_changed":false,"footnotes":""},"wf_page_folders":[156],"class_list":["post-16309","page","type-page","status-publish","hentry"],"acf":[],"yoast_head":"<!-- This site is optimized with the Yoast SEO plugin v25.8 - https:\/\/yoast.com\/wordpress\/plugins\/seo\/ -->\n<title>Diesel verkaufen - Manheim Express die neue Auktionsplattform f\u00fcr den KFZ Handel<\/title>\n<meta name=\"description\" content=\"Diesel-Fahrzeuge haben nach wie vor einen Markt und \u00fcber die richtigen Verkaufskan\u00e4le lassen sich die Autos auch verkaufen.\" \/>\n<meta name=\"robots\" content=\"index, follow, max-snippet:-1, max-image-preview:large, max-video-preview:-1\" \/>\n<link rel=\"canonical\" href=\"https:\/\/www.manheim-express.eu\/de\/glossar\/diesel-verkaufen\/\" \/>\n<meta property=\"og:locale\" content=\"de_DE\" \/>\n<meta property=\"og:type\" content=\"article\" \/>\n<meta property=\"og:title\" content=\"Diesel verkaufen - Manheim Express die neue Auktionsplattform f\u00fcr den KFZ Handel\" \/>\n<meta property=\"og:description\" content=\"Diesel-Fahrzeuge haben nach wie vor einen Markt und \u00fcber die richtigen Verkaufskan\u00e4le lassen sich die Autos auch verkaufen.\" \/>\n<meta property=\"og:url\" content=\"https:\/\/www.manheim-express.eu\/de\/glossar\/diesel-verkaufen\/\" \/>\n<meta property=\"og:site_name\" content=\"Manheim Express\" \/>\n<meta property=\"article:publisher\" content=\"https:\/\/www.facebook.com\/manheimexpresseurope\/\" \/>\n<meta property=\"article:modified_time\" content=\"2024-01-15T15:21:17+00:00\" \/>\n<meta property=\"og:image\" content=\"https:\/\/www.manheim-express.eu\/wp-content\/uploads\/2022\/11\/Manheim-Express-Estate-car.png\" \/>\n<meta name=\"twitter:card\" content=\"summary_large_image\" \/>\n<meta name=\"twitter:label1\" content=\"Gesch\u00e4tzte Lesezeit\" \/>\n\t<meta name=\"twitter:data1\" content=\"3\u00a0Minuten\" \/>\n<script type=\"application\/ld+json\" class=\"yoast-schema-graph\">{\"@context\":\"https:\/\/schema.org\",\"@graph\":[{\"@type\":\"WebPage\",\"@id\":\"https:\/\/www.manheim-express.eu\/de\/glossar\/diesel-verkaufen\/\",\"url\":\"https:\/\/www.manheim-express.eu\/de\/glossar\/diesel-verkaufen\/\",\"name\":\"Diesel verkaufen - Manheim Express die neue Auktionsplattform f\u00fcr den KFZ Handel\",\"isPartOf\":{\"@id\":\"https:\/\/www.manheim-express.eu\/de\/#website\"},\"primaryImageOfPage\":{\"@id\":\"https:\/\/www.manheim-express.eu\/de\/glossar\/diesel-verkaufen\/#primaryimage\"},\"image\":{\"@id\":\"https:\/\/www.manheim-express.eu\/de\/glossar\/diesel-verkaufen\/#primaryimage\"},\"thumbnailUrl\":\"https:\/\/www.manheim-express.eu\/wp-content\/uploads\/2022\/11\/Manheim-Express-Estate-car.png\",\"datePublished\":\"2024-01-15T15:21:16+00:00\",\"dateModified\":\"2024-01-15T15:21:17+00:00\",\"description\":\"Diesel-Fahrzeuge haben nach wie vor einen Markt und \u00fcber die richtigen Verkaufskan\u00e4le lassen sich die Autos auch verkaufen.\",\"breadcrumb\":{\"@id\":\"https:\/\/www.manheim-express.eu\/de\/glossar\/diesel-verkaufen\/#breadcrumb\"},\"inLanguage\":\"de\",\"potentialAction\":[{\"@type\":\"ReadAction\",\"target\":[\"https:\/\/www.manheim-express.eu\/de\/glossar\/diesel-verkaufen\/\"]}]},{\"@type\":\"ImageObject\",\"inLanguage\":\"de\",\"@id\":\"https:\/\/www.manheim-express.eu\/de\/glossar\/diesel-verkaufen\/#primaryimage\",\"url\":\"https:\/\/www.manheim-express.eu\/wp-content\/uploads\/2022\/11\/Manheim-Express-Estate-car.png\",\"contentUrl\":\"https:\/\/www.manheim-express.eu\/wp-content\/uploads\/2022\/11\/Manheim-Express-Estate-car.png\"},{\"@type\":\"BreadcrumbList\",\"@id\":\"https:\/\/www.manheim-express.eu\/de\/glossar\/diesel-verkaufen\/#breadcrumb\",\"itemListElement\":[{\"@type\":\"ListItem\",\"position\":1,\"name\":\"Home\",\"item\":\"https:\/\/www.manheim-express.eu\/de\/\"},{\"@type\":\"ListItem\",\"position\":2,\"name\":\"Glossar\",\"item\":\"https:\/\/www.manheim-express.eu\/de\/glossar\/\"},{\"@type\":\"ListItem\",\"position\":3,\"name\":\"Diesel verkaufen\"}]},{\"@type\":\"WebSite\",\"@id\":\"https:\/\/www.manheim-express.eu\/de\/#website\",\"url\":\"https:\/\/www.manheim-express.eu\/de\/\",\"name\":\"Manheim Express\",\"description\":\"\",\"publisher\":{\"@id\":\"https:\/\/www.manheim-express.eu\/de\/#organization\"},\"potentialAction\":[{\"@type\":\"SearchAction\",\"target\":{\"@type\":\"EntryPoint\",\"urlTemplate\":\"https:\/\/www.manheim-express.eu\/de\/?s={search_term_string}\"},\"query-input\":{\"@type\":\"PropertyValueSpecification\",\"valueRequired\":true,\"valueName\":\"search_term_string\"}}],\"inLanguage\":\"de\"},{\"@type\":\"Organization\",\"@id\":\"https:\/\/www.manheim-express.eu\/de\/#organization\",\"name\":\"Manheim Express\",\"url\":\"https:\/\/www.manheim-express.eu\/de\/\",\"logo\":{\"@type\":\"ImageObject\",\"inLanguage\":\"de\",\"@id\":\"https:\/\/www.manheim-express.eu\/de\/#\/schema\/logo\/image\/\",\"url\":\"https:\/\/www.manheim-express.eu\/wp-content\/uploads\/2021\/07\/manheim-express-logo-light.png\",\"contentUrl\":\"https:\/\/www.manheim-express.eu\/wp-content\/uploads\/2021\/07\/manheim-express-logo-light.png\",\"width\":1163,\"height\":392,\"caption\":\"Manheim Express\"},\"image\":{\"@id\":\"https:\/\/www.manheim-express.eu\/de\/#\/schema\/logo\/image\/\"},\"sameAs\":[\"https:\/\/www.facebook.com\/manheimexpresseurope\/\",\"https:\/\/www.instagram.com\/manheim.express\",\"https:\/\/www.linkedin.com\/company\/manheim-express\/\",\"https:\/\/www.youtube.com\/channel\/UCRKJajJPvJv-ao7Tk7qra5Q\/\"]}]}<\/script>\n<!-- \/ Yoast SEO plugin. -->","yoast_head_json":{"title":"Diesel verkaufen - Manheim Express die neue Auktionsplattform f\u00fcr den KFZ Handel","description":"Diesel-Fahrzeuge haben nach wie vor einen Markt und \u00fcber die richtigen Verkaufskan\u00e4le lassen sich die Autos auch verkaufen.","robots":{"index":"index","follow":"follow","max-snippet":"max-snippet:-1","max-image-preview":"max-image-preview:large","max-video-preview":"max-video-preview:-1"},"canonical":"https:\/\/www.manheim-express.eu\/de\/glossar\/diesel-verkaufen\/","og_locale":"de_DE","og_type":"article","og_title":"Diesel verkaufen - Manheim Express die neue Auktionsplattform f\u00fcr den KFZ Handel","og_description":"Diesel-Fahrzeuge haben nach wie vor einen Markt und \u00fcber die richtigen Verkaufskan\u00e4le lassen sich die Autos auch verkaufen.","og_url":"https:\/\/www.manheim-express.eu\/de\/glossar\/diesel-verkaufen\/","og_site_name":"Manheim Express","article_publisher":"https:\/\/www.facebook.com\/manheimexpresseurope\/","article_modified_time":"2024-01-15T15:21:17+00:00","og_image":[{"url":"https:\/\/www.manheim-express.eu\/wp-content\/uploads\/2022\/11\/Manheim-Express-Estate-car.png","type":"","width":"","height":""}],"twitter_card":"summary_large_image","twitter_misc":{"Gesch\u00e4tzte Lesezeit":"3\u00a0Minuten"},"schema":{"@context":"https:\/\/schema.org","@graph":[{"@type":"WebPage","@id":"https:\/\/www.manheim-express.eu\/de\/glossar\/diesel-verkaufen\/","url":"https:\/\/www.manheim-express.eu\/de\/glossar\/diesel-verkaufen\/","name":"Diesel verkaufen - Manheim Express die neue Auktionsplattform f\u00fcr den KFZ Handel","isPartOf":{"@id":"https:\/\/www.manheim-express.eu\/de\/#website"},"primaryImageOfPage":{"@id":"https:\/\/www.manheim-express.eu\/de\/glossar\/diesel-verkaufen\/#primaryimage"},"image":{"@id":"https:\/\/www.manheim-express.eu\/de\/glossar\/diesel-verkaufen\/#primaryimage"},"thumbnailUrl":"https:\/\/www.manheim-express.eu\/wp-content\/uploads\/2022\/11\/Manheim-Express-Estate-car.png","datePublished":"2024-01-15T15:21:16+00:00","dateModified":"2024-01-15T15:21:17+00:00","description":"Diesel-Fahrzeuge haben nach wie vor einen Markt und \u00fcber die richtigen Verkaufskan\u00e4le lassen sich die Autos auch verkaufen.","breadcrumb":{"@id":"https:\/\/www.manheim-express.eu\/de\/glossar\/diesel-verkaufen\/#breadcrumb"},"inLanguage":"de","potentialAction":[{"@type":"ReadAction","target":["https:\/\/www.manheim-express.eu\/de\/glossar\/diesel-verkaufen\/"]}]},{"@type":"ImageObject","inLanguage":"de","@id":"https:\/\/www.manheim-express.eu\/de\/glossar\/diesel-verkaufen\/#primaryimage","url":"https:\/\/www.manheim-express.eu\/wp-content\/uploads\/2022\/11\/Manheim-Express-Estate-car.png","contentUrl":"https:\/\/www.manheim-express.eu\/wp-content\/uploads\/2022\/11\/Manheim-Express-Estate-car.png"},{"@type":"BreadcrumbList","@id":"https:\/\/www.manheim-express.eu\/de\/glossar\/diesel-verkaufen\/#breadcrumb","itemListElement":[{"@type":"ListItem","position":1,"name":"Home","item":"https:\/\/www.manheim-express.eu\/de\/"},{"@type":"ListItem","position":2,"name":"Glossar","item":"https:\/\/www.manheim-express.eu\/de\/glossar\/"},{"@type":"ListItem","position":3,"name":"Diesel verkaufen"}]},{"@type":"WebSite","@id":"https:\/\/www.manheim-express.eu\/de\/#website","url":"https:\/\/www.manheim-express.eu\/de\/","name":"Manheim Express","description":"","publisher":{"@id":"https:\/\/www.manheim-express.eu\/de\/#organization"},"potentialAction":[{"@type":"SearchAction","target":{"@type":"EntryPoint","urlTemplate":"https:\/\/www.manheim-express.eu\/de\/?s={search_term_string}"},"query-input":{"@type":"PropertyValueSpecification","valueRequired":true,"valueName":"search_term_string"}}],"inLanguage":"de"},{"@type":"Organization","@id":"https:\/\/www.manheim-express.eu\/de\/#organization","name":"Manheim Express","url":"https:\/\/www.manheim-express.eu\/de\/","logo":{"@type":"ImageObject","inLanguage":"de","@id":"https:\/\/www.manheim-express.eu\/de\/#\/schema\/logo\/image\/","url":"https:\/\/www.manheim-express.eu\/wp-content\/uploads\/2021\/07\/manheim-express-logo-light.png","contentUrl":"https:\/\/www.manheim-express.eu\/wp-content\/uploads\/2021\/07\/manheim-express-logo-light.png","width":1163,"height":392,"caption":"Manheim Express"},"image":{"@id":"https:\/\/www.manheim-express.eu\/de\/#\/schema\/logo\/image\/"},"sameAs":["https:\/\/www.facebook.com\/manheimexpresseurope\/","https:\/\/www.instagram.com\/manheim.express","https:\/\/www.linkedin.com\/company\/manheim-express\/","https:\/\/www.youtube.com\/channel\/UCRKJajJPvJv-ao7Tk7qra5Q\/"]}]}},"_links":{"self":[{"href":"https:\/\/www.manheim-express.eu\/de\/wp-json\/wp\/v2\/pages\/16309","targetHints":{"allow":["GET"]}}],"collection":[{"href":"https:\/\/www.manheim-express.eu\/de\/wp-json\/wp\/v2\/pages"}],"about":[{"href":"https:\/\/www.manheim-express.eu\/de\/wp-json\/wp\/v2\/types\/page"}],"author":[{"embeddable":true,"href":"https:\/\/www.manheim-express.eu\/de\/wp-json\/wp\/v2\/users\/12"}],"replies":[{"embeddable":true,"href":"https:\/\/www.manheim-express.eu\/de\/wp-json\/wp\/v2\/comments?post=16309"}],"version-history":[{"count":10,"href":"https:\/\/www.manheim-express.eu\/de\/wp-json\/wp\/v2\/pages\/16309\/revisions"}],"predecessor-version":[{"id":16805,"href":"https:\/\/www.manheim-express.eu\/de\/wp-json\/wp\/v2\/pages\/16309\/revisions\/16805"}],"up":[{"embeddable":true,"href":"https:\/\/www.manheim-express.eu\/de\/wp-json\/wp\/v2\/pages\/11571"}],"wp:attachment":[{"href":"https:\/\/www.manheim-express.eu\/de\/wp-json\/wp\/v2\/media?parent=16309"}],"wp:term":[{"taxonomy":"wf_page_folders","embeddable":true,"href":"https:\/\/www.manheim-express.eu\/de\/wp-json\/wp\/v2\/wf_page_folders?post=16309"}],"curies":[{"name":"wp","href":"https:\/\/api.w.org\/{rel}","templated":true}]}}