{"id":16286,"date":"2024-01-15T15:02:19","date_gmt":"2024-01-15T15:02:19","guid":{"rendered":"https:\/\/www.manheim-express.eu\/?page_id=16286"},"modified":"2024-01-15T15:02:20","modified_gmt":"2024-01-15T15:02:20","slug":"behordenfahrzeuge","status":"publish","type":"page","link":"https:\/\/www.manheim-express.eu\/de\/glossar\/behordenfahrzeuge\/","title":{"rendered":"Beh\u00f6rdenfahrzeuge"},"content":{"rendered":"\t\t<div data-elementor-type=\"wp-page\" data-elementor-id=\"16286\" class=\"elementor elementor-16286\" data-elementor-post-type=\"page\">\n\t\t\t\t\t\t<section class=\"elementor-section elementor-top-section elementor-element elementor-element-5ad223c elementor-section-full_width elementor-section-stretched elementor-section-height-default elementor-section-height-default\" data-id=\"5ad223c\" data-element_type=\"section\" data-settings=\"{&quot;stretch_section&quot;:&quot;section-stretched&quot;}\">\n\t\t\t\t\t\t<div class=\"elementor-container elementor-column-gap-default\">\n\t\t\t\t\t<div class=\"elementor-column elementor-col-50 elementor-top-column elementor-element elementor-element-d3b519c\" data-id=\"d3b519c\" data-element_type=\"column\" data-settings=\"{&quot;background_background&quot;:&quot;classic&quot;}\">\n\t\t\t<div class=\"elementor-widget-wrap elementor-element-populated\">\n\t\t\t\t\t\t<div class=\"elementor-element elementor-element-036dc3a elementor-widget elementor-widget-text-editor\" data-id=\"036dc3a\" data-element_type=\"widget\" data-widget_type=\"text-editor.default\">\n\t\t\t\t<div class=\"elementor-widget-container\">\n\t\t\t\t\t\t\t\t\t<h2>Sie sind auf der Suche nach Beh\u00f6rdenfahrzeugen?<\/h2>\t\t\t\t\t\t\t\t<\/div>\n\t\t\t\t<\/div>\n\t\t\t\t<div class=\"elementor-element elementor-element-21c3353 elementor-widget elementor-widget-text-editor\" data-id=\"21c3353\" data-element_type=\"widget\" data-widget_type=\"text-editor.default\">\n\t\t\t\t<div class=\"elementor-widget-container\">\n\t\t\t\t\t\t\t\t\t<h3 class=\"\">Manheim Express zeigt Ihnen, ob sich der Kauf noch lohnt<\/h3>\t\t\t\t\t\t\t\t<\/div>\n\t\t\t\t<\/div>\n\t\t\t\t<div class=\"elementor-element elementor-element-c37119d elementor-widget elementor-widget-text-editor\" data-id=\"c37119d\" data-element_type=\"widget\" data-widget_type=\"text-editor.default\">\n\t\t\t\t<div class=\"elementor-widget-container\">\n\t\t\t\t\t\t\t\t\t<p>Beh\u00f6rdenfahrzeuge galten in der Anfangsphase der Fahrzeugversteigerungen als Geheimtipp f\u00fcr Gebrauchtwagenk\u00e4ufer. Und noch immer werden durch die \u00f6ffentliche Hand regelm\u00e4\u00dfig Fahrzeuge \u2013 vor allem im Internet und immer seltener vor Ort \u2013 versteigert. In den letzten Jahren haben sich allerdings zahlreiche seri\u00f6se und benutzerfreundliche Portale f\u00fcr Autoversteigerungen auf dem Markt etabliert. H\u00e4ndler und Privatk\u00e4ufer sind daher mitunter bei serviceorientierten Portalen wie Manheim Express beim Gebrauchtwagenkauf besser aufgehoben. Wir erkl\u00e4ren Ihnen im Folgenden, ob es sich f\u00fcr Sie noch lohnt, nach Beh\u00f6rdenfahrzeugen Ausschau zu halten.<\/p>\t\t\t\t\t\t\t\t<\/div>\n\t\t\t\t<\/div>\n\t\t\t\t<div class=\"elementor-element elementor-element-76774e4 elementor-widget elementor-widget-button\" data-id=\"76774e4\" data-element_type=\"widget\" data-widget_type=\"button.default\">\n\t\t\t\t<div class=\"elementor-widget-container\">\n\t\t\t\t\t\t\t\t\t<div class=\"elementor-button-wrapper\">\n\t\t\t\t\t<a class=\"elementor-button elementor-button-link elementor-size-lg\" href=\"#\">\n\t\t\t\t\t\t<span class=\"elementor-button-content-wrapper\">\n\t\t\t\t\t\t\t\t\t<span class=\"elementor-button-text\">Mehr Infos finden Sie hier<\/span>\n\t\t\t\t\t<\/span>\n\t\t\t\t\t<\/a>\n\t\t\t\t<\/div>\n\t\t\t\t\t\t\t\t<\/div>\n\t\t\t\t<\/div>\n\t\t\t\t<div class=\"elementor-element elementor-element-93513c7 elementor-widget elementor-widget-image\" data-id=\"93513c7\" data-element_type=\"widget\" data-widget_type=\"image.default\">\n\t\t\t\t<div class=\"elementor-widget-container\">\n\t\t\t\t\t\t\t\t\t\t\t\t\t\t\t<img fetchpriority=\"high\" decoding=\"async\" width=\"800\" height=\"389\" src=\"https:\/\/www.manheim-express.eu\/wp-content\/uploads\/2022\/11\/Manheim-Express-Estate-car.png\" class=\"attachment-large size-large wp-image-14639\" alt=\"\" srcset=\"https:\/\/www.manheim-express.eu\/wp-content\/uploads\/2022\/11\/Manheim-Express-Estate-car.png 1024w, https:\/\/www.manheim-express.eu\/wp-content\/uploads\/2022\/11\/Manheim-Express-Estate-car-300x146.png 300w, https:\/\/www.manheim-express.eu\/wp-content\/uploads\/2022\/11\/Manheim-Express-Estate-car-768x374.png 768w\" sizes=\"(max-width: 800px) 100vw, 800px\" \/>\t\t\t\t\t\t\t\t\t\t\t\t\t\t\t<\/div>\n\t\t\t\t<\/div>\n\t\t\t\t\t<\/div>\n\t\t<\/div>\n\t\t\t\t<div class=\"elementor-column elementor-col-50 elementor-top-column elementor-element elementor-element-213236b\" data-id=\"213236b\" data-element_type=\"column\" data-settings=\"{&quot;background_background&quot;:&quot;classic&quot;}\">\n\t\t\t<div class=\"elementor-widget-wrap elementor-element-populated\">\n\t\t\t\t\t\t<div class=\"elementor-element elementor-element-e9c050a elementor-widget elementor-widget-text-editor\" data-id=\"e9c050a\" data-element_type=\"widget\" data-widget_type=\"text-editor.default\">\n\t\t\t\t<div class=\"elementor-widget-container\">\n\t\t\t\t\t\t\t\t\t<h2>Was macht Beh\u00f6rdenfahrzeuge so reizvoll?<\/h2>\t\t\t\t\t\t\t\t<\/div>\n\t\t\t\t<\/div>\n\t\t\t\t<div class=\"elementor-element elementor-element-8d896a4 elementor-widget elementor-widget-text-editor\" data-id=\"8d896a4\" data-element_type=\"widget\" data-widget_type=\"text-editor.default\">\n\t\t\t\t<div class=\"elementor-widget-container\">\n\t\t\t\t\t\t\t\t\t<p>Immer wenn sich die Gelegenheit bietet, sogenannte Beh\u00f6rdenfahrzeuge zu ersteigern, st\u00f6\u00dft die Veranstaltung auf reges Interesse. Beh\u00f6rdenfahrzeuge gelten als gute Gelegenheit, an g\u00fcnstige und au\u00dfergew\u00f6hnliche Fahrzeuge zu kommen. Aber was macht den Reiz von Beh\u00f6rdenfahrzeugen aus, lohnt sich der Kauf wirklich und was sollte man als Interessent beachten? Den Hintergrund f\u00fcr das Schlagwort \u201eBeh\u00f6rdenfahrzeug\u201c bildet die Tatsache, dass \u00c4mter, Beh\u00f6rden, Verwaltungen und der Zoll ausrangierte oder beschlagnahmte Fahrzeuge zu Geld machen m\u00fcssen. Dazu bedienen sie sich Auktionen, die f\u00fcr Privatk\u00e4ufer und H\u00e4ndler offen stehen. Die bekannteste Versteigerung von Beh\u00f6rdenfahrzeugen ist die Zoll-Auktion des Bundesfinanzministeriums. Mitunter werden auch lokale Auktionen durch die \u00f6ffentliche Hand durchgef\u00fchrt. Das Interesse an Beh\u00f6rdenfahrzeugen hat von K\u00e4ufer zu K\u00e4ufer dabei unterschiedliche Hintergr\u00fcnde. F\u00fcr eine Reihe von Interessenten ist die Vorstellung, ein ausrangiertes Polizei- oder Feuerwehrfahrzeug fahren zu k\u00f6nnen, reizvoll. Auch Milit\u00e4rfahrzeuge haben einen Liebhaberkreis, der bei Versteigerungen von Beh\u00f6rdenfahrzeugen auf die Suche geht. Andere K\u00e4ufer spekulieren auf g\u00fcnstige Preise der Beh\u00f6rdenfahrzeuge unter dem Marktwert. Tats\u00e4chlich wird der Preis f\u00fcr Beh\u00f6rdenfahrzeuge oft recht niedrig angesetzt, schlie\u00dflich will die Beh\u00f6rde das Fahrzeug m\u00f6glichst schnell und unkompliziert loswerden. Und nicht zuletzt kann man bei der Versteigerung von Beh\u00f6rdenfahrzeugen davon ausgehen, es mit einem seri\u00f6sen Verk\u00e4ufer zu tun zu haben. Betrug, vors\u00e4tzlich falsche Angaben und andere Risiken lassen sich hier ausschlie\u00dfen.<\/p>\t\t\t\t\t\t\t\t<\/div>\n\t\t\t\t<\/div>\n\t\t\t\t<div class=\"elementor-element elementor-element-b3d2cf9 elementor-widget elementor-widget-text-editor\" data-id=\"b3d2cf9\" data-element_type=\"widget\" data-widget_type=\"text-editor.default\">\n\t\t\t\t<div class=\"elementor-widget-container\">\n\t\t\t\t\t\t\t\t\t<h2 class=\"text-center\">Was Sie beim Kauf von Beh\u00f6rdenfahrzeugen beachten sollten<\/h2>\t\t\t\t\t\t\t\t<\/div>\n\t\t\t\t<\/div>\n\t\t\t\t<div class=\"elementor-element elementor-element-76f2c0f elementor-widget elementor-widget-text-editor\" data-id=\"76f2c0f\" data-element_type=\"widget\" data-widget_type=\"text-editor.default\">\n\t\t\t\t<div class=\"elementor-widget-container\">\n\t\t\t\t\t\t\t\t\t<p>Freunde von Autoauktionen und anderen Versteigerungen werden sicher schon bei der einen oder anderen Gelegenheit ein Auge auf Beh\u00f6rdenfahrzeuge geworfen haben. Anders als bei ebay oder anderen Anbietern ist hier der Staat der Auktionspartner \u2013 ein Faktor, der f\u00fcr manche Interessenten wichtig ist. Doch bevor man bei einer Versteigerung von Beh\u00f6rdenfahrzeugen mitbietet und ein Fahrzeug in dem guten Glauben ersteigert, es komme ja vom Staat und sei daher auf jeden Fall in Ordnung, sollte man sich einige Dinge klar machen. Zu den Fakten der Beh\u00f6rdenversteigerung geh\u00f6rt, dass die Fahrzeuge in der Regel nicht Probe gefahren werden k\u00f6nnen. Hier muss also der Augenschein gen\u00fcgen, um den Zustand des Fahrzeugs zu beurteilen. Hinzu kommt, dass die einj\u00e4hrige Gew\u00e4hrleistung, die f\u00fcr Privatk\u00e4ufer beim Kauf beim H\u00e4ndler gilt, ausgeschlossen wird. Interessenten f\u00fcr Beh\u00f6rdenfahrzeuge sollten daher vor dem Kauf versuchen, so viele Informationen \u00fcber das Fahrzeug wie m\u00f6glich zu bekommen. Sind alle Papiere und Schl\u00fcssel vorhanden? Ist das Fahrzeug fahrt\u00fcchtig? Welche Reparaturen und Umbauma\u00dfnahmen kommen auf den K\u00e4ufer zu? Insbesondere dem letzten Punkt sollten potenzielle K\u00e4ufer von Beh\u00f6rdenfahrzeugen Beachtung schenken. Denn je spezieller und auff\u00e4lliger ein Beh\u00f6rdenfahrzeug ausgestattet ist, desto wahrscheinlicher ist es, dass ohne Umbauma\u00dfnahmen die Zulassung nicht erteilt wird. Dies gilt insbesondere f\u00fcr Milit\u00e4rfahrzeuge, aber auch f\u00fcr Wagen mit Blaulicht oder \u00e4hnlichen offiziellen Zeichen und Signalen der Beh\u00f6rden.<\/p>\t\t\t\t\t\t\t\t<\/div>\n\t\t\t\t<\/div>\n\t\t\t\t\t<\/div>\n\t\t<\/div>\n\t\t\t\t\t<\/div>\n\t\t<\/section>\n\t\t\t\t<\/div>\n\t\t","protected":false},"excerpt":{"rendered":"<p>Sie sind auf der Suche nach Beh\u00f6rdenfahrzeugen? Manheim Express zeigt Ihnen, ob sich der Kauf noch lohnt Beh\u00f6rdenfahrzeuge galten in der Anfangsphase der Fahrzeugversteigerungen als Geheimtipp f\u00fcr Gebrauchtwagenk\u00e4ufer. Und noch immer werden durch die \u00f6ffentliche Hand regelm\u00e4\u00dfig Fahrzeuge \u2013 vor allem im Internet und immer seltener vor Ort \u2013 versteigert. In den letzten Jahren haben [&hellip;]<\/p>\n","protected":false},"author":12,"featured_media":0,"parent":11571,"menu_order":0,"comment_status":"closed","ping_status":"closed","template":"","meta":{"_acf_changed":false,"footnotes":""},"wf_page_folders":[156],"class_list":["post-16286","page","type-page","status-publish","hentry"],"acf":[],"yoast_head":"<!-- This site is optimized with the Yoast SEO plugin v25.8 - https:\/\/yoast.com\/wordpress\/plugins\/seo\/ -->\n<title>Beh\u00f6rdenfahrzeuge - Manheim Express die neue Auktionsplattform f\u00fcr den KFZ Handel<\/title>\n<meta name=\"description\" content=\"Immer wenn sich die Gelegenheit bietet, sogenannte Beh\u00f6rdenfahrzeuge zu ersteigern, st\u00f6\u00dft die Veranstaltung auf reges Interesse.\" \/>\n<meta name=\"robots\" content=\"index, follow, max-snippet:-1, max-image-preview:large, max-video-preview:-1\" \/>\n<link rel=\"canonical\" href=\"https:\/\/www.manheim-express.eu\/de\/glossar\/behordenfahrzeuge\/\" \/>\n<meta property=\"og:locale\" content=\"de_DE\" \/>\n<meta property=\"og:type\" content=\"article\" \/>\n<meta property=\"og:title\" content=\"Beh\u00f6rdenfahrzeuge - Manheim Express die neue Auktionsplattform f\u00fcr den KFZ Handel\" \/>\n<meta property=\"og:description\" content=\"Immer wenn sich die Gelegenheit bietet, sogenannte Beh\u00f6rdenfahrzeuge zu ersteigern, st\u00f6\u00dft die Veranstaltung auf reges Interesse.\" \/>\n<meta property=\"og:url\" content=\"https:\/\/www.manheim-express.eu\/de\/glossar\/behordenfahrzeuge\/\" \/>\n<meta property=\"og:site_name\" content=\"Manheim Express\" \/>\n<meta property=\"article:publisher\" content=\"https:\/\/www.facebook.com\/manheimexpresseurope\/\" \/>\n<meta property=\"article:modified_time\" content=\"2024-01-15T15:02:20+00:00\" \/>\n<meta property=\"og:image\" content=\"https:\/\/www.manheim-express.eu\/wp-content\/uploads\/2022\/11\/Manheim-Express-Estate-car.png\" \/>\n<meta name=\"twitter:card\" content=\"summary_large_image\" \/>\n<meta name=\"twitter:label1\" content=\"Gesch\u00e4tzte Lesezeit\" \/>\n\t<meta name=\"twitter:data1\" content=\"3\u00a0Minuten\" \/>\n<script type=\"application\/ld+json\" class=\"yoast-schema-graph\">{\"@context\":\"https:\/\/schema.org\",\"@graph\":[{\"@type\":\"WebPage\",\"@id\":\"https:\/\/www.manheim-express.eu\/de\/glossar\/behordenfahrzeuge\/\",\"url\":\"https:\/\/www.manheim-express.eu\/de\/glossar\/behordenfahrzeuge\/\",\"name\":\"Beh\u00f6rdenfahrzeuge - Manheim Express die neue Auktionsplattform f\u00fcr den KFZ Handel\",\"isPartOf\":{\"@id\":\"https:\/\/www.manheim-express.eu\/de\/#website\"},\"primaryImageOfPage\":{\"@id\":\"https:\/\/www.manheim-express.eu\/de\/glossar\/behordenfahrzeuge\/#primaryimage\"},\"image\":{\"@id\":\"https:\/\/www.manheim-express.eu\/de\/glossar\/behordenfahrzeuge\/#primaryimage\"},\"thumbnailUrl\":\"https:\/\/www.manheim-express.eu\/wp-content\/uploads\/2022\/11\/Manheim-Express-Estate-car.png\",\"datePublished\":\"2024-01-15T15:02:19+00:00\",\"dateModified\":\"2024-01-15T15:02:20+00:00\",\"description\":\"Immer wenn sich die Gelegenheit bietet, sogenannte Beh\u00f6rdenfahrzeuge zu ersteigern, st\u00f6\u00dft die Veranstaltung auf reges Interesse.\",\"breadcrumb\":{\"@id\":\"https:\/\/www.manheim-express.eu\/de\/glossar\/behordenfahrzeuge\/#breadcrumb\"},\"inLanguage\":\"de\",\"potentialAction\":[{\"@type\":\"ReadAction\",\"target\":[\"https:\/\/www.manheim-express.eu\/de\/glossar\/behordenfahrzeuge\/\"]}]},{\"@type\":\"ImageObject\",\"inLanguage\":\"de\",\"@id\":\"https:\/\/www.manheim-express.eu\/de\/glossar\/behordenfahrzeuge\/#primaryimage\",\"url\":\"https:\/\/www.manheim-express.eu\/wp-content\/uploads\/2022\/11\/Manheim-Express-Estate-car.png\",\"contentUrl\":\"https:\/\/www.manheim-express.eu\/wp-content\/uploads\/2022\/11\/Manheim-Express-Estate-car.png\"},{\"@type\":\"BreadcrumbList\",\"@id\":\"https:\/\/www.manheim-express.eu\/de\/glossar\/behordenfahrzeuge\/#breadcrumb\",\"itemListElement\":[{\"@type\":\"ListItem\",\"position\":1,\"name\":\"Home\",\"item\":\"https:\/\/www.manheim-express.eu\/de\/\"},{\"@type\":\"ListItem\",\"position\":2,\"name\":\"Glossar\",\"item\":\"https:\/\/www.manheim-express.eu\/de\/glossar\/\"},{\"@type\":\"ListItem\",\"position\":3,\"name\":\"Beh\u00f6rdenfahrzeuge\"}]},{\"@type\":\"WebSite\",\"@id\":\"https:\/\/www.manheim-express.eu\/de\/#website\",\"url\":\"https:\/\/www.manheim-express.eu\/de\/\",\"name\":\"Manheim Express\",\"description\":\"\",\"publisher\":{\"@id\":\"https:\/\/www.manheim-express.eu\/de\/#organization\"},\"potentialAction\":[{\"@type\":\"SearchAction\",\"target\":{\"@type\":\"EntryPoint\",\"urlTemplate\":\"https:\/\/www.manheim-express.eu\/de\/?s={search_term_string}\"},\"query-input\":{\"@type\":\"PropertyValueSpecification\",\"valueRequired\":true,\"valueName\":\"search_term_string\"}}],\"inLanguage\":\"de\"},{\"@type\":\"Organization\",\"@id\":\"https:\/\/www.manheim-express.eu\/de\/#organization\",\"name\":\"Manheim Express\",\"url\":\"https:\/\/www.manheim-express.eu\/de\/\",\"logo\":{\"@type\":\"ImageObject\",\"inLanguage\":\"de\",\"@id\":\"https:\/\/www.manheim-express.eu\/de\/#\/schema\/logo\/image\/\",\"url\":\"https:\/\/www.manheim-express.eu\/wp-content\/uploads\/2021\/07\/manheim-express-logo-light.png\",\"contentUrl\":\"https:\/\/www.manheim-express.eu\/wp-content\/uploads\/2021\/07\/manheim-express-logo-light.png\",\"width\":1163,\"height\":392,\"caption\":\"Manheim Express\"},\"image\":{\"@id\":\"https:\/\/www.manheim-express.eu\/de\/#\/schema\/logo\/image\/\"},\"sameAs\":[\"https:\/\/www.facebook.com\/manheimexpresseurope\/\",\"https:\/\/www.instagram.com\/manheim.express\",\"https:\/\/www.linkedin.com\/company\/manheim-express\/\",\"https:\/\/www.youtube.com\/channel\/UCRKJajJPvJv-ao7Tk7qra5Q\/\"]}]}<\/script>\n<!-- \/ Yoast SEO plugin. -->","yoast_head_json":{"title":"Beh\u00f6rdenfahrzeuge - Manheim Express die neue Auktionsplattform f\u00fcr den KFZ Handel","description":"Immer wenn sich die Gelegenheit bietet, sogenannte Beh\u00f6rdenfahrzeuge zu ersteigern, st\u00f6\u00dft die Veranstaltung auf reges Interesse.","robots":{"index":"index","follow":"follow","max-snippet":"max-snippet:-1","max-image-preview":"max-image-preview:large","max-video-preview":"max-video-preview:-1"},"canonical":"https:\/\/www.manheim-express.eu\/de\/glossar\/behordenfahrzeuge\/","og_locale":"de_DE","og_type":"article","og_title":"Beh\u00f6rdenfahrzeuge - Manheim Express die neue Auktionsplattform f\u00fcr den KFZ Handel","og_description":"Immer wenn sich die Gelegenheit bietet, sogenannte Beh\u00f6rdenfahrzeuge zu ersteigern, st\u00f6\u00dft die Veranstaltung auf reges Interesse.","og_url":"https:\/\/www.manheim-express.eu\/de\/glossar\/behordenfahrzeuge\/","og_site_name":"Manheim Express","article_publisher":"https:\/\/www.facebook.com\/manheimexpresseurope\/","article_modified_time":"2024-01-15T15:02:20+00:00","og_image":[{"url":"https:\/\/www.manheim-express.eu\/wp-content\/uploads\/2022\/11\/Manheim-Express-Estate-car.png","type":"","width":"","height":""}],"twitter_card":"summary_large_image","twitter_misc":{"Gesch\u00e4tzte Lesezeit":"3\u00a0Minuten"},"schema":{"@context":"https:\/\/schema.org","@graph":[{"@type":"WebPage","@id":"https:\/\/www.manheim-express.eu\/de\/glossar\/behordenfahrzeuge\/","url":"https:\/\/www.manheim-express.eu\/de\/glossar\/behordenfahrzeuge\/","name":"Beh\u00f6rdenfahrzeuge - Manheim Express die neue Auktionsplattform f\u00fcr den KFZ Handel","isPartOf":{"@id":"https:\/\/www.manheim-express.eu\/de\/#website"},"primaryImageOfPage":{"@id":"https:\/\/www.manheim-express.eu\/de\/glossar\/behordenfahrzeuge\/#primaryimage"},"image":{"@id":"https:\/\/www.manheim-express.eu\/de\/glossar\/behordenfahrzeuge\/#primaryimage"},"thumbnailUrl":"https:\/\/www.manheim-express.eu\/wp-content\/uploads\/2022\/11\/Manheim-Express-Estate-car.png","datePublished":"2024-01-15T15:02:19+00:00","dateModified":"2024-01-15T15:02:20+00:00","description":"Immer wenn sich die Gelegenheit bietet, sogenannte Beh\u00f6rdenfahrzeuge zu ersteigern, st\u00f6\u00dft die Veranstaltung auf reges Interesse.","breadcrumb":{"@id":"https:\/\/www.manheim-express.eu\/de\/glossar\/behordenfahrzeuge\/#breadcrumb"},"inLanguage":"de","potentialAction":[{"@type":"ReadAction","target":["https:\/\/www.manheim-express.eu\/de\/glossar\/behordenfahrzeuge\/"]}]},{"@type":"ImageObject","inLanguage":"de","@id":"https:\/\/www.manheim-express.eu\/de\/glossar\/behordenfahrzeuge\/#primaryimage","url":"https:\/\/www.manheim-express.eu\/wp-content\/uploads\/2022\/11\/Manheim-Express-Estate-car.png","contentUrl":"https:\/\/www.manheim-express.eu\/wp-content\/uploads\/2022\/11\/Manheim-Express-Estate-car.png"},{"@type":"BreadcrumbList","@id":"https:\/\/www.manheim-express.eu\/de\/glossar\/behordenfahrzeuge\/#breadcrumb","itemListElement":[{"@type":"ListItem","position":1,"name":"Home","item":"https:\/\/www.manheim-express.eu\/de\/"},{"@type":"ListItem","position":2,"name":"Glossar","item":"https:\/\/www.manheim-express.eu\/de\/glossar\/"},{"@type":"ListItem","position":3,"name":"Beh\u00f6rdenfahrzeuge"}]},{"@type":"WebSite","@id":"https:\/\/www.manheim-express.eu\/de\/#website","url":"https:\/\/www.manheim-express.eu\/de\/","name":"Manheim Express","description":"","publisher":{"@id":"https:\/\/www.manheim-express.eu\/de\/#organization"},"potentialAction":[{"@type":"SearchAction","target":{"@type":"EntryPoint","urlTemplate":"https:\/\/www.manheim-express.eu\/de\/?s={search_term_string}"},"query-input":{"@type":"PropertyValueSpecification","valueRequired":true,"valueName":"search_term_string"}}],"inLanguage":"de"},{"@type":"Organization","@id":"https:\/\/www.manheim-express.eu\/de\/#organization","name":"Manheim Express","url":"https:\/\/www.manheim-express.eu\/de\/","logo":{"@type":"ImageObject","inLanguage":"de","@id":"https:\/\/www.manheim-express.eu\/de\/#\/schema\/logo\/image\/","url":"https:\/\/www.manheim-express.eu\/wp-content\/uploads\/2021\/07\/manheim-express-logo-light.png","contentUrl":"https:\/\/www.manheim-express.eu\/wp-content\/uploads\/2021\/07\/manheim-express-logo-light.png","width":1163,"height":392,"caption":"Manheim Express"},"image":{"@id":"https:\/\/www.manheim-express.eu\/de\/#\/schema\/logo\/image\/"},"sameAs":["https:\/\/www.facebook.com\/manheimexpresseurope\/","https:\/\/www.instagram.com\/manheim.express","https:\/\/www.linkedin.com\/company\/manheim-express\/","https:\/\/www.youtube.com\/channel\/UCRKJajJPvJv-ao7Tk7qra5Q\/"]}]}},"_links":{"self":[{"href":"https:\/\/www.manheim-express.eu\/de\/wp-json\/wp\/v2\/pages\/16286","targetHints":{"allow":["GET"]}}],"collection":[{"href":"https:\/\/www.manheim-express.eu\/de\/wp-json\/wp\/v2\/pages"}],"about":[{"href":"https:\/\/www.manheim-express.eu\/de\/wp-json\/wp\/v2\/types\/page"}],"author":[{"embeddable":true,"href":"https:\/\/www.manheim-express.eu\/de\/wp-json\/wp\/v2\/users\/12"}],"replies":[{"embeddable":true,"href":"https:\/\/www.manheim-express.eu\/de\/wp-json\/wp\/v2\/comments?post=16286"}],"version-history":[{"count":7,"href":"https:\/\/www.manheim-express.eu\/de\/wp-json\/wp\/v2\/pages\/16286\/revisions"}],"predecessor-version":[{"id":16790,"href":"https:\/\/www.manheim-express.eu\/de\/wp-json\/wp\/v2\/pages\/16286\/revisions\/16790"}],"up":[{"embeddable":true,"href":"https:\/\/www.manheim-express.eu\/de\/wp-json\/wp\/v2\/pages\/11571"}],"wp:attachment":[{"href":"https:\/\/www.manheim-express.eu\/de\/wp-json\/wp\/v2\/media?parent=16286"}],"wp:term":[{"taxonomy":"wf_page_folders","embeddable":true,"href":"https:\/\/www.manheim-express.eu\/de\/wp-json\/wp\/v2\/wf_page_folders?post=16286"}],"curies":[{"name":"wp","href":"https:\/\/api.w.org\/{rel}","templated":true}]}}