{"id":16281,"date":"2024-01-15T14:57:34","date_gmt":"2024-01-15T14:57:34","guid":{"rendered":"https:\/\/www.manheim-express.eu\/?page_id=16281"},"modified":"2024-01-15T14:57:35","modified_gmt":"2024-01-15T14:57:35","slug":"bca-autoauktionen","status":"publish","type":"page","link":"https:\/\/www.manheim-express.eu\/de\/glossar\/bca-autoauktionen\/","title":{"rendered":"BCA Autoauktionen"},"content":{"rendered":"\t\t<div data-elementor-type=\"wp-page\" data-elementor-id=\"16281\" class=\"elementor elementor-16281\" data-elementor-post-type=\"page\">\n\t\t\t\t\t\t<section class=\"elementor-section elementor-top-section elementor-element elementor-element-5ad223c elementor-section-full_width elementor-section-stretched elementor-section-height-default elementor-section-height-default\" data-id=\"5ad223c\" data-element_type=\"section\" data-settings=\"{&quot;stretch_section&quot;:&quot;section-stretched&quot;}\">\n\t\t\t\t\t\t<div class=\"elementor-container elementor-column-gap-default\">\n\t\t\t\t\t<div class=\"elementor-column elementor-col-50 elementor-top-column elementor-element elementor-element-d3b519c\" data-id=\"d3b519c\" data-element_type=\"column\" data-settings=\"{&quot;background_background&quot;:&quot;classic&quot;}\">\n\t\t\t<div class=\"elementor-widget-wrap elementor-element-populated\">\n\t\t\t\t\t\t<div class=\"elementor-element elementor-element-036dc3a elementor-widget elementor-widget-text-editor\" data-id=\"036dc3a\" data-element_type=\"widget\" data-widget_type=\"text-editor.default\">\n\t\t\t\t<div class=\"elementor-widget-container\">\n\t\t\t\t\t\t\t\t\t<h2>Vielen Dank f\u00fcr Ihr Interesse an BCA!<\/h2>\t\t\t\t\t\t\t\t<\/div>\n\t\t\t\t<\/div>\n\t\t\t\t<div class=\"elementor-element elementor-element-21c3353 elementor-widget elementor-widget-text-editor\" data-id=\"21c3353\" data-element_type=\"widget\" data-widget_type=\"text-editor.default\">\n\t\t\t\t<div class=\"elementor-widget-container\">\n\t\t\t\t\t\t\t\t\t<h3 class=\"\">Mit Manheim Express sind Sie immer auf der richtigen Spur<\/h3>\t\t\t\t\t\t\t\t<\/div>\n\t\t\t\t<\/div>\n\t\t\t\t<div class=\"elementor-element elementor-element-c37119d elementor-widget elementor-widget-text-editor\" data-id=\"c37119d\" data-element_type=\"widget\" data-widget_type=\"text-editor.default\">\n\t\t\t\t<div class=\"elementor-widget-container\">\n\t\t\t\t\t\t\t\t\t<p>Die innovative Auktionsplattform Manheim Express informiert Kunden und Interessenten umfassend \u00fcber die Welt des professionellen Cartradings. Wir betrachten Plattformen wie BCA keineswegs als unliebsame Konkurrenz, sondern w\u00fcrdigen deren Leistungen im Autohandel.<\/p>\n<p>Daher informieren wird Sie hier \u00fcber das Portal und sein Leistungsspektrum. Wenn Sie auf der Suche nach einer modernen und benutzerfreundlichen Plattform f\u00fcr Ihren Gebrauchtwagenhandel sind, schauen Sie doch auch mal bei uns vorbei.<\/p>\t\t\t\t\t\t\t\t<\/div>\n\t\t\t\t<\/div>\n\t\t\t\t<div class=\"elementor-element elementor-element-76774e4 elementor-widget elementor-widget-button\" data-id=\"76774e4\" data-element_type=\"widget\" data-widget_type=\"button.default\">\n\t\t\t\t<div class=\"elementor-widget-container\">\n\t\t\t\t\t\t\t\t\t<div class=\"elementor-button-wrapper\">\n\t\t\t\t\t<a class=\"elementor-button elementor-button-link elementor-size-lg\" href=\"#\">\n\t\t\t\t\t\t<span class=\"elementor-button-content-wrapper\">\n\t\t\t\t\t\t\t\t\t<span class=\"elementor-button-text\">Mehr Infos finden Sie hier<\/span>\n\t\t\t\t\t<\/span>\n\t\t\t\t\t<\/a>\n\t\t\t\t<\/div>\n\t\t\t\t\t\t\t\t<\/div>\n\t\t\t\t<\/div>\n\t\t\t\t<div class=\"elementor-element elementor-element-93513c7 elementor-widget elementor-widget-image\" data-id=\"93513c7\" data-element_type=\"widget\" data-widget_type=\"image.default\">\n\t\t\t\t<div class=\"elementor-widget-container\">\n\t\t\t\t\t\t\t\t\t\t\t\t\t\t\t<img fetchpriority=\"high\" decoding=\"async\" width=\"800\" height=\"389\" src=\"https:\/\/www.manheim-express.eu\/wp-content\/uploads\/2022\/11\/Manheim-Express-Estate-car.png\" class=\"attachment-large size-large wp-image-14639\" alt=\"\" srcset=\"https:\/\/www.manheim-express.eu\/wp-content\/uploads\/2022\/11\/Manheim-Express-Estate-car.png 1024w, https:\/\/www.manheim-express.eu\/wp-content\/uploads\/2022\/11\/Manheim-Express-Estate-car-300x146.png 300w, https:\/\/www.manheim-express.eu\/wp-content\/uploads\/2022\/11\/Manheim-Express-Estate-car-768x374.png 768w\" sizes=\"(max-width: 800px) 100vw, 800px\" \/>\t\t\t\t\t\t\t\t\t\t\t\t\t\t\t<\/div>\n\t\t\t\t<\/div>\n\t\t\t\t\t<\/div>\n\t\t<\/div>\n\t\t\t\t<div class=\"elementor-column elementor-col-50 elementor-top-column elementor-element elementor-element-213236b\" data-id=\"213236b\" data-element_type=\"column\" data-settings=\"{&quot;background_background&quot;:&quot;classic&quot;}\">\n\t\t\t<div class=\"elementor-widget-wrap elementor-element-populated\">\n\t\t\t\t\t\t<div class=\"elementor-element elementor-element-e9c050a elementor-widget elementor-widget-text-editor\" data-id=\"e9c050a\" data-element_type=\"widget\" data-widget_type=\"text-editor.default\">\n\t\t\t\t<div class=\"elementor-widget-container\">\n\t\t\t\t\t\t\t\t\t<h2>BCA Autoauktionen \u2013 Allgemeine Informationen<\/h2>\t\t\t\t\t\t\t\t<\/div>\n\t\t\t\t<\/div>\n\t\t\t\t<div class=\"elementor-element elementor-element-8d896a4 elementor-widget elementor-widget-text-editor\" data-id=\"8d896a4\" data-element_type=\"widget\" data-widget_type=\"text-editor.default\">\n\t\t\t\t<div class=\"elementor-widget-container\">\n\t\t\t\t\t\t\t\t\t<p>Die BCA Autoauktionen GmbH ist eine Auktionsplattform f\u00fcr gebrauchte Fahrzeuge und gebrauchtes Fahrzeugzubeh\u00f6r. Das Unternehmen geht zur\u00fcck auf die 1946 von David Wickens in S\u00fcdengland gegr\u00fcndeten \u201eSouthern Countries Motor Auctions\u201c. 1948 wurde daraus die Marke \u201eBritish Car Auctions\u201c (BCA). Im Jahr 1989 wurde in der N\u00e4he von Utrecht\/ Niederlande die erste ausl\u00e4ndische Niederlassung er\u00f6ffnet. BCA Autoauktionen ist heute ein europaweit agierendes Unternehmen f\u00fcr den gewerblichen Handel mit gebrauchten Fahrzeugen. BCA betreibt Auktionsstandorte in den L\u00e4ndern: Deutschland, Frankreich, Schweiz, D\u00e4nemark, Gro\u00dfbritannien, Spanien, Schweden, Portugal, Italien und den Niederlanden. Der Kundenstamm von BCA Autoauktionen setzt sich zusammen aus Automobilherstellern, Flottenbetreibern, Autovermietungen, Banken, Leasinggesellschaften und Automobilherstellern. BCA begann 1997 als erster Anbieter in Deutschland gewerbliche Gebrauchtwagenauktionen durchzuf\u00fchren. Die Standorte von BCA Autoauktionen in Deutschland befinden sich gegenw\u00e4rtig in: Berlin\/Hoppegarten, Gro\u00df-Gerau, Hakenstedt, Hamburg\/Ellerau, Heidenheim, Ketzin, M\u00fcnchen Airport\/Eitting, Neuss, Weidemar, Zossen und Z\u00fclpich. Die Hauptverwaltung von BCA Deutschland befindet sich in Neuss.<\/p>\t\t\t\t\t\t\t\t<\/div>\n\t\t\t\t<\/div>\n\t\t\t\t<div class=\"elementor-element elementor-element-b3d2cf9 elementor-widget elementor-widget-text-editor\" data-id=\"b3d2cf9\" data-element_type=\"widget\" data-widget_type=\"text-editor.default\">\n\t\t\t\t<div class=\"elementor-widget-container\">\n\t\t\t\t\t\t\t\t\t<h2 class=\"text-center\">BCA Autoauktionen \u2013 Leistungsumfang und Schadenskategorisierung<\/h2>\t\t\t\t\t\t\t\t<\/div>\n\t\t\t\t<\/div>\n\t\t\t\t<div class=\"elementor-element elementor-element-76f2c0f elementor-widget elementor-widget-text-editor\" data-id=\"76f2c0f\" data-element_type=\"widget\" data-widget_type=\"text-editor.default\">\n\t\t\t\t<div class=\"elementor-widget-container\">\n\t\t\t\t\t\t\t\t\t<p>BCA ist ein reines B2B-Auktionsportal, das ausschlie\u00dflich den Kauf und Verkauf von Fahrzeugen zwischen gewerblichen H\u00e4ndlern anbietet. Neben dem gewerblichen Handel mit Fahrzeugen und Fahrzeugzubeh\u00f6r bietet BCA Autoauktionen eine Reihe weiterer Dienstleistungen an. Hierzu geh\u00f6ren u. a. professionelle Beratung, Bestandsmanagement, Marketing, Gutachten und Analysen. Je nach Standort in Europa gelten f\u00fcr den Handel mit BCA unterschiedliche Gesch\u00e4ftsbedingungen. Bevor BCA Deutschland ein Fahrzeug anbietet, wird eine optische Begutachtung nach standardisierten Richtlinien durchgef\u00fchrt. Offensichtliche Besch\u00e4digungen am Fahrzeug werden Autoauktionen zwischen Besch\u00e4digungen und Gebrauchsspuren. Besch\u00e4digungen sind Sch\u00e4den, die durch einen nicht bestimmungsgem\u00e4\u00dfen Gebrauch am Fahrzeug entstanden sind. Solche Besch\u00e4digungen werden von BCA in Form von Fotos und Beschreibungen dokumentiert. Als Gebrauchsspuren werden solche Abnutzungen verstanden, die durch einen normalen Gebrauch des Fahrzeuges entstanden sind. Gebrauchsspuren werden von BCA nicht im Auktionskatalog vermerkt. Besch\u00e4digungen werden von BCA in folgende Kategorien unterteilt: Lackierung, Karosserie, Verglasung, Felgen und Bereifung, Innenraum. BCA Autoauktionen schlie\u00dft Reklamationen an den Fahrzeugen in bestimmten Sachverhalten aus. Hierzu geh\u00f6ren: technische und optische Bereiche am Fahrzeug, die vor Ort begutachtet werden k\u00f6nnen, fehlendes Zubeh\u00f6r, Sch\u00e4den an den Fahrzeugbatterien, defekte Verschlei\u00dfteile, Bagatellsch\u00e4den bis zu einem bestimmten Betrag. Fahrzeuge die als \u201eInsolvenzfahrzeug\u201c gekennzeichnet sind, werden generell von der Reklamation ausgeschlossen.<\/p><p>\u00a0<\/p>\t\t\t\t\t\t\t\t<\/div>\n\t\t\t\t<\/div>\n\t\t\t\t<div class=\"elementor-element elementor-element-39aee5d elementor-widget elementor-widget-text-editor\" data-id=\"39aee5d\" data-element_type=\"widget\" data-widget_type=\"text-editor.default\">\n\t\t\t\t<div class=\"elementor-widget-container\">\n\t\t\t\t\t\t\t\t\t<h2 class=\"text-center\">Welche Auktionsformate bietet BCA Autoauktionen seinen Kunden?<\/h2>\t\t\t\t\t\t\t\t<\/div>\n\t\t\t\t<\/div>\n\t\t\t\t<div class=\"elementor-element elementor-element-02b7343 elementor-widget elementor-widget-text-editor\" data-id=\"02b7343\" data-element_type=\"widget\" data-widget_type=\"text-editor.default\">\n\t\t\t\t<div class=\"elementor-widget-container\">\n\t\t\t\t\t\t\t\t\t<p>BCA bietet seinen Kunden die M\u00f6glichkeit, an klassischen Vor-Ort-Auktionen teilzunehmen. Bei dieser Auktionsform k\u00f6nnen Fahrzeuge in Standorten von BCA oder bei Partnerunternehmen live und vor Ort ersteigert werden. BCA LiveBid kombiniert interaktive Online-Auktionen mit einem Live-Auktionator. Mit diesem Format k\u00f6nnen, durch einen Biet-Agent oder eigenh\u00e4ndiges Bieten, von einem beliebigen Standort aus Gebote abgeben werden. BCA LiveOnline-Auktionen bieten die M\u00f6glichkeit, per Live\u00fcbertragung an Vor-Ort und LiveBid-Auktionen teilzunehmen. Bei BCA xBid-Auktionen handelt es sich um reine Online-Auktionen. Hier k\u00f6nnen rund um die Uhr Fahrzeuge \u00fcber das Internet ersteigert werden. Zus\u00e4tzlich bietet BCA auch Festpreisauktionen mit der Option Sofortkauf an. Mit der Auktionsform: Verdecktes Gebot k\u00f6nnen Bieter, unabh\u00e4ngig und ohne Wettbewerbsdruck, ein Gebot f\u00fcr ein Wunschfahrzeug abgeben. Die Angebote der Mitbieter werden nicht angezeigt und der H\u00f6chstbietende erh\u00e4lt am Ende der Auktion den Zuschlag.<\/p>\t\t\t\t\t\t\t\t<\/div>\n\t\t\t\t<\/div>\n\t\t\t\t\t<\/div>\n\t\t<\/div>\n\t\t\t\t\t<\/div>\n\t\t<\/section>\n\t\t\t\t<\/div>\n\t\t","protected":false},"excerpt":{"rendered":"<p>Vielen Dank f\u00fcr Ihr Interesse an BCA! Mit Manheim Express sind Sie immer auf der richtigen Spur Die innovative Auktionsplattform Manheim Express informiert Kunden und Interessenten umfassend \u00fcber die Welt des professionellen Cartradings. Wir betrachten Plattformen wie BCA keineswegs als unliebsame Konkurrenz, sondern w\u00fcrdigen deren Leistungen im Autohandel. Daher informieren wird Sie hier \u00fcber das [&hellip;]<\/p>\n","protected":false},"author":12,"featured_media":0,"parent":11571,"menu_order":0,"comment_status":"closed","ping_status":"closed","template":"","meta":{"_acf_changed":false,"footnotes":""},"wf_page_folders":[156],"class_list":["post-16281","page","type-page","status-publish","hentry"],"acf":[],"yoast_head":"<!-- This site is optimized with the Yoast SEO plugin v25.8 - https:\/\/yoast.com\/wordpress\/plugins\/seo\/ -->\n<title>BCA Autoauktionen - Manheim Express die neue Auktionsplattform f\u00fcr den KFZ Handel<\/title>\n<meta name=\"description\" content=\"Die BCA Autoauktionen GmbH ist eine Auktionsplattform f\u00fcr gebrauchte Fahrzeuge und gebrauchtes Fahrzeugzubeh\u00f6r.\" \/>\n<meta name=\"robots\" content=\"index, follow, max-snippet:-1, max-image-preview:large, max-video-preview:-1\" \/>\n<link rel=\"canonical\" href=\"https:\/\/www.manheim-express.eu\/de\/glossar\/bca-autoauktionen\/\" \/>\n<meta property=\"og:locale\" content=\"de_DE\" \/>\n<meta property=\"og:type\" content=\"article\" \/>\n<meta property=\"og:title\" content=\"BCA Autoauktionen - Manheim Express die neue Auktionsplattform f\u00fcr den KFZ Handel\" \/>\n<meta property=\"og:description\" content=\"Die BCA Autoauktionen GmbH ist eine Auktionsplattform f\u00fcr gebrauchte Fahrzeuge und gebrauchtes Fahrzeugzubeh\u00f6r.\" \/>\n<meta property=\"og:url\" content=\"https:\/\/www.manheim-express.eu\/de\/glossar\/bca-autoauktionen\/\" \/>\n<meta property=\"og:site_name\" content=\"Manheim Express\" \/>\n<meta property=\"article:publisher\" content=\"https:\/\/www.facebook.com\/manheimexpresseurope\/\" \/>\n<meta property=\"article:modified_time\" content=\"2024-01-15T14:57:35+00:00\" \/>\n<meta property=\"og:image\" content=\"https:\/\/www.manheim-express.eu\/wp-content\/uploads\/2022\/11\/Manheim-Express-Estate-car.png\" \/>\n<meta name=\"twitter:card\" content=\"summary_large_image\" \/>\n<meta name=\"twitter:label1\" content=\"Gesch\u00e4tzte Lesezeit\" \/>\n\t<meta name=\"twitter:data1\" content=\"3\u00a0Minuten\" \/>\n<script type=\"application\/ld+json\" class=\"yoast-schema-graph\">{\"@context\":\"https:\/\/schema.org\",\"@graph\":[{\"@type\":\"WebPage\",\"@id\":\"https:\/\/www.manheim-express.eu\/de\/glossar\/bca-autoauktionen\/\",\"url\":\"https:\/\/www.manheim-express.eu\/de\/glossar\/bca-autoauktionen\/\",\"name\":\"BCA Autoauktionen - Manheim Express die neue Auktionsplattform f\u00fcr den KFZ Handel\",\"isPartOf\":{\"@id\":\"https:\/\/www.manheim-express.eu\/de\/#website\"},\"primaryImageOfPage\":{\"@id\":\"https:\/\/www.manheim-express.eu\/de\/glossar\/bca-autoauktionen\/#primaryimage\"},\"image\":{\"@id\":\"https:\/\/www.manheim-express.eu\/de\/glossar\/bca-autoauktionen\/#primaryimage\"},\"thumbnailUrl\":\"https:\/\/www.manheim-express.eu\/wp-content\/uploads\/2022\/11\/Manheim-Express-Estate-car.png\",\"datePublished\":\"2024-01-15T14:57:34+00:00\",\"dateModified\":\"2024-01-15T14:57:35+00:00\",\"description\":\"Die BCA Autoauktionen GmbH ist eine Auktionsplattform f\u00fcr gebrauchte Fahrzeuge und gebrauchtes Fahrzeugzubeh\u00f6r.\",\"breadcrumb\":{\"@id\":\"https:\/\/www.manheim-express.eu\/de\/glossar\/bca-autoauktionen\/#breadcrumb\"},\"inLanguage\":\"de\",\"potentialAction\":[{\"@type\":\"ReadAction\",\"target\":[\"https:\/\/www.manheim-express.eu\/de\/glossar\/bca-autoauktionen\/\"]}]},{\"@type\":\"ImageObject\",\"inLanguage\":\"de\",\"@id\":\"https:\/\/www.manheim-express.eu\/de\/glossar\/bca-autoauktionen\/#primaryimage\",\"url\":\"https:\/\/www.manheim-express.eu\/wp-content\/uploads\/2022\/11\/Manheim-Express-Estate-car.png\",\"contentUrl\":\"https:\/\/www.manheim-express.eu\/wp-content\/uploads\/2022\/11\/Manheim-Express-Estate-car.png\"},{\"@type\":\"BreadcrumbList\",\"@id\":\"https:\/\/www.manheim-express.eu\/de\/glossar\/bca-autoauktionen\/#breadcrumb\",\"itemListElement\":[{\"@type\":\"ListItem\",\"position\":1,\"name\":\"Home\",\"item\":\"https:\/\/www.manheim-express.eu\/de\/\"},{\"@type\":\"ListItem\",\"position\":2,\"name\":\"Glossar\",\"item\":\"https:\/\/www.manheim-express.eu\/de\/glossar\/\"},{\"@type\":\"ListItem\",\"position\":3,\"name\":\"BCA Autoauktionen\"}]},{\"@type\":\"WebSite\",\"@id\":\"https:\/\/www.manheim-express.eu\/de\/#website\",\"url\":\"https:\/\/www.manheim-express.eu\/de\/\",\"name\":\"Manheim Express\",\"description\":\"\",\"publisher\":{\"@id\":\"https:\/\/www.manheim-express.eu\/de\/#organization\"},\"potentialAction\":[{\"@type\":\"SearchAction\",\"target\":{\"@type\":\"EntryPoint\",\"urlTemplate\":\"https:\/\/www.manheim-express.eu\/de\/?s={search_term_string}\"},\"query-input\":{\"@type\":\"PropertyValueSpecification\",\"valueRequired\":true,\"valueName\":\"search_term_string\"}}],\"inLanguage\":\"de\"},{\"@type\":\"Organization\",\"@id\":\"https:\/\/www.manheim-express.eu\/de\/#organization\",\"name\":\"Manheim Express\",\"url\":\"https:\/\/www.manheim-express.eu\/de\/\",\"logo\":{\"@type\":\"ImageObject\",\"inLanguage\":\"de\",\"@id\":\"https:\/\/www.manheim-express.eu\/de\/#\/schema\/logo\/image\/\",\"url\":\"https:\/\/www.manheim-express.eu\/wp-content\/uploads\/2021\/07\/manheim-express-logo-light.png\",\"contentUrl\":\"https:\/\/www.manheim-express.eu\/wp-content\/uploads\/2021\/07\/manheim-express-logo-light.png\",\"width\":1163,\"height\":392,\"caption\":\"Manheim Express\"},\"image\":{\"@id\":\"https:\/\/www.manheim-express.eu\/de\/#\/schema\/logo\/image\/\"},\"sameAs\":[\"https:\/\/www.facebook.com\/manheimexpresseurope\/\",\"https:\/\/www.instagram.com\/manheim.express\",\"https:\/\/www.linkedin.com\/company\/manheim-express\/\",\"https:\/\/www.youtube.com\/channel\/UCRKJajJPvJv-ao7Tk7qra5Q\/\"]}]}<\/script>\n<!-- \/ Yoast SEO plugin. -->","yoast_head_json":{"title":"BCA Autoauktionen - Manheim Express die neue Auktionsplattform f\u00fcr den KFZ Handel","description":"Die BCA Autoauktionen GmbH ist eine Auktionsplattform f\u00fcr gebrauchte Fahrzeuge und gebrauchtes Fahrzeugzubeh\u00f6r.","robots":{"index":"index","follow":"follow","max-snippet":"max-snippet:-1","max-image-preview":"max-image-preview:large","max-video-preview":"max-video-preview:-1"},"canonical":"https:\/\/www.manheim-express.eu\/de\/glossar\/bca-autoauktionen\/","og_locale":"de_DE","og_type":"article","og_title":"BCA Autoauktionen - Manheim Express die neue Auktionsplattform f\u00fcr den KFZ Handel","og_description":"Die BCA Autoauktionen GmbH ist eine Auktionsplattform f\u00fcr gebrauchte Fahrzeuge und gebrauchtes Fahrzeugzubeh\u00f6r.","og_url":"https:\/\/www.manheim-express.eu\/de\/glossar\/bca-autoauktionen\/","og_site_name":"Manheim Express","article_publisher":"https:\/\/www.facebook.com\/manheimexpresseurope\/","article_modified_time":"2024-01-15T14:57:35+00:00","og_image":[{"url":"https:\/\/www.manheim-express.eu\/wp-content\/uploads\/2022\/11\/Manheim-Express-Estate-car.png","type":"","width":"","height":""}],"twitter_card":"summary_large_image","twitter_misc":{"Gesch\u00e4tzte Lesezeit":"3\u00a0Minuten"},"schema":{"@context":"https:\/\/schema.org","@graph":[{"@type":"WebPage","@id":"https:\/\/www.manheim-express.eu\/de\/glossar\/bca-autoauktionen\/","url":"https:\/\/www.manheim-express.eu\/de\/glossar\/bca-autoauktionen\/","name":"BCA Autoauktionen - Manheim Express die neue Auktionsplattform f\u00fcr den KFZ Handel","isPartOf":{"@id":"https:\/\/www.manheim-express.eu\/de\/#website"},"primaryImageOfPage":{"@id":"https:\/\/www.manheim-express.eu\/de\/glossar\/bca-autoauktionen\/#primaryimage"},"image":{"@id":"https:\/\/www.manheim-express.eu\/de\/glossar\/bca-autoauktionen\/#primaryimage"},"thumbnailUrl":"https:\/\/www.manheim-express.eu\/wp-content\/uploads\/2022\/11\/Manheim-Express-Estate-car.png","datePublished":"2024-01-15T14:57:34+00:00","dateModified":"2024-01-15T14:57:35+00:00","description":"Die BCA Autoauktionen GmbH ist eine Auktionsplattform f\u00fcr gebrauchte Fahrzeuge und gebrauchtes Fahrzeugzubeh\u00f6r.","breadcrumb":{"@id":"https:\/\/www.manheim-express.eu\/de\/glossar\/bca-autoauktionen\/#breadcrumb"},"inLanguage":"de","potentialAction":[{"@type":"ReadAction","target":["https:\/\/www.manheim-express.eu\/de\/glossar\/bca-autoauktionen\/"]}]},{"@type":"ImageObject","inLanguage":"de","@id":"https:\/\/www.manheim-express.eu\/de\/glossar\/bca-autoauktionen\/#primaryimage","url":"https:\/\/www.manheim-express.eu\/wp-content\/uploads\/2022\/11\/Manheim-Express-Estate-car.png","contentUrl":"https:\/\/www.manheim-express.eu\/wp-content\/uploads\/2022\/11\/Manheim-Express-Estate-car.png"},{"@type":"BreadcrumbList","@id":"https:\/\/www.manheim-express.eu\/de\/glossar\/bca-autoauktionen\/#breadcrumb","itemListElement":[{"@type":"ListItem","position":1,"name":"Home","item":"https:\/\/www.manheim-express.eu\/de\/"},{"@type":"ListItem","position":2,"name":"Glossar","item":"https:\/\/www.manheim-express.eu\/de\/glossar\/"},{"@type":"ListItem","position":3,"name":"BCA Autoauktionen"}]},{"@type":"WebSite","@id":"https:\/\/www.manheim-express.eu\/de\/#website","url":"https:\/\/www.manheim-express.eu\/de\/","name":"Manheim Express","description":"","publisher":{"@id":"https:\/\/www.manheim-express.eu\/de\/#organization"},"potentialAction":[{"@type":"SearchAction","target":{"@type":"EntryPoint","urlTemplate":"https:\/\/www.manheim-express.eu\/de\/?s={search_term_string}"},"query-input":{"@type":"PropertyValueSpecification","valueRequired":true,"valueName":"search_term_string"}}],"inLanguage":"de"},{"@type":"Organization","@id":"https:\/\/www.manheim-express.eu\/de\/#organization","name":"Manheim Express","url":"https:\/\/www.manheim-express.eu\/de\/","logo":{"@type":"ImageObject","inLanguage":"de","@id":"https:\/\/www.manheim-express.eu\/de\/#\/schema\/logo\/image\/","url":"https:\/\/www.manheim-express.eu\/wp-content\/uploads\/2021\/07\/manheim-express-logo-light.png","contentUrl":"https:\/\/www.manheim-express.eu\/wp-content\/uploads\/2021\/07\/manheim-express-logo-light.png","width":1163,"height":392,"caption":"Manheim Express"},"image":{"@id":"https:\/\/www.manheim-express.eu\/de\/#\/schema\/logo\/image\/"},"sameAs":["https:\/\/www.facebook.com\/manheimexpresseurope\/","https:\/\/www.instagram.com\/manheim.express","https:\/\/www.linkedin.com\/company\/manheim-express\/","https:\/\/www.youtube.com\/channel\/UCRKJajJPvJv-ao7Tk7qra5Q\/"]}]}},"_links":{"self":[{"href":"https:\/\/www.manheim-express.eu\/de\/wp-json\/wp\/v2\/pages\/16281","targetHints":{"allow":["GET"]}}],"collection":[{"href":"https:\/\/www.manheim-express.eu\/de\/wp-json\/wp\/v2\/pages"}],"about":[{"href":"https:\/\/www.manheim-express.eu\/de\/wp-json\/wp\/v2\/types\/page"}],"author":[{"embeddable":true,"href":"https:\/\/www.manheim-express.eu\/de\/wp-json\/wp\/v2\/users\/12"}],"replies":[{"embeddable":true,"href":"https:\/\/www.manheim-express.eu\/de\/wp-json\/wp\/v2\/comments?post=16281"}],"version-history":[{"count":7,"href":"https:\/\/www.manheim-express.eu\/de\/wp-json\/wp\/v2\/pages\/16281\/revisions"}],"predecessor-version":[{"id":16781,"href":"https:\/\/www.manheim-express.eu\/de\/wp-json\/wp\/v2\/pages\/16281\/revisions\/16781"}],"up":[{"embeddable":true,"href":"https:\/\/www.manheim-express.eu\/de\/wp-json\/wp\/v2\/pages\/11571"}],"wp:attachment":[{"href":"https:\/\/www.manheim-express.eu\/de\/wp-json\/wp\/v2\/media?parent=16281"}],"wp:term":[{"taxonomy":"wf_page_folders","embeddable":true,"href":"https:\/\/www.manheim-express.eu\/de\/wp-json\/wp\/v2\/wf_page_folders?post=16281"}],"curies":[{"name":"wp","href":"https:\/\/api.w.org\/{rel}","templated":true}]}}