{"id":16271,"date":"2024-01-15T14:51:58","date_gmt":"2024-01-15T14:51:58","guid":{"rendered":"https:\/\/www.manheim-express.eu\/?page_id=16271"},"modified":"2024-01-15T14:51:59","modified_gmt":"2024-01-15T14:51:59","slug":"b2b-autohandel","status":"publish","type":"page","link":"https:\/\/www.manheim-express.eu\/de\/glossar\/b2b-autohandel\/","title":{"rendered":"B2B Autohandel"},"content":{"rendered":"\t\t<div data-elementor-type=\"wp-page\" data-elementor-id=\"16271\" class=\"elementor elementor-16271\" data-elementor-post-type=\"page\">\n\t\t\t\t\t\t<section class=\"elementor-section elementor-top-section elementor-element elementor-element-5ad223c elementor-section-full_width elementor-section-stretched elementor-section-height-default elementor-section-height-default\" data-id=\"5ad223c\" data-element_type=\"section\" data-settings=\"{&quot;stretch_section&quot;:&quot;section-stretched&quot;}\">\n\t\t\t\t\t\t<div class=\"elementor-container elementor-column-gap-default\">\n\t\t\t\t\t<div class=\"elementor-column elementor-col-50 elementor-top-column elementor-element elementor-element-d3b519c\" data-id=\"d3b519c\" data-element_type=\"column\" data-settings=\"{&quot;background_background&quot;:&quot;classic&quot;}\">\n\t\t\t<div class=\"elementor-widget-wrap elementor-element-populated\">\n\t\t\t\t\t\t<div class=\"elementor-element elementor-element-036dc3a elementor-widget elementor-widget-text-editor\" data-id=\"036dc3a\" data-element_type=\"widget\" data-widget_type=\"text-editor.default\">\n\t\t\t\t<div class=\"elementor-widget-container\">\n\t\t\t\t\t\t\t\t\t<h2>Fahrzeuge im B2B Autohandel professionell verkaufen:<\/h2>\t\t\t\t\t\t\t\t<\/div>\n\t\t\t\t<\/div>\n\t\t\t\t<div class=\"elementor-element elementor-element-21c3353 elementor-widget elementor-widget-text-editor\" data-id=\"21c3353\" data-element_type=\"widget\" data-widget_type=\"text-editor.default\">\n\t\t\t\t<div class=\"elementor-widget-container\">\n\t\t\t\t\t\t\t\t\t<h3 class=\"\">Car-Trading im Netzwerk von Manheim Express<\/h3>\t\t\t\t\t\t\t\t<\/div>\n\t\t\t\t<\/div>\n\t\t\t\t<div class=\"elementor-element elementor-element-c37119d elementor-widget elementor-widget-text-editor\" data-id=\"c37119d\" data-element_type=\"widget\" data-widget_type=\"text-editor.default\">\n\t\t\t\t<div class=\"elementor-widget-container\">\n\t\t\t\t\t\t\t\t\t<p>Die M\u00f6glichkeiten, Fahrzeuge im B2B Autohandel zu verkaufen, waren nie breiter gef\u00e4chert und vielf\u00e4ltiger als heute. Zahllose Online-Portale und H\u00e4ndler bieten gesch\u00e4ftlichen Verk\u00e4ufern die M\u00f6glichkeit, ihr gebrauchtes Auto an den Mann oder die Frau zu bringen. Doch gerade in der gro\u00dfen Auswahl kann der Blick f\u00fcr das beste Portal zum Verkaufen verloren gehen. Unzuverl\u00e4ssige und unseri\u00f6se H\u00e4ndler und K\u00e4ufer k\u00f6nnen den Nutzen, den das Internet ganz zweifellos bieten kann, schnell wieder zu Nichte machen.<\/p><p>So stellt sich f\u00fcr viele H\u00e4ndler und Autoh\u00e4user nach wie vor die Herausforderung, ihr Auto m\u00f6glichst unkompliziert, seri\u00f6s und nat\u00fcrlich f\u00fcr einen guten Preis zu verkaufen. Das B2B-Netzwerk f\u00fcr den Autohandelvon Manheim Express erf\u00fcllt diese Anforderungen durch innovative Tools und individuellen Service von Profis f\u00fcr Profis.<\/p>\t\t\t\t\t\t\t\t<\/div>\n\t\t\t\t<\/div>\n\t\t\t\t<div class=\"elementor-element elementor-element-76774e4 elementor-widget elementor-widget-button\" data-id=\"76774e4\" data-element_type=\"widget\" data-widget_type=\"button.default\">\n\t\t\t\t<div class=\"elementor-widget-container\">\n\t\t\t\t\t\t\t\t\t<div class=\"elementor-button-wrapper\">\n\t\t\t\t\t<a class=\"elementor-button elementor-button-link elementor-size-lg\" href=\"#\">\n\t\t\t\t\t\t<span class=\"elementor-button-content-wrapper\">\n\t\t\t\t\t\t\t\t\t<span class=\"elementor-button-text\">Mehr Infos finden Sie hier<\/span>\n\t\t\t\t\t<\/span>\n\t\t\t\t\t<\/a>\n\t\t\t\t<\/div>\n\t\t\t\t\t\t\t\t<\/div>\n\t\t\t\t<\/div>\n\t\t\t\t<div class=\"elementor-element elementor-element-93513c7 elementor-widget elementor-widget-image\" data-id=\"93513c7\" data-element_type=\"widget\" data-widget_type=\"image.default\">\n\t\t\t\t<div class=\"elementor-widget-container\">\n\t\t\t\t\t\t\t\t\t\t\t\t\t\t\t<img fetchpriority=\"high\" decoding=\"async\" width=\"800\" height=\"389\" src=\"https:\/\/www.manheim-express.eu\/wp-content\/uploads\/2022\/11\/Manheim-Express-Estate-car.png\" class=\"attachment-large size-large wp-image-14639\" alt=\"\" srcset=\"https:\/\/www.manheim-express.eu\/wp-content\/uploads\/2022\/11\/Manheim-Express-Estate-car.png 1024w, https:\/\/www.manheim-express.eu\/wp-content\/uploads\/2022\/11\/Manheim-Express-Estate-car-300x146.png 300w, https:\/\/www.manheim-express.eu\/wp-content\/uploads\/2022\/11\/Manheim-Express-Estate-car-768x374.png 768w\" sizes=\"(max-width: 800px) 100vw, 800px\" \/>\t\t\t\t\t\t\t\t\t\t\t\t\t\t\t<\/div>\n\t\t\t\t<\/div>\n\t\t\t\t\t<\/div>\n\t\t<\/div>\n\t\t\t\t<div class=\"elementor-column elementor-col-50 elementor-top-column elementor-element elementor-element-213236b\" data-id=\"213236b\" data-element_type=\"column\" data-settings=\"{&quot;background_background&quot;:&quot;classic&quot;}\">\n\t\t\t<div class=\"elementor-widget-wrap elementor-element-populated\">\n\t\t\t\t\t\t<div class=\"elementor-element elementor-element-e9c050a elementor-widget elementor-widget-text-editor\" data-id=\"e9c050a\" data-element_type=\"widget\" data-widget_type=\"text-editor.default\">\n\t\t\t\t<div class=\"elementor-widget-container\">\n\t\t\t\t\t\t\t\t\t<h2>Ein gebrauchtes Fahrzeug im B2B Autohandel verkaufen<\/h2>\t\t\t\t\t\t\t\t<\/div>\n\t\t\t\t<\/div>\n\t\t\t\t<div class=\"elementor-element elementor-element-8d896a4 elementor-widget elementor-widget-text-editor\" data-id=\"8d896a4\" data-element_type=\"widget\" data-widget_type=\"text-editor.default\">\n\t\t\t\t<div class=\"elementor-widget-container\">\n\t\t\t\t\t\t\t\t\t<p>Neben dem Kauf und Verkauf von Immobilien sind private und gesch\u00e4ftlich genutzte Fahrzeuge f\u00fcr die meisten Menschen diejenigen Anschaffungen, f\u00fcr die sie das h\u00f6chste Budget aufwenden. Die Betr\u00e4ge, Gewinne oder Verluste, die alleine im B2B Autohandel im Spiel sind, fallen naturgem\u00e4\u00df sehr unterschiedlich aus, denn die Gruppe der Autok\u00e4ufer, H\u00e4ndler und Autoh\u00e4user auf einen gemeinsamen Nenner zu bringen ist nahezu unm\u00f6glich: Nicht nur beim Kauf, auch wenn es darum geht, ein gebrauchtes Auto wieder zu verkaufen, finden sich unter Autoh\u00e4ndlern ganz unterschiedliche Typen und Strategien.<\/p>\t\t\t\t\t\t\t\t<\/div>\n\t\t\t\t<\/div>\n\t\t\t\t<div class=\"elementor-element elementor-element-b3d2cf9 elementor-widget elementor-widget-text-editor\" data-id=\"b3d2cf9\" data-element_type=\"widget\" data-widget_type=\"text-editor.default\">\n\t\t\t\t<div class=\"elementor-widget-container\">\n\t\t\t\t\t\t\t\t\t<h2 class=\"text-center\">R\u00fccksicht auf branchenspezifische Verkaufsstrategien<\/h2>\t\t\t\t\t\t\t\t<\/div>\n\t\t\t\t<\/div>\n\t\t\t\t<div class=\"elementor-element elementor-element-76f2c0f elementor-widget elementor-widget-text-editor\" data-id=\"76f2c0f\" data-element_type=\"widget\" data-widget_type=\"text-editor.default\">\n\t\t\t\t<div class=\"elementor-widget-container\">\n\t\t\t\t\t\t\t\t\t<p>W\u00e4hrend der eine viel Wert darauf legt, sein gebrauchtes Auto m\u00f6glichst schnell und mit wenig Aufwand zu verkaufen, geht es dem anderen darum, unbedingt zum bestm\u00f6glichen Preis zu verkaufen. Neben dem breit gef\u00e4cherten Spektrum an privaten Verk\u00e4ufern bilden die H\u00e4ndler und Autoh\u00e4user, also die gewerblichen K\u00e4ufer und Verk\u00e4ufer nochmals eine eigene Kategorie. Im professionellen B2B Autohandel mit gebrauchten Fahrzeugen wird gro\u00dfer Wert auf eine m\u00f6glichst rationelle Abwicklung und revisionssichere Abschl\u00fcsse gelegt. Manheim Express ist in diesem Bereich die optimale Anlaufstelle, da der gewerbliche Verkaufsprozess durch das Portal enorm vereinfacht und beschleunigt wird.<\/p>\t\t\t\t\t\t\t\t<\/div>\n\t\t\t\t<\/div>\n\t\t\t\t<div class=\"elementor-element elementor-element-171c6db elementor-widget elementor-widget-text-editor\" data-id=\"171c6db\" data-element_type=\"widget\" data-widget_type=\"text-editor.default\">\n\t\t\t\t<div class=\"elementor-widget-container\">\n\t\t\t\t\t\t\t\t\t<h2>MANHEIM EXPRESS \u2013 der einfachste Weg gewerblich Fahrzeuge im B2B Autohandel zu verkaufen<\/h2>\t\t\t\t\t\t\t\t<\/div>\n\t\t\t\t<\/div>\n\t\t\t\t<div class=\"elementor-element elementor-element-ca51b1d elementor-widget elementor-widget-text-editor\" data-id=\"ca51b1d\" data-element_type=\"widget\" data-widget_type=\"text-editor.default\">\n\t\t\t\t<div class=\"elementor-widget-container\">\n\t\t\t\t\t\t\t\t\t<p>W\u00e4hrend es f\u00fcr viele private Autobesitzer in der Regel nur alle paar Jahre so weit ist, ist es f\u00fcr H\u00e4ndler das t\u00e4gliche Gesch\u00e4ft. Ein gebrauchtes Auto im B2B Autohandel zu verkaufen stellt aber auch f\u00fcr H\u00e4ndler immer wieder eine Herausforderung dar. Schlie\u00dflich geht es darum, einen gewinnbringenden, wenn m\u00f6glich optimalen, Preis f\u00fcr ein gebrauchtes Auto zu erzielen. Ganz ohne Zweifel war es vor dem Aufkommen der Online-Portale meist mit deutlich mehr Aufwand verbunden, ein gebrauchtes Auto zu verkaufen. Zwar bestand auch vor dem Aufstieg des Internets f\u00fcr H\u00e4ndler die M\u00f6glichkeit, ein gebrauchtes Auto auf Auktionen zu verkaufen, doch die Teilnahme daran bedeutete immer auch einen erh\u00f6hten Aufwand. Der Rest des Tagesgesch\u00e4ftes musste \u00fcber den Handel vor Ort abgewickelt werden, was entsprechend Verhandlungen und Probefahrten mit sich brachte.<\/p>\t\t\t\t\t\t\t\t<\/div>\n\t\t\t\t<\/div>\n\t\t\t\t<div class=\"elementor-element elementor-element-98181f3 elementor-widget elementor-widget-text-editor\" data-id=\"98181f3\" data-element_type=\"widget\" data-widget_type=\"text-editor.default\">\n\t\t\t\t<div class=\"elementor-widget-container\">\n\t\t\t\t\t\t\t\t\t<h2>Deutliche Erleichterung f\u00fcr H\u00e4ndler und Autoh\u00e4user<\/h2>\t\t\t\t\t\t\t\t<\/div>\n\t\t\t\t<\/div>\n\t\t\t\t<div class=\"elementor-element elementor-element-96ae2db elementor-widget elementor-widget-text-editor\" data-id=\"96ae2db\" data-element_type=\"widget\" data-widget_type=\"text-editor.default\">\n\t\t\t\t<div class=\"elementor-widget-container\">\n\t\t\t\t\t\t\t\t\t<p>Manheim Express kommt dem Interesse professioneller Gebrauchtwagenh\u00e4ndler entgegen und bewirkt eine massive Erleichterung und Beschleunigung des Tagesgesch\u00e4fts f\u00fcr Fahrzeuge im B2B Autohandel. Insbesondere Pkw, die ohnehin geringe Margen versprechen, wie Leasingr\u00fcckl\u00e4ufer oder Inzahlungnahmen und zudem drohen, zu Langstehern zu werden, k\u00f6nnen \u00fcber Manheim Express mit geringem Aufwand weiterverkauft werden. F\u00fcr den H\u00e4ndler bietet sich damit die M\u00f6glichkeit, gebrauchte Autos nach Bedarf mit wenig Aufwand zu verkaufen oder anzukaufen und gleichzeitig interessante und hochwertige Fahrzeuge, die im Handel vor Ort sehr gut verkauft werden k\u00f6nnen, zu erwerben. Nicht-gewerbliche Verk\u00e4ufer haben mit dem Portal Manheim Express die M\u00f6glichkeit, das professionelle Netzwerk ebenfalls zu nutzen, um ihr Auto zum besten Preis seri\u00f6s und mit geringstem Aufwand privat zu verkaufen.<\/p>\t\t\t\t\t\t\t\t<\/div>\n\t\t\t\t<\/div>\n\t\t\t\t\t<\/div>\n\t\t<\/div>\n\t\t\t\t\t<\/div>\n\t\t<\/section>\n\t\t\t\t<\/div>\n\t\t","protected":false},"excerpt":{"rendered":"<p>Fahrzeuge im B2B Autohandel professionell verkaufen: Car-Trading im Netzwerk von Manheim Express Die M\u00f6glichkeiten, Fahrzeuge im B2B Autohandel zu verkaufen, waren nie breiter gef\u00e4chert und vielf\u00e4ltiger als heute. Zahllose Online-Portale und H\u00e4ndler bieten gesch\u00e4ftlichen Verk\u00e4ufern die M\u00f6glichkeit, ihr gebrauchtes Auto an den Mann oder die Frau zu bringen. Doch gerade in der gro\u00dfen Auswahl kann [&hellip;]<\/p>\n","protected":false},"author":12,"featured_media":0,"parent":11571,"menu_order":0,"comment_status":"closed","ping_status":"closed","template":"","meta":{"_acf_changed":false,"footnotes":""},"wf_page_folders":[156],"class_list":["post-16271","page","type-page","status-publish","hentry"],"acf":[],"yoast_head":"<!-- This site is optimized with the Yoast SEO plugin v25.8 - https:\/\/yoast.com\/wordpress\/plugins\/seo\/ -->\n<title>B2B Autohandel - Manheim Express die neue Auktionsplattform f\u00fcr den KFZ Handel<\/title>\n<meta name=\"description\" content=\"B2B Autohandel der n\u00e4chsten Generation. Mit Manheim Express kaufen und verkaufen H\u00e4ndler Gebrauchtwagen deutlich schneller und einfacher.\" \/>\n<meta name=\"robots\" content=\"index, follow, max-snippet:-1, max-image-preview:large, max-video-preview:-1\" \/>\n<link rel=\"canonical\" href=\"https:\/\/www.manheim-express.eu\/de\/glossar\/b2b-autohandel\/\" \/>\n<meta property=\"og:locale\" content=\"de_DE\" \/>\n<meta property=\"og:type\" content=\"article\" \/>\n<meta property=\"og:title\" content=\"B2B Autohandel - Manheim Express die neue Auktionsplattform f\u00fcr den KFZ Handel\" \/>\n<meta property=\"og:description\" content=\"B2B Autohandel der n\u00e4chsten Generation. Mit Manheim Express kaufen und verkaufen H\u00e4ndler Gebrauchtwagen deutlich schneller und einfacher.\" \/>\n<meta property=\"og:url\" content=\"https:\/\/www.manheim-express.eu\/de\/glossar\/b2b-autohandel\/\" \/>\n<meta property=\"og:site_name\" content=\"Manheim Express\" \/>\n<meta property=\"article:publisher\" content=\"https:\/\/www.facebook.com\/manheimexpresseurope\/\" \/>\n<meta property=\"article:modified_time\" content=\"2024-01-15T14:51:59+00:00\" \/>\n<meta property=\"og:image\" content=\"https:\/\/www.manheim-express.eu\/wp-content\/uploads\/2022\/11\/Manheim-Express-Estate-car.png\" \/>\n<meta name=\"twitter:card\" content=\"summary_large_image\" \/>\n<meta name=\"twitter:label1\" content=\"Gesch\u00e4tzte Lesezeit\" \/>\n\t<meta name=\"twitter:data1\" content=\"3\u00a0Minuten\" \/>\n<script type=\"application\/ld+json\" class=\"yoast-schema-graph\">{\"@context\":\"https:\/\/schema.org\",\"@graph\":[{\"@type\":\"WebPage\",\"@id\":\"https:\/\/www.manheim-express.eu\/de\/glossar\/b2b-autohandel\/\",\"url\":\"https:\/\/www.manheim-express.eu\/de\/glossar\/b2b-autohandel\/\",\"name\":\"B2B Autohandel - Manheim Express die neue Auktionsplattform f\u00fcr den KFZ Handel\",\"isPartOf\":{\"@id\":\"https:\/\/www.manheim-express.eu\/de\/#website\"},\"primaryImageOfPage\":{\"@id\":\"https:\/\/www.manheim-express.eu\/de\/glossar\/b2b-autohandel\/#primaryimage\"},\"image\":{\"@id\":\"https:\/\/www.manheim-express.eu\/de\/glossar\/b2b-autohandel\/#primaryimage\"},\"thumbnailUrl\":\"https:\/\/www.manheim-express.eu\/wp-content\/uploads\/2022\/11\/Manheim-Express-Estate-car.png\",\"datePublished\":\"2024-01-15T14:51:58+00:00\",\"dateModified\":\"2024-01-15T14:51:59+00:00\",\"description\":\"B2B Autohandel der n\u00e4chsten Generation. Mit Manheim Express kaufen und verkaufen H\u00e4ndler Gebrauchtwagen deutlich schneller und einfacher.\",\"breadcrumb\":{\"@id\":\"https:\/\/www.manheim-express.eu\/de\/glossar\/b2b-autohandel\/#breadcrumb\"},\"inLanguage\":\"de\",\"potentialAction\":[{\"@type\":\"ReadAction\",\"target\":[\"https:\/\/www.manheim-express.eu\/de\/glossar\/b2b-autohandel\/\"]}]},{\"@type\":\"ImageObject\",\"inLanguage\":\"de\",\"@id\":\"https:\/\/www.manheim-express.eu\/de\/glossar\/b2b-autohandel\/#primaryimage\",\"url\":\"https:\/\/www.manheim-express.eu\/wp-content\/uploads\/2022\/11\/Manheim-Express-Estate-car.png\",\"contentUrl\":\"https:\/\/www.manheim-express.eu\/wp-content\/uploads\/2022\/11\/Manheim-Express-Estate-car.png\"},{\"@type\":\"BreadcrumbList\",\"@id\":\"https:\/\/www.manheim-express.eu\/de\/glossar\/b2b-autohandel\/#breadcrumb\",\"itemListElement\":[{\"@type\":\"ListItem\",\"position\":1,\"name\":\"Home\",\"item\":\"https:\/\/www.manheim-express.eu\/de\/\"},{\"@type\":\"ListItem\",\"position\":2,\"name\":\"Glossar\",\"item\":\"https:\/\/www.manheim-express.eu\/de\/glossar\/\"},{\"@type\":\"ListItem\",\"position\":3,\"name\":\"B2B Autohandel\"}]},{\"@type\":\"WebSite\",\"@id\":\"https:\/\/www.manheim-express.eu\/de\/#website\",\"url\":\"https:\/\/www.manheim-express.eu\/de\/\",\"name\":\"Manheim Express\",\"description\":\"\",\"publisher\":{\"@id\":\"https:\/\/www.manheim-express.eu\/de\/#organization\"},\"potentialAction\":[{\"@type\":\"SearchAction\",\"target\":{\"@type\":\"EntryPoint\",\"urlTemplate\":\"https:\/\/www.manheim-express.eu\/de\/?s={search_term_string}\"},\"query-input\":{\"@type\":\"PropertyValueSpecification\",\"valueRequired\":true,\"valueName\":\"search_term_string\"}}],\"inLanguage\":\"de\"},{\"@type\":\"Organization\",\"@id\":\"https:\/\/www.manheim-express.eu\/de\/#organization\",\"name\":\"Manheim Express\",\"url\":\"https:\/\/www.manheim-express.eu\/de\/\",\"logo\":{\"@type\":\"ImageObject\",\"inLanguage\":\"de\",\"@id\":\"https:\/\/www.manheim-express.eu\/de\/#\/schema\/logo\/image\/\",\"url\":\"https:\/\/www.manheim-express.eu\/wp-content\/uploads\/2021\/07\/manheim-express-logo-light.png\",\"contentUrl\":\"https:\/\/www.manheim-express.eu\/wp-content\/uploads\/2021\/07\/manheim-express-logo-light.png\",\"width\":1163,\"height\":392,\"caption\":\"Manheim Express\"},\"image\":{\"@id\":\"https:\/\/www.manheim-express.eu\/de\/#\/schema\/logo\/image\/\"},\"sameAs\":[\"https:\/\/www.facebook.com\/manheimexpresseurope\/\",\"https:\/\/www.instagram.com\/manheim.express\",\"https:\/\/www.linkedin.com\/company\/manheim-express\/\",\"https:\/\/www.youtube.com\/channel\/UCRKJajJPvJv-ao7Tk7qra5Q\/\"]}]}<\/script>\n<!-- \/ Yoast SEO plugin. -->","yoast_head_json":{"title":"B2B Autohandel - Manheim Express die neue Auktionsplattform f\u00fcr den KFZ Handel","description":"B2B Autohandel der n\u00e4chsten Generation. Mit Manheim Express kaufen und verkaufen H\u00e4ndler Gebrauchtwagen deutlich schneller und einfacher.","robots":{"index":"index","follow":"follow","max-snippet":"max-snippet:-1","max-image-preview":"max-image-preview:large","max-video-preview":"max-video-preview:-1"},"canonical":"https:\/\/www.manheim-express.eu\/de\/glossar\/b2b-autohandel\/","og_locale":"de_DE","og_type":"article","og_title":"B2B Autohandel - Manheim Express die neue Auktionsplattform f\u00fcr den KFZ Handel","og_description":"B2B Autohandel der n\u00e4chsten Generation. Mit Manheim Express kaufen und verkaufen H\u00e4ndler Gebrauchtwagen deutlich schneller und einfacher.","og_url":"https:\/\/www.manheim-express.eu\/de\/glossar\/b2b-autohandel\/","og_site_name":"Manheim Express","article_publisher":"https:\/\/www.facebook.com\/manheimexpresseurope\/","article_modified_time":"2024-01-15T14:51:59+00:00","og_image":[{"url":"https:\/\/www.manheim-express.eu\/wp-content\/uploads\/2022\/11\/Manheim-Express-Estate-car.png","type":"","width":"","height":""}],"twitter_card":"summary_large_image","twitter_misc":{"Gesch\u00e4tzte Lesezeit":"3\u00a0Minuten"},"schema":{"@context":"https:\/\/schema.org","@graph":[{"@type":"WebPage","@id":"https:\/\/www.manheim-express.eu\/de\/glossar\/b2b-autohandel\/","url":"https:\/\/www.manheim-express.eu\/de\/glossar\/b2b-autohandel\/","name":"B2B Autohandel - Manheim Express die neue Auktionsplattform f\u00fcr den KFZ Handel","isPartOf":{"@id":"https:\/\/www.manheim-express.eu\/de\/#website"},"primaryImageOfPage":{"@id":"https:\/\/www.manheim-express.eu\/de\/glossar\/b2b-autohandel\/#primaryimage"},"image":{"@id":"https:\/\/www.manheim-express.eu\/de\/glossar\/b2b-autohandel\/#primaryimage"},"thumbnailUrl":"https:\/\/www.manheim-express.eu\/wp-content\/uploads\/2022\/11\/Manheim-Express-Estate-car.png","datePublished":"2024-01-15T14:51:58+00:00","dateModified":"2024-01-15T14:51:59+00:00","description":"B2B Autohandel der n\u00e4chsten Generation. Mit Manheim Express kaufen und verkaufen H\u00e4ndler Gebrauchtwagen deutlich schneller und einfacher.","breadcrumb":{"@id":"https:\/\/www.manheim-express.eu\/de\/glossar\/b2b-autohandel\/#breadcrumb"},"inLanguage":"de","potentialAction":[{"@type":"ReadAction","target":["https:\/\/www.manheim-express.eu\/de\/glossar\/b2b-autohandel\/"]}]},{"@type":"ImageObject","inLanguage":"de","@id":"https:\/\/www.manheim-express.eu\/de\/glossar\/b2b-autohandel\/#primaryimage","url":"https:\/\/www.manheim-express.eu\/wp-content\/uploads\/2022\/11\/Manheim-Express-Estate-car.png","contentUrl":"https:\/\/www.manheim-express.eu\/wp-content\/uploads\/2022\/11\/Manheim-Express-Estate-car.png"},{"@type":"BreadcrumbList","@id":"https:\/\/www.manheim-express.eu\/de\/glossar\/b2b-autohandel\/#breadcrumb","itemListElement":[{"@type":"ListItem","position":1,"name":"Home","item":"https:\/\/www.manheim-express.eu\/de\/"},{"@type":"ListItem","position":2,"name":"Glossar","item":"https:\/\/www.manheim-express.eu\/de\/glossar\/"},{"@type":"ListItem","position":3,"name":"B2B Autohandel"}]},{"@type":"WebSite","@id":"https:\/\/www.manheim-express.eu\/de\/#website","url":"https:\/\/www.manheim-express.eu\/de\/","name":"Manheim Express","description":"","publisher":{"@id":"https:\/\/www.manheim-express.eu\/de\/#organization"},"potentialAction":[{"@type":"SearchAction","target":{"@type":"EntryPoint","urlTemplate":"https:\/\/www.manheim-express.eu\/de\/?s={search_term_string}"},"query-input":{"@type":"PropertyValueSpecification","valueRequired":true,"valueName":"search_term_string"}}],"inLanguage":"de"},{"@type":"Organization","@id":"https:\/\/www.manheim-express.eu\/de\/#organization","name":"Manheim Express","url":"https:\/\/www.manheim-express.eu\/de\/","logo":{"@type":"ImageObject","inLanguage":"de","@id":"https:\/\/www.manheim-express.eu\/de\/#\/schema\/logo\/image\/","url":"https:\/\/www.manheim-express.eu\/wp-content\/uploads\/2021\/07\/manheim-express-logo-light.png","contentUrl":"https:\/\/www.manheim-express.eu\/wp-content\/uploads\/2021\/07\/manheim-express-logo-light.png","width":1163,"height":392,"caption":"Manheim Express"},"image":{"@id":"https:\/\/www.manheim-express.eu\/de\/#\/schema\/logo\/image\/"},"sameAs":["https:\/\/www.facebook.com\/manheimexpresseurope\/","https:\/\/www.instagram.com\/manheim.express","https:\/\/www.linkedin.com\/company\/manheim-express\/","https:\/\/www.youtube.com\/channel\/UCRKJajJPvJv-ao7Tk7qra5Q\/"]}]}},"_links":{"self":[{"href":"https:\/\/www.manheim-express.eu\/de\/wp-json\/wp\/v2\/pages\/16271","targetHints":{"allow":["GET"]}}],"collection":[{"href":"https:\/\/www.manheim-express.eu\/de\/wp-json\/wp\/v2\/pages"}],"about":[{"href":"https:\/\/www.manheim-express.eu\/de\/wp-json\/wp\/v2\/types\/page"}],"author":[{"embeddable":true,"href":"https:\/\/www.manheim-express.eu\/de\/wp-json\/wp\/v2\/users\/12"}],"replies":[{"embeddable":true,"href":"https:\/\/www.manheim-express.eu\/de\/wp-json\/wp\/v2\/comments?post=16271"}],"version-history":[{"count":7,"href":"https:\/\/www.manheim-express.eu\/de\/wp-json\/wp\/v2\/pages\/16271\/revisions"}],"predecessor-version":[{"id":16775,"href":"https:\/\/www.manheim-express.eu\/de\/wp-json\/wp\/v2\/pages\/16271\/revisions\/16775"}],"up":[{"embeddable":true,"href":"https:\/\/www.manheim-express.eu\/de\/wp-json\/wp\/v2\/pages\/11571"}],"wp:attachment":[{"href":"https:\/\/www.manheim-express.eu\/de\/wp-json\/wp\/v2\/media?parent=16271"}],"wp:term":[{"taxonomy":"wf_page_folders","embeddable":true,"href":"https:\/\/www.manheim-express.eu\/de\/wp-json\/wp\/v2\/wf_page_folders?post=16271"}],"curies":[{"name":"wp","href":"https:\/\/api.w.org\/{rel}","templated":true}]}}