{"id":16243,"date":"2024-01-15T14:49:11","date_gmt":"2024-01-15T14:49:11","guid":{"rendered":"https:\/\/www.manheim-express.eu\/?page_id=16243"},"modified":"2024-01-15T14:49:12","modified_gmt":"2024-01-15T14:49:12","slug":"autoversteigerungen","status":"publish","type":"page","link":"https:\/\/www.manheim-express.eu\/de\/glossar\/autoversteigerungen\/","title":{"rendered":"Autoversteigerungen"},"content":{"rendered":"\t\t<div data-elementor-type=\"wp-page\" data-elementor-id=\"16243\" class=\"elementor elementor-16243\" data-elementor-post-type=\"page\">\n\t\t\t\t\t\t<section class=\"elementor-section elementor-top-section elementor-element elementor-element-5ad223c elementor-section-full_width elementor-section-stretched elementor-section-height-default elementor-section-height-default\" data-id=\"5ad223c\" data-element_type=\"section\" data-settings=\"{&quot;stretch_section&quot;:&quot;section-stretched&quot;}\">\n\t\t\t\t\t\t<div class=\"elementor-container elementor-column-gap-default\">\n\t\t\t\t\t<div class=\"elementor-column elementor-col-50 elementor-top-column elementor-element elementor-element-d3b519c\" data-id=\"d3b519c\" data-element_type=\"column\" data-settings=\"{&quot;background_background&quot;:&quot;classic&quot;}\">\n\t\t\t<div class=\"elementor-widget-wrap elementor-element-populated\">\n\t\t\t\t\t\t<div class=\"elementor-element elementor-element-036dc3a elementor-widget elementor-widget-text-editor\" data-id=\"036dc3a\" data-element_type=\"widget\" data-widget_type=\"text-editor.default\">\n\t\t\t\t<div class=\"elementor-widget-container\">\n\t\t\t\t\t\t\t\t\t<h2>Autoversteigerungen f\u00fcr H\u00e4ndler<\/h2>\t\t\t\t\t\t\t\t<\/div>\n\t\t\t\t<\/div>\n\t\t\t\t<div class=\"elementor-element elementor-element-21c3353 elementor-widget elementor-widget-text-editor\" data-id=\"21c3353\" data-element_type=\"widget\" data-widget_type=\"text-editor.default\">\n\t\t\t\t<div class=\"elementor-widget-container\">\n\t\t\t\t\t\t\t\t\t<h3 class=\"\">Mit Manheim Express sind Sie vom ersten Klick an mit Profis unterwegs!<\/h3>\t\t\t\t\t\t\t\t<\/div>\n\t\t\t\t<\/div>\n\t\t\t\t<div class=\"elementor-element elementor-element-c37119d elementor-widget elementor-widget-text-editor\" data-id=\"c37119d\" data-element_type=\"widget\" data-widget_type=\"text-editor.default\">\n\t\t\t\t<div class=\"elementor-widget-container\">\n\t\t\t\t\t\t\t\t\t<p class=\"text-justify\">Sie sind H\u00e4ndler und wollen neuen Wind in Ihren Handel mit Gebrauchtwagen bringen? Dann sind Sie bei\u00a0<strong>Manheim Express<\/strong>\u00a0genau richtig! Wir haben eine v\u00f6llig neuartige Softwarel\u00f6sung f\u00fcr den Handel im B2B-Gebrauchtwagenmarkt geschaffen.<\/p><p class=\"text-justify\">Als H\u00e4ndler profitieren Sie nicht nur von der hohen Benutzerfreundlichkeit unseres Portals, Sie kommen auch in den Genuss eines umfassenden Serviceangebotes.<\/p>\t\t\t\t\t\t\t\t<\/div>\n\t\t\t\t<\/div>\n\t\t\t\t<div class=\"elementor-element elementor-element-76774e4 elementor-widget elementor-widget-button\" data-id=\"76774e4\" data-element_type=\"widget\" data-widget_type=\"button.default\">\n\t\t\t\t<div class=\"elementor-widget-container\">\n\t\t\t\t\t\t\t\t\t<div class=\"elementor-button-wrapper\">\n\t\t\t\t\t<a class=\"elementor-button elementor-button-link elementor-size-lg\" href=\"#\">\n\t\t\t\t\t\t<span class=\"elementor-button-content-wrapper\">\n\t\t\t\t\t\t\t\t\t<span class=\"elementor-button-text\">Mehr Infos finden Sie hier<\/span>\n\t\t\t\t\t<\/span>\n\t\t\t\t\t<\/a>\n\t\t\t\t<\/div>\n\t\t\t\t\t\t\t\t<\/div>\n\t\t\t\t<\/div>\n\t\t\t\t<div class=\"elementor-element elementor-element-93513c7 elementor-widget elementor-widget-image\" data-id=\"93513c7\" data-element_type=\"widget\" data-widget_type=\"image.default\">\n\t\t\t\t<div class=\"elementor-widget-container\">\n\t\t\t\t\t\t\t\t\t\t\t\t\t\t\t<img fetchpriority=\"high\" decoding=\"async\" width=\"800\" height=\"389\" src=\"https:\/\/www.manheim-express.eu\/wp-content\/uploads\/2022\/11\/Manheim-Express-Estate-car.png\" class=\"attachment-large size-large wp-image-14639\" alt=\"\" srcset=\"https:\/\/www.manheim-express.eu\/wp-content\/uploads\/2022\/11\/Manheim-Express-Estate-car.png 1024w, https:\/\/www.manheim-express.eu\/wp-content\/uploads\/2022\/11\/Manheim-Express-Estate-car-300x146.png 300w, https:\/\/www.manheim-express.eu\/wp-content\/uploads\/2022\/11\/Manheim-Express-Estate-car-768x374.png 768w\" sizes=\"(max-width: 800px) 100vw, 800px\" \/>\t\t\t\t\t\t\t\t\t\t\t\t\t\t\t<\/div>\n\t\t\t\t<\/div>\n\t\t\t\t\t<\/div>\n\t\t<\/div>\n\t\t\t\t<div class=\"elementor-column elementor-col-50 elementor-top-column elementor-element elementor-element-213236b\" data-id=\"213236b\" data-element_type=\"column\" data-settings=\"{&quot;background_background&quot;:&quot;classic&quot;}\">\n\t\t\t<div class=\"elementor-widget-wrap elementor-element-populated\">\n\t\t\t\t\t\t<div class=\"elementor-element elementor-element-e9c050a elementor-widget elementor-widget-text-editor\" data-id=\"e9c050a\" data-element_type=\"widget\" data-widget_type=\"text-editor.default\">\n\t\t\t\t<div class=\"elementor-widget-container\">\n\t\t\t\t\t\t\t\t\t<h2>Warum sind Autoversteigerungen so beliebt?<\/h2>\t\t\t\t\t\t\t\t<\/div>\n\t\t\t\t<\/div>\n\t\t\t\t<div class=\"elementor-element elementor-element-8d896a4 elementor-widget elementor-widget-text-editor\" data-id=\"8d896a4\" data-element_type=\"widget\" data-widget_type=\"text-editor.default\">\n\t\t\t\t<div class=\"elementor-widget-container\">\n\t\t\t\t\t\t\t\t\t<p>Die Versteigerung von Autos hat in Deutschland im Vergleich zu den USA sp\u00e4t eingesetzt, sich dann aber schnell etabliert. Autoversteigerungen sind l\u00e4ngst keine Dom\u00e4ne mehr von Schn\u00e4ppchenj\u00e4gern oder Profis; sie sind in der Mitte der Gesellschaft angekommen.<\/p><p>Ein Reiz dieser Verkaufsform f\u00fcr Autos liegt zweifellos in der Vielfalt der Angebote: Der unersch\u00f6pfliche Pool von Fahrzeugen und Anbietern gibt den Interessenten immer wieder aufs Neue die M\u00f6glichkeit, ein au\u00dfergew\u00f6hnliches oder besonders g\u00fcnstiges Fahrzeug zu finden.<\/p><p>Und nat\u00fcrlich ist auch die Preisvielfalt im Internet hoch interessant: Der Kaufpreis ergibt sich erst aus dem Zusammenspiel von Anbietern und Interessenten und kann mitunter deutlich g\u00fcnstiger ausfallen als beim H\u00e4ndler vor Ort.<\/p>\t\t\t\t\t\t\t\t<\/div>\n\t\t\t\t<\/div>\n\t\t\t\t<div class=\"elementor-element elementor-element-b3d2cf9 elementor-widget elementor-widget-text-editor\" data-id=\"b3d2cf9\" data-element_type=\"widget\" data-widget_type=\"text-editor.default\">\n\t\t\t\t<div class=\"elementor-widget-container\">\n\t\t\t\t\t\t\t\t\t<h2 class=\"text-center\">Welche Arten von Autoversteigerungen gibt es?<\/h2>\t\t\t\t\t\t\t\t<\/div>\n\t\t\t\t<\/div>\n\t\t\t\t<div class=\"elementor-element elementor-element-76f2c0f elementor-widget elementor-widget-text-editor\" data-id=\"76f2c0f\" data-element_type=\"widget\" data-widget_type=\"text-editor.default\">\n\t\t\t\t<div class=\"elementor-widget-container\">\n\t\t\t\t\t\t\t\t\t<p>Das gestiegene Interesse an Autoversteigerungen hat den Markt in den letzten Jahren enorm ausdifferenziert. Zwar wird die klassische Autoversteigerung im Auktionszentrum vor Ort mit einem Auktionator nach wie vor durchgef\u00fchrt, doch auch hier ist der Einfluss des Internets deutlich sp\u00fcrbar. So kann bei vielen Autoversteigerungen im Auktionszentrum auch \u00fcber das Internet mitgeboten werden. Reine Online-Autoauktionen verzichten dagegen vollst\u00e4ndig auf einen physischen Auktionsstandort und spielen sich ausschlie\u00dflich im Internet ab.<\/p>\t\t\t\t\t\t\t\t<\/div>\n\t\t\t\t<\/div>\n\t\t\t\t<div class=\"elementor-element elementor-element-171c6db elementor-widget elementor-widget-text-editor\" data-id=\"171c6db\" data-element_type=\"widget\" data-widget_type=\"text-editor.default\">\n\t\t\t\t<div class=\"elementor-widget-container\">\n\t\t\t\t\t\t\t\t\t<h2>Was sind die Besonderheiten von Auto-Auktionen im Internet?<\/h2>\t\t\t\t\t\t\t\t<\/div>\n\t\t\t\t<\/div>\n\t\t\t\t<div class=\"elementor-element elementor-element-ca51b1d elementor-widget elementor-widget-text-editor\" data-id=\"ca51b1d\" data-element_type=\"widget\" data-widget_type=\"text-editor.default\">\n\t\t\t\t<div class=\"elementor-widget-container\">\n\t\t\t\t\t\t\t\t\t<p>Bei Autoversteigerungen im Internet entf\u00e4llt in der Regel die M\u00f6glichkeit, eine Probefahrt durchzuf\u00fchren und sich das Fahrzeug pers\u00f6nlich ausf\u00fchrlich anzusehen. Auf der anderen Seite stehen eine deutlich gr\u00f6\u00dfere Auswahl und die Chance, ein Fahrzeug zu einem g\u00fcnstigeren Preis als beim H\u00e4ndler zu ersteigern. Und nicht zuletzt macht f\u00fcr eine Reihe von K\u00e4ufern der Spannungsfaktor bei Autoversteigerungen im Internet einen Reiz aus. Ob man sich f\u00fcr den Autokauf \u00fcber Autoversteigerungen im Internet entscheidet oder lieber doch pers\u00f6nlich beim H\u00e4ndler erscheint, muss jeder Autok\u00e4ufer selbst entscheiden.<\/p>\t\t\t\t\t\t\t\t<\/div>\n\t\t\t\t<\/div>\n\t\t\t\t<div class=\"elementor-element elementor-element-98181f3 elementor-widget elementor-widget-text-editor\" data-id=\"98181f3\" data-element_type=\"widget\" data-widget_type=\"text-editor.default\">\n\t\t\t\t<div class=\"elementor-widget-container\">\n\t\t\t\t\t\t\t\t\t<h2>Gro\u00dfe Unterschiede bei den Anbietern \u2013 und auch der Staat mischt mit<\/h2>\t\t\t\t\t\t\t\t<\/div>\n\t\t\t\t<\/div>\n\t\t\t\t<div class=\"elementor-element elementor-element-96ae2db elementor-widget elementor-widget-text-editor\" data-id=\"96ae2db\" data-element_type=\"widget\" data-widget_type=\"text-editor.default\">\n\t\t\t\t<div class=\"elementor-widget-container\">\n\t\t\t\t\t\t\t\t\t<p>Auch die Anbieter von Autoauktionen unterscheiden sich mitunter deutlich voneinander. Hier besteht zun\u00e4chst ein Unterschied zwischen Autoversteigerungen, die sich an Privatk\u00e4ufer richten und solchen, die lediglich f\u00fcr H\u00e4ndler zugelassen sind. Neben einer Reihe von kommerziellen Anbietern von Autoauktionen ist auch der Staat mit seiner Zollauktion an dieser Verkaufsform beteiligt. So werden durch den Zoll oder andere Beh\u00f6rden in regelm\u00e4\u00dfigen Abst\u00e4nden beschlagnahmte oder gepf\u00e4ndete Fahrzeuge \u00f6ffentlich versteigert.<\/p>\t\t\t\t\t\t\t\t<\/div>\n\t\t\t\t<\/div>\n\t\t\t\t<div class=\"elementor-element elementor-element-3cf939d elementor-widget elementor-widget-text-editor\" data-id=\"3cf939d\" data-element_type=\"widget\" data-widget_type=\"text-editor.default\">\n\t\t\t\t<div class=\"elementor-widget-container\">\n\t\t\t\t\t\t\t\t\t<h2>Autoauktionen f\u00fcr Privatk\u00e4ufer vs. B2B-Auktionen<\/h2>\t\t\t\t\t\t\t\t<\/div>\n\t\t\t\t<\/div>\n\t\t\t\t<div class=\"elementor-element elementor-element-45f6d89 elementor-widget elementor-widget-text-editor\" data-id=\"45f6d89\" data-element_type=\"widget\" data-widget_type=\"text-editor.default\">\n\t\t\t\t<div class=\"elementor-widget-container\">\n\t\t\t\t\t\t\t\t\t<p>Privatk\u00e4ufer m\u00fcssen bei Autoversteigerungen im Internet ber\u00fccksichtigen, dass eine Reihe von Anbietern sich auf den Handel von H\u00e4ndler zu H\u00e4ndler konzentrieren und damit f\u00fcr Privatk\u00e4ufer keine Kaufoption bieten. Portale, die Auktionen nur f\u00fcr H\u00e4ndler anbieten haben sich auf die Bed\u00fcrfnisse und Anforderungen des gewerblichen Autohandels spezialisiert. Hier sind, wie bei Manheim Express, die Profis unter sich. In dieser Branche z\u00e4hlt alles, was die Arbeit erleichtert und beschleunigt und nat\u00fcrlich ein guter Service mit Personal, das die Branche in- und auswendig kennt. H\u00e4ndler, die den Zu- oder Abverkauf \u00fcber Autoauktionen richtig und gezielt nutzen, profitieren von einer Reihe von Vorteilen. So bieten online Autoversteigerungen eine deutlich erh\u00f6hte Auswahl. Zudem entfallen Kosten und Zeitaufwand f\u00fcr Anfahrten und Terminvereinbarungen.<\/p>\t\t\t\t\t\t\t\t<\/div>\n\t\t\t\t<\/div>\n\t\t\t\t\t<\/div>\n\t\t<\/div>\n\t\t\t\t\t<\/div>\n\t\t<\/section>\n\t\t\t\t<\/div>\n\t\t","protected":false},"excerpt":{"rendered":"<p>Autoversteigerungen f\u00fcr H\u00e4ndler Mit Manheim Express sind Sie vom ersten Klick an mit Profis unterwegs! Sie sind H\u00e4ndler und wollen neuen Wind in Ihren Handel mit Gebrauchtwagen bringen? Dann sind Sie bei\u00a0Manheim Express\u00a0genau richtig! Wir haben eine v\u00f6llig neuartige Softwarel\u00f6sung f\u00fcr den Handel im B2B-Gebrauchtwagenmarkt geschaffen. Als H\u00e4ndler profitieren Sie nicht nur von der hohen [&hellip;]<\/p>\n","protected":false},"author":12,"featured_media":0,"parent":11571,"menu_order":0,"comment_status":"closed","ping_status":"closed","template":"","meta":{"_acf_changed":false,"footnotes":""},"wf_page_folders":[156],"class_list":["post-16243","page","type-page","status-publish","hentry"],"acf":[],"yoast_head":"<!-- This site is optimized with the Yoast SEO plugin v25.8 - https:\/\/yoast.com\/wordpress\/plugins\/seo\/ -->\n<title>Autoversteigerungen - Manheim Express die neue Auktionsplattform f\u00fcr den KFZ Handel<\/title>\n<meta name=\"description\" content=\"Autoversteigerungen von Profis f\u00fcr Profis. Schnell, effizient, benutzerfreundlich. Ideal f\u00fcr Autoh\u00e4user, H\u00e4ndler und Gewerbetreibende.\" \/>\n<meta name=\"robots\" content=\"index, follow, max-snippet:-1, max-image-preview:large, max-video-preview:-1\" \/>\n<link rel=\"canonical\" href=\"https:\/\/www.manheim-express.eu\/de\/glossar\/autoversteigerungen\/\" \/>\n<meta property=\"og:locale\" content=\"de_DE\" \/>\n<meta property=\"og:type\" content=\"article\" \/>\n<meta property=\"og:title\" content=\"Autoversteigerungen - Manheim Express die neue Auktionsplattform f\u00fcr den KFZ Handel\" \/>\n<meta property=\"og:description\" content=\"Autoversteigerungen von Profis f\u00fcr Profis. Schnell, effizient, benutzerfreundlich. Ideal f\u00fcr Autoh\u00e4user, H\u00e4ndler und Gewerbetreibende.\" \/>\n<meta property=\"og:url\" content=\"https:\/\/www.manheim-express.eu\/de\/glossar\/autoversteigerungen\/\" \/>\n<meta property=\"og:site_name\" content=\"Manheim Express\" \/>\n<meta property=\"article:publisher\" content=\"https:\/\/www.facebook.com\/manheimexpresseurope\/\" \/>\n<meta property=\"article:modified_time\" content=\"2024-01-15T14:49:12+00:00\" \/>\n<meta property=\"og:image\" content=\"https:\/\/www.manheim-express.eu\/wp-content\/uploads\/2022\/11\/Manheim-Express-Estate-car.png\" \/>\n<meta name=\"twitter:card\" content=\"summary_large_image\" \/>\n<meta name=\"twitter:label1\" content=\"Gesch\u00e4tzte Lesezeit\" \/>\n\t<meta name=\"twitter:data1\" content=\"3\u00a0Minuten\" \/>\n<script type=\"application\/ld+json\" class=\"yoast-schema-graph\">{\"@context\":\"https:\/\/schema.org\",\"@graph\":[{\"@type\":\"WebPage\",\"@id\":\"https:\/\/www.manheim-express.eu\/de\/glossar\/autoversteigerungen\/\",\"url\":\"https:\/\/www.manheim-express.eu\/de\/glossar\/autoversteigerungen\/\",\"name\":\"Autoversteigerungen - Manheim Express die neue Auktionsplattform f\u00fcr den KFZ Handel\",\"isPartOf\":{\"@id\":\"https:\/\/www.manheim-express.eu\/de\/#website\"},\"primaryImageOfPage\":{\"@id\":\"https:\/\/www.manheim-express.eu\/de\/glossar\/autoversteigerungen\/#primaryimage\"},\"image\":{\"@id\":\"https:\/\/www.manheim-express.eu\/de\/glossar\/autoversteigerungen\/#primaryimage\"},\"thumbnailUrl\":\"https:\/\/www.manheim-express.eu\/wp-content\/uploads\/2022\/11\/Manheim-Express-Estate-car.png\",\"datePublished\":\"2024-01-15T14:49:11+00:00\",\"dateModified\":\"2024-01-15T14:49:12+00:00\",\"description\":\"Autoversteigerungen von Profis f\u00fcr Profis. Schnell, effizient, benutzerfreundlich. Ideal f\u00fcr Autoh\u00e4user, H\u00e4ndler und Gewerbetreibende.\",\"breadcrumb\":{\"@id\":\"https:\/\/www.manheim-express.eu\/de\/glossar\/autoversteigerungen\/#breadcrumb\"},\"inLanguage\":\"de\",\"potentialAction\":[{\"@type\":\"ReadAction\",\"target\":[\"https:\/\/www.manheim-express.eu\/de\/glossar\/autoversteigerungen\/\"]}]},{\"@type\":\"ImageObject\",\"inLanguage\":\"de\",\"@id\":\"https:\/\/www.manheim-express.eu\/de\/glossar\/autoversteigerungen\/#primaryimage\",\"url\":\"https:\/\/www.manheim-express.eu\/wp-content\/uploads\/2022\/11\/Manheim-Express-Estate-car.png\",\"contentUrl\":\"https:\/\/www.manheim-express.eu\/wp-content\/uploads\/2022\/11\/Manheim-Express-Estate-car.png\"},{\"@type\":\"BreadcrumbList\",\"@id\":\"https:\/\/www.manheim-express.eu\/de\/glossar\/autoversteigerungen\/#breadcrumb\",\"itemListElement\":[{\"@type\":\"ListItem\",\"position\":1,\"name\":\"Home\",\"item\":\"https:\/\/www.manheim-express.eu\/de\/\"},{\"@type\":\"ListItem\",\"position\":2,\"name\":\"Glossar\",\"item\":\"https:\/\/www.manheim-express.eu\/de\/glossar\/\"},{\"@type\":\"ListItem\",\"position\":3,\"name\":\"Autoversteigerungen\"}]},{\"@type\":\"WebSite\",\"@id\":\"https:\/\/www.manheim-express.eu\/de\/#website\",\"url\":\"https:\/\/www.manheim-express.eu\/de\/\",\"name\":\"Manheim Express\",\"description\":\"\",\"publisher\":{\"@id\":\"https:\/\/www.manheim-express.eu\/de\/#organization\"},\"potentialAction\":[{\"@type\":\"SearchAction\",\"target\":{\"@type\":\"EntryPoint\",\"urlTemplate\":\"https:\/\/www.manheim-express.eu\/de\/?s={search_term_string}\"},\"query-input\":{\"@type\":\"PropertyValueSpecification\",\"valueRequired\":true,\"valueName\":\"search_term_string\"}}],\"inLanguage\":\"de\"},{\"@type\":\"Organization\",\"@id\":\"https:\/\/www.manheim-express.eu\/de\/#organization\",\"name\":\"Manheim Express\",\"url\":\"https:\/\/www.manheim-express.eu\/de\/\",\"logo\":{\"@type\":\"ImageObject\",\"inLanguage\":\"de\",\"@id\":\"https:\/\/www.manheim-express.eu\/de\/#\/schema\/logo\/image\/\",\"url\":\"https:\/\/www.manheim-express.eu\/wp-content\/uploads\/2021\/07\/manheim-express-logo-light.png\",\"contentUrl\":\"https:\/\/www.manheim-express.eu\/wp-content\/uploads\/2021\/07\/manheim-express-logo-light.png\",\"width\":1163,\"height\":392,\"caption\":\"Manheim Express\"},\"image\":{\"@id\":\"https:\/\/www.manheim-express.eu\/de\/#\/schema\/logo\/image\/\"},\"sameAs\":[\"https:\/\/www.facebook.com\/manheimexpresseurope\/\",\"https:\/\/www.instagram.com\/manheim.express\",\"https:\/\/www.linkedin.com\/company\/manheim-express\/\",\"https:\/\/www.youtube.com\/channel\/UCRKJajJPvJv-ao7Tk7qra5Q\/\"]}]}<\/script>\n<!-- \/ Yoast SEO plugin. -->","yoast_head_json":{"title":"Autoversteigerungen - Manheim Express die neue Auktionsplattform f\u00fcr den KFZ Handel","description":"Autoversteigerungen von Profis f\u00fcr Profis. Schnell, effizient, benutzerfreundlich. Ideal f\u00fcr Autoh\u00e4user, H\u00e4ndler und Gewerbetreibende.","robots":{"index":"index","follow":"follow","max-snippet":"max-snippet:-1","max-image-preview":"max-image-preview:large","max-video-preview":"max-video-preview:-1"},"canonical":"https:\/\/www.manheim-express.eu\/de\/glossar\/autoversteigerungen\/","og_locale":"de_DE","og_type":"article","og_title":"Autoversteigerungen - Manheim Express die neue Auktionsplattform f\u00fcr den KFZ Handel","og_description":"Autoversteigerungen von Profis f\u00fcr Profis. Schnell, effizient, benutzerfreundlich. Ideal f\u00fcr Autoh\u00e4user, H\u00e4ndler und Gewerbetreibende.","og_url":"https:\/\/www.manheim-express.eu\/de\/glossar\/autoversteigerungen\/","og_site_name":"Manheim Express","article_publisher":"https:\/\/www.facebook.com\/manheimexpresseurope\/","article_modified_time":"2024-01-15T14:49:12+00:00","og_image":[{"url":"https:\/\/www.manheim-express.eu\/wp-content\/uploads\/2022\/11\/Manheim-Express-Estate-car.png","type":"","width":"","height":""}],"twitter_card":"summary_large_image","twitter_misc":{"Gesch\u00e4tzte Lesezeit":"3\u00a0Minuten"},"schema":{"@context":"https:\/\/schema.org","@graph":[{"@type":"WebPage","@id":"https:\/\/www.manheim-express.eu\/de\/glossar\/autoversteigerungen\/","url":"https:\/\/www.manheim-express.eu\/de\/glossar\/autoversteigerungen\/","name":"Autoversteigerungen - Manheim Express die neue Auktionsplattform f\u00fcr den KFZ Handel","isPartOf":{"@id":"https:\/\/www.manheim-express.eu\/de\/#website"},"primaryImageOfPage":{"@id":"https:\/\/www.manheim-express.eu\/de\/glossar\/autoversteigerungen\/#primaryimage"},"image":{"@id":"https:\/\/www.manheim-express.eu\/de\/glossar\/autoversteigerungen\/#primaryimage"},"thumbnailUrl":"https:\/\/www.manheim-express.eu\/wp-content\/uploads\/2022\/11\/Manheim-Express-Estate-car.png","datePublished":"2024-01-15T14:49:11+00:00","dateModified":"2024-01-15T14:49:12+00:00","description":"Autoversteigerungen von Profis f\u00fcr Profis. Schnell, effizient, benutzerfreundlich. Ideal f\u00fcr Autoh\u00e4user, H\u00e4ndler und Gewerbetreibende.","breadcrumb":{"@id":"https:\/\/www.manheim-express.eu\/de\/glossar\/autoversteigerungen\/#breadcrumb"},"inLanguage":"de","potentialAction":[{"@type":"ReadAction","target":["https:\/\/www.manheim-express.eu\/de\/glossar\/autoversteigerungen\/"]}]},{"@type":"ImageObject","inLanguage":"de","@id":"https:\/\/www.manheim-express.eu\/de\/glossar\/autoversteigerungen\/#primaryimage","url":"https:\/\/www.manheim-express.eu\/wp-content\/uploads\/2022\/11\/Manheim-Express-Estate-car.png","contentUrl":"https:\/\/www.manheim-express.eu\/wp-content\/uploads\/2022\/11\/Manheim-Express-Estate-car.png"},{"@type":"BreadcrumbList","@id":"https:\/\/www.manheim-express.eu\/de\/glossar\/autoversteigerungen\/#breadcrumb","itemListElement":[{"@type":"ListItem","position":1,"name":"Home","item":"https:\/\/www.manheim-express.eu\/de\/"},{"@type":"ListItem","position":2,"name":"Glossar","item":"https:\/\/www.manheim-express.eu\/de\/glossar\/"},{"@type":"ListItem","position":3,"name":"Autoversteigerungen"}]},{"@type":"WebSite","@id":"https:\/\/www.manheim-express.eu\/de\/#website","url":"https:\/\/www.manheim-express.eu\/de\/","name":"Manheim Express","description":"","publisher":{"@id":"https:\/\/www.manheim-express.eu\/de\/#organization"},"potentialAction":[{"@type":"SearchAction","target":{"@type":"EntryPoint","urlTemplate":"https:\/\/www.manheim-express.eu\/de\/?s={search_term_string}"},"query-input":{"@type":"PropertyValueSpecification","valueRequired":true,"valueName":"search_term_string"}}],"inLanguage":"de"},{"@type":"Organization","@id":"https:\/\/www.manheim-express.eu\/de\/#organization","name":"Manheim Express","url":"https:\/\/www.manheim-express.eu\/de\/","logo":{"@type":"ImageObject","inLanguage":"de","@id":"https:\/\/www.manheim-express.eu\/de\/#\/schema\/logo\/image\/","url":"https:\/\/www.manheim-express.eu\/wp-content\/uploads\/2021\/07\/manheim-express-logo-light.png","contentUrl":"https:\/\/www.manheim-express.eu\/wp-content\/uploads\/2021\/07\/manheim-express-logo-light.png","width":1163,"height":392,"caption":"Manheim Express"},"image":{"@id":"https:\/\/www.manheim-express.eu\/de\/#\/schema\/logo\/image\/"},"sameAs":["https:\/\/www.facebook.com\/manheimexpresseurope\/","https:\/\/www.instagram.com\/manheim.express","https:\/\/www.linkedin.com\/company\/manheim-express\/","https:\/\/www.youtube.com\/channel\/UCRKJajJPvJv-ao7Tk7qra5Q\/"]}]}},"_links":{"self":[{"href":"https:\/\/www.manheim-express.eu\/de\/wp-json\/wp\/v2\/pages\/16243","targetHints":{"allow":["GET"]}}],"collection":[{"href":"https:\/\/www.manheim-express.eu\/de\/wp-json\/wp\/v2\/pages"}],"about":[{"href":"https:\/\/www.manheim-express.eu\/de\/wp-json\/wp\/v2\/types\/page"}],"author":[{"embeddable":true,"href":"https:\/\/www.manheim-express.eu\/de\/wp-json\/wp\/v2\/users\/12"}],"replies":[{"embeddable":true,"href":"https:\/\/www.manheim-express.eu\/de\/wp-json\/wp\/v2\/comments?post=16243"}],"version-history":[{"count":17,"href":"https:\/\/www.manheim-express.eu\/de\/wp-json\/wp\/v2\/pages\/16243\/revisions"}],"predecessor-version":[{"id":16772,"href":"https:\/\/www.manheim-express.eu\/de\/wp-json\/wp\/v2\/pages\/16243\/revisions\/16772"}],"up":[{"embeddable":true,"href":"https:\/\/www.manheim-express.eu\/de\/wp-json\/wp\/v2\/pages\/11571"}],"wp:attachment":[{"href":"https:\/\/www.manheim-express.eu\/de\/wp-json\/wp\/v2\/media?parent=16243"}],"wp:term":[{"taxonomy":"wf_page_folders","embeddable":true,"href":"https:\/\/www.manheim-express.eu\/de\/wp-json\/wp\/v2\/wf_page_folders?post=16243"}],"curies":[{"name":"wp","href":"https:\/\/api.w.org\/{rel}","templated":true}]}}