{"id":16235,"date":"2024-01-15T14:45:41","date_gmt":"2024-01-15T14:45:41","guid":{"rendered":"https:\/\/www.manheim-express.eu\/?page_id=16235"},"modified":"2024-01-15T14:45:42","modified_gmt":"2024-01-15T14:45:42","slug":"autoonline","status":"publish","type":"page","link":"https:\/\/www.manheim-express.eu\/de\/glossar\/autoonline\/","title":{"rendered":"AUTOonline"},"content":{"rendered":"\t\t<div data-elementor-type=\"wp-page\" data-elementor-id=\"16235\" class=\"elementor elementor-16235\" data-elementor-post-type=\"page\">\n\t\t\t\t\t\t<section class=\"elementor-section elementor-top-section elementor-element elementor-element-5ad223c elementor-section-full_width elementor-section-stretched elementor-section-height-default elementor-section-height-default\" data-id=\"5ad223c\" data-element_type=\"section\" data-settings=\"{&quot;stretch_section&quot;:&quot;section-stretched&quot;}\">\n\t\t\t\t\t\t<div class=\"elementor-container elementor-column-gap-default\">\n\t\t\t\t\t<div class=\"elementor-column elementor-col-50 elementor-top-column elementor-element elementor-element-d3b519c\" data-id=\"d3b519c\" data-element_type=\"column\" data-settings=\"{&quot;background_background&quot;:&quot;classic&quot;}\">\n\t\t\t<div class=\"elementor-widget-wrap elementor-element-populated\">\n\t\t\t\t\t\t<div class=\"elementor-element elementor-element-036dc3a elementor-widget elementor-widget-text-editor\" data-id=\"036dc3a\" data-element_type=\"widget\" data-widget_type=\"text-editor.default\">\n\t\t\t\t<div class=\"elementor-widget-container\">\n\t\t\t\t\t\t\t\t\t<h2>Sie interessieren sich f\u00fcr AUTOonline und andere Restwertb\u00f6rsen?<\/h2>\t\t\t\t\t\t\t\t<\/div>\n\t\t\t\t<\/div>\n\t\t\t\t<div class=\"elementor-element elementor-element-21c3353 elementor-widget elementor-widget-text-editor\" data-id=\"21c3353\" data-element_type=\"widget\" data-widget_type=\"text-editor.default\">\n\t\t\t\t<div class=\"elementor-widget-container\">\n\t\t\t\t\t\t\t\t\t<h3>Erfahren Sie mit Manheim Express mehr zum Thema!<\/h3>\t\t\t\t\t\t\t\t<\/div>\n\t\t\t\t<\/div>\n\t\t\t\t<div class=\"elementor-element elementor-element-c37119d elementor-widget elementor-widget-text-editor\" data-id=\"c37119d\" data-element_type=\"widget\" data-widget_type=\"text-editor.default\">\n\t\t\t\t<div class=\"elementor-widget-container\">\n\t\t\t\t\t\t\t\t\t<p>Das Team von Manheim Express beobachtet aufmerksam den Markt rund um das Thema Gebrauchtwagen und Restwertb\u00f6rsen. Schlie\u00dflich sind wir selbst ein Teil der Branche und interessieren uns f\u00fcr Trends des Marktes und die Entwicklung anderer Marken. Die Unternehmensgeschichte von AUTOonline und Audatex kann in diesem Zusammenhang als typisch f\u00fcr eine Reihe von Unternehmen der Branche angesehen werden. Globalisierung und \u00dcbernahme haben beide Firmen und eine Vielzahl weiter Unternehmen \u201egeschluckt\u201c \u2013 die beiden Marken finden sich nun unter der Regie eines amerikanischen Konzerns wieder. Im Folgenden m\u00f6chten wir die Geschichte von Audatex und AUTOonline etwas genauer beleuchten und kritisch hinterfragen. Weitere Infos zu unseren hauseigenen Angeboten finden Sie hier:<\/p>\t\t\t\t\t\t\t\t<\/div>\n\t\t\t\t<\/div>\n\t\t\t\t<div class=\"elementor-element elementor-element-76774e4 elementor-widget elementor-widget-button\" data-id=\"76774e4\" data-element_type=\"widget\" data-widget_type=\"button.default\">\n\t\t\t\t<div class=\"elementor-widget-container\">\n\t\t\t\t\t\t\t\t\t<div class=\"elementor-button-wrapper\">\n\t\t\t\t\t<a class=\"elementor-button elementor-button-link elementor-size-lg\" href=\"#\">\n\t\t\t\t\t\t<span class=\"elementor-button-content-wrapper\">\n\t\t\t\t\t\t\t\t\t<span class=\"elementor-button-text\">Mehr Infos finden Sie hier<\/span>\n\t\t\t\t\t<\/span>\n\t\t\t\t\t<\/a>\n\t\t\t\t<\/div>\n\t\t\t\t\t\t\t\t<\/div>\n\t\t\t\t<\/div>\n\t\t\t\t<div class=\"elementor-element elementor-element-93513c7 elementor-widget elementor-widget-image\" data-id=\"93513c7\" data-element_type=\"widget\" data-widget_type=\"image.default\">\n\t\t\t\t<div class=\"elementor-widget-container\">\n\t\t\t\t\t\t\t\t\t\t\t\t\t\t\t<img fetchpriority=\"high\" decoding=\"async\" width=\"800\" height=\"389\" src=\"https:\/\/www.manheim-express.eu\/wp-content\/uploads\/2022\/11\/Manheim-Express-Estate-car.png\" class=\"attachment-large size-large wp-image-14639\" alt=\"\" srcset=\"https:\/\/www.manheim-express.eu\/wp-content\/uploads\/2022\/11\/Manheim-Express-Estate-car.png 1024w, https:\/\/www.manheim-express.eu\/wp-content\/uploads\/2022\/11\/Manheim-Express-Estate-car-300x146.png 300w, https:\/\/www.manheim-express.eu\/wp-content\/uploads\/2022\/11\/Manheim-Express-Estate-car-768x374.png 768w\" sizes=\"(max-width: 800px) 100vw, 800px\" \/>\t\t\t\t\t\t\t\t\t\t\t\t\t\t\t<\/div>\n\t\t\t\t<\/div>\n\t\t\t\t\t<\/div>\n\t\t<\/div>\n\t\t\t\t<div class=\"elementor-column elementor-col-50 elementor-top-column elementor-element elementor-element-213236b\" data-id=\"213236b\" data-element_type=\"column\" data-settings=\"{&quot;background_background&quot;:&quot;classic&quot;}\">\n\t\t\t<div class=\"elementor-widget-wrap elementor-element-populated\">\n\t\t\t\t\t\t<div class=\"elementor-element elementor-element-e9c050a elementor-widget elementor-widget-text-editor\" data-id=\"e9c050a\" data-element_type=\"widget\" data-widget_type=\"text-editor.default\">\n\t\t\t\t<div class=\"elementor-widget-container\">\n\t\t\t\t\t\t\t\t\t<h2>Audatex und AUTOonline \u2013 die Unternehmensgeschichten<\/h2>\t\t\t\t\t\t\t\t<\/div>\n\t\t\t\t<\/div>\n\t\t\t\t<div class=\"elementor-element elementor-element-8d896a4 elementor-widget elementor-widget-text-editor\" data-id=\"8d896a4\" data-element_type=\"widget\" data-widget_type=\"text-editor.default\">\n\t\t\t\t<div class=\"elementor-widget-container\">\n\t\t\t\t\t\t\t\t\t<p>AUTOonline ist gegenw\u00e4rtig eine der deutschen Kernmarken des amerikanischen Konzerns Solera Holdings, der AUTOonline im Jahr 2009 \u00fcbernommen hat. Bereits 2006 hatte Solera Holdings das Unternehmen Audatex vom amerikanischen Konzern ADP gekauft. Nach der \u00dcbernahme beider Unternehmen durch Solera blieben die Marken Audatex und AUTOonline als Kernmerken des Deutschlandgesch\u00e4ftes erhalten. Die Urspr\u00fcnge beider Unternehmen liegen in Deutschland. Audatex wurde bereits 1966 im nordrheinwestf\u00e4lischen Minden gegr\u00fcndet, wo sich bis zum Jahr 2016 auch der Unternehmenssitz befand. Hier entwickelte in den 1960er Jahren der Sachverst\u00e4ndige Wilfried Reuter ein System zur elektronischen Datenverarbeitung, das die Sachverst\u00e4ndigen in ihrer Recherche und Dokumentationsarbeit bei der Suche nach Ersatzteilen entlasten sollte. Aus dieser Idee heraus entstand die Firma Audatex (AutoDatenExpertisen). Die Firmengr\u00fcndung war der Beginn einer kontinuierlichen und erfolgreichen Expansion \u00fcber 40 Jahre hinweg. AUTOonline wurde 1996 in Kaarst am Niederrhein als Arbeitsgemeinschaft Restwertb\u00f6rse gegr\u00fcndet. 2015 verschmolzen die Audatex Deutschland GmbH und AUTOonline Informationssysteme GmbH zu einem Unternehmen unter der Muttergesellschaft Solera. Seit dem 20. M\u00e4rz 2015 bilden sie die AudatexAUTOonline GmbH, die sich bis heute im Besitz von Tony Aquila (Gr\u00fcnder und Inhaber von Solera) befindet. Solera Holdings \u00fcbernahm, neben den beiden deutschen Marken,\u00a0 zwischen 2006 und 2017 eine Reihe von weiteren Dienstleistern und IT-Unternehmen, darunter auch die Marken Carweb, Autodata und C@risma.<\/p>\t\t\t\t\t\t\t\t<\/div>\n\t\t\t\t<\/div>\n\t\t\t\t<div class=\"elementor-element elementor-element-b3d2cf9 elementor-widget elementor-widget-text-editor\" data-id=\"b3d2cf9\" data-element_type=\"widget\" data-widget_type=\"text-editor.default\">\n\t\t\t\t<div class=\"elementor-widget-container\">\n\t\t\t\t\t\t\t\t\t<h2 class=\"text-center\">Audatex AUTOonline \u2013 das Kerngesch\u00e4ft des Unternehmens heute<\/h2>\t\t\t\t\t\t\t\t<\/div>\n\t\t\t\t<\/div>\n\t\t\t\t<div class=\"elementor-element elementor-element-76f2c0f elementor-widget elementor-widget-text-editor\" data-id=\"76f2c0f\" data-element_type=\"widget\" data-widget_type=\"text-editor.default\">\n\t\t\t\t<div class=\"elementor-widget-container\">\n\t\t\t\t\t\t\t\t\t<p>Die Marke AUTOonline agiert gegenw\u00e4rtig als Restwert- und Gebrauchtwagenb\u00f6rse. Zu den Kunden im Bereich Restwerte z\u00e4hlen Sachverst\u00e4ndige, Versicherer, Finanzdienstleister, Flottenbetreiber, H\u00e4ndler und Kfz-Verwerter. Einsteller und K\u00e4ufer von Fahrzeugen sind Unternehmen mit Kauffuhrparks, Leasinggesellschaften, Autovermieter und Autoh\u00e4user. AUTOonline betreibt zus\u00e4tzliche eine Verkaufsplattform f\u00fcr private Verk\u00e4ufer. Die Marke Audatex versteht sich als Anbieter von Serviceleistungen im Bereich Schadensmanagement, der Versicherungswirtschaft und der Autoindustrie. Aufmerksamkeit erregte AudatexAUTOonline im Jahr 2016 als die Unternehmensleitung \u00fcberraschend bekannt gab, den Standort Minden zu verlassen und die Zentralen nach Berlin und M\u00fcnchen zu verlegen. Der Umzug in die in deutschen Metropolen wurde von der Gesch\u00e4ftsf\u00fchrung von AudatextAUTOonline mit dem Wunsch begr\u00fcndet, digitale Gesch\u00e4ftsmodelle f\u00f6rdern zu wollen und Kundenbed\u00fcrfnissen entgegen zu kommen. Auch die M\u00f6glichkeiten, an Fachkr\u00e4fte und Expertisen zu gelangen, seien an den neuen Standorten g\u00fcnstiger. Der Umzug von AudatexAUTOonline stie\u00df in der Branche, insbesondere bei Mitarbeitern und Kunden auf ein geteiltes Echo. Im Zusammenhang mit der \u00dcbernahme durch den amerikanischen Gro\u00dfkonzern Solera wurde ein Auseinanderdriften zwischen der Leitungsebene und dem Mitarbeiterstab beklagt \u2013 kein seltenes Ph\u00e4nomen bei der \u00dcbernahme von Unternehmen durch Gro\u00dfkonzerne. Gesch\u00e4ftskunden, die es eine Nummer pers\u00f6nlicher m\u00f6gen, empfehlen wir einmal bei Manheim Express vorbei zu schauen: auch hier geht es innovativ und mit viel Knowhow zu. Wir sind eine dynamische und kundenfreundliche Tradingplattform Made in Germany f\u00fcr Gebraucht- und Unfallwagen mit ausgezeichneten Konditionen.<\/p>\t\t\t\t\t\t\t\t<\/div>\n\t\t\t\t<\/div>\n\t\t\t\t\t<\/div>\n\t\t<\/div>\n\t\t\t\t\t<\/div>\n\t\t<\/section>\n\t\t\t\t<\/div>\n\t\t","protected":false},"excerpt":{"rendered":"<p>Sie interessieren sich f\u00fcr AUTOonline und andere Restwertb\u00f6rsen? Erfahren Sie mit Manheim Express mehr zum Thema! Das Team von Manheim Express beobachtet aufmerksam den Markt rund um das Thema Gebrauchtwagen und Restwertb\u00f6rsen. Schlie\u00dflich sind wir selbst ein Teil der Branche und interessieren uns f\u00fcr Trends des Marktes und die Entwicklung anderer Marken. Die Unternehmensgeschichte von [&hellip;]<\/p>\n","protected":false},"author":7,"featured_media":0,"parent":11571,"menu_order":0,"comment_status":"closed","ping_status":"closed","template":"","meta":{"_acf_changed":false,"footnotes":""},"wf_page_folders":[156],"class_list":["post-16235","page","type-page","status-publish","hentry"],"acf":[],"yoast_head":"<!-- This site is optimized with the Yoast SEO plugin v25.8 - https:\/\/yoast.com\/wordpress\/plugins\/seo\/ -->\n<title>AUTOonline - Manheim Express die neue Auktionsplattform f\u00fcr den KFZ Handel<\/title>\n<meta name=\"description\" content=\"Unter der Marke: autobid.de betreibt Auktion &amp; Markt mehrere Auktionszentren in Deutschland sowie eine Online-Plattform f\u00fcr Autoauktionen.\" \/>\n<meta name=\"robots\" content=\"index, follow, max-snippet:-1, max-image-preview:large, max-video-preview:-1\" \/>\n<link rel=\"canonical\" href=\"https:\/\/www.manheim-express.eu\/de\/glossar\/autoonline\/\" \/>\n<meta property=\"og:locale\" content=\"de_DE\" \/>\n<meta property=\"og:type\" content=\"article\" \/>\n<meta property=\"og:title\" content=\"AUTOonline - Manheim Express die neue Auktionsplattform f\u00fcr den KFZ Handel\" \/>\n<meta property=\"og:description\" content=\"Unter der Marke: autobid.de betreibt Auktion &amp; Markt mehrere Auktionszentren in Deutschland sowie eine Online-Plattform f\u00fcr Autoauktionen.\" \/>\n<meta property=\"og:url\" content=\"https:\/\/www.manheim-express.eu\/de\/glossar\/autoonline\/\" \/>\n<meta property=\"og:site_name\" content=\"Manheim Express\" \/>\n<meta property=\"article:publisher\" content=\"https:\/\/www.facebook.com\/manheimexpresseurope\/\" \/>\n<meta property=\"article:modified_time\" content=\"2024-01-15T14:45:42+00:00\" \/>\n<meta property=\"og:image\" content=\"https:\/\/www.manheim-express.eu\/wp-content\/uploads\/2022\/11\/Manheim-Express-Estate-car.png\" \/>\n<meta name=\"twitter:card\" content=\"summary_large_image\" \/>\n<meta name=\"twitter:label1\" content=\"Gesch\u00e4tzte Lesezeit\" \/>\n\t<meta name=\"twitter:data1\" content=\"3\u00a0Minuten\" \/>\n<script type=\"application\/ld+json\" class=\"yoast-schema-graph\">{\"@context\":\"https:\/\/schema.org\",\"@graph\":[{\"@type\":\"WebPage\",\"@id\":\"https:\/\/www.manheim-express.eu\/de\/glossar\/autoonline\/\",\"url\":\"https:\/\/www.manheim-express.eu\/de\/glossar\/autoonline\/\",\"name\":\"AUTOonline - Manheim Express die neue Auktionsplattform f\u00fcr den KFZ Handel\",\"isPartOf\":{\"@id\":\"https:\/\/www.manheim-express.eu\/de\/#website\"},\"primaryImageOfPage\":{\"@id\":\"https:\/\/www.manheim-express.eu\/de\/glossar\/autoonline\/#primaryimage\"},\"image\":{\"@id\":\"https:\/\/www.manheim-express.eu\/de\/glossar\/autoonline\/#primaryimage\"},\"thumbnailUrl\":\"https:\/\/www.manheim-express.eu\/wp-content\/uploads\/2022\/11\/Manheim-Express-Estate-car.png\",\"datePublished\":\"2024-01-15T14:45:41+00:00\",\"dateModified\":\"2024-01-15T14:45:42+00:00\",\"description\":\"Unter der Marke: autobid.de betreibt Auktion & Markt mehrere Auktionszentren in Deutschland sowie eine Online-Plattform f\u00fcr Autoauktionen.\",\"breadcrumb\":{\"@id\":\"https:\/\/www.manheim-express.eu\/de\/glossar\/autoonline\/#breadcrumb\"},\"inLanguage\":\"de\",\"potentialAction\":[{\"@type\":\"ReadAction\",\"target\":[\"https:\/\/www.manheim-express.eu\/de\/glossar\/autoonline\/\"]}]},{\"@type\":\"ImageObject\",\"inLanguage\":\"de\",\"@id\":\"https:\/\/www.manheim-express.eu\/de\/glossar\/autoonline\/#primaryimage\",\"url\":\"https:\/\/www.manheim-express.eu\/wp-content\/uploads\/2022\/11\/Manheim-Express-Estate-car.png\",\"contentUrl\":\"https:\/\/www.manheim-express.eu\/wp-content\/uploads\/2022\/11\/Manheim-Express-Estate-car.png\"},{\"@type\":\"BreadcrumbList\",\"@id\":\"https:\/\/www.manheim-express.eu\/de\/glossar\/autoonline\/#breadcrumb\",\"itemListElement\":[{\"@type\":\"ListItem\",\"position\":1,\"name\":\"Home\",\"item\":\"https:\/\/www.manheim-express.eu\/de\/\"},{\"@type\":\"ListItem\",\"position\":2,\"name\":\"Glossar\",\"item\":\"https:\/\/www.manheim-express.eu\/de\/glossar\/\"},{\"@type\":\"ListItem\",\"position\":3,\"name\":\"AUTOonline\"}]},{\"@type\":\"WebSite\",\"@id\":\"https:\/\/www.manheim-express.eu\/de\/#website\",\"url\":\"https:\/\/www.manheim-express.eu\/de\/\",\"name\":\"Manheim Express\",\"description\":\"\",\"publisher\":{\"@id\":\"https:\/\/www.manheim-express.eu\/de\/#organization\"},\"potentialAction\":[{\"@type\":\"SearchAction\",\"target\":{\"@type\":\"EntryPoint\",\"urlTemplate\":\"https:\/\/www.manheim-express.eu\/de\/?s={search_term_string}\"},\"query-input\":{\"@type\":\"PropertyValueSpecification\",\"valueRequired\":true,\"valueName\":\"search_term_string\"}}],\"inLanguage\":\"de\"},{\"@type\":\"Organization\",\"@id\":\"https:\/\/www.manheim-express.eu\/de\/#organization\",\"name\":\"Manheim Express\",\"url\":\"https:\/\/www.manheim-express.eu\/de\/\",\"logo\":{\"@type\":\"ImageObject\",\"inLanguage\":\"de\",\"@id\":\"https:\/\/www.manheim-express.eu\/de\/#\/schema\/logo\/image\/\",\"url\":\"https:\/\/www.manheim-express.eu\/wp-content\/uploads\/2021\/07\/manheim-express-logo-light.png\",\"contentUrl\":\"https:\/\/www.manheim-express.eu\/wp-content\/uploads\/2021\/07\/manheim-express-logo-light.png\",\"width\":1163,\"height\":392,\"caption\":\"Manheim Express\"},\"image\":{\"@id\":\"https:\/\/www.manheim-express.eu\/de\/#\/schema\/logo\/image\/\"},\"sameAs\":[\"https:\/\/www.facebook.com\/manheimexpresseurope\/\",\"https:\/\/www.instagram.com\/manheim.express\",\"https:\/\/www.linkedin.com\/company\/manheim-express\/\",\"https:\/\/www.youtube.com\/channel\/UCRKJajJPvJv-ao7Tk7qra5Q\/\"]}]}<\/script>\n<!-- \/ Yoast SEO plugin. -->","yoast_head_json":{"title":"AUTOonline - Manheim Express die neue Auktionsplattform f\u00fcr den KFZ Handel","description":"Unter der Marke: autobid.de betreibt Auktion & Markt mehrere Auktionszentren in Deutschland sowie eine Online-Plattform f\u00fcr Autoauktionen.","robots":{"index":"index","follow":"follow","max-snippet":"max-snippet:-1","max-image-preview":"max-image-preview:large","max-video-preview":"max-video-preview:-1"},"canonical":"https:\/\/www.manheim-express.eu\/de\/glossar\/autoonline\/","og_locale":"de_DE","og_type":"article","og_title":"AUTOonline - Manheim Express die neue Auktionsplattform f\u00fcr den KFZ Handel","og_description":"Unter der Marke: autobid.de betreibt Auktion & Markt mehrere Auktionszentren in Deutschland sowie eine Online-Plattform f\u00fcr Autoauktionen.","og_url":"https:\/\/www.manheim-express.eu\/de\/glossar\/autoonline\/","og_site_name":"Manheim Express","article_publisher":"https:\/\/www.facebook.com\/manheimexpresseurope\/","article_modified_time":"2024-01-15T14:45:42+00:00","og_image":[{"url":"https:\/\/www.manheim-express.eu\/wp-content\/uploads\/2022\/11\/Manheim-Express-Estate-car.png","type":"","width":"","height":""}],"twitter_card":"summary_large_image","twitter_misc":{"Gesch\u00e4tzte Lesezeit":"3\u00a0Minuten"},"schema":{"@context":"https:\/\/schema.org","@graph":[{"@type":"WebPage","@id":"https:\/\/www.manheim-express.eu\/de\/glossar\/autoonline\/","url":"https:\/\/www.manheim-express.eu\/de\/glossar\/autoonline\/","name":"AUTOonline - Manheim Express die neue Auktionsplattform f\u00fcr den KFZ Handel","isPartOf":{"@id":"https:\/\/www.manheim-express.eu\/de\/#website"},"primaryImageOfPage":{"@id":"https:\/\/www.manheim-express.eu\/de\/glossar\/autoonline\/#primaryimage"},"image":{"@id":"https:\/\/www.manheim-express.eu\/de\/glossar\/autoonline\/#primaryimage"},"thumbnailUrl":"https:\/\/www.manheim-express.eu\/wp-content\/uploads\/2022\/11\/Manheim-Express-Estate-car.png","datePublished":"2024-01-15T14:45:41+00:00","dateModified":"2024-01-15T14:45:42+00:00","description":"Unter der Marke: autobid.de betreibt Auktion & Markt mehrere Auktionszentren in Deutschland sowie eine Online-Plattform f\u00fcr Autoauktionen.","breadcrumb":{"@id":"https:\/\/www.manheim-express.eu\/de\/glossar\/autoonline\/#breadcrumb"},"inLanguage":"de","potentialAction":[{"@type":"ReadAction","target":["https:\/\/www.manheim-express.eu\/de\/glossar\/autoonline\/"]}]},{"@type":"ImageObject","inLanguage":"de","@id":"https:\/\/www.manheim-express.eu\/de\/glossar\/autoonline\/#primaryimage","url":"https:\/\/www.manheim-express.eu\/wp-content\/uploads\/2022\/11\/Manheim-Express-Estate-car.png","contentUrl":"https:\/\/www.manheim-express.eu\/wp-content\/uploads\/2022\/11\/Manheim-Express-Estate-car.png"},{"@type":"BreadcrumbList","@id":"https:\/\/www.manheim-express.eu\/de\/glossar\/autoonline\/#breadcrumb","itemListElement":[{"@type":"ListItem","position":1,"name":"Home","item":"https:\/\/www.manheim-express.eu\/de\/"},{"@type":"ListItem","position":2,"name":"Glossar","item":"https:\/\/www.manheim-express.eu\/de\/glossar\/"},{"@type":"ListItem","position":3,"name":"AUTOonline"}]},{"@type":"WebSite","@id":"https:\/\/www.manheim-express.eu\/de\/#website","url":"https:\/\/www.manheim-express.eu\/de\/","name":"Manheim Express","description":"","publisher":{"@id":"https:\/\/www.manheim-express.eu\/de\/#organization"},"potentialAction":[{"@type":"SearchAction","target":{"@type":"EntryPoint","urlTemplate":"https:\/\/www.manheim-express.eu\/de\/?s={search_term_string}"},"query-input":{"@type":"PropertyValueSpecification","valueRequired":true,"valueName":"search_term_string"}}],"inLanguage":"de"},{"@type":"Organization","@id":"https:\/\/www.manheim-express.eu\/de\/#organization","name":"Manheim Express","url":"https:\/\/www.manheim-express.eu\/de\/","logo":{"@type":"ImageObject","inLanguage":"de","@id":"https:\/\/www.manheim-express.eu\/de\/#\/schema\/logo\/image\/","url":"https:\/\/www.manheim-express.eu\/wp-content\/uploads\/2021\/07\/manheim-express-logo-light.png","contentUrl":"https:\/\/www.manheim-express.eu\/wp-content\/uploads\/2021\/07\/manheim-express-logo-light.png","width":1163,"height":392,"caption":"Manheim Express"},"image":{"@id":"https:\/\/www.manheim-express.eu\/de\/#\/schema\/logo\/image\/"},"sameAs":["https:\/\/www.facebook.com\/manheimexpresseurope\/","https:\/\/www.instagram.com\/manheim.express","https:\/\/www.linkedin.com\/company\/manheim-express\/","https:\/\/www.youtube.com\/channel\/UCRKJajJPvJv-ao7Tk7qra5Q\/"]}]}},"_links":{"self":[{"href":"https:\/\/www.manheim-express.eu\/de\/wp-json\/wp\/v2\/pages\/16235","targetHints":{"allow":["GET"]}}],"collection":[{"href":"https:\/\/www.manheim-express.eu\/de\/wp-json\/wp\/v2\/pages"}],"about":[{"href":"https:\/\/www.manheim-express.eu\/de\/wp-json\/wp\/v2\/types\/page"}],"author":[{"embeddable":true,"href":"https:\/\/www.manheim-express.eu\/de\/wp-json\/wp\/v2\/users\/7"}],"replies":[{"embeddable":true,"href":"https:\/\/www.manheim-express.eu\/de\/wp-json\/wp\/v2\/comments?post=16235"}],"version-history":[{"count":13,"href":"https:\/\/www.manheim-express.eu\/de\/wp-json\/wp\/v2\/pages\/16235\/revisions"}],"predecessor-version":[{"id":16763,"href":"https:\/\/www.manheim-express.eu\/de\/wp-json\/wp\/v2\/pages\/16235\/revisions\/16763"}],"up":[{"embeddable":true,"href":"https:\/\/www.manheim-express.eu\/de\/wp-json\/wp\/v2\/pages\/11571"}],"wp:attachment":[{"href":"https:\/\/www.manheim-express.eu\/de\/wp-json\/wp\/v2\/media?parent=16235"}],"wp:term":[{"taxonomy":"wf_page_folders","embeddable":true,"href":"https:\/\/www.manheim-express.eu\/de\/wp-json\/wp\/v2\/wf_page_folders?post=16235"}],"curies":[{"name":"wp","href":"https:\/\/api.w.org\/{rel}","templated":true}]}}