{"id":16227,"date":"2024-01-15T14:44:46","date_gmt":"2024-01-15T14:44:46","guid":{"rendered":"https:\/\/www.manheim-express.eu\/?page_id=16227"},"modified":"2024-01-15T14:44:48","modified_gmt":"2024-01-15T14:44:48","slug":"autohandel-nur-fuer-haendler","status":"publish","type":"page","link":"https:\/\/www.manheim-express.eu\/de\/glossar\/autohandel-nur-fuer-haendler\/","title":{"rendered":"Autohandel nur f\u00fcr H\u00e4ndler"},"content":{"rendered":"\t\t<div data-elementor-type=\"wp-page\" data-elementor-id=\"16227\" class=\"elementor elementor-16227\" data-elementor-post-type=\"page\">\n\t\t\t\t\t\t<section class=\"elementor-section elementor-top-section elementor-element elementor-element-5ad223c elementor-section-full_width elementor-section-stretched elementor-section-height-default elementor-section-height-default\" data-id=\"5ad223c\" data-element_type=\"section\" data-settings=\"{&quot;stretch_section&quot;:&quot;section-stretched&quot;}\">\n\t\t\t\t\t\t<div class=\"elementor-container elementor-column-gap-default\">\n\t\t\t\t\t<div class=\"elementor-column elementor-col-50 elementor-top-column elementor-element elementor-element-d3b519c\" data-id=\"d3b519c\" data-element_type=\"column\" data-settings=\"{&quot;background_background&quot;:&quot;classic&quot;}\">\n\t\t\t<div class=\"elementor-widget-wrap elementor-element-populated\">\n\t\t\t\t\t\t<div class=\"elementor-element elementor-element-036dc3a elementor-widget elementor-widget-text-editor\" data-id=\"036dc3a\" data-element_type=\"widget\" data-widget_type=\"text-editor.default\">\n\t\t\t\t<div class=\"elementor-widget-container\">\n\t\t\t\t\t\t\t\t\t<h2>Der smarte Autohandel nur f\u00fcr H\u00e4ndler:<\/h2>\t\t\t\t\t\t\t\t<\/div>\n\t\t\t\t<\/div>\n\t\t\t\t<div class=\"elementor-element elementor-element-21c3353 elementor-widget elementor-widget-text-editor\" data-id=\"21c3353\" data-element_type=\"widget\" data-widget_type=\"text-editor.default\">\n\t\t\t\t<div class=\"elementor-widget-container\">\n\t\t\t\t\t\t\t\t\t<h3>Zeitgem\u00e4\u00dfes Car-Trading mit Manheim Express<\/h3>\t\t\t\t\t\t\t\t<\/div>\n\t\t\t\t<\/div>\n\t\t\t\t<div class=\"elementor-element elementor-element-c37119d elementor-widget elementor-widget-text-editor\" data-id=\"c37119d\" data-element_type=\"widget\" data-widget_type=\"text-editor.default\">\n\t\t\t\t<div class=\"elementor-widget-container\">\n\t\t\t\t\t\t\t\t\t<p>Der Handel mit Gebrauchtwagen hat sich in den letzten Jahren durch das Online-Gesch\u00e4ft stark ver\u00e4ndert. Neue Portale und Vertriebswege f\u00fcr H\u00e4ndler er\u00f6ffnen zahlreiche Optionen, um das eigene Gesch\u00e4ft g\u00fcnstig zu beeinflussen. Allerdings werden viele H\u00e4ndler durch den immer un\u00fcbersichtlicher werdenden Markt verunsichert. Welche Tools sind im Autohandel wirklich effektiv und notwendig? Wo fallen f\u00fcr mein Gesch\u00e4ftsmodell die niedrigsten Geb\u00fchren an? Manheim Express erm\u00f6glicht es H\u00e4ndlern, mit nur wenigen Klicks und zu ausgesprochen g\u00fcnstigen Konditionen professionell mit Gebrauchtwagen zu handeln.<\/p>\t\t\t\t\t\t\t\t<\/div>\n\t\t\t\t<\/div>\n\t\t\t\t<div class=\"elementor-element elementor-element-76774e4 elementor-widget elementor-widget-button\" data-id=\"76774e4\" data-element_type=\"widget\" data-widget_type=\"button.default\">\n\t\t\t\t<div class=\"elementor-widget-container\">\n\t\t\t\t\t\t\t\t\t<div class=\"elementor-button-wrapper\">\n\t\t\t\t\t<a class=\"elementor-button elementor-button-link elementor-size-lg\" href=\"#\">\n\t\t\t\t\t\t<span class=\"elementor-button-content-wrapper\">\n\t\t\t\t\t\t\t\t\t<span class=\"elementor-button-text\">Mehr Infos finden Sie hier<\/span>\n\t\t\t\t\t<\/span>\n\t\t\t\t\t<\/a>\n\t\t\t\t<\/div>\n\t\t\t\t\t\t\t\t<\/div>\n\t\t\t\t<\/div>\n\t\t\t\t<div class=\"elementor-element elementor-element-93513c7 elementor-widget elementor-widget-image\" data-id=\"93513c7\" data-element_type=\"widget\" data-widget_type=\"image.default\">\n\t\t\t\t<div class=\"elementor-widget-container\">\n\t\t\t\t\t\t\t\t\t\t\t\t\t\t\t<img fetchpriority=\"high\" decoding=\"async\" width=\"800\" height=\"389\" src=\"https:\/\/www.manheim-express.eu\/wp-content\/uploads\/2022\/11\/Manheim-Express-Estate-car.png\" class=\"attachment-large size-large wp-image-14639\" alt=\"\" srcset=\"https:\/\/www.manheim-express.eu\/wp-content\/uploads\/2022\/11\/Manheim-Express-Estate-car.png 1024w, https:\/\/www.manheim-express.eu\/wp-content\/uploads\/2022\/11\/Manheim-Express-Estate-car-300x146.png 300w, https:\/\/www.manheim-express.eu\/wp-content\/uploads\/2022\/11\/Manheim-Express-Estate-car-768x374.png 768w\" sizes=\"(max-width: 800px) 100vw, 800px\" \/>\t\t\t\t\t\t\t\t\t\t\t\t\t\t\t<\/div>\n\t\t\t\t<\/div>\n\t\t\t\t\t<\/div>\n\t\t<\/div>\n\t\t\t\t<div class=\"elementor-column elementor-col-50 elementor-top-column elementor-element elementor-element-213236b\" data-id=\"213236b\" data-element_type=\"column\" data-settings=\"{&quot;background_background&quot;:&quot;classic&quot;}\">\n\t\t\t<div class=\"elementor-widget-wrap elementor-element-populated\">\n\t\t\t\t\t\t<div class=\"elementor-element elementor-element-e9c050a elementor-widget elementor-widget-text-editor\" data-id=\"e9c050a\" data-element_type=\"widget\" data-widget_type=\"text-editor.default\">\n\t\t\t\t<div class=\"elementor-widget-container\">\n\t\t\t\t\t\t\t\t\t<h2>Professioneller Autohandel: Welche Vorteile bieten Portale nur f\u00fcr H\u00e4ndler?<\/h2>\t\t\t\t\t\t\t\t<\/div>\n\t\t\t\t<\/div>\n\t\t\t\t<div class=\"elementor-element elementor-element-8d896a4 elementor-widget elementor-widget-text-editor\" data-id=\"8d896a4\" data-element_type=\"widget\" data-widget_type=\"text-editor.default\">\n\t\t\t\t<div class=\"elementor-widget-container\">\n\t\t\t\t\t\t\t\t\t<p>Wie in vielen Branchen findet auch im Autohandel im Zuge der Digitalisierung eine Spezialisierung der Verkaufskan\u00e4le statt. W\u00e4hrend in der Anfangsphase des Autohandels im Internet H\u00e4ndler und Privatk\u00e4ufer h\u00e4ufig dieselben Plattformen nutzten, verst\u00e4rkt sich in der Gegenwart der Trend zu ma\u00dfgeschneiderten Portalen f\u00fcr die unterschiedlichen Nutzergruppen. Entsprechend haben sich Portale zum Autohandel nur f\u00fcr H\u00e4ndler herausgebildet. Die Gr\u00fcnde f\u00fcr die Entwicklung solcher H\u00e4ndlerplattformen liegen auf der Hand: H\u00e4ndler sind daran interessiert, zielgerichtet und schnell Fahrzeuge zu verkaufen und einzukaufen \u2013 und dies zu jeweils optimalen Preisen. Die klassischen Zukaufquellen: Leasingr\u00fcckl\u00e4ufer, Inzahlungnahmen oder Vor-Ort-Ank\u00e4ufe von anderen H\u00e4ndlern haben den Nachteil, dass die Auswahl an Fahrzeugen sehr eingeschr\u00e4nkt ist. Dies wirkt sich sowohl auf die Einkaufs- als auch Verkaufsbedingungen ung\u00fcnstig aus. Spezielle Kundenw\u00fcnsche sind damit ebenso schwer zu erf\u00fcllen wie der Abverkauf von Langstehern. Der Autohandel nur f\u00fcr H\u00e4ndler im Internet hat dieser Schwierigkeiten und Hindernisse \u00fcberwunden, indem er H\u00e4ndlern die M\u00f6glichkeit bietet, auf einen riesigen Pool an Fahrzeugen zuzugreifen. Damit erh\u00f6hen sich naturgem\u00e4\u00df die Chancen, auch ausgefallene Kundenw\u00fcnsche zeitnah erf\u00fcllen zu k\u00f6nnen. Ebenso verbessern sich die Chancen, vor Ort schlecht verk\u00e4ufliche Fahrzeuge, \u00fcber den Autohandel f\u00fcr H\u00e4ndler im Internet zu verkaufen.<\/p>\t\t\t\t\t\t\t\t<\/div>\n\t\t\t\t<\/div>\n\t\t\t\t<div class=\"elementor-element elementor-element-b3d2cf9 elementor-widget elementor-widget-text-editor\" data-id=\"b3d2cf9\" data-element_type=\"widget\" data-widget_type=\"text-editor.default\">\n\t\t\t\t<div class=\"elementor-widget-container\">\n\t\t\t\t\t\t\t\t\t<h2 class=\"text-center\">MANHEIM EXPRESS \u2013 der zeitgem\u00e4\u00dfe Autohandel f\u00fcr H\u00e4ndler<\/h2>\t\t\t\t\t\t\t\t<\/div>\n\t\t\t\t<\/div>\n\t\t\t\t<div class=\"elementor-element elementor-element-76f2c0f elementor-widget elementor-widget-text-editor\" data-id=\"76f2c0f\" data-element_type=\"widget\" data-widget_type=\"text-editor.default\">\n\t\t\t\t<div class=\"elementor-widget-container\">\n\t\t\t\t\t\t\t\t\t<p>Das Prinzip des Autohandels nur f\u00fcr H\u00e4ndler hat sich erwartungsgem\u00e4\u00df etabliert und eine Vielzahl an Portalen und Plattformen entstehen lassen. Zu einer enorm vergr\u00f6\u00dferten Auswahl an Fahrzeugen kommt der Vorteil, zu jeder Zeit an Autoauktionen teilnehmen zu k\u00f6nnen. Durch die Vernetzung der H\u00e4ndler profitieren dieser voneinander; sie helfen sich gegenseitig, schnell und unkompliziert an die gesuchten Fahrzeuge zu kommen. F\u00fcr einen H\u00e4ndler besteht die Schwierigkeit nun eher darin, zu entscheiden, f\u00fcr welche Plattform er sich entscheidet. Schlie\u00dflich sind die Gesch\u00e4ftsbedingungen, die Geb\u00fchren und das Angebot der jeweiligen Anbieter ein wichtiger Faktor, der sich langfristig merklich auf den Erfolg im Autohandel auswirken kann. Das Portal Manheim Express zeichnet sich durch eine Reihe von Vorteilen aus. H\u00e4ndler profitieren zun\u00e4chst vom einfachen Anmeldeverfahren. Autoverk\u00e4ufer, die sich als Kunden registrieren, stehen eine Vielzahl an Tools zur Verf\u00fcgung. Das nur f\u00fcr H\u00e4ndler zug\u00e4ngliche Portal ist konsequent auf die Bed\u00fcrfnisse und Anforderungen des professionellen Autohandels\u00a0 ausgelegt. Von der Auswahl der Suchkriterien bis zum Abholverfahren wird h\u00f6chster Wert auf Benutzerfreundlichkeit gelegt. Das gesamte Konzept der Plattform ist darauf ausgelegt, H\u00e4ndler bei der erfolgreichen Erledigung ihres Tagesgesch\u00e4ftes professionell\u00a0 zu unterst\u00fctzen. Das bedeutet: Fahrzeuge k\u00f6nnen schnell, bedarfsgerecht und zu g\u00fcnstigen Konditionen\u00a0 ver- oder angekauft werden. Der H\u00e4ndler braucht sich nicht mit langwierigem Suchen, Preisverhandlungen und Anfahrten zu besch\u00e4ftigen. Stattdessen kann er konkret seine Kompetenzen vor Ort umsetzen und sich auf sein Kerngesch\u00e4ft konzentrieren.<\/p>\t\t\t\t\t\t\t\t<\/div>\n\t\t\t\t<\/div>\n\t\t\t\t\t<\/div>\n\t\t<\/div>\n\t\t\t\t\t<\/div>\n\t\t<\/section>\n\t\t\t\t<\/div>\n\t\t","protected":false},"excerpt":{"rendered":"<p>Der smarte Autohandel nur f\u00fcr H\u00e4ndler: Zeitgem\u00e4\u00dfes Car-Trading mit Manheim Express Der Handel mit Gebrauchtwagen hat sich in den letzten Jahren durch das Online-Gesch\u00e4ft stark ver\u00e4ndert. Neue Portale und Vertriebswege f\u00fcr H\u00e4ndler er\u00f6ffnen zahlreiche Optionen, um das eigene Gesch\u00e4ft g\u00fcnstig zu beeinflussen. Allerdings werden viele H\u00e4ndler durch den immer un\u00fcbersichtlicher werdenden Markt verunsichert. Welche Tools [&hellip;]<\/p>\n","protected":false},"author":7,"featured_media":0,"parent":11571,"menu_order":0,"comment_status":"closed","ping_status":"closed","template":"","meta":{"_acf_changed":false,"footnotes":""},"wf_page_folders":[156],"class_list":["post-16227","page","type-page","status-publish","hentry"],"acf":[],"yoast_head":"<!-- This site is optimized with the Yoast SEO plugin v25.8 - https:\/\/yoast.com\/wordpress\/plugins\/seo\/ -->\n<title>Autohandel nur f\u00fcr H\u00e4ndler - Manheim Express die neue Auktionsplattform f\u00fcr den KFZ Handel<\/title>\n<meta name=\"description\" content=\"Der Handel mit Gebrauchtwagen hat sich in den letzten Jahren durch das Online-Gesch\u00e4ft stark ver\u00e4ndert.\" \/>\n<meta name=\"robots\" content=\"index, follow, max-snippet:-1, max-image-preview:large, max-video-preview:-1\" \/>\n<link rel=\"canonical\" href=\"https:\/\/www.manheim-express.eu\/de\/glossar\/autohandel-nur-fuer-haendler\/\" \/>\n<meta property=\"og:locale\" content=\"de_DE\" \/>\n<meta property=\"og:type\" content=\"article\" \/>\n<meta property=\"og:title\" content=\"Autohandel nur f\u00fcr H\u00e4ndler - Manheim Express die neue Auktionsplattform f\u00fcr den KFZ Handel\" \/>\n<meta property=\"og:description\" content=\"Der Handel mit Gebrauchtwagen hat sich in den letzten Jahren durch das Online-Gesch\u00e4ft stark ver\u00e4ndert.\" \/>\n<meta property=\"og:url\" content=\"https:\/\/www.manheim-express.eu\/de\/glossar\/autohandel-nur-fuer-haendler\/\" \/>\n<meta property=\"og:site_name\" content=\"Manheim Express\" \/>\n<meta property=\"article:publisher\" content=\"https:\/\/www.facebook.com\/manheimexpresseurope\/\" \/>\n<meta property=\"article:modified_time\" content=\"2024-01-15T14:44:48+00:00\" \/>\n<meta property=\"og:image\" content=\"https:\/\/www.manheim-express.eu\/wp-content\/uploads\/2022\/11\/Manheim-Express-Estate-car.png\" \/>\n<meta name=\"twitter:card\" content=\"summary_large_image\" \/>\n<meta name=\"twitter:label1\" content=\"Gesch\u00e4tzte Lesezeit\" \/>\n\t<meta name=\"twitter:data1\" content=\"3\u00a0Minuten\" \/>\n<script type=\"application\/ld+json\" class=\"yoast-schema-graph\">{\"@context\":\"https:\/\/schema.org\",\"@graph\":[{\"@type\":\"WebPage\",\"@id\":\"https:\/\/www.manheim-express.eu\/de\/glossar\/autohandel-nur-fuer-haendler\/\",\"url\":\"https:\/\/www.manheim-express.eu\/de\/glossar\/autohandel-nur-fuer-haendler\/\",\"name\":\"Autohandel nur f\u00fcr H\u00e4ndler - Manheim Express die neue Auktionsplattform f\u00fcr den KFZ Handel\",\"isPartOf\":{\"@id\":\"https:\/\/www.manheim-express.eu\/de\/#website\"},\"primaryImageOfPage\":{\"@id\":\"https:\/\/www.manheim-express.eu\/de\/glossar\/autohandel-nur-fuer-haendler\/#primaryimage\"},\"image\":{\"@id\":\"https:\/\/www.manheim-express.eu\/de\/glossar\/autohandel-nur-fuer-haendler\/#primaryimage\"},\"thumbnailUrl\":\"https:\/\/www.manheim-express.eu\/wp-content\/uploads\/2022\/11\/Manheim-Express-Estate-car.png\",\"datePublished\":\"2024-01-15T14:44:46+00:00\",\"dateModified\":\"2024-01-15T14:44:48+00:00\",\"description\":\"Der Handel mit Gebrauchtwagen hat sich in den letzten Jahren durch das Online-Gesch\u00e4ft stark ver\u00e4ndert.\",\"breadcrumb\":{\"@id\":\"https:\/\/www.manheim-express.eu\/de\/glossar\/autohandel-nur-fuer-haendler\/#breadcrumb\"},\"inLanguage\":\"de\",\"potentialAction\":[{\"@type\":\"ReadAction\",\"target\":[\"https:\/\/www.manheim-express.eu\/de\/glossar\/autohandel-nur-fuer-haendler\/\"]}]},{\"@type\":\"ImageObject\",\"inLanguage\":\"de\",\"@id\":\"https:\/\/www.manheim-express.eu\/de\/glossar\/autohandel-nur-fuer-haendler\/#primaryimage\",\"url\":\"https:\/\/www.manheim-express.eu\/wp-content\/uploads\/2022\/11\/Manheim-Express-Estate-car.png\",\"contentUrl\":\"https:\/\/www.manheim-express.eu\/wp-content\/uploads\/2022\/11\/Manheim-Express-Estate-car.png\"},{\"@type\":\"BreadcrumbList\",\"@id\":\"https:\/\/www.manheim-express.eu\/de\/glossar\/autohandel-nur-fuer-haendler\/#breadcrumb\",\"itemListElement\":[{\"@type\":\"ListItem\",\"position\":1,\"name\":\"Home\",\"item\":\"https:\/\/www.manheim-express.eu\/de\/\"},{\"@type\":\"ListItem\",\"position\":2,\"name\":\"Glossar\",\"item\":\"https:\/\/www.manheim-express.eu\/de\/glossar\/\"},{\"@type\":\"ListItem\",\"position\":3,\"name\":\"Autohandel nur f\u00fcr H\u00e4ndler\"}]},{\"@type\":\"WebSite\",\"@id\":\"https:\/\/www.manheim-express.eu\/de\/#website\",\"url\":\"https:\/\/www.manheim-express.eu\/de\/\",\"name\":\"Manheim Express\",\"description\":\"\",\"publisher\":{\"@id\":\"https:\/\/www.manheim-express.eu\/de\/#organization\"},\"potentialAction\":[{\"@type\":\"SearchAction\",\"target\":{\"@type\":\"EntryPoint\",\"urlTemplate\":\"https:\/\/www.manheim-express.eu\/de\/?s={search_term_string}\"},\"query-input\":{\"@type\":\"PropertyValueSpecification\",\"valueRequired\":true,\"valueName\":\"search_term_string\"}}],\"inLanguage\":\"de\"},{\"@type\":\"Organization\",\"@id\":\"https:\/\/www.manheim-express.eu\/de\/#organization\",\"name\":\"Manheim Express\",\"url\":\"https:\/\/www.manheim-express.eu\/de\/\",\"logo\":{\"@type\":\"ImageObject\",\"inLanguage\":\"de\",\"@id\":\"https:\/\/www.manheim-express.eu\/de\/#\/schema\/logo\/image\/\",\"url\":\"https:\/\/www.manheim-express.eu\/wp-content\/uploads\/2021\/07\/manheim-express-logo-light.png\",\"contentUrl\":\"https:\/\/www.manheim-express.eu\/wp-content\/uploads\/2021\/07\/manheim-express-logo-light.png\",\"width\":1163,\"height\":392,\"caption\":\"Manheim Express\"},\"image\":{\"@id\":\"https:\/\/www.manheim-express.eu\/de\/#\/schema\/logo\/image\/\"},\"sameAs\":[\"https:\/\/www.facebook.com\/manheimexpresseurope\/\",\"https:\/\/www.instagram.com\/manheim.express\",\"https:\/\/www.linkedin.com\/company\/manheim-express\/\",\"https:\/\/www.youtube.com\/channel\/UCRKJajJPvJv-ao7Tk7qra5Q\/\"]}]}<\/script>\n<!-- \/ Yoast SEO plugin. -->","yoast_head_json":{"title":"Autohandel nur f\u00fcr H\u00e4ndler - Manheim Express die neue Auktionsplattform f\u00fcr den KFZ Handel","description":"Der Handel mit Gebrauchtwagen hat sich in den letzten Jahren durch das Online-Gesch\u00e4ft stark ver\u00e4ndert.","robots":{"index":"index","follow":"follow","max-snippet":"max-snippet:-1","max-image-preview":"max-image-preview:large","max-video-preview":"max-video-preview:-1"},"canonical":"https:\/\/www.manheim-express.eu\/de\/glossar\/autohandel-nur-fuer-haendler\/","og_locale":"de_DE","og_type":"article","og_title":"Autohandel nur f\u00fcr H\u00e4ndler - Manheim Express die neue Auktionsplattform f\u00fcr den KFZ Handel","og_description":"Der Handel mit Gebrauchtwagen hat sich in den letzten Jahren durch das Online-Gesch\u00e4ft stark ver\u00e4ndert.","og_url":"https:\/\/www.manheim-express.eu\/de\/glossar\/autohandel-nur-fuer-haendler\/","og_site_name":"Manheim Express","article_publisher":"https:\/\/www.facebook.com\/manheimexpresseurope\/","article_modified_time":"2024-01-15T14:44:48+00:00","og_image":[{"url":"https:\/\/www.manheim-express.eu\/wp-content\/uploads\/2022\/11\/Manheim-Express-Estate-car.png","type":"","width":"","height":""}],"twitter_card":"summary_large_image","twitter_misc":{"Gesch\u00e4tzte Lesezeit":"3\u00a0Minuten"},"schema":{"@context":"https:\/\/schema.org","@graph":[{"@type":"WebPage","@id":"https:\/\/www.manheim-express.eu\/de\/glossar\/autohandel-nur-fuer-haendler\/","url":"https:\/\/www.manheim-express.eu\/de\/glossar\/autohandel-nur-fuer-haendler\/","name":"Autohandel nur f\u00fcr H\u00e4ndler - Manheim Express die neue Auktionsplattform f\u00fcr den KFZ Handel","isPartOf":{"@id":"https:\/\/www.manheim-express.eu\/de\/#website"},"primaryImageOfPage":{"@id":"https:\/\/www.manheim-express.eu\/de\/glossar\/autohandel-nur-fuer-haendler\/#primaryimage"},"image":{"@id":"https:\/\/www.manheim-express.eu\/de\/glossar\/autohandel-nur-fuer-haendler\/#primaryimage"},"thumbnailUrl":"https:\/\/www.manheim-express.eu\/wp-content\/uploads\/2022\/11\/Manheim-Express-Estate-car.png","datePublished":"2024-01-15T14:44:46+00:00","dateModified":"2024-01-15T14:44:48+00:00","description":"Der Handel mit Gebrauchtwagen hat sich in den letzten Jahren durch das Online-Gesch\u00e4ft stark ver\u00e4ndert.","breadcrumb":{"@id":"https:\/\/www.manheim-express.eu\/de\/glossar\/autohandel-nur-fuer-haendler\/#breadcrumb"},"inLanguage":"de","potentialAction":[{"@type":"ReadAction","target":["https:\/\/www.manheim-express.eu\/de\/glossar\/autohandel-nur-fuer-haendler\/"]}]},{"@type":"ImageObject","inLanguage":"de","@id":"https:\/\/www.manheim-express.eu\/de\/glossar\/autohandel-nur-fuer-haendler\/#primaryimage","url":"https:\/\/www.manheim-express.eu\/wp-content\/uploads\/2022\/11\/Manheim-Express-Estate-car.png","contentUrl":"https:\/\/www.manheim-express.eu\/wp-content\/uploads\/2022\/11\/Manheim-Express-Estate-car.png"},{"@type":"BreadcrumbList","@id":"https:\/\/www.manheim-express.eu\/de\/glossar\/autohandel-nur-fuer-haendler\/#breadcrumb","itemListElement":[{"@type":"ListItem","position":1,"name":"Home","item":"https:\/\/www.manheim-express.eu\/de\/"},{"@type":"ListItem","position":2,"name":"Glossar","item":"https:\/\/www.manheim-express.eu\/de\/glossar\/"},{"@type":"ListItem","position":3,"name":"Autohandel nur f\u00fcr H\u00e4ndler"}]},{"@type":"WebSite","@id":"https:\/\/www.manheim-express.eu\/de\/#website","url":"https:\/\/www.manheim-express.eu\/de\/","name":"Manheim Express","description":"","publisher":{"@id":"https:\/\/www.manheim-express.eu\/de\/#organization"},"potentialAction":[{"@type":"SearchAction","target":{"@type":"EntryPoint","urlTemplate":"https:\/\/www.manheim-express.eu\/de\/?s={search_term_string}"},"query-input":{"@type":"PropertyValueSpecification","valueRequired":true,"valueName":"search_term_string"}}],"inLanguage":"de"},{"@type":"Organization","@id":"https:\/\/www.manheim-express.eu\/de\/#organization","name":"Manheim Express","url":"https:\/\/www.manheim-express.eu\/de\/","logo":{"@type":"ImageObject","inLanguage":"de","@id":"https:\/\/www.manheim-express.eu\/de\/#\/schema\/logo\/image\/","url":"https:\/\/www.manheim-express.eu\/wp-content\/uploads\/2021\/07\/manheim-express-logo-light.png","contentUrl":"https:\/\/www.manheim-express.eu\/wp-content\/uploads\/2021\/07\/manheim-express-logo-light.png","width":1163,"height":392,"caption":"Manheim Express"},"image":{"@id":"https:\/\/www.manheim-express.eu\/de\/#\/schema\/logo\/image\/"},"sameAs":["https:\/\/www.facebook.com\/manheimexpresseurope\/","https:\/\/www.instagram.com\/manheim.express","https:\/\/www.linkedin.com\/company\/manheim-express\/","https:\/\/www.youtube.com\/channel\/UCRKJajJPvJv-ao7Tk7qra5Q\/"]}]}},"_links":{"self":[{"href":"https:\/\/www.manheim-express.eu\/de\/wp-json\/wp\/v2\/pages\/16227","targetHints":{"allow":["GET"]}}],"collection":[{"href":"https:\/\/www.manheim-express.eu\/de\/wp-json\/wp\/v2\/pages"}],"about":[{"href":"https:\/\/www.manheim-express.eu\/de\/wp-json\/wp\/v2\/types\/page"}],"author":[{"embeddable":true,"href":"https:\/\/www.manheim-express.eu\/de\/wp-json\/wp\/v2\/users\/7"}],"replies":[{"embeddable":true,"href":"https:\/\/www.manheim-express.eu\/de\/wp-json\/wp\/v2\/comments?post=16227"}],"version-history":[{"count":10,"href":"https:\/\/www.manheim-express.eu\/de\/wp-json\/wp\/v2\/pages\/16227\/revisions"}],"predecessor-version":[{"id":16757,"href":"https:\/\/www.manheim-express.eu\/de\/wp-json\/wp\/v2\/pages\/16227\/revisions\/16757"}],"up":[{"embeddable":true,"href":"https:\/\/www.manheim-express.eu\/de\/wp-json\/wp\/v2\/pages\/11571"}],"wp:attachment":[{"href":"https:\/\/www.manheim-express.eu\/de\/wp-json\/wp\/v2\/media?parent=16227"}],"wp:term":[{"taxonomy":"wf_page_folders","embeddable":true,"href":"https:\/\/www.manheim-express.eu\/de\/wp-json\/wp\/v2\/wf_page_folders?post=16227"}],"curies":[{"name":"wp","href":"https:\/\/api.w.org\/{rel}","templated":true}]}}