{"id":16219,"date":"2024-01-15T14:41:50","date_gmt":"2024-01-15T14:41:50","guid":{"rendered":"https:\/\/www.manheim-express.eu\/?page_id=16219"},"modified":"2024-01-15T14:41:51","modified_gmt":"2024-01-15T14:41:51","slug":"auto-grosshandel-fuer-haendler","status":"publish","type":"page","link":"https:\/\/www.manheim-express.eu\/de\/glossar\/auto-grosshandel-fuer-haendler\/","title":{"rendered":"Auto Gro\u00dfhandel f\u00fcr H\u00e4ndler"},"content":{"rendered":"\t\t<div data-elementor-type=\"wp-page\" data-elementor-id=\"16219\" class=\"elementor elementor-16219\" data-elementor-post-type=\"page\">\n\t\t\t\t\t\t<section class=\"elementor-section elementor-top-section elementor-element elementor-element-5ad223c elementor-section-full_width elementor-section-stretched elementor-section-height-default elementor-section-height-default\" data-id=\"5ad223c\" data-element_type=\"section\" data-settings=\"{&quot;stretch_section&quot;:&quot;section-stretched&quot;}\">\n\t\t\t\t\t\t<div class=\"elementor-container elementor-column-gap-default\">\n\t\t\t\t\t<div class=\"elementor-column elementor-col-50 elementor-top-column elementor-element elementor-element-d3b519c\" data-id=\"d3b519c\" data-element_type=\"column\" data-settings=\"{&quot;background_background&quot;:&quot;classic&quot;}\">\n\t\t\t<div class=\"elementor-widget-wrap elementor-element-populated\">\n\t\t\t\t\t\t<div class=\"elementor-element elementor-element-036dc3a elementor-widget elementor-widget-text-editor\" data-id=\"036dc3a\" data-element_type=\"widget\" data-widget_type=\"text-editor.default\">\n\t\t\t\t<div class=\"elementor-widget-container\">\n\t\t\t\t\t\t\t\t\t<h2>Sch\u00f6pfen Sie Ihre M\u00f6glichkeiten als H\u00e4ndler voll aus?<\/h2>\t\t\t\t\t\t\t\t<\/div>\n\t\t\t\t<\/div>\n\t\t\t\t<div class=\"elementor-element elementor-element-21c3353 elementor-widget elementor-widget-text-editor\" data-id=\"21c3353\" data-element_type=\"widget\" data-widget_type=\"text-editor.default\">\n\t\t\t\t<div class=\"elementor-widget-container\">\n\t\t\t\t\t\t\t\t\t<h3>So funktioniert professioneller Auto-Gro\u00dfhandel mit Manheim Express<\/h3>\t\t\t\t\t\t\t\t<\/div>\n\t\t\t\t<\/div>\n\t\t\t\t<div class=\"elementor-element elementor-element-c37119d elementor-widget elementor-widget-text-editor\" data-id=\"c37119d\" data-element_type=\"widget\" data-widget_type=\"text-editor.default\">\n\t\t\t\t<div class=\"elementor-widget-container\">\n\t\t\t\t\t\t\t\t\t<p>Die Zeiten, in denen sich H\u00e4ndler im Kfz Gro\u00dfhandel auf das Angebot verlie\u00dfen, das auf Auktionen vor Ort angeboten wurde, sind vor\u00fcber. Heute wird vom H\u00e4ndler erwartet, dass er schnell und erfolgreich auch auf spezielle Kundenw\u00fcnsche eingeht und gleichzeitig flexibel ist, wenn es um die Inzahlungnahme von Kundenfahrzeugen geht.<\/p><p>Ohne einen zuverl\u00e4ssigen und professionellen Partner, mit dem sich das Online-Gesch\u00e4ft organisieren und abwickeln l\u00e4sst, ist das nicht mehr zu leisten. Wir zeigen Ihnen, wie Sie mit pkwNOW den Kfz-Gro\u00dfhandel optimal f\u00fcr Ihr Gesch\u00e4ft nutzen.<\/p>\t\t\t\t\t\t\t\t<\/div>\n\t\t\t\t<\/div>\n\t\t\t\t<div class=\"elementor-element elementor-element-76774e4 elementor-widget elementor-widget-button\" data-id=\"76774e4\" data-element_type=\"widget\" data-widget_type=\"button.default\">\n\t\t\t\t<div class=\"elementor-widget-container\">\n\t\t\t\t\t\t\t\t\t<div class=\"elementor-button-wrapper\">\n\t\t\t\t\t<a class=\"elementor-button elementor-button-link elementor-size-lg\" href=\"#\">\n\t\t\t\t\t\t<span class=\"elementor-button-content-wrapper\">\n\t\t\t\t\t\t\t\t\t<span class=\"elementor-button-text\">Mehr Infos finden Sie hier<\/span>\n\t\t\t\t\t<\/span>\n\t\t\t\t\t<\/a>\n\t\t\t\t<\/div>\n\t\t\t\t\t\t\t\t<\/div>\n\t\t\t\t<\/div>\n\t\t\t\t<div class=\"elementor-element elementor-element-93513c7 elementor-widget elementor-widget-image\" data-id=\"93513c7\" data-element_type=\"widget\" data-widget_type=\"image.default\">\n\t\t\t\t<div class=\"elementor-widget-container\">\n\t\t\t\t\t\t\t\t\t\t\t\t\t\t\t<img fetchpriority=\"high\" decoding=\"async\" width=\"800\" height=\"389\" src=\"https:\/\/www.manheim-express.eu\/wp-content\/uploads\/2022\/11\/Manheim-Express-Estate-car.png\" class=\"attachment-large size-large wp-image-14639\" alt=\"\" srcset=\"https:\/\/www.manheim-express.eu\/wp-content\/uploads\/2022\/11\/Manheim-Express-Estate-car.png 1024w, https:\/\/www.manheim-express.eu\/wp-content\/uploads\/2022\/11\/Manheim-Express-Estate-car-300x146.png 300w, https:\/\/www.manheim-express.eu\/wp-content\/uploads\/2022\/11\/Manheim-Express-Estate-car-768x374.png 768w\" sizes=\"(max-width: 800px) 100vw, 800px\" \/>\t\t\t\t\t\t\t\t\t\t\t\t\t\t\t<\/div>\n\t\t\t\t<\/div>\n\t\t\t\t\t<\/div>\n\t\t<\/div>\n\t\t\t\t<div class=\"elementor-column elementor-col-50 elementor-top-column elementor-element elementor-element-213236b\" data-id=\"213236b\" data-element_type=\"column\" data-settings=\"{&quot;background_background&quot;:&quot;classic&quot;}\">\n\t\t\t<div class=\"elementor-widget-wrap elementor-element-populated\">\n\t\t\t\t\t\t<div class=\"elementor-element elementor-element-e9c050a elementor-widget elementor-widget-text-editor\" data-id=\"e9c050a\" data-element_type=\"widget\" data-widget_type=\"text-editor.default\">\n\t\t\t\t<div class=\"elementor-widget-container\">\n\t\t\t\t\t\t\t\t\t<h2>Kfz-Gro\u00dfhandel im Internet \u2013 Chancen und Herausforderungen f\u00fcr H\u00e4ndler<\/h2>\t\t\t\t\t\t\t\t<\/div>\n\t\t\t\t<\/div>\n\t\t\t\t<div class=\"elementor-element elementor-element-8d896a4 elementor-widget elementor-widget-text-editor\" data-id=\"8d896a4\" data-element_type=\"widget\" data-widget_type=\"text-editor.default\">\n\t\t\t\t<div class=\"elementor-widget-container\">\n\t\t\t\t\t\t\t\t\t<p>Das kontinuierliche Wachsen des digitalen Marktes birgt f\u00fcr den Gro\u00dfhandel mit Automobilen Risiken und Chancen zugleich. Wenn man die Situation f\u00fcr H\u00e4ndler von Gebrauchtwagen in den letzten 20 Jahren schlagwortartig zusammenfassen will, k\u00f6nnte man sagen: der Autohandel ist j\u00fcnger und gleichzeitig erwachsener geworden.<\/p><p>J\u00fcnger ist die Branche geworden, weil durch die Digitalisierung alte und eingefahrene Kaufs- und Verkaufsstrukturen aufgebrochen wurden. Wer heute noch wie vor 20 Jahren Autos verkaufen will, hat praktisch keine Chance mehr langfristig Kunden zu binden. Die Entwicklung hin zum digitalen Markt l\u00e4sst sich nicht mehr r\u00fcckg\u00e4ngig machen \u2013 wer auf den Zug nicht aufspringt, bleibt zur\u00fcck.<\/p>\t\t\t\t\t\t\t\t<\/div>\n\t\t\t\t<\/div>\n\t\t\t\t<div class=\"elementor-element elementor-element-b3d2cf9 elementor-widget elementor-widget-text-editor\" data-id=\"b3d2cf9\" data-element_type=\"widget\" data-widget_type=\"text-editor.default\">\n\t\t\t\t<div class=\"elementor-widget-container\">\n\t\t\t\t\t\t\t\t\t<h2>Eine Branche wird erwachsen<\/h2>\t\t\t\t\t\t\t\t<\/div>\n\t\t\t\t<\/div>\n\t\t\t\t<div class=\"elementor-element elementor-element-76f2c0f elementor-widget elementor-widget-text-editor\" data-id=\"76f2c0f\" data-element_type=\"widget\" data-widget_type=\"text-editor.default\">\n\t\t\t\t<div class=\"elementor-widget-container\">\n\t\t\t\t\t\t\t\t\t<p>Und in diesem Sinn ist der Kfz Gro\u00dfhandel zweifellos erwachsener geworden: das Internet hat eine ganz neue Dynamik und neue Strukturen f\u00fcr den Gro\u00dfhandel geschaffen, an die sich H\u00e4ndler zwangsl\u00e4ufig anpassen m\u00fcssen. Das Verharren in alten Mustern wird bestraft; innovative L\u00f6sungen sind gefragt und setzen sich durch.<\/p><p>Kein H\u00e4ndler mit einer professionellen Haltung kann sich heute erlauben, irgendwie daf\u00fcr zu sorgen, dass neue Fahrzeuge in sein Gesch\u00e4ft kommen und die vorhandenen irgendwie verkauft werden. Denn auch die Kunden haben ihre Anspr\u00fcche an die H\u00e4ndler erh\u00f6ht.<\/p><p>Die Vielfalt und Auswahlm\u00f6glichkeiten des Internets stellen H\u00e4ndler vor die Aufgabe, deutlich schneller und flexibler auf Kundenw\u00fcnsche einzugehen. Wer zu lange z\u00f6gert oder das gew\u00fcnschte Auto nicht liefern kann, bleibt auf der Strecke.<\/p>\t\t\t\t\t\t\t\t<\/div>\n\t\t\t\t<\/div>\n\t\t\t\t<div class=\"elementor-element elementor-element-171c6db elementor-widget elementor-widget-text-editor\" data-id=\"171c6db\" data-element_type=\"widget\" data-widget_type=\"text-editor.default\">\n\t\t\t\t<div class=\"elementor-widget-container\">\n\t\t\t\t\t\t\t\t\t<h2>Wie Autoh\u00e4user und Kfz-H\u00e4ndler von pkwNOW profitieren<\/h2>\t\t\t\t\t\t\t\t<\/div>\n\t\t\t\t<\/div>\n\t\t\t\t<div class=\"elementor-element elementor-element-ca51b1d elementor-widget elementor-widget-text-editor\" data-id=\"ca51b1d\" data-element_type=\"widget\" data-widget_type=\"text-editor.default\">\n\t\t\t\t<div class=\"elementor-widget-container\">\n\t\t\t\t\t\t\t\t\t<p>Das Entstehen immer neuer Plattformen mit unterschiedlichen Gesch\u00e4ftsmodellen f\u00fcr den Gro\u00dfhandel verunsichert viele H\u00e4ndler. Wer heute im Kfz-Gro\u00dfhandel erfolgreich sein will, braucht eine seri\u00f6se Plattform, die sich an das eigene Gesch\u00e4ftsmodell und neue Vermarktungsstrategien anpassen l\u00e4sst. Gleichzeitig sollten die Geb\u00fchren transparent und niedrig sein.<\/p><p>pkwNOW wurde von Profis aus der Gebrauchtwagenbranche entwickelt und wird kontinuierlich erweitert und verbessert. Wir wissen, worauf es im Auto Gro\u00dfhandel f\u00fcr H\u00e4ndler ankommt. Daher haben wir eine Plattform geschaffen, die H\u00e4ndlern die gr\u00f6\u00dftm\u00f6gliche Freiheit l\u00e4sst, Vermarktungsstrategien umzusetzen und gleichzeitig in Sachen Service und Kundendienst \u00fcberzeugt. Wer als H\u00e4ndler heute im Gro\u00dfhandel mit gebrauchten Autos t\u00e4tig ist, wei\u00df, dass die Kunden ganz andere Anforderungen stellen als noch vor einigen Jahren. Die Kunden recherchieren selbst im Netz und wissen, auf welche Vielfalt man hier zugreifen kann.<\/p>\t\t\t\t\t\t\t\t<\/div>\n\t\t\t\t<\/div>\n\t\t\t\t<div class=\"elementor-element elementor-element-3cf939d elementor-widget elementor-widget-text-editor\" data-id=\"3cf939d\" data-element_type=\"widget\" data-widget_type=\"text-editor.default\">\n\t\t\t\t<div class=\"elementor-widget-container\">\n\t\t\t\t\t\t\t\t\t<h2>Fazit: Wer digital erfolgreich sein will, muss handeln!<\/h2>\t\t\t\t\t\t\t\t<\/div>\n\t\t\t\t<\/div>\n\t\t\t\t<div class=\"elementor-element elementor-element-45f6d89 elementor-widget elementor-widget-text-editor\" data-id=\"45f6d89\" data-element_type=\"widget\" data-widget_type=\"text-editor.default\">\n\t\t\t\t<div class=\"elementor-widget-container\">\n\t\t\t\t\t\t\t\t\t<p>Will man als H\u00e4ndler seine Kunden \u00fcberzeugen und binden, dann braucht man Zugriffsm\u00f6glichkeiten auf den Kfz Gro\u00dfhandel, die \u00fcber das hinausgehen, was der Kunde selbst finden kann. pkwNOW setzt genau an diesem Punkt an und erm\u00f6glicht es H\u00e4ndlern, mit wenigen Mausklicks professionell Fahrzeuge im B2B-Bereich zu kaufen oder zu verkaufen. Mit den Tools von pkwNOW sind Sie Ihren Kunden und der Konkurrenz immer eine Wagenl\u00e4nge voraus und haben die Gewissheit, immer auf dem neuesten Stand des Online-Tradings zu sein.<br><\/p>\t\t\t\t\t\t\t\t<\/div>\n\t\t\t\t<\/div>\n\t\t\t\t\t<\/div>\n\t\t<\/div>\n\t\t\t\t\t<\/div>\n\t\t<\/section>\n\t\t\t\t<\/div>\n\t\t","protected":false},"excerpt":{"rendered":"<p>Sch\u00f6pfen Sie Ihre M\u00f6glichkeiten als H\u00e4ndler voll aus? So funktioniert professioneller Auto-Gro\u00dfhandel mit Manheim Express Die Zeiten, in denen sich H\u00e4ndler im Kfz Gro\u00dfhandel auf das Angebot verlie\u00dfen, das auf Auktionen vor Ort angeboten wurde, sind vor\u00fcber. Heute wird vom H\u00e4ndler erwartet, dass er schnell und erfolgreich auch auf spezielle Kundenw\u00fcnsche eingeht und gleichzeitig flexibel [&hellip;]<\/p>\n","protected":false},"author":7,"featured_media":0,"parent":11571,"menu_order":0,"comment_status":"closed","ping_status":"closed","template":"","meta":{"_acf_changed":false,"footnotes":""},"wf_page_folders":[156],"class_list":["post-16219","page","type-page","status-publish","hentry"],"acf":[],"yoast_head":"<!-- This site is optimized with the Yoast SEO plugin v25.8 - https:\/\/yoast.com\/wordpress\/plugins\/seo\/ -->\n<title>Auto Gro\u00dfhandel f\u00fcr H\u00e4ndler - Manheim Express die neue Auktionsplattform f\u00fcr den KFZ Handel<\/title>\n<meta name=\"description\" content=\"Der Kfz Gro\u00dfhandel f\u00fcr H\u00e4ndler: Fahrzeuge schnell und sicher kaufen und verkaufen.\" \/>\n<meta name=\"robots\" content=\"index, follow, max-snippet:-1, max-image-preview:large, max-video-preview:-1\" \/>\n<link rel=\"canonical\" href=\"https:\/\/www.manheim-express.eu\/de\/glossar\/auto-grosshandel-fuer-haendler\/\" \/>\n<meta property=\"og:locale\" content=\"de_DE\" \/>\n<meta property=\"og:type\" content=\"article\" \/>\n<meta property=\"og:title\" content=\"Auto Gro\u00dfhandel f\u00fcr H\u00e4ndler - Manheim Express die neue Auktionsplattform f\u00fcr den KFZ Handel\" \/>\n<meta property=\"og:description\" content=\"Der Kfz Gro\u00dfhandel f\u00fcr H\u00e4ndler: Fahrzeuge schnell und sicher kaufen und verkaufen.\" \/>\n<meta property=\"og:url\" content=\"https:\/\/www.manheim-express.eu\/de\/glossar\/auto-grosshandel-fuer-haendler\/\" \/>\n<meta property=\"og:site_name\" content=\"Manheim Express\" \/>\n<meta property=\"article:publisher\" content=\"https:\/\/www.facebook.com\/manheimexpresseurope\/\" \/>\n<meta property=\"article:modified_time\" content=\"2024-01-15T14:41:51+00:00\" \/>\n<meta property=\"og:image\" content=\"https:\/\/www.manheim-express.eu\/wp-content\/uploads\/2022\/11\/Manheim-Express-Estate-car.png\" \/>\n<meta name=\"twitter:card\" content=\"summary_large_image\" \/>\n<meta name=\"twitter:label1\" content=\"Gesch\u00e4tzte Lesezeit\" \/>\n\t<meta name=\"twitter:data1\" content=\"3\u00a0Minuten\" \/>\n<script type=\"application\/ld+json\" class=\"yoast-schema-graph\">{\"@context\":\"https:\/\/schema.org\",\"@graph\":[{\"@type\":\"WebPage\",\"@id\":\"https:\/\/www.manheim-express.eu\/de\/glossar\/auto-grosshandel-fuer-haendler\/\",\"url\":\"https:\/\/www.manheim-express.eu\/de\/glossar\/auto-grosshandel-fuer-haendler\/\",\"name\":\"Auto Gro\u00dfhandel f\u00fcr H\u00e4ndler - Manheim Express die neue Auktionsplattform f\u00fcr den KFZ Handel\",\"isPartOf\":{\"@id\":\"https:\/\/www.manheim-express.eu\/de\/#website\"},\"primaryImageOfPage\":{\"@id\":\"https:\/\/www.manheim-express.eu\/de\/glossar\/auto-grosshandel-fuer-haendler\/#primaryimage\"},\"image\":{\"@id\":\"https:\/\/www.manheim-express.eu\/de\/glossar\/auto-grosshandel-fuer-haendler\/#primaryimage\"},\"thumbnailUrl\":\"https:\/\/www.manheim-express.eu\/wp-content\/uploads\/2022\/11\/Manheim-Express-Estate-car.png\",\"datePublished\":\"2024-01-15T14:41:50+00:00\",\"dateModified\":\"2024-01-15T14:41:51+00:00\",\"description\":\"Der Kfz Gro\u00dfhandel f\u00fcr H\u00e4ndler: Fahrzeuge schnell und sicher kaufen und verkaufen.\",\"breadcrumb\":{\"@id\":\"https:\/\/www.manheim-express.eu\/de\/glossar\/auto-grosshandel-fuer-haendler\/#breadcrumb\"},\"inLanguage\":\"de\",\"potentialAction\":[{\"@type\":\"ReadAction\",\"target\":[\"https:\/\/www.manheim-express.eu\/de\/glossar\/auto-grosshandel-fuer-haendler\/\"]}]},{\"@type\":\"ImageObject\",\"inLanguage\":\"de\",\"@id\":\"https:\/\/www.manheim-express.eu\/de\/glossar\/auto-grosshandel-fuer-haendler\/#primaryimage\",\"url\":\"https:\/\/www.manheim-express.eu\/wp-content\/uploads\/2022\/11\/Manheim-Express-Estate-car.png\",\"contentUrl\":\"https:\/\/www.manheim-express.eu\/wp-content\/uploads\/2022\/11\/Manheim-Express-Estate-car.png\"},{\"@type\":\"BreadcrumbList\",\"@id\":\"https:\/\/www.manheim-express.eu\/de\/glossar\/auto-grosshandel-fuer-haendler\/#breadcrumb\",\"itemListElement\":[{\"@type\":\"ListItem\",\"position\":1,\"name\":\"Home\",\"item\":\"https:\/\/www.manheim-express.eu\/de\/\"},{\"@type\":\"ListItem\",\"position\":2,\"name\":\"Glossar\",\"item\":\"https:\/\/www.manheim-express.eu\/de\/glossar\/\"},{\"@type\":\"ListItem\",\"position\":3,\"name\":\"Auto Gro\u00dfhandel f\u00fcr H\u00e4ndler\"}]},{\"@type\":\"WebSite\",\"@id\":\"https:\/\/www.manheim-express.eu\/de\/#website\",\"url\":\"https:\/\/www.manheim-express.eu\/de\/\",\"name\":\"Manheim Express\",\"description\":\"\",\"publisher\":{\"@id\":\"https:\/\/www.manheim-express.eu\/de\/#organization\"},\"potentialAction\":[{\"@type\":\"SearchAction\",\"target\":{\"@type\":\"EntryPoint\",\"urlTemplate\":\"https:\/\/www.manheim-express.eu\/de\/?s={search_term_string}\"},\"query-input\":{\"@type\":\"PropertyValueSpecification\",\"valueRequired\":true,\"valueName\":\"search_term_string\"}}],\"inLanguage\":\"de\"},{\"@type\":\"Organization\",\"@id\":\"https:\/\/www.manheim-express.eu\/de\/#organization\",\"name\":\"Manheim Express\",\"url\":\"https:\/\/www.manheim-express.eu\/de\/\",\"logo\":{\"@type\":\"ImageObject\",\"inLanguage\":\"de\",\"@id\":\"https:\/\/www.manheim-express.eu\/de\/#\/schema\/logo\/image\/\",\"url\":\"https:\/\/www.manheim-express.eu\/wp-content\/uploads\/2021\/07\/manheim-express-logo-light.png\",\"contentUrl\":\"https:\/\/www.manheim-express.eu\/wp-content\/uploads\/2021\/07\/manheim-express-logo-light.png\",\"width\":1163,\"height\":392,\"caption\":\"Manheim Express\"},\"image\":{\"@id\":\"https:\/\/www.manheim-express.eu\/de\/#\/schema\/logo\/image\/\"},\"sameAs\":[\"https:\/\/www.facebook.com\/manheimexpresseurope\/\",\"https:\/\/www.instagram.com\/manheim.express\",\"https:\/\/www.linkedin.com\/company\/manheim-express\/\",\"https:\/\/www.youtube.com\/channel\/UCRKJajJPvJv-ao7Tk7qra5Q\/\"]}]}<\/script>\n<!-- \/ Yoast SEO plugin. -->","yoast_head_json":{"title":"Auto Gro\u00dfhandel f\u00fcr H\u00e4ndler - Manheim Express die neue Auktionsplattform f\u00fcr den KFZ Handel","description":"Der Kfz Gro\u00dfhandel f\u00fcr H\u00e4ndler: Fahrzeuge schnell und sicher kaufen und verkaufen.","robots":{"index":"index","follow":"follow","max-snippet":"max-snippet:-1","max-image-preview":"max-image-preview:large","max-video-preview":"max-video-preview:-1"},"canonical":"https:\/\/www.manheim-express.eu\/de\/glossar\/auto-grosshandel-fuer-haendler\/","og_locale":"de_DE","og_type":"article","og_title":"Auto Gro\u00dfhandel f\u00fcr H\u00e4ndler - Manheim Express die neue Auktionsplattform f\u00fcr den KFZ Handel","og_description":"Der Kfz Gro\u00dfhandel f\u00fcr H\u00e4ndler: Fahrzeuge schnell und sicher kaufen und verkaufen.","og_url":"https:\/\/www.manheim-express.eu\/de\/glossar\/auto-grosshandel-fuer-haendler\/","og_site_name":"Manheim Express","article_publisher":"https:\/\/www.facebook.com\/manheimexpresseurope\/","article_modified_time":"2024-01-15T14:41:51+00:00","og_image":[{"url":"https:\/\/www.manheim-express.eu\/wp-content\/uploads\/2022\/11\/Manheim-Express-Estate-car.png","type":"","width":"","height":""}],"twitter_card":"summary_large_image","twitter_misc":{"Gesch\u00e4tzte Lesezeit":"3\u00a0Minuten"},"schema":{"@context":"https:\/\/schema.org","@graph":[{"@type":"WebPage","@id":"https:\/\/www.manheim-express.eu\/de\/glossar\/auto-grosshandel-fuer-haendler\/","url":"https:\/\/www.manheim-express.eu\/de\/glossar\/auto-grosshandel-fuer-haendler\/","name":"Auto Gro\u00dfhandel f\u00fcr H\u00e4ndler - Manheim Express die neue Auktionsplattform f\u00fcr den KFZ Handel","isPartOf":{"@id":"https:\/\/www.manheim-express.eu\/de\/#website"},"primaryImageOfPage":{"@id":"https:\/\/www.manheim-express.eu\/de\/glossar\/auto-grosshandel-fuer-haendler\/#primaryimage"},"image":{"@id":"https:\/\/www.manheim-express.eu\/de\/glossar\/auto-grosshandel-fuer-haendler\/#primaryimage"},"thumbnailUrl":"https:\/\/www.manheim-express.eu\/wp-content\/uploads\/2022\/11\/Manheim-Express-Estate-car.png","datePublished":"2024-01-15T14:41:50+00:00","dateModified":"2024-01-15T14:41:51+00:00","description":"Der Kfz Gro\u00dfhandel f\u00fcr H\u00e4ndler: Fahrzeuge schnell und sicher kaufen und verkaufen.","breadcrumb":{"@id":"https:\/\/www.manheim-express.eu\/de\/glossar\/auto-grosshandel-fuer-haendler\/#breadcrumb"},"inLanguage":"de","potentialAction":[{"@type":"ReadAction","target":["https:\/\/www.manheim-express.eu\/de\/glossar\/auto-grosshandel-fuer-haendler\/"]}]},{"@type":"ImageObject","inLanguage":"de","@id":"https:\/\/www.manheim-express.eu\/de\/glossar\/auto-grosshandel-fuer-haendler\/#primaryimage","url":"https:\/\/www.manheim-express.eu\/wp-content\/uploads\/2022\/11\/Manheim-Express-Estate-car.png","contentUrl":"https:\/\/www.manheim-express.eu\/wp-content\/uploads\/2022\/11\/Manheim-Express-Estate-car.png"},{"@type":"BreadcrumbList","@id":"https:\/\/www.manheim-express.eu\/de\/glossar\/auto-grosshandel-fuer-haendler\/#breadcrumb","itemListElement":[{"@type":"ListItem","position":1,"name":"Home","item":"https:\/\/www.manheim-express.eu\/de\/"},{"@type":"ListItem","position":2,"name":"Glossar","item":"https:\/\/www.manheim-express.eu\/de\/glossar\/"},{"@type":"ListItem","position":3,"name":"Auto Gro\u00dfhandel f\u00fcr H\u00e4ndler"}]},{"@type":"WebSite","@id":"https:\/\/www.manheim-express.eu\/de\/#website","url":"https:\/\/www.manheim-express.eu\/de\/","name":"Manheim Express","description":"","publisher":{"@id":"https:\/\/www.manheim-express.eu\/de\/#organization"},"potentialAction":[{"@type":"SearchAction","target":{"@type":"EntryPoint","urlTemplate":"https:\/\/www.manheim-express.eu\/de\/?s={search_term_string}"},"query-input":{"@type":"PropertyValueSpecification","valueRequired":true,"valueName":"search_term_string"}}],"inLanguage":"de"},{"@type":"Organization","@id":"https:\/\/www.manheim-express.eu\/de\/#organization","name":"Manheim Express","url":"https:\/\/www.manheim-express.eu\/de\/","logo":{"@type":"ImageObject","inLanguage":"de","@id":"https:\/\/www.manheim-express.eu\/de\/#\/schema\/logo\/image\/","url":"https:\/\/www.manheim-express.eu\/wp-content\/uploads\/2021\/07\/manheim-express-logo-light.png","contentUrl":"https:\/\/www.manheim-express.eu\/wp-content\/uploads\/2021\/07\/manheim-express-logo-light.png","width":1163,"height":392,"caption":"Manheim Express"},"image":{"@id":"https:\/\/www.manheim-express.eu\/de\/#\/schema\/logo\/image\/"},"sameAs":["https:\/\/www.facebook.com\/manheimexpresseurope\/","https:\/\/www.instagram.com\/manheim.express","https:\/\/www.linkedin.com\/company\/manheim-express\/","https:\/\/www.youtube.com\/channel\/UCRKJajJPvJv-ao7Tk7qra5Q\/"]}]}},"_links":{"self":[{"href":"https:\/\/www.manheim-express.eu\/de\/wp-json\/wp\/v2\/pages\/16219","targetHints":{"allow":["GET"]}}],"collection":[{"href":"https:\/\/www.manheim-express.eu\/de\/wp-json\/wp\/v2\/pages"}],"about":[{"href":"https:\/\/www.manheim-express.eu\/de\/wp-json\/wp\/v2\/types\/page"}],"author":[{"embeddable":true,"href":"https:\/\/www.manheim-express.eu\/de\/wp-json\/wp\/v2\/users\/7"}],"replies":[{"embeddable":true,"href":"https:\/\/www.manheim-express.eu\/de\/wp-json\/wp\/v2\/comments?post=16219"}],"version-history":[{"count":7,"href":"https:\/\/www.manheim-express.eu\/de\/wp-json\/wp\/v2\/pages\/16219\/revisions"}],"predecessor-version":[{"id":16226,"href":"https:\/\/www.manheim-express.eu\/de\/wp-json\/wp\/v2\/pages\/16219\/revisions\/16226"}],"up":[{"embeddable":true,"href":"https:\/\/www.manheim-express.eu\/de\/wp-json\/wp\/v2\/pages\/11571"}],"wp:attachment":[{"href":"https:\/\/www.manheim-express.eu\/de\/wp-json\/wp\/v2\/media?parent=16219"}],"wp:term":[{"taxonomy":"wf_page_folders","embeddable":true,"href":"https:\/\/www.manheim-express.eu\/de\/wp-json\/wp\/v2\/wf_page_folders?post=16219"}],"curies":[{"name":"wp","href":"https:\/\/api.w.org\/{rel}","templated":true}]}}