{"id":16208,"date":"2024-01-15T14:40:37","date_gmt":"2024-01-15T14:40:37","guid":{"rendered":"https:\/\/www.manheim-express.eu\/?page_id=16208"},"modified":"2024-10-10T07:41:51","modified_gmt":"2024-10-10T06:41:51","slug":"auto-gewaehrleistungsfrei-verkaufen-manheim-express","status":"publish","type":"page","link":"https:\/\/www.manheim-express.eu\/de\/glossar\/auto-gewaehrleistungsfrei-verkaufen-manheim-express\/","title":{"rendered":"Auto gew\u00e4hrleistungsfrei verkaufen"},"content":{"rendered":"\t\t<div data-elementor-type=\"wp-page\" data-elementor-id=\"16208\" class=\"elementor elementor-16208\" data-elementor-post-type=\"page\">\n\t\t\t\t\t\t<section class=\"elementor-section elementor-top-section elementor-element elementor-element-5ad223c elementor-section-full_width elementor-section-stretched elementor-section-height-default elementor-section-height-default\" data-id=\"5ad223c\" data-element_type=\"section\" data-settings=\"{&quot;stretch_section&quot;:&quot;section-stretched&quot;}\">\n\t\t\t\t\t\t<div class=\"elementor-container elementor-column-gap-default\">\n\t\t\t\t\t<div class=\"elementor-column elementor-col-50 elementor-top-column elementor-element elementor-element-d3b519c\" data-id=\"d3b519c\" data-element_type=\"column\" data-settings=\"{&quot;background_background&quot;:&quot;classic&quot;}\">\n\t\t\t<div class=\"elementor-widget-wrap elementor-element-populated\">\n\t\t\t\t\t\t<div class=\"elementor-element elementor-element-036dc3a elementor-widget elementor-widget-text-editor\" data-id=\"036dc3a\" data-element_type=\"widget\" data-widget_type=\"text-editor.default\">\n\t\t\t\t<div class=\"elementor-widget-container\">\n\t\t\t\t\t\t\t\t\t<h2>Sie wollen Ihr Auto gew\u00e4hrleistungsfrei verkaufen?<\/h2>\t\t\t\t\t\t\t\t<\/div>\n\t\t\t\t<\/div>\n\t\t\t\t<div class=\"elementor-element elementor-element-21c3353 elementor-widget elementor-widget-text-editor\" data-id=\"21c3353\" data-element_type=\"widget\" data-widget_type=\"text-editor.default\">\n\t\t\t\t<div class=\"elementor-widget-container\">\n\t\t\t\t\t\t\t\t\t<h3>Mit Manheim Express handeln Sie im B2B-Bereich professionell und zu ausgezeichneten Konditionen.<\/h3>\t\t\t\t\t\t\t\t<\/div>\n\t\t\t\t<\/div>\n\t\t\t\t<div class=\"elementor-element elementor-element-c37119d elementor-widget elementor-widget-text-editor\" data-id=\"c37119d\" data-element_type=\"widget\" data-widget_type=\"text-editor.default\">\n\t\t\t\t<div class=\"elementor-widget-container\">\n\t\t\t\t\t\t\t\t\t<p>Ein Auto-Verkauf im B2B-Bereich geht oft mit dem Wunsch einher, die Gew\u00e4hrleistung auszuschlie\u00dfen. Der gew\u00e4hrleistungsfreie Verkauf sch\u00fctzt den Verk\u00e4ufer vor nachtr\u00e4glichen Anspr\u00fcchen des K\u00e4ufers, wie sie die gesetzliche Sachm\u00e4ngelhaftung (Gew\u00e4hrleistung) einr\u00e4umt. W\u00e4hrend beim Verkauf an Privatpersonen durch einen H\u00e4ndler oder Unternehmer ein gew\u00e4hrleistungsfreier Verkauf nicht m\u00f6glich ist, sondern die Sachm\u00e4ngelhaftung lediglich auf ein Jahr verk\u00fcrzt werden kann, ist es im B2B-Handel m\u00f6glich, jegliche Gew\u00e4hrleistung vertraglich auszuschlie\u00dfen. pkwNOW erkl\u00e4rt Ihnen im Folgenden, welche konkreten rechtlichen Bestimmungen bestehen und warum pkwNOW f\u00fcr den gewerblichen Handel mit Autos eine ausgezeichnete Wahl ist.<\/p>\t\t\t\t\t\t\t\t<\/div>\n\t\t\t\t<\/div>\n\t\t\t\t<div class=\"elementor-element elementor-element-76774e4 elementor-widget elementor-widget-button\" data-id=\"76774e4\" data-element_type=\"widget\" data-widget_type=\"button.default\">\n\t\t\t\t<div class=\"elementor-widget-container\">\n\t\t\t\t\t\t\t\t\t<div class=\"elementor-button-wrapper\">\n\t\t\t\t\t<a class=\"elementor-button elementor-button-link elementor-size-lg\" href=\"#\">\n\t\t\t\t\t\t<span class=\"elementor-button-content-wrapper\">\n\t\t\t\t\t\t\t\t\t<span class=\"elementor-button-text\">Mehr Infos zu Manheim Express<\/span>\n\t\t\t\t\t<\/span>\n\t\t\t\t\t<\/a>\n\t\t\t\t<\/div>\n\t\t\t\t\t\t\t\t<\/div>\n\t\t\t\t<\/div>\n\t\t\t\t<div class=\"elementor-element elementor-element-93513c7 elementor-widget elementor-widget-image\" data-id=\"93513c7\" data-element_type=\"widget\" data-widget_type=\"image.default\">\n\t\t\t\t<div class=\"elementor-widget-container\">\n\t\t\t\t\t\t\t\t\t\t\t\t\t\t\t<img fetchpriority=\"high\" decoding=\"async\" width=\"800\" height=\"389\" src=\"https:\/\/www.manheim-express.eu\/wp-content\/uploads\/2022\/11\/Manheim-Express-Estate-car.png\" class=\"attachment-large size-large wp-image-14639\" alt=\"\" srcset=\"https:\/\/www.manheim-express.eu\/wp-content\/uploads\/2022\/11\/Manheim-Express-Estate-car.png 1024w, https:\/\/www.manheim-express.eu\/wp-content\/uploads\/2022\/11\/Manheim-Express-Estate-car-300x146.png 300w, https:\/\/www.manheim-express.eu\/wp-content\/uploads\/2022\/11\/Manheim-Express-Estate-car-768x374.png 768w\" sizes=\"(max-width: 800px) 100vw, 800px\" \/>\t\t\t\t\t\t\t\t\t\t\t\t\t\t\t<\/div>\n\t\t\t\t<\/div>\n\t\t\t\t\t<\/div>\n\t\t<\/div>\n\t\t\t\t<div class=\"elementor-column elementor-col-50 elementor-top-column elementor-element elementor-element-213236b\" data-id=\"213236b\" data-element_type=\"column\" data-settings=\"{&quot;background_background&quot;:&quot;classic&quot;}\">\n\t\t\t<div class=\"elementor-widget-wrap elementor-element-populated\">\n\t\t\t\t\t\t<div class=\"elementor-element elementor-element-e9c050a elementor-widget elementor-widget-text-editor\" data-id=\"e9c050a\" data-element_type=\"widget\" data-widget_type=\"text-editor.default\">\n\t\t\t\t<div class=\"elementor-widget-container\">\n\t\t\t\t\t\t\t\t\t<h2>Welche rechtlichen M\u00f6glichkeiten gibt es, ein Auto gew\u00e4hrleistungsfrei zu verkaufen?<\/h2>\t\t\t\t\t\t\t\t<\/div>\n\t\t\t\t<\/div>\n\t\t\t\t<div class=\"elementor-element elementor-element-8d896a4 elementor-widget elementor-widget-text-editor\" data-id=\"8d896a4\" data-element_type=\"widget\" data-widget_type=\"text-editor.default\">\n\t\t\t\t<div class=\"elementor-widget-container\">\n\t\t\t\t\t\t\t\t\t<p>Nicht nur im Handel mit gebrauchten Fahrzeugen, sondern auch in fast allen anderen Branchen, herrscht oft Unklarheit dar\u00fcber, welche gesetzlichen Verpflichtungen bzw. Anspr\u00fcche beim Verkaufen bzw. Kaufen von Autos, Waren oder Dienstleistungen bestehen. So ist bereits die Unterscheidung zwischen Garantie und Gew\u00e4hrleistung oft mindestens einem der beiden Vertragspartner nicht klar, so dass die beiden Begriffe missverst\u00e4ndlich verwendet werden. Hier kann im Reklamationsfall eine unklare Rechtslage entstehen. Zur Erl\u00e4uterung: Im Unterschied zur freiwillig einger\u00e4umten Garantie ist die Gew\u00e4hrleistung die gesetzlich bestimmte Sach- und Rechtem\u00e4ngelhaftung, die zun\u00e4chst jeder Verk\u00e4ufer, auch der eines gebrauchten Autos, einzur\u00e4umen hat. Der Ausschluss oder eine Beschr\u00e4nkung der Gew\u00e4hrleistung \u2013 im Gesetzestext wird von gesetzlichen M\u00e4ngelanspr\u00fcchen gesprochen \u2013 ist in manchen F\u00e4llen rechtlich m\u00f6glich, muss aber ausdr\u00fccklich vertraglich vereinbart werden. Ein erster wichtiger Anhaltspunkt, wenn es darum geht, ein Auto gew\u00e4hrleistungsfrei zu verkaufen, ist der rechtliche Status der beiden Verkaufspartner. Als Faustregel bei der Frage, ob die M\u00f6glichkeit besteht, ein Auto gew\u00e4hrleistungsfrei zu verkaufen kann gelten: befinden sich K\u00e4ufer und Verk\u00e4ufer auf der gleichen Stufe: H\u00e4ndler verkauft an H\u00e4ndler, Privatperson verkauft an Privatperson, dann besteht die M\u00f6glichkeit, eine Sache, also auch ein Auto, gew\u00e4hrleistungsfrei zu verkaufen. Auch der gew\u00e4hrleistungsfreieVerkauf von einer Privatperson an einen H\u00e4ndler ist m\u00f6glich.<\/p>\t\t\t\t\t\t\t\t<\/div>\n\t\t\t\t<\/div>\n\t\t\t\t<div class=\"elementor-element elementor-element-b3d2cf9 elementor-widget elementor-widget-text-editor\" data-id=\"b3d2cf9\" data-element_type=\"widget\" data-widget_type=\"text-editor.default\">\n\t\t\t\t<div class=\"elementor-widget-container\">\n\t\t\t\t\t\t\t\t\t<h2 class=\"text-center\">Ihr Auto oder Ihre Flotte gew\u00e4hrleistungsfrei mit pkwNOW verkaufen<\/h2>\t\t\t\t\t\t\t\t<\/div>\n\t\t\t\t<\/div>\n\t\t\t\t<div class=\"elementor-element elementor-element-76f2c0f elementor-widget elementor-widget-text-editor\" data-id=\"76f2c0f\" data-element_type=\"widget\" data-widget_type=\"text-editor.default\">\n\t\t\t\t<div class=\"elementor-widget-container\">\n\t\t\t\t\t\t\t\t\t<p>F\u00fcr Autoh\u00e4ndler oder andere Unternehmer besteht zwischen dem Verkauf an Privatpersonen und dem gewerblichen Verkauf von Autos an andere Unternehmer ein wichtiger Unterschied. W\u00e4hrend beim Verkauf an Privatpersonen die Gew\u00e4hrleistung \u2013 also die zweij\u00e4hrige Sachm\u00e4ngelhaftung \u2013 vertraglich zwar auf ein Jahr verk\u00fcrzt werden kann, ist ein vollst\u00e4ndiger Ausschluss bei diesem Verkaufsverh\u00e4ltnis nicht m\u00f6glich. Anders sieht es aus, wenn ein Vertrag zum Kauf eines Autos im B2B Bereich abgeschlossen wird. Hier besteht f\u00fcr den Verk\u00e4ufer (den H\u00e4ndler oder Unternehmer) die M\u00f6glichkeit, die gesetzlichen M\u00e4ngelanspr\u00fcche (Gew\u00e4hrleistung) vertraglich auszuschlie\u00dfen, also das Auto oder die ganze Flotte gew\u00e4hrleistungsfrei zu verkaufen. Auf ebendiese Handelsform hat sich pkwNOW spezialisiert. Bei uns ist alles auf die Belange von Unternehmern und H\u00e4ndler ausgelegt \u2013 von der schnellen Einstellung \u00fcber die Abwicklung und den gew\u00e4hrleistungsfreien Verkauf der Autos. Sie sind H\u00e4ndler oder anderweitig unternehmerisch t\u00e4tig und wollen ein Auto oder eine ganze Flottegew\u00e4hrleistungsfrei verkaufen? Dann sind Sie bei pkwNOW an der richtigen Adresse. Wir kennen die Interessen von H\u00e4ndlern und wissen, worauf es in dieser Branche ankommt. Der gew\u00e4hrleistungsfreie Auto-Handel hat seine eigenen Gesetze, Chancen und Risiken \u2013 um diese m\u00f6glichst effizient aussch\u00f6pfen und nutzen zu k\u00f6nnen, wurde pkwNOW geschaffen.<\/p>\t\t\t\t\t\t\t\t<\/div>\n\t\t\t\t<\/div>\n\t\t\t\t\t<\/div>\n\t\t<\/div>\n\t\t\t\t\t<\/div>\n\t\t<\/section>\n\t\t\t\t<\/div>\n\t\t","protected":false},"excerpt":{"rendered":"<p>Sie wollen Ihr Auto gew\u00e4hrleistungsfrei verkaufen? Mit Manheim Express handeln Sie im B2B-Bereich professionell und zu ausgezeichneten Konditionen. Ein Auto-Verkauf im B2B-Bereich geht oft mit dem Wunsch einher, die Gew\u00e4hrleistung auszuschlie\u00dfen. Der gew\u00e4hrleistungsfreie Verkauf sch\u00fctzt den Verk\u00e4ufer vor nachtr\u00e4glichen Anspr\u00fcchen des K\u00e4ufers, wie sie die gesetzliche Sachm\u00e4ngelhaftung (Gew\u00e4hrleistung) einr\u00e4umt. W\u00e4hrend beim Verkauf an Privatpersonen durch [&hellip;]<\/p>\n","protected":false},"author":7,"featured_media":0,"parent":11571,"menu_order":0,"comment_status":"closed","ping_status":"closed","template":"","meta":{"_acf_changed":false,"footnotes":""},"wf_page_folders":[156],"class_list":["post-16208","page","type-page","status-publish","hentry"],"acf":[],"yoast_head":"<!-- This site is optimized with the Yoast SEO plugin v25.8 - https:\/\/yoast.com\/wordpress\/plugins\/seo\/ -->\n<title>Auto gew\u00e4hrleistungsfrei verkaufen - Manheim Express die neue Auktionsplattform f\u00fcr den KFZ Handel<\/title>\n<meta name=\"description\" content=\"Mit Manheim Express handeln Sie im B2B-Bereich professionell und zu ausgezeichneten Konditionen.\" \/>\n<meta name=\"robots\" content=\"index, follow, max-snippet:-1, max-image-preview:large, max-video-preview:-1\" \/>\n<link rel=\"canonical\" href=\"https:\/\/www.manheim-express.eu\/de\/glossar\/auto-gewaehrleistungsfrei-verkaufen-manheim-express\/\" \/>\n<meta property=\"og:locale\" content=\"de_DE\" \/>\n<meta property=\"og:type\" content=\"article\" \/>\n<meta property=\"og:title\" content=\"Auto gew\u00e4hrleistungsfrei verkaufen - Manheim Express die neue Auktionsplattform f\u00fcr den KFZ Handel\" \/>\n<meta property=\"og:description\" content=\"Mit Manheim Express handeln Sie im B2B-Bereich professionell und zu ausgezeichneten Konditionen.\" \/>\n<meta property=\"og:url\" content=\"https:\/\/www.manheim-express.eu\/de\/glossar\/auto-gewaehrleistungsfrei-verkaufen-manheim-express\/\" \/>\n<meta property=\"og:site_name\" content=\"Manheim Express\" \/>\n<meta property=\"article:publisher\" content=\"https:\/\/www.facebook.com\/manheimexpresseurope\/\" \/>\n<meta property=\"article:modified_time\" content=\"2024-10-10T06:41:51+00:00\" \/>\n<meta property=\"og:image\" content=\"https:\/\/www.manheim-express.eu\/wp-content\/uploads\/2022\/11\/Manheim-Express-Estate-car.png\" \/>\n<meta name=\"twitter:card\" content=\"summary_large_image\" \/>\n<meta name=\"twitter:label1\" content=\"Gesch\u00e4tzte Lesezeit\" \/>\n\t<meta name=\"twitter:data1\" content=\"3\u00a0Minuten\" \/>\n<script type=\"application\/ld+json\" class=\"yoast-schema-graph\">{\"@context\":\"https:\/\/schema.org\",\"@graph\":[{\"@type\":\"WebPage\",\"@id\":\"https:\/\/www.manheim-express.eu\/de\/glossar\/auto-gewaehrleistungsfrei-verkaufen-manheim-express\/\",\"url\":\"https:\/\/www.manheim-express.eu\/de\/glossar\/auto-gewaehrleistungsfrei-verkaufen-manheim-express\/\",\"name\":\"Auto gew\u00e4hrleistungsfrei verkaufen - Manheim Express die neue Auktionsplattform f\u00fcr den KFZ Handel\",\"isPartOf\":{\"@id\":\"https:\/\/www.manheim-express.eu\/de\/#website\"},\"primaryImageOfPage\":{\"@id\":\"https:\/\/www.manheim-express.eu\/de\/glossar\/auto-gewaehrleistungsfrei-verkaufen-manheim-express\/#primaryimage\"},\"image\":{\"@id\":\"https:\/\/www.manheim-express.eu\/de\/glossar\/auto-gewaehrleistungsfrei-verkaufen-manheim-express\/#primaryimage\"},\"thumbnailUrl\":\"https:\/\/www.manheim-express.eu\/wp-content\/uploads\/2022\/11\/Manheim-Express-Estate-car.png\",\"datePublished\":\"2024-01-15T14:40:37+00:00\",\"dateModified\":\"2024-10-10T06:41:51+00:00\",\"description\":\"Mit Manheim Express handeln Sie im B2B-Bereich professionell und zu ausgezeichneten Konditionen.\",\"breadcrumb\":{\"@id\":\"https:\/\/www.manheim-express.eu\/de\/glossar\/auto-gewaehrleistungsfrei-verkaufen-manheim-express\/#breadcrumb\"},\"inLanguage\":\"de\",\"potentialAction\":[{\"@type\":\"ReadAction\",\"target\":[\"https:\/\/www.manheim-express.eu\/de\/glossar\/auto-gewaehrleistungsfrei-verkaufen-manheim-express\/\"]}]},{\"@type\":\"ImageObject\",\"inLanguage\":\"de\",\"@id\":\"https:\/\/www.manheim-express.eu\/de\/glossar\/auto-gewaehrleistungsfrei-verkaufen-manheim-express\/#primaryimage\",\"url\":\"https:\/\/www.manheim-express.eu\/wp-content\/uploads\/2022\/11\/Manheim-Express-Estate-car.png\",\"contentUrl\":\"https:\/\/www.manheim-express.eu\/wp-content\/uploads\/2022\/11\/Manheim-Express-Estate-car.png\"},{\"@type\":\"BreadcrumbList\",\"@id\":\"https:\/\/www.manheim-express.eu\/de\/glossar\/auto-gewaehrleistungsfrei-verkaufen-manheim-express\/#breadcrumb\",\"itemListElement\":[{\"@type\":\"ListItem\",\"position\":1,\"name\":\"Home\",\"item\":\"https:\/\/www.manheim-express.eu\/de\/\"},{\"@type\":\"ListItem\",\"position\":2,\"name\":\"Glossar\",\"item\":\"https:\/\/www.manheim-express.eu\/de\/glossar\/\"},{\"@type\":\"ListItem\",\"position\":3,\"name\":\"Auto gew\u00e4hrleistungsfrei verkaufen\"}]},{\"@type\":\"WebSite\",\"@id\":\"https:\/\/www.manheim-express.eu\/de\/#website\",\"url\":\"https:\/\/www.manheim-express.eu\/de\/\",\"name\":\"Manheim Express\",\"description\":\"\",\"publisher\":{\"@id\":\"https:\/\/www.manheim-express.eu\/de\/#organization\"},\"potentialAction\":[{\"@type\":\"SearchAction\",\"target\":{\"@type\":\"EntryPoint\",\"urlTemplate\":\"https:\/\/www.manheim-express.eu\/de\/?s={search_term_string}\"},\"query-input\":{\"@type\":\"PropertyValueSpecification\",\"valueRequired\":true,\"valueName\":\"search_term_string\"}}],\"inLanguage\":\"de\"},{\"@type\":\"Organization\",\"@id\":\"https:\/\/www.manheim-express.eu\/de\/#organization\",\"name\":\"Manheim Express\",\"url\":\"https:\/\/www.manheim-express.eu\/de\/\",\"logo\":{\"@type\":\"ImageObject\",\"inLanguage\":\"de\",\"@id\":\"https:\/\/www.manheim-express.eu\/de\/#\/schema\/logo\/image\/\",\"url\":\"https:\/\/www.manheim-express.eu\/wp-content\/uploads\/2021\/07\/manheim-express-logo-light.png\",\"contentUrl\":\"https:\/\/www.manheim-express.eu\/wp-content\/uploads\/2021\/07\/manheim-express-logo-light.png\",\"width\":1163,\"height\":392,\"caption\":\"Manheim Express\"},\"image\":{\"@id\":\"https:\/\/www.manheim-express.eu\/de\/#\/schema\/logo\/image\/\"},\"sameAs\":[\"https:\/\/www.facebook.com\/manheimexpresseurope\/\",\"https:\/\/www.instagram.com\/manheim.express\",\"https:\/\/www.linkedin.com\/company\/manheim-express\/\",\"https:\/\/www.youtube.com\/channel\/UCRKJajJPvJv-ao7Tk7qra5Q\/\"]}]}<\/script>\n<!-- \/ Yoast SEO plugin. -->","yoast_head_json":{"title":"Auto gew\u00e4hrleistungsfrei verkaufen - Manheim Express die neue Auktionsplattform f\u00fcr den KFZ Handel","description":"Mit Manheim Express handeln Sie im B2B-Bereich professionell und zu ausgezeichneten Konditionen.","robots":{"index":"index","follow":"follow","max-snippet":"max-snippet:-1","max-image-preview":"max-image-preview:large","max-video-preview":"max-video-preview:-1"},"canonical":"https:\/\/www.manheim-express.eu\/de\/glossar\/auto-gewaehrleistungsfrei-verkaufen-manheim-express\/","og_locale":"de_DE","og_type":"article","og_title":"Auto gew\u00e4hrleistungsfrei verkaufen - Manheim Express die neue Auktionsplattform f\u00fcr den KFZ Handel","og_description":"Mit Manheim Express handeln Sie im B2B-Bereich professionell und zu ausgezeichneten Konditionen.","og_url":"https:\/\/www.manheim-express.eu\/de\/glossar\/auto-gewaehrleistungsfrei-verkaufen-manheim-express\/","og_site_name":"Manheim Express","article_publisher":"https:\/\/www.facebook.com\/manheimexpresseurope\/","article_modified_time":"2024-10-10T06:41:51+00:00","og_image":[{"url":"https:\/\/www.manheim-express.eu\/wp-content\/uploads\/2022\/11\/Manheim-Express-Estate-car.png","type":"","width":"","height":""}],"twitter_card":"summary_large_image","twitter_misc":{"Gesch\u00e4tzte Lesezeit":"3\u00a0Minuten"},"schema":{"@context":"https:\/\/schema.org","@graph":[{"@type":"WebPage","@id":"https:\/\/www.manheim-express.eu\/de\/glossar\/auto-gewaehrleistungsfrei-verkaufen-manheim-express\/","url":"https:\/\/www.manheim-express.eu\/de\/glossar\/auto-gewaehrleistungsfrei-verkaufen-manheim-express\/","name":"Auto gew\u00e4hrleistungsfrei verkaufen - Manheim Express die neue Auktionsplattform f\u00fcr den KFZ Handel","isPartOf":{"@id":"https:\/\/www.manheim-express.eu\/de\/#website"},"primaryImageOfPage":{"@id":"https:\/\/www.manheim-express.eu\/de\/glossar\/auto-gewaehrleistungsfrei-verkaufen-manheim-express\/#primaryimage"},"image":{"@id":"https:\/\/www.manheim-express.eu\/de\/glossar\/auto-gewaehrleistungsfrei-verkaufen-manheim-express\/#primaryimage"},"thumbnailUrl":"https:\/\/www.manheim-express.eu\/wp-content\/uploads\/2022\/11\/Manheim-Express-Estate-car.png","datePublished":"2024-01-15T14:40:37+00:00","dateModified":"2024-10-10T06:41:51+00:00","description":"Mit Manheim Express handeln Sie im B2B-Bereich professionell und zu ausgezeichneten Konditionen.","breadcrumb":{"@id":"https:\/\/www.manheim-express.eu\/de\/glossar\/auto-gewaehrleistungsfrei-verkaufen-manheim-express\/#breadcrumb"},"inLanguage":"de","potentialAction":[{"@type":"ReadAction","target":["https:\/\/www.manheim-express.eu\/de\/glossar\/auto-gewaehrleistungsfrei-verkaufen-manheim-express\/"]}]},{"@type":"ImageObject","inLanguage":"de","@id":"https:\/\/www.manheim-express.eu\/de\/glossar\/auto-gewaehrleistungsfrei-verkaufen-manheim-express\/#primaryimage","url":"https:\/\/www.manheim-express.eu\/wp-content\/uploads\/2022\/11\/Manheim-Express-Estate-car.png","contentUrl":"https:\/\/www.manheim-express.eu\/wp-content\/uploads\/2022\/11\/Manheim-Express-Estate-car.png"},{"@type":"BreadcrumbList","@id":"https:\/\/www.manheim-express.eu\/de\/glossar\/auto-gewaehrleistungsfrei-verkaufen-manheim-express\/#breadcrumb","itemListElement":[{"@type":"ListItem","position":1,"name":"Home","item":"https:\/\/www.manheim-express.eu\/de\/"},{"@type":"ListItem","position":2,"name":"Glossar","item":"https:\/\/www.manheim-express.eu\/de\/glossar\/"},{"@type":"ListItem","position":3,"name":"Auto gew\u00e4hrleistungsfrei verkaufen"}]},{"@type":"WebSite","@id":"https:\/\/www.manheim-express.eu\/de\/#website","url":"https:\/\/www.manheim-express.eu\/de\/","name":"Manheim Express","description":"","publisher":{"@id":"https:\/\/www.manheim-express.eu\/de\/#organization"},"potentialAction":[{"@type":"SearchAction","target":{"@type":"EntryPoint","urlTemplate":"https:\/\/www.manheim-express.eu\/de\/?s={search_term_string}"},"query-input":{"@type":"PropertyValueSpecification","valueRequired":true,"valueName":"search_term_string"}}],"inLanguage":"de"},{"@type":"Organization","@id":"https:\/\/www.manheim-express.eu\/de\/#organization","name":"Manheim Express","url":"https:\/\/www.manheim-express.eu\/de\/","logo":{"@type":"ImageObject","inLanguage":"de","@id":"https:\/\/www.manheim-express.eu\/de\/#\/schema\/logo\/image\/","url":"https:\/\/www.manheim-express.eu\/wp-content\/uploads\/2021\/07\/manheim-express-logo-light.png","contentUrl":"https:\/\/www.manheim-express.eu\/wp-content\/uploads\/2021\/07\/manheim-express-logo-light.png","width":1163,"height":392,"caption":"Manheim Express"},"image":{"@id":"https:\/\/www.manheim-express.eu\/de\/#\/schema\/logo\/image\/"},"sameAs":["https:\/\/www.facebook.com\/manheimexpresseurope\/","https:\/\/www.instagram.com\/manheim.express","https:\/\/www.linkedin.com\/company\/manheim-express\/","https:\/\/www.youtube.com\/channel\/UCRKJajJPvJv-ao7Tk7qra5Q\/"]}]}},"_links":{"self":[{"href":"https:\/\/www.manheim-express.eu\/de\/wp-json\/wp\/v2\/pages\/16208","targetHints":{"allow":["GET"]}}],"collection":[{"href":"https:\/\/www.manheim-express.eu\/de\/wp-json\/wp\/v2\/pages"}],"about":[{"href":"https:\/\/www.manheim-express.eu\/de\/wp-json\/wp\/v2\/types\/page"}],"author":[{"embeddable":true,"href":"https:\/\/www.manheim-express.eu\/de\/wp-json\/wp\/v2\/users\/7"}],"replies":[{"embeddable":true,"href":"https:\/\/www.manheim-express.eu\/de\/wp-json\/wp\/v2\/comments?post=16208"}],"version-history":[{"count":10,"href":"https:\/\/www.manheim-express.eu\/de\/wp-json\/wp\/v2\/pages\/16208\/revisions"}],"predecessor-version":[{"id":16218,"href":"https:\/\/www.manheim-express.eu\/de\/wp-json\/wp\/v2\/pages\/16208\/revisions\/16218"}],"up":[{"embeddable":true,"href":"https:\/\/www.manheim-express.eu\/de\/wp-json\/wp\/v2\/pages\/11571"}],"wp:attachment":[{"href":"https:\/\/www.manheim-express.eu\/de\/wp-json\/wp\/v2\/media?parent=16208"}],"wp:term":[{"taxonomy":"wf_page_folders","embeddable":true,"href":"https:\/\/www.manheim-express.eu\/de\/wp-json\/wp\/v2\/wf_page_folders?post=16208"}],"curies":[{"name":"wp","href":"https:\/\/api.w.org\/{rel}","templated":true}]}}