{"id":16197,"date":"2024-01-15T14:37:43","date_gmt":"2024-01-15T14:37:43","guid":{"rendered":"https:\/\/www.manheim-express.eu\/?page_id=16197"},"modified":"2024-01-15T14:37:45","modified_gmt":"2024-01-15T14:37:45","slug":"auto-gebraucht-verkaufen","status":"publish","type":"page","link":"https:\/\/www.manheim-express.eu\/de\/glossar\/auto-gebraucht-verkaufen\/","title":{"rendered":"Auto gebraucht verkaufen"},"content":{"rendered":"\t\t<div data-elementor-type=\"wp-page\" data-elementor-id=\"16197\" class=\"elementor elementor-16197\" data-elementor-post-type=\"page\">\n\t\t\t\t\t\t<section class=\"elementor-section elementor-top-section elementor-element elementor-element-5ad223c elementor-section-full_width elementor-section-stretched elementor-section-height-default elementor-section-height-default\" data-id=\"5ad223c\" data-element_type=\"section\" data-settings=\"{&quot;stretch_section&quot;:&quot;section-stretched&quot;}\">\n\t\t\t\t\t\t<div class=\"elementor-container elementor-column-gap-default\">\n\t\t\t\t\t<div class=\"elementor-column elementor-col-50 elementor-top-column elementor-element elementor-element-d3b519c\" data-id=\"d3b519c\" data-element_type=\"column\" data-settings=\"{&quot;background_background&quot;:&quot;classic&quot;}\">\n\t\t\t<div class=\"elementor-widget-wrap elementor-element-populated\">\n\t\t\t\t\t\t<div class=\"elementor-element elementor-element-036dc3a elementor-widget elementor-widget-text-editor\" data-id=\"036dc3a\" data-element_type=\"widget\" data-widget_type=\"text-editor.default\">\n\t\t\t\t<div class=\"elementor-widget-container\">\n\t\t\t\t\t\t\t\t\t<h2>Ihr Auto professionell gebraucht verkaufen<\/h2>\t\t\t\t\t\t\t\t<\/div>\n\t\t\t\t<\/div>\n\t\t\t\t<div class=\"elementor-element elementor-element-21c3353 elementor-widget elementor-widget-text-editor\" data-id=\"21c3353\" data-element_type=\"widget\" data-widget_type=\"text-editor.default\">\n\t\t\t\t<div class=\"elementor-widget-container\">\n\t\t\t\t\t\t\t\t\t<h3>Die Vorteile im B2B-Handel mit Manheim Express<\/h3>\t\t\t\t\t\t\t\t<\/div>\n\t\t\t\t<\/div>\n\t\t\t\t<div class=\"elementor-element elementor-element-c37119d elementor-widget elementor-widget-text-editor\" data-id=\"c37119d\" data-element_type=\"widget\" data-widget_type=\"text-editor.default\">\n\t\t\t\t<div class=\"elementor-widget-container\">\n\t\t\t\t\t\t\t\t\t<p>Es soll ja Fahrzeugbesitzer geben, die sich darauf freuen, ihr Fahrzeug gebraucht zu verkaufen. Die meisten anderen sind aber wahrscheinlich froh, wenn sie den Verkauf hinter sich gebracht haben. Bereits die Frage, \u00fcber welchen Weg man sein Auto gebraucht verkaufen soll, bereitet mitunter Kopfzerbrechen: Online, bei H\u00e4ndler vor Ort oder mit privaten Anzeigen? Und auch H\u00e4ndler stehen vor der Frage, ob sie ein gebrauchtes Auto an private Kunden verkaufen sollen oder besser ein B2B-Portal nutzen. Wie die Entscheidung jeweils ausf\u00e4llt, h\u00e4ngt nat\u00fcrlich auch von den Erfahrungen ab, die man mit Online-Portalen oder anderen Verkaufsformen bereits gemacht hat. pkwNOW hat sich auf die Anforderungen von H\u00e4ndlern im B2B-Bereich spezialisiert. Das bedeutet: jeder H\u00e4ndler, der ein Auto \u00fcber pkwNOW gebraucht verkaufen will, erh\u00e4lt gr\u00f6\u00dftm\u00f6glichen Handlungsspielraum und volle Entscheidungsfreiheit, um sein Auto \u00fcber das H\u00e4ndlernetzwerk professionell zu vermarkten.<\/p>\t\t\t\t\t\t\t\t<\/div>\n\t\t\t\t<\/div>\n\t\t\t\t<div class=\"elementor-element elementor-element-76774e4 elementor-widget elementor-widget-button\" data-id=\"76774e4\" data-element_type=\"widget\" data-widget_type=\"button.default\">\n\t\t\t\t<div class=\"elementor-widget-container\">\n\t\t\t\t\t\t\t\t\t<div class=\"elementor-button-wrapper\">\n\t\t\t\t\t<a class=\"elementor-button elementor-button-link elementor-size-lg\" href=\"#\">\n\t\t\t\t\t\t<span class=\"elementor-button-content-wrapper\">\n\t\t\t\t\t\t\t\t\t<span class=\"elementor-button-text\">Weiterlesen<\/span>\n\t\t\t\t\t<\/span>\n\t\t\t\t\t<\/a>\n\t\t\t\t<\/div>\n\t\t\t\t\t\t\t\t<\/div>\n\t\t\t\t<\/div>\n\t\t\t\t<div class=\"elementor-element elementor-element-93513c7 elementor-widget elementor-widget-image\" data-id=\"93513c7\" data-element_type=\"widget\" data-widget_type=\"image.default\">\n\t\t\t\t<div class=\"elementor-widget-container\">\n\t\t\t\t\t\t\t\t\t\t\t\t\t\t\t<img fetchpriority=\"high\" decoding=\"async\" width=\"800\" height=\"389\" src=\"https:\/\/www.manheim-express.eu\/wp-content\/uploads\/2022\/11\/Manheim-Express-Estate-car.png\" class=\"attachment-large size-large wp-image-14639\" alt=\"\" srcset=\"https:\/\/www.manheim-express.eu\/wp-content\/uploads\/2022\/11\/Manheim-Express-Estate-car.png 1024w, https:\/\/www.manheim-express.eu\/wp-content\/uploads\/2022\/11\/Manheim-Express-Estate-car-300x146.png 300w, https:\/\/www.manheim-express.eu\/wp-content\/uploads\/2022\/11\/Manheim-Express-Estate-car-768x374.png 768w\" sizes=\"(max-width: 800px) 100vw, 800px\" \/>\t\t\t\t\t\t\t\t\t\t\t\t\t\t\t<\/div>\n\t\t\t\t<\/div>\n\t\t\t\t\t<\/div>\n\t\t<\/div>\n\t\t\t\t<div class=\"elementor-column elementor-col-50 elementor-top-column elementor-element elementor-element-213236b\" data-id=\"213236b\" data-element_type=\"column\" data-settings=\"{&quot;background_background&quot;:&quot;classic&quot;}\">\n\t\t\t<div class=\"elementor-widget-wrap elementor-element-populated\">\n\t\t\t\t\t\t<div class=\"elementor-element elementor-element-e9c050a elementor-widget elementor-widget-text-editor\" data-id=\"e9c050a\" data-element_type=\"widget\" data-widget_type=\"text-editor.default\">\n\t\t\t\t<div class=\"elementor-widget-container\">\n\t\t\t\t\t\t\t\t\t<h2>Ein Auto gebraucht verkaufen \u2013 worauf es ankommt<\/h2>\t\t\t\t\t\t\t\t<\/div>\n\t\t\t\t<\/div>\n\t\t\t\t<div class=\"elementor-element elementor-element-8d896a4 elementor-widget elementor-widget-text-editor\" data-id=\"8d896a4\" data-element_type=\"widget\" data-widget_type=\"text-editor.default\">\n\t\t\t\t<div class=\"elementor-widget-container\">\n\t\t\t\t\t\t\t\t\t<p>Anders als bei vielen Gegenst\u00e4nden aus Privatbesitz, die nach Jahren der Benutzung kaum noch Wert besitzen, sieht die Sache bei einem gebrauchten Auto oft anders aus. Je nach Baujahr, Ausstattung und Modell kann das Auto, das man gebraucht verkaufen will, noch eine Menge Geld wert sein. Und irgendwann ist es f\u00fcr fast jeden Autobesitzer soweit und f\u00fcr H\u00e4ndler geh\u00f6rt es ganz einfach zum Tagesgesch\u00e4ft: ein gebrauchtes Auto soll \u2013 nat\u00fcrlich zu einem angemessenen Preis \u2013 weiterverkauft werden. Der Preis sollte nat\u00fcrlich stimmen, denn oft wird der (potenzielle) Wiederverkaufswert\u00a0 bei der Anschaffung eines Fahrzeuges miteinkalkuliert. Fest steht: Wer ein Auto gebraucht verkaufen will, muss \u2013 wie bei jeder gr\u00f6\u00dferen Verkaufsaktion \u2013 bestimmte Formalit\u00e4ten und Rechtsvorschriften beachten und sich damit auseinandersetzten, zu welchem Preis er sein Auto gebraucht verkaufen will \u2013 und kann. Denn gerade der Markt um Gebrauchtwagen ist umk\u00e4mpft und eine unrealistische Preisvorstellung kann es sehr m\u00fchsam, wenn nicht unm\u00f6glich machen, ein Auto gebraucht zu verkaufen. Interessant sind die unterschiedlichen Meinungen und Herangehensweisen an das Thema. F\u00fcr den einen ist ein Auto gebraucht zu verkaufen eine l\u00e4stige Pflicht und die Auseinandersetzung mit potenziellen K\u00e4ufern ein Graus, der andere freut sich geradezu darauf, Fotos vom Fahrzeug zu machen, in Verkaufsverhandlungen einzusteigen und Probefahrten zu vereinbaren. Mit wieder anderem Blick schauen die H\u00e4ndler auf den Markt und den Verkaufsprozess: Hier muss h\u00e4ufig entsprechend der Marktlage und Nachfrage kurzfristig \u00fcber die optimale Verkaufsform und Strategie entschieden werden.<\/p>\t\t\t\t\t\t\t\t<\/div>\n\t\t\t\t<\/div>\n\t\t\t\t<div class=\"elementor-element elementor-element-b3d2cf9 elementor-widget elementor-widget-text-editor\" data-id=\"b3d2cf9\" data-element_type=\"widget\" data-widget_type=\"text-editor.default\">\n\t\t\t\t<div class=\"elementor-widget-container\">\n\t\t\t\t\t\t\t\t\t<h2 class=\"text-center\">Ein Auto erfolgreich gebraucht verkaufen<\/h2>\t\t\t\t\t\t\t\t<\/div>\n\t\t\t\t<\/div>\n\t\t\t\t<div class=\"elementor-element elementor-element-76f2c0f elementor-widget elementor-widget-text-editor\" data-id=\"76f2c0f\" data-element_type=\"widget\" data-widget_type=\"text-editor.default\">\n\t\t\t\t<div class=\"elementor-widget-container\">\n\t\t\t\t\t\t\t\t\t<p>So unterschiedlich wie die Einstellungen zum Gebrauchtwagenverkauf, sind auch die Strategien, wenn es darum geht, ein Auto gebraucht zu verkaufen. W\u00e4hrend der eine auf unmittelbarem Weg zum H\u00e4ndler f\u00e4hrt, um sich dort ein Angebot machen zu lassen, machen sich andere auf privatem Weg daran, ihr Auto zu verkaufen. H\u00e4ndler, die mit gebrauchten Autos handeln, stehen oft ebenfalls vor der Entscheidung, ob sie das Auto \u00fcber das Gesch\u00e4ft vor Ort verkaufen, oder den Weg \u00fcber ein Online-Portal nehmen sollen. Hinzu kommt, dass f\u00fcr H\u00e4ndler ein rechtlicher Unterschied besteht, ob sie das Auto an eine Privatperson gebraucht verkaufen oder im B2B-Gesch\u00e4ft an einen anderen H\u00e4ndler. Im B2B-Bereich besteht die M\u00f6glichkeit, die Gew\u00e4hrleistung auszuschlie\u00dfen, w\u00e4hrend dies beim Verkauf an Privatpersonen nicht m\u00f6glich ist. Aus gut nachvollziehbaren Gr\u00fcnden entscheiden sich daher immer mehr H\u00e4ndler f\u00fcr den Weg \u00fcber B2B-Online-Plattformen. Im H\u00e4ndlernetzwerk von pkwNOW lassen sich Fahrzeuge deutlich schneller und mit geringerem Aufwand verkaufen, als im traditionellen Handel vor Ort. Und dies betrifft l\u00e4ngst nicht nur Fahrzeuge, die im Handel vor Ort schlecht verk\u00e4uflich sind, und zu Langstehern werden k\u00f6nnten. Private Verk\u00e4ufer haben wiederum die M\u00f6glichkeit mit pkwNXT das gesamte H\u00e4ndlernetzwerk von pkwNOW zu nutzen und dort von Profis ihr Auto gebraucht verkaufen zu lassen.<\/p>\t\t\t\t\t\t\t\t<\/div>\n\t\t\t\t<\/div>\n\t\t\t\t\t<\/div>\n\t\t<\/div>\n\t\t\t\t\t<\/div>\n\t\t<\/section>\n\t\t\t\t<\/div>\n\t\t","protected":false},"excerpt":{"rendered":"<p>Ihr Auto professionell gebraucht verkaufen Die Vorteile im B2B-Handel mit Manheim Express Es soll ja Fahrzeugbesitzer geben, die sich darauf freuen, ihr Fahrzeug gebraucht zu verkaufen. Die meisten anderen sind aber wahrscheinlich froh, wenn sie den Verkauf hinter sich gebracht haben. Bereits die Frage, \u00fcber welchen Weg man sein Auto gebraucht verkaufen soll, bereitet mitunter [&hellip;]<\/p>\n","protected":false},"author":7,"featured_media":0,"parent":11571,"menu_order":0,"comment_status":"closed","ping_status":"closed","template":"","meta":{"_acf_changed":false,"footnotes":""},"wf_page_folders":[156],"class_list":["post-16197","page","type-page","status-publish","hentry"],"acf":[],"yoast_head":"<!-- This site is optimized with the Yoast SEO plugin v25.8 - https:\/\/yoast.com\/wordpress\/plugins\/seo\/ -->\n<title>Auto gebraucht verkaufen - Manheim Express die neue Auktionsplattform f\u00fcr den KFZ Handel<\/title>\n<meta name=\"description\" content=\"Je nach Baujahr, Ausstattung und Modell kann das Auto, das man gebraucht verkaufen will, noch eine Menge Geld wert sein.\" \/>\n<meta name=\"robots\" content=\"index, follow, max-snippet:-1, max-image-preview:large, max-video-preview:-1\" \/>\n<link rel=\"canonical\" href=\"https:\/\/www.manheim-express.eu\/de\/glossar\/auto-gebraucht-verkaufen\/\" \/>\n<meta property=\"og:locale\" content=\"de_DE\" \/>\n<meta property=\"og:type\" content=\"article\" \/>\n<meta property=\"og:title\" content=\"Auto gebraucht verkaufen - Manheim Express die neue Auktionsplattform f\u00fcr den KFZ Handel\" \/>\n<meta property=\"og:description\" content=\"Je nach Baujahr, Ausstattung und Modell kann das Auto, das man gebraucht verkaufen will, noch eine Menge Geld wert sein.\" \/>\n<meta property=\"og:url\" content=\"https:\/\/www.manheim-express.eu\/de\/glossar\/auto-gebraucht-verkaufen\/\" \/>\n<meta property=\"og:site_name\" content=\"Manheim Express\" \/>\n<meta property=\"article:publisher\" content=\"https:\/\/www.facebook.com\/manheimexpresseurope\/\" \/>\n<meta property=\"article:modified_time\" content=\"2024-01-15T14:37:45+00:00\" \/>\n<meta property=\"og:image\" content=\"https:\/\/www.manheim-express.eu\/wp-content\/uploads\/2022\/11\/Manheim-Express-Estate-car.png\" \/>\n<meta name=\"twitter:card\" content=\"summary_large_image\" \/>\n<meta name=\"twitter:label1\" content=\"Gesch\u00e4tzte Lesezeit\" \/>\n\t<meta name=\"twitter:data1\" content=\"3\u00a0Minuten\" \/>\n<script type=\"application\/ld+json\" class=\"yoast-schema-graph\">{\"@context\":\"https:\/\/schema.org\",\"@graph\":[{\"@type\":\"WebPage\",\"@id\":\"https:\/\/www.manheim-express.eu\/de\/glossar\/auto-gebraucht-verkaufen\/\",\"url\":\"https:\/\/www.manheim-express.eu\/de\/glossar\/auto-gebraucht-verkaufen\/\",\"name\":\"Auto gebraucht verkaufen - Manheim Express die neue Auktionsplattform f\u00fcr den KFZ Handel\",\"isPartOf\":{\"@id\":\"https:\/\/www.manheim-express.eu\/de\/#website\"},\"primaryImageOfPage\":{\"@id\":\"https:\/\/www.manheim-express.eu\/de\/glossar\/auto-gebraucht-verkaufen\/#primaryimage\"},\"image\":{\"@id\":\"https:\/\/www.manheim-express.eu\/de\/glossar\/auto-gebraucht-verkaufen\/#primaryimage\"},\"thumbnailUrl\":\"https:\/\/www.manheim-express.eu\/wp-content\/uploads\/2022\/11\/Manheim-Express-Estate-car.png\",\"datePublished\":\"2024-01-15T14:37:43+00:00\",\"dateModified\":\"2024-01-15T14:37:45+00:00\",\"description\":\"Je nach Baujahr, Ausstattung und Modell kann das Auto, das man gebraucht verkaufen will, noch eine Menge Geld wert sein.\",\"breadcrumb\":{\"@id\":\"https:\/\/www.manheim-express.eu\/de\/glossar\/auto-gebraucht-verkaufen\/#breadcrumb\"},\"inLanguage\":\"de\",\"potentialAction\":[{\"@type\":\"ReadAction\",\"target\":[\"https:\/\/www.manheim-express.eu\/de\/glossar\/auto-gebraucht-verkaufen\/\"]}]},{\"@type\":\"ImageObject\",\"inLanguage\":\"de\",\"@id\":\"https:\/\/www.manheim-express.eu\/de\/glossar\/auto-gebraucht-verkaufen\/#primaryimage\",\"url\":\"https:\/\/www.manheim-express.eu\/wp-content\/uploads\/2022\/11\/Manheim-Express-Estate-car.png\",\"contentUrl\":\"https:\/\/www.manheim-express.eu\/wp-content\/uploads\/2022\/11\/Manheim-Express-Estate-car.png\"},{\"@type\":\"BreadcrumbList\",\"@id\":\"https:\/\/www.manheim-express.eu\/de\/glossar\/auto-gebraucht-verkaufen\/#breadcrumb\",\"itemListElement\":[{\"@type\":\"ListItem\",\"position\":1,\"name\":\"Home\",\"item\":\"https:\/\/www.manheim-express.eu\/de\/\"},{\"@type\":\"ListItem\",\"position\":2,\"name\":\"Glossar\",\"item\":\"https:\/\/www.manheim-express.eu\/de\/glossar\/\"},{\"@type\":\"ListItem\",\"position\":3,\"name\":\"Auto gebraucht verkaufen\"}]},{\"@type\":\"WebSite\",\"@id\":\"https:\/\/www.manheim-express.eu\/de\/#website\",\"url\":\"https:\/\/www.manheim-express.eu\/de\/\",\"name\":\"Manheim Express\",\"description\":\"\",\"publisher\":{\"@id\":\"https:\/\/www.manheim-express.eu\/de\/#organization\"},\"potentialAction\":[{\"@type\":\"SearchAction\",\"target\":{\"@type\":\"EntryPoint\",\"urlTemplate\":\"https:\/\/www.manheim-express.eu\/de\/?s={search_term_string}\"},\"query-input\":{\"@type\":\"PropertyValueSpecification\",\"valueRequired\":true,\"valueName\":\"search_term_string\"}}],\"inLanguage\":\"de\"},{\"@type\":\"Organization\",\"@id\":\"https:\/\/www.manheim-express.eu\/de\/#organization\",\"name\":\"Manheim Express\",\"url\":\"https:\/\/www.manheim-express.eu\/de\/\",\"logo\":{\"@type\":\"ImageObject\",\"inLanguage\":\"de\",\"@id\":\"https:\/\/www.manheim-express.eu\/de\/#\/schema\/logo\/image\/\",\"url\":\"https:\/\/www.manheim-express.eu\/wp-content\/uploads\/2021\/07\/manheim-express-logo-light.png\",\"contentUrl\":\"https:\/\/www.manheim-express.eu\/wp-content\/uploads\/2021\/07\/manheim-express-logo-light.png\",\"width\":1163,\"height\":392,\"caption\":\"Manheim Express\"},\"image\":{\"@id\":\"https:\/\/www.manheim-express.eu\/de\/#\/schema\/logo\/image\/\"},\"sameAs\":[\"https:\/\/www.facebook.com\/manheimexpresseurope\/\",\"https:\/\/www.instagram.com\/manheim.express\",\"https:\/\/www.linkedin.com\/company\/manheim-express\/\",\"https:\/\/www.youtube.com\/channel\/UCRKJajJPvJv-ao7Tk7qra5Q\/\"]}]}<\/script>\n<!-- \/ Yoast SEO plugin. -->","yoast_head_json":{"title":"Auto gebraucht verkaufen - Manheim Express die neue Auktionsplattform f\u00fcr den KFZ Handel","description":"Je nach Baujahr, Ausstattung und Modell kann das Auto, das man gebraucht verkaufen will, noch eine Menge Geld wert sein.","robots":{"index":"index","follow":"follow","max-snippet":"max-snippet:-1","max-image-preview":"max-image-preview:large","max-video-preview":"max-video-preview:-1"},"canonical":"https:\/\/www.manheim-express.eu\/de\/glossar\/auto-gebraucht-verkaufen\/","og_locale":"de_DE","og_type":"article","og_title":"Auto gebraucht verkaufen - Manheim Express die neue Auktionsplattform f\u00fcr den KFZ Handel","og_description":"Je nach Baujahr, Ausstattung und Modell kann das Auto, das man gebraucht verkaufen will, noch eine Menge Geld wert sein.","og_url":"https:\/\/www.manheim-express.eu\/de\/glossar\/auto-gebraucht-verkaufen\/","og_site_name":"Manheim Express","article_publisher":"https:\/\/www.facebook.com\/manheimexpresseurope\/","article_modified_time":"2024-01-15T14:37:45+00:00","og_image":[{"url":"https:\/\/www.manheim-express.eu\/wp-content\/uploads\/2022\/11\/Manheim-Express-Estate-car.png","type":"","width":"","height":""}],"twitter_card":"summary_large_image","twitter_misc":{"Gesch\u00e4tzte Lesezeit":"3\u00a0Minuten"},"schema":{"@context":"https:\/\/schema.org","@graph":[{"@type":"WebPage","@id":"https:\/\/www.manheim-express.eu\/de\/glossar\/auto-gebraucht-verkaufen\/","url":"https:\/\/www.manheim-express.eu\/de\/glossar\/auto-gebraucht-verkaufen\/","name":"Auto gebraucht verkaufen - Manheim Express die neue Auktionsplattform f\u00fcr den KFZ Handel","isPartOf":{"@id":"https:\/\/www.manheim-express.eu\/de\/#website"},"primaryImageOfPage":{"@id":"https:\/\/www.manheim-express.eu\/de\/glossar\/auto-gebraucht-verkaufen\/#primaryimage"},"image":{"@id":"https:\/\/www.manheim-express.eu\/de\/glossar\/auto-gebraucht-verkaufen\/#primaryimage"},"thumbnailUrl":"https:\/\/www.manheim-express.eu\/wp-content\/uploads\/2022\/11\/Manheim-Express-Estate-car.png","datePublished":"2024-01-15T14:37:43+00:00","dateModified":"2024-01-15T14:37:45+00:00","description":"Je nach Baujahr, Ausstattung und Modell kann das Auto, das man gebraucht verkaufen will, noch eine Menge Geld wert sein.","breadcrumb":{"@id":"https:\/\/www.manheim-express.eu\/de\/glossar\/auto-gebraucht-verkaufen\/#breadcrumb"},"inLanguage":"de","potentialAction":[{"@type":"ReadAction","target":["https:\/\/www.manheim-express.eu\/de\/glossar\/auto-gebraucht-verkaufen\/"]}]},{"@type":"ImageObject","inLanguage":"de","@id":"https:\/\/www.manheim-express.eu\/de\/glossar\/auto-gebraucht-verkaufen\/#primaryimage","url":"https:\/\/www.manheim-express.eu\/wp-content\/uploads\/2022\/11\/Manheim-Express-Estate-car.png","contentUrl":"https:\/\/www.manheim-express.eu\/wp-content\/uploads\/2022\/11\/Manheim-Express-Estate-car.png"},{"@type":"BreadcrumbList","@id":"https:\/\/www.manheim-express.eu\/de\/glossar\/auto-gebraucht-verkaufen\/#breadcrumb","itemListElement":[{"@type":"ListItem","position":1,"name":"Home","item":"https:\/\/www.manheim-express.eu\/de\/"},{"@type":"ListItem","position":2,"name":"Glossar","item":"https:\/\/www.manheim-express.eu\/de\/glossar\/"},{"@type":"ListItem","position":3,"name":"Auto gebraucht verkaufen"}]},{"@type":"WebSite","@id":"https:\/\/www.manheim-express.eu\/de\/#website","url":"https:\/\/www.manheim-express.eu\/de\/","name":"Manheim Express","description":"","publisher":{"@id":"https:\/\/www.manheim-express.eu\/de\/#organization"},"potentialAction":[{"@type":"SearchAction","target":{"@type":"EntryPoint","urlTemplate":"https:\/\/www.manheim-express.eu\/de\/?s={search_term_string}"},"query-input":{"@type":"PropertyValueSpecification","valueRequired":true,"valueName":"search_term_string"}}],"inLanguage":"de"},{"@type":"Organization","@id":"https:\/\/www.manheim-express.eu\/de\/#organization","name":"Manheim Express","url":"https:\/\/www.manheim-express.eu\/de\/","logo":{"@type":"ImageObject","inLanguage":"de","@id":"https:\/\/www.manheim-express.eu\/de\/#\/schema\/logo\/image\/","url":"https:\/\/www.manheim-express.eu\/wp-content\/uploads\/2021\/07\/manheim-express-logo-light.png","contentUrl":"https:\/\/www.manheim-express.eu\/wp-content\/uploads\/2021\/07\/manheim-express-logo-light.png","width":1163,"height":392,"caption":"Manheim Express"},"image":{"@id":"https:\/\/www.manheim-express.eu\/de\/#\/schema\/logo\/image\/"},"sameAs":["https:\/\/www.facebook.com\/manheimexpresseurope\/","https:\/\/www.instagram.com\/manheim.express","https:\/\/www.linkedin.com\/company\/manheim-express\/","https:\/\/www.youtube.com\/channel\/UCRKJajJPvJv-ao7Tk7qra5Q\/"]}]}},"_links":{"self":[{"href":"https:\/\/www.manheim-express.eu\/de\/wp-json\/wp\/v2\/pages\/16197","targetHints":{"allow":["GET"]}}],"collection":[{"href":"https:\/\/www.manheim-express.eu\/de\/wp-json\/wp\/v2\/pages"}],"about":[{"href":"https:\/\/www.manheim-express.eu\/de\/wp-json\/wp\/v2\/types\/page"}],"author":[{"embeddable":true,"href":"https:\/\/www.manheim-express.eu\/de\/wp-json\/wp\/v2\/users\/7"}],"replies":[{"embeddable":true,"href":"https:\/\/www.manheim-express.eu\/de\/wp-json\/wp\/v2\/comments?post=16197"}],"version-history":[{"count":10,"href":"https:\/\/www.manheim-express.eu\/de\/wp-json\/wp\/v2\/pages\/16197\/revisions"}],"predecessor-version":[{"id":16207,"href":"https:\/\/www.manheim-express.eu\/de\/wp-json\/wp\/v2\/pages\/16197\/revisions\/16207"}],"up":[{"embeddable":true,"href":"https:\/\/www.manheim-express.eu\/de\/wp-json\/wp\/v2\/pages\/11571"}],"wp:attachment":[{"href":"https:\/\/www.manheim-express.eu\/de\/wp-json\/wp\/v2\/media?parent=16197"}],"wp:term":[{"taxonomy":"wf_page_folders","embeddable":true,"href":"https:\/\/www.manheim-express.eu\/de\/wp-json\/wp\/v2\/wf_page_folders?post=16197"}],"curies":[{"name":"wp","href":"https:\/\/api.w.org\/{rel}","templated":true}]}}