{"id":16186,"date":"2024-01-15T14:00:06","date_gmt":"2024-01-15T14:00:06","guid":{"rendered":"https:\/\/www.manheim-express.eu\/?page_id=16186"},"modified":"2024-01-15T14:00:07","modified_gmt":"2024-01-15T14:00:07","slug":"autoboersen-fuer-haendler","status":"publish","type":"page","link":"https:\/\/www.manheim-express.eu\/de\/glossar\/autoboersen-fuer-haendler\/","title":{"rendered":"Autob\u00f6rsen f\u00fcr H\u00e4ndler"},"content":{"rendered":"\t\t<div data-elementor-type=\"wp-page\" data-elementor-id=\"16186\" class=\"elementor elementor-16186\" data-elementor-post-type=\"page\">\n\t\t\t\t\t\t<section class=\"elementor-section elementor-top-section elementor-element elementor-element-5ad223c elementor-section-full_width elementor-section-stretched elementor-section-height-default elementor-section-height-default\" data-id=\"5ad223c\" data-element_type=\"section\" data-settings=\"{&quot;stretch_section&quot;:&quot;section-stretched&quot;}\">\n\t\t\t\t\t\t<div class=\"elementor-container elementor-column-gap-default\">\n\t\t\t\t\t<div class=\"elementor-column elementor-col-50 elementor-top-column elementor-element elementor-element-d3b519c\" data-id=\"d3b519c\" data-element_type=\"column\" data-settings=\"{&quot;background_background&quot;:&quot;classic&quot;}\">\n\t\t\t<div class=\"elementor-widget-wrap elementor-element-populated\">\n\t\t\t\t\t\t<div class=\"elementor-element elementor-element-036dc3a elementor-widget elementor-widget-text-editor\" data-id=\"036dc3a\" data-element_type=\"widget\" data-widget_type=\"text-editor.default\">\n\t\t\t\t<div class=\"elementor-widget-container\">\n\t\t\t\t\t\t\t\t\t<h2>Sie sind auf der Suche nach einer professionellen und zeitgem\u00e4\u00dfen Autob\u00f6rse f\u00fcr H\u00e4ndler?<\/h2>\t\t\t\t\t\t\t\t<\/div>\n\t\t\t\t<\/div>\n\t\t\t\t<div class=\"elementor-element elementor-element-21c3353 elementor-widget elementor-widget-text-editor\" data-id=\"21c3353\" data-element_type=\"widget\" data-widget_type=\"text-editor.default\">\n\t\t\t\t<div class=\"elementor-widget-container\">\n\t\t\t\t\t\t\t\t\t<h3>Mit Manheim Express traden Sie mit Profis und profitieren von einem unschlagbaren Service!<\/h3>\t\t\t\t\t\t\t\t<\/div>\n\t\t\t\t<\/div>\n\t\t\t\t<div class=\"elementor-element elementor-element-c37119d elementor-widget elementor-widget-text-editor\" data-id=\"c37119d\" data-element_type=\"widget\" data-widget_type=\"text-editor.default\">\n\t\t\t\t<div class=\"elementor-widget-container\">\n\t\t\t\t\t\t\t\t\t<p>Als Experten f\u00fcr gewerblichen Autohandel wissen wir, worauf es H\u00e4ndlern, Vertragsh\u00e4ndlern, Autoh\u00e4usern und anderen Gewerbetreibenden beim An- und Verkauf von gebrauchten Fahrzeugen ankommt. Manheim Express \u2013 die Autob\u00f6rse f\u00fcr H\u00e4ndler wurde unmittelbar aus der Praxis des gewerblichen Handels mit Fahrzeugen entwickelt. Die Plattform bietet alles, was H\u00e4ndlern und Auth\u00e4usern das Gesch\u00e4ft erleichtert und passt sich problemlos und flexibel an unterschiedliche Gesch\u00e4ftsmodelle an.<\/p>\t\t\t\t\t\t\t\t<\/div>\n\t\t\t\t<\/div>\n\t\t\t\t<div class=\"elementor-element elementor-element-76774e4 elementor-widget elementor-widget-button\" data-id=\"76774e4\" data-element_type=\"widget\" data-widget_type=\"button.default\">\n\t\t\t\t<div class=\"elementor-widget-container\">\n\t\t\t\t\t\t\t\t\t<div class=\"elementor-button-wrapper\">\n\t\t\t\t\t<a class=\"elementor-button elementor-button-link elementor-size-lg\" href=\"#\">\n\t\t\t\t\t\t<span class=\"elementor-button-content-wrapper\">\n\t\t\t\t\t\t\t\t\t<span class=\"elementor-button-text\">Weiterlesen<\/span>\n\t\t\t\t\t<\/span>\n\t\t\t\t\t<\/a>\n\t\t\t\t<\/div>\n\t\t\t\t\t\t\t\t<\/div>\n\t\t\t\t<\/div>\n\t\t\t\t<div class=\"elementor-element elementor-element-93513c7 elementor-widget elementor-widget-image\" data-id=\"93513c7\" data-element_type=\"widget\" data-widget_type=\"image.default\">\n\t\t\t\t<div class=\"elementor-widget-container\">\n\t\t\t\t\t\t\t\t\t\t\t\t\t\t\t<img fetchpriority=\"high\" decoding=\"async\" width=\"800\" height=\"389\" src=\"https:\/\/www.manheim-express.eu\/wp-content\/uploads\/2022\/11\/Manheim-Express-Estate-car.png\" class=\"attachment-large size-large wp-image-14639\" alt=\"\" srcset=\"https:\/\/www.manheim-express.eu\/wp-content\/uploads\/2022\/11\/Manheim-Express-Estate-car.png 1024w, https:\/\/www.manheim-express.eu\/wp-content\/uploads\/2022\/11\/Manheim-Express-Estate-car-300x146.png 300w, https:\/\/www.manheim-express.eu\/wp-content\/uploads\/2022\/11\/Manheim-Express-Estate-car-768x374.png 768w\" sizes=\"(max-width: 800px) 100vw, 800px\" \/>\t\t\t\t\t\t\t\t\t\t\t\t\t\t\t<\/div>\n\t\t\t\t<\/div>\n\t\t\t\t\t<\/div>\n\t\t<\/div>\n\t\t\t\t<div class=\"elementor-column elementor-col-50 elementor-top-column elementor-element elementor-element-213236b\" data-id=\"213236b\" data-element_type=\"column\" data-settings=\"{&quot;background_background&quot;:&quot;classic&quot;}\">\n\t\t\t<div class=\"elementor-widget-wrap elementor-element-populated\">\n\t\t\t\t\t\t<div class=\"elementor-element elementor-element-e9c050a elementor-widget elementor-widget-text-editor\" data-id=\"e9c050a\" data-element_type=\"widget\" data-widget_type=\"text-editor.default\">\n\t\t\t\t<div class=\"elementor-widget-container\">\n\t\t\t\t\t\t\t\t\t<h2>Die gewerbliche Nutzung einer Autob\u00f6rse<\/h2>\t\t\t\t\t\t\t\t<\/div>\n\t\t\t\t<\/div>\n\t\t\t\t<div class=\"elementor-element elementor-element-8d896a4 elementor-widget elementor-widget-text-editor\" data-id=\"8d896a4\" data-element_type=\"widget\" data-widget_type=\"text-editor.default\">\n\t\t\t\t<div class=\"elementor-widget-container\">\n\t\t\t\t\t\t\t\t\t<p>Die Zahlen sprechen f\u00fcr sich: Der deutsche Online-Handel hat seinen Umsatz von 1,3 Milliarden Euro im Jahr 2000 auf \u00fcber 50 Milliarden im Jahr 2018 erh\u00f6ht. In den letzten Jahren hat sich eine recht stabile Wachstumsrate von 5 Milliarden Euro pro Jahr etabliert; eine S\u00e4ttigungsgrenze des Online-Marktes ist nicht abzusehen. Neben den gro\u00dfen Segmenten wie Elektronik, Bekleidung, Freizeit- und B\u00fcroartikeln verlagern sich auch Branchen wie die PKW Versteigerung immer st\u00e4rker ins Internet. Denn auch beim Autokauf ist f\u00fcr immer mehr private und gewerbliche Autok\u00e4ufer und Verk\u00e4ufer eine Autob\u00f6rse f\u00fcr H\u00e4ndler die erste Anlaufstelle. Und dieser Trend, daran besteht kein Zweifel, wird sich nicht mehr umkehren, sondern im Gegenteil: der Online-Handel entwickelt sich deutlich dynamischer als der Offlinehandel und eine Verlagerung der Ums\u00e4tze ins Internet findet in nahezu allen Branchen statt.<\/p>\t\t\t\t\t\t\t\t<\/div>\n\t\t\t\t<\/div>\n\t\t\t\t<div class=\"elementor-element elementor-element-b3d2cf9 elementor-widget elementor-widget-text-editor\" data-id=\"b3d2cf9\" data-element_type=\"widget\" data-widget_type=\"text-editor.default\">\n\t\t\t\t<div class=\"elementor-widget-container\">\n\t\t\t\t\t\t\t\t\t<h2 class=\"text-center\">Autob\u00f6rsen f\u00fcr H\u00e4ndler \u2013 ein Wachstumsmarkt<\/h2>\t\t\t\t\t\t\t\t<\/div>\n\t\t\t\t<\/div>\n\t\t\t\t<div class=\"elementor-element elementor-element-76f2c0f elementor-widget elementor-widget-text-editor\" data-id=\"76f2c0f\" data-element_type=\"widget\" data-widget_type=\"text-editor.default\">\n\t\t\t\t<div class=\"elementor-widget-container\">\n\t\t\t\t\t\t\t\t\t<p>Von diesen Entwicklungen ist ganz klar auch die Sparte der Autob\u00f6rsen f\u00fcr H\u00e4ndler betroffen. Die Gr\u00fcnde f\u00fcr die Nutzung einer gewerblichen PKW Versteigerung sind offensichtlich: Der H\u00e4ndler profitiert von einer deutlichen Zeitersparnis, da langwierige Besichtigungen und Fahrten zu K\u00e4ufern oder H\u00e4ndlern wegfallen. Zudem erh\u00f6hen sich durch den Kauf und Verkauf auf einer PKW Versteigerung die Auswahl und der Kundenkreis deutlich. Neben diesen klaren Vorteilen der Autob\u00f6rse f\u00fcr H\u00e4ndler m\u00fcssen Online-K\u00e4ufer von Fahrzeugen zwangsl\u00e4ufig einige Einschr\u00e4nkungen in Kauf nehmen. Naturgem\u00e4\u00df sind die M\u00f6glichkeiten das Fahrzeug zu besichtigen und Probe zu fahren bei der PKW Versteigerung im Internet eingeschr\u00e4nkt. Nimmt man diese Einschr\u00e4nkungen in Kauf, l\u00e4sst sich mit einer gut aufgebauten und serviceorientierten PKW Versteigerung das H\u00e4ndlergesch\u00e4ft mit Gebrauchtwagen deutlich beleben.<\/p>\t\t\t\t\t\t\t\t<\/div>\n\t\t\t\t<\/div>\n\t\t\t\t<div class=\"elementor-element elementor-element-171c6db elementor-widget elementor-widget-text-editor\" data-id=\"171c6db\" data-element_type=\"widget\" data-widget_type=\"text-editor.default\">\n\t\t\t\t<div class=\"elementor-widget-container\">\n\t\t\t\t\t\t\t\t\t<h2>Wie Sie als H\u00e4ndler die richtige Autob\u00f6rse finden<\/h2>\t\t\t\t\t\t\t\t<\/div>\n\t\t\t\t<\/div>\n\t\t\t\t<div class=\"elementor-element elementor-element-ca51b1d elementor-widget elementor-widget-text-editor\" data-id=\"ca51b1d\" data-element_type=\"widget\" data-widget_type=\"text-editor.default\">\n\t\t\t\t<div class=\"elementor-widget-container\">\n\t\t\t\t\t\t\t\t\t<p>Gewerbetreibende, die bereits eine Autob\u00f6rse f\u00fcr H\u00e4ndler nutzen, wissen die Vorteile beim An- und Verkauf von Fahrzeugen zu sch\u00e4tzen. Gleichzeitig stellt sich immer die Frage, ob das jeweilige Portal sich dem eigenen Gesch\u00e4ftsmodell optimal anpassen l\u00e4sst. Ein Vergleich zwischen den einzelnen Autob\u00f6rsen f\u00fcr H\u00e4ndler kann sich lohnen und ein Wechsel sich merklich auf das Gesch\u00e4ft auswirken. Allerdings lassen sich keine pauschalen Empfehlungen abgeben, welche PKW Versteigerung die endg\u00fcltig richtige ist. Grunds\u00e4tzlich profitieren k\u00f6nnen H\u00e4ndler von g\u00fcnstigen K\u00e4ufergeb\u00fchren. Hier bestehen mitunter erhebliche Unterschiede zwischen den einzelnen Anbietern.<\/p>\t\t\t\t\t\t\t\t<\/div>\n\t\t\t\t<\/div>\n\t\t\t\t<div class=\"elementor-element elementor-element-3cf939d elementor-widget elementor-widget-text-editor\" data-id=\"3cf939d\" data-element_type=\"widget\" data-widget_type=\"text-editor.default\">\n\t\t\t\t<div class=\"elementor-widget-container\">\n\t\t\t\t\t\t\t\t\t<h2>Ein Vergleich von Preisen und Geb\u00fchren kann sich lohnen<\/h2>\t\t\t\t\t\t\t\t<\/div>\n\t\t\t\t<\/div>\n\t\t\t\t<div class=\"elementor-element elementor-element-45f6d89 elementor-widget elementor-widget-text-editor\" data-id=\"45f6d89\" data-element_type=\"widget\" data-widget_type=\"text-editor.default\">\n\t\t\t\t<div class=\"elementor-widget-container\">\n\t\t\t\t\t\t\t\t\t<p>H\u00e4ndler sind daher gut beraten, Preise und Geb\u00fchren zu vergleichen. Hier sollte insbesondere ber\u00fccksichtigt werden, welches Preissegment vorrangig bedient wird. Hochpreisige Fahrzeuge k\u00f6nnen bei einem prozentual gleichbleibenden Geb\u00fchrenanteil mitunter recht hohe Geb\u00fchren generieren. Manche Anbieter, wie Manheim Express, legen dagegen eine H\u00f6chstgrenze f\u00fcr die K\u00e4ufergeb\u00fchr fest \u2013 ein Vorteil f\u00fcr H\u00e4ndler, die einen hohen Umlauf an hochpreisigen Fahrzeugen haben. Ein weiterer zentraler Faktor ist der Service, den die PKW Versteigerung bietet. Einsteller und K\u00e4ufer sollten einerseits ein Maximum an M\u00f6glichkeiten und Flexibilit\u00e4t bei An- und Verkauf zur Verf\u00fcgung haben, gleichzeitig sollte die Plattform sich mit m\u00f6glichst geringem Zeitaufwand bedienen lassen. Der Nutzer einer Autob\u00f6rse f\u00fcr H\u00e4ndler sollte zudem immer die M\u00f6glichkeit haben, ganz nach Bedarf, Einstellarbeiten vom Anbieter \u00fcbernehmen zu lassen, da so in Sto\u00dfzeiten wertvolle Arbeitszeit gewonnen werden kann.<\/p>\t\t\t\t\t\t\t\t<\/div>\n\t\t\t\t<\/div>\n\t\t\t\t\t<\/div>\n\t\t<\/div>\n\t\t\t\t\t<\/div>\n\t\t<\/section>\n\t\t\t\t<\/div>\n\t\t","protected":false},"excerpt":{"rendered":"<p>Sie sind auf der Suche nach einer professionellen und zeitgem\u00e4\u00dfen Autob\u00f6rse f\u00fcr H\u00e4ndler? Mit Manheim Express traden Sie mit Profis und profitieren von einem unschlagbaren Service! Als Experten f\u00fcr gewerblichen Autohandel wissen wir, worauf es H\u00e4ndlern, Vertragsh\u00e4ndlern, Autoh\u00e4usern und anderen Gewerbetreibenden beim An- und Verkauf von gebrauchten Fahrzeugen ankommt. Manheim Express \u2013 die Autob\u00f6rse f\u00fcr [&hellip;]<\/p>\n","protected":false},"author":7,"featured_media":0,"parent":11571,"menu_order":0,"comment_status":"closed","ping_status":"closed","template":"","meta":{"_acf_changed":false,"footnotes":""},"wf_page_folders":[156],"class_list":["post-16186","page","type-page","status-publish","hentry"],"acf":[],"yoast_head":"<!-- This site is optimized with the Yoast SEO plugin v25.8 - https:\/\/yoast.com\/wordpress\/plugins\/seo\/ -->\n<title>Autob\u00f6rsen f\u00fcr H\u00e4ndler - Manheim Express die neue Auktionsplattform f\u00fcr den KFZ Handel<\/title>\n<meta name=\"description\" content=\"Manheim Express ist die Autob\u00f6rse f\u00fcr H\u00e4ndler. Einfach kostenlos Anmelden und professionell im riesigen Car-Pool von Manheim Express traden!\" \/>\n<meta name=\"robots\" content=\"index, follow, max-snippet:-1, max-image-preview:large, max-video-preview:-1\" \/>\n<link rel=\"canonical\" href=\"https:\/\/www.manheim-express.eu\/de\/glossar\/autoboersen-fuer-haendler\/\" \/>\n<meta property=\"og:locale\" content=\"de_DE\" \/>\n<meta property=\"og:type\" content=\"article\" \/>\n<meta property=\"og:title\" content=\"Autob\u00f6rsen f\u00fcr H\u00e4ndler - Manheim Express die neue Auktionsplattform f\u00fcr den KFZ Handel\" \/>\n<meta property=\"og:description\" content=\"Manheim Express ist die Autob\u00f6rse f\u00fcr H\u00e4ndler. Einfach kostenlos Anmelden und professionell im riesigen Car-Pool von Manheim Express traden!\" \/>\n<meta property=\"og:url\" content=\"https:\/\/www.manheim-express.eu\/de\/glossar\/autoboersen-fuer-haendler\/\" \/>\n<meta property=\"og:site_name\" content=\"Manheim Express\" \/>\n<meta property=\"article:publisher\" content=\"https:\/\/www.facebook.com\/manheimexpresseurope\/\" \/>\n<meta property=\"article:modified_time\" content=\"2024-01-15T14:00:07+00:00\" \/>\n<meta property=\"og:image\" content=\"https:\/\/www.manheim-express.eu\/wp-content\/uploads\/2022\/11\/Manheim-Express-Estate-car.png\" \/>\n<meta name=\"twitter:card\" content=\"summary_large_image\" \/>\n<meta name=\"twitter:label1\" content=\"Gesch\u00e4tzte Lesezeit\" \/>\n\t<meta name=\"twitter:data1\" content=\"3\u00a0Minuten\" \/>\n<script type=\"application\/ld+json\" class=\"yoast-schema-graph\">{\"@context\":\"https:\/\/schema.org\",\"@graph\":[{\"@type\":\"WebPage\",\"@id\":\"https:\/\/www.manheim-express.eu\/de\/glossar\/autoboersen-fuer-haendler\/\",\"url\":\"https:\/\/www.manheim-express.eu\/de\/glossar\/autoboersen-fuer-haendler\/\",\"name\":\"Autob\u00f6rsen f\u00fcr H\u00e4ndler - Manheim Express die neue Auktionsplattform f\u00fcr den KFZ Handel\",\"isPartOf\":{\"@id\":\"https:\/\/www.manheim-express.eu\/de\/#website\"},\"primaryImageOfPage\":{\"@id\":\"https:\/\/www.manheim-express.eu\/de\/glossar\/autoboersen-fuer-haendler\/#primaryimage\"},\"image\":{\"@id\":\"https:\/\/www.manheim-express.eu\/de\/glossar\/autoboersen-fuer-haendler\/#primaryimage\"},\"thumbnailUrl\":\"https:\/\/www.manheim-express.eu\/wp-content\/uploads\/2022\/11\/Manheim-Express-Estate-car.png\",\"datePublished\":\"2024-01-15T14:00:06+00:00\",\"dateModified\":\"2024-01-15T14:00:07+00:00\",\"description\":\"Manheim Express ist die Autob\u00f6rse f\u00fcr H\u00e4ndler. Einfach kostenlos Anmelden und professionell im riesigen Car-Pool von Manheim Express traden!\",\"breadcrumb\":{\"@id\":\"https:\/\/www.manheim-express.eu\/de\/glossar\/autoboersen-fuer-haendler\/#breadcrumb\"},\"inLanguage\":\"de\",\"potentialAction\":[{\"@type\":\"ReadAction\",\"target\":[\"https:\/\/www.manheim-express.eu\/de\/glossar\/autoboersen-fuer-haendler\/\"]}]},{\"@type\":\"ImageObject\",\"inLanguage\":\"de\",\"@id\":\"https:\/\/www.manheim-express.eu\/de\/glossar\/autoboersen-fuer-haendler\/#primaryimage\",\"url\":\"https:\/\/www.manheim-express.eu\/wp-content\/uploads\/2022\/11\/Manheim-Express-Estate-car.png\",\"contentUrl\":\"https:\/\/www.manheim-express.eu\/wp-content\/uploads\/2022\/11\/Manheim-Express-Estate-car.png\"},{\"@type\":\"BreadcrumbList\",\"@id\":\"https:\/\/www.manheim-express.eu\/de\/glossar\/autoboersen-fuer-haendler\/#breadcrumb\",\"itemListElement\":[{\"@type\":\"ListItem\",\"position\":1,\"name\":\"Home\",\"item\":\"https:\/\/www.manheim-express.eu\/de\/\"},{\"@type\":\"ListItem\",\"position\":2,\"name\":\"Glossar\",\"item\":\"https:\/\/www.manheim-express.eu\/de\/glossar\/\"},{\"@type\":\"ListItem\",\"position\":3,\"name\":\"Autob\u00f6rsen f\u00fcr H\u00e4ndler\"}]},{\"@type\":\"WebSite\",\"@id\":\"https:\/\/www.manheim-express.eu\/de\/#website\",\"url\":\"https:\/\/www.manheim-express.eu\/de\/\",\"name\":\"Manheim Express\",\"description\":\"\",\"publisher\":{\"@id\":\"https:\/\/www.manheim-express.eu\/de\/#organization\"},\"potentialAction\":[{\"@type\":\"SearchAction\",\"target\":{\"@type\":\"EntryPoint\",\"urlTemplate\":\"https:\/\/www.manheim-express.eu\/de\/?s={search_term_string}\"},\"query-input\":{\"@type\":\"PropertyValueSpecification\",\"valueRequired\":true,\"valueName\":\"search_term_string\"}}],\"inLanguage\":\"de\"},{\"@type\":\"Organization\",\"@id\":\"https:\/\/www.manheim-express.eu\/de\/#organization\",\"name\":\"Manheim Express\",\"url\":\"https:\/\/www.manheim-express.eu\/de\/\",\"logo\":{\"@type\":\"ImageObject\",\"inLanguage\":\"de\",\"@id\":\"https:\/\/www.manheim-express.eu\/de\/#\/schema\/logo\/image\/\",\"url\":\"https:\/\/www.manheim-express.eu\/wp-content\/uploads\/2021\/07\/manheim-express-logo-light.png\",\"contentUrl\":\"https:\/\/www.manheim-express.eu\/wp-content\/uploads\/2021\/07\/manheim-express-logo-light.png\",\"width\":1163,\"height\":392,\"caption\":\"Manheim Express\"},\"image\":{\"@id\":\"https:\/\/www.manheim-express.eu\/de\/#\/schema\/logo\/image\/\"},\"sameAs\":[\"https:\/\/www.facebook.com\/manheimexpresseurope\/\",\"https:\/\/www.instagram.com\/manheim.express\",\"https:\/\/www.linkedin.com\/company\/manheim-express\/\",\"https:\/\/www.youtube.com\/channel\/UCRKJajJPvJv-ao7Tk7qra5Q\/\"]}]}<\/script>\n<!-- \/ Yoast SEO plugin. -->","yoast_head_json":{"title":"Autob\u00f6rsen f\u00fcr H\u00e4ndler - Manheim Express die neue Auktionsplattform f\u00fcr den KFZ Handel","description":"Manheim Express ist die Autob\u00f6rse f\u00fcr H\u00e4ndler. Einfach kostenlos Anmelden und professionell im riesigen Car-Pool von Manheim Express traden!","robots":{"index":"index","follow":"follow","max-snippet":"max-snippet:-1","max-image-preview":"max-image-preview:large","max-video-preview":"max-video-preview:-1"},"canonical":"https:\/\/www.manheim-express.eu\/de\/glossar\/autoboersen-fuer-haendler\/","og_locale":"de_DE","og_type":"article","og_title":"Autob\u00f6rsen f\u00fcr H\u00e4ndler - Manheim Express die neue Auktionsplattform f\u00fcr den KFZ Handel","og_description":"Manheim Express ist die Autob\u00f6rse f\u00fcr H\u00e4ndler. Einfach kostenlos Anmelden und professionell im riesigen Car-Pool von Manheim Express traden!","og_url":"https:\/\/www.manheim-express.eu\/de\/glossar\/autoboersen-fuer-haendler\/","og_site_name":"Manheim Express","article_publisher":"https:\/\/www.facebook.com\/manheimexpresseurope\/","article_modified_time":"2024-01-15T14:00:07+00:00","og_image":[{"url":"https:\/\/www.manheim-express.eu\/wp-content\/uploads\/2022\/11\/Manheim-Express-Estate-car.png","type":"","width":"","height":""}],"twitter_card":"summary_large_image","twitter_misc":{"Gesch\u00e4tzte Lesezeit":"3\u00a0Minuten"},"schema":{"@context":"https:\/\/schema.org","@graph":[{"@type":"WebPage","@id":"https:\/\/www.manheim-express.eu\/de\/glossar\/autoboersen-fuer-haendler\/","url":"https:\/\/www.manheim-express.eu\/de\/glossar\/autoboersen-fuer-haendler\/","name":"Autob\u00f6rsen f\u00fcr H\u00e4ndler - Manheim Express die neue Auktionsplattform f\u00fcr den KFZ Handel","isPartOf":{"@id":"https:\/\/www.manheim-express.eu\/de\/#website"},"primaryImageOfPage":{"@id":"https:\/\/www.manheim-express.eu\/de\/glossar\/autoboersen-fuer-haendler\/#primaryimage"},"image":{"@id":"https:\/\/www.manheim-express.eu\/de\/glossar\/autoboersen-fuer-haendler\/#primaryimage"},"thumbnailUrl":"https:\/\/www.manheim-express.eu\/wp-content\/uploads\/2022\/11\/Manheim-Express-Estate-car.png","datePublished":"2024-01-15T14:00:06+00:00","dateModified":"2024-01-15T14:00:07+00:00","description":"Manheim Express ist die Autob\u00f6rse f\u00fcr H\u00e4ndler. Einfach kostenlos Anmelden und professionell im riesigen Car-Pool von Manheim Express traden!","breadcrumb":{"@id":"https:\/\/www.manheim-express.eu\/de\/glossar\/autoboersen-fuer-haendler\/#breadcrumb"},"inLanguage":"de","potentialAction":[{"@type":"ReadAction","target":["https:\/\/www.manheim-express.eu\/de\/glossar\/autoboersen-fuer-haendler\/"]}]},{"@type":"ImageObject","inLanguage":"de","@id":"https:\/\/www.manheim-express.eu\/de\/glossar\/autoboersen-fuer-haendler\/#primaryimage","url":"https:\/\/www.manheim-express.eu\/wp-content\/uploads\/2022\/11\/Manheim-Express-Estate-car.png","contentUrl":"https:\/\/www.manheim-express.eu\/wp-content\/uploads\/2022\/11\/Manheim-Express-Estate-car.png"},{"@type":"BreadcrumbList","@id":"https:\/\/www.manheim-express.eu\/de\/glossar\/autoboersen-fuer-haendler\/#breadcrumb","itemListElement":[{"@type":"ListItem","position":1,"name":"Home","item":"https:\/\/www.manheim-express.eu\/de\/"},{"@type":"ListItem","position":2,"name":"Glossar","item":"https:\/\/www.manheim-express.eu\/de\/glossar\/"},{"@type":"ListItem","position":3,"name":"Autob\u00f6rsen f\u00fcr H\u00e4ndler"}]},{"@type":"WebSite","@id":"https:\/\/www.manheim-express.eu\/de\/#website","url":"https:\/\/www.manheim-express.eu\/de\/","name":"Manheim Express","description":"","publisher":{"@id":"https:\/\/www.manheim-express.eu\/de\/#organization"},"potentialAction":[{"@type":"SearchAction","target":{"@type":"EntryPoint","urlTemplate":"https:\/\/www.manheim-express.eu\/de\/?s={search_term_string}"},"query-input":{"@type":"PropertyValueSpecification","valueRequired":true,"valueName":"search_term_string"}}],"inLanguage":"de"},{"@type":"Organization","@id":"https:\/\/www.manheim-express.eu\/de\/#organization","name":"Manheim Express","url":"https:\/\/www.manheim-express.eu\/de\/","logo":{"@type":"ImageObject","inLanguage":"de","@id":"https:\/\/www.manheim-express.eu\/de\/#\/schema\/logo\/image\/","url":"https:\/\/www.manheim-express.eu\/wp-content\/uploads\/2021\/07\/manheim-express-logo-light.png","contentUrl":"https:\/\/www.manheim-express.eu\/wp-content\/uploads\/2021\/07\/manheim-express-logo-light.png","width":1163,"height":392,"caption":"Manheim Express"},"image":{"@id":"https:\/\/www.manheim-express.eu\/de\/#\/schema\/logo\/image\/"},"sameAs":["https:\/\/www.facebook.com\/manheimexpresseurope\/","https:\/\/www.instagram.com\/manheim.express","https:\/\/www.linkedin.com\/company\/manheim-express\/","https:\/\/www.youtube.com\/channel\/UCRKJajJPvJv-ao7Tk7qra5Q\/"]}]}},"_links":{"self":[{"href":"https:\/\/www.manheim-express.eu\/de\/wp-json\/wp\/v2\/pages\/16186","targetHints":{"allow":["GET"]}}],"collection":[{"href":"https:\/\/www.manheim-express.eu\/de\/wp-json\/wp\/v2\/pages"}],"about":[{"href":"https:\/\/www.manheim-express.eu\/de\/wp-json\/wp\/v2\/types\/page"}],"author":[{"embeddable":true,"href":"https:\/\/www.manheim-express.eu\/de\/wp-json\/wp\/v2\/users\/7"}],"replies":[{"embeddable":true,"href":"https:\/\/www.manheim-express.eu\/de\/wp-json\/wp\/v2\/comments?post=16186"}],"version-history":[{"count":13,"href":"https:\/\/www.manheim-express.eu\/de\/wp-json\/wp\/v2\/pages\/16186\/revisions"}],"predecessor-version":[{"id":16750,"href":"https:\/\/www.manheim-express.eu\/de\/wp-json\/wp\/v2\/pages\/16186\/revisions\/16750"}],"up":[{"embeddable":true,"href":"https:\/\/www.manheim-express.eu\/de\/wp-json\/wp\/v2\/pages\/11571"}],"wp:attachment":[{"href":"https:\/\/www.manheim-express.eu\/de\/wp-json\/wp\/v2\/media?parent=16186"}],"wp:term":[{"taxonomy":"wf_page_folders","embeddable":true,"href":"https:\/\/www.manheim-express.eu\/de\/wp-json\/wp\/v2\/wf_page_folders?post=16186"}],"curies":[{"name":"wp","href":"https:\/\/api.w.org\/{rel}","templated":true}]}}