{"id":16164,"date":"2024-01-15T14:23:24","date_gmt":"2024-01-15T14:23:24","guid":{"rendered":"https:\/\/www.manheim-express.eu\/?page_id=16164"},"modified":"2024-01-15T14:23:25","modified_gmt":"2024-01-15T14:23:25","slug":"autobid","status":"publish","type":"page","link":"https:\/\/www.manheim-express.eu\/de\/glossar\/autobid\/","title":{"rendered":"Autobid"},"content":{"rendered":"\t\t<div data-elementor-type=\"wp-page\" data-elementor-id=\"16164\" class=\"elementor elementor-16164\" data-elementor-post-type=\"page\">\n\t\t\t\t\t\t<section class=\"elementor-section elementor-top-section elementor-element elementor-element-5ad223c elementor-section-full_width elementor-section-stretched elementor-section-height-default elementor-section-height-default\" data-id=\"5ad223c\" data-element_type=\"section\" data-settings=\"{&quot;stretch_section&quot;:&quot;section-stretched&quot;}\">\n\t\t\t\t\t\t<div class=\"elementor-container elementor-column-gap-default\">\n\t\t\t\t\t<div class=\"elementor-column elementor-col-50 elementor-top-column elementor-element elementor-element-d3b519c\" data-id=\"d3b519c\" data-element_type=\"column\" data-settings=\"{&quot;background_background&quot;:&quot;classic&quot;}\">\n\t\t\t<div class=\"elementor-widget-wrap elementor-element-populated\">\n\t\t\t\t\t\t<div class=\"elementor-element elementor-element-036dc3a elementor-widget elementor-widget-text-editor\" data-id=\"036dc3a\" data-element_type=\"widget\" data-widget_type=\"text-editor.default\">\n\t\t\t\t<div class=\"elementor-widget-container\">\n\t\t\t\t\t\t\t\t\t<h2>Sie suchen Informationen zur Marke Autobid?<\/h2>\t\t\t\t\t\t\t\t<\/div>\n\t\t\t\t<\/div>\n\t\t\t\t<div class=\"elementor-element elementor-element-21c3353 elementor-widget elementor-widget-text-editor\" data-id=\"21c3353\" data-element_type=\"widget\" data-widget_type=\"text-editor.default\">\n\t\t\t\t<div class=\"elementor-widget-container\">\n\t\t\t\t\t\t\t\t\t<h3>Mit Manheim Express sind Sie immer auf dem neuesten Stand!<\/h3>\t\t\t\t\t\t\t\t<\/div>\n\t\t\t\t<\/div>\n\t\t\t\t<div class=\"elementor-element elementor-element-c37119d elementor-widget elementor-widget-text-editor\" data-id=\"c37119d\" data-element_type=\"widget\" data-widget_type=\"text-editor.default\">\n\t\t\t\t<div class=\"elementor-widget-container\">\n\t\t\t\t\t\t\t\t\t<p>Wir, das Team von Manheim Express, haben es uns zur Aufgabe gemacht, unsere Kunden und alle interessierten Besucher unserer Seite mit zentralen Informationen rund um das Thema Cartrading zu versorgen. Bei der Gestaltung unsere Plattform haben wir uns nat\u00fcrlich \u00fcber alle Vor- und Nachteile anderer Plattformen ausf\u00fchrlich informiert.<\/p><p>Mir Manheim Express haben wir eine benutzerfreundliche, neue Handelsplattform f\u00fcr Gebrauchtwagen geschaffen, die Sie sich ansehen sollten.<\/p>\t\t\t\t\t\t\t\t<\/div>\n\t\t\t\t<\/div>\n\t\t\t\t<div class=\"elementor-element elementor-element-76774e4 elementor-widget elementor-widget-button\" data-id=\"76774e4\" data-element_type=\"widget\" data-widget_type=\"button.default\">\n\t\t\t\t<div class=\"elementor-widget-container\">\n\t\t\t\t\t\t\t\t\t<div class=\"elementor-button-wrapper\">\n\t\t\t\t\t<a class=\"elementor-button elementor-button-link elementor-size-lg\" href=\"#\">\n\t\t\t\t\t\t<span class=\"elementor-button-content-wrapper\">\n\t\t\t\t\t\t\t\t\t<span class=\"elementor-button-text\">Weiterlesen<\/span>\n\t\t\t\t\t<\/span>\n\t\t\t\t\t<\/a>\n\t\t\t\t<\/div>\n\t\t\t\t\t\t\t\t<\/div>\n\t\t\t\t<\/div>\n\t\t\t\t<div class=\"elementor-element elementor-element-93513c7 elementor-widget elementor-widget-image\" data-id=\"93513c7\" data-element_type=\"widget\" data-widget_type=\"image.default\">\n\t\t\t\t<div class=\"elementor-widget-container\">\n\t\t\t\t\t\t\t\t\t\t\t\t\t\t\t<img fetchpriority=\"high\" decoding=\"async\" width=\"800\" height=\"389\" src=\"https:\/\/www.manheim-express.eu\/wp-content\/uploads\/2022\/11\/Manheim-Express-Estate-car.png\" class=\"attachment-large size-large wp-image-14639\" alt=\"\" srcset=\"https:\/\/www.manheim-express.eu\/wp-content\/uploads\/2022\/11\/Manheim-Express-Estate-car.png 1024w, https:\/\/www.manheim-express.eu\/wp-content\/uploads\/2022\/11\/Manheim-Express-Estate-car-300x146.png 300w, https:\/\/www.manheim-express.eu\/wp-content\/uploads\/2022\/11\/Manheim-Express-Estate-car-768x374.png 768w\" sizes=\"(max-width: 800px) 100vw, 800px\" \/>\t\t\t\t\t\t\t\t\t\t\t\t\t\t\t<\/div>\n\t\t\t\t<\/div>\n\t\t\t\t\t<\/div>\n\t\t<\/div>\n\t\t\t\t<div class=\"elementor-column elementor-col-50 elementor-top-column elementor-element elementor-element-213236b\" data-id=\"213236b\" data-element_type=\"column\" data-settings=\"{&quot;background_background&quot;:&quot;classic&quot;}\">\n\t\t\t<div class=\"elementor-widget-wrap elementor-element-populated\">\n\t\t\t\t\t\t<div class=\"elementor-element elementor-element-e9c050a elementor-widget elementor-widget-text-editor\" data-id=\"e9c050a\" data-element_type=\"widget\" data-widget_type=\"text-editor.default\">\n\t\t\t\t<div class=\"elementor-widget-container\">\n\t\t\t\t\t\t\t\t\t<h2>Autobid \u2013 Allgemeine Informationen<\/h2>\t\t\t\t\t\t\t\t<\/div>\n\t\t\t\t<\/div>\n\t\t\t\t<div class=\"elementor-element elementor-element-8d896a4 elementor-widget elementor-widget-text-editor\" data-id=\"8d896a4\" data-element_type=\"widget\" data-widget_type=\"text-editor.default\">\n\t\t\t\t<div class=\"elementor-widget-container\">\n\t\t\t\t\t\t\t\t\t<p>Autobid ist eine Marke der 1988 gegr\u00fcndeten Auktion &amp; Markt AG. Das Unternehmen versteigert Gebrauchtwagen an H\u00e4ndler. Autobid betreibt acht Auktionszentren in Deutschland sowie seit 2003 eine Plattform f\u00fcr Online-Auktionen. Die Auktionszentren von Autobid befinden sich in Berlin-Brandenburg, Braunschweig, Frankfurt-S\u00fcd, Hamburg, Leipzig, M\u00fcnchen, Rhein-Ruhr und Stuttgart. Der Markenschwerpunkt von Autobid liegt bei den Marken: Audi, BMW, Volkswagen und Mercedes-Benz. Das Sortiment umfasst Pkws, Nutzfahrzeuge, Motorr\u00e4der, Inzahlungnahmen, Leasing- und Flottenfahrzeuge, Werks- und Dienstwagen sowie Jahreswagen. Unterschieden wird zwischen drei Auktionsformen: Live-Auktion, Online-Auktion und Netlive-Auktion. Bei der Live-Auktion k\u00f6nnen Interessenten Fahrzeuge ausschlie\u00dflich vor Ort besichtigen und ersteigern. Online-Auktionen werden ausschlie\u00dflich \u00fcber das Internet abgewickelt. Netlive-Auktionen stellen einen Hybrid aus Live- und Online-Auktionen dar. Bei dieser Auktionsform ist die Teilnahme sowohl vor Ort als auch Online m\u00f6glich. Zur Registrierung bei Autobid sind ausschlie\u00dflich hauptgewerbliche Kfz-H\u00e4ndler zugelassen. Die Registrierung ist kostenlos. Erfolgreich registrierte Kunden erhalten von Autobid eine Bieternummer, die sie berechtigt an Live-Auktionen teilzunehmen. F\u00fcr die Teilnahme an den Online-Auktionen wird ein pers\u00f6nlicher Benutzername erstellt.<\/p>\t\t\t\t\t\t\t\t<\/div>\n\t\t\t\t<\/div>\n\t\t\t\t<div class=\"elementor-element elementor-element-b3d2cf9 elementor-widget elementor-widget-text-editor\" data-id=\"b3d2cf9\" data-element_type=\"widget\" data-widget_type=\"text-editor.default\">\n\t\t\t\t<div class=\"elementor-widget-container\">\n\t\t\t\t\t\t\t\t\t<h2 class=\"text-center\">Allgemeines zur Online-Auktion bei Autobid<\/h2>\t\t\t\t\t\t\t\t<\/div>\n\t\t\t\t<\/div>\n\t\t\t\t<div class=\"elementor-element elementor-element-76f2c0f elementor-widget elementor-widget-text-editor\" data-id=\"76f2c0f\" data-element_type=\"widget\" data-widget_type=\"text-editor.default\">\n\t\t\t\t<div class=\"elementor-widget-container\">\n\t\t\t\t\t\t\t\t\t<p>Nach der erfolgreichen Registrierung werden die Aktivit\u00e4ten der H\u00e4ndler \u00fcber die individuelle Auktionsseite gesteuert. Fahrzeuge, die von Autobid in die Online-Auktion eingestellt werden, wurden zuvor von Mitarbeitern und Sachverst\u00e4ndigen begutachtet. Zur Dokumentation des Fahrzeugzustandes ist das Einstellen von bis zu 40 Fotos m\u00f6glich. Die Startseite von Autobid informiert dar\u00fcber, welche Fahrzeuge aktuell zu versteigern sind. Auf der Terminseite kann der H\u00e4ndler eine Auswahl zwischen Online-, Live und Netliveauktionen durchf\u00fchren. Nach der Festlegung des Auswahltermins und der Auktionsform werden die entsprechenden Fahrzeuge angezeigt. W\u00e4hrend der Auktion wird immer das aktuell zu versteigernde oder das n\u00e4chste Fahrzeug angezeigt. Gebote auf Fahrzeuge k\u00f6nnen bei Autobid auf drei Arten abgegeben werden: Freies Gebot, Bietschritte oder Bietagent. Wird \u00fcber ein freies Gebot gesteigert, tr\u00e4gt der Interessent seinen Preis in das Gebotsfeld ein. Die Option Bietschritte erm\u00f6glichen es, das aktuelle Gebot in bestimmten Betr\u00e4gen zu erh\u00f6hen. Beim Bietagenten hat der Interessent die M\u00f6glichkeit, einen maximalen Betrag f\u00fcr ein Fahrzeug festzulegen. Der Bietagent erh\u00f6ht dann w\u00e4hrend der Versteigerung automatisch das Gebot um den minimalen Betrag bis zum Zuschlag oder bis ein anderer Bieter einen \u00fcber dem Maximalgebot liegenden Betrag bietet. Nach dem Ablauf der offiziellen Auktionszeit beginnt bei Autobid die Hotbid-Phase. Im Zeitraum von 15 Sekunden haben alle Interessenten noch einmal die M\u00f6glichkeit, Gebote abzugeben. Der H\u00f6chstbietende in dieser Phase erh\u00e4lt schlie\u00dflich den Zuschlag.<\/p>\t\t\t\t\t\t\t\t<\/div>\n\t\t\t\t<\/div>\n\t\t\t\t<div class=\"elementor-element elementor-element-171c6db elementor-widget elementor-widget-text-editor\" data-id=\"171c6db\" data-element_type=\"widget\" data-widget_type=\"text-editor.default\">\n\t\t\t\t<div class=\"elementor-widget-container\">\n\t\t\t\t\t\t\t\t\t<h2>Autobid \u2013 Ratschl\u00e4ge f\u00fcr H\u00e4ndler<\/h2>\t\t\t\t\t\t\t\t<\/div>\n\t\t\t\t<\/div>\n\t\t\t\t<div class=\"elementor-element elementor-element-ca51b1d elementor-widget elementor-widget-text-editor\" data-id=\"ca51b1d\" data-element_type=\"widget\" data-widget_type=\"text-editor.default\">\n\t\t\t\t<div class=\"elementor-widget-container\">\n\t\t\t\t\t\t\t\t\t<p>Die Plattform Autobid ist zu einem festen Bestandteil des B2B-Tradings geworden. H\u00e4ndler, die Autobid nutzen, k\u00f6nnen sicher sein, es mit einem seri\u00f6sen Anbieter zu tun zu haben. Allerdings haben die Entwicklungen auf dem Gebrauchtwagenmarkt in den letzten Jahren dazu gef\u00fchrt, dass die, ehemals von den gro\u00dfen und bekannten Playern dominierte Branche, durch neue Plattformen wie Manheim Express in Bewegung gekommen ist. Renommierte Plattformen wie Autobid sehen sich zusehends mit innovativer und ausgesprochen serviceorientierter Konkurrenz konfrontiert. Die Gr\u00fcnde hierf\u00fcr liegen in den M\u00f6glichkeiten und neuen Voraussetzungen, die das Online-Trading bietet. Der klassische Handel mit Gebrauchtwagen, wie ihn Autobid selbst mitgestaltete, verhielt sich deutlich weniger dynamisch als der heutige Onlinehandel. Wer sich als Platzhirsch etabliert hatte und \u00fcber die notwendigen Ressourcen verf\u00fcgte, konnte sich mehr oder weniger darauf verlassen, dass die Kunde zu ihm kamen. Die M\u00f6glichkeiten, die der digitale Handel hinsichtlich Service und Bedienungskomfort bietet, hat die Branche, darunter auch Autobid, vor ganz neue Voraussetzungen und Konkurrenzsituationen gestellt. Ein Blick \u00fcber den Tellerrand lohnt sich im Gebrauchtwagengesch\u00e4ft daher auf jeden Fall.<\/p>\t\t\t\t\t\t\t\t<\/div>\n\t\t\t\t<\/div>\n\t\t\t\t\t<\/div>\n\t\t<\/div>\n\t\t\t\t\t<\/div>\n\t\t<\/section>\n\t\t\t\t<\/div>\n\t\t","protected":false},"excerpt":{"rendered":"<p>Sie suchen Informationen zur Marke Autobid? Mit Manheim Express sind Sie immer auf dem neuesten Stand! Wir, das Team von Manheim Express, haben es uns zur Aufgabe gemacht, unsere Kunden und alle interessierten Besucher unserer Seite mit zentralen Informationen rund um das Thema Cartrading zu versorgen. Bei der Gestaltung unsere Plattform haben wir uns nat\u00fcrlich [&hellip;]<\/p>\n","protected":false},"author":7,"featured_media":0,"parent":11571,"menu_order":0,"comment_status":"closed","ping_status":"closed","template":"","meta":{"_acf_changed":false,"footnotes":""},"wf_page_folders":[156],"class_list":["post-16164","page","type-page","status-publish","hentry"],"acf":[],"yoast_head":"<!-- This site is optimized with the Yoast SEO plugin v25.8 - https:\/\/yoast.com\/wordpress\/plugins\/seo\/ -->\n<title>Autobid - Manheim Express die neue Auktionsplattform f\u00fcr den KFZ Handel<\/title>\n<meta name=\"description\" content=\"Der Markenschwerpunkt von Autobid liegt bei den Marken: Audi, BMW, Volkswagen und Mercedes-Benz.\" \/>\n<meta name=\"robots\" content=\"index, follow, max-snippet:-1, max-image-preview:large, max-video-preview:-1\" \/>\n<link rel=\"canonical\" href=\"https:\/\/www.manheim-express.eu\/de\/glossar\/autobid\/\" \/>\n<meta property=\"og:locale\" content=\"de_DE\" \/>\n<meta property=\"og:type\" content=\"article\" \/>\n<meta property=\"og:title\" content=\"Autobid - Manheim Express die neue Auktionsplattform f\u00fcr den KFZ Handel\" \/>\n<meta property=\"og:description\" content=\"Der Markenschwerpunkt von Autobid liegt bei den Marken: Audi, BMW, Volkswagen und Mercedes-Benz.\" \/>\n<meta property=\"og:url\" content=\"https:\/\/www.manheim-express.eu\/de\/glossar\/autobid\/\" \/>\n<meta property=\"og:site_name\" content=\"Manheim Express\" \/>\n<meta property=\"article:publisher\" content=\"https:\/\/www.facebook.com\/manheimexpresseurope\/\" \/>\n<meta property=\"article:modified_time\" content=\"2024-01-15T14:23:25+00:00\" \/>\n<meta property=\"og:image\" content=\"https:\/\/www.manheim-express.eu\/wp-content\/uploads\/2022\/11\/Manheim-Express-Estate-car.png\" \/>\n<meta name=\"twitter:card\" content=\"summary_large_image\" \/>\n<meta name=\"twitter:label1\" content=\"Gesch\u00e4tzte Lesezeit\" \/>\n\t<meta name=\"twitter:data1\" content=\"3\u00a0Minuten\" \/>\n<script type=\"application\/ld+json\" class=\"yoast-schema-graph\">{\"@context\":\"https:\/\/schema.org\",\"@graph\":[{\"@type\":\"WebPage\",\"@id\":\"https:\/\/www.manheim-express.eu\/de\/glossar\/autobid\/\",\"url\":\"https:\/\/www.manheim-express.eu\/de\/glossar\/autobid\/\",\"name\":\"Autobid - Manheim Express die neue Auktionsplattform f\u00fcr den KFZ Handel\",\"isPartOf\":{\"@id\":\"https:\/\/www.manheim-express.eu\/de\/#website\"},\"primaryImageOfPage\":{\"@id\":\"https:\/\/www.manheim-express.eu\/de\/glossar\/autobid\/#primaryimage\"},\"image\":{\"@id\":\"https:\/\/www.manheim-express.eu\/de\/glossar\/autobid\/#primaryimage\"},\"thumbnailUrl\":\"https:\/\/www.manheim-express.eu\/wp-content\/uploads\/2022\/11\/Manheim-Express-Estate-car.png\",\"datePublished\":\"2024-01-15T14:23:24+00:00\",\"dateModified\":\"2024-01-15T14:23:25+00:00\",\"description\":\"Der Markenschwerpunkt von Autobid liegt bei den Marken: Audi, BMW, Volkswagen und Mercedes-Benz.\",\"breadcrumb\":{\"@id\":\"https:\/\/www.manheim-express.eu\/de\/glossar\/autobid\/#breadcrumb\"},\"inLanguage\":\"de\",\"potentialAction\":[{\"@type\":\"ReadAction\",\"target\":[\"https:\/\/www.manheim-express.eu\/de\/glossar\/autobid\/\"]}]},{\"@type\":\"ImageObject\",\"inLanguage\":\"de\",\"@id\":\"https:\/\/www.manheim-express.eu\/de\/glossar\/autobid\/#primaryimage\",\"url\":\"https:\/\/www.manheim-express.eu\/wp-content\/uploads\/2022\/11\/Manheim-Express-Estate-car.png\",\"contentUrl\":\"https:\/\/www.manheim-express.eu\/wp-content\/uploads\/2022\/11\/Manheim-Express-Estate-car.png\"},{\"@type\":\"BreadcrumbList\",\"@id\":\"https:\/\/www.manheim-express.eu\/de\/glossar\/autobid\/#breadcrumb\",\"itemListElement\":[{\"@type\":\"ListItem\",\"position\":1,\"name\":\"Home\",\"item\":\"https:\/\/www.manheim-express.eu\/de\/\"},{\"@type\":\"ListItem\",\"position\":2,\"name\":\"Glossar\",\"item\":\"https:\/\/www.manheim-express.eu\/de\/glossar\/\"},{\"@type\":\"ListItem\",\"position\":3,\"name\":\"Autobid\"}]},{\"@type\":\"WebSite\",\"@id\":\"https:\/\/www.manheim-express.eu\/de\/#website\",\"url\":\"https:\/\/www.manheim-express.eu\/de\/\",\"name\":\"Manheim Express\",\"description\":\"\",\"publisher\":{\"@id\":\"https:\/\/www.manheim-express.eu\/de\/#organization\"},\"potentialAction\":[{\"@type\":\"SearchAction\",\"target\":{\"@type\":\"EntryPoint\",\"urlTemplate\":\"https:\/\/www.manheim-express.eu\/de\/?s={search_term_string}\"},\"query-input\":{\"@type\":\"PropertyValueSpecification\",\"valueRequired\":true,\"valueName\":\"search_term_string\"}}],\"inLanguage\":\"de\"},{\"@type\":\"Organization\",\"@id\":\"https:\/\/www.manheim-express.eu\/de\/#organization\",\"name\":\"Manheim Express\",\"url\":\"https:\/\/www.manheim-express.eu\/de\/\",\"logo\":{\"@type\":\"ImageObject\",\"inLanguage\":\"de\",\"@id\":\"https:\/\/www.manheim-express.eu\/de\/#\/schema\/logo\/image\/\",\"url\":\"https:\/\/www.manheim-express.eu\/wp-content\/uploads\/2021\/07\/manheim-express-logo-light.png\",\"contentUrl\":\"https:\/\/www.manheim-express.eu\/wp-content\/uploads\/2021\/07\/manheim-express-logo-light.png\",\"width\":1163,\"height\":392,\"caption\":\"Manheim Express\"},\"image\":{\"@id\":\"https:\/\/www.manheim-express.eu\/de\/#\/schema\/logo\/image\/\"},\"sameAs\":[\"https:\/\/www.facebook.com\/manheimexpresseurope\/\",\"https:\/\/www.instagram.com\/manheim.express\",\"https:\/\/www.linkedin.com\/company\/manheim-express\/\",\"https:\/\/www.youtube.com\/channel\/UCRKJajJPvJv-ao7Tk7qra5Q\/\"]}]}<\/script>\n<!-- \/ Yoast SEO plugin. -->","yoast_head_json":{"title":"Autobid - Manheim Express die neue Auktionsplattform f\u00fcr den KFZ Handel","description":"Der Markenschwerpunkt von Autobid liegt bei den Marken: Audi, BMW, Volkswagen und Mercedes-Benz.","robots":{"index":"index","follow":"follow","max-snippet":"max-snippet:-1","max-image-preview":"max-image-preview:large","max-video-preview":"max-video-preview:-1"},"canonical":"https:\/\/www.manheim-express.eu\/de\/glossar\/autobid\/","og_locale":"de_DE","og_type":"article","og_title":"Autobid - Manheim Express die neue Auktionsplattform f\u00fcr den KFZ Handel","og_description":"Der Markenschwerpunkt von Autobid liegt bei den Marken: Audi, BMW, Volkswagen und Mercedes-Benz.","og_url":"https:\/\/www.manheim-express.eu\/de\/glossar\/autobid\/","og_site_name":"Manheim Express","article_publisher":"https:\/\/www.facebook.com\/manheimexpresseurope\/","article_modified_time":"2024-01-15T14:23:25+00:00","og_image":[{"url":"https:\/\/www.manheim-express.eu\/wp-content\/uploads\/2022\/11\/Manheim-Express-Estate-car.png","type":"","width":"","height":""}],"twitter_card":"summary_large_image","twitter_misc":{"Gesch\u00e4tzte Lesezeit":"3\u00a0Minuten"},"schema":{"@context":"https:\/\/schema.org","@graph":[{"@type":"WebPage","@id":"https:\/\/www.manheim-express.eu\/de\/glossar\/autobid\/","url":"https:\/\/www.manheim-express.eu\/de\/glossar\/autobid\/","name":"Autobid - Manheim Express die neue Auktionsplattform f\u00fcr den KFZ Handel","isPartOf":{"@id":"https:\/\/www.manheim-express.eu\/de\/#website"},"primaryImageOfPage":{"@id":"https:\/\/www.manheim-express.eu\/de\/glossar\/autobid\/#primaryimage"},"image":{"@id":"https:\/\/www.manheim-express.eu\/de\/glossar\/autobid\/#primaryimage"},"thumbnailUrl":"https:\/\/www.manheim-express.eu\/wp-content\/uploads\/2022\/11\/Manheim-Express-Estate-car.png","datePublished":"2024-01-15T14:23:24+00:00","dateModified":"2024-01-15T14:23:25+00:00","description":"Der Markenschwerpunkt von Autobid liegt bei den Marken: Audi, BMW, Volkswagen und Mercedes-Benz.","breadcrumb":{"@id":"https:\/\/www.manheim-express.eu\/de\/glossar\/autobid\/#breadcrumb"},"inLanguage":"de","potentialAction":[{"@type":"ReadAction","target":["https:\/\/www.manheim-express.eu\/de\/glossar\/autobid\/"]}]},{"@type":"ImageObject","inLanguage":"de","@id":"https:\/\/www.manheim-express.eu\/de\/glossar\/autobid\/#primaryimage","url":"https:\/\/www.manheim-express.eu\/wp-content\/uploads\/2022\/11\/Manheim-Express-Estate-car.png","contentUrl":"https:\/\/www.manheim-express.eu\/wp-content\/uploads\/2022\/11\/Manheim-Express-Estate-car.png"},{"@type":"BreadcrumbList","@id":"https:\/\/www.manheim-express.eu\/de\/glossar\/autobid\/#breadcrumb","itemListElement":[{"@type":"ListItem","position":1,"name":"Home","item":"https:\/\/www.manheim-express.eu\/de\/"},{"@type":"ListItem","position":2,"name":"Glossar","item":"https:\/\/www.manheim-express.eu\/de\/glossar\/"},{"@type":"ListItem","position":3,"name":"Autobid"}]},{"@type":"WebSite","@id":"https:\/\/www.manheim-express.eu\/de\/#website","url":"https:\/\/www.manheim-express.eu\/de\/","name":"Manheim Express","description":"","publisher":{"@id":"https:\/\/www.manheim-express.eu\/de\/#organization"},"potentialAction":[{"@type":"SearchAction","target":{"@type":"EntryPoint","urlTemplate":"https:\/\/www.manheim-express.eu\/de\/?s={search_term_string}"},"query-input":{"@type":"PropertyValueSpecification","valueRequired":true,"valueName":"search_term_string"}}],"inLanguage":"de"},{"@type":"Organization","@id":"https:\/\/www.manheim-express.eu\/de\/#organization","name":"Manheim Express","url":"https:\/\/www.manheim-express.eu\/de\/","logo":{"@type":"ImageObject","inLanguage":"de","@id":"https:\/\/www.manheim-express.eu\/de\/#\/schema\/logo\/image\/","url":"https:\/\/www.manheim-express.eu\/wp-content\/uploads\/2021\/07\/manheim-express-logo-light.png","contentUrl":"https:\/\/www.manheim-express.eu\/wp-content\/uploads\/2021\/07\/manheim-express-logo-light.png","width":1163,"height":392,"caption":"Manheim Express"},"image":{"@id":"https:\/\/www.manheim-express.eu\/de\/#\/schema\/logo\/image\/"},"sameAs":["https:\/\/www.facebook.com\/manheimexpresseurope\/","https:\/\/www.instagram.com\/manheim.express","https:\/\/www.linkedin.com\/company\/manheim-express\/","https:\/\/www.youtube.com\/channel\/UCRKJajJPvJv-ao7Tk7qra5Q\/"]}]}},"_links":{"self":[{"href":"https:\/\/www.manheim-express.eu\/de\/wp-json\/wp\/v2\/pages\/16164","targetHints":{"allow":["GET"]}}],"collection":[{"href":"https:\/\/www.manheim-express.eu\/de\/wp-json\/wp\/v2\/pages"}],"about":[{"href":"https:\/\/www.manheim-express.eu\/de\/wp-json\/wp\/v2\/types\/page"}],"author":[{"embeddable":true,"href":"https:\/\/www.manheim-express.eu\/de\/wp-json\/wp\/v2\/users\/7"}],"replies":[{"embeddable":true,"href":"https:\/\/www.manheim-express.eu\/de\/wp-json\/wp\/v2\/comments?post=16164"}],"version-history":[{"count":10,"href":"https:\/\/www.manheim-express.eu\/de\/wp-json\/wp\/v2\/pages\/16164\/revisions"}],"predecessor-version":[{"id":16744,"href":"https:\/\/www.manheim-express.eu\/de\/wp-json\/wp\/v2\/pages\/16164\/revisions\/16744"}],"up":[{"embeddable":true,"href":"https:\/\/www.manheim-express.eu\/de\/wp-json\/wp\/v2\/pages\/11571"}],"wp:attachment":[{"href":"https:\/\/www.manheim-express.eu\/de\/wp-json\/wp\/v2\/media?parent=16164"}],"wp:term":[{"taxonomy":"wf_page_folders","embeddable":true,"href":"https:\/\/www.manheim-express.eu\/de\/wp-json\/wp\/v2\/wf_page_folders?post=16164"}],"curies":[{"name":"wp","href":"https:\/\/api.w.org\/{rel}","templated":true}]}}