{"id":16153,"date":"2024-01-15T14:21:51","date_gmt":"2024-01-15T14:21:51","guid":{"rendered":"https:\/\/www.manheim-express.eu\/?page_id=16153"},"modified":"2024-01-15T14:21:52","modified_gmt":"2024-01-15T14:21:52","slug":"auto-auktionen-online","status":"publish","type":"page","link":"https:\/\/www.manheim-express.eu\/de\/glossar\/auto-auktionen-online\/","title":{"rendered":"Auto Auktionen online"},"content":{"rendered":"\t\t<div data-elementor-type=\"wp-page\" data-elementor-id=\"16153\" class=\"elementor elementor-16153\" data-elementor-post-type=\"page\">\n\t\t\t\t\t\t<section class=\"elementor-section elementor-top-section elementor-element elementor-element-5ad223c elementor-section-full_width elementor-section-stretched elementor-section-height-default elementor-section-height-default\" data-id=\"5ad223c\" data-element_type=\"section\" data-settings=\"{&quot;stretch_section&quot;:&quot;section-stretched&quot;}\">\n\t\t\t\t\t\t<div class=\"elementor-container elementor-column-gap-default\">\n\t\t\t\t\t<div class=\"elementor-column elementor-col-50 elementor-top-column elementor-element elementor-element-d3b519c\" data-id=\"d3b519c\" data-element_type=\"column\" data-settings=\"{&quot;background_background&quot;:&quot;classic&quot;}\">\n\t\t\t<div class=\"elementor-widget-wrap elementor-element-populated\">\n\t\t\t\t\t\t<div class=\"elementor-element elementor-element-036dc3a elementor-widget elementor-widget-text-editor\" data-id=\"036dc3a\" data-element_type=\"widget\" data-widget_type=\"text-editor.default\">\n\t\t\t\t<div class=\"elementor-widget-container\">\n\t\t\t\t\t\t\t\t\t<h2>Auto Auktionen online einfach effektiver nutzen<\/h2>\t\t\t\t\t\t\t\t<\/div>\n\t\t\t\t<\/div>\n\t\t\t\t<div class=\"elementor-element elementor-element-21c3353 elementor-widget elementor-widget-text-editor\" data-id=\"21c3353\" data-element_type=\"widget\" data-widget_type=\"text-editor.default\">\n\t\t\t\t<div class=\"elementor-widget-container\">\n\t\t\t\t\t\t\t\t\t<h3>Professionelles Car-Trading mit Manheim Express<\/h3>\t\t\t\t\t\t\t\t<\/div>\n\t\t\t\t<\/div>\n\t\t\t\t<div class=\"elementor-element elementor-element-c37119d elementor-widget elementor-widget-text-editor\" data-id=\"c37119d\" data-element_type=\"widget\" data-widget_type=\"text-editor.default\">\n\t\t\t\t<div class=\"elementor-widget-container\">\n\t\t\t\t\t\t\t\t\t<p>Auto Auktionen online sind aus dem B2B-Handel nicht mehr wegzudenken. Als H\u00e4ndler hat man hier die Qual der Wahl, denn das Angebot ist mittlerweile un\u00fcberschaubar geworden.<\/p><p>pkwNOW hat es sich daher zur Aufgabe gemacht, ein Portal zu schaffen, das H\u00e4ndlern sowohl zum Einstieg in das Online Trading dienen kann und gleichzeitig so effektiv und anpassungsf\u00e4hig ist, dass auch erfahrene Trader voll auf ihre Kosten kommen.<\/p>\t\t\t\t\t\t\t\t<\/div>\n\t\t\t\t<\/div>\n\t\t\t\t<div class=\"elementor-element elementor-element-76774e4 elementor-widget elementor-widget-button\" data-id=\"76774e4\" data-element_type=\"widget\" data-widget_type=\"button.default\">\n\t\t\t\t<div class=\"elementor-widget-container\">\n\t\t\t\t\t\t\t\t\t<div class=\"elementor-button-wrapper\">\n\t\t\t\t\t<a class=\"elementor-button elementor-button-link elementor-size-lg\" href=\"#\">\n\t\t\t\t\t\t<span class=\"elementor-button-content-wrapper\">\n\t\t\t\t\t\t\t\t\t<span class=\"elementor-button-text\">Weiterlesen<\/span>\n\t\t\t\t\t<\/span>\n\t\t\t\t\t<\/a>\n\t\t\t\t<\/div>\n\t\t\t\t\t\t\t\t<\/div>\n\t\t\t\t<\/div>\n\t\t\t\t<div class=\"elementor-element elementor-element-93513c7 elementor-widget elementor-widget-image\" data-id=\"93513c7\" data-element_type=\"widget\" data-widget_type=\"image.default\">\n\t\t\t\t<div class=\"elementor-widget-container\">\n\t\t\t\t\t\t\t\t\t\t\t\t\t\t\t<img fetchpriority=\"high\" decoding=\"async\" width=\"800\" height=\"389\" src=\"https:\/\/www.manheim-express.eu\/wp-content\/uploads\/2022\/11\/Manheim-Express-Estate-car.png\" class=\"attachment-large size-large wp-image-14639\" alt=\"\" srcset=\"https:\/\/www.manheim-express.eu\/wp-content\/uploads\/2022\/11\/Manheim-Express-Estate-car.png 1024w, https:\/\/www.manheim-express.eu\/wp-content\/uploads\/2022\/11\/Manheim-Express-Estate-car-300x146.png 300w, https:\/\/www.manheim-express.eu\/wp-content\/uploads\/2022\/11\/Manheim-Express-Estate-car-768x374.png 768w\" sizes=\"(max-width: 800px) 100vw, 800px\" \/>\t\t\t\t\t\t\t\t\t\t\t\t\t\t\t<\/div>\n\t\t\t\t<\/div>\n\t\t\t\t\t<\/div>\n\t\t<\/div>\n\t\t\t\t<div class=\"elementor-column elementor-col-50 elementor-top-column elementor-element elementor-element-213236b\" data-id=\"213236b\" data-element_type=\"column\" data-settings=\"{&quot;background_background&quot;:&quot;classic&quot;}\">\n\t\t\t<div class=\"elementor-widget-wrap elementor-element-populated\">\n\t\t\t\t\t\t<div class=\"elementor-element elementor-element-e9c050a elementor-widget elementor-widget-text-editor\" data-id=\"e9c050a\" data-element_type=\"widget\" data-widget_type=\"text-editor.default\">\n\t\t\t\t<div class=\"elementor-widget-container\">\n\t\t\t\t\t\t\t\t\t<h2>Auto Auktionen online \u2013 unverzichtbar f\u00fcr H\u00e4ndler im digitalen Zeitalter<\/h2>\t\t\t\t\t\t\t\t<\/div>\n\t\t\t\t<\/div>\n\t\t\t\t<div class=\"elementor-element elementor-element-8d896a4 elementor-widget elementor-widget-text-editor\" data-id=\"8d896a4\" data-element_type=\"widget\" data-widget_type=\"text-editor.default\">\n\t\t\t\t<div class=\"elementor-widget-container\">\n\t\t\t\t\t\t\t\t\t<p>Die zunehmende Digitalisierung und Verlagerung von Gesch\u00e4ftsmodellen ins Internet wirkt sich immer st\u00e4rker auch auf den Markt f\u00fcr Auto-Auktionen aus. Auto Auktionen online sind heute aus dem Internet nicht mehr wegzudenken und das Angebot ist breit gef\u00e4chert. Hinzu kommen noch die erweiterten Handelsm\u00f6glichkeiten, die sich innerhalb der europ\u00e4ischen Zoll-Union f\u00fcr H\u00e4ndler und K\u00e4ufer bieten. Die Zahl der Plattformen f\u00fcr Auto Auktionen online ist mittlerweile enorm angewachsen. Es konkurrieren die unterschiedlichsten Gesch\u00e4ftsmodelle miteinander und so mancher H\u00e4ndler verliert hier den \u00dcberblick bzw. stellt sich die Frage, welche Auto Auktionen online f\u00fcr sein eigenes Businessmodell am besten geeignet sind. Hinzu kommt, dass die jeweiligen Geb\u00fchren- oder Provisionsmodelle oft schwer durchschaubar sind und mitunter versteckte und dann \u00e4rgerliche Kosten auftauchen. Das ist insbesondere f\u00fcr H\u00e4ndler, die sich durch Auto Auktionen online mittel- und langfristig Umsatz- und Gewinnsteigerungen versprechen, problematisch. Es ist daher nicht verwunderlich, dass viele H\u00e4ndler und Privatk\u00e4ufer viel Zeit damit verbringen, Auto Auktionen online zu vergleichen und unterschiedliche Geb\u00fchren- und Provisionsmodelle gegeneinander abzuw\u00e4gen.<\/p>\t\t\t\t\t\t\t\t<\/div>\n\t\t\t\t<\/div>\n\t\t\t\t<div class=\"elementor-element elementor-element-b3d2cf9 elementor-widget elementor-widget-text-editor\" data-id=\"b3d2cf9\" data-element_type=\"widget\" data-widget_type=\"text-editor.default\">\n\t\t\t\t<div class=\"elementor-widget-container\">\n\t\t\t\t\t\t\t\t\t<h2 class=\"text-center\">Was Sie bei Auto Auktionen online ber\u00fccksichtigen sollten<\/h2>\t\t\t\t\t\t\t\t<\/div>\n\t\t\t\t<\/div>\n\t\t\t\t<div class=\"elementor-element elementor-element-76f2c0f elementor-widget elementor-widget-text-editor\" data-id=\"76f2c0f\" data-element_type=\"widget\" data-widget_type=\"text-editor.default\">\n\t\t\t\t<div class=\"elementor-widget-container\">\n\t\t\t\t\t\t\t\t\t<p>Wenn Sie als H\u00e4ndler nach dem Anmelden bei einer Auto Auktion online bemerken, dass nicht alle wichtigen Informationen transparent pr\u00e4sentiert werden, sollten Sie vorsichtig werden. Nicht immer muss hinter einer etwas intransparenten Preispolitik ein b\u00f6ser Wille stecken. Schwarze Schafe fliegen heute zudem schneller auf als zu Pionierzeiten des Internets. Versuche, Kunden vors\u00e4tzlich zu t\u00e4uschen, gibt es aber leider immer wieder. Zudem sollte es f\u00fcr Anbieter heute einfach selbstverst\u00e4ndlich geworden sein, alle Preise und Geb\u00fchren so zu kommunizieren, dass der Nutzer der Auto Auktionen online unmittelbar im Bilde ist, was auf ihn zukommt. Das gilt im B2B-Bereich noch einmal mehr, da hier der H\u00e4ndler auf die Dauer auch kleine Unterschiede in der Preisgestaltung oder Zusatzgeb\u00fchren merklich zu sp\u00fcren bekommt.<\/p>\t\t\t\t\t\t\t\t<\/div>\n\t\t\t\t<\/div>\n\t\t\t\t<div class=\"elementor-element elementor-element-171c6db elementor-widget elementor-widget-text-editor\" data-id=\"171c6db\" data-element_type=\"widget\" data-widget_type=\"text-editor.default\">\n\t\t\t\t<div class=\"elementor-widget-container\">\n\t\t\t\t\t\t\t\t\t<h2 class=\"text-center\">Wie Sie Auto Auktionen online mit pkwNOW optimal nutzen k\u00f6nnen<\/h2>\t\t\t\t\t\t\t\t<\/div>\n\t\t\t\t<\/div>\n\t\t\t\t<div class=\"elementor-element elementor-element-ca51b1d elementor-widget elementor-widget-text-editor\" data-id=\"ca51b1d\" data-element_type=\"widget\" data-widget_type=\"text-editor.default\">\n\t\t\t\t<div class=\"elementor-widget-container\">\n\t\t\t\t\t\t\t\t\t<p>pkwNOW ist ein innovativer Anbieter von B2B-Auktionen f\u00fcr H\u00e4ndler im Internet. Unsere Antwort auf den Stellenwert, den Auto Auktionen online f\u00fcr H\u00e4ndler heute haben, ist damit klar: wir halten es f\u00fcr das Modell der Zukunft. Dennoch ist uns klar, dass das Online-Business und die damit verbundene Un\u00fcbersichtlichkeit f\u00fcr H\u00e4ndler eine Herausforderung darstellen kann. Unser Online-Portal ist gerade aus diesem Grund auf besonders hohe Transparenz und Effizienz f\u00fcr H\u00e4ndler im Bereich Auto Auktionen online ausgelegt. Wir kennen die W\u00fcnsche, Probleme und Anforderungen von H\u00e4ndlern sehr gut und haben deshalb eine Plattform geschaffen, die sich flexibel an unterschiedliche Gesch\u00e4ftsmodelle anpassen l\u00e4sst. Das bedeutet f\u00fcr Sie als H\u00e4ndler: unabh\u00e4ngig, ob Sie bereits \u00fcber eine gewisse Routine im Bereich Auto Auktionen online verf\u00fcgen oder neu einsteigen m\u00f6chten: pkwNOW bietet Ihnen die M\u00f6glichkeit einer optimalen Erg\u00e4nzung Ihrer gegenw\u00e4rtigen Vertriebsstruktur. Unsere vielf\u00e4ltigen und benutzerfreundlichen Auktionsm\u00f6glichkeiten verlangen weder lange Einarbeitungszeiten noch lauern irgendwelche versteckten Geb\u00fchren. Hinzu kommt ein wirklich umfassender Service mit zahlreichen M\u00f6glichkeiten und der Option Dienstleistungen durch pkwNOW \u00fcbernehmen zu lassen und damit Zeit zu sparen. Zudem lassen sich auch schwierige F\u00e4lle wie Langsteher oder Inzahlungnahmen mit pkwNOW ausgezeichnet \u00fcber unsere Auto Auktionen online abwickeln.<\/p>\t\t\t\t\t\t\t\t<\/div>\n\t\t\t\t<\/div>\n\t\t\t\t\t<\/div>\n\t\t<\/div>\n\t\t\t\t\t<\/div>\n\t\t<\/section>\n\t\t\t\t<\/div>\n\t\t","protected":false},"excerpt":{"rendered":"<p>Auto Auktionen online einfach effektiver nutzen Professionelles Car-Trading mit Manheim Express Auto Auktionen online sind aus dem B2B-Handel nicht mehr wegzudenken. Als H\u00e4ndler hat man hier die Qual der Wahl, denn das Angebot ist mittlerweile un\u00fcberschaubar geworden. pkwNOW hat es sich daher zur Aufgabe gemacht, ein Portal zu schaffen, das H\u00e4ndlern sowohl zum Einstieg in [&hellip;]<\/p>\n","protected":false},"author":7,"featured_media":0,"parent":11571,"menu_order":0,"comment_status":"closed","ping_status":"closed","template":"","meta":{"_acf_changed":false,"footnotes":""},"wf_page_folders":[156],"class_list":["post-16153","page","type-page","status-publish","hentry"],"acf":[],"yoast_head":"<!-- This site is optimized with the Yoast SEO plugin v25.8 - https:\/\/yoast.com\/wordpress\/plugins\/seo\/ -->\n<title>Auto Auktionen online - Manheim Express die neue Auktionsplattform f\u00fcr den KFZ Handel<\/title>\n<meta name=\"description\" content=\"Auto Auktionen online sind heute aus dem Internet nicht mehr wegzudenken und das Angebot ist breit gef\u00e4chert.\" \/>\n<meta name=\"robots\" content=\"index, follow, max-snippet:-1, max-image-preview:large, max-video-preview:-1\" \/>\n<link rel=\"canonical\" href=\"https:\/\/www.manheim-express.eu\/de\/glossar\/auto-auktionen-online\/\" \/>\n<meta property=\"og:locale\" content=\"de_DE\" \/>\n<meta property=\"og:type\" content=\"article\" \/>\n<meta property=\"og:title\" content=\"Auto Auktionen online - Manheim Express die neue Auktionsplattform f\u00fcr den KFZ Handel\" \/>\n<meta property=\"og:description\" content=\"Auto Auktionen online sind heute aus dem Internet nicht mehr wegzudenken und das Angebot ist breit gef\u00e4chert.\" \/>\n<meta property=\"og:url\" content=\"https:\/\/www.manheim-express.eu\/de\/glossar\/auto-auktionen-online\/\" \/>\n<meta property=\"og:site_name\" content=\"Manheim Express\" \/>\n<meta property=\"article:publisher\" content=\"https:\/\/www.facebook.com\/manheimexpresseurope\/\" \/>\n<meta property=\"article:modified_time\" content=\"2024-01-15T14:21:52+00:00\" \/>\n<meta property=\"og:image\" content=\"https:\/\/www.manheim-express.eu\/wp-content\/uploads\/2022\/11\/Manheim-Express-Estate-car.png\" \/>\n<meta name=\"twitter:card\" content=\"summary_large_image\" \/>\n<meta name=\"twitter:label1\" content=\"Gesch\u00e4tzte Lesezeit\" \/>\n\t<meta name=\"twitter:data1\" content=\"3\u00a0Minuten\" \/>\n<script type=\"application\/ld+json\" class=\"yoast-schema-graph\">{\"@context\":\"https:\/\/schema.org\",\"@graph\":[{\"@type\":\"WebPage\",\"@id\":\"https:\/\/www.manheim-express.eu\/de\/glossar\/auto-auktionen-online\/\",\"url\":\"https:\/\/www.manheim-express.eu\/de\/glossar\/auto-auktionen-online\/\",\"name\":\"Auto Auktionen online - Manheim Express die neue Auktionsplattform f\u00fcr den KFZ Handel\",\"isPartOf\":{\"@id\":\"https:\/\/www.manheim-express.eu\/de\/#website\"},\"primaryImageOfPage\":{\"@id\":\"https:\/\/www.manheim-express.eu\/de\/glossar\/auto-auktionen-online\/#primaryimage\"},\"image\":{\"@id\":\"https:\/\/www.manheim-express.eu\/de\/glossar\/auto-auktionen-online\/#primaryimage\"},\"thumbnailUrl\":\"https:\/\/www.manheim-express.eu\/wp-content\/uploads\/2022\/11\/Manheim-Express-Estate-car.png\",\"datePublished\":\"2024-01-15T14:21:51+00:00\",\"dateModified\":\"2024-01-15T14:21:52+00:00\",\"description\":\"Auto Auktionen online sind heute aus dem Internet nicht mehr wegzudenken und das Angebot ist breit gef\u00e4chert.\",\"breadcrumb\":{\"@id\":\"https:\/\/www.manheim-express.eu\/de\/glossar\/auto-auktionen-online\/#breadcrumb\"},\"inLanguage\":\"de\",\"potentialAction\":[{\"@type\":\"ReadAction\",\"target\":[\"https:\/\/www.manheim-express.eu\/de\/glossar\/auto-auktionen-online\/\"]}]},{\"@type\":\"ImageObject\",\"inLanguage\":\"de\",\"@id\":\"https:\/\/www.manheim-express.eu\/de\/glossar\/auto-auktionen-online\/#primaryimage\",\"url\":\"https:\/\/www.manheim-express.eu\/wp-content\/uploads\/2022\/11\/Manheim-Express-Estate-car.png\",\"contentUrl\":\"https:\/\/www.manheim-express.eu\/wp-content\/uploads\/2022\/11\/Manheim-Express-Estate-car.png\"},{\"@type\":\"BreadcrumbList\",\"@id\":\"https:\/\/www.manheim-express.eu\/de\/glossar\/auto-auktionen-online\/#breadcrumb\",\"itemListElement\":[{\"@type\":\"ListItem\",\"position\":1,\"name\":\"Home\",\"item\":\"https:\/\/www.manheim-express.eu\/de\/\"},{\"@type\":\"ListItem\",\"position\":2,\"name\":\"Glossar\",\"item\":\"https:\/\/www.manheim-express.eu\/de\/glossar\/\"},{\"@type\":\"ListItem\",\"position\":3,\"name\":\"Auto Auktionen online\"}]},{\"@type\":\"WebSite\",\"@id\":\"https:\/\/www.manheim-express.eu\/de\/#website\",\"url\":\"https:\/\/www.manheim-express.eu\/de\/\",\"name\":\"Manheim Express\",\"description\":\"\",\"publisher\":{\"@id\":\"https:\/\/www.manheim-express.eu\/de\/#organization\"},\"potentialAction\":[{\"@type\":\"SearchAction\",\"target\":{\"@type\":\"EntryPoint\",\"urlTemplate\":\"https:\/\/www.manheim-express.eu\/de\/?s={search_term_string}\"},\"query-input\":{\"@type\":\"PropertyValueSpecification\",\"valueRequired\":true,\"valueName\":\"search_term_string\"}}],\"inLanguage\":\"de\"},{\"@type\":\"Organization\",\"@id\":\"https:\/\/www.manheim-express.eu\/de\/#organization\",\"name\":\"Manheim Express\",\"url\":\"https:\/\/www.manheim-express.eu\/de\/\",\"logo\":{\"@type\":\"ImageObject\",\"inLanguage\":\"de\",\"@id\":\"https:\/\/www.manheim-express.eu\/de\/#\/schema\/logo\/image\/\",\"url\":\"https:\/\/www.manheim-express.eu\/wp-content\/uploads\/2021\/07\/manheim-express-logo-light.png\",\"contentUrl\":\"https:\/\/www.manheim-express.eu\/wp-content\/uploads\/2021\/07\/manheim-express-logo-light.png\",\"width\":1163,\"height\":392,\"caption\":\"Manheim Express\"},\"image\":{\"@id\":\"https:\/\/www.manheim-express.eu\/de\/#\/schema\/logo\/image\/\"},\"sameAs\":[\"https:\/\/www.facebook.com\/manheimexpresseurope\/\",\"https:\/\/www.instagram.com\/manheim.express\",\"https:\/\/www.linkedin.com\/company\/manheim-express\/\",\"https:\/\/www.youtube.com\/channel\/UCRKJajJPvJv-ao7Tk7qra5Q\/\"]}]}<\/script>\n<!-- \/ Yoast SEO plugin. -->","yoast_head_json":{"title":"Auto Auktionen online - Manheim Express die neue Auktionsplattform f\u00fcr den KFZ Handel","description":"Auto Auktionen online sind heute aus dem Internet nicht mehr wegzudenken und das Angebot ist breit gef\u00e4chert.","robots":{"index":"index","follow":"follow","max-snippet":"max-snippet:-1","max-image-preview":"max-image-preview:large","max-video-preview":"max-video-preview:-1"},"canonical":"https:\/\/www.manheim-express.eu\/de\/glossar\/auto-auktionen-online\/","og_locale":"de_DE","og_type":"article","og_title":"Auto Auktionen online - Manheim Express die neue Auktionsplattform f\u00fcr den KFZ Handel","og_description":"Auto Auktionen online sind heute aus dem Internet nicht mehr wegzudenken und das Angebot ist breit gef\u00e4chert.","og_url":"https:\/\/www.manheim-express.eu\/de\/glossar\/auto-auktionen-online\/","og_site_name":"Manheim Express","article_publisher":"https:\/\/www.facebook.com\/manheimexpresseurope\/","article_modified_time":"2024-01-15T14:21:52+00:00","og_image":[{"url":"https:\/\/www.manheim-express.eu\/wp-content\/uploads\/2022\/11\/Manheim-Express-Estate-car.png","type":"","width":"","height":""}],"twitter_card":"summary_large_image","twitter_misc":{"Gesch\u00e4tzte Lesezeit":"3\u00a0Minuten"},"schema":{"@context":"https:\/\/schema.org","@graph":[{"@type":"WebPage","@id":"https:\/\/www.manheim-express.eu\/de\/glossar\/auto-auktionen-online\/","url":"https:\/\/www.manheim-express.eu\/de\/glossar\/auto-auktionen-online\/","name":"Auto Auktionen online - Manheim Express die neue Auktionsplattform f\u00fcr den KFZ Handel","isPartOf":{"@id":"https:\/\/www.manheim-express.eu\/de\/#website"},"primaryImageOfPage":{"@id":"https:\/\/www.manheim-express.eu\/de\/glossar\/auto-auktionen-online\/#primaryimage"},"image":{"@id":"https:\/\/www.manheim-express.eu\/de\/glossar\/auto-auktionen-online\/#primaryimage"},"thumbnailUrl":"https:\/\/www.manheim-express.eu\/wp-content\/uploads\/2022\/11\/Manheim-Express-Estate-car.png","datePublished":"2024-01-15T14:21:51+00:00","dateModified":"2024-01-15T14:21:52+00:00","description":"Auto Auktionen online sind heute aus dem Internet nicht mehr wegzudenken und das Angebot ist breit gef\u00e4chert.","breadcrumb":{"@id":"https:\/\/www.manheim-express.eu\/de\/glossar\/auto-auktionen-online\/#breadcrumb"},"inLanguage":"de","potentialAction":[{"@type":"ReadAction","target":["https:\/\/www.manheim-express.eu\/de\/glossar\/auto-auktionen-online\/"]}]},{"@type":"ImageObject","inLanguage":"de","@id":"https:\/\/www.manheim-express.eu\/de\/glossar\/auto-auktionen-online\/#primaryimage","url":"https:\/\/www.manheim-express.eu\/wp-content\/uploads\/2022\/11\/Manheim-Express-Estate-car.png","contentUrl":"https:\/\/www.manheim-express.eu\/wp-content\/uploads\/2022\/11\/Manheim-Express-Estate-car.png"},{"@type":"BreadcrumbList","@id":"https:\/\/www.manheim-express.eu\/de\/glossar\/auto-auktionen-online\/#breadcrumb","itemListElement":[{"@type":"ListItem","position":1,"name":"Home","item":"https:\/\/www.manheim-express.eu\/de\/"},{"@type":"ListItem","position":2,"name":"Glossar","item":"https:\/\/www.manheim-express.eu\/de\/glossar\/"},{"@type":"ListItem","position":3,"name":"Auto Auktionen online"}]},{"@type":"WebSite","@id":"https:\/\/www.manheim-express.eu\/de\/#website","url":"https:\/\/www.manheim-express.eu\/de\/","name":"Manheim Express","description":"","publisher":{"@id":"https:\/\/www.manheim-express.eu\/de\/#organization"},"potentialAction":[{"@type":"SearchAction","target":{"@type":"EntryPoint","urlTemplate":"https:\/\/www.manheim-express.eu\/de\/?s={search_term_string}"},"query-input":{"@type":"PropertyValueSpecification","valueRequired":true,"valueName":"search_term_string"}}],"inLanguage":"de"},{"@type":"Organization","@id":"https:\/\/www.manheim-express.eu\/de\/#organization","name":"Manheim Express","url":"https:\/\/www.manheim-express.eu\/de\/","logo":{"@type":"ImageObject","inLanguage":"de","@id":"https:\/\/www.manheim-express.eu\/de\/#\/schema\/logo\/image\/","url":"https:\/\/www.manheim-express.eu\/wp-content\/uploads\/2021\/07\/manheim-express-logo-light.png","contentUrl":"https:\/\/www.manheim-express.eu\/wp-content\/uploads\/2021\/07\/manheim-express-logo-light.png","width":1163,"height":392,"caption":"Manheim Express"},"image":{"@id":"https:\/\/www.manheim-express.eu\/de\/#\/schema\/logo\/image\/"},"sameAs":["https:\/\/www.facebook.com\/manheimexpresseurope\/","https:\/\/www.instagram.com\/manheim.express","https:\/\/www.linkedin.com\/company\/manheim-express\/","https:\/\/www.youtube.com\/channel\/UCRKJajJPvJv-ao7Tk7qra5Q\/"]}]}},"_links":{"self":[{"href":"https:\/\/www.manheim-express.eu\/de\/wp-json\/wp\/v2\/pages\/16153","targetHints":{"allow":["GET"]}}],"collection":[{"href":"https:\/\/www.manheim-express.eu\/de\/wp-json\/wp\/v2\/pages"}],"about":[{"href":"https:\/\/www.manheim-express.eu\/de\/wp-json\/wp\/v2\/types\/page"}],"author":[{"embeddable":true,"href":"https:\/\/www.manheim-express.eu\/de\/wp-json\/wp\/v2\/users\/7"}],"replies":[{"embeddable":true,"href":"https:\/\/www.manheim-express.eu\/de\/wp-json\/wp\/v2\/comments?post=16153"}],"version-history":[{"count":10,"href":"https:\/\/www.manheim-express.eu\/de\/wp-json\/wp\/v2\/pages\/16153\/revisions"}],"predecessor-version":[{"id":16163,"href":"https:\/\/www.manheim-express.eu\/de\/wp-json\/wp\/v2\/pages\/16153\/revisions\/16163"}],"up":[{"embeddable":true,"href":"https:\/\/www.manheim-express.eu\/de\/wp-json\/wp\/v2\/pages\/11571"}],"wp:attachment":[{"href":"https:\/\/www.manheim-express.eu\/de\/wp-json\/wp\/v2\/media?parent=16153"}],"wp:term":[{"taxonomy":"wf_page_folders","embeddable":true,"href":"https:\/\/www.manheim-express.eu\/de\/wp-json\/wp\/v2\/wf_page_folders?post=16153"}],"curies":[{"name":"wp","href":"https:\/\/api.w.org\/{rel}","templated":true}]}}