{"id":16142,"date":"2024-01-15T14:04:39","date_gmt":"2024-01-15T14:04:39","guid":{"rendered":"https:\/\/www.manheim-express.eu\/?page_id=16142"},"modified":"2024-01-15T14:04:40","modified_gmt":"2024-01-15T14:04:40","slug":"auto-auktionen-in-europa","status":"publish","type":"page","link":"https:\/\/www.manheim-express.eu\/de\/glossar\/auto-auktionen-in-europa\/","title":{"rendered":"Auto Auktionen in Europa"},"content":{"rendered":"\t\t<div data-elementor-type=\"wp-page\" data-elementor-id=\"16142\" class=\"elementor elementor-16142\" data-elementor-post-type=\"page\">\n\t\t\t\t\t\t<section class=\"elementor-section elementor-top-section elementor-element elementor-element-5ad223c elementor-section-full_width elementor-section-stretched elementor-section-height-default elementor-section-height-default\" data-id=\"5ad223c\" data-element_type=\"section\" data-settings=\"{&quot;stretch_section&quot;:&quot;section-stretched&quot;}\">\n\t\t\t\t\t\t<div class=\"elementor-container elementor-column-gap-default\">\n\t\t\t\t\t<div class=\"elementor-column elementor-col-50 elementor-top-column elementor-element elementor-element-d3b519c\" data-id=\"d3b519c\" data-element_type=\"column\" data-settings=\"{&quot;background_background&quot;:&quot;classic&quot;}\">\n\t\t\t<div class=\"elementor-widget-wrap elementor-element-populated\">\n\t\t\t\t\t\t<div class=\"elementor-element elementor-element-036dc3a elementor-widget elementor-widget-text-editor\" data-id=\"036dc3a\" data-element_type=\"widget\" data-widget_type=\"text-editor.default\">\n\t\t\t\t<div class=\"elementor-widget-container\">\n\t\t\t\t\t\t\t\t\t<h2>Sie interessieren sich f\u00fcr Auto Auktionen in Europa?<\/h2>\t\t\t\t\t\t\t\t<\/div>\n\t\t\t\t<\/div>\n\t\t\t\t<div class=\"elementor-element elementor-element-21c3353 elementor-widget elementor-widget-text-editor\" data-id=\"21c3353\" data-element_type=\"widget\" data-widget_type=\"text-editor.default\">\n\t\t\t\t<div class=\"elementor-widget-container\">\n\t\t\t\t\t\t\t\t\t<h3>Erfahren Sie mehr mit Manheim Express!<\/h3>\t\t\t\t\t\t\t\t<\/div>\n\t\t\t\t<\/div>\n\t\t\t\t<div class=\"elementor-element elementor-element-c37119d elementor-widget elementor-widget-text-editor\" data-id=\"c37119d\" data-element_type=\"widget\" data-widget_type=\"text-editor.default\">\n\t\t\t\t<div class=\"elementor-widget-container\">\n\t\t\t\t\t\t\t\t\t<p>Der Blick \u00fcber die Grenze, nach Auto Auktionen in Europa, geh\u00f6rt f\u00fcr manche Privatk\u00e4ufer und H\u00e4ndler schon zum festen Bestandteil bei der Fahrzeugsuche. W\u00e4hrend der EU-Binnenmarkt selbstverst\u00e4ndlich ein riesiges Angebot an Fahrzeugen zur Verf\u00fcgung stellt, bestehen auch gewisse Risiken bei Auto Auktionen in Europa.<\/p><p>Als Nutzer von pkwNOW informieren wir Sie selbstverst\u00e4ndlich auch \u00fcber Auto Auktionen in Europa. Auf unserem Portal wissen Sie zudem immer, mit wem Sie es zu tun haben: mit den Profis von pkwNOW!<\/p>\t\t\t\t\t\t\t\t<\/div>\n\t\t\t\t<\/div>\n\t\t\t\t<div class=\"elementor-element elementor-element-76774e4 elementor-widget elementor-widget-button\" data-id=\"76774e4\" data-element_type=\"widget\" data-widget_type=\"button.default\">\n\t\t\t\t<div class=\"elementor-widget-container\">\n\t\t\t\t\t\t\t\t\t<div class=\"elementor-button-wrapper\">\n\t\t\t\t\t<a class=\"elementor-button elementor-button-link elementor-size-lg\" href=\"#\">\n\t\t\t\t\t\t<span class=\"elementor-button-content-wrapper\">\n\t\t\t\t\t\t\t\t\t<span class=\"elementor-button-text\">Weiterlesen<\/span>\n\t\t\t\t\t<\/span>\n\t\t\t\t\t<\/a>\n\t\t\t\t<\/div>\n\t\t\t\t\t\t\t\t<\/div>\n\t\t\t\t<\/div>\n\t\t\t\t<div class=\"elementor-element elementor-element-93513c7 elementor-widget elementor-widget-image\" data-id=\"93513c7\" data-element_type=\"widget\" data-widget_type=\"image.default\">\n\t\t\t\t<div class=\"elementor-widget-container\">\n\t\t\t\t\t\t\t\t\t\t\t\t\t\t\t<img fetchpriority=\"high\" decoding=\"async\" width=\"800\" height=\"389\" src=\"https:\/\/www.manheim-express.eu\/wp-content\/uploads\/2022\/11\/Manheim-Express-Estate-car.png\" class=\"attachment-large size-large wp-image-14639\" alt=\"\" srcset=\"https:\/\/www.manheim-express.eu\/wp-content\/uploads\/2022\/11\/Manheim-Express-Estate-car.png 1024w, https:\/\/www.manheim-express.eu\/wp-content\/uploads\/2022\/11\/Manheim-Express-Estate-car-300x146.png 300w, https:\/\/www.manheim-express.eu\/wp-content\/uploads\/2022\/11\/Manheim-Express-Estate-car-768x374.png 768w\" sizes=\"(max-width: 800px) 100vw, 800px\" \/>\t\t\t\t\t\t\t\t\t\t\t\t\t\t\t<\/div>\n\t\t\t\t<\/div>\n\t\t\t\t\t<\/div>\n\t\t<\/div>\n\t\t\t\t<div class=\"elementor-column elementor-col-50 elementor-top-column elementor-element elementor-element-213236b\" data-id=\"213236b\" data-element_type=\"column\" data-settings=\"{&quot;background_background&quot;:&quot;classic&quot;}\">\n\t\t\t<div class=\"elementor-widget-wrap elementor-element-populated\">\n\t\t\t\t\t\t<div class=\"elementor-element elementor-element-e9c050a elementor-widget elementor-widget-text-editor\" data-id=\"e9c050a\" data-element_type=\"widget\" data-widget_type=\"text-editor.default\">\n\t\t\t\t<div class=\"elementor-widget-container\">\n\t\t\t\t\t\t\t\t\t<h2>Auto Auktionen in Europa \u2013 ein lukrativer Markt f\u00fcr H\u00e4ndler?<\/h2>\t\t\t\t\t\t\t\t<\/div>\n\t\t\t\t<\/div>\n\t\t\t\t<div class=\"elementor-element elementor-element-8d896a4 elementor-widget elementor-widget-text-editor\" data-id=\"8d896a4\" data-element_type=\"widget\" data-widget_type=\"text-editor.default\">\n\t\t\t\t<div class=\"elementor-widget-container\">\n\t\t\t\t\t\t\t\t\t<p>Die Europ\u00e4ische Wirtschaftsgemeinschaft wirkt sich auch auf den Markt f\u00fcr Auto Auktionen in Europa aus. B\u00fcrger der Europ\u00e4ischen Union k\u00f6nnen innerhalb der Zoll-Union Autos beliebig kaufen und verkaufen. Die Preisgestaltung der Hersteller variiert mitunter zwischen den einzelnen L\u00e4ndern erheblich, was sich wiederum auf die Gebrauchtwagenpreise der Auto Auktionen in Europa auswirkt. Hinzu kommt, dass die jeweiligen Zulassungssteuern des Landes f\u00fcr K\u00e4ufer aus Deutschland nicht anfallen. Es ist daher nicht verwunderlich, dass viele H\u00e4ndler und Privatk\u00e4ufer den Blick \u00fcber die deutsche Grenze wagen und nach g\u00fcnstigen Auto Auktionen in Europa Ausschau halten. Damit wird das in Deutschland ohnehin schon breit gef\u00e4cherte Angebot an Auto Auktionen nochmals erweitert. Auch Verk\u00e4ufer k\u00f6nnen von Auto Auktionen in Europa profitieren, da sich der Kreis der potenziellen K\u00e4ufer erheblich ausweiten l\u00e4sst. Aber selbstverst\u00e4ndlich bedeutet eine Erweiterung auf Auto Auktionen in ganz Europa auch eine gewisse Sorgfalt beim Kauf. Hierzu geh\u00f6rt ebenfalls, dass sich der K\u00e4ufer vor dem Abschluss \u00fcber m\u00f6gliche Transportwege und\u00a0 -kosten informiert.<\/p>\t\t\t\t\t\t\t\t<\/div>\n\t\t\t\t<\/div>\n\t\t\t\t<div class=\"elementor-element elementor-element-b3d2cf9 elementor-widget elementor-widget-text-editor\" data-id=\"b3d2cf9\" data-element_type=\"widget\" data-widget_type=\"text-editor.default\">\n\t\t\t\t<div class=\"elementor-widget-container\">\n\t\t\t\t\t\t\t\t\t<h2 class=\"text-center\">Was bei Auto Auktionen in Europa beachtet werden sollte<\/h2>\t\t\t\t\t\t\t\t<\/div>\n\t\t\t\t<\/div>\n\t\t\t\t<div class=\"elementor-element elementor-element-76f2c0f elementor-widget elementor-widget-text-editor\" data-id=\"76f2c0f\" data-element_type=\"widget\" data-widget_type=\"text-editor.default\">\n\t\t\t\t<div class=\"elementor-widget-container\">\n\t\t\t\t\t\t\t\t\t<p>So interessant und reizvoll es sein kann, ein Auto in Auktionen in ganz Europa zu suchen, so wichtig ist es, sich einige Grundz\u00fcge des Autohandels in Europa zu vergegenw\u00e4rtigen. So ist es beispielsweise wichtig zu wissen, dass das gleiche Modell in verschiedenen L\u00e4ndern mit unterschiedlichen Ausstattungen und Extras versehen sein kann. Dieser Hinweis ist insbesondere f\u00fcr online Auktionen in Europa wichtig, da das Fahrzeug nicht vor Ort besichtigt werden kann. Es ist also m\u00f6glich, dass ein Auto, das bei einer Auktion in Europa ersteigert wird, sich von dem Modell, das man aus Deutschland kennt, mehr oder weniger unterscheidet. Das gilt auch f\u00fcr andere Parameter wie die Leistung des Motors oder Emissionswerte. Hier sollten Nutzer von Auto Auktionen in Europa\u00a0 genau hinschauen und im Zweifelsfall beim H\u00e4ndler nachfragen. Beim Abschluss eines Kaufvertrages bei Auto Auktionen in Europa sollte ebenfalls sorgf\u00e4ltig vorgegangen werden. Bei Unklarheiten durch fremdsprachliche Formulierungen sollte nachgefragt und f\u00fcr eine f\u00fcr beide Parteien klare Regelung gesorgt werden. Nicht vergessen werden darf auch, dass im Falle einer \u00dcberf\u00fchrung eines Fahrzeuges nach Deutschland 19% Mehrwertsteuer f\u00e4llig werden.<\/p>\t\t\t\t\t\t\t\t<\/div>\n\t\t\t\t<\/div>\n\t\t\t\t\t<\/div>\n\t\t<\/div>\n\t\t\t\t\t<\/div>\n\t\t<\/section>\n\t\t\t\t<\/div>\n\t\t","protected":false},"excerpt":{"rendered":"<p>Sie interessieren sich f\u00fcr Auto Auktionen in Europa? Erfahren Sie mehr mit Manheim Express! Der Blick \u00fcber die Grenze, nach Auto Auktionen in Europa, geh\u00f6rt f\u00fcr manche Privatk\u00e4ufer und H\u00e4ndler schon zum festen Bestandteil bei der Fahrzeugsuche. W\u00e4hrend der EU-Binnenmarkt selbstverst\u00e4ndlich ein riesiges Angebot an Fahrzeugen zur Verf\u00fcgung stellt, bestehen auch gewisse Risiken bei Auto [&hellip;]<\/p>\n","protected":false},"author":7,"featured_media":0,"parent":11571,"menu_order":0,"comment_status":"closed","ping_status":"closed","template":"","meta":{"_acf_changed":false,"footnotes":""},"wf_page_folders":[156],"class_list":["post-16142","page","type-page","status-publish","hentry"],"acf":[],"yoast_head":"<!-- This site is optimized with the Yoast SEO plugin v25.8 - https:\/\/yoast.com\/wordpress\/plugins\/seo\/ -->\n<title>Auto Auktionen in Europa - Manheim Express die neue Auktionsplattform f\u00fcr den KFZ Handel<\/title>\n<meta name=\"description\" content=\"Die Europ\u00e4ische Wirtschaftsgemeinschaft wirkt sich auch auf den Markt f\u00fcr Auto Auktionen in Europa aus. B\u00fcrger der Europ\u00e4ischen Union k\u00f6nnen innerhalb der Zoll-Union Autos beliebig kaufen und verkaufen.\" \/>\n<meta name=\"robots\" content=\"index, follow, max-snippet:-1, max-image-preview:large, max-video-preview:-1\" \/>\n<link rel=\"canonical\" href=\"https:\/\/www.manheim-express.eu\/de\/glossar\/auto-auktionen-in-europa\/\" \/>\n<meta property=\"og:locale\" content=\"de_DE\" \/>\n<meta property=\"og:type\" content=\"article\" \/>\n<meta property=\"og:title\" content=\"Auto Auktionen in Europa - Manheim Express die neue Auktionsplattform f\u00fcr den KFZ Handel\" \/>\n<meta property=\"og:description\" content=\"Die Europ\u00e4ische Wirtschaftsgemeinschaft wirkt sich auch auf den Markt f\u00fcr Auto Auktionen in Europa aus. B\u00fcrger der Europ\u00e4ischen Union k\u00f6nnen innerhalb der Zoll-Union Autos beliebig kaufen und verkaufen.\" \/>\n<meta property=\"og:url\" content=\"https:\/\/www.manheim-express.eu\/de\/glossar\/auto-auktionen-in-europa\/\" \/>\n<meta property=\"og:site_name\" content=\"Manheim Express\" \/>\n<meta property=\"article:publisher\" content=\"https:\/\/www.facebook.com\/manheimexpresseurope\/\" \/>\n<meta property=\"article:modified_time\" content=\"2024-01-15T14:04:40+00:00\" \/>\n<meta property=\"og:image\" content=\"https:\/\/www.manheim-express.eu\/wp-content\/uploads\/2022\/11\/Manheim-Express-Estate-car.png\" \/>\n<meta name=\"twitter:card\" content=\"summary_large_image\" \/>\n<meta name=\"twitter:label1\" content=\"Gesch\u00e4tzte Lesezeit\" \/>\n\t<meta name=\"twitter:data1\" content=\"2\u00a0Minuten\" \/>\n<script type=\"application\/ld+json\" class=\"yoast-schema-graph\">{\"@context\":\"https:\/\/schema.org\",\"@graph\":[{\"@type\":\"WebPage\",\"@id\":\"https:\/\/www.manheim-express.eu\/de\/glossar\/auto-auktionen-in-europa\/\",\"url\":\"https:\/\/www.manheim-express.eu\/de\/glossar\/auto-auktionen-in-europa\/\",\"name\":\"Auto Auktionen in Europa - Manheim Express die neue Auktionsplattform f\u00fcr den KFZ Handel\",\"isPartOf\":{\"@id\":\"https:\/\/www.manheim-express.eu\/de\/#website\"},\"primaryImageOfPage\":{\"@id\":\"https:\/\/www.manheim-express.eu\/de\/glossar\/auto-auktionen-in-europa\/#primaryimage\"},\"image\":{\"@id\":\"https:\/\/www.manheim-express.eu\/de\/glossar\/auto-auktionen-in-europa\/#primaryimage\"},\"thumbnailUrl\":\"https:\/\/www.manheim-express.eu\/wp-content\/uploads\/2022\/11\/Manheim-Express-Estate-car.png\",\"datePublished\":\"2024-01-15T14:04:39+00:00\",\"dateModified\":\"2024-01-15T14:04:40+00:00\",\"description\":\"Die Europ\u00e4ische Wirtschaftsgemeinschaft wirkt sich auch auf den Markt f\u00fcr Auto Auktionen in Europa aus. B\u00fcrger der Europ\u00e4ischen Union k\u00f6nnen innerhalb der Zoll-Union Autos beliebig kaufen und verkaufen.\",\"breadcrumb\":{\"@id\":\"https:\/\/www.manheim-express.eu\/de\/glossar\/auto-auktionen-in-europa\/#breadcrumb\"},\"inLanguage\":\"de\",\"potentialAction\":[{\"@type\":\"ReadAction\",\"target\":[\"https:\/\/www.manheim-express.eu\/de\/glossar\/auto-auktionen-in-europa\/\"]}]},{\"@type\":\"ImageObject\",\"inLanguage\":\"de\",\"@id\":\"https:\/\/www.manheim-express.eu\/de\/glossar\/auto-auktionen-in-europa\/#primaryimage\",\"url\":\"https:\/\/www.manheim-express.eu\/wp-content\/uploads\/2022\/11\/Manheim-Express-Estate-car.png\",\"contentUrl\":\"https:\/\/www.manheim-express.eu\/wp-content\/uploads\/2022\/11\/Manheim-Express-Estate-car.png\"},{\"@type\":\"BreadcrumbList\",\"@id\":\"https:\/\/www.manheim-express.eu\/de\/glossar\/auto-auktionen-in-europa\/#breadcrumb\",\"itemListElement\":[{\"@type\":\"ListItem\",\"position\":1,\"name\":\"Home\",\"item\":\"https:\/\/www.manheim-express.eu\/de\/\"},{\"@type\":\"ListItem\",\"position\":2,\"name\":\"Glossar\",\"item\":\"https:\/\/www.manheim-express.eu\/de\/glossar\/\"},{\"@type\":\"ListItem\",\"position\":3,\"name\":\"Auto Auktionen in Europa\"}]},{\"@type\":\"WebSite\",\"@id\":\"https:\/\/www.manheim-express.eu\/de\/#website\",\"url\":\"https:\/\/www.manheim-express.eu\/de\/\",\"name\":\"Manheim Express\",\"description\":\"\",\"publisher\":{\"@id\":\"https:\/\/www.manheim-express.eu\/de\/#organization\"},\"potentialAction\":[{\"@type\":\"SearchAction\",\"target\":{\"@type\":\"EntryPoint\",\"urlTemplate\":\"https:\/\/www.manheim-express.eu\/de\/?s={search_term_string}\"},\"query-input\":{\"@type\":\"PropertyValueSpecification\",\"valueRequired\":true,\"valueName\":\"search_term_string\"}}],\"inLanguage\":\"de\"},{\"@type\":\"Organization\",\"@id\":\"https:\/\/www.manheim-express.eu\/de\/#organization\",\"name\":\"Manheim Express\",\"url\":\"https:\/\/www.manheim-express.eu\/de\/\",\"logo\":{\"@type\":\"ImageObject\",\"inLanguage\":\"de\",\"@id\":\"https:\/\/www.manheim-express.eu\/de\/#\/schema\/logo\/image\/\",\"url\":\"https:\/\/www.manheim-express.eu\/wp-content\/uploads\/2021\/07\/manheim-express-logo-light.png\",\"contentUrl\":\"https:\/\/www.manheim-express.eu\/wp-content\/uploads\/2021\/07\/manheim-express-logo-light.png\",\"width\":1163,\"height\":392,\"caption\":\"Manheim Express\"},\"image\":{\"@id\":\"https:\/\/www.manheim-express.eu\/de\/#\/schema\/logo\/image\/\"},\"sameAs\":[\"https:\/\/www.facebook.com\/manheimexpresseurope\/\",\"https:\/\/www.instagram.com\/manheim.express\",\"https:\/\/www.linkedin.com\/company\/manheim-express\/\",\"https:\/\/www.youtube.com\/channel\/UCRKJajJPvJv-ao7Tk7qra5Q\/\"]}]}<\/script>\n<!-- \/ Yoast SEO plugin. -->","yoast_head_json":{"title":"Auto Auktionen in Europa - Manheim Express die neue Auktionsplattform f\u00fcr den KFZ Handel","description":"Die Europ\u00e4ische Wirtschaftsgemeinschaft wirkt sich auch auf den Markt f\u00fcr Auto Auktionen in Europa aus. B\u00fcrger der Europ\u00e4ischen Union k\u00f6nnen innerhalb der Zoll-Union Autos beliebig kaufen und verkaufen.","robots":{"index":"index","follow":"follow","max-snippet":"max-snippet:-1","max-image-preview":"max-image-preview:large","max-video-preview":"max-video-preview:-1"},"canonical":"https:\/\/www.manheim-express.eu\/de\/glossar\/auto-auktionen-in-europa\/","og_locale":"de_DE","og_type":"article","og_title":"Auto Auktionen in Europa - Manheim Express die neue Auktionsplattform f\u00fcr den KFZ Handel","og_description":"Die Europ\u00e4ische Wirtschaftsgemeinschaft wirkt sich auch auf den Markt f\u00fcr Auto Auktionen in Europa aus. B\u00fcrger der Europ\u00e4ischen Union k\u00f6nnen innerhalb der Zoll-Union Autos beliebig kaufen und verkaufen.","og_url":"https:\/\/www.manheim-express.eu\/de\/glossar\/auto-auktionen-in-europa\/","og_site_name":"Manheim Express","article_publisher":"https:\/\/www.facebook.com\/manheimexpresseurope\/","article_modified_time":"2024-01-15T14:04:40+00:00","og_image":[{"url":"https:\/\/www.manheim-express.eu\/wp-content\/uploads\/2022\/11\/Manheim-Express-Estate-car.png","type":"","width":"","height":""}],"twitter_card":"summary_large_image","twitter_misc":{"Gesch\u00e4tzte Lesezeit":"2\u00a0Minuten"},"schema":{"@context":"https:\/\/schema.org","@graph":[{"@type":"WebPage","@id":"https:\/\/www.manheim-express.eu\/de\/glossar\/auto-auktionen-in-europa\/","url":"https:\/\/www.manheim-express.eu\/de\/glossar\/auto-auktionen-in-europa\/","name":"Auto Auktionen in Europa - Manheim Express die neue Auktionsplattform f\u00fcr den KFZ Handel","isPartOf":{"@id":"https:\/\/www.manheim-express.eu\/de\/#website"},"primaryImageOfPage":{"@id":"https:\/\/www.manheim-express.eu\/de\/glossar\/auto-auktionen-in-europa\/#primaryimage"},"image":{"@id":"https:\/\/www.manheim-express.eu\/de\/glossar\/auto-auktionen-in-europa\/#primaryimage"},"thumbnailUrl":"https:\/\/www.manheim-express.eu\/wp-content\/uploads\/2022\/11\/Manheim-Express-Estate-car.png","datePublished":"2024-01-15T14:04:39+00:00","dateModified":"2024-01-15T14:04:40+00:00","description":"Die Europ\u00e4ische Wirtschaftsgemeinschaft wirkt sich auch auf den Markt f\u00fcr Auto Auktionen in Europa aus. B\u00fcrger der Europ\u00e4ischen Union k\u00f6nnen innerhalb der Zoll-Union Autos beliebig kaufen und verkaufen.","breadcrumb":{"@id":"https:\/\/www.manheim-express.eu\/de\/glossar\/auto-auktionen-in-europa\/#breadcrumb"},"inLanguage":"de","potentialAction":[{"@type":"ReadAction","target":["https:\/\/www.manheim-express.eu\/de\/glossar\/auto-auktionen-in-europa\/"]}]},{"@type":"ImageObject","inLanguage":"de","@id":"https:\/\/www.manheim-express.eu\/de\/glossar\/auto-auktionen-in-europa\/#primaryimage","url":"https:\/\/www.manheim-express.eu\/wp-content\/uploads\/2022\/11\/Manheim-Express-Estate-car.png","contentUrl":"https:\/\/www.manheim-express.eu\/wp-content\/uploads\/2022\/11\/Manheim-Express-Estate-car.png"},{"@type":"BreadcrumbList","@id":"https:\/\/www.manheim-express.eu\/de\/glossar\/auto-auktionen-in-europa\/#breadcrumb","itemListElement":[{"@type":"ListItem","position":1,"name":"Home","item":"https:\/\/www.manheim-express.eu\/de\/"},{"@type":"ListItem","position":2,"name":"Glossar","item":"https:\/\/www.manheim-express.eu\/de\/glossar\/"},{"@type":"ListItem","position":3,"name":"Auto Auktionen in Europa"}]},{"@type":"WebSite","@id":"https:\/\/www.manheim-express.eu\/de\/#website","url":"https:\/\/www.manheim-express.eu\/de\/","name":"Manheim Express","description":"","publisher":{"@id":"https:\/\/www.manheim-express.eu\/de\/#organization"},"potentialAction":[{"@type":"SearchAction","target":{"@type":"EntryPoint","urlTemplate":"https:\/\/www.manheim-express.eu\/de\/?s={search_term_string}"},"query-input":{"@type":"PropertyValueSpecification","valueRequired":true,"valueName":"search_term_string"}}],"inLanguage":"de"},{"@type":"Organization","@id":"https:\/\/www.manheim-express.eu\/de\/#organization","name":"Manheim Express","url":"https:\/\/www.manheim-express.eu\/de\/","logo":{"@type":"ImageObject","inLanguage":"de","@id":"https:\/\/www.manheim-express.eu\/de\/#\/schema\/logo\/image\/","url":"https:\/\/www.manheim-express.eu\/wp-content\/uploads\/2021\/07\/manheim-express-logo-light.png","contentUrl":"https:\/\/www.manheim-express.eu\/wp-content\/uploads\/2021\/07\/manheim-express-logo-light.png","width":1163,"height":392,"caption":"Manheim Express"},"image":{"@id":"https:\/\/www.manheim-express.eu\/de\/#\/schema\/logo\/image\/"},"sameAs":["https:\/\/www.facebook.com\/manheimexpresseurope\/","https:\/\/www.instagram.com\/manheim.express","https:\/\/www.linkedin.com\/company\/manheim-express\/","https:\/\/www.youtube.com\/channel\/UCRKJajJPvJv-ao7Tk7qra5Q\/"]}]}},"_links":{"self":[{"href":"https:\/\/www.manheim-express.eu\/de\/wp-json\/wp\/v2\/pages\/16142","targetHints":{"allow":["GET"]}}],"collection":[{"href":"https:\/\/www.manheim-express.eu\/de\/wp-json\/wp\/v2\/pages"}],"about":[{"href":"https:\/\/www.manheim-express.eu\/de\/wp-json\/wp\/v2\/types\/page"}],"author":[{"embeddable":true,"href":"https:\/\/www.manheim-express.eu\/de\/wp-json\/wp\/v2\/users\/7"}],"replies":[{"embeddable":true,"href":"https:\/\/www.manheim-express.eu\/de\/wp-json\/wp\/v2\/comments?post=16142"}],"version-history":[{"count":10,"href":"https:\/\/www.manheim-express.eu\/de\/wp-json\/wp\/v2\/pages\/16142\/revisions"}],"predecessor-version":[{"id":16152,"href":"https:\/\/www.manheim-express.eu\/de\/wp-json\/wp\/v2\/pages\/16142\/revisions\/16152"}],"up":[{"embeddable":true,"href":"https:\/\/www.manheim-express.eu\/de\/wp-json\/wp\/v2\/pages\/11571"}],"wp:attachment":[{"href":"https:\/\/www.manheim-express.eu\/de\/wp-json\/wp\/v2\/media?parent=16142"}],"wp:term":[{"taxonomy":"wf_page_folders","embeddable":true,"href":"https:\/\/www.manheim-express.eu\/de\/wp-json\/wp\/v2\/wf_page_folders?post=16142"}],"curies":[{"name":"wp","href":"https:\/\/api.w.org\/{rel}","templated":true}]}}