{"id":16120,"date":"2024-01-15T13:53:36","date_gmt":"2024-01-15T13:53:36","guid":{"rendered":"https:\/\/www.manheim-express.eu\/?page_id=16120"},"modified":"2024-01-15T13:53:37","modified_gmt":"2024-01-15T13:53:37","slug":"autoauktionen","status":"publish","type":"page","link":"https:\/\/www.manheim-express.eu\/de\/glossar\/autoauktionen\/","title":{"rendered":"Autoauktionen"},"content":{"rendered":"\t\t<div data-elementor-type=\"wp-page\" data-elementor-id=\"16120\" class=\"elementor elementor-16120\" data-elementor-post-type=\"page\">\n\t\t\t\t\t\t<section class=\"elementor-section elementor-top-section elementor-element elementor-element-5ad223c elementor-section-full_width elementor-section-stretched elementor-section-height-default elementor-section-height-default\" data-id=\"5ad223c\" data-element_type=\"section\" data-settings=\"{&quot;stretch_section&quot;:&quot;section-stretched&quot;}\">\n\t\t\t\t\t\t<div class=\"elementor-container elementor-column-gap-default\">\n\t\t\t\t\t<div class=\"elementor-column elementor-col-50 elementor-top-column elementor-element elementor-element-d3b519c\" data-id=\"d3b519c\" data-element_type=\"column\" data-settings=\"{&quot;background_background&quot;:&quot;classic&quot;}\">\n\t\t\t<div class=\"elementor-widget-wrap elementor-element-populated\">\n\t\t\t\t\t\t<div class=\"elementor-element elementor-element-036dc3a elementor-widget elementor-widget-text-editor\" data-id=\"036dc3a\" data-element_type=\"widget\" data-widget_type=\"text-editor.default\">\n\t\t\t\t<div class=\"elementor-widget-container\">\n\t\t\t\t\t\t\t\t\t<h2>Wie Sie Autoauktionen richtig nutzen<\/h2>\t\t\t\t\t\t\t\t<\/div>\n\t\t\t\t<\/div>\n\t\t\t\t<div class=\"elementor-element elementor-element-21c3353 elementor-widget elementor-widget-text-editor\" data-id=\"21c3353\" data-element_type=\"widget\" data-widget_type=\"text-editor.default\">\n\t\t\t\t<div class=\"elementor-widget-container\">\n\t\t\t\t\t\t\t\t\t<h3>Mit Manheim Express professionell und schnell handeln<\/h3>\t\t\t\t\t\t\t\t<\/div>\n\t\t\t\t<\/div>\n\t\t\t\t<div class=\"elementor-element elementor-element-c37119d elementor-widget elementor-widget-text-editor\" data-id=\"c37119d\" data-element_type=\"widget\" data-widget_type=\"text-editor.default\">\n\t\t\t\t<div class=\"elementor-widget-container\">\n\t\t\t\t\t\t\t\t\t<p>Autoauktionen sind ein kontinuierlich wachsendes Marktsegment und bieten H\u00e4ndlern eine Vielzahl an M\u00f6glichkeiten. Mit Manheim Express hat sich eine Plattform auf dem B2B-Markt etabliert, die auf die Bed\u00fcrfnisse von H\u00e4ndlern zugeschnitten ist.<\/p><p>Inzahlungnahmen und alle Zu- und Verk\u00e4ufe lassen sich mit wenigen Klicks abwickeln. Hier erfahren Sie, was Manheim Express von anderen Autoauktionen unterscheidet und wie Sie sich schnell und kostenlos anmelden k\u00f6nnen.<\/p>\t\t\t\t\t\t\t\t<\/div>\n\t\t\t\t<\/div>\n\t\t\t\t<div class=\"elementor-element elementor-element-76774e4 elementor-widget elementor-widget-button\" data-id=\"76774e4\" data-element_type=\"widget\" data-widget_type=\"button.default\">\n\t\t\t\t<div class=\"elementor-widget-container\">\n\t\t\t\t\t\t\t\t\t<div class=\"elementor-button-wrapper\">\n\t\t\t\t\t<a class=\"elementor-button elementor-button-link elementor-size-lg\" href=\"#\">\n\t\t\t\t\t\t<span class=\"elementor-button-content-wrapper\">\n\t\t\t\t\t\t\t\t\t<span class=\"elementor-button-text\">Weiterlesen<\/span>\n\t\t\t\t\t<\/span>\n\t\t\t\t\t<\/a>\n\t\t\t\t<\/div>\n\t\t\t\t\t\t\t\t<\/div>\n\t\t\t\t<\/div>\n\t\t\t\t<div class=\"elementor-element elementor-element-93513c7 elementor-widget elementor-widget-image\" data-id=\"93513c7\" data-element_type=\"widget\" data-widget_type=\"image.default\">\n\t\t\t\t<div class=\"elementor-widget-container\">\n\t\t\t\t\t\t\t\t\t\t\t\t\t\t\t<img fetchpriority=\"high\" decoding=\"async\" width=\"800\" height=\"389\" src=\"https:\/\/www.manheim-express.eu\/wp-content\/uploads\/2022\/11\/Manheim-Express-Estate-car.png\" class=\"attachment-large size-large wp-image-14639\" alt=\"\" srcset=\"https:\/\/www.manheim-express.eu\/wp-content\/uploads\/2022\/11\/Manheim-Express-Estate-car.png 1024w, https:\/\/www.manheim-express.eu\/wp-content\/uploads\/2022\/11\/Manheim-Express-Estate-car-300x146.png 300w, https:\/\/www.manheim-express.eu\/wp-content\/uploads\/2022\/11\/Manheim-Express-Estate-car-768x374.png 768w\" sizes=\"(max-width: 800px) 100vw, 800px\" \/>\t\t\t\t\t\t\t\t\t\t\t\t\t\t\t<\/div>\n\t\t\t\t<\/div>\n\t\t\t\t\t<\/div>\n\t\t<\/div>\n\t\t\t\t<div class=\"elementor-column elementor-col-50 elementor-top-column elementor-element elementor-element-213236b\" data-id=\"213236b\" data-element_type=\"column\" data-settings=\"{&quot;background_background&quot;:&quot;classic&quot;}\">\n\t\t\t<div class=\"elementor-widget-wrap elementor-element-populated\">\n\t\t\t\t\t\t<div class=\"elementor-element elementor-element-e9c050a elementor-widget elementor-widget-text-editor\" data-id=\"e9c050a\" data-element_type=\"widget\" data-widget_type=\"text-editor.default\">\n\t\t\t\t<div class=\"elementor-widget-container\">\n\t\t\t\t\t\t\t\t\t<h2>Autoauktionen im Internet &#8211; worauf Sie achten m\u00fcssen<\/h2>\t\t\t\t\t\t\t\t<\/div>\n\t\t\t\t<\/div>\n\t\t\t\t<div class=\"elementor-element elementor-element-8d896a4 elementor-widget elementor-widget-text-editor\" data-id=\"8d896a4\" data-element_type=\"widget\" data-widget_type=\"text-editor.default\">\n\t\t\t\t<div class=\"elementor-widget-container\">\n\t\t\t\t\t\t\t\t\t<p>Autoauktionen mit gebrauchten Kraftfahrzeugen im Internet haben in den letzten Jahren einen rasanten Aufstieg erlebt. Das bietet viele Chancen, kann aber auch Nachteile haben: Das Angebot an Portalen und Plattformen, die online Autoauktionen anbieten, ist un\u00fcbersichtlich geworden.<\/p><p>Diverse Autoauktionen f\u00fcr private und gewerbliche K\u00e4ufer bieten eine breite Auswahl und differenzierte Suchfunktionen. Andere Portale f\u00fcr Autoauktionen locken mit interessanten Features und Angeboten.<\/p><p>K\u00e4ufer oder Verk\u00e4ufer stehen daher insbesondere am Beginn ihrer Aktivit\u00e4ten im Onlinehandel vor der Frage, bei welcher Plattform sie am besten aufgehoben sind. Denn oft unterscheiden sich die verschiedenen Autoauktionen hinsichtlich Zielgruppe, Auswahl und Service erheblich.<\/p>\t\t\t\t\t\t\t\t<\/div>\n\t\t\t\t<\/div>\n\t\t\t\t<div class=\"elementor-element elementor-element-b3d2cf9 elementor-widget elementor-widget-text-editor\" data-id=\"b3d2cf9\" data-element_type=\"widget\" data-widget_type=\"text-editor.default\">\n\t\t\t\t<div class=\"elementor-widget-container\">\n\t\t\t\t\t\t\t\t\t<h2 class=\"text-center\">Warum die Auswahl der Plattform wichtig ist<\/h2>\t\t\t\t\t\t\t\t<\/div>\n\t\t\t\t<\/div>\n\t\t\t\t<div class=\"elementor-element elementor-element-76f2c0f elementor-widget elementor-widget-text-editor\" data-id=\"76f2c0f\" data-element_type=\"widget\" data-widget_type=\"text-editor.default\">\n\t\t\t\t<div class=\"elementor-widget-container\">\n\t\t\t\t\t\t\t\t\t<p>Hier lohnt es sich, ein wenig Zeit zu investieren und den Anbieter etwas genauer unter die Lupe zu nehmen. Grunds\u00e4tzlich muss zun\u00e4chst zwischen Portalen, die sich sowohl an H\u00e4ndler als auch Privatkunden richten und solchen, die ausschlie\u00dflich zwischen H\u00e4ndlern (B2B-Autoauktionen) vermitteln, unterschieden werden.<\/p><p>Private Verk\u00e4ufer sind auf B2B-Plattformen nicht zugelassen, da hier rechtliche Sonderregelungen gelten. So bestehen insbesondere in der Gew\u00e4hrleistung beim Verkauf zwischen H\u00e4ndler und Privatk\u00e4ufer und von H\u00e4ndler zu H\u00e4ndler juristische Unterschiede. Aber auch zwischen den konkurrierenden Anbietern bestehen mitunter deutliche Unterschiede in Service, Angebot und Preisstruktur.<\/p>\t\t\t\t\t\t\t\t<\/div>\n\t\t\t\t<\/div>\n\t\t\t\t<div class=\"elementor-element elementor-element-171c6db elementor-widget elementor-widget-text-editor\" data-id=\"171c6db\" data-element_type=\"widget\" data-widget_type=\"text-editor.default\">\n\t\t\t\t<div class=\"elementor-widget-container\">\n\t\t\t\t\t\t\t\t\t<h2 class=\"text-center\">Was unterscheidet Manheim Express von anderen Autoauktionen?<\/h2>\t\t\t\t\t\t\t\t<\/div>\n\t\t\t\t<\/div>\n\t\t\t\t<div class=\"elementor-element elementor-element-ca51b1d elementor-widget elementor-widget-text-editor\" data-id=\"ca51b1d\" data-element_type=\"widget\" data-widget_type=\"text-editor.default\">\n\t\t\t\t<div class=\"elementor-widget-container\">\n\t\t\t\t\t\t\t\t\t<p>Bei Manheim Express handelt es sich um eine reine B2B-Plattform: Hier kaufen und verkaufen ausschlie\u00dflich H\u00e4ndler untereinander. Autoauktionen im H\u00e4ndlergesch\u00e4ft stellen spezifische Anforderungen an K\u00e4ufer und Verk\u00e4ufer, und f\u00fcr diese speziellen Bed\u00fcrfnisse wurde Manheim Express ma\u00dfgeschneidert. So bringt das einzigartige Inzahlungnahme-Tool H\u00e4ndlern schnell und einfach verbindliche Angebote.<\/p><p>W\u00e4hrend andere Autoauktionen als Zwischenh\u00e4ndler fungieren und durch die Inzahlungnahme von Fahrzeugen versuchen, einen maximalen Eigengewinn zu generieren, haben bei Manheim Express-Autoauktionen Autoh\u00e4ndler und Autoh\u00e4user die M\u00f6glichkeit, ihre Fahrzeuge direkt anderen H\u00e4ndlern anzubieten. Der Verk\u00e4ufer zahlt lediglich einen geringen Fixwert f\u00fcr den Verkauf seines Fahrzeuges. Der Ankauf ist kostenfrei.<\/p>\t\t\t\t\t\t\t\t<\/div>\n\t\t\t\t<\/div>\n\t\t\t\t<div class=\"elementor-element elementor-element-3cf939d elementor-widget elementor-widget-text-editor\" data-id=\"3cf939d\" data-element_type=\"widget\" data-widget_type=\"text-editor.default\">\n\t\t\t\t<div class=\"elementor-widget-container\">\n\t\t\t\t\t\t\t\t\t<h2>Enormes Potenzial f\u00fcr Autoh\u00e4user und H\u00e4ndler<\/h2>\t\t\t\t\t\t\t\t<\/div>\n\t\t\t\t<\/div>\n\t\t\t\t<div class=\"elementor-element elementor-element-45f6d89 elementor-widget elementor-widget-text-editor\" data-id=\"45f6d89\" data-element_type=\"widget\" data-widget_type=\"text-editor.default\">\n\t\t\t\t<div class=\"elementor-widget-container\">\n\t\t\t\t\t\t\t\t\t<p>Damit ergeben sich f\u00fcr Autoh\u00e4ndler neue M\u00f6glichkeiten, Altfahrzeuge ihrer potenziellen Neuwagenkunden zu vermarkten. Denn oft sind es gerade relativ geringe Summen, die bei der Inzahlungnahme ein Neuwagengesch\u00e4ft platzen lassen, was letztlich f\u00fcr beide Parteien \u00e4rgerlich ist. Die B2B-Autoauktionen von pkw-NOW k\u00f6nnen schnell neuen Wind in das Inzahlungnahme-Gesch\u00e4ft und damit auch die Neuwagen-Vermarktung bringen.<\/p><p>Sehr interessant f\u00fcr Autoh\u00e4ndler sind die individuellen Verkaufsl\u00f6sungen f\u00fcr Autoauktionen, die sich durch pkw-NOW ergeben. So k\u00f6nnen beispielsweise Autoh\u00e4user, die ein bew\u00e4hrtes Netzwerk bedienen wollen, ihre Angebote ausschlie\u00dflich diesen H\u00e4ndlern anbieten.<\/p>\t\t\t\t\t\t\t\t<\/div>\n\t\t\t\t<\/div>\n\t\t\t\t<div class=\"elementor-element elementor-element-bba6243 elementor-widget elementor-widget-text-editor\" data-id=\"bba6243\" data-element_type=\"widget\" data-widget_type=\"text-editor.default\">\n\t\t\t\t<div class=\"elementor-widget-container\">\n\t\t\t\t\t\t\t\t\t<h2>Wie wird sich der Markt f\u00fcr Autoauktionen in der Zukunft weiterentwickeln?<\/h2>\t\t\t\t\t\t\t\t<\/div>\n\t\t\t\t<\/div>\n\t\t\t\t<div class=\"elementor-element elementor-element-d514f34 elementor-widget elementor-widget-text-editor\" data-id=\"d514f34\" data-element_type=\"widget\" data-widget_type=\"text-editor.default\">\n\t\t\t\t<div class=\"elementor-widget-container\">\n\t\t\t\t\t\t\t\t\t<p>Das relativ neue Ph\u00e4nomen der Kfz-Auktionen im Internet hat innerhalb von wenigen Jahren eine rasante Entwicklung durchlaufen. Autoauktionen haben sich in kurzer Zeit zu einem festen Bestandteil des Gebrauchtwagenmarktes etabliert und ein Abschluss des Wachstums ist nicht abzusehen.<\/p><p>Grunds\u00e4tzlich ist davon auszugehen, dass der erh\u00f6hte Konkurrenzdruck dazu f\u00fchrt, dass die Gesch\u00e4ftsmodelle der Autoauktionen in Zukunft mit einem weiteren Zuwachs an Kundenservice und Dienstleistungen in Erscheinung treten werden. Moderne Plattformen f\u00fcr Versteigerungen wie Manheim Express k\u00f6nnen als Indikatoren dieser Entwicklung angesehen werden. Das umfassende Dienstleistungsangebot und der kontinuierliche Ausbau der Handelsoptionen passen sich problemlos unterschiedlichen Gesch\u00e4ftsmodellen und Verkaufsstrategien an. Sie bieten damit eine zeitgem\u00e4\u00dfe und zukunftssichere Flexibilit\u00e4t und Geschwindigkeit beim Autohandel im Internet.<\/p>\t\t\t\t\t\t\t\t<\/div>\n\t\t\t\t<\/div>\n\t\t\t\t\t<\/div>\n\t\t<\/div>\n\t\t\t\t\t<\/div>\n\t\t<\/section>\n\t\t\t\t<\/div>\n\t\t","protected":false},"excerpt":{"rendered":"<p>Wie Sie Autoauktionen richtig nutzen Mit Manheim Express professionell und schnell handeln Autoauktionen sind ein kontinuierlich wachsendes Marktsegment und bieten H\u00e4ndlern eine Vielzahl an M\u00f6glichkeiten. Mit Manheim Express hat sich eine Plattform auf dem B2B-Markt etabliert, die auf die Bed\u00fcrfnisse von H\u00e4ndlern zugeschnitten ist. Inzahlungnahmen und alle Zu- und Verk\u00e4ufe lassen sich mit wenigen Klicks [&hellip;]<\/p>\n","protected":false},"author":7,"featured_media":0,"parent":11571,"menu_order":0,"comment_status":"closed","ping_status":"closed","template":"","meta":{"_acf_changed":false,"footnotes":""},"wf_page_folders":[156],"class_list":["post-16120","page","type-page","status-publish","hentry"],"acf":[],"yoast_head":"<!-- This site is optimized with the Yoast SEO plugin v25.8 - https:\/\/yoast.com\/wordpress\/plugins\/seo\/ -->\n<title>Autoauktionen - Manheim Express die Auktionsplattform f\u00fcr den KFZ Handel<\/title>\n<meta name=\"description\" content=\"Autoauktionen f\u00fcr B2B - Wie sie als Autohaus oder H\u00e4ndler von unseren Tools und Angeboten profitierten k\u00f6nnen.\" \/>\n<meta name=\"robots\" content=\"index, follow, max-snippet:-1, max-image-preview:large, max-video-preview:-1\" \/>\n<link rel=\"canonical\" href=\"https:\/\/www.manheim-express.eu\/de\/glossar\/autoauktionen\/\" \/>\n<meta property=\"og:locale\" content=\"de_DE\" \/>\n<meta property=\"og:type\" content=\"article\" \/>\n<meta property=\"og:title\" content=\"Autoauktionen - Manheim Express die Auktionsplattform f\u00fcr den KFZ Handel\" \/>\n<meta property=\"og:description\" content=\"Autoauktionen f\u00fcr B2B - Wie sie als Autohaus oder H\u00e4ndler von unseren Tools und Angeboten profitierten k\u00f6nnen.\" \/>\n<meta property=\"og:url\" content=\"https:\/\/www.manheim-express.eu\/de\/glossar\/autoauktionen\/\" \/>\n<meta property=\"og:site_name\" content=\"Manheim Express\" \/>\n<meta property=\"article:publisher\" content=\"https:\/\/www.facebook.com\/manheimexpresseurope\/\" \/>\n<meta property=\"article:modified_time\" content=\"2024-01-15T13:53:37+00:00\" \/>\n<meta property=\"og:image\" content=\"https:\/\/www.manheim-express.eu\/wp-content\/uploads\/2022\/11\/Manheim-Express-Estate-car.png\" \/>\n<meta name=\"twitter:card\" content=\"summary_large_image\" \/>\n<meta name=\"twitter:label1\" content=\"Gesch\u00e4tzte Lesezeit\" \/>\n\t<meta name=\"twitter:data1\" content=\"3\u00a0Minuten\" \/>\n<script type=\"application\/ld+json\" class=\"yoast-schema-graph\">{\"@context\":\"https:\/\/schema.org\",\"@graph\":[{\"@type\":\"WebPage\",\"@id\":\"https:\/\/www.manheim-express.eu\/de\/glossar\/autoauktionen\/\",\"url\":\"https:\/\/www.manheim-express.eu\/de\/glossar\/autoauktionen\/\",\"name\":\"Autoauktionen - Manheim Express die Auktionsplattform f\u00fcr den KFZ Handel\",\"isPartOf\":{\"@id\":\"https:\/\/www.manheim-express.eu\/de\/#website\"},\"primaryImageOfPage\":{\"@id\":\"https:\/\/www.manheim-express.eu\/de\/glossar\/autoauktionen\/#primaryimage\"},\"image\":{\"@id\":\"https:\/\/www.manheim-express.eu\/de\/glossar\/autoauktionen\/#primaryimage\"},\"thumbnailUrl\":\"https:\/\/www.manheim-express.eu\/wp-content\/uploads\/2022\/11\/Manheim-Express-Estate-car.png\",\"datePublished\":\"2024-01-15T13:53:36+00:00\",\"dateModified\":\"2024-01-15T13:53:37+00:00\",\"description\":\"Autoauktionen f\u00fcr B2B - Wie sie als Autohaus oder H\u00e4ndler von unseren Tools und Angeboten profitierten k\u00f6nnen.\",\"breadcrumb\":{\"@id\":\"https:\/\/www.manheim-express.eu\/de\/glossar\/autoauktionen\/#breadcrumb\"},\"inLanguage\":\"de\",\"potentialAction\":[{\"@type\":\"ReadAction\",\"target\":[\"https:\/\/www.manheim-express.eu\/de\/glossar\/autoauktionen\/\"]}]},{\"@type\":\"ImageObject\",\"inLanguage\":\"de\",\"@id\":\"https:\/\/www.manheim-express.eu\/de\/glossar\/autoauktionen\/#primaryimage\",\"url\":\"https:\/\/www.manheim-express.eu\/wp-content\/uploads\/2022\/11\/Manheim-Express-Estate-car.png\",\"contentUrl\":\"https:\/\/www.manheim-express.eu\/wp-content\/uploads\/2022\/11\/Manheim-Express-Estate-car.png\"},{\"@type\":\"BreadcrumbList\",\"@id\":\"https:\/\/www.manheim-express.eu\/de\/glossar\/autoauktionen\/#breadcrumb\",\"itemListElement\":[{\"@type\":\"ListItem\",\"position\":1,\"name\":\"Home\",\"item\":\"https:\/\/www.manheim-express.eu\/de\/\"},{\"@type\":\"ListItem\",\"position\":2,\"name\":\"Glossar\",\"item\":\"https:\/\/www.manheim-express.eu\/de\/glossar\/\"},{\"@type\":\"ListItem\",\"position\":3,\"name\":\"Autoauktionen\"}]},{\"@type\":\"WebSite\",\"@id\":\"https:\/\/www.manheim-express.eu\/de\/#website\",\"url\":\"https:\/\/www.manheim-express.eu\/de\/\",\"name\":\"Manheim Express\",\"description\":\"\",\"publisher\":{\"@id\":\"https:\/\/www.manheim-express.eu\/de\/#organization\"},\"potentialAction\":[{\"@type\":\"SearchAction\",\"target\":{\"@type\":\"EntryPoint\",\"urlTemplate\":\"https:\/\/www.manheim-express.eu\/de\/?s={search_term_string}\"},\"query-input\":{\"@type\":\"PropertyValueSpecification\",\"valueRequired\":true,\"valueName\":\"search_term_string\"}}],\"inLanguage\":\"de\"},{\"@type\":\"Organization\",\"@id\":\"https:\/\/www.manheim-express.eu\/de\/#organization\",\"name\":\"Manheim Express\",\"url\":\"https:\/\/www.manheim-express.eu\/de\/\",\"logo\":{\"@type\":\"ImageObject\",\"inLanguage\":\"de\",\"@id\":\"https:\/\/www.manheim-express.eu\/de\/#\/schema\/logo\/image\/\",\"url\":\"https:\/\/www.manheim-express.eu\/wp-content\/uploads\/2021\/07\/manheim-express-logo-light.png\",\"contentUrl\":\"https:\/\/www.manheim-express.eu\/wp-content\/uploads\/2021\/07\/manheim-express-logo-light.png\",\"width\":1163,\"height\":392,\"caption\":\"Manheim Express\"},\"image\":{\"@id\":\"https:\/\/www.manheim-express.eu\/de\/#\/schema\/logo\/image\/\"},\"sameAs\":[\"https:\/\/www.facebook.com\/manheimexpresseurope\/\",\"https:\/\/www.instagram.com\/manheim.express\",\"https:\/\/www.linkedin.com\/company\/manheim-express\/\",\"https:\/\/www.youtube.com\/channel\/UCRKJajJPvJv-ao7Tk7qra5Q\/\"]}]}<\/script>\n<!-- \/ Yoast SEO plugin. -->","yoast_head_json":{"title":"Autoauktionen - Manheim Express die Auktionsplattform f\u00fcr den KFZ Handel","description":"Autoauktionen f\u00fcr B2B - Wie sie als Autohaus oder H\u00e4ndler von unseren Tools und Angeboten profitierten k\u00f6nnen.","robots":{"index":"index","follow":"follow","max-snippet":"max-snippet:-1","max-image-preview":"max-image-preview:large","max-video-preview":"max-video-preview:-1"},"canonical":"https:\/\/www.manheim-express.eu\/de\/glossar\/autoauktionen\/","og_locale":"de_DE","og_type":"article","og_title":"Autoauktionen - Manheim Express die Auktionsplattform f\u00fcr den KFZ Handel","og_description":"Autoauktionen f\u00fcr B2B - Wie sie als Autohaus oder H\u00e4ndler von unseren Tools und Angeboten profitierten k\u00f6nnen.","og_url":"https:\/\/www.manheim-express.eu\/de\/glossar\/autoauktionen\/","og_site_name":"Manheim Express","article_publisher":"https:\/\/www.facebook.com\/manheimexpresseurope\/","article_modified_time":"2024-01-15T13:53:37+00:00","og_image":[{"url":"https:\/\/www.manheim-express.eu\/wp-content\/uploads\/2022\/11\/Manheim-Express-Estate-car.png","type":"","width":"","height":""}],"twitter_card":"summary_large_image","twitter_misc":{"Gesch\u00e4tzte Lesezeit":"3\u00a0Minuten"},"schema":{"@context":"https:\/\/schema.org","@graph":[{"@type":"WebPage","@id":"https:\/\/www.manheim-express.eu\/de\/glossar\/autoauktionen\/","url":"https:\/\/www.manheim-express.eu\/de\/glossar\/autoauktionen\/","name":"Autoauktionen - Manheim Express die Auktionsplattform f\u00fcr den KFZ Handel","isPartOf":{"@id":"https:\/\/www.manheim-express.eu\/de\/#website"},"primaryImageOfPage":{"@id":"https:\/\/www.manheim-express.eu\/de\/glossar\/autoauktionen\/#primaryimage"},"image":{"@id":"https:\/\/www.manheim-express.eu\/de\/glossar\/autoauktionen\/#primaryimage"},"thumbnailUrl":"https:\/\/www.manheim-express.eu\/wp-content\/uploads\/2022\/11\/Manheim-Express-Estate-car.png","datePublished":"2024-01-15T13:53:36+00:00","dateModified":"2024-01-15T13:53:37+00:00","description":"Autoauktionen f\u00fcr B2B - Wie sie als Autohaus oder H\u00e4ndler von unseren Tools und Angeboten profitierten k\u00f6nnen.","breadcrumb":{"@id":"https:\/\/www.manheim-express.eu\/de\/glossar\/autoauktionen\/#breadcrumb"},"inLanguage":"de","potentialAction":[{"@type":"ReadAction","target":["https:\/\/www.manheim-express.eu\/de\/glossar\/autoauktionen\/"]}]},{"@type":"ImageObject","inLanguage":"de","@id":"https:\/\/www.manheim-express.eu\/de\/glossar\/autoauktionen\/#primaryimage","url":"https:\/\/www.manheim-express.eu\/wp-content\/uploads\/2022\/11\/Manheim-Express-Estate-car.png","contentUrl":"https:\/\/www.manheim-express.eu\/wp-content\/uploads\/2022\/11\/Manheim-Express-Estate-car.png"},{"@type":"BreadcrumbList","@id":"https:\/\/www.manheim-express.eu\/de\/glossar\/autoauktionen\/#breadcrumb","itemListElement":[{"@type":"ListItem","position":1,"name":"Home","item":"https:\/\/www.manheim-express.eu\/de\/"},{"@type":"ListItem","position":2,"name":"Glossar","item":"https:\/\/www.manheim-express.eu\/de\/glossar\/"},{"@type":"ListItem","position":3,"name":"Autoauktionen"}]},{"@type":"WebSite","@id":"https:\/\/www.manheim-express.eu\/de\/#website","url":"https:\/\/www.manheim-express.eu\/de\/","name":"Manheim Express","description":"","publisher":{"@id":"https:\/\/www.manheim-express.eu\/de\/#organization"},"potentialAction":[{"@type":"SearchAction","target":{"@type":"EntryPoint","urlTemplate":"https:\/\/www.manheim-express.eu\/de\/?s={search_term_string}"},"query-input":{"@type":"PropertyValueSpecification","valueRequired":true,"valueName":"search_term_string"}}],"inLanguage":"de"},{"@type":"Organization","@id":"https:\/\/www.manheim-express.eu\/de\/#organization","name":"Manheim Express","url":"https:\/\/www.manheim-express.eu\/de\/","logo":{"@type":"ImageObject","inLanguage":"de","@id":"https:\/\/www.manheim-express.eu\/de\/#\/schema\/logo\/image\/","url":"https:\/\/www.manheim-express.eu\/wp-content\/uploads\/2021\/07\/manheim-express-logo-light.png","contentUrl":"https:\/\/www.manheim-express.eu\/wp-content\/uploads\/2021\/07\/manheim-express-logo-light.png","width":1163,"height":392,"caption":"Manheim Express"},"image":{"@id":"https:\/\/www.manheim-express.eu\/de\/#\/schema\/logo\/image\/"},"sameAs":["https:\/\/www.facebook.com\/manheimexpresseurope\/","https:\/\/www.instagram.com\/manheim.express","https:\/\/www.linkedin.com\/company\/manheim-express\/","https:\/\/www.youtube.com\/channel\/UCRKJajJPvJv-ao7Tk7qra5Q\/"]}]}},"_links":{"self":[{"href":"https:\/\/www.manheim-express.eu\/de\/wp-json\/wp\/v2\/pages\/16120","targetHints":{"allow":["GET"]}}],"collection":[{"href":"https:\/\/www.manheim-express.eu\/de\/wp-json\/wp\/v2\/pages"}],"about":[{"href":"https:\/\/www.manheim-express.eu\/de\/wp-json\/wp\/v2\/types\/page"}],"author":[{"embeddable":true,"href":"https:\/\/www.manheim-express.eu\/de\/wp-json\/wp\/v2\/users\/7"}],"replies":[{"embeddable":true,"href":"https:\/\/www.manheim-express.eu\/de\/wp-json\/wp\/v2\/comments?post=16120"}],"version-history":[{"count":13,"href":"https:\/\/www.manheim-express.eu\/de\/wp-json\/wp\/v2\/pages\/16120\/revisions"}],"predecessor-version":[{"id":16741,"href":"https:\/\/www.manheim-express.eu\/de\/wp-json\/wp\/v2\/pages\/16120\/revisions\/16741"}],"up":[{"embeddable":true,"href":"https:\/\/www.manheim-express.eu\/de\/wp-json\/wp\/v2\/pages\/11571"}],"wp:attachment":[{"href":"https:\/\/www.manheim-express.eu\/de\/wp-json\/wp\/v2\/media?parent=16120"}],"wp:term":[{"taxonomy":"wf_page_folders","embeddable":true,"href":"https:\/\/www.manheim-express.eu\/de\/wp-json\/wp\/v2\/wf_page_folders?post=16120"}],"curies":[{"name":"wp","href":"https:\/\/api.w.org\/{rel}","templated":true}]}}