{"id":16109,"date":"2024-01-15T13:51:34","date_gmt":"2024-01-15T13:51:34","guid":{"rendered":"https:\/\/www.manheim-express.eu\/?page_id=16109"},"modified":"2024-10-09T14:42:40","modified_gmt":"2024-10-09T13:42:40","slug":"auto-auktion-im-grosshandel-manheim-express","status":"publish","type":"page","link":"https:\/\/www.manheim-express.eu\/de\/glossar\/auto-auktion-im-grosshandel-manheim-express\/","title":{"rendered":"Auto Auktion im Gro\u00dfhandel"},"content":{"rendered":"\t\t<div data-elementor-type=\"wp-page\" data-elementor-id=\"16109\" class=\"elementor elementor-16109\" data-elementor-post-type=\"page\">\n\t\t\t\t\t\t<section class=\"elementor-section elementor-top-section elementor-element elementor-element-5ad223c elementor-section-full_width elementor-section-stretched elementor-section-height-default elementor-section-height-default\" data-id=\"5ad223c\" data-element_type=\"section\" data-settings=\"{&quot;stretch_section&quot;:&quot;section-stretched&quot;}\">\n\t\t\t\t\t\t<div class=\"elementor-container elementor-column-gap-default\">\n\t\t\t\t\t<div class=\"elementor-column elementor-col-50 elementor-top-column elementor-element elementor-element-d3b519c\" data-id=\"d3b519c\" data-element_type=\"column\" data-settings=\"{&quot;background_background&quot;:&quot;classic&quot;}\">\n\t\t\t<div class=\"elementor-widget-wrap elementor-element-populated\">\n\t\t\t\t\t\t<div class=\"elementor-element elementor-element-036dc3a elementor-widget elementor-widget-text-editor\" data-id=\"036dc3a\" data-element_type=\"widget\" data-widget_type=\"text-editor.default\">\n\t\t\t\t<div class=\"elementor-widget-container\">\n\t\t\t\t\t\t\t\t\t<h2>Die innovative Auto Auktion f\u00fcr Profis<\/h2>\t\t\t\t\t\t\t\t<\/div>\n\t\t\t\t<\/div>\n\t\t\t\t<div class=\"elementor-element elementor-element-21c3353 elementor-widget elementor-widget-text-editor\" data-id=\"21c3353\" data-element_type=\"widget\" data-widget_type=\"text-editor.default\">\n\t\t\t\t<div class=\"elementor-widget-container\">\n\t\t\t\t\t\t\t\t\t<h3>Werden Sie mit pkwNOW zum professionellen Cartrader!<\/h3>\t\t\t\t\t\t\t\t<\/div>\n\t\t\t\t<\/div>\n\t\t\t\t<div class=\"elementor-element elementor-element-c37119d elementor-widget elementor-widget-text-editor\" data-id=\"c37119d\" data-element_type=\"widget\" data-widget_type=\"text-editor.default\">\n\t\t\t\t<div class=\"elementor-widget-container\">\n\t\t\t\t\t\t\t\t\t<p>Mit den Tools von Manheim Express haben Sie die M\u00f6glichkeit, im Gesch\u00e4ft mit Gebrauchtwagen richtig durchzustarten. Neue Softwarel\u00f6sungen und ein umfassender Service erm\u00f6glichen einen schnellen und m\u00fchelosen An- und Zukauf von Gebrauchtwagen im Gro\u00dfhandel.<\/p><p>Manheim Express ist Ihre Auto Auktion nach Ma\u00df und daher f\u00fcr ganz unterschiedliche Gesch\u00e4ftsmodelle geeignet. Informieren Sie sich hier \u00fcber die vielen Vorteile des Portals und melden Sie sich einfach kostenlos an!<\/p>\t\t\t\t\t\t\t\t<\/div>\n\t\t\t\t<\/div>\n\t\t\t\t<div class=\"elementor-element elementor-element-76774e4 elementor-widget elementor-widget-button\" data-id=\"76774e4\" data-element_type=\"widget\" data-widget_type=\"button.default\">\n\t\t\t\t<div class=\"elementor-widget-container\">\n\t\t\t\t\t\t\t\t\t<div class=\"elementor-button-wrapper\">\n\t\t\t\t\t<a class=\"elementor-button elementor-button-link elementor-size-lg\" href=\"#\">\n\t\t\t\t\t\t<span class=\"elementor-button-content-wrapper\">\n\t\t\t\t\t\t\t\t\t<span class=\"elementor-button-text\">Weiterlesen<\/span>\n\t\t\t\t\t<\/span>\n\t\t\t\t\t<\/a>\n\t\t\t\t<\/div>\n\t\t\t\t\t\t\t\t<\/div>\n\t\t\t\t<\/div>\n\t\t\t\t<div class=\"elementor-element elementor-element-93513c7 elementor-widget elementor-widget-image\" data-id=\"93513c7\" data-element_type=\"widget\" data-widget_type=\"image.default\">\n\t\t\t\t<div class=\"elementor-widget-container\">\n\t\t\t\t\t\t\t\t\t\t\t\t\t\t\t<img fetchpriority=\"high\" decoding=\"async\" width=\"800\" height=\"389\" src=\"https:\/\/www.manheim-express.eu\/wp-content\/uploads\/2022\/11\/Manheim-Express-Estate-car.png\" class=\"attachment-large size-large wp-image-14639\" alt=\"\" srcset=\"https:\/\/www.manheim-express.eu\/wp-content\/uploads\/2022\/11\/Manheim-Express-Estate-car.png 1024w, https:\/\/www.manheim-express.eu\/wp-content\/uploads\/2022\/11\/Manheim-Express-Estate-car-300x146.png 300w, https:\/\/www.manheim-express.eu\/wp-content\/uploads\/2022\/11\/Manheim-Express-Estate-car-768x374.png 768w\" sizes=\"(max-width: 800px) 100vw, 800px\" \/>\t\t\t\t\t\t\t\t\t\t\t\t\t\t\t<\/div>\n\t\t\t\t<\/div>\n\t\t\t\t\t<\/div>\n\t\t<\/div>\n\t\t\t\t<div class=\"elementor-column elementor-col-50 elementor-top-column elementor-element elementor-element-213236b\" data-id=\"213236b\" data-element_type=\"column\" data-settings=\"{&quot;background_background&quot;:&quot;classic&quot;}\">\n\t\t\t<div class=\"elementor-widget-wrap elementor-element-populated\">\n\t\t\t\t\t\t<div class=\"elementor-element elementor-element-e9c050a elementor-widget elementor-widget-text-editor\" data-id=\"e9c050a\" data-element_type=\"widget\" data-widget_type=\"text-editor.default\">\n\t\t\t\t<div class=\"elementor-widget-container\">\n\t\t\t\t\t\t\t\t\t<h2>F\u00fcr wen lohnt sich der Verkauf \/ Ankauf von Fahrzeugen \u00fcber eine Auto Auktion im Gro\u00dfhandel?<\/h2>\t\t\t\t\t\t\t\t<\/div>\n\t\t\t\t<\/div>\n\t\t\t\t<div class=\"elementor-element elementor-element-8d896a4 elementor-widget elementor-widget-text-editor\" data-id=\"8d896a4\" data-element_type=\"widget\" data-widget_type=\"text-editor.default\">\n\t\t\t\t<div class=\"elementor-widget-container\">\n\t\t\t\t\t\t\t\t\t<p>Der Kauf von Kraftfahrzeugen \u00fcber eine Auto Auktion im Gro\u00dfhandel geh\u00f6rt mittlerweile f\u00fcr viele H\u00e4ndler zur Normalit\u00e4t. Das Prinzip einer Auto Auktion im Internet ist zun\u00e4chst das gleiche, wie bei der Versteigerung von Fahrzeugen vor Ort: Die Fahrzeuge werden angeboten und der H\u00f6chstbietende erh\u00e4lt den Zuschlag. Die breiten M\u00f6glichkeiten des Preis- und Angebotsvergleichs, die der Gro\u00dfhandel bietet, stellen f\u00fcr H\u00e4ndler zugleich Chancen und Risiken dar. Erfahrung und das Wissen um einen vertrauensw\u00fcrdigen Verk\u00e4ufer sind bei einer Auto Auktion ausgesprochen hilfreich.<\/p>\t\t\t\t\t\t\t\t<\/div>\n\t\t\t\t<\/div>\n\t\t\t\t<div class=\"elementor-element elementor-element-b3d2cf9 elementor-widget elementor-widget-text-editor\" data-id=\"b3d2cf9\" data-element_type=\"widget\" data-widget_type=\"text-editor.default\">\n\t\t\t\t<div class=\"elementor-widget-container\">\n\t\t\t\t\t\t\t\t\t<h2 class=\"text-center\">Interessante Optionen f\u00fcr H\u00e4ndler im Auto Gro\u00dfhandel<\/h2>\t\t\t\t\t\t\t\t<\/div>\n\t\t\t\t<\/div>\n\t\t\t\t<div class=\"elementor-element elementor-element-76f2c0f elementor-widget elementor-widget-text-editor\" data-id=\"76f2c0f\" data-element_type=\"widget\" data-widget_type=\"text-editor.default\">\n\t\t\t\t<div class=\"elementor-widget-container\">\n\t\t\t\t\t\t\t\t\t<p>W\u00e4hrend private K\u00e4ufer und Verk\u00e4ufer in der Regel nur in gr\u00f6\u00dferen Zeitabst\u00e4nden eine Auto Auktion in Anspruch nehmen, um das eigene Fahrzeug zu verkaufen bzw. ein Fahrzeug zu erwerben, nutzen immer mehr H\u00e4ndler den Auto Gro\u00dfhandel zur gezielten Erweiterung des Portfolios. Autok\u00e4ufer, die Wert darauf legen, das Fahrzeug von dem Kauf ausgiebig zu begutachten und Testfahrten durchzuf\u00fchren zu k\u00f6nnen, werden vor Auto Auktionen im Internet zur\u00fcckschrecken. H\u00e4ndler oder Autoh\u00e4user k\u00f6nnen bei Auto Auktionen jedoch mitunter Fahrzeuge zu deutlich g\u00fcnstigeren Preisen erhalten als beim H\u00e4ndler vor Ort. Hier muss jeder K\u00e4ufer seine Pr\u00e4ferenzen selbst setzen.<\/p>\t\t\t\t\t\t\t\t<\/div>\n\t\t\t\t<\/div>\n\t\t\t\t<div class=\"elementor-element elementor-element-171c6db elementor-widget elementor-widget-text-editor\" data-id=\"171c6db\" data-element_type=\"widget\" data-widget_type=\"text-editor.default\">\n\t\t\t\t<div class=\"elementor-widget-container\">\n\t\t\t\t\t\t\t\t\t<h2 class=\"text-center\">Wie l\u00e4sst sich beim kommerziellen Verkauf \/ Ankauf \u00fcber eine Auto Auktion im Gro\u00dfhandel Zeit und Geld sparen?<\/h2>\t\t\t\t\t\t\t\t<\/div>\n\t\t\t\t<\/div>\n\t\t\t\t<div class=\"elementor-element elementor-element-ca51b1d elementor-widget elementor-widget-text-editor\" data-id=\"ca51b1d\" data-element_type=\"widget\" data-widget_type=\"text-editor.default\">\n\t\t\t\t<div class=\"elementor-widget-container\">\n\t\t\t\t\t\t\t\t\t<p>Das Thema Auto Auktion wird f\u00fcr immer mehr H\u00e4ndler zu einem wichtigen Umsatzfaktor. Die M\u00f6glichkeiten, die der Zu- und Verkauf von Gebrauchtwagen im Gro\u00dfhandel bietet, \u00fcbersteigen eindeutig das Risiko, das mit dieser Handelsform verbunden ist. Schnelligkeit, Flexibilit\u00e4t und ein enormer Auswahlpool sind die Argumente, die eine professionelle Auto Auktion f\u00fcr H\u00e4ndler interessant machen. Aber selbstverst\u00e4ndlich muss auch jeder professionelle H\u00e4ndler anstreben, Risiken die mit dem Handel \u00fcber eine Auto Auktion verbunden sind, zu minimieren. Kommerzielle Verk\u00e4ufer bzw. K\u00e4ufer von Gebrauchtwagen k\u00f6nnen hier deutlich von einer seri\u00f6sen und gut aufgebauten Plattform wie pkwNOW profitieren. Durch guten Service, transparente Preise und ein breites Angebot der Auto Auktion bietet sich f\u00fcr H\u00e4ndler eine schnelle und einfache M\u00f6glichkeit des Zu- und Verkaufs von gebrauchten Fahrzeugen im Gro\u00dfhandel. Neben einer g\u00fcnstigen Preisgestaltung und einem umfassenden Service zeichnet die Plattform eine schnelle und professionelle Abwicklung und ausgezeichnete Kundenbetreuung aus.<\/p>\t\t\t\t\t\t\t\t<\/div>\n\t\t\t\t<\/div>\n\t\t\t\t<div class=\"elementor-element elementor-element-3cf939d elementor-widget elementor-widget-text-editor\" data-id=\"3cf939d\" data-element_type=\"widget\" data-widget_type=\"text-editor.default\">\n\t\t\t\t<div class=\"elementor-widget-container\">\n\t\t\t\t\t\t\t\t\t<h2>Wie l\u00e4uft eine Auto Auktion im Gro\u00dfhandel mit pkwNOW grunds\u00e4tzlich ab?<\/h2>\t\t\t\t\t\t\t\t<\/div>\n\t\t\t\t<\/div>\n\t\t\t\t<div class=\"elementor-element elementor-element-45f6d89 elementor-widget elementor-widget-text-editor\" data-id=\"45f6d89\" data-element_type=\"widget\" data-widget_type=\"text-editor.default\">\n\t\t\t\t<div class=\"elementor-widget-container\">\n\t\t\t\t\t\t\t\t\t<p>Am Anfang der Mitgliedschaft bei pkwNOW steht die Registrierung auf der Plattform als gewerblicher H\u00e4ndler. Nachdem alle erforderlichen Dokumente eingereicht worden sind, wird der Nutzer-Account umgehend freigeschaltet. Diese Registrierung f\u00fcr die Teilnahme an der Auto Auktion von pkwNOW ist kostenlos. Der neue Nutzer wird \u00fcber die Freischaltung per Email informiert. Als Mitglied von pkwNOW stehen diverse M\u00f6glichkeiten zum Erwerb und Verkauf von gebrauchten Fahrzeugen im Gro\u00dfhandel zur Verf\u00fcgung. Bei der Einstellung von Fahrzeugen zur Auto Auktion kann der Nutzer zwischen verschieden Arten der Inseratserstellung w\u00e4hlen. Auch beim Kauf von Fahrzeugen stehen unterschiedliche M\u00f6glichkeiten zur Verf\u00fcgung: Dynamische Auktionen, Verdeckte Auktionen und der Sofortkauf. Grunds\u00e4tzlich bietet pkwNOW seinen Nutzern die M\u00f6glichkeit, je nach Bedarf, Zeitkontingent und Gesch\u00e4ftsmodell, den Zu- und Verkauf von Gebrauchtwagen \u00f6konomisch und effizient abzuwickeln.<\/p>\t\t\t\t\t\t\t\t<\/div>\n\t\t\t\t<\/div>\n\t\t\t\t\t<\/div>\n\t\t<\/div>\n\t\t\t\t\t<\/div>\n\t\t<\/section>\n\t\t\t\t<\/div>\n\t\t","protected":false},"excerpt":{"rendered":"<p>Die innovative Auto Auktion f\u00fcr Profis Werden Sie mit pkwNOW zum professionellen Cartrader! Mit den Tools von Manheim Express haben Sie die M\u00f6glichkeit, im Gesch\u00e4ft mit Gebrauchtwagen richtig durchzustarten. Neue Softwarel\u00f6sungen und ein umfassender Service erm\u00f6glichen einen schnellen und m\u00fchelosen An- und Zukauf von Gebrauchtwagen im Gro\u00dfhandel. Manheim Express ist Ihre Auto Auktion nach Ma\u00df [&hellip;]<\/p>\n","protected":false},"author":7,"featured_media":0,"parent":11571,"menu_order":0,"comment_status":"closed","ping_status":"closed","template":"","meta":{"_acf_changed":false,"footnotes":""},"wf_page_folders":[156],"class_list":["post-16109","page","type-page","status-publish","hentry"],"acf":[],"yoast_head":"<!-- This site is optimized with the Yoast SEO plugin v25.8 - https:\/\/yoast.com\/wordpress\/plugins\/seo\/ -->\n<title>Auto Auktion im Gro\u00dfhandel - Manheim Express<\/title>\n<meta name=\"description\" content=\"Die innovative Auto Auktion f\u00fcr Profis: Werden Sie mit pkwNOW zum professionellen Cartrader und Starten Sie im Gebrauchtwagengesch\u00e4ft richtig durch!\" \/>\n<meta name=\"robots\" content=\"index, follow, max-snippet:-1, max-image-preview:large, max-video-preview:-1\" \/>\n<link rel=\"canonical\" href=\"https:\/\/www.manheim-express.eu\/de\/glossar\/auto-auktion-im-grosshandel-manheim-express\/\" \/>\n<meta property=\"og:locale\" content=\"de_DE\" \/>\n<meta property=\"og:type\" content=\"article\" \/>\n<meta property=\"og:title\" content=\"Auto Auktion im Gro\u00dfhandel - Manheim Express\" \/>\n<meta property=\"og:description\" content=\"Die innovative Auto Auktion f\u00fcr Profis: Werden Sie mit pkwNOW zum professionellen Cartrader und Starten Sie im Gebrauchtwagengesch\u00e4ft richtig durch!\" \/>\n<meta property=\"og:url\" content=\"https:\/\/www.manheim-express.eu\/de\/glossar\/auto-auktion-im-grosshandel-manheim-express\/\" \/>\n<meta property=\"og:site_name\" content=\"Manheim Express\" \/>\n<meta property=\"article:publisher\" content=\"https:\/\/www.facebook.com\/manheimexpresseurope\/\" \/>\n<meta property=\"article:modified_time\" content=\"2024-10-09T13:42:40+00:00\" \/>\n<meta property=\"og:image\" content=\"https:\/\/www.manheim-express.eu\/wp-content\/uploads\/2022\/11\/Manheim-Express-Estate-car.png\" \/>\n<meta name=\"twitter:card\" content=\"summary_large_image\" \/>\n<meta name=\"twitter:label1\" content=\"Gesch\u00e4tzte Lesezeit\" \/>\n\t<meta name=\"twitter:data1\" content=\"3\u00a0Minuten\" \/>\n<script type=\"application\/ld+json\" class=\"yoast-schema-graph\">{\"@context\":\"https:\/\/schema.org\",\"@graph\":[{\"@type\":\"WebPage\",\"@id\":\"https:\/\/www.manheim-express.eu\/de\/glossar\/auto-auktion-im-grosshandel-manheim-express\/\",\"url\":\"https:\/\/www.manheim-express.eu\/de\/glossar\/auto-auktion-im-grosshandel-manheim-express\/\",\"name\":\"Auto Auktion im Gro\u00dfhandel - Manheim Express\",\"isPartOf\":{\"@id\":\"https:\/\/www.manheim-express.eu\/de\/#website\"},\"primaryImageOfPage\":{\"@id\":\"https:\/\/www.manheim-express.eu\/de\/glossar\/auto-auktion-im-grosshandel-manheim-express\/#primaryimage\"},\"image\":{\"@id\":\"https:\/\/www.manheim-express.eu\/de\/glossar\/auto-auktion-im-grosshandel-manheim-express\/#primaryimage\"},\"thumbnailUrl\":\"https:\/\/www.manheim-express.eu\/wp-content\/uploads\/2022\/11\/Manheim-Express-Estate-car.png\",\"datePublished\":\"2024-01-15T13:51:34+00:00\",\"dateModified\":\"2024-10-09T13:42:40+00:00\",\"description\":\"Die innovative Auto Auktion f\u00fcr Profis: Werden Sie mit pkwNOW zum professionellen Cartrader und Starten Sie im Gebrauchtwagengesch\u00e4ft richtig durch!\",\"breadcrumb\":{\"@id\":\"https:\/\/www.manheim-express.eu\/de\/glossar\/auto-auktion-im-grosshandel-manheim-express\/#breadcrumb\"},\"inLanguage\":\"de\",\"potentialAction\":[{\"@type\":\"ReadAction\",\"target\":[\"https:\/\/www.manheim-express.eu\/de\/glossar\/auto-auktion-im-grosshandel-manheim-express\/\"]}]},{\"@type\":\"ImageObject\",\"inLanguage\":\"de\",\"@id\":\"https:\/\/www.manheim-express.eu\/de\/glossar\/auto-auktion-im-grosshandel-manheim-express\/#primaryimage\",\"url\":\"https:\/\/www.manheim-express.eu\/wp-content\/uploads\/2022\/11\/Manheim-Express-Estate-car.png\",\"contentUrl\":\"https:\/\/www.manheim-express.eu\/wp-content\/uploads\/2022\/11\/Manheim-Express-Estate-car.png\"},{\"@type\":\"BreadcrumbList\",\"@id\":\"https:\/\/www.manheim-express.eu\/de\/glossar\/auto-auktion-im-grosshandel-manheim-express\/#breadcrumb\",\"itemListElement\":[{\"@type\":\"ListItem\",\"position\":1,\"name\":\"Home\",\"item\":\"https:\/\/www.manheim-express.eu\/de\/\"},{\"@type\":\"ListItem\",\"position\":2,\"name\":\"Glossar\",\"item\":\"https:\/\/www.manheim-express.eu\/de\/glossar\/\"},{\"@type\":\"ListItem\",\"position\":3,\"name\":\"Auto Auktion im Gro\u00dfhandel\"}]},{\"@type\":\"WebSite\",\"@id\":\"https:\/\/www.manheim-express.eu\/de\/#website\",\"url\":\"https:\/\/www.manheim-express.eu\/de\/\",\"name\":\"Manheim Express\",\"description\":\"\",\"publisher\":{\"@id\":\"https:\/\/www.manheim-express.eu\/de\/#organization\"},\"potentialAction\":[{\"@type\":\"SearchAction\",\"target\":{\"@type\":\"EntryPoint\",\"urlTemplate\":\"https:\/\/www.manheim-express.eu\/de\/?s={search_term_string}\"},\"query-input\":{\"@type\":\"PropertyValueSpecification\",\"valueRequired\":true,\"valueName\":\"search_term_string\"}}],\"inLanguage\":\"de\"},{\"@type\":\"Organization\",\"@id\":\"https:\/\/www.manheim-express.eu\/de\/#organization\",\"name\":\"Manheim Express\",\"url\":\"https:\/\/www.manheim-express.eu\/de\/\",\"logo\":{\"@type\":\"ImageObject\",\"inLanguage\":\"de\",\"@id\":\"https:\/\/www.manheim-express.eu\/de\/#\/schema\/logo\/image\/\",\"url\":\"https:\/\/www.manheim-express.eu\/wp-content\/uploads\/2021\/07\/manheim-express-logo-light.png\",\"contentUrl\":\"https:\/\/www.manheim-express.eu\/wp-content\/uploads\/2021\/07\/manheim-express-logo-light.png\",\"width\":1163,\"height\":392,\"caption\":\"Manheim Express\"},\"image\":{\"@id\":\"https:\/\/www.manheim-express.eu\/de\/#\/schema\/logo\/image\/\"},\"sameAs\":[\"https:\/\/www.facebook.com\/manheimexpresseurope\/\",\"https:\/\/www.instagram.com\/manheim.express\",\"https:\/\/www.linkedin.com\/company\/manheim-express\/\",\"https:\/\/www.youtube.com\/channel\/UCRKJajJPvJv-ao7Tk7qra5Q\/\"]}]}<\/script>\n<!-- \/ Yoast SEO plugin. -->","yoast_head_json":{"title":"Auto Auktion im Gro\u00dfhandel - Manheim Express","description":"Die innovative Auto Auktion f\u00fcr Profis: Werden Sie mit pkwNOW zum professionellen Cartrader und Starten Sie im Gebrauchtwagengesch\u00e4ft richtig durch!","robots":{"index":"index","follow":"follow","max-snippet":"max-snippet:-1","max-image-preview":"max-image-preview:large","max-video-preview":"max-video-preview:-1"},"canonical":"https:\/\/www.manheim-express.eu\/de\/glossar\/auto-auktion-im-grosshandel-manheim-express\/","og_locale":"de_DE","og_type":"article","og_title":"Auto Auktion im Gro\u00dfhandel - Manheim Express","og_description":"Die innovative Auto Auktion f\u00fcr Profis: Werden Sie mit pkwNOW zum professionellen Cartrader und Starten Sie im Gebrauchtwagengesch\u00e4ft richtig durch!","og_url":"https:\/\/www.manheim-express.eu\/de\/glossar\/auto-auktion-im-grosshandel-manheim-express\/","og_site_name":"Manheim Express","article_publisher":"https:\/\/www.facebook.com\/manheimexpresseurope\/","article_modified_time":"2024-10-09T13:42:40+00:00","og_image":[{"url":"https:\/\/www.manheim-express.eu\/wp-content\/uploads\/2022\/11\/Manheim-Express-Estate-car.png","type":"","width":"","height":""}],"twitter_card":"summary_large_image","twitter_misc":{"Gesch\u00e4tzte Lesezeit":"3\u00a0Minuten"},"schema":{"@context":"https:\/\/schema.org","@graph":[{"@type":"WebPage","@id":"https:\/\/www.manheim-express.eu\/de\/glossar\/auto-auktion-im-grosshandel-manheim-express\/","url":"https:\/\/www.manheim-express.eu\/de\/glossar\/auto-auktion-im-grosshandel-manheim-express\/","name":"Auto Auktion im Gro\u00dfhandel - Manheim Express","isPartOf":{"@id":"https:\/\/www.manheim-express.eu\/de\/#website"},"primaryImageOfPage":{"@id":"https:\/\/www.manheim-express.eu\/de\/glossar\/auto-auktion-im-grosshandel-manheim-express\/#primaryimage"},"image":{"@id":"https:\/\/www.manheim-express.eu\/de\/glossar\/auto-auktion-im-grosshandel-manheim-express\/#primaryimage"},"thumbnailUrl":"https:\/\/www.manheim-express.eu\/wp-content\/uploads\/2022\/11\/Manheim-Express-Estate-car.png","datePublished":"2024-01-15T13:51:34+00:00","dateModified":"2024-10-09T13:42:40+00:00","description":"Die innovative Auto Auktion f\u00fcr Profis: Werden Sie mit pkwNOW zum professionellen Cartrader und Starten Sie im Gebrauchtwagengesch\u00e4ft richtig durch!","breadcrumb":{"@id":"https:\/\/www.manheim-express.eu\/de\/glossar\/auto-auktion-im-grosshandel-manheim-express\/#breadcrumb"},"inLanguage":"de","potentialAction":[{"@type":"ReadAction","target":["https:\/\/www.manheim-express.eu\/de\/glossar\/auto-auktion-im-grosshandel-manheim-express\/"]}]},{"@type":"ImageObject","inLanguage":"de","@id":"https:\/\/www.manheim-express.eu\/de\/glossar\/auto-auktion-im-grosshandel-manheim-express\/#primaryimage","url":"https:\/\/www.manheim-express.eu\/wp-content\/uploads\/2022\/11\/Manheim-Express-Estate-car.png","contentUrl":"https:\/\/www.manheim-express.eu\/wp-content\/uploads\/2022\/11\/Manheim-Express-Estate-car.png"},{"@type":"BreadcrumbList","@id":"https:\/\/www.manheim-express.eu\/de\/glossar\/auto-auktion-im-grosshandel-manheim-express\/#breadcrumb","itemListElement":[{"@type":"ListItem","position":1,"name":"Home","item":"https:\/\/www.manheim-express.eu\/de\/"},{"@type":"ListItem","position":2,"name":"Glossar","item":"https:\/\/www.manheim-express.eu\/de\/glossar\/"},{"@type":"ListItem","position":3,"name":"Auto Auktion im Gro\u00dfhandel"}]},{"@type":"WebSite","@id":"https:\/\/www.manheim-express.eu\/de\/#website","url":"https:\/\/www.manheim-express.eu\/de\/","name":"Manheim Express","description":"","publisher":{"@id":"https:\/\/www.manheim-express.eu\/de\/#organization"},"potentialAction":[{"@type":"SearchAction","target":{"@type":"EntryPoint","urlTemplate":"https:\/\/www.manheim-express.eu\/de\/?s={search_term_string}"},"query-input":{"@type":"PropertyValueSpecification","valueRequired":true,"valueName":"search_term_string"}}],"inLanguage":"de"},{"@type":"Organization","@id":"https:\/\/www.manheim-express.eu\/de\/#organization","name":"Manheim Express","url":"https:\/\/www.manheim-express.eu\/de\/","logo":{"@type":"ImageObject","inLanguage":"de","@id":"https:\/\/www.manheim-express.eu\/de\/#\/schema\/logo\/image\/","url":"https:\/\/www.manheim-express.eu\/wp-content\/uploads\/2021\/07\/manheim-express-logo-light.png","contentUrl":"https:\/\/www.manheim-express.eu\/wp-content\/uploads\/2021\/07\/manheim-express-logo-light.png","width":1163,"height":392,"caption":"Manheim Express"},"image":{"@id":"https:\/\/www.manheim-express.eu\/de\/#\/schema\/logo\/image\/"},"sameAs":["https:\/\/www.facebook.com\/manheimexpresseurope\/","https:\/\/www.instagram.com\/manheim.express","https:\/\/www.linkedin.com\/company\/manheim-express\/","https:\/\/www.youtube.com\/channel\/UCRKJajJPvJv-ao7Tk7qra5Q\/"]}]}},"_links":{"self":[{"href":"https:\/\/www.manheim-express.eu\/de\/wp-json\/wp\/v2\/pages\/16109","targetHints":{"allow":["GET"]}}],"collection":[{"href":"https:\/\/www.manheim-express.eu\/de\/wp-json\/wp\/v2\/pages"}],"about":[{"href":"https:\/\/www.manheim-express.eu\/de\/wp-json\/wp\/v2\/types\/page"}],"author":[{"embeddable":true,"href":"https:\/\/www.manheim-express.eu\/de\/wp-json\/wp\/v2\/users\/7"}],"replies":[{"embeddable":true,"href":"https:\/\/www.manheim-express.eu\/de\/wp-json\/wp\/v2\/comments?post=16109"}],"version-history":[{"count":10,"href":"https:\/\/www.manheim-express.eu\/de\/wp-json\/wp\/v2\/pages\/16109\/revisions"}],"predecessor-version":[{"id":16119,"href":"https:\/\/www.manheim-express.eu\/de\/wp-json\/wp\/v2\/pages\/16109\/revisions\/16119"}],"up":[{"embeddable":true,"href":"https:\/\/www.manheim-express.eu\/de\/wp-json\/wp\/v2\/pages\/11571"}],"wp:attachment":[{"href":"https:\/\/www.manheim-express.eu\/de\/wp-json\/wp\/v2\/media?parent=16109"}],"wp:term":[{"taxonomy":"wf_page_folders","embeddable":true,"href":"https:\/\/www.manheim-express.eu\/de\/wp-json\/wp\/v2\/wf_page_folders?post=16109"}],"curies":[{"name":"wp","href":"https:\/\/api.w.org\/{rel}","templated":true}]}}